{"id":18,"date":"2018-06-26T11:09:29","date_gmt":"2018-06-26T09:09:29","guid":{"rendered":"https:\/\/wm.pb.edu.pl\/alios\/?page_id=18"},"modified":"2025-04-02T00:32:23","modified_gmt":"2025-04-01T22:32:23","slug":"o-nas","status":"publish","type":"page","link":"https:\/\/wm.pb.edu.pl\/alios\/o-nas\/","title":{"rendered":"O nas"},"content":{"rendered":"<div class=\"row\">\n<div class=\"col-sm-8\">\nAlios to co\u015b wi\u0119cej ni\u017c ko\u0142o naukowe &#8211; to wsp\u00f3lnota student\u00f3w z pasj\u0105 do technologii i nauki. Jeste\u015bmy zespo\u0142em, kt\u00f3ry dzia\u0142a z my\u015bl\u0105 o przysz\u0142o\u015bci, realizuj\u0105c projekty z zakresu robotyki, automatyki i in\u017cynierii biomedycznej. Nasze dzia\u0142ania opieraj\u0105 si\u0119 na wiedzy, wyobra\u017ani i determinacji, co pozwala nam realizowa\u0107 nawet najbardziej wymagaj\u0105ce pomys\u0142y. Wierzymy, \u017ce technologia ma moc zmieniania \u015bwiata, dlatego nieustannie podejmujemy wyzwania, kt\u00f3re innym wydaj\u0105 si\u0119 nieosi\u0105galne. W Alios wiemy, \u017ce nie ma rzeczy niemo\u017cliwych, s\u0105 tylko takie, kt\u00f3rych jeszcze nie umiemy wykona\u0107!<\/p>\n<p>Je\u015bli masz do nas jakiekolwiek pytania, propozycje lub chcesz do nas do\u0142\u0105czy\u0107 &#8211; <a href=\"https:\/\/wm.pb.edu.pl\/alios\/kontakt\/\" title=\"Kontakt\">skontaktuj si\u0119 z nami<\/a>!<br \/>\n<\/div>\n<div class=\"col-sm-4\">\n<img loading=\"lazy\" decoding=\"async\" src=\"https:\/\/wm.pb.edu.pl\/alios\/wp-content\/uploads\/sites\/30\/2025\/04\/o-nas_800x800.png\" alt=\"Ikonka o nas\" width=\"800\" height=\"800\" class=\"aligncenter size-full wp-image-839\" srcset=\"https:\/\/wm.pb.edu.pl\/alios\/wp-content\/uploads\/sites\/30\/2025\/04\/o-nas_800x800.png 800w, https:\/\/wm.pb.edu.pl\/alios\/wp-content\/uploads\/sites\/30\/2025\/04\/o-nas_800x800-300x300.png 300w, https:\/\/wm.pb.edu.pl\/alios\/wp-content\/uploads\/sites\/30\/2025\/04\/o-nas_800x800-150x150.png 150w, https:\/\/wm.pb.edu.pl\/alios\/wp-content\/uploads\/sites\/30\/2025\/04\/o-nas_800x800-768x768.png 768w\" sizes=\"auto, (max-width: 800px) 100vw, 800px\" \/><br \/>\n<\/div>\n<\/div>\n","protected":false},"excerpt":{"rendered":"","protected":false},"author":14,"featured_media":841,"parent":0,"menu_order":1,"comment_status":"closed","ping_status":"closed","template":"","meta":{"inline_featured_image":false,"ngg_post_thumbnail":0,"footnotes":""},"class_list":["post-18","page","type-page","status-publish","has-post-thumbnail","hentry"],"acf":[],"yoast_head":"<!-- This site is optimized with the Yoast SEO plugin v26.4 - https:\/\/yoast.com\/wordpress\/plugins\/seo\/ -->\n<title>O nas - Ko\u0142o Naukowe Alios<\/title>\n<meta name=\"description\" content=\"Alios to co\u015b wi\u0119cej ni\u017c ko\u0142o naukowe - to wsp\u00f3lnota student\u00f3w z pasj\u0105 do technologii i nauki. Dzia\u0142amy z my\u015bl\u0105 o przysz\u0142o\u015bci!\" \/>\n<meta name=\"robots\" content=\"index, follow, max-snippet:-1, max-image-preview:large, max-video-preview:-1\" \/>\n<link rel=\"canonical\" href=\"https:\/\/wm.pb.edu.pl\/alios\/o-nas\/\" \/>\n<meta property=\"og:locale\" content=\"pl_PL\" \/>\n<meta property=\"og:type\" content=\"article\" \/>\n<meta property=\"og:title\" content=\"O nas - Ko\u0142o Naukowe Alios\" \/>\n<meta property=\"og:description\" content=\"Alios to co\u015b wi\u0119cej ni\u017c ko\u0142o naukowe - to wsp\u00f3lnota student\u00f3w z pasj\u0105 do technologii i nauki. Dzia\u0142amy z my\u015bl\u0105 o przysz\u0142o\u015bci!\" \/>\n<meta property=\"og:url\" content=\"https:\/\/wm.pb.edu.pl\/alios\/o-nas\/\" \/>\n<meta property=\"og:site_name\" content=\"Ko\u0142o Naukowe Alios\" \/>\n<meta property=\"article:modified_time\" content=\"2025-04-01T22:32:23+00:00\" \/>\n<meta property=\"og:image\" content=\"https:\/\/wm.pb.edu.pl\/alios\/wp-content\/uploads\/sites\/30\/2025\/04\/alios-logo-sygnet.png\" \/>\n\t<meta property=\"og:image:width\" content=\"754\" \/>\n\t<meta property=\"og:image:height\" content=\"754\" \/>\n\t<meta property=\"og:image:type\" content=\"image\/png\" \/>\n<meta name=\"twitter:card\" content=\"summary_large_image\" \/>\n<meta name=\"twitter:label1\" content=\"Szacowany czas czytania\" \/>\n\t<meta name=\"twitter:data1\" content=\"2 minuty\" \/>\n<script type=\"application\/ld+json\" class=\"yoast-schema-graph\">{\"@context\":\"https:\/\/schema.org\",\"@graph\":[{\"@type\":\"WebPage\",\"@id\":\"https:\/\/wm.pb.edu.pl\/alios\/o-nas\/\",\"url\":\"https:\/\/wm.pb.edu.pl\/alios\/o-nas\/\",\"name\":\"O nas - Ko\u0142o Naukowe Alios\",\"isPartOf\":{\"@id\":\"https:\/\/wm.pb.edu.pl\/alios\/#website\"},\"primaryImageOfPage\":{\"@id\":\"https:\/\/wm.pb.edu.pl\/alios\/o-nas\/#primaryimage\"},\"image\":{\"@id\":\"https:\/\/wm.pb.edu.pl\/alios\/o-nas\/#primaryimage\"},\"thumbnailUrl\":\"https:\/\/wm.pb.edu.pl\/alios\/wp-content\/uploads\/sites\/30\/2025\/04\/alios-logo-sygnet.png\",\"datePublished\":\"2018-06-26T09:09:29+00:00\",\"dateModified\":\"2025-04-01T22:32:23+00:00\",\"description\":\"Alios to co\u015b wi\u0119cej ni\u017c ko\u0142o naukowe - to wsp\u00f3lnota student\u00f3w z pasj\u0105 do technologii i nauki. Dzia\u0142amy z my\u015bl\u0105 o przysz\u0142o\u015bci!\",\"breadcrumb\":{\"@id\":\"https:\/\/wm.pb.edu.pl\/alios\/o-nas\/#breadcrumb\"},\"inLanguage\":\"pl-PL\",\"potentialAction\":[{\"@type\":\"ReadAction\",\"target\":[\"https:\/\/wm.pb.edu.pl\/alios\/o-nas\/\"]}]},{\"@type\":\"ImageObject\",\"inLanguage\":\"pl-PL\",\"@id\":\"https:\/\/wm.pb.edu.pl\/alios\/o-nas\/#primaryimage\",\"url\":\"https:\/\/wm.pb.edu.pl\/alios\/wp-content\/uploads\/sites\/30\/2025\/04\/alios-logo-sygnet.png\",\"contentUrl\":\"https:\/\/wm.pb.edu.pl\/alios\/wp-content\/uploads\/sites\/30\/2025\/04\/alios-logo-sygnet.png\",\"width\":754,\"height\":754},{\"@type\":\"BreadcrumbList\",\"@id\":\"https:\/\/wm.pb.edu.pl\/alios\/o-nas\/#breadcrumb\",\"itemListElement\":[{\"@type\":\"ListItem\",\"position\":1,\"name\":\"Strona g\u0142\u00f3wna\",\"item\":\"https:\/\/wm.pb.edu.pl\/alios\/\"},{\"@type\":\"ListItem\",\"position\":2,\"name\":\"O nas\"}]},{\"@type\":\"WebSite\",\"@id\":\"https:\/\/wm.pb.edu.pl\/alios\/#website\",\"url\":\"https:\/\/wm.pb.edu.pl\/alios\/\",\"name\":\"Ko\u0142o Naukowe Alios\",\"description\":\"\",\"potentialAction\":[{\"@type\":\"SearchAction\",\"target\":{\"@type\":\"EntryPoint\",\"urlTemplate\":\"https:\/\/wm.pb.edu.pl\/alios\/?s={search_term_string}\"},\"query-input\":{\"@type\":\"PropertyValueSpecification\",\"valueRequired\":true,\"valueName\":\"search_term_string\"}}],\"inLanguage\":\"pl-PL\"}]}<\/script>\n<!-- \/ Yoast SEO plugin. -->","yoast_head_json":{"title":"O nas - Ko\u0142o Naukowe Alios","description":"Alios to co\u015b wi\u0119cej ni\u017c ko\u0142o naukowe - to wsp\u00f3lnota student\u00f3w z pasj\u0105 do technologii i nauki. Dzia\u0142amy z my\u015bl\u0105 o przysz\u0142o\u015bci!","robots":{"index":"index","follow":"follow","max-snippet":"max-snippet:-1","max-image-preview":"max-image-preview:large","max-video-preview":"max-video-preview:-1"},"canonical":"https:\/\/wm.pb.edu.pl\/alios\/o-nas\/","og_locale":"pl_PL","og_type":"article","og_title":"O nas - Ko\u0142o Naukowe Alios","og_description":"Alios to co\u015b wi\u0119cej ni\u017c ko\u0142o naukowe - to wsp\u00f3lnota student\u00f3w z pasj\u0105 do technologii i nauki. Dzia\u0142amy z my\u015bl\u0105 o przysz\u0142o\u015bci!","og_url":"https:\/\/wm.pb.edu.pl\/alios\/o-nas\/","og_site_name":"Ko\u0142o Naukowe Alios","article_modified_time":"2025-04-01T22:32:23+00:00","og_image":[{"width":754,"height":754,"url":"https:\/\/wm.pb.edu.pl\/alios\/wp-content\/uploads\/sites\/30\/2025\/04\/alios-logo-sygnet.png","type":"image\/png"}],"twitter_card":"summary_large_image","twitter_misc":{"Szacowany czas czytania":"2 minuty"},"schema":{"@context":"https:\/\/schema.org","@graph":[{"@type":"WebPage","@id":"https:\/\/wm.pb.edu.pl\/alios\/o-nas\/","url":"https:\/\/wm.pb.edu.pl\/alios\/o-nas\/","name":"O nas - Ko\u0142o Naukowe Alios","isPartOf":{"@id":"https:\/\/wm.pb.edu.pl\/alios\/#website"},"primaryImageOfPage":{"@id":"https:\/\/wm.pb.edu.pl\/alios\/o-nas\/#primaryimage"},"image":{"@id":"https:\/\/wm.pb.edu.pl\/alios\/o-nas\/#primaryimage"},"thumbnailUrl":"https:\/\/wm.pb.edu.pl\/alios\/wp-content\/uploads\/sites\/30\/2025\/04\/alios-logo-sygnet.png","datePublished":"2018-06-26T09:09:29+00:00","dateModified":"2025-04-01T22:32:23+00:00","description":"Alios to co\u015b wi\u0119cej ni\u017c ko\u0142o naukowe - to wsp\u00f3lnota student\u00f3w z pasj\u0105 do technologii i nauki. Dzia\u0142amy z my\u015bl\u0105 o przysz\u0142o\u015bci!","breadcrumb":{"@id":"https:\/\/wm.pb.edu.pl\/alios\/o-nas\/#breadcrumb"},"inLanguage":"pl-PL","potentialAction":[{"@type":"ReadAction","target":["https:\/\/wm.pb.edu.pl\/alios\/o-nas\/"]}]},{"@type":"ImageObject","inLanguage":"pl-PL","@id":"https:\/\/wm.pb.edu.pl\/alios\/o-nas\/#primaryimage","url":"https:\/\/wm.pb.edu.pl\/alios\/wp-content\/uploads\/sites\/30\/2025\/04\/alios-logo-sygnet.png","contentUrl":"https:\/\/wm.pb.edu.pl\/alios\/wp-content\/uploads\/sites\/30\/2025\/04\/alios-logo-sygnet.png","width":754,"height":754},{"@type":"BreadcrumbList","@id":"https:\/\/wm.pb.edu.pl\/alios\/o-nas\/#breadcrumb","itemListElement":[{"@type":"ListItem","position":1,"name":"Strona g\u0142\u00f3wna","item":"https:\/\/wm.pb.edu.pl\/alios\/"},{"@type":"ListItem","position":2,"name":"O nas"}]},{"@type":"WebSite","@id":"https:\/\/wm.pb.edu.pl\/alios\/#website","url":"https:\/\/wm.pb.edu.pl\/alios\/","name":"Ko\u0142o Naukowe Alios","description":"","potentialAction":[{"@type":"SearchAction","target":{"@type":"EntryPoint","urlTemplate":"https:\/\/wm.pb.edu.pl\/alios\/?s={search_term_string}"},"query-input":{"@type":"PropertyValueSpecification","valueRequired":true,"valueName":"search_term_string"}}],"inLanguage":"pl-PL"}]}},"_links":{"self":[{"href":"https:\/\/wm.pb.edu.pl\/alios\/wp-json\/wp\/v2\/pages\/18","targetHints":{"allow":["GET"]}}],"collection":[{"href":"https:\/\/wm.pb.edu.pl\/alios\/wp-json\/wp\/v2\/pages"}],"about":[{"href":"https:\/\/wm.pb.edu.pl\/alios\/wp-json\/wp\/v2\/types\/page"}],"author":[{"embeddable":true,"href":"https:\/\/wm.pb.edu.pl\/alios\/wp-json\/wp\/v2\/users\/14"}],"replies":[{"embeddable":true,"href":"https:\/\/wm.pb.edu.pl\/alios\/wp-json\/wp\/v2\/comments?post=18"}],"version-history":[{"count":14,"href":"https:\/\/wm.pb.edu.pl\/alios\/wp-json\/wp\/v2\/pages\/18\/revisions"}],"predecessor-version":[{"id":836,"href":"https:\/\/wm.pb.edu.pl\/alios\/wp-json\/wp\/v2\/pages\/18\/revisions\/836"}],"wp:featuredmedia":[{"embeddable":true,"href":"https:\/\/wm.pb.edu.pl\/alios\/wp-json\/wp\/v2\/media\/841"}],"wp:attachment":[{"href":"https:\/\/wm.pb.edu.pl\/alios\/wp-json\/wp\/v2\/media?parent=18"}],"curies":[{"name":"wp","href":"https:\/\/api.w.org\/{rel}","templated":true}]}}