{"id":26,"date":"2018-06-26T11:17:00","date_gmt":"2018-06-26T09:17:00","guid":{"rendered":"https:\/\/wm.pb.edu.pl\/alios\/?page_id=26"},"modified":"2026-03-09T21:04:55","modified_gmt":"2026-03-09T20:04:55","slug":"zespol","status":"publish","type":"page","link":"https:\/\/wm.pb.edu.pl\/alios\/zespol\/","title":{"rendered":"Zesp\u00f3\u0142"},"content":{"rendered":"<p>Strona w budowie. Zapraszamy wkr\u00f3tce<\/p>\n","protected":false},"excerpt":{"rendered":"<p>Strona w budowie. Zapraszamy wkr\u00f3tce<\/p>\n","protected":false},"author":14,"featured_media":0,"parent":0,"menu_order":2,"comment_status":"closed","ping_status":"closed","template":"","meta":{"inline_featured_image":false,"ngg_post_thumbnail":0,"footnotes":""},"class_list":["post-26","page","type-page","status-publish","hentry"],"acf":[],"yoast_head":"<!-- This site is optimized with the Yoast SEO plugin v26.4 - https:\/\/yoast.com\/wordpress\/plugins\/seo\/ -->\n<title>Zesp\u00f3\u0142 - Ko\u0142o Naukowe Alios<\/title>\n<meta name=\"description\" content=\"Tworzymy grup\u0119 ludzi, kt\u00f3rych \u0142\u0105czy mi\u0142o\u015b\u0107 do nauki i technologii. Ka\u017cdy z nas wnosi do zespo\u0142u co\u015b wyj\u0105tkowego...\" \/>\n<meta name=\"robots\" content=\"index, follow, max-snippet:-1, max-image-preview:large, max-video-preview:-1\" \/>\n<link rel=\"canonical\" href=\"https:\/\/wm.pb.edu.pl\/alios\/zespol\/\" \/>\n<meta property=\"og:locale\" content=\"pl_PL\" \/>\n<meta property=\"og:type\" content=\"article\" \/>\n<meta property=\"og:title\" content=\"Zesp\u00f3\u0142 - Ko\u0142o Naukowe Alios\" \/>\n<meta property=\"og:description\" content=\"Tworzymy grup\u0119 ludzi, kt\u00f3rych \u0142\u0105czy mi\u0142o\u015b\u0107 do nauki i technologii. Ka\u017cdy z nas wnosi do zespo\u0142u co\u015b wyj\u0105tkowego...\" \/>\n<meta property=\"og:url\" content=\"https:\/\/wm.pb.edu.pl\/alios\/zespol\/\" \/>\n<meta property=\"og:site_name\" content=\"Ko\u0142o Naukowe Alios\" \/>\n<meta property=\"article:modified_time\" content=\"2026-03-09T20:04:55+00:00\" \/>\n<meta name=\"twitter:card\" content=\"summary_large_image\" \/>\n<meta name=\"twitter:label1\" content=\"Szacowany czas czytania\" \/>\n\t<meta name=\"twitter:data1\" content=\"5 minut\" \/>\n<script type=\"application\/ld+json\" class=\"yoast-schema-graph\">{\"@context\":\"https:\/\/schema.org\",\"@graph\":[{\"@type\":\"WebPage\",\"@id\":\"https:\/\/wm.pb.edu.pl\/alios\/zespol\/\",\"url\":\"https:\/\/wm.pb.edu.pl\/alios\/zespol\/\",\"name\":\"Zesp\u00f3\u0142 - Ko\u0142o Naukowe Alios\",\"isPartOf\":{\"@id\":\"https:\/\/wm.pb.edu.pl\/alios\/#website\"},\"datePublished\":\"2018-06-26T09:17:00+00:00\",\"dateModified\":\"2026-03-09T20:04:55+00:00\",\"description\":\"Tworzymy grup\u0119 ludzi, kt\u00f3rych \u0142\u0105czy mi\u0142o\u015b\u0107 do nauki i technologii. Ka\u017cdy z nas wnosi do zespo\u0142u co\u015b wyj\u0105tkowego...\",\"breadcrumb\":{\"@id\":\"https:\/\/wm.pb.edu.pl\/alios\/zespol\/#breadcrumb\"},\"inLanguage\":\"pl-PL\",\"potentialAction\":[{\"@type\":\"ReadAction\",\"target\":[\"https:\/\/wm.pb.edu.pl\/alios\/zespol\/\"]}]},{\"@type\":\"BreadcrumbList\",\"@id\":\"https:\/\/wm.pb.edu.pl\/alios\/zespol\/#breadcrumb\",\"itemListElement\":[{\"@type\":\"ListItem\",\"position\":1,\"name\":\"Strona g\u0142\u00f3wna\",\"item\":\"https:\/\/wm.pb.edu.pl\/alios\/\"},{\"@type\":\"ListItem\",\"position\":2,\"name\":\"Zesp\u00f3\u0142\"}]},{\"@type\":\"WebSite\",\"@id\":\"https:\/\/wm.pb.edu.pl\/alios\/#website\",\"url\":\"https:\/\/wm.pb.edu.pl\/alios\/\",\"name\":\"Ko\u0142o Naukowe Alios\",\"description\":\"\",\"potentialAction\":[{\"@type\":\"SearchAction\",\"target\":{\"@type\":\"EntryPoint\",\"urlTemplate\":\"https:\/\/wm.pb.edu.pl\/alios\/?s={search_term_string}\"},\"query-input\":{\"@type\":\"PropertyValueSpecification\",\"valueRequired\":true,\"valueName\":\"search_term_string\"}}],\"inLanguage\":\"pl-PL\"}]}<\/script>\n<!-- \/ Yoast SEO plugin. -->","yoast_head_json":{"title":"Zesp\u00f3\u0142 - Ko\u0142o Naukowe Alios","description":"Tworzymy grup\u0119 ludzi, kt\u00f3rych \u0142\u0105czy mi\u0142o\u015b\u0107 do nauki i technologii. Ka\u017cdy z nas wnosi do zespo\u0142u co\u015b wyj\u0105tkowego...","robots":{"index":"index","follow":"follow","max-snippet":"max-snippet:-1","max-image-preview":"max-image-preview:large","max-video-preview":"max-video-preview:-1"},"canonical":"https:\/\/wm.pb.edu.pl\/alios\/zespol\/","og_locale":"pl_PL","og_type":"article","og_title":"Zesp\u00f3\u0142 - Ko\u0142o Naukowe Alios","og_description":"Tworzymy grup\u0119 ludzi, kt\u00f3rych \u0142\u0105czy mi\u0142o\u015b\u0107 do nauki i technologii. Ka\u017cdy z nas wnosi do zespo\u0142u co\u015b wyj\u0105tkowego...","og_url":"https:\/\/wm.pb.edu.pl\/alios\/zespol\/","og_site_name":"Ko\u0142o Naukowe Alios","article_modified_time":"2026-03-09T20:04:55+00:00","twitter_card":"summary_large_image","twitter_misc":{"Szacowany czas czytania":"5 minut"},"schema":{"@context":"https:\/\/schema.org","@graph":[{"@type":"WebPage","@id":"https:\/\/wm.pb.edu.pl\/alios\/zespol\/","url":"https:\/\/wm.pb.edu.pl\/alios\/zespol\/","name":"Zesp\u00f3\u0142 - Ko\u0142o Naukowe Alios","isPartOf":{"@id":"https:\/\/wm.pb.edu.pl\/alios\/#website"},"datePublished":"2018-06-26T09:17:00+00:00","dateModified":"2026-03-09T20:04:55+00:00","description":"Tworzymy grup\u0119 ludzi, kt\u00f3rych \u0142\u0105czy mi\u0142o\u015b\u0107 do nauki i technologii. Ka\u017cdy z nas wnosi do zespo\u0142u co\u015b wyj\u0105tkowego...","breadcrumb":{"@id":"https:\/\/wm.pb.edu.pl\/alios\/zespol\/#breadcrumb"},"inLanguage":"pl-PL","potentialAction":[{"@type":"ReadAction","target":["https:\/\/wm.pb.edu.pl\/alios\/zespol\/"]}]},{"@type":"BreadcrumbList","@id":"https:\/\/wm.pb.edu.pl\/alios\/zespol\/#breadcrumb","itemListElement":[{"@type":"ListItem","position":1,"name":"Strona g\u0142\u00f3wna","item":"https:\/\/wm.pb.edu.pl\/alios\/"},{"@type":"ListItem","position":2,"name":"Zesp\u00f3\u0142"}]},{"@type":"WebSite","@id":"https:\/\/wm.pb.edu.pl\/alios\/#website","url":"https:\/\/wm.pb.edu.pl\/alios\/","name":"Ko\u0142o Naukowe Alios","description":"","potentialAction":[{"@type":"SearchAction","target":{"@type":"EntryPoint","urlTemplate":"https:\/\/wm.pb.edu.pl\/alios\/?s={search_term_string}"},"query-input":{"@type":"PropertyValueSpecification","valueRequired":true,"valueName":"search_term_string"}}],"inLanguage":"pl-PL"}]}},"_links":{"self":[{"href":"https:\/\/wm.pb.edu.pl\/alios\/wp-json\/wp\/v2\/pages\/26","targetHints":{"allow":["GET"]}}],"collection":[{"href":"https:\/\/wm.pb.edu.pl\/alios\/wp-json\/wp\/v2\/pages"}],"about":[{"href":"https:\/\/wm.pb.edu.pl\/alios\/wp-json\/wp\/v2\/types\/page"}],"author":[{"embeddable":true,"href":"https:\/\/wm.pb.edu.pl\/alios\/wp-json\/wp\/v2\/users\/14"}],"replies":[{"embeddable":true,"href":"https:\/\/wm.pb.edu.pl\/alios\/wp-json\/wp\/v2\/comments?post=26"}],"version-history":[{"count":24,"href":"https:\/\/wm.pb.edu.pl\/alios\/wp-json\/wp\/v2\/pages\/26\/revisions"}],"predecessor-version":[{"id":847,"href":"https:\/\/wm.pb.edu.pl\/alios\/wp-json\/wp\/v2\/pages\/26\/revisions\/847"}],"wp:attachment":[{"href":"https:\/\/wm.pb.edu.pl\/alios\/wp-json\/wp\/v2\/media?parent=26"}],"curies":[{"name":"wp","href":"https:\/\/api.w.org\/{rel}","templated":true}]}}