{"id":32,"date":"2018-06-26T11:24:04","date_gmt":"2018-06-26T09:24:04","guid":{"rendered":"https:\/\/wm.pb.edu.pl\/alios\/?page_id=32"},"modified":"2024-04-18T10:33:34","modified_gmt":"2024-04-18T08:33:34","slug":"projekty","status":"publish","type":"page","link":"https:\/\/wm.pb.edu.pl\/alios\/projekty\/","title":{"rendered":"Projekty"},"content":{"rendered":"  <div class=\"box news-box\">\r\n    <div class=\"row\">\r\n      <!--Array\n(\n    [post_type] => projects\n    [paged] => 1\n    [orderby] => Array\n        (\n            [meta_value_num] => DESC\n            [date] => DESC\n        )\n\n    [meta_query] => Array\n        (\n            [relation] => OR\n            [0] => Array\n                (\n                    [key] => on_top\n                    [compare] => NOT EXISTS\n                )\n\n            [1] => Array\n                (\n                    [key] => on_top\n                )\n\n        )\n\n)\n-->\r\n                        <div class=\"col-sm-3\">\r\n            <article class=\"format-standard\">\n    <span class=\"date text-right\"><i class=\"fa fa-calendar\"><\/i> 20-10-2025<\/span>\n    <a href=\"https:\/\/wm.pb.edu.pl\/alios\/projekt\/konkurs-roboquest\/\">\n      <div class=\"article-image\">\n        <img loading=\"lazy\" decoding=\"async\" width=\"480\" height=\"320\" src=\"https:\/\/wm.pb.edu.pl\/alios\/wp-content\/uploads\/sites\/30\/2025\/10\/strona-ogloszenie-konkursu-480x320.png\" class=\"attachment-hp-box-size size-hp-box-size wp-post-image\" alt=\"\" srcset=\"https:\/\/wm.pb.edu.pl\/alios\/wp-content\/uploads\/sites\/30\/2025\/10\/strona-ogloszenie-konkursu-480x320.png 480w, https:\/\/wm.pb.edu.pl\/alios\/wp-content\/uploads\/sites\/30\/2025\/10\/strona-ogloszenie-konkursu-300x200.png 300w, https:\/\/wm.pb.edu.pl\/alios\/wp-content\/uploads\/sites\/30\/2025\/10\/strona-ogloszenie-konkursu-1024x683.png 1024w, https:\/\/wm.pb.edu.pl\/alios\/wp-content\/uploads\/sites\/30\/2025\/10\/strona-ogloszenie-konkursu-768x512.png 768w, https:\/\/wm.pb.edu.pl\/alios\/wp-content\/uploads\/sites\/30\/2025\/10\/strona-ogloszenie-konkursu.png 1200w\" sizes=\"auto, (max-width: 480px) 100vw, 480px\" \/>      <\/div>\n      <h3>Konkurs RoboQuest<\/h3>\n      Konkurs RoboQuest powsta\u0142 z my\u015bl\u0105 o uczniach zainteresowanych nowymi technologiami    <\/a>\n<\/article>          <\/div>\r\n                  <\/div>\r\n          <\/div>\r\n\n","protected":false},"excerpt":{"rendered":"","protected":false},"author":3,"featured_media":0,"parent":0,"menu_order":4,"comment_status":"closed","ping_status":"closed","template":"","meta":{"inline_featured_image":false,"ngg_post_thumbnail":0,"footnotes":""},"class_list":["post-32","page","type-page","status-publish","hentry"],"acf":[],"yoast_head":"<!-- This site is optimized with the Yoast SEO plugin v26.4 - https:\/\/yoast.com\/wordpress\/plugins\/seo\/ -->\n<title>Projekty - Ko\u0142o Naukowe Alios<\/title>\n<meta name=\"robots\" content=\"index, follow, max-snippet:-1, max-image-preview:large, max-video-preview:-1\" \/>\n<link rel=\"canonical\" href=\"https:\/\/wm.pb.edu.pl\/alios\/projekty\/\" \/>\n<meta property=\"og:locale\" content=\"pl_PL\" \/>\n<meta property=\"og:type\" content=\"article\" \/>\n<meta property=\"og:title\" content=\"Projekty - Ko\u0142o Naukowe Alios\" \/>\n<meta property=\"og:url\" content=\"https:\/\/wm.pb.edu.pl\/alios\/projekty\/\" \/>\n<meta property=\"og:site_name\" content=\"Ko\u0142o Naukowe Alios\" \/>\n<meta property=\"article:modified_time\" content=\"2024-04-18T08:33:34+00:00\" \/>\n<meta name=\"twitter:card\" content=\"summary_large_image\" \/>\n<meta name=\"twitter:label1\" content=\"Szacowany czas czytania\" \/>\n\t<meta name=\"twitter:data1\" content=\"1 minuta\" \/>\n<script type=\"application\/ld+json\" class=\"yoast-schema-graph\">{\"@context\":\"https:\/\/schema.org\",\"@graph\":[{\"@type\":\"WebPage\",\"@id\":\"https:\/\/wm.pb.edu.pl\/alios\/projekty\/\",\"url\":\"https:\/\/wm.pb.edu.pl\/alios\/projekty\/\",\"name\":\"Projekty - Ko\u0142o Naukowe Alios\",\"isPartOf\":{\"@id\":\"https:\/\/wm.pb.edu.pl\/alios\/#website\"},\"datePublished\":\"2018-06-26T09:24:04+00:00\",\"dateModified\":\"2024-04-18T08:33:34+00:00\",\"breadcrumb\":{\"@id\":\"https:\/\/wm.pb.edu.pl\/alios\/projekty\/#breadcrumb\"},\"inLanguage\":\"pl-PL\",\"potentialAction\":[{\"@type\":\"ReadAction\",\"target\":[\"https:\/\/wm.pb.edu.pl\/alios\/projekty\/\"]}]},{\"@type\":\"BreadcrumbList\",\"@id\":\"https:\/\/wm.pb.edu.pl\/alios\/projekty\/#breadcrumb\",\"itemListElement\":[{\"@type\":\"ListItem\",\"position\":1,\"name\":\"Strona g\u0142\u00f3wna\",\"item\":\"https:\/\/wm.pb.edu.pl\/alios\/\"},{\"@type\":\"ListItem\",\"position\":2,\"name\":\"Projekty\"}]},{\"@type\":\"WebSite\",\"@id\":\"https:\/\/wm.pb.edu.pl\/alios\/#website\",\"url\":\"https:\/\/wm.pb.edu.pl\/alios\/\",\"name\":\"Ko\u0142o Naukowe Alios\",\"description\":\"\",\"potentialAction\":[{\"@type\":\"SearchAction\",\"target\":{\"@type\":\"EntryPoint\",\"urlTemplate\":\"https:\/\/wm.pb.edu.pl\/alios\/?s={search_term_string}\"},\"query-input\":{\"@type\":\"PropertyValueSpecification\",\"valueRequired\":true,\"valueName\":\"search_term_string\"}}],\"inLanguage\":\"pl-PL\"}]}<\/script>\n<!-- \/ Yoast SEO plugin. -->","yoast_head_json":{"title":"Projekty - Ko\u0142o Naukowe Alios","robots":{"index":"index","follow":"follow","max-snippet":"max-snippet:-1","max-image-preview":"max-image-preview:large","max-video-preview":"max-video-preview:-1"},"canonical":"https:\/\/wm.pb.edu.pl\/alios\/projekty\/","og_locale":"pl_PL","og_type":"article","og_title":"Projekty - Ko\u0142o Naukowe Alios","og_url":"https:\/\/wm.pb.edu.pl\/alios\/projekty\/","og_site_name":"Ko\u0142o Naukowe Alios","article_modified_time":"2024-04-18T08:33:34+00:00","twitter_card":"summary_large_image","twitter_misc":{"Szacowany czas czytania":"1 minuta"},"schema":{"@context":"https:\/\/schema.org","@graph":[{"@type":"WebPage","@id":"https:\/\/wm.pb.edu.pl\/alios\/projekty\/","url":"https:\/\/wm.pb.edu.pl\/alios\/projekty\/","name":"Projekty - Ko\u0142o Naukowe Alios","isPartOf":{"@id":"https:\/\/wm.pb.edu.pl\/alios\/#website"},"datePublished":"2018-06-26T09:24:04+00:00","dateModified":"2024-04-18T08:33:34+00:00","breadcrumb":{"@id":"https:\/\/wm.pb.edu.pl\/alios\/projekty\/#breadcrumb"},"inLanguage":"pl-PL","potentialAction":[{"@type":"ReadAction","target":["https:\/\/wm.pb.edu.pl\/alios\/projekty\/"]}]},{"@type":"BreadcrumbList","@id":"https:\/\/wm.pb.edu.pl\/alios\/projekty\/#breadcrumb","itemListElement":[{"@type":"ListItem","position":1,"name":"Strona g\u0142\u00f3wna","item":"https:\/\/wm.pb.edu.pl\/alios\/"},{"@type":"ListItem","position":2,"name":"Projekty"}]},{"@type":"WebSite","@id":"https:\/\/wm.pb.edu.pl\/alios\/#website","url":"https:\/\/wm.pb.edu.pl\/alios\/","name":"Ko\u0142o Naukowe Alios","description":"","potentialAction":[{"@type":"SearchAction","target":{"@type":"EntryPoint","urlTemplate":"https:\/\/wm.pb.edu.pl\/alios\/?s={search_term_string}"},"query-input":{"@type":"PropertyValueSpecification","valueRequired":true,"valueName":"search_term_string"}}],"inLanguage":"pl-PL"}]}},"_links":{"self":[{"href":"https:\/\/wm.pb.edu.pl\/alios\/wp-json\/wp\/v2\/pages\/32","targetHints":{"allow":["GET"]}}],"collection":[{"href":"https:\/\/wm.pb.edu.pl\/alios\/wp-json\/wp\/v2\/pages"}],"about":[{"href":"https:\/\/wm.pb.edu.pl\/alios\/wp-json\/wp\/v2\/types\/page"}],"author":[{"embeddable":true,"href":"https:\/\/wm.pb.edu.pl\/alios\/wp-json\/wp\/v2\/users\/3"}],"replies":[{"embeddable":true,"href":"https:\/\/wm.pb.edu.pl\/alios\/wp-json\/wp\/v2\/comments?post=32"}],"version-history":[{"count":44,"href":"https:\/\/wm.pb.edu.pl\/alios\/wp-json\/wp\/v2\/pages\/32\/revisions"}],"predecessor-version":[{"id":504,"href":"https:\/\/wm.pb.edu.pl\/alios\/wp-json\/wp\/v2\/pages\/32\/revisions\/504"}],"wp:attachment":[{"href":"https:\/\/wm.pb.edu.pl\/alios\/wp-json\/wp\/v2\/media?parent=32"}],"curies":[{"name":"wp","href":"https:\/\/api.w.org\/{rel}","templated":true}]}}