{"id":42,"date":"2018-06-26T11:32:40","date_gmt":"2018-06-26T09:32:40","guid":{"rendered":"https:\/\/wm.pb.edu.pl\/alios\/?page_id=42"},"modified":"2025-03-18T21:46:13","modified_gmt":"2025-03-18T20:46:13","slug":"kontakt","status":"publish","type":"page","link":"https:\/\/wm.pb.edu.pl\/alios\/kontakt\/","title":{"rendered":"Kontakt"},"content":{"rendered":"<h2>Ko\u0142o Naukowe Alios<\/h2>\n<p>Wydzia\u0142 Mechaniczny<br \/>\nPolitechnika Bia\u0142ostocka<br \/>\nul. Wiejska 45C, 15-351 Bia\u0142ystok<br \/>\n<i class=\"fal fa-envelope\"><\/i> <a href=\"#\" rel=\"nofollow\"  onclick=\"this.href='mailto:' + 'alios' + '@' + 'pb.edu.pl'\">alios [at] pb.edu.pl<\/a>\n<div class=\"h3\">Opiekunowie<\/div>\n<p>dr in\u017c. Ewa Kulesza<br \/>\n<i class=\"fal fa-envelope\"><\/i> <a href=\"#\" rel=\"nofollow\"  onclick=\"this.href='mailto:' + 'ewa.kulesza' + '@' + 'pb.edu.pl'\">ewa.kulesza [at] pb.edu.pl<\/a>\n&nbsp;<br \/>\n<i class=\"fal fa-mobile\"><\/i> 571 443 117<\/p>\n<p>dr hab. in\u017c. Kanstantsin Miatluk, prof. PB<br \/>\n<i class=\"fal fa-envelope\"><\/i> <a href=\"#\" rel=\"nofollow\"  onclick=\"this.href='mailto:' + 'k.miatliuk' + '@' + 'pb.edu.pl'\">k.miatliuk [at] pb.edu.pl<\/a>\n&nbsp;<br \/>\n<i class=\"fal fa-mobile\"><\/i> 571 443 057<\/p>\n","protected":false},"excerpt":{"rendered":"<p>Ko\u0142o Naukowe Alios Wydzia\u0142 Mechaniczny Politechnika Bia\u0142ostocka ul. Wiejska 45C, 15-351 Bia\u0142ystok Opiekunowie dr in\u017c.<a class=\"read-more\" href=\"https:\/\/wm.pb.edu.pl\/alios\/kontakt\/\" title=\"Poka\u017c artyku\u0142 Kontakt\">wi\u0119cej<\/a><\/p>\n","protected":false},"author":2,"featured_media":0,"parent":0,"menu_order":6,"comment_status":"closed","ping_status":"closed","template":"","meta":{"inline_featured_image":false,"ngg_post_thumbnail":0,"footnotes":""},"class_list":["post-42","page","type-page","status-publish","hentry"],"acf":[],"yoast_head":"<!-- This site is optimized with the Yoast SEO plugin v26.4 - https:\/\/yoast.com\/wordpress\/plugins\/seo\/ -->\n<title>Kontakt - Ko\u0142o Naukowe Alios<\/title>\n<meta name=\"robots\" content=\"index, follow, max-snippet:-1, max-image-preview:large, max-video-preview:-1\" \/>\n<link rel=\"canonical\" href=\"https:\/\/wm.pb.edu.pl\/alios\/kontakt\/\" \/>\n<meta property=\"og:locale\" content=\"pl_PL\" \/>\n<meta property=\"og:type\" content=\"article\" \/>\n<meta property=\"og:title\" content=\"Kontakt - Ko\u0142o Naukowe Alios\" \/>\n<meta property=\"og:description\" content=\"Ko\u0142o Naukowe Alios Wydzia\u0142 Mechaniczny Politechnika Bia\u0142ostocka ul. Wiejska 45C, 15-351 Bia\u0142ystok Opiekunowie dr in\u017c.wi\u0119cej\" \/>\n<meta property=\"og:url\" content=\"https:\/\/wm.pb.edu.pl\/alios\/kontakt\/\" \/>\n<meta property=\"og:site_name\" content=\"Ko\u0142o Naukowe Alios\" \/>\n<meta property=\"article:modified_time\" content=\"2025-03-18T20:46:13+00:00\" \/>\n<meta name=\"twitter:card\" content=\"summary_large_image\" \/>\n<meta name=\"twitter:label1\" content=\"Szacowany czas czytania\" \/>\n\t<meta name=\"twitter:data1\" content=\"1 minuta\" \/>\n<script type=\"application\/ld+json\" class=\"yoast-schema-graph\">{\"@context\":\"https:\/\/schema.org\",\"@graph\":[{\"@type\":\"WebPage\",\"@id\":\"https:\/\/wm.pb.edu.pl\/alios\/kontakt\/\",\"url\":\"https:\/\/wm.pb.edu.pl\/alios\/kontakt\/\",\"name\":\"Kontakt - Ko\u0142o Naukowe Alios\",\"isPartOf\":{\"@id\":\"https:\/\/wm.pb.edu.pl\/alios\/#website\"},\"datePublished\":\"2018-06-26T09:32:40+00:00\",\"dateModified\":\"2025-03-18T20:46:13+00:00\",\"breadcrumb\":{\"@id\":\"https:\/\/wm.pb.edu.pl\/alios\/kontakt\/#breadcrumb\"},\"inLanguage\":\"pl-PL\",\"potentialAction\":[{\"@type\":\"ReadAction\",\"target\":[\"https:\/\/wm.pb.edu.pl\/alios\/kontakt\/\"]}]},{\"@type\":\"BreadcrumbList\",\"@id\":\"https:\/\/wm.pb.edu.pl\/alios\/kontakt\/#breadcrumb\",\"itemListElement\":[{\"@type\":\"ListItem\",\"position\":1,\"name\":\"Strona g\u0142\u00f3wna\",\"item\":\"https:\/\/wm.pb.edu.pl\/alios\/\"},{\"@type\":\"ListItem\",\"position\":2,\"name\":\"Kontakt\"}]},{\"@type\":\"WebSite\",\"@id\":\"https:\/\/wm.pb.edu.pl\/alios\/#website\",\"url\":\"https:\/\/wm.pb.edu.pl\/alios\/\",\"name\":\"Ko\u0142o Naukowe Alios\",\"description\":\"\",\"potentialAction\":[{\"@type\":\"SearchAction\",\"target\":{\"@type\":\"EntryPoint\",\"urlTemplate\":\"https:\/\/wm.pb.edu.pl\/alios\/?s={search_term_string}\"},\"query-input\":{\"@type\":\"PropertyValueSpecification\",\"valueRequired\":true,\"valueName\":\"search_term_string\"}}],\"inLanguage\":\"pl-PL\"}]}<\/script>\n<!-- \/ Yoast SEO plugin. -->","yoast_head_json":{"title":"Kontakt - Ko\u0142o Naukowe Alios","robots":{"index":"index","follow":"follow","max-snippet":"max-snippet:-1","max-image-preview":"max-image-preview:large","max-video-preview":"max-video-preview:-1"},"canonical":"https:\/\/wm.pb.edu.pl\/alios\/kontakt\/","og_locale":"pl_PL","og_type":"article","og_title":"Kontakt - Ko\u0142o Naukowe Alios","og_description":"Ko\u0142o Naukowe Alios Wydzia\u0142 Mechaniczny Politechnika Bia\u0142ostocka ul. Wiejska 45C, 15-351 Bia\u0142ystok Opiekunowie dr in\u017c.wi\u0119cej","og_url":"https:\/\/wm.pb.edu.pl\/alios\/kontakt\/","og_site_name":"Ko\u0142o Naukowe Alios","article_modified_time":"2025-03-18T20:46:13+00:00","twitter_card":"summary_large_image","twitter_misc":{"Szacowany czas czytania":"1 minuta"},"schema":{"@context":"https:\/\/schema.org","@graph":[{"@type":"WebPage","@id":"https:\/\/wm.pb.edu.pl\/alios\/kontakt\/","url":"https:\/\/wm.pb.edu.pl\/alios\/kontakt\/","name":"Kontakt - Ko\u0142o Naukowe Alios","isPartOf":{"@id":"https:\/\/wm.pb.edu.pl\/alios\/#website"},"datePublished":"2018-06-26T09:32:40+00:00","dateModified":"2025-03-18T20:46:13+00:00","breadcrumb":{"@id":"https:\/\/wm.pb.edu.pl\/alios\/kontakt\/#breadcrumb"},"inLanguage":"pl-PL","potentialAction":[{"@type":"ReadAction","target":["https:\/\/wm.pb.edu.pl\/alios\/kontakt\/"]}]},{"@type":"BreadcrumbList","@id":"https:\/\/wm.pb.edu.pl\/alios\/kontakt\/#breadcrumb","itemListElement":[{"@type":"ListItem","position":1,"name":"Strona g\u0142\u00f3wna","item":"https:\/\/wm.pb.edu.pl\/alios\/"},{"@type":"ListItem","position":2,"name":"Kontakt"}]},{"@type":"WebSite","@id":"https:\/\/wm.pb.edu.pl\/alios\/#website","url":"https:\/\/wm.pb.edu.pl\/alios\/","name":"Ko\u0142o Naukowe Alios","description":"","potentialAction":[{"@type":"SearchAction","target":{"@type":"EntryPoint","urlTemplate":"https:\/\/wm.pb.edu.pl\/alios\/?s={search_term_string}"},"query-input":{"@type":"PropertyValueSpecification","valueRequired":true,"valueName":"search_term_string"}}],"inLanguage":"pl-PL"}]}},"_links":{"self":[{"href":"https:\/\/wm.pb.edu.pl\/alios\/wp-json\/wp\/v2\/pages\/42","targetHints":{"allow":["GET"]}}],"collection":[{"href":"https:\/\/wm.pb.edu.pl\/alios\/wp-json\/wp\/v2\/pages"}],"about":[{"href":"https:\/\/wm.pb.edu.pl\/alios\/wp-json\/wp\/v2\/types\/page"}],"author":[{"embeddable":true,"href":"https:\/\/wm.pb.edu.pl\/alios\/wp-json\/wp\/v2\/users\/2"}],"replies":[{"embeddable":true,"href":"https:\/\/wm.pb.edu.pl\/alios\/wp-json\/wp\/v2\/comments?post=42"}],"version-history":[{"count":25,"href":"https:\/\/wm.pb.edu.pl\/alios\/wp-json\/wp\/v2\/pages\/42\/revisions"}],"predecessor-version":[{"id":819,"href":"https:\/\/wm.pb.edu.pl\/alios\/wp-json\/wp\/v2\/pages\/42\/revisions\/819"}],"wp:attachment":[{"href":"https:\/\/wm.pb.edu.pl\/alios\/wp-json\/wp\/v2\/media?parent=42"}],"curies":[{"name":"wp","href":"https:\/\/api.w.org\/{rel}","templated":true}]}}