{"id":479,"date":"2024-04-12T12:05:21","date_gmt":"2024-04-12T10:05:21","guid":{"rendered":"https:\/\/wm.pb.edu.pl\/alios\/?page_id=479"},"modified":"2024-06-24T09:09:06","modified_gmt":"2024-06-24T07:09:06","slug":"osiagniecia","status":"publish","type":"page","link":"https:\/\/wm.pb.edu.pl\/alios\/osiagniecia\/","title":{"rendered":"Osi\u0105gni\u0119cia"},"content":{"rendered":"  \r\n    <div class=\"filters\">\r\n    <form class=\"row\">\r\n      <div class=\"col-md-2\">\r\n        <label for=\"place\" style=\"margin-bottom: 10px;\">Miejsce:<\/label>\r\n        <select id=\"place\" name=\"place\" class=\"form-control\" style=\"font-size: 15px;\">\r\n          <option value=\"\">wybierz<\/option>\r\n                  <\/select>\r\n      <\/div>\r\n      <div class=\"col-md-3\">\r\n        <label for=\"category\" style=\"margin-bottom: 10px;\">Kategoria:<\/label>\r\n        <select id=\"category\" name=\"category\" class=\"form-control\" style=\"font-size: 15px;\">\r\n          <option value=\"\">wszystkie<\/option>\r\n                  <\/select>\r\n      <\/div>\r\n      <div class=\"col-md-2\">\r\n        <label for=\"year\" style=\"margin-bottom: 10px;\">Rok:<\/label>\r\n        <select id=\"year\" name=\"year\" class=\"form-control\" style=\"font-size: 15px;\">\r\n          <option value=\"\">wszystkie<\/option>\r\n                  <\/select>\r\n      <\/div>\r\n      <div class=\"col-md-5\">\r\n        <label for=\"search\" style=\"margin-bottom: 10px;\">Szukaj:<\/label>\r\n        <input type=\"text\" id=\"search-table\" name=\"search\" class=\"form-control\" style=\"font-size: 15px;\">\r\n      <\/div>\r\n    <\/form>\r\n  <\/div>\r\n\r\n  <br>\r\n  <div class=\"table-responsive\">\r\n    <table id=\"database\" class=\"table table-bordered table-striped\">\r\n      <thead>\r\n        <tr>\r\n          <th>Miejsce<\/th>\r\n          <th>Tytu\u0142<\/th>\r\n          <th>Kategoria<\/th>\r\n          <th>Rok<\/th>\r\n          <th>www<\/th>\r\n        <\/tr>\r\n      <\/thead>\r\n      <tbody>\r\n              <\/tbody>\r\n      <tfoot>\r\n        <tr>\r\n          <th>Miejsce<\/th>\r\n          <th>Tytu\u0142<\/th>\r\n          <th>Kategoria<\/th>\r\n          <th>Rok<\/th>\r\n          <th>www<\/th>\r\n        <\/tr>\r\n      <\/tfoot>\r\n    <\/table>\r\n  <\/div>\r\n\r\n    <script>\r\n    (function($) {\r\n      $(document).ready(function() {\r\n        if ($(\"#database\").length > 0) {\r\n          $(\"#database\").DataTable({\r\n            order: [\r\n              [1, \"asc\"]\r\n            ],\r\n            \/\/pagination on bottom\r\n            dom: 'Btp',\r\n            pagingType: 'numbers',\r\n            \/\/ language: {\r\n            \/\/   paginate: {\r\n            \/\/     previous: \"<\",\r\n            \/\/     next: \">\"\r\n            \/\/   }\r\n            \/\/ }\r\n          });\r\n          $(\"select#place\").on(\"change\", function() {\r\n            $(\"#database\")\r\n              .DataTable()\r\n              .column(0)\r\n              .search($(\"select#place\").val() + \"$\", true, false)\r\n              .draw();\r\n          });\r\n          $(\"select#category\").on(\"change\", function() {\r\n            $(\"#database\")\r\n              .DataTable()\r\n              .column(2)\r\n              .search($(\"select#category\").val().replace(\/-\/g, \" \"), true, false)\r\n              .draw();\r\n          });\r\n          $(\"select#year\").on(\"change\", function() {\r\n            $(\"#database\")\r\n              .DataTable()\r\n              .column(3)\r\n              .search($(\"select#year\").val(), true, false)\r\n              .draw();\r\n          });\r\n\r\n          $(\"#search-table\").on(\"keyup\", function() {\r\n            $(\"#database\")\r\n              .DataTable()\r\n              .search($(\"#search-table\").val())\r\n              .draw();\r\n          });\r\n\r\n          $(\"select#place\").trigger('change');\r\n          $(\"select#category\").trigger('change');\r\n          $(\"select#year\").trigger('change');\r\n        }\r\n      });\r\n\r\n    })(jQuery);\r\n  <\/script>\r\n\n","protected":false},"excerpt":{"rendered":"","protected":false},"author":2,"featured_media":0,"parent":0,"menu_order":5,"comment_status":"closed","ping_status":"closed","template":"","meta":{"inline_featured_image":false,"ngg_post_thumbnail":0,"footnotes":""},"class_list":["post-479","page","type-page","status-publish","hentry"],"acf":[],"yoast_head":"<!-- This site is optimized with the Yoast SEO plugin v26.4 - https:\/\/yoast.com\/wordpress\/plugins\/seo\/ -->\n<title>Osi\u0105gni\u0119cia - Ko\u0142o Naukowe Alios<\/title>\n<meta name=\"robots\" content=\"index, follow, max-snippet:-1, max-image-preview:large, max-video-preview:-1\" \/>\n<link rel=\"canonical\" href=\"https:\/\/wm.pb.edu.pl\/alios\/osiagniecia\/\" \/>\n<meta property=\"og:locale\" content=\"pl_PL\" \/>\n<meta property=\"og:type\" content=\"article\" \/>\n<meta property=\"og:title\" content=\"Osi\u0105gni\u0119cia - Ko\u0142o Naukowe Alios\" \/>\n<meta property=\"og:url\" content=\"https:\/\/wm.pb.edu.pl\/alios\/osiagniecia\/\" \/>\n<meta property=\"og:site_name\" content=\"Ko\u0142o Naukowe Alios\" \/>\n<meta property=\"article:modified_time\" content=\"2024-06-24T07:09:06+00:00\" \/>\n<meta name=\"twitter:card\" content=\"summary_large_image\" \/>\n<meta name=\"twitter:label1\" content=\"Szacowany czas czytania\" \/>\n\t<meta name=\"twitter:data1\" content=\"1 minuta\" \/>\n<script type=\"application\/ld+json\" class=\"yoast-schema-graph\">{\"@context\":\"https:\/\/schema.org\",\"@graph\":[{\"@type\":\"WebPage\",\"@id\":\"https:\/\/wm.pb.edu.pl\/alios\/osiagniecia\/\",\"url\":\"https:\/\/wm.pb.edu.pl\/alios\/osiagniecia\/\",\"name\":\"Osi\u0105gni\u0119cia - Ko\u0142o Naukowe Alios\",\"isPartOf\":{\"@id\":\"https:\/\/wm.pb.edu.pl\/alios\/#website\"},\"datePublished\":\"2024-04-12T10:05:21+00:00\",\"dateModified\":\"2024-06-24T07:09:06+00:00\",\"breadcrumb\":{\"@id\":\"https:\/\/wm.pb.edu.pl\/alios\/osiagniecia\/#breadcrumb\"},\"inLanguage\":\"pl-PL\",\"potentialAction\":[{\"@type\":\"ReadAction\",\"target\":[\"https:\/\/wm.pb.edu.pl\/alios\/osiagniecia\/\"]}]},{\"@type\":\"BreadcrumbList\",\"@id\":\"https:\/\/wm.pb.edu.pl\/alios\/osiagniecia\/#breadcrumb\",\"itemListElement\":[{\"@type\":\"ListItem\",\"position\":1,\"name\":\"Strona g\u0142\u00f3wna\",\"item\":\"https:\/\/wm.pb.edu.pl\/alios\/\"},{\"@type\":\"ListItem\",\"position\":2,\"name\":\"Osi\u0105gni\u0119cia\"}]},{\"@type\":\"WebSite\",\"@id\":\"https:\/\/wm.pb.edu.pl\/alios\/#website\",\"url\":\"https:\/\/wm.pb.edu.pl\/alios\/\",\"name\":\"Ko\u0142o Naukowe Alios\",\"description\":\"\",\"potentialAction\":[{\"@type\":\"SearchAction\",\"target\":{\"@type\":\"EntryPoint\",\"urlTemplate\":\"https:\/\/wm.pb.edu.pl\/alios\/?s={search_term_string}\"},\"query-input\":{\"@type\":\"PropertyValueSpecification\",\"valueRequired\":true,\"valueName\":\"search_term_string\"}}],\"inLanguage\":\"pl-PL\"}]}<\/script>\n<!-- \/ Yoast SEO plugin. -->","yoast_head_json":{"title":"Osi\u0105gni\u0119cia - Ko\u0142o Naukowe Alios","robots":{"index":"index","follow":"follow","max-snippet":"max-snippet:-1","max-image-preview":"max-image-preview:large","max-video-preview":"max-video-preview:-1"},"canonical":"https:\/\/wm.pb.edu.pl\/alios\/osiagniecia\/","og_locale":"pl_PL","og_type":"article","og_title":"Osi\u0105gni\u0119cia - Ko\u0142o Naukowe Alios","og_url":"https:\/\/wm.pb.edu.pl\/alios\/osiagniecia\/","og_site_name":"Ko\u0142o Naukowe Alios","article_modified_time":"2024-06-24T07:09:06+00:00","twitter_card":"summary_large_image","twitter_misc":{"Szacowany czas czytania":"1 minuta"},"schema":{"@context":"https:\/\/schema.org","@graph":[{"@type":"WebPage","@id":"https:\/\/wm.pb.edu.pl\/alios\/osiagniecia\/","url":"https:\/\/wm.pb.edu.pl\/alios\/osiagniecia\/","name":"Osi\u0105gni\u0119cia - Ko\u0142o Naukowe Alios","isPartOf":{"@id":"https:\/\/wm.pb.edu.pl\/alios\/#website"},"datePublished":"2024-04-12T10:05:21+00:00","dateModified":"2024-06-24T07:09:06+00:00","breadcrumb":{"@id":"https:\/\/wm.pb.edu.pl\/alios\/osiagniecia\/#breadcrumb"},"inLanguage":"pl-PL","potentialAction":[{"@type":"ReadAction","target":["https:\/\/wm.pb.edu.pl\/alios\/osiagniecia\/"]}]},{"@type":"BreadcrumbList","@id":"https:\/\/wm.pb.edu.pl\/alios\/osiagniecia\/#breadcrumb","itemListElement":[{"@type":"ListItem","position":1,"name":"Strona g\u0142\u00f3wna","item":"https:\/\/wm.pb.edu.pl\/alios\/"},{"@type":"ListItem","position":2,"name":"Osi\u0105gni\u0119cia"}]},{"@type":"WebSite","@id":"https:\/\/wm.pb.edu.pl\/alios\/#website","url":"https:\/\/wm.pb.edu.pl\/alios\/","name":"Ko\u0142o Naukowe Alios","description":"","potentialAction":[{"@type":"SearchAction","target":{"@type":"EntryPoint","urlTemplate":"https:\/\/wm.pb.edu.pl\/alios\/?s={search_term_string}"},"query-input":{"@type":"PropertyValueSpecification","valueRequired":true,"valueName":"search_term_string"}}],"inLanguage":"pl-PL"}]}},"_links":{"self":[{"href":"https:\/\/wm.pb.edu.pl\/alios\/wp-json\/wp\/v2\/pages\/479","targetHints":{"allow":["GET"]}}],"collection":[{"href":"https:\/\/wm.pb.edu.pl\/alios\/wp-json\/wp\/v2\/pages"}],"about":[{"href":"https:\/\/wm.pb.edu.pl\/alios\/wp-json\/wp\/v2\/types\/page"}],"author":[{"embeddable":true,"href":"https:\/\/wm.pb.edu.pl\/alios\/wp-json\/wp\/v2\/users\/2"}],"replies":[{"embeddable":true,"href":"https:\/\/wm.pb.edu.pl\/alios\/wp-json\/wp\/v2\/comments?post=479"}],"version-history":[{"count":12,"href":"https:\/\/wm.pb.edu.pl\/alios\/wp-json\/wp\/v2\/pages\/479\/revisions"}],"predecessor-version":[{"id":793,"href":"https:\/\/wm.pb.edu.pl\/alios\/wp-json\/wp\/v2\/pages\/479\/revisions\/793"}],"wp:attachment":[{"href":"https:\/\/wm.pb.edu.pl\/alios\/wp-json\/wp\/v2\/media?parent=479"}],"curies":[{"name":"wp","href":"https:\/\/api.w.org\/{rel}","templated":true}]}}