{"id":14,"date":"2020-09-29T08:31:12","date_gmt":"2020-09-29T06:31:12","guid":{"rendered":"https:\/\/wm.pb.edu.pl\/automotoclub\/?page_id=14"},"modified":"2022-12-23T09:54:49","modified_gmt":"2022-12-23T08:54:49","slug":"o-nas","status":"publish","type":"page","link":"https:\/\/wm.pb.edu.pl\/automotoclub\/o-nas\/","title":{"rendered":"O nas"},"content":{"rendered":"<p><strong>CELE:<\/strong><\/p>\n<ul>\n<li>rozszerzanie, pog\u0142\u0119bianie wiedzy i umiej\u0119tno\u015bci cz\u0142onk\u00f3w Ko\u0142a w zakresie nowoczesnych technik stosowanych w motoryzacji, r\u00f3wnie\u017c tych, kt\u00f3re nie s\u0105 obj\u0119te<br \/>\nprogramem studi\u00f3w na specjalno\u015bci Pojazdy Samochodowe,<\/li>\n<li>wsp\u00f3\u0142uczestnictwo w pracach badawczych prowadzonych przez Katedr\u0119 Budowy i Eksploatacji<br \/>\nMaszyn,<\/li>\n<li>poszerzanie zbior\u00f3w dydaktycznych Katedry Budowy i Eksploatacji Maszyn,<br \/>\npromocja student\u00f3w specjalno\u015bci Pojazd\u00f3w Samochodowych oraz innych specjalno\u015bci Wydzia\u0142u Mechanicznego.<\/li>\n<\/ul>\n<p><strong>Zadania:<\/strong><\/p>\n<ul>\n<li>zrzeszenie student\u00f3w zainteresowanych dzia\u0142alno\u015bci\u0105 zakresu technik motoryzacyjnych w wymiarze wi\u0119kszym ni\u017c przewiduje to program studi\u00f3w,<\/li>\n<li>organizowanie imprez (obozy naukowe, odczyty, prelekcje, konferencje), maj\u0105cych poszerzy\u0107 wiadomo\u015bci z zakresu technik motoryzacyjnych,<\/li>\n<li>pozyskiwanie i tworzenie materia\u0142\u00f3w szkoleniowych do prezentacji multimedialnych maj\u0105cych s\u0142u\u017cy\u0107 jako pomoce dydaktyczne,<\/li>\n<li>wsp\u00f3\u0142praca z krajowymi i zagranicznymi organizacjami o podobnym profilu, zabieganie o w\u0142a\u015bciwe zaopatrzenie Biblioteki PB w literatur\u0119 fachow\u0105.<\/li>\n<\/ul>\n","protected":false},"excerpt":{"rendered":"<p>CELE: rozszerzanie, pog\u0142\u0119bianie wiedzy i umiej\u0119tno\u015bci cz\u0142onk\u00f3w Ko\u0142a w zakresie nowoczesnych technik stosowanych w motoryzacji,<a class=\"read-more\" href=\"https:\/\/wm.pb.edu.pl\/automotoclub\/o-nas\/\" title=\"Poka\u017c artyku\u0142 O nas\">wi\u0119cej<\/a><\/p>\n","protected":false},"author":14,"featured_media":0,"parent":0,"menu_order":0,"comment_status":"closed","ping_status":"closed","template":"","meta":{"inline_featured_image":false,"ngg_post_thumbnail":0,"footnotes":""},"class_list":["post-14","page","type-page","status-publish","hentry"],"acf":[],"yoast_head":"<!-- This site is optimized with the Yoast SEO plugin v26.4 - https:\/\/yoast.com\/wordpress\/plugins\/seo\/ -->\n<title>O nas - Auto Moto Club - Studenckie Ko\u0142o Naukowe<\/title>\n<meta name=\"robots\" content=\"index, follow, max-snippet:-1, max-image-preview:large, max-video-preview:-1\" \/>\n<link rel=\"canonical\" href=\"https:\/\/wm.pb.edu.pl\/automotoclub\/o-nas\/\" \/>\n<meta property=\"og:locale\" content=\"pl_PL\" \/>\n<meta property=\"og:type\" content=\"article\" \/>\n<meta property=\"og:title\" content=\"O nas - Auto Moto Club - Studenckie Ko\u0142o Naukowe\" \/>\n<meta property=\"og:description\" content=\"CELE: rozszerzanie, pog\u0142\u0119bianie wiedzy i umiej\u0119tno\u015bci cz\u0142onk\u00f3w Ko\u0142a w zakresie nowoczesnych technik stosowanych w motoryzacji,wi\u0119cej\" \/>\n<meta property=\"og:url\" content=\"https:\/\/wm.pb.edu.pl\/automotoclub\/o-nas\/\" \/>\n<meta property=\"og:site_name\" content=\"Auto Moto Club - Studenckie Ko\u0142o Naukowe\" \/>\n<meta property=\"article:modified_time\" content=\"2022-12-23T08:54:49+00:00\" \/>\n<meta name=\"twitter:card\" content=\"summary_large_image\" \/>\n<meta name=\"twitter:label1\" content=\"Szacowany czas czytania\" \/>\n\t<meta name=\"twitter:data1\" content=\"1 minuta\" \/>\n<script type=\"application\/ld+json\" class=\"yoast-schema-graph\">{\"@context\":\"https:\/\/schema.org\",\"@graph\":[{\"@type\":\"WebPage\",\"@id\":\"https:\/\/wm.pb.edu.pl\/automotoclub\/o-nas\/\",\"url\":\"https:\/\/wm.pb.edu.pl\/automotoclub\/o-nas\/\",\"name\":\"O nas - Auto Moto Club - Studenckie Ko\u0142o Naukowe\",\"isPartOf\":{\"@id\":\"https:\/\/wm.pb.edu.pl\/automotoclub\/#website\"},\"datePublished\":\"2020-09-29T06:31:12+00:00\",\"dateModified\":\"2022-12-23T08:54:49+00:00\",\"breadcrumb\":{\"@id\":\"https:\/\/wm.pb.edu.pl\/automotoclub\/o-nas\/#breadcrumb\"},\"inLanguage\":\"pl-PL\",\"potentialAction\":[{\"@type\":\"ReadAction\",\"target\":[\"https:\/\/wm.pb.edu.pl\/automotoclub\/o-nas\/\"]}]},{\"@type\":\"BreadcrumbList\",\"@id\":\"https:\/\/wm.pb.edu.pl\/automotoclub\/o-nas\/#breadcrumb\",\"itemListElement\":[{\"@type\":\"ListItem\",\"position\":1,\"name\":\"Strona g\u0142\u00f3wna\",\"item\":\"https:\/\/wm.pb.edu.pl\/automotoclub\/\"},{\"@type\":\"ListItem\",\"position\":2,\"name\":\"O nas\"}]},{\"@type\":\"WebSite\",\"@id\":\"https:\/\/wm.pb.edu.pl\/automotoclub\/#website\",\"url\":\"https:\/\/wm.pb.edu.pl\/automotoclub\/\",\"name\":\"Auto Moto Club - Studenckie Ko\u0142o Naukowe\",\"description\":\"Kolejna witryna sieci &#8222;WM Witryn&#8221;\",\"potentialAction\":[{\"@type\":\"SearchAction\",\"target\":{\"@type\":\"EntryPoint\",\"urlTemplate\":\"https:\/\/wm.pb.edu.pl\/automotoclub\/?s={search_term_string}\"},\"query-input\":{\"@type\":\"PropertyValueSpecification\",\"valueRequired\":true,\"valueName\":\"search_term_string\"}}],\"inLanguage\":\"pl-PL\"}]}<\/script>\n<!-- \/ Yoast SEO plugin. -->","yoast_head_json":{"title":"O nas - Auto Moto Club - Studenckie Ko\u0142o Naukowe","robots":{"index":"index","follow":"follow","max-snippet":"max-snippet:-1","max-image-preview":"max-image-preview:large","max-video-preview":"max-video-preview:-1"},"canonical":"https:\/\/wm.pb.edu.pl\/automotoclub\/o-nas\/","og_locale":"pl_PL","og_type":"article","og_title":"O nas - Auto Moto Club - Studenckie Ko\u0142o Naukowe","og_description":"CELE: rozszerzanie, pog\u0142\u0119bianie wiedzy i umiej\u0119tno\u015bci cz\u0142onk\u00f3w Ko\u0142a w zakresie nowoczesnych technik stosowanych w motoryzacji,wi\u0119cej","og_url":"https:\/\/wm.pb.edu.pl\/automotoclub\/o-nas\/","og_site_name":"Auto Moto Club - Studenckie Ko\u0142o Naukowe","article_modified_time":"2022-12-23T08:54:49+00:00","twitter_card":"summary_large_image","twitter_misc":{"Szacowany czas czytania":"1 minuta"},"schema":{"@context":"https:\/\/schema.org","@graph":[{"@type":"WebPage","@id":"https:\/\/wm.pb.edu.pl\/automotoclub\/o-nas\/","url":"https:\/\/wm.pb.edu.pl\/automotoclub\/o-nas\/","name":"O nas - Auto Moto Club - Studenckie Ko\u0142o Naukowe","isPartOf":{"@id":"https:\/\/wm.pb.edu.pl\/automotoclub\/#website"},"datePublished":"2020-09-29T06:31:12+00:00","dateModified":"2022-12-23T08:54:49+00:00","breadcrumb":{"@id":"https:\/\/wm.pb.edu.pl\/automotoclub\/o-nas\/#breadcrumb"},"inLanguage":"pl-PL","potentialAction":[{"@type":"ReadAction","target":["https:\/\/wm.pb.edu.pl\/automotoclub\/o-nas\/"]}]},{"@type":"BreadcrumbList","@id":"https:\/\/wm.pb.edu.pl\/automotoclub\/o-nas\/#breadcrumb","itemListElement":[{"@type":"ListItem","position":1,"name":"Strona g\u0142\u00f3wna","item":"https:\/\/wm.pb.edu.pl\/automotoclub\/"},{"@type":"ListItem","position":2,"name":"O nas"}]},{"@type":"WebSite","@id":"https:\/\/wm.pb.edu.pl\/automotoclub\/#website","url":"https:\/\/wm.pb.edu.pl\/automotoclub\/","name":"Auto Moto Club - Studenckie Ko\u0142o Naukowe","description":"Kolejna witryna sieci &#8222;WM Witryn&#8221;","potentialAction":[{"@type":"SearchAction","target":{"@type":"EntryPoint","urlTemplate":"https:\/\/wm.pb.edu.pl\/automotoclub\/?s={search_term_string}"},"query-input":{"@type":"PropertyValueSpecification","valueRequired":true,"valueName":"search_term_string"}}],"inLanguage":"pl-PL"}]}},"_links":{"self":[{"href":"https:\/\/wm.pb.edu.pl\/automotoclub\/wp-json\/wp\/v2\/pages\/14","targetHints":{"allow":["GET"]}}],"collection":[{"href":"https:\/\/wm.pb.edu.pl\/automotoclub\/wp-json\/wp\/v2\/pages"}],"about":[{"href":"https:\/\/wm.pb.edu.pl\/automotoclub\/wp-json\/wp\/v2\/types\/page"}],"author":[{"embeddable":true,"href":"https:\/\/wm.pb.edu.pl\/automotoclub\/wp-json\/wp\/v2\/users\/14"}],"replies":[{"embeddable":true,"href":"https:\/\/wm.pb.edu.pl\/automotoclub\/wp-json\/wp\/v2\/comments?post=14"}],"version-history":[{"count":3,"href":"https:\/\/wm.pb.edu.pl\/automotoclub\/wp-json\/wp\/v2\/pages\/14\/revisions"}],"predecessor-version":[{"id":85,"href":"https:\/\/wm.pb.edu.pl\/automotoclub\/wp-json\/wp\/v2\/pages\/14\/revisions\/85"}],"wp:attachment":[{"href":"https:\/\/wm.pb.edu.pl\/automotoclub\/wp-json\/wp\/v2\/media?parent=14"}],"curies":[{"name":"wp","href":"https:\/\/api.w.org\/{rel}","templated":true}]}}