{"id":16,"date":"2020-09-29T08:34:14","date_gmt":"2020-09-29T06:34:14","guid":{"rendered":"https:\/\/wm.pb.edu.pl\/automotoclub\/?page_id=16"},"modified":"2020-09-29T08:34:14","modified_gmt":"2020-09-29T06:34:14","slug":"redakcja-serwisu-www","status":"publish","type":"page","link":"https:\/\/wm.pb.edu.pl\/automotoclub\/redakcja-serwisu-www\/","title":{"rendered":"Redakcja serwisu www"},"content":{"rendered":"<h2>Serwis internetowy<\/h2>\n<p>Uwagi dotycz\u0105ce&nbsp;<strong>funkcjonowania<\/strong>&nbsp;oraz&nbsp;<strong>zawarto\u015bci (opisy, fotografie itp.)<\/strong>&nbsp;poszczeg\u00f3lnych stron www wydzia\u0142owego serwisu internetowego prosz\u0119 przysy\u0142a\u0107 na adres:&nbsp;<i class=\"fa fa-envelope-o\" aria-hidden=\"true\"><\/i>&nbsp;<a href=\"https:\/\/wm.pb.edu.pl\/kontakt\/redakcja-serwisu-www\/#\" rel=\"nofollow\">p.nowik [at] pb.edu.pl<\/a><\/p>\n","protected":false},"excerpt":{"rendered":"<p>Serwis internetowy Uwagi dotycz\u0105ce&nbsp;funkcjonowania&nbsp;oraz&nbsp;zawarto\u015bci (opisy, fotografie itp.)&nbsp;poszczeg\u00f3lnych stron www wydzia\u0142owego serwisu internetowego prosz\u0119 przysy\u0142a\u0107 na<a class=\"read-more\" href=\"https:\/\/wm.pb.edu.pl\/automotoclub\/redakcja-serwisu-www\/\" title=\"Poka\u017c artyku\u0142 Redakcja serwisu www\">wi\u0119cej<\/a><\/p>\n","protected":false},"author":14,"featured_media":0,"parent":0,"menu_order":0,"comment_status":"closed","ping_status":"closed","template":"","meta":{"inline_featured_image":false,"ngg_post_thumbnail":0,"footnotes":""},"class_list":["post-16","page","type-page","status-publish","hentry"],"acf":[],"yoast_head":"<!-- This site is optimized with the Yoast SEO plugin v26.4 - https:\/\/yoast.com\/wordpress\/plugins\/seo\/ -->\n<title>Redakcja serwisu www - Auto Moto Club - Studenckie Ko\u0142o Naukowe<\/title>\n<meta name=\"robots\" content=\"index, follow, max-snippet:-1, max-image-preview:large, max-video-preview:-1\" \/>\n<link rel=\"canonical\" href=\"https:\/\/wm.pb.edu.pl\/automotoclub\/redakcja-serwisu-www\/\" \/>\n<meta property=\"og:locale\" content=\"pl_PL\" \/>\n<meta property=\"og:type\" content=\"article\" \/>\n<meta property=\"og:title\" content=\"Redakcja serwisu www - Auto Moto Club - Studenckie Ko\u0142o Naukowe\" \/>\n<meta property=\"og:description\" content=\"Serwis internetowy Uwagi dotycz\u0105ce&nbsp;funkcjonowania&nbsp;oraz&nbsp;zawarto\u015bci (opisy, fotografie itp.)&nbsp;poszczeg\u00f3lnych stron www wydzia\u0142owego serwisu internetowego prosz\u0119 przysy\u0142a\u0107 nawi\u0119cej\" \/>\n<meta property=\"og:url\" content=\"https:\/\/wm.pb.edu.pl\/automotoclub\/redakcja-serwisu-www\/\" \/>\n<meta property=\"og:site_name\" content=\"Auto Moto Club - Studenckie Ko\u0142o Naukowe\" \/>\n<meta name=\"twitter:card\" content=\"summary_large_image\" \/>\n<script type=\"application\/ld+json\" class=\"yoast-schema-graph\">{\"@context\":\"https:\/\/schema.org\",\"@graph\":[{\"@type\":\"WebPage\",\"@id\":\"https:\/\/wm.pb.edu.pl\/automotoclub\/redakcja-serwisu-www\/\",\"url\":\"https:\/\/wm.pb.edu.pl\/automotoclub\/redakcja-serwisu-www\/\",\"name\":\"Redakcja serwisu www - Auto Moto Club - Studenckie Ko\u0142o Naukowe\",\"isPartOf\":{\"@id\":\"https:\/\/wm.pb.edu.pl\/automotoclub\/#website\"},\"datePublished\":\"2020-09-29T06:34:14+00:00\",\"breadcrumb\":{\"@id\":\"https:\/\/wm.pb.edu.pl\/automotoclub\/redakcja-serwisu-www\/#breadcrumb\"},\"inLanguage\":\"pl-PL\",\"potentialAction\":[{\"@type\":\"ReadAction\",\"target\":[\"https:\/\/wm.pb.edu.pl\/automotoclub\/redakcja-serwisu-www\/\"]}]},{\"@type\":\"BreadcrumbList\",\"@id\":\"https:\/\/wm.pb.edu.pl\/automotoclub\/redakcja-serwisu-www\/#breadcrumb\",\"itemListElement\":[{\"@type\":\"ListItem\",\"position\":1,\"name\":\"Strona g\u0142\u00f3wna\",\"item\":\"https:\/\/wm.pb.edu.pl\/automotoclub\/\"},{\"@type\":\"ListItem\",\"position\":2,\"name\":\"Redakcja serwisu www\"}]},{\"@type\":\"WebSite\",\"@id\":\"https:\/\/wm.pb.edu.pl\/automotoclub\/#website\",\"url\":\"https:\/\/wm.pb.edu.pl\/automotoclub\/\",\"name\":\"Auto Moto Club - Studenckie Ko\u0142o Naukowe\",\"description\":\"Kolejna witryna sieci &#8222;WM Witryn&#8221;\",\"potentialAction\":[{\"@type\":\"SearchAction\",\"target\":{\"@type\":\"EntryPoint\",\"urlTemplate\":\"https:\/\/wm.pb.edu.pl\/automotoclub\/?s={search_term_string}\"},\"query-input\":{\"@type\":\"PropertyValueSpecification\",\"valueRequired\":true,\"valueName\":\"search_term_string\"}}],\"inLanguage\":\"pl-PL\"}]}<\/script>\n<!-- \/ Yoast SEO plugin. -->","yoast_head_json":{"title":"Redakcja serwisu www - Auto Moto Club - Studenckie Ko\u0142o Naukowe","robots":{"index":"index","follow":"follow","max-snippet":"max-snippet:-1","max-image-preview":"max-image-preview:large","max-video-preview":"max-video-preview:-1"},"canonical":"https:\/\/wm.pb.edu.pl\/automotoclub\/redakcja-serwisu-www\/","og_locale":"pl_PL","og_type":"article","og_title":"Redakcja serwisu www - Auto Moto Club - Studenckie Ko\u0142o Naukowe","og_description":"Serwis internetowy Uwagi dotycz\u0105ce&nbsp;funkcjonowania&nbsp;oraz&nbsp;zawarto\u015bci (opisy, fotografie itp.)&nbsp;poszczeg\u00f3lnych stron www wydzia\u0142owego serwisu internetowego prosz\u0119 przysy\u0142a\u0107 nawi\u0119cej","og_url":"https:\/\/wm.pb.edu.pl\/automotoclub\/redakcja-serwisu-www\/","og_site_name":"Auto Moto Club - Studenckie Ko\u0142o Naukowe","twitter_card":"summary_large_image","schema":{"@context":"https:\/\/schema.org","@graph":[{"@type":"WebPage","@id":"https:\/\/wm.pb.edu.pl\/automotoclub\/redakcja-serwisu-www\/","url":"https:\/\/wm.pb.edu.pl\/automotoclub\/redakcja-serwisu-www\/","name":"Redakcja serwisu www - Auto Moto Club - Studenckie Ko\u0142o Naukowe","isPartOf":{"@id":"https:\/\/wm.pb.edu.pl\/automotoclub\/#website"},"datePublished":"2020-09-29T06:34:14+00:00","breadcrumb":{"@id":"https:\/\/wm.pb.edu.pl\/automotoclub\/redakcja-serwisu-www\/#breadcrumb"},"inLanguage":"pl-PL","potentialAction":[{"@type":"ReadAction","target":["https:\/\/wm.pb.edu.pl\/automotoclub\/redakcja-serwisu-www\/"]}]},{"@type":"BreadcrumbList","@id":"https:\/\/wm.pb.edu.pl\/automotoclub\/redakcja-serwisu-www\/#breadcrumb","itemListElement":[{"@type":"ListItem","position":1,"name":"Strona g\u0142\u00f3wna","item":"https:\/\/wm.pb.edu.pl\/automotoclub\/"},{"@type":"ListItem","position":2,"name":"Redakcja serwisu www"}]},{"@type":"WebSite","@id":"https:\/\/wm.pb.edu.pl\/automotoclub\/#website","url":"https:\/\/wm.pb.edu.pl\/automotoclub\/","name":"Auto Moto Club - Studenckie Ko\u0142o Naukowe","description":"Kolejna witryna sieci &#8222;WM Witryn&#8221;","potentialAction":[{"@type":"SearchAction","target":{"@type":"EntryPoint","urlTemplate":"https:\/\/wm.pb.edu.pl\/automotoclub\/?s={search_term_string}"},"query-input":{"@type":"PropertyValueSpecification","valueRequired":true,"valueName":"search_term_string"}}],"inLanguage":"pl-PL"}]}},"_links":{"self":[{"href":"https:\/\/wm.pb.edu.pl\/automotoclub\/wp-json\/wp\/v2\/pages\/16","targetHints":{"allow":["GET"]}}],"collection":[{"href":"https:\/\/wm.pb.edu.pl\/automotoclub\/wp-json\/wp\/v2\/pages"}],"about":[{"href":"https:\/\/wm.pb.edu.pl\/automotoclub\/wp-json\/wp\/v2\/types\/page"}],"author":[{"embeddable":true,"href":"https:\/\/wm.pb.edu.pl\/automotoclub\/wp-json\/wp\/v2\/users\/14"}],"replies":[{"embeddable":true,"href":"https:\/\/wm.pb.edu.pl\/automotoclub\/wp-json\/wp\/v2\/comments?post=16"}],"version-history":[{"count":1,"href":"https:\/\/wm.pb.edu.pl\/automotoclub\/wp-json\/wp\/v2\/pages\/16\/revisions"}],"predecessor-version":[{"id":18,"href":"https:\/\/wm.pb.edu.pl\/automotoclub\/wp-json\/wp\/v2\/pages\/16\/revisions\/18"}],"wp:attachment":[{"href":"https:\/\/wm.pb.edu.pl\/automotoclub\/wp-json\/wp\/v2\/media?parent=16"}],"curies":[{"name":"wp","href":"https:\/\/api.w.org\/{rel}","templated":true}]}}