{"id":38,"date":"2021-03-01T10:44:58","date_gmt":"2021-03-01T09:44:58","guid":{"rendered":"https:\/\/wm.pb.edu.pl\/automotoclub\/?page_id=38"},"modified":"2022-12-23T09:52:13","modified_gmt":"2022-12-23T08:52:13","slug":"nasze-projekty","status":"publish","type":"page","link":"https:\/\/wm.pb.edu.pl\/automotoclub\/nasze-projekty\/","title":{"rendered":"Nasze projekty"},"content":{"rendered":"<h2 style=\"text-align: left\">Projekty realizowane przez student\u00f3w Wydzia\u0142u Mechanicznego Politechniki Bia\u0142ostockiej:<\/h2>\n<div class=\"row\">\n<div class=\"col-sm-7\" style=\"text-align: left\">\n<div class=\"panel-group\" id=\"custom-collapse-0\">\n<div class=\"panel panel-default\">\n\t\t\t\t<div class=\"panel-heading\">\n\t\t\t\t\t<div class=\"panel-title\">\n\t\t\t\t\t\t<a class=\"collapsed h4\" data-toggle=\"collapse\" data-parent=\"#custom-collapse-0\" href=\"#custom-collapse-0-0\">Cerber Motorsport<\/a>\n\t\t\t\t\t<\/div>\n\t\t\t\t<\/div>\n\t\t\t\t<div id=\"custom-collapse-0-0\" class=\"panel-collapse collapse\">\n\t\t\t\t\t<div class=\"panel-body\">\nHistoria budowy bolid\u00f3w na Wydziale Mechanicznym Politechniki Bia\u0142ostockiej si\u0119ga roku 2013. Studenci pracuj\u0105cy w dru\u017cynie Cerber Motorsport (dzia\u0142aj\u0105cy w ramach studenckiego ko\u0142a naukowego AUTO-MOTO-CLUB) zbudowali ju\u017c osiem pojazd\u00f3w startuj\u0105cych w Formula Student.<\/p>\n<p><a title=\"\" href=\"https:\/\/wm.pb.edu.pl\/cerbermotorsport\/\" target=\"_blank\" rel=\"noopener\">Strona www projektu Cerber Motorsport<\/a><\/p>\n<div style=\"text-align: center\"><a class=\"button\" href=\"https:\/\/wm.pb.edu.pl\/cerbermotorsport\/\">Dowiedz si\u0119 wi\u0119cej<\/a><\/div>\n<\/div>\n\t\t\t\t<\/div>\n\t\t\t<\/div>\n<div class=\"panel panel-default\">\n\t\t\t\t<div class=\"panel-heading\">\n\t\t\t\t\t<div class=\"panel-title\">\n\t\t\t\t\t\t<a class=\"collapsed h4\" data-toggle=\"collapse\" data-parent=\"#custom-collapse-0\" href=\"#custom-collapse-0-1\">Pneumobil<\/a>\n\t\t\t\t\t<\/div>\n\t\t\t\t<\/div>\n\t\t\t\t<div id=\"custom-collapse-0-1\" class=\"panel-collapse collapse\">\n\t\t\t\t\t<div class=\"panel-body\">\nZamiast spalania \u2013 spr\u0119\u017canie, zamiast baku z paliwem \u2013 butla ze spr\u0119\u017conym powietrzem. Ten pojazd nie produkuje spalin, a w czasie jazdy wydaje tylko d\u017awi\u0119k rozpr\u0119\u017caj\u0105cego si\u0119 powietrza. Ten pojazd nie zatruwa \u015brodowiska, a zamiast stacji paliw potrzebuje jedynie spr\u0119\u017carki. Ten pojazd to Pneumobil.<\/p>\n<div style=\"text-align: center\"><a class=\"button\" href=\"\/studenci\/kola-naukowe\/projekty-studenckie\/pneumobil\/\">Dowiedz si\u0119 wi\u0119cej<\/a><\/div>\n<\/div>\n\t\t\t\t<\/div>\n\t\t\t<\/div>\n<\/div>\n<h2 style=\"text-align: left\">Inne projekty realizowane przez student\u00f3w Wydzia\u0142u Mechanicznego Politechniki Bia\u0142ostockiej:<\/h2>\n<p><img loading=\"lazy\" decoding=\"async\" class=\"alignnone size-medium wp-image-64\" src=\"https:\/\/wm.pb.edu.pl\/automotoclub\/wp-content\/uploads\/sites\/14\/2022\/12\/monster01-300x157.jpg\" alt=\"Monster Truck niszcz\u0105cy samoch\u00f3d\" width=\"300\" height=\"157\" srcset=\"https:\/\/wm.pb.edu.pl\/automotoclub\/wp-content\/uploads\/sites\/14\/2022\/12\/monster01-300x157.jpg 300w, https:\/\/wm.pb.edu.pl\/automotoclub\/wp-content\/uploads\/sites\/14\/2022\/12\/monster01.jpg 540w\" sizes=\"auto, (max-width: 300px) 100vw, 300px\" \/><\/p>\n<p><a class=\"pdf\" title=\"otworzy si\u0119 w nowej karcie\" href=\"https:\/\/wm.pb.edu.pl\/automotoclub\/wp-content\/uploads\/sites\/14\/2022\/12\/MONSTER-TRUCK-Auto-Moto-Club.pdf\" target=\"_blank\" rel=\"noopener\" data-id=\"63\">MONSTER TRUCK &#8211; Auto Moto Club (PDF, wersja skanowana, 369 KB)<\/a><\/p>\n<p><img loading=\"lazy\" decoding=\"async\" class=\"alignnone size-medium wp-image-67\" src=\"https:\/\/wm.pb.edu.pl\/automotoclub\/wp-content\/uploads\/sites\/14\/2022\/12\/e3-300x181.jpg\" alt=\"oszcz\u0119dny projekt\" width=\"300\" height=\"181\" srcset=\"https:\/\/wm.pb.edu.pl\/automotoclub\/wp-content\/uploads\/sites\/14\/2022\/12\/e3-300x181.jpg 300w, https:\/\/wm.pb.edu.pl\/automotoclub\/wp-content\/uploads\/sites\/14\/2022\/12\/e3.jpg 343w\" sizes=\"auto, (max-width: 300px) 100vw, 300px\" \/><\/p>\n<p><a class=\"pdf\" title=\"otworzy si\u0119 w nowej karcie\" href=\"https:\/\/wm.pb.edu.pl\/automotoclub\/wp-content\/uploads\/sites\/14\/2022\/12\/OSZCZEDNY-Auto-Moto-Club-1.pdf\" target=\"_blank\" rel=\"noopener\" data-id=\"66\">OSZCZEDNY &#8211; Auto Moto Club (PDF, wersja skanowana, 192 KB)<\/a><\/p>\n<p><img loading=\"lazy\" decoding=\"async\" class=\"alignnone size-medium wp-image-68\" src=\"https:\/\/wm.pb.edu.pl\/automotoclub\/wp-content\/uploads\/sites\/14\/2022\/12\/d3-300x223.jpg\" alt=\"dragster\" width=\"300\" height=\"223\" srcset=\"https:\/\/wm.pb.edu.pl\/automotoclub\/wp-content\/uploads\/sites\/14\/2022\/12\/d3-300x223.jpg 300w, https:\/\/wm.pb.edu.pl\/automotoclub\/wp-content\/uploads\/sites\/14\/2022\/12\/d3.jpg 411w\" sizes=\"auto, (max-width: 300px) 100vw, 300px\" \/><\/p>\n<p><a class=\"pdf\" title=\"otworzy si\u0119 w nowej karcie\" href=\"https:\/\/wm.pb.edu.pl\/automotoclub\/wp-content\/uploads\/sites\/14\/2022\/12\/DRAGSTER-Auto-Moto-Club.pdf\" target=\"_blank\" rel=\"noopener\" data-id=\"69\">DRAGSTER &#8211; Auto Moto Club (PDF, wersja skanowana, 230 KB)<\/a><\/p>\n<p><img loading=\"lazy\" decoding=\"async\" class=\"alignnone size-medium wp-image-70\" src=\"https:\/\/wm.pb.edu.pl\/automotoclub\/wp-content\/uploads\/sites\/14\/2022\/12\/g3-300x247.jpg\" alt=\"gokart\" width=\"300\" height=\"247\" srcset=\"https:\/\/wm.pb.edu.pl\/automotoclub\/wp-content\/uploads\/sites\/14\/2022\/12\/g3-300x247.jpg 300w, https:\/\/wm.pb.edu.pl\/automotoclub\/wp-content\/uploads\/sites\/14\/2022\/12\/g3.jpg 390w\" sizes=\"auto, (max-width: 300px) 100vw, 300px\" \/><\/p>\n<p><a class=\"pdf\" title=\"otworzy si\u0119 w nowej karcie\" href=\"https:\/\/wm.pb.edu.pl\/automotoclub\/wp-content\/uploads\/sites\/14\/2022\/12\/GOKART-Auto-Moto-Club.pdf\" target=\"_blank\" rel=\"noopener\" data-id=\"71\">GOKART &#8211; Auto Moto Club (PDF, wersja skanowana, 239 KB)<\/a><\/p>\n<p><img loading=\"lazy\" decoding=\"async\" class=\"alignnone size-medium wp-image-72\" src=\"https:\/\/wm.pb.edu.pl\/automotoclub\/wp-content\/uploads\/sites\/14\/2022\/12\/gran22-300x135.png\" alt=\"LOWRIDER\" width=\"300\" height=\"135\" srcset=\"https:\/\/wm.pb.edu.pl\/automotoclub\/wp-content\/uploads\/sites\/14\/2022\/12\/gran22-300x135.png 300w, https:\/\/wm.pb.edu.pl\/automotoclub\/wp-content\/uploads\/sites\/14\/2022\/12\/gran22.png 594w\" sizes=\"auto, (max-width: 300px) 100vw, 300px\" \/><\/p>\n<p><a class=\"pdf\" title=\"otworzy si\u0119 w nowej karcie\" href=\"https:\/\/wm.pb.edu.pl\/automotoclub\/wp-content\/uploads\/sites\/14\/2022\/12\/LOWRIDER-Auto-Moto-Club.pdf\" target=\"_blank\" rel=\"noopener\" data-id=\"73\">LOWRIDER &#8211; Auto Moto Club (PDF, wersja skanowana, 745 KB)<\/a><\/p>\n<p><img loading=\"lazy\" decoding=\"async\" class=\"alignnone size-full wp-image-74\" src=\"https:\/\/wm.pb.edu.pl\/automotoclub\/wp-content\/uploads\/sites\/14\/2022\/12\/a3.jpg\" alt=\"MALUCH\" width=\"292\" height=\"185\"><\/p>\n<p><a class=\"pdf\" title=\"otworzy si\u0119 w nowej karcie\" href=\"https:\/\/wm.pb.edu.pl\/automotoclub\/wp-content\/uploads\/sites\/14\/2022\/12\/MALUCH-Auto-Moto-Club.pdf\" target=\"_blank\" rel=\"noopener\" data-id=\"75\">MALUCH &#8211; Auto Moto Club (PDF, wersja skanowana, 191 KB)<\/a><\/p>\n<p><img loading=\"lazy\" decoding=\"async\" class=\"alignnone size-medium wp-image-76\" src=\"https:\/\/wm.pb.edu.pl\/automotoclub\/wp-content\/uploads\/sites\/14\/2022\/12\/p3-300x215.jpg\" alt=\"PODUSZKOWIEC\" width=\"300\" height=\"215\" srcset=\"https:\/\/wm.pb.edu.pl\/automotoclub\/wp-content\/uploads\/sites\/14\/2022\/12\/p3-300x215.jpg 300w, https:\/\/wm.pb.edu.pl\/automotoclub\/wp-content\/uploads\/sites\/14\/2022\/12\/p3.jpg 372w\" sizes=\"auto, (max-width: 300px) 100vw, 300px\" \/><\/p>\n<p><a class=\"pdf\" title=\"otworzy si\u0119 w nowej karcie\" href=\"https:\/\/wm.pb.edu.pl\/automotoclub\/wp-content\/uploads\/sites\/14\/2022\/12\/PODUSZKOWIEC-Auto-Moto-Club.pdf\" target=\"_blank\" rel=\"noopener\" data-id=\"77\">PODUSZKOWIEC &#8211; Auto Moto Club (PDF, wersja skanowana, 236 KB)<\/a><\/p>\n<p><img loading=\"lazy\" decoding=\"async\" class=\"alignnone size-medium wp-image-78\" src=\"https:\/\/wm.pb.edu.pl\/automotoclub\/wp-content\/uploads\/sites\/14\/2022\/12\/w1-300x231.jpg\" alt=\"waldi\" width=\"300\" height=\"231\" srcset=\"https:\/\/wm.pb.edu.pl\/automotoclub\/wp-content\/uploads\/sites\/14\/2022\/12\/w1-300x231.jpg 300w, https:\/\/wm.pb.edu.pl\/automotoclub\/wp-content\/uploads\/sites\/14\/2022\/12\/w1.jpg 359w\" sizes=\"auto, (max-width: 300px) 100vw, 300px\" \/><\/p>\n<p><a class=\"pdf\" title=\"otworzy si\u0119 w nowej karcie\" href=\"https:\/\/wm.pb.edu.pl\/automotoclub\/wp-content\/uploads\/sites\/14\/2022\/12\/WALDI-Auto-Moto-Club.pdf\" target=\"_blank\" rel=\"noopener\" data-id=\"79\">WALDI &#8211; Auto Moto Club (PDF, wersja skanowana, 244 KB)<\/a><\/p>\n<p><img loading=\"lazy\" decoding=\"async\" class=\"alignnone size-full wp-image-80\" src=\"https:\/\/wm.pb.edu.pl\/automotoclub\/wp-content\/uploads\/sites\/14\/2022\/12\/l3.jpg\" alt=\"WALDOLOT \" width=\"251\" height=\"207\"><\/p>\n<p><a class=\"pdf\" title=\"otworzy si\u0119 w nowej karcie\" href=\"https:\/\/wm.pb.edu.pl\/automotoclub\/wp-content\/uploads\/sites\/14\/2022\/12\/WALDOLOT-Auto-Moto-Club.pdf\" target=\"_blank\" rel=\"noopener\" data-id=\"81\">WALDOLOT &#8211; Auto Moto Club (PDF, wersja skanowana, 167 KB)<\/a><\/p>\n<p>&nbsp;<\/p>\n<p>&nbsp;<\/p>\n<\/div>\n<p>&nbsp;<\/p>\n<p>&nbsp;<\/p>\n<div class=\"col-sm-5\">\n<p>&nbsp;<\/p>\n<p>&nbsp;<\/p>\n<\/div>\n<\/div>\n","protected":false},"excerpt":{"rendered":"<p>Projekty realizowane przez student\u00f3w Wydzia\u0142u Mechanicznego Politechniki Bia\u0142ostockiej: Inne projekty realizowane przez student\u00f3w Wydzia\u0142u Mechanicznego<a class=\"read-more\" href=\"https:\/\/wm.pb.edu.pl\/automotoclub\/nasze-projekty\/\" title=\"Poka\u017c artyku\u0142 Nasze projekty\">wi\u0119cej<\/a><\/p>\n","protected":false},"author":14,"featured_media":0,"parent":0,"menu_order":0,"comment_status":"closed","ping_status":"closed","template":"","meta":{"inline_featured_image":false,"ngg_post_thumbnail":0,"footnotes":""},"class_list":["post-38","page","type-page","status-publish","hentry"],"acf":[],"yoast_head":"<!-- This site is optimized with the Yoast SEO plugin v26.4 - https:\/\/yoast.com\/wordpress\/plugins\/seo\/ -->\n<title>Nasze projekty - Auto Moto Club - Studenckie Ko\u0142o Naukowe<\/title>\n<meta name=\"robots\" content=\"index, follow, max-snippet:-1, max-image-preview:large, max-video-preview:-1\" \/>\n<link rel=\"canonical\" href=\"https:\/\/wm.pb.edu.pl\/automotoclub\/nasze-projekty\/\" \/>\n<meta property=\"og:locale\" content=\"pl_PL\" \/>\n<meta property=\"og:type\" content=\"article\" \/>\n<meta property=\"og:title\" content=\"Nasze projekty - Auto Moto Club - Studenckie Ko\u0142o Naukowe\" \/>\n<meta property=\"og:description\" content=\"Projekty realizowane przez student\u00f3w Wydzia\u0142u Mechanicznego Politechniki Bia\u0142ostockiej: Inne projekty realizowane przez student\u00f3w Wydzia\u0142u Mechanicznegowi\u0119cej\" \/>\n<meta property=\"og:url\" content=\"https:\/\/wm.pb.edu.pl\/automotoclub\/nasze-projekty\/\" \/>\n<meta property=\"og:site_name\" content=\"Auto Moto Club - Studenckie Ko\u0142o Naukowe\" \/>\n<meta property=\"article:modified_time\" content=\"2022-12-23T08:52:13+00:00\" \/>\n<meta property=\"og:image\" content=\"https:\/\/wm.pb.edu.pl\/automotoclub\/wp-content\/uploads\/sites\/14\/2022\/12\/monster01-300x157.jpg\" \/>\n<meta name=\"twitter:card\" content=\"summary_large_image\" \/>\n<meta name=\"twitter:label1\" content=\"Szacowany czas czytania\" \/>\n\t<meta name=\"twitter:data1\" content=\"3 minuty\" \/>\n<script type=\"application\/ld+json\" class=\"yoast-schema-graph\">{\"@context\":\"https:\/\/schema.org\",\"@graph\":[{\"@type\":\"WebPage\",\"@id\":\"https:\/\/wm.pb.edu.pl\/automotoclub\/nasze-projekty\/\",\"url\":\"https:\/\/wm.pb.edu.pl\/automotoclub\/nasze-projekty\/\",\"name\":\"Nasze projekty - Auto Moto Club - Studenckie Ko\u0142o Naukowe\",\"isPartOf\":{\"@id\":\"https:\/\/wm.pb.edu.pl\/automotoclub\/#website\"},\"primaryImageOfPage\":{\"@id\":\"https:\/\/wm.pb.edu.pl\/automotoclub\/nasze-projekty\/#primaryimage\"},\"image\":{\"@id\":\"https:\/\/wm.pb.edu.pl\/automotoclub\/nasze-projekty\/#primaryimage\"},\"thumbnailUrl\":\"https:\/\/wm.pb.edu.pl\/automotoclub\/wp-content\/uploads\/sites\/14\/2022\/12\/monster01-300x157.jpg\",\"datePublished\":\"2021-03-01T09:44:58+00:00\",\"dateModified\":\"2022-12-23T08:52:13+00:00\",\"breadcrumb\":{\"@id\":\"https:\/\/wm.pb.edu.pl\/automotoclub\/nasze-projekty\/#breadcrumb\"},\"inLanguage\":\"pl-PL\",\"potentialAction\":[{\"@type\":\"ReadAction\",\"target\":[\"https:\/\/wm.pb.edu.pl\/automotoclub\/nasze-projekty\/\"]}]},{\"@type\":\"ImageObject\",\"inLanguage\":\"pl-PL\",\"@id\":\"https:\/\/wm.pb.edu.pl\/automotoclub\/nasze-projekty\/#primaryimage\",\"url\":\"https:\/\/wm.pb.edu.pl\/automotoclub\/wp-content\/uploads\/sites\/14\/2022\/12\/monster01.jpg\",\"contentUrl\":\"https:\/\/wm.pb.edu.pl\/automotoclub\/wp-content\/uploads\/sites\/14\/2022\/12\/monster01.jpg\",\"width\":540,\"height\":283},{\"@type\":\"BreadcrumbList\",\"@id\":\"https:\/\/wm.pb.edu.pl\/automotoclub\/nasze-projekty\/#breadcrumb\",\"itemListElement\":[{\"@type\":\"ListItem\",\"position\":1,\"name\":\"Strona g\u0142\u00f3wna\",\"item\":\"https:\/\/wm.pb.edu.pl\/automotoclub\/\"},{\"@type\":\"ListItem\",\"position\":2,\"name\":\"Nasze projekty\"}]},{\"@type\":\"WebSite\",\"@id\":\"https:\/\/wm.pb.edu.pl\/automotoclub\/#website\",\"url\":\"https:\/\/wm.pb.edu.pl\/automotoclub\/\",\"name\":\"Auto Moto Club - Studenckie Ko\u0142o Naukowe\",\"description\":\"Kolejna witryna sieci &#8222;WM Witryn&#8221;\",\"potentialAction\":[{\"@type\":\"SearchAction\",\"target\":{\"@type\":\"EntryPoint\",\"urlTemplate\":\"https:\/\/wm.pb.edu.pl\/automotoclub\/?s={search_term_string}\"},\"query-input\":{\"@type\":\"PropertyValueSpecification\",\"valueRequired\":true,\"valueName\":\"search_term_string\"}}],\"inLanguage\":\"pl-PL\"}]}<\/script>\n<!-- \/ Yoast SEO plugin. -->","yoast_head_json":{"title":"Nasze projekty - Auto Moto Club - Studenckie Ko\u0142o Naukowe","robots":{"index":"index","follow":"follow","max-snippet":"max-snippet:-1","max-image-preview":"max-image-preview:large","max-video-preview":"max-video-preview:-1"},"canonical":"https:\/\/wm.pb.edu.pl\/automotoclub\/nasze-projekty\/","og_locale":"pl_PL","og_type":"article","og_title":"Nasze projekty - Auto Moto Club - Studenckie Ko\u0142o Naukowe","og_description":"Projekty realizowane przez student\u00f3w Wydzia\u0142u Mechanicznego Politechniki Bia\u0142ostockiej: Inne projekty realizowane przez student\u00f3w Wydzia\u0142u Mechanicznegowi\u0119cej","og_url":"https:\/\/wm.pb.edu.pl\/automotoclub\/nasze-projekty\/","og_site_name":"Auto Moto Club - Studenckie Ko\u0142o Naukowe","article_modified_time":"2022-12-23T08:52:13+00:00","og_image":[{"url":"https:\/\/wm.pb.edu.pl\/automotoclub\/wp-content\/uploads\/sites\/14\/2022\/12\/monster01-300x157.jpg","type":"","width":"","height":""}],"twitter_card":"summary_large_image","twitter_misc":{"Szacowany czas czytania":"3 minuty"},"schema":{"@context":"https:\/\/schema.org","@graph":[{"@type":"WebPage","@id":"https:\/\/wm.pb.edu.pl\/automotoclub\/nasze-projekty\/","url":"https:\/\/wm.pb.edu.pl\/automotoclub\/nasze-projekty\/","name":"Nasze projekty - Auto Moto Club - Studenckie Ko\u0142o Naukowe","isPartOf":{"@id":"https:\/\/wm.pb.edu.pl\/automotoclub\/#website"},"primaryImageOfPage":{"@id":"https:\/\/wm.pb.edu.pl\/automotoclub\/nasze-projekty\/#primaryimage"},"image":{"@id":"https:\/\/wm.pb.edu.pl\/automotoclub\/nasze-projekty\/#primaryimage"},"thumbnailUrl":"https:\/\/wm.pb.edu.pl\/automotoclub\/wp-content\/uploads\/sites\/14\/2022\/12\/monster01-300x157.jpg","datePublished":"2021-03-01T09:44:58+00:00","dateModified":"2022-12-23T08:52:13+00:00","breadcrumb":{"@id":"https:\/\/wm.pb.edu.pl\/automotoclub\/nasze-projekty\/#breadcrumb"},"inLanguage":"pl-PL","potentialAction":[{"@type":"ReadAction","target":["https:\/\/wm.pb.edu.pl\/automotoclub\/nasze-projekty\/"]}]},{"@type":"ImageObject","inLanguage":"pl-PL","@id":"https:\/\/wm.pb.edu.pl\/automotoclub\/nasze-projekty\/#primaryimage","url":"https:\/\/wm.pb.edu.pl\/automotoclub\/wp-content\/uploads\/sites\/14\/2022\/12\/monster01.jpg","contentUrl":"https:\/\/wm.pb.edu.pl\/automotoclub\/wp-content\/uploads\/sites\/14\/2022\/12\/monster01.jpg","width":540,"height":283},{"@type":"BreadcrumbList","@id":"https:\/\/wm.pb.edu.pl\/automotoclub\/nasze-projekty\/#breadcrumb","itemListElement":[{"@type":"ListItem","position":1,"name":"Strona g\u0142\u00f3wna","item":"https:\/\/wm.pb.edu.pl\/automotoclub\/"},{"@type":"ListItem","position":2,"name":"Nasze projekty"}]},{"@type":"WebSite","@id":"https:\/\/wm.pb.edu.pl\/automotoclub\/#website","url":"https:\/\/wm.pb.edu.pl\/automotoclub\/","name":"Auto Moto Club - Studenckie Ko\u0142o Naukowe","description":"Kolejna witryna sieci &#8222;WM Witryn&#8221;","potentialAction":[{"@type":"SearchAction","target":{"@type":"EntryPoint","urlTemplate":"https:\/\/wm.pb.edu.pl\/automotoclub\/?s={search_term_string}"},"query-input":{"@type":"PropertyValueSpecification","valueRequired":true,"valueName":"search_term_string"}}],"inLanguage":"pl-PL"}]}},"_links":{"self":[{"href":"https:\/\/wm.pb.edu.pl\/automotoclub\/wp-json\/wp\/v2\/pages\/38","targetHints":{"allow":["GET"]}}],"collection":[{"href":"https:\/\/wm.pb.edu.pl\/automotoclub\/wp-json\/wp\/v2\/pages"}],"about":[{"href":"https:\/\/wm.pb.edu.pl\/automotoclub\/wp-json\/wp\/v2\/types\/page"}],"author":[{"embeddable":true,"href":"https:\/\/wm.pb.edu.pl\/automotoclub\/wp-json\/wp\/v2\/users\/14"}],"replies":[{"embeddable":true,"href":"https:\/\/wm.pb.edu.pl\/automotoclub\/wp-json\/wp\/v2\/comments?post=38"}],"version-history":[{"count":5,"href":"https:\/\/wm.pb.edu.pl\/automotoclub\/wp-json\/wp\/v2\/pages\/38\/revisions"}],"predecessor-version":[{"id":83,"href":"https:\/\/wm.pb.edu.pl\/automotoclub\/wp-json\/wp\/v2\/pages\/38\/revisions\/83"}],"wp:attachment":[{"href":"https:\/\/wm.pb.edu.pl\/automotoclub\/wp-json\/wp\/v2\/media?parent=38"}],"curies":[{"name":"wp","href":"https:\/\/api.w.org\/{rel}","templated":true}]}}