{"id":1045,"date":"2024-11-17T13:48:07","date_gmt":"2024-11-17T12:48:07","guid":{"rendered":"https:\/\/wm.pb.edu.pl\/cerbermotorsport\/?page_id=1045"},"modified":"2026-01-21T15:49:39","modified_gmt":"2026-01-21T14:49:39","slug":"zespol-cms-08","status":"publish","type":"page","link":"https:\/\/wm.pb.edu.pl\/cerbermotorsport\/zespol-cms-08\/","title":{"rendered":"Zesp\u00f3\u0142 CMS-08"},"content":{"rendered":"<p><img loading=\"lazy\" decoding=\"async\" class=\"alignnone wp-image-1029 size-full\" src=\"https:\/\/wm.pb.edu.pl\/cerbermotorsport\/wp-content\/uploads\/sites\/13\/2026\/01\/Cerber-CMS-08.jpg\" alt=\"\" width=\"2048\" height=\"1364\"><\/p>\n<hr>\n<p style=\"text-align: center\"><strong><span style=\"font-size: 24pt\">KIEROWNICTWO<\/span><\/strong><\/p>\n<div class=\"row\"><\/div>\n<div class=\"col-md-2\">\n<\/div>\n<div class=\"col-md-4\">\n<img decoding=\"async\" src=\"https:\/\/wm.pb.edu.pl\/cerbermotorsport\/wp-content\/uploads\/sites\/13\/2021\/01\/24.png\" alt=\"Micha\u0142 Gleba\"><br \/>\n<strong>Micha\u0142 Gleba<\/strong><br \/>\nKoordynator Projektu<br \/>\n<\/div>\n<div class=\"col-md-4\">\n<img decoding=\"async\" src=\"https:\/\/wm.pb.edu.pl\/cerbermotorsport\/wp-content\/uploads\/sites\/13\/2021\/01\/24.png\" alt=\"Patryk Siekaniec\"><br \/>\n<strong>Patryk Siekaniec<\/strong><br \/>\nKoordynator Techniczny<br \/>\n<\/div>\n<div class=\"col-md-2\">\n<\/div>\n<p style=\"text-align: center\"><strong><span style=\"font-size: 24pt\">ELEKTRONIKA<\/span><\/strong><\/p>\n<div class=\"row\"><\/div>\n<div class=\"col-md-4\">\n<\/div>\n<div class=\"col-md-4\">\n<img decoding=\"async\" src=\"https:\/\/wm.pb.edu.pl\/cerbermotorsport\/wp-content\/uploads\/sites\/13\/2021\/01\/24.png\" alt=\"Kacper Stasiewicz\"><br \/>\n<strong>Kacper Stasiewicz<\/strong><br \/>\nKoordynator dzia\u0142u elektronika<br \/>\n<\/div>\n<div class=\"col-md-4\">\n<\/div>\n<div class=\"row\"><\/div>\n<div class=\"col-md-4\">\n<img decoding=\"async\" src=\"https:\/\/wm.pb.edu.pl\/cerbermotorsport\/wp-content\/uploads\/sites\/13\/2021\/01\/24.png\" alt=\"Szymon Andrzejewski\"><br \/>\n<strong>Szymon Andrzejewski<\/strong><br \/>\n<\/div>\n<div class=\"col-md-4\">\n<img decoding=\"async\" src=\"https:\/\/wm.pb.edu.pl\/cerbermotorsport\/wp-content\/uploads\/sites\/13\/2021\/01\/24.png\" alt=\"Adrian \u0141ada\"><br \/>\n<strong>Adrian \u0141ada<\/strong><br \/>\n<\/div>\n<div class=\"col-md-4\">\n<img decoding=\"async\" src=\"https:\/\/wm.pb.edu.pl\/cerbermotorsport\/wp-content\/uploads\/sites\/13\/2021\/01\/24.png\" alt=\"Micha\u0142 W\u0105do\u0142owski\"><br \/>\n<strong>Micha\u0142 W\u0105do\u0142owski<\/strong><br \/>\n<\/div>\n<div class=\"row\"><\/div>\n<div class=\"col-md-4\">\n<img decoding=\"async\" src=\"https:\/\/wm.pb.edu.pl\/cerbermotorsport\/wp-content\/uploads\/sites\/13\/2021\/01\/24.png\" alt=\"Szymon Sakowicz\"><br \/>\n<strong>Szymon Sakowicz<\/strong><br \/>\n<\/div>\n<div class=\"col-md-4\">\n<img decoding=\"async\" src=\"https:\/\/wm.pb.edu.pl\/cerbermotorsport\/wp-content\/uploads\/sites\/13\/2021\/01\/24.png\" alt=\"Micha\u0142 Szara\u0142o\"><br \/>\n<strong>Micha\u0142 Szara\u0142o<\/strong><br \/>\n<\/div>\n<div class=\"col-md-4\">\n<img decoding=\"async\" src=\"https:\/\/wm.pb.edu.pl\/cerbermotorsport\/wp-content\/uploads\/sites\/13\/2021\/01\/24.png\" alt=\"Janusz \u015amiarowski\"><br \/>\n<strong>Janusz \u015amiarowski<\/strong><br \/>\n<\/div>\n<div class=\"row\"><\/div>\n<div class=\"col-md-4\">\n<img decoding=\"async\" src=\"https:\/\/wm.pb.edu.pl\/cerbermotorsport\/wp-content\/uploads\/sites\/13\/2021\/01\/24.png\" alt=\"Kondrad Horczak\"><br \/>\n<strong>Kondrad Horczak<\/strong><br \/>\n<\/div>\n<div class=\"col-md-4\">\n<img decoding=\"async\" src=\"https:\/\/wm.pb.edu.pl\/cerbermotorsport\/wp-content\/uploads\/sites\/13\/2021\/01\/24.png\" alt=\"\u0141ukasz Sutyniec\"><br \/>\n<strong>\u0141ukasz Sutyniec<\/strong><br \/>\n<\/div>\n<div class=\"col-md-4\">\n<img decoding=\"async\" src=\"https:\/\/wm.pb.edu.pl\/cerbermotorsport\/wp-content\/uploads\/sites\/13\/2021\/01\/24.png\" alt=\"Micha\u0142 Koz\u0142owski\"><br \/>\n<strong>Micha\u0142 Koz\u0142owski<\/strong><br \/>\n<\/div>\n<p style=\"text-align: center\"><strong><span style=\"font-size: 24pt\">KONSTRUKCJA NO\u015aNA<\/span><\/strong><\/p>\n<div class=\"row\"><\/div>\n<div class=\"col-md-4\">\n<\/div>\n<div class=\"col-md-4\">\n<img decoding=\"async\" src=\"https:\/\/wm.pb.edu.pl\/cerbermotorsport\/wp-content\/uploads\/sites\/13\/2021\/01\/24.png\" alt=\"Mateusz Zachariasz\"><br \/>\n<strong>Mateusz Zachariasz<\/strong><br \/>\nKoordynator dzia\u0142u konstrukcja no\u015bna<br \/>\n<\/div>\n<div class=\"col-md-4\">\n<\/div>\n<div class=\"row\"><\/div>\n<div class=\"col-md-4\">\n<\/div>\n<div class=\"col-md-4\">\n<img decoding=\"async\" src=\"https:\/\/wm.pb.edu.pl\/cerbermotorsport\/wp-content\/uploads\/sites\/13\/2021\/01\/24.png\" alt=\"Daniel Ja\u0144czuk\"><br \/>\n<strong>Daniel Ja\u0144czuk<\/strong><br \/>\n<\/div>\n<div class=\"col-md-4\">\n<\/div>\n<div class=\"row\"><\/div>\n<div class=\"col-md-4\">\n<\/div>\n<div class=\"col-md-4\">\n<\/div>\n<div class=\"col-md-4\">\n<\/div>\n<p style=\"text-align: center\"><strong><span style=\"font-size: 24pt\">SILNIK I NAP\u0118D<\/span><\/strong><\/p>\n<div class=\"row\"><\/div>\n<div class=\"col-md-4\">\n<\/div>\n<div class=\"col-md-4\">\n<img decoding=\"async\" src=\"https:\/\/wm.pb.edu.pl\/cerbermotorsport\/wp-content\/uploads\/sites\/13\/2021\/01\/24.png\" alt=\"Julian Rz\u0105ca\"><br \/>\n<strong>Julian Rz\u0105ca<\/strong><br \/>\nKoordynator dzia\u0142u silnik i nap\u0119d<br \/>\n<\/div>\n<div class=\"col-md-4\">\n<\/div>\n<div class=\"row\"><\/div>\n<div class=\"col-md-3\">\n<img decoding=\"async\" src=\"https:\/\/wm.pb.edu.pl\/cerbermotorsport\/wp-content\/uploads\/sites\/13\/2021\/01\/24.png\" alt=\"Dawid Jakubowski\"><br \/>\n<strong>Dawid Jakubowski<\/strong><br \/>\n<\/div>\n<div class=\"col-md-3\">\n<img decoding=\"async\" src=\"https:\/\/wm.pb.edu.pl\/cerbermotorsport\/wp-content\/uploads\/sites\/13\/2021\/01\/24.png\" alt=\"Marcin Twarowski\"><br \/>\n<strong>Marcin Twarowski<\/strong><br \/>\n<\/div>\n<div class=\"col-md-3\">\n<img decoding=\"async\" src=\"https:\/\/wm.pb.edu.pl\/cerbermotorsport\/wp-content\/uploads\/sites\/13\/2021\/01\/24.png\" alt=\"Mateusz Zolnik\"><br \/>\n<strong>Mateusz Zolnik<\/strong><br \/>\n<\/div>\n<div class=\"col-md-3\">\n<img decoding=\"async\" src=\"https:\/\/wm.pb.edu.pl\/cerbermotorsport\/wp-content\/uploads\/sites\/13\/2021\/01\/24.png\" alt=\"Piotr Cywoniuk\"><br \/>\n<strong>Szymon Wasilewski<\/strong><br \/>\n<\/div>\n<div class=\"row\"><\/div>\n<div class=\"col-md-3\">\n<img decoding=\"async\" src=\"https:\/\/wm.pb.edu.pl\/cerbermotorsport\/wp-content\/uploads\/sites\/13\/2021\/01\/24.png\" alt=\"Edgar Hryniewicki\"><br \/>\n<strong>Edgar Hryniewicki<\/strong><br \/>\n<\/div>\n<div class=\"col-md-3\">\n<img decoding=\"async\" src=\"https:\/\/wm.pb.edu.pl\/cerbermotorsport\/wp-content\/uploads\/sites\/13\/2021\/01\/24.png\" alt=\"Magdalena \u0141yczewska\"><br \/>\n<strong>Magdalena \u0141yczewska<\/strong><br \/>\n<\/div>\n<div class=\"col-md-3\">\n<img decoding=\"async\" src=\"https:\/\/wm.pb.edu.pl\/cerbermotorsport\/wp-content\/uploads\/sites\/13\/2021\/01\/24.png\" alt=\"Mateusz Jaroszuk\"><br \/>\n<strong>Mateusz Jaroszuk<\/strong><br \/>\n<\/div>\n<div class=\"col-md-3\">\n<img decoding=\"async\" src=\"https:\/\/wm.pb.edu.pl\/cerbermotorsport\/wp-content\/uploads\/sites\/13\/2021\/01\/24.png\" alt=\"Szymon Wasilewski\"><br \/>\n<strong>Szymon Wasilewski<\/strong><br \/>\n<\/div>\n<p style=\"text-align: center\"><strong><span style=\"font-size: 24pt\">ZAWIESZENIE<\/span><\/strong><\/p>\n<div class=\"row\"><\/div>\n<div class=\"col-md-4\">\n<\/div>\n<div class=\"col-md-4\">\n<img decoding=\"async\" src=\"https:\/\/wm.pb.edu.pl\/cerbermotorsport\/wp-content\/uploads\/sites\/13\/2021\/01\/24.png\" alt=\"Patryk Siekaniec\"><br \/>\n<strong>Patryk Siekaniec<\/strong><br \/>\nKoordynator dzia\u0142u zawieszenie<br \/>\n<\/div>\n<div class=\"col-md-4\">\n<\/div>\n<div class=\"row\"><\/div>\n<div class=\"col-md-2\">\n<\/div>\n<div class=\"col-md-4\">\n<img decoding=\"async\" src=\"https:\/\/wm.pb.edu.pl\/cerbermotorsport\/wp-content\/uploads\/sites\/13\/2021\/01\/24.png\" alt=\"\u0141ukasz Pilipiuk\"><br \/>\n<strong>\u0141ukasz Pilipiuk<\/strong><br \/>\n<\/div>\n<div class=\"col-md-4\">\n<img decoding=\"async\" src=\"https:\/\/wm.pb.edu.pl\/cerbermotorsport\/wp-content\/uploads\/sites\/13\/2021\/01\/24.png\" alt=\"Bartosz Si\u0142kowski\"><br \/>\n<strong>Bartosz Si\u0142kowski<\/strong><br \/>\n<\/div>\n<div class=\"col-md-2\">\n<\/div>\n<p style=\"text-align: center\"><strong><span style=\"font-size: 24pt\">AERODYNAMIKA<\/span><\/strong><\/p>\n<div class=\"row\"><\/div>\n<div class=\"col-md-4\">\n<\/div>\n<div class=\"col-md-4\">\n<img decoding=\"async\" src=\"https:\/\/wm.pb.edu.pl\/cerbermotorsport\/wp-content\/uploads\/sites\/13\/2021\/01\/24.png\" alt=\"Jakub Moroz\"><br \/>\n<strong>Jakub Moroz<\/strong><br \/>\nKoordynator dzia\u0142u aerodynamika<br \/>\n<\/div>\n<div class=\"col-md-4\">\n<\/div>\n<div class=\"row\"><\/div>\n<div class=\"col-md-4\">\n<img decoding=\"async\" src=\"https:\/\/wm.pb.edu.pl\/cerbermotorsport\/wp-content\/uploads\/sites\/13\/2021\/01\/24.png\" alt=\"Karol Myszkiewicz\"><br \/>\n<strong>Karol Myszkiewicz<\/strong><br \/>\n<\/div>\n<div class=\"col-md-4\">\n<img decoding=\"async\" src=\"https:\/\/wm.pb.edu.pl\/cerbermotorsport\/wp-content\/uploads\/sites\/13\/2021\/01\/24.png\" alt=\"Hubert Dobecki\"><br \/>\n<strong>Hubert Dobecki<\/strong><br \/>\n<\/div>\n<div class=\"col-md-4\">\n<img decoding=\"async\" src=\"https:\/\/wm.pb.edu.pl\/cerbermotorsport\/wp-content\/uploads\/sites\/13\/2021\/01\/24.png\" alt=\"Adrian Redes\"><br \/>\n<strong>Adrian Redes<\/strong><br \/>\n<\/div>\n<div class=\"row\"><\/div>\n<div class=\"col-md-2\">\n<\/div>\n<div class=\"col-md-4\">\n<img decoding=\"async\" src=\"https:\/\/wm.pb.edu.pl\/cerbermotorsport\/wp-content\/uploads\/sites\/13\/2021\/01\/24.png\" alt=\"\u0141ukasz Tymi\u0144ski\"><br \/>\n<strong>\u0141ukasz Tymi\u0144ski<\/strong><br \/>\n<\/div>\n<div class=\"col-md-4\">\n<img decoding=\"async\" src=\"https:\/\/wm.pb.edu.pl\/cerbermotorsport\/wp-content\/uploads\/sites\/13\/2021\/01\/24.png\" alt=\"Tomasz Sobolewski\"><br \/>\n<strong>Tomasz Sobolewski<\/strong><br \/>\n<\/div>\n<div class=\"col-md-2\">\n<\/div>\n","protected":false},"excerpt":{"rendered":"<p>KIEROWNICTWO ELEKTRONIKA KONSTRUKCJA NO\u015aNA SILNIK I NAP\u0118D ZAWIESZENIE AERODYNAMIKA<\/p>\n","protected":false},"author":120,"featured_media":0,"parent":0,"menu_order":0,"comment_status":"closed","ping_status":"closed","template":"","meta":{"inline_featured_image":false,"ngg_post_thumbnail":0,"footnotes":""},"class_list":["post-1045","page","type-page","status-publish","hentry"],"acf":[],"yoast_head":"<!-- This site is optimized with the Yoast SEO plugin v26.4 - https:\/\/yoast.com\/wordpress\/plugins\/seo\/ -->\n<title>Zesp\u00f3\u0142 CMS-08 - Cerber Motorsport - Wydzia\u0142 Mechaniczny PB<\/title>\n<meta name=\"robots\" content=\"index, follow, max-snippet:-1, max-image-preview:large, max-video-preview:-1\" \/>\n<link rel=\"canonical\" href=\"https:\/\/wm.pb.edu.pl\/cerbermotorsport\/zespol-cms-08\/\" \/>\n<meta property=\"og:locale\" content=\"pl_PL\" \/>\n<meta property=\"og:type\" content=\"article\" \/>\n<meta property=\"og:title\" content=\"Zesp\u00f3\u0142 CMS-08 - Cerber Motorsport - Wydzia\u0142 Mechaniczny PB\" \/>\n<meta property=\"og:description\" content=\"KIEROWNICTWO ELEKTRONIKA KONSTRUKCJA NO\u015aNA SILNIK I NAP\u0118D ZAWIESZENIE AERODYNAMIKA\" \/>\n<meta property=\"og:url\" content=\"https:\/\/wm.pb.edu.pl\/cerbermotorsport\/zespol-cms-08\/\" \/>\n<meta property=\"og:site_name\" content=\"Cerber Motorsport - Wydzia\u0142 Mechaniczny PB\" \/>\n<meta property=\"article:modified_time\" content=\"2026-01-21T14:49:39+00:00\" \/>\n<meta property=\"og:image\" content=\"https:\/\/wm.pb.edu.pl\/cerbermotorsport\/wp-content\/uploads\/sites\/13\/2024\/11\/226244243_225373982922995_2507403449885161655_n-4.jpg\" \/>\n\t<meta property=\"og:image:width\" content=\"2048\" \/>\n\t<meta property=\"og:image:height\" content=\"1364\" \/>\n\t<meta property=\"og:image:type\" content=\"image\/jpeg\" \/>\n<meta name=\"twitter:card\" content=\"summary_large_image\" \/>\n<meta name=\"twitter:label1\" content=\"Szacowany czas czytania\" \/>\n\t<meta name=\"twitter:data1\" content=\"6 minut\" \/>\n<script type=\"application\/ld+json\" class=\"yoast-schema-graph\">{\"@context\":\"https:\/\/schema.org\",\"@graph\":[{\"@type\":\"WebPage\",\"@id\":\"https:\/\/wm.pb.edu.pl\/cerbermotorsport\/zespol-cms-08\/\",\"url\":\"https:\/\/wm.pb.edu.pl\/cerbermotorsport\/zespol-cms-08\/\",\"name\":\"Zesp\u00f3\u0142 CMS-08 - Cerber Motorsport - Wydzia\u0142 Mechaniczny PB\",\"isPartOf\":{\"@id\":\"https:\/\/wm.pb.edu.pl\/cerbermotorsport\/#website\"},\"primaryImageOfPage\":{\"@id\":\"https:\/\/wm.pb.edu.pl\/cerbermotorsport\/zespol-cms-08\/#primaryimage\"},\"image\":{\"@id\":\"https:\/\/wm.pb.edu.pl\/cerbermotorsport\/zespol-cms-08\/#primaryimage\"},\"thumbnailUrl\":\"https:\/\/wm.pb.edu.pl\/cerbermotorsport\/wp-content\/uploads\/sites\/13\/2026\/01\/Cerber-CMS-08.jpg\",\"datePublished\":\"2024-11-17T12:48:07+00:00\",\"dateModified\":\"2026-01-21T14:49:39+00:00\",\"breadcrumb\":{\"@id\":\"https:\/\/wm.pb.edu.pl\/cerbermotorsport\/zespol-cms-08\/#breadcrumb\"},\"inLanguage\":\"pl-PL\",\"potentialAction\":[{\"@type\":\"ReadAction\",\"target\":[\"https:\/\/wm.pb.edu.pl\/cerbermotorsport\/zespol-cms-08\/\"]}]},{\"@type\":\"ImageObject\",\"inLanguage\":\"pl-PL\",\"@id\":\"https:\/\/wm.pb.edu.pl\/cerbermotorsport\/zespol-cms-08\/#primaryimage\",\"url\":\"https:\/\/wm.pb.edu.pl\/cerbermotorsport\/wp-content\/uploads\/sites\/13\/2024\/11\/226244243_225373982922995_2507403449885161655_n-4.jpg\",\"contentUrl\":\"https:\/\/wm.pb.edu.pl\/cerbermotorsport\/wp-content\/uploads\/sites\/13\/2024\/11\/226244243_225373982922995_2507403449885161655_n-4.jpg\",\"width\":2048,\"height\":1364},{\"@type\":\"BreadcrumbList\",\"@id\":\"https:\/\/wm.pb.edu.pl\/cerbermotorsport\/zespol-cms-08\/#breadcrumb\",\"itemListElement\":[{\"@type\":\"ListItem\",\"position\":1,\"name\":\"Strona g\u0142\u00f3wna\",\"item\":\"https:\/\/wm.pb.edu.pl\/cerbermotorsport\/\"},{\"@type\":\"ListItem\",\"position\":2,\"name\":\"Zesp\u00f3\u0142 CMS-08\"}]},{\"@type\":\"WebSite\",\"@id\":\"https:\/\/wm.pb.edu.pl\/cerbermotorsport\/#website\",\"url\":\"https:\/\/wm.pb.edu.pl\/cerbermotorsport\/\",\"name\":\"Cerber Motorsport - Wydzia\u0142 Mechaniczny PB\",\"description\":\"Polski zesp\u00f3\u0142 Formu\u0142y Student z Wydzia\u0142u Mechanicznego Politechniki Bia\u0142ostockiej startuj\u0105cy w mi\u0119dzynarodowych zawodach. Informacje o projektach realizowanych przez Cerber Motorsport.\",\"potentialAction\":[{\"@type\":\"SearchAction\",\"target\":{\"@type\":\"EntryPoint\",\"urlTemplate\":\"https:\/\/wm.pb.edu.pl\/cerbermotorsport\/?s={search_term_string}\"},\"query-input\":{\"@type\":\"PropertyValueSpecification\",\"valueRequired\":true,\"valueName\":\"search_term_string\"}}],\"inLanguage\":\"pl-PL\"}]}<\/script>\n<!-- \/ Yoast SEO plugin. -->","yoast_head_json":{"title":"Zesp\u00f3\u0142 CMS-08 - Cerber Motorsport - Wydzia\u0142 Mechaniczny PB","robots":{"index":"index","follow":"follow","max-snippet":"max-snippet:-1","max-image-preview":"max-image-preview:large","max-video-preview":"max-video-preview:-1"},"canonical":"https:\/\/wm.pb.edu.pl\/cerbermotorsport\/zespol-cms-08\/","og_locale":"pl_PL","og_type":"article","og_title":"Zesp\u00f3\u0142 CMS-08 - Cerber Motorsport - Wydzia\u0142 Mechaniczny PB","og_description":"KIEROWNICTWO ELEKTRONIKA KONSTRUKCJA NO\u015aNA SILNIK I NAP\u0118D ZAWIESZENIE AERODYNAMIKA","og_url":"https:\/\/wm.pb.edu.pl\/cerbermotorsport\/zespol-cms-08\/","og_site_name":"Cerber Motorsport - Wydzia\u0142 Mechaniczny PB","article_modified_time":"2026-01-21T14:49:39+00:00","og_image":[{"width":2048,"height":1364,"url":"https:\/\/wm.pb.edu.pl\/cerbermotorsport\/wp-content\/uploads\/sites\/13\/2024\/11\/226244243_225373982922995_2507403449885161655_n-4.jpg","type":"image\/jpeg"}],"twitter_card":"summary_large_image","twitter_misc":{"Szacowany czas czytania":"6 minut"},"schema":{"@context":"https:\/\/schema.org","@graph":[{"@type":"WebPage","@id":"https:\/\/wm.pb.edu.pl\/cerbermotorsport\/zespol-cms-08\/","url":"https:\/\/wm.pb.edu.pl\/cerbermotorsport\/zespol-cms-08\/","name":"Zesp\u00f3\u0142 CMS-08 - Cerber Motorsport - Wydzia\u0142 Mechaniczny PB","isPartOf":{"@id":"https:\/\/wm.pb.edu.pl\/cerbermotorsport\/#website"},"primaryImageOfPage":{"@id":"https:\/\/wm.pb.edu.pl\/cerbermotorsport\/zespol-cms-08\/#primaryimage"},"image":{"@id":"https:\/\/wm.pb.edu.pl\/cerbermotorsport\/zespol-cms-08\/#primaryimage"},"thumbnailUrl":"https:\/\/wm.pb.edu.pl\/cerbermotorsport\/wp-content\/uploads\/sites\/13\/2026\/01\/Cerber-CMS-08.jpg","datePublished":"2024-11-17T12:48:07+00:00","dateModified":"2026-01-21T14:49:39+00:00","breadcrumb":{"@id":"https:\/\/wm.pb.edu.pl\/cerbermotorsport\/zespol-cms-08\/#breadcrumb"},"inLanguage":"pl-PL","potentialAction":[{"@type":"ReadAction","target":["https:\/\/wm.pb.edu.pl\/cerbermotorsport\/zespol-cms-08\/"]}]},{"@type":"ImageObject","inLanguage":"pl-PL","@id":"https:\/\/wm.pb.edu.pl\/cerbermotorsport\/zespol-cms-08\/#primaryimage","url":"https:\/\/wm.pb.edu.pl\/cerbermotorsport\/wp-content\/uploads\/sites\/13\/2024\/11\/226244243_225373982922995_2507403449885161655_n-4.jpg","contentUrl":"https:\/\/wm.pb.edu.pl\/cerbermotorsport\/wp-content\/uploads\/sites\/13\/2024\/11\/226244243_225373982922995_2507403449885161655_n-4.jpg","width":2048,"height":1364},{"@type":"BreadcrumbList","@id":"https:\/\/wm.pb.edu.pl\/cerbermotorsport\/zespol-cms-08\/#breadcrumb","itemListElement":[{"@type":"ListItem","position":1,"name":"Strona g\u0142\u00f3wna","item":"https:\/\/wm.pb.edu.pl\/cerbermotorsport\/"},{"@type":"ListItem","position":2,"name":"Zesp\u00f3\u0142 CMS-08"}]},{"@type":"WebSite","@id":"https:\/\/wm.pb.edu.pl\/cerbermotorsport\/#website","url":"https:\/\/wm.pb.edu.pl\/cerbermotorsport\/","name":"Cerber Motorsport - Wydzia\u0142 Mechaniczny PB","description":"Polski zesp\u00f3\u0142 Formu\u0142y Student z Wydzia\u0142u Mechanicznego Politechniki Bia\u0142ostockiej startuj\u0105cy w mi\u0119dzynarodowych zawodach. Informacje o projektach realizowanych przez Cerber Motorsport.","potentialAction":[{"@type":"SearchAction","target":{"@type":"EntryPoint","urlTemplate":"https:\/\/wm.pb.edu.pl\/cerbermotorsport\/?s={search_term_string}"},"query-input":{"@type":"PropertyValueSpecification","valueRequired":true,"valueName":"search_term_string"}}],"inLanguage":"pl-PL"}]}},"_links":{"self":[{"href":"https:\/\/wm.pb.edu.pl\/cerbermotorsport\/wp-json\/wp\/v2\/pages\/1045","targetHints":{"allow":["GET"]}}],"collection":[{"href":"https:\/\/wm.pb.edu.pl\/cerbermotorsport\/wp-json\/wp\/v2\/pages"}],"about":[{"href":"https:\/\/wm.pb.edu.pl\/cerbermotorsport\/wp-json\/wp\/v2\/types\/page"}],"author":[{"embeddable":true,"href":"https:\/\/wm.pb.edu.pl\/cerbermotorsport\/wp-json\/wp\/v2\/users\/120"}],"replies":[{"embeddable":true,"href":"https:\/\/wm.pb.edu.pl\/cerbermotorsport\/wp-json\/wp\/v2\/comments?post=1045"}],"version-history":[{"count":8,"href":"https:\/\/wm.pb.edu.pl\/cerbermotorsport\/wp-json\/wp\/v2\/pages\/1045\/revisions"}],"predecessor-version":[{"id":1322,"href":"https:\/\/wm.pb.edu.pl\/cerbermotorsport\/wp-json\/wp\/v2\/pages\/1045\/revisions\/1322"}],"wp:attachment":[{"href":"https:\/\/wm.pb.edu.pl\/cerbermotorsport\/wp-json\/wp\/v2\/media?parent=1045"}],"curies":[{"name":"wp","href":"https:\/\/api.w.org\/{rel}","templated":true}]}}