{"id":106,"date":"2020-11-19T14:25:06","date_gmt":"2020-11-19T13:25:06","guid":{"rendered":"https:\/\/wm.pb.edu.pl\/cerber\/?page_id=106"},"modified":"2020-11-27T13:23:36","modified_gmt":"2020-11-27T12:23:36","slug":"bolid-cms-01","status":"publish","type":"page","link":"https:\/\/wm.pb.edu.pl\/cerbermotorsport\/bolid-cms-01\/","title":{"rendered":"Bolid CMS-01"},"content":{"rendered":"<h2 class=\"entry-title\"><img loading=\"lazy\" decoding=\"async\" class=\"alignnone wp-image-213 size-medium\" style=\"font-family: 'Open Sans', sans-serif;font-size: 1.5rem\" src=\"https:\/\/wm.pb.edu.pl\/cerbermotorsport\/wp-content\/uploads\/sites\/13\/2020\/11\/IMG_8116-300x200.jpg\" alt=\"Bolid CMS-01\" width=\"300\" height=\"200\" srcset=\"https:\/\/wm.pb.edu.pl\/cerbermotorsport\/wp-content\/uploads\/sites\/13\/2020\/11\/IMG_8116-300x200.jpg 300w, https:\/\/wm.pb.edu.pl\/cerbermotorsport\/wp-content\/uploads\/sites\/13\/2020\/11\/IMG_8116-1024x683.jpg 1024w, https:\/\/wm.pb.edu.pl\/cerbermotorsport\/wp-content\/uploads\/sites\/13\/2020\/11\/IMG_8116-768x512.jpg 768w, https:\/\/wm.pb.edu.pl\/cerbermotorsport\/wp-content\/uploads\/sites\/13\/2020\/11\/IMG_8116-1536x1024.jpg 1536w, https:\/\/wm.pb.edu.pl\/cerbermotorsport\/wp-content\/uploads\/sites\/13\/2020\/11\/IMG_8116-2048x1365.jpg 2048w, https:\/\/wm.pb.edu.pl\/cerbermotorsport\/wp-content\/uploads\/sites\/13\/2020\/11\/IMG_8116-480x320.jpg 480w\" sizes=\"auto, (max-width: 300px) 100vw, 300px\" \/> <img loading=\"lazy\" decoding=\"async\" class=\"alignnone wp-image-212 size-medium\" style=\"font-family: 'Open Sans', sans-serif;font-size: 1.5rem\" src=\"https:\/\/wm.pb.edu.pl\/cerbermotorsport\/wp-content\/uploads\/sites\/13\/2020\/11\/IMG_6611-300x200.jpg\" alt=\"Bolid CMS-01\" width=\"300\" height=\"200\" srcset=\"https:\/\/wm.pb.edu.pl\/cerbermotorsport\/wp-content\/uploads\/sites\/13\/2020\/11\/IMG_6611-300x200.jpg 300w, https:\/\/wm.pb.edu.pl\/cerbermotorsport\/wp-content\/uploads\/sites\/13\/2020\/11\/IMG_6611-768x512.jpg 768w, https:\/\/wm.pb.edu.pl\/cerbermotorsport\/wp-content\/uploads\/sites\/13\/2020\/11\/IMG_6611-480x320.jpg 480w, https:\/\/wm.pb.edu.pl\/cerbermotorsport\/wp-content\/uploads\/sites\/13\/2020\/11\/IMG_6611.jpg 800w\" sizes=\"auto, (max-width: 300px) 100vw, 300px\" \/><span style=\"font-family: 'Open Sans', sans-serif;font-size: 1.5rem\"> &nbsp;<\/span><img loading=\"lazy\" decoding=\"async\" class=\"alignnone wp-image-210 size-medium\" style=\"font-family: 'Open Sans', sans-serif;font-size: 1.5rem\" src=\"https:\/\/wm.pb.edu.pl\/cerbermotorsport\/wp-content\/uploads\/sites\/13\/2020\/11\/DSC_0008-300x201.jpg\" alt=\"Bolid CMS-01\" width=\"300\" height=\"201\" srcset=\"https:\/\/wm.pb.edu.pl\/cerbermotorsport\/wp-content\/uploads\/sites\/13\/2020\/11\/DSC_0008-300x201.jpg 300w, https:\/\/wm.pb.edu.pl\/cerbermotorsport\/wp-content\/uploads\/sites\/13\/2020\/11\/DSC_0008-1024x685.jpg 1024w, https:\/\/wm.pb.edu.pl\/cerbermotorsport\/wp-content\/uploads\/sites\/13\/2020\/11\/DSC_0008-768x514.jpg 768w, https:\/\/wm.pb.edu.pl\/cerbermotorsport\/wp-content\/uploads\/sites\/13\/2020\/11\/DSC_0008-1536x1028.jpg 1536w, https:\/\/wm.pb.edu.pl\/cerbermotorsport\/wp-content\/uploads\/sites\/13\/2020\/11\/DSC_0008-2048x1371.jpg 2048w, https:\/\/wm.pb.edu.pl\/cerbermotorsport\/wp-content\/uploads\/sites\/13\/2020\/11\/DSC_0008-480x320.jpg 480w\" sizes=\"auto, (max-width: 300px) 100vw, 300px\" \/><\/h2>\n<div class=\"et_pb_row et_pb_row_1\">\n<div class=\"et_pb_column et_pb_column_2_3 et_pb_column_2 et_pb_css_mix_blend_mode_passthrough et-last-child\">\n<div class=\"et_pb_module et_pb_text et_pb_text_1 et_pb_bg_layout_light et_pb_text_align_left\">\n<div class=\"et_pb_text_inner\">\n<p>To dzi\u0119ki temu projektowi uda\u0142o nam si\u0119 nawi\u0105za\u0107 d\u0142ugoterminowe umowy ze sponsorami, kt\u00f3rzy wspieraj\u0105 nas obecnie oraz pozna\u0107 smak mi\u0119dzynarodowej rywalizacji na najwy\u017cszym poziomie.<\/p>\n<p>Pojazd zosta\u0142 oparty o przestrzenn\u0105, stalowo \u2013 aluminiow\u0105 ram\u0119 oraz silnik z motocykla Suzuki GSX-R 600. Charakterystycznymi elementami pojazdu s\u0105: zawieszenie typu pull rod \u2013 amortyzatory schowane pod pojazdem, realizacja nap\u0119du po przez tzw. \u201espool\u201d (sztywn\u0105 o\u015b cz\u0105stkow\u0105) czy poszycie wykonane z tworzyw sztucznych metod\u0105 termoformowania. Konstrukcja naszego pierwszego bolidu \u0142\u0105czy prostot\u0119 z funkcjonalno\u015bci\u0105, co pozwoli\u0142o nam na \u0142atwe wprowadzanie poprawek podczas okresu test\u00f3w i zaowocowa\u0142o dobrymi wynikami na zawodach.<\/p>\n<ul>\n<li>Masa w\u0142asna: 265 kg<\/li>\n<li>Konstrukcja no\u015bna: Rama dwucz\u0119\u015bciowa, aluminiowo-stalowa,<\/li>\n<li>Moc:&nbsp;78 KM przy 12000 obr.\/min.<\/li>\n<li>Moment obrotowy:&nbsp;47,5 Nm przy 11500 obr.\/min.<\/li>\n<li>Silnik: Suzuki GSX-R 600 2008<\/li>\n<li>Zawieszenie: Niezale\u017cne: wahacze poprzeczne, kolumna spr\u0119\u017cysto-t\u0142umi\u0105ca po\u0142\u0105czona z wahaczem dzwigni\u0105 i ci\u0119gnem (ang. pull-rod suspension), regulowana sztywno\u015b\u0107 stabilizatora,<\/li>\n<li>Przeniesienie nap\u0119du:&nbsp;Nap\u0119d \u0142a\u0144cuchem 520; sztywna o\u015b cz\u0105stkowa (\u201espool\u201d),<\/li>\n<li>Uk\u0142ad hamulcowy: Przednie: Dwie tarcze 220mm przy ka\u017cdym z k\u00f3\u0142, zaciski Brembo P34, klocki o mieszance ST-184,&nbsp;Tylne:&nbsp; Jedna tarcza 220mm, zacisk Brembo P34, klocki o mieszance ST-184,<\/li>\n<li>Pakiet aerodynamiczny: Pod\u0142oga po\u0142\u0105czona z dyfuzorem, wykonana z kompozytu aramidowo-w\u0119glowego<\/li>\n<\/ul>\n<\/div>\n<\/div>\n<\/div>\n<\/div>\n","protected":false},"excerpt":{"rendered":"<p>&nbsp; To dzi\u0119ki temu projektowi uda\u0142o nam si\u0119 nawi\u0105za\u0107 d\u0142ugoterminowe umowy ze sponsorami, kt\u00f3rzy wspieraj\u0105<a class=\"read-more\" href=\"https:\/\/wm.pb.edu.pl\/cerbermotorsport\/bolid-cms-01\/\" title=\"Poka\u017c artyku\u0142 Bolid CMS-01\">wi\u0119cej<\/a><\/p>\n","protected":false},"author":14,"featured_media":0,"parent":0,"menu_order":0,"comment_status":"closed","ping_status":"closed","template":"","meta":{"inline_featured_image":false,"ngg_post_thumbnail":0,"footnotes":""},"class_list":["post-106","page","type-page","status-publish","hentry"],"acf":[],"yoast_head":"<!-- This site is optimized with the Yoast SEO plugin v26.4 - https:\/\/yoast.com\/wordpress\/plugins\/seo\/ -->\n<title>Bolid CMS-01 - Cerber Motorsport - Wydzia\u0142 Mechaniczny PB<\/title>\n<meta name=\"robots\" content=\"index, follow, max-snippet:-1, max-image-preview:large, max-video-preview:-1\" \/>\n<link rel=\"canonical\" href=\"https:\/\/wm.pb.edu.pl\/cerbermotorsport\/bolid-cms-01\/\" \/>\n<meta property=\"og:locale\" content=\"pl_PL\" \/>\n<meta property=\"og:type\" content=\"article\" \/>\n<meta property=\"og:title\" content=\"Bolid CMS-01 - Cerber Motorsport - Wydzia\u0142 Mechaniczny PB\" \/>\n<meta property=\"og:description\" content=\"&nbsp; To dzi\u0119ki temu projektowi uda\u0142o nam si\u0119 nawi\u0105za\u0107 d\u0142ugoterminowe umowy ze sponsorami, kt\u00f3rzy wspieraj\u0105wi\u0119cej\" \/>\n<meta property=\"og:url\" content=\"https:\/\/wm.pb.edu.pl\/cerbermotorsport\/bolid-cms-01\/\" \/>\n<meta property=\"og:site_name\" content=\"Cerber Motorsport - Wydzia\u0142 Mechaniczny PB\" \/>\n<meta property=\"article:modified_time\" content=\"2020-11-27T12:23:36+00:00\" \/>\n<meta property=\"og:image\" content=\"https:\/\/wm.pb.edu.pl\/cerbermotorsport\/wp-content\/uploads\/sites\/13\/2020\/11\/IMG_8116-300x200.jpg\" \/>\n<meta name=\"twitter:card\" content=\"summary_large_image\" \/>\n<meta name=\"twitter:label1\" content=\"Szacowany czas czytania\" \/>\n\t<meta name=\"twitter:data1\" content=\"1 minuta\" \/>\n<script type=\"application\/ld+json\" class=\"yoast-schema-graph\">{\"@context\":\"https:\/\/schema.org\",\"@graph\":[{\"@type\":\"WebPage\",\"@id\":\"https:\/\/wm.pb.edu.pl\/cerbermotorsport\/bolid-cms-01\/\",\"url\":\"https:\/\/wm.pb.edu.pl\/cerbermotorsport\/bolid-cms-01\/\",\"name\":\"Bolid CMS-01 - Cerber Motorsport - Wydzia\u0142 Mechaniczny PB\",\"isPartOf\":{\"@id\":\"https:\/\/wm.pb.edu.pl\/cerbermotorsport\/#website\"},\"primaryImageOfPage\":{\"@id\":\"https:\/\/wm.pb.edu.pl\/cerbermotorsport\/bolid-cms-01\/#primaryimage\"},\"image\":{\"@id\":\"https:\/\/wm.pb.edu.pl\/cerbermotorsport\/bolid-cms-01\/#primaryimage\"},\"thumbnailUrl\":\"https:\/\/wm.pb.edu.pl\/cerbermotorsport\/wp-content\/uploads\/sites\/13\/2020\/11\/IMG_8116-300x200.jpg\",\"datePublished\":\"2020-11-19T13:25:06+00:00\",\"dateModified\":\"2020-11-27T12:23:36+00:00\",\"breadcrumb\":{\"@id\":\"https:\/\/wm.pb.edu.pl\/cerbermotorsport\/bolid-cms-01\/#breadcrumb\"},\"inLanguage\":\"pl-PL\",\"potentialAction\":[{\"@type\":\"ReadAction\",\"target\":[\"https:\/\/wm.pb.edu.pl\/cerbermotorsport\/bolid-cms-01\/\"]}]},{\"@type\":\"ImageObject\",\"inLanguage\":\"pl-PL\",\"@id\":\"https:\/\/wm.pb.edu.pl\/cerbermotorsport\/bolid-cms-01\/#primaryimage\",\"url\":\"https:\/\/wm.pb.edu.pl\/cerbermotorsport\/wp-content\/uploads\/sites\/13\/2020\/11\/IMG_8116-scaled.jpg\",\"contentUrl\":\"https:\/\/wm.pb.edu.pl\/cerbermotorsport\/wp-content\/uploads\/sites\/13\/2020\/11\/IMG_8116-scaled.jpg\",\"width\":2560,\"height\":1707},{\"@type\":\"BreadcrumbList\",\"@id\":\"https:\/\/wm.pb.edu.pl\/cerbermotorsport\/bolid-cms-01\/#breadcrumb\",\"itemListElement\":[{\"@type\":\"ListItem\",\"position\":1,\"name\":\"Strona g\u0142\u00f3wna\",\"item\":\"https:\/\/wm.pb.edu.pl\/cerbermotorsport\/\"},{\"@type\":\"ListItem\",\"position\":2,\"name\":\"Bolid CMS-01\"}]},{\"@type\":\"WebSite\",\"@id\":\"https:\/\/wm.pb.edu.pl\/cerbermotorsport\/#website\",\"url\":\"https:\/\/wm.pb.edu.pl\/cerbermotorsport\/\",\"name\":\"Cerber Motorsport - Wydzia\u0142 Mechaniczny PB\",\"description\":\"Polski zesp\u00f3\u0142 Formu\u0142y Student z Wydzia\u0142u Mechanicznego Politechniki Bia\u0142ostockiej startuj\u0105cy w mi\u0119dzynarodowych zawodach. Informacje o projektach realizowanych przez Cerber Motorsport.\",\"potentialAction\":[{\"@type\":\"SearchAction\",\"target\":{\"@type\":\"EntryPoint\",\"urlTemplate\":\"https:\/\/wm.pb.edu.pl\/cerbermotorsport\/?s={search_term_string}\"},\"query-input\":{\"@type\":\"PropertyValueSpecification\",\"valueRequired\":true,\"valueName\":\"search_term_string\"}}],\"inLanguage\":\"pl-PL\"}]}<\/script>\n<!-- \/ Yoast SEO plugin. -->","yoast_head_json":{"title":"Bolid CMS-01 - Cerber Motorsport - Wydzia\u0142 Mechaniczny PB","robots":{"index":"index","follow":"follow","max-snippet":"max-snippet:-1","max-image-preview":"max-image-preview:large","max-video-preview":"max-video-preview:-1"},"canonical":"https:\/\/wm.pb.edu.pl\/cerbermotorsport\/bolid-cms-01\/","og_locale":"pl_PL","og_type":"article","og_title":"Bolid CMS-01 - Cerber Motorsport - Wydzia\u0142 Mechaniczny PB","og_description":"&nbsp; To dzi\u0119ki temu projektowi uda\u0142o nam si\u0119 nawi\u0105za\u0107 d\u0142ugoterminowe umowy ze sponsorami, kt\u00f3rzy wspieraj\u0105wi\u0119cej","og_url":"https:\/\/wm.pb.edu.pl\/cerbermotorsport\/bolid-cms-01\/","og_site_name":"Cerber Motorsport - Wydzia\u0142 Mechaniczny PB","article_modified_time":"2020-11-27T12:23:36+00:00","og_image":[{"url":"https:\/\/wm.pb.edu.pl\/cerbermotorsport\/wp-content\/uploads\/sites\/13\/2020\/11\/IMG_8116-300x200.jpg","type":"","width":"","height":""}],"twitter_card":"summary_large_image","twitter_misc":{"Szacowany czas czytania":"1 minuta"},"schema":{"@context":"https:\/\/schema.org","@graph":[{"@type":"WebPage","@id":"https:\/\/wm.pb.edu.pl\/cerbermotorsport\/bolid-cms-01\/","url":"https:\/\/wm.pb.edu.pl\/cerbermotorsport\/bolid-cms-01\/","name":"Bolid CMS-01 - Cerber Motorsport - Wydzia\u0142 Mechaniczny PB","isPartOf":{"@id":"https:\/\/wm.pb.edu.pl\/cerbermotorsport\/#website"},"primaryImageOfPage":{"@id":"https:\/\/wm.pb.edu.pl\/cerbermotorsport\/bolid-cms-01\/#primaryimage"},"image":{"@id":"https:\/\/wm.pb.edu.pl\/cerbermotorsport\/bolid-cms-01\/#primaryimage"},"thumbnailUrl":"https:\/\/wm.pb.edu.pl\/cerbermotorsport\/wp-content\/uploads\/sites\/13\/2020\/11\/IMG_8116-300x200.jpg","datePublished":"2020-11-19T13:25:06+00:00","dateModified":"2020-11-27T12:23:36+00:00","breadcrumb":{"@id":"https:\/\/wm.pb.edu.pl\/cerbermotorsport\/bolid-cms-01\/#breadcrumb"},"inLanguage":"pl-PL","potentialAction":[{"@type":"ReadAction","target":["https:\/\/wm.pb.edu.pl\/cerbermotorsport\/bolid-cms-01\/"]}]},{"@type":"ImageObject","inLanguage":"pl-PL","@id":"https:\/\/wm.pb.edu.pl\/cerbermotorsport\/bolid-cms-01\/#primaryimage","url":"https:\/\/wm.pb.edu.pl\/cerbermotorsport\/wp-content\/uploads\/sites\/13\/2020\/11\/IMG_8116-scaled.jpg","contentUrl":"https:\/\/wm.pb.edu.pl\/cerbermotorsport\/wp-content\/uploads\/sites\/13\/2020\/11\/IMG_8116-scaled.jpg","width":2560,"height":1707},{"@type":"BreadcrumbList","@id":"https:\/\/wm.pb.edu.pl\/cerbermotorsport\/bolid-cms-01\/#breadcrumb","itemListElement":[{"@type":"ListItem","position":1,"name":"Strona g\u0142\u00f3wna","item":"https:\/\/wm.pb.edu.pl\/cerbermotorsport\/"},{"@type":"ListItem","position":2,"name":"Bolid CMS-01"}]},{"@type":"WebSite","@id":"https:\/\/wm.pb.edu.pl\/cerbermotorsport\/#website","url":"https:\/\/wm.pb.edu.pl\/cerbermotorsport\/","name":"Cerber Motorsport - Wydzia\u0142 Mechaniczny PB","description":"Polski zesp\u00f3\u0142 Formu\u0142y Student z Wydzia\u0142u Mechanicznego Politechniki Bia\u0142ostockiej startuj\u0105cy w mi\u0119dzynarodowych zawodach. Informacje o projektach realizowanych przez Cerber Motorsport.","potentialAction":[{"@type":"SearchAction","target":{"@type":"EntryPoint","urlTemplate":"https:\/\/wm.pb.edu.pl\/cerbermotorsport\/?s={search_term_string}"},"query-input":{"@type":"PropertyValueSpecification","valueRequired":true,"valueName":"search_term_string"}}],"inLanguage":"pl-PL"}]}},"_links":{"self":[{"href":"https:\/\/wm.pb.edu.pl\/cerbermotorsport\/wp-json\/wp\/v2\/pages\/106","targetHints":{"allow":["GET"]}}],"collection":[{"href":"https:\/\/wm.pb.edu.pl\/cerbermotorsport\/wp-json\/wp\/v2\/pages"}],"about":[{"href":"https:\/\/wm.pb.edu.pl\/cerbermotorsport\/wp-json\/wp\/v2\/types\/page"}],"author":[{"embeddable":true,"href":"https:\/\/wm.pb.edu.pl\/cerbermotorsport\/wp-json\/wp\/v2\/users\/14"}],"replies":[{"embeddable":true,"href":"https:\/\/wm.pb.edu.pl\/cerbermotorsport\/wp-json\/wp\/v2\/comments?post=106"}],"version-history":[{"count":4,"href":"https:\/\/wm.pb.edu.pl\/cerbermotorsport\/wp-json\/wp\/v2\/pages\/106\/revisions"}],"predecessor-version":[{"id":215,"href":"https:\/\/wm.pb.edu.pl\/cerbermotorsport\/wp-json\/wp\/v2\/pages\/106\/revisions\/215"}],"wp:attachment":[{"href":"https:\/\/wm.pb.edu.pl\/cerbermotorsport\/wp-json\/wp\/v2\/media?parent=106"}],"curies":[{"name":"wp","href":"https:\/\/api.w.org\/{rel}","templated":true}]}}