{"id":1061,"date":"2024-11-17T17:23:33","date_gmt":"2024-11-17T16:23:33","guid":{"rendered":"https:\/\/wm.pb.edu.pl\/cerbermotorsport\/?page_id=1061"},"modified":"2025-09-22T10:38:24","modified_gmt":"2025-09-22T08:38:24","slug":"zespol-cms-09","status":"publish","type":"page","link":"https:\/\/wm.pb.edu.pl\/cerbermotorsport\/zespol-cms-09\/","title":{"rendered":"Zesp\u00f3\u0142 CMS-09"},"content":{"rendered":"<p><img loading=\"lazy\" decoding=\"async\" class=\"size-large wp-image-1062 aligncenter\" src=\"https:\/\/wm.pb.edu.pl\/cerbermotorsport\/wp-content\/uploads\/sites\/13\/2024\/11\/DSC01184-scaled.jpg\" alt=\"\" width=\"1024\" height=\"748\"><\/p>\n<hr>\n<p style=\"text-align: center\"><strong><span style=\"font-size: 24pt\">KIEROWNICTWO<\/span><\/strong><\/p>\n<div class=\"col-md-1\">&nbsp;<\/div>\n<div class=\"col-md-4\"><img decoding=\"async\" src=\"https:\/\/wm.pb.edu.pl\/cerbermotorsport\/wp-content\/uploads\/sites\/13\/2021\/01\/24.png\" alt=\"Bartosz Si\u0142kowski\"><br \/>\n<b>Bartosz Si\u0142kowski<\/b><br \/>\nKoordynator Projektu<\/div>\n<div class=\"col-md-2\">&nbsp;<\/div>\n<div class=\"col-md-4\"><img decoding=\"async\" src=\"https:\/\/wm.pb.edu.pl\/cerbermotorsport\/wp-content\/uploads\/sites\/13\/2021\/01\/24.png\" alt=\"Kacper Stasiewicz\"><br \/>\n<b>Kacper Stasiewicz<\/b><br \/>\nKoordynator Techniczny<\/div>\n<div class=\"col-md-1\">&nbsp;<\/div>\n<p style=\"text-align: center\"><strong><span style=\"font-size: 24pt\">AERODYNAMIKA<\/span><\/strong><\/p>\n<div class=\"row text-center\">\n<div class=\"col-md-4\">&nbsp;<\/div>\n<div class=\"col-md-4\"><img decoding=\"async\" src=\"https:\/\/wm.pb.edu.pl\/cerbermotorsport\/wp-content\/uploads\/sites\/13\/2021\/01\/24.png\" alt=\"Karol Myszkiewicz\"><br \/>\n<b>Karol Myszkiewicz<\/b><br \/>\nKoordynator dzia\u0142u aerodynamika<\/div>\n<div class=\"col-md-4\">&nbsp;<\/div>\n<\/div>\n<div class=\"row text-center\">\n<div class=\"col-md-3\"><img decoding=\"async\" src=\"https:\/\/wm.pb.edu.pl\/cerbermotorsport\/wp-content\/uploads\/sites\/13\/2021\/01\/24.png\" alt=\"Pawe\u0142 Czaban\"><br \/>\n<b>Pawe\u0142 Czaban<\/b><\/div>\n<div class=\"col-md-3\"><img decoding=\"async\" src=\"https:\/\/wm.pb.edu.pl\/cerbermotorsport\/wp-content\/uploads\/sites\/13\/2021\/01\/24.png\" alt=\"Patryk Maleszewski\"><br \/>\n<b>Patryk Maleszewski<\/b><\/div>\n<div class=\"col-md-3\"><img decoding=\"async\" src=\"https:\/\/wm.pb.edu.pl\/cerbermotorsport\/wp-content\/uploads\/sites\/13\/2021\/01\/24.png\" alt=\"Mi\u0142osz Milewski\"><br \/>\n<b>Mi\u0142osz Milewski<\/b><\/div>\n<div class=\"col-md-3\"><img decoding=\"async\" src=\"https:\/\/wm.pb.edu.pl\/cerbermotorsport\/wp-content\/uploads\/sites\/13\/2021\/01\/24.png\" alt=\"Karol Ga\u0142aszewski\"><br \/>\n<b>Karol Ga\u0142aszewski<\/b><\/div>\n<\/div>\n<p style=\"text-align: center\"><strong><span style=\"font-size: 24pt\">ELEKTRONIKA<\/span><\/strong><\/p>\n<div class=\"row text-center\">\n<div class=\"col-md-4\">&nbsp;<\/div>\n<div class=\"col-md-4\"><img decoding=\"async\" src=\"https:\/\/wm.pb.edu.pl\/cerbermotorsport\/wp-content\/uploads\/sites\/13\/2021\/01\/24.png\" alt=\"Kacper Stasiewicz\"><br \/>\n<b>Kacper Stasiewicz<\/b><br \/>\nKoordynator dzia\u0142u elektronika<\/div>\n<div class=\"col-md-4\">&nbsp;<\/div>\n<\/div>\n<div class=\"row text-center\">\n<div class=\"col-md-3\"><img decoding=\"async\" src=\"https:\/\/wm.pb.edu.pl\/cerbermotorsport\/wp-content\/uploads\/sites\/13\/2021\/01\/24.png\" alt=\"Kamil Kymona\"><br \/>\n<b>Kamil Kymona<\/b><\/div>\n<div class=\"col-md-3\"><img decoding=\"async\" src=\"https:\/\/wm.pb.edu.pl\/cerbermotorsport\/wp-content\/uploads\/sites\/13\/2021\/01\/24.png\" alt=\"Erwin Bejlik\"><br \/>\n<b>Erwin Bejlik<\/b><\/div>\n<div class=\"col-md-3\"><img decoding=\"async\" src=\"https:\/\/wm.pb.edu.pl\/cerbermotorsport\/wp-content\/uploads\/sites\/13\/2021\/01\/24.png\" alt=\"Micha\u0142 Niechcia\u0142kowski\"><br \/>\n<b>Micha\u0142 Niechcia\u0142kowski<\/b><\/div>\n<div class=\"col-md-3\"><img decoding=\"async\" src=\"https:\/\/wm.pb.edu.pl\/cerbermotorsport\/wp-content\/uploads\/sites\/13\/2021\/01\/24.png\" alt=\"Micha\u0142 W\u0105do\u0142owski\"><br \/>\n<b>Micha\u0142 W\u0105do\u0142owski<\/b><\/div>\n<div class=\"col-md-3\"><img decoding=\"async\" src=\"https:\/\/wm.pb.edu.pl\/cerbermotorsport\/wp-content\/uploads\/sites\/13\/2021\/01\/24.png\" alt=\"Bartosz Wiszowaty\"><br \/>\n<b>Bartosz Wiszowaty<\/b><\/div>\n<div class=\"col-md-3\"><img decoding=\"async\" src=\"https:\/\/wm.pb.edu.pl\/cerbermotorsport\/wp-content\/uploads\/sites\/13\/2021\/01\/24.png\" alt=\"Bart\u0142omiej Milewski\"><br \/>\n<b>Bart\u0142omiej Milewski<\/b><\/div>\n<div class=\"col-md-3\"><img decoding=\"async\" src=\"https:\/\/wm.pb.edu.pl\/cerbermotorsport\/wp-content\/uploads\/sites\/13\/2021\/01\/24.png\" alt=\"Mateusz Trzasko\"><br \/>\n<b>Mateusz Trzasko<\/b><\/div>\n<div class=\"col-md-3\"><img decoding=\"async\" src=\"https:\/\/wm.pb.edu.pl\/cerbermotorsport\/wp-content\/uploads\/sites\/13\/2021\/01\/24.png\" alt=\"Mateusz Trzasko\"><br \/>\n<b>Bartosz Bobrowski<\/b><\/div>\n<\/div>\n<p style=\"text-align: center\"><strong><span style=\"font-size: 24pt\">SILNIK I NAP\u0118D<\/span><\/strong><\/p>\n<div class=\"row text-center\">\n<div class=\"col-md-4\">&nbsp;<\/div>\n<div class=\"col-md-4\"><img decoding=\"async\" src=\"https:\/\/wm.pb.edu.pl\/cerbermotorsport\/wp-content\/uploads\/sites\/13\/2021\/01\/24.png\" alt=\"Szymon Wasilewski\"><br \/>\n<b>Szymon Wasilewski<\/b><br \/>\nKoordynator dzia\u0142u silnik i nap\u0119d<\/div>\n<div class=\"col-md-4\">&nbsp;<\/div>\n<\/div>\n<div class=\"row text-center\">\n<div class=\"col-md-4\"><img decoding=\"async\" src=\"https:\/\/wm.pb.edu.pl\/cerbermotorsport\/wp-content\/uploads\/sites\/13\/2021\/01\/24.png\" alt=\"Filip Pietruczuk\"><br \/>\n<b>Filip Pietruczuk<\/b><\/div>\n<div class=\"col-md-4\"><img decoding=\"async\" src=\"https:\/\/wm.pb.edu.pl\/cerbermotorsport\/wp-content\/uploads\/sites\/13\/2021\/01\/24.png\" alt=\"Kacper Rodowicz\"><br \/>\n<b>Kacper Rodowicz<\/b><\/div>\n<div class=\"col-md-4\"><img decoding=\"async\" src=\"https:\/\/wm.pb.edu.pl\/cerbermotorsport\/wp-content\/uploads\/sites\/13\/2021\/01\/24.png\" alt=\"Micha\u0142 Miastkowski\"><br \/>\n<b>Micha\u0142 Miastkowski<\/b><\/div>\n<div class=\"col-md-4\"><img decoding=\"async\" src=\"https:\/\/wm.pb.edu.pl\/cerbermotorsport\/wp-content\/uploads\/sites\/13\/2021\/01\/24.png\" alt=\"Dominik Nosowicz\"><br \/>\n<b>Dominik Nosowicz<\/b><\/div>\n<div class=\"col-md-4\"><img decoding=\"async\" src=\"https:\/\/wm.pb.edu.pl\/cerbermotorsport\/wp-content\/uploads\/sites\/13\/2021\/01\/24.png\" alt=\"Tomasz Rakus\"><br \/>\n<b>Tomasz Rakus<\/b><\/div>\n<div class=\"col-md-4\"><img decoding=\"async\" src=\"https:\/\/wm.pb.edu.pl\/cerbermotorsport\/wp-content\/uploads\/sites\/13\/2021\/01\/24.png\" alt=\"Ala Sk\u0142adanek\"><br \/>\n<b>Ala Sk\u0142adanek<\/b><\/div>\n<\/div>\n<p style=\"text-align: center\"><strong><span style=\"font-size: 24pt\">ZAWIESZENIE<\/span><\/strong><\/p>\n<div class=\"row text-center\">\n<div class=\"col-md-4\">&nbsp;<\/div>\n<div class=\"col-md-4\"><img decoding=\"async\" src=\"https:\/\/wm.pb.edu.pl\/cerbermotorsport\/wp-content\/uploads\/sites\/13\/2021\/01\/24.png\" alt=\"Piotr Cywoniuk\"><br \/>\n<b>Piotr Cywoniuk<\/b><br \/>\nKoordynator dzia\u0142u zawieszenie<\/div>\n<div class=\"col-md-4\">&nbsp;<\/div>\n<\/div>\n<div class=\"row text-center\">\n<div class=\"col-md-4\"><img decoding=\"async\" src=\"https:\/\/wm.pb.edu.pl\/cerbermotorsport\/wp-content\/uploads\/sites\/13\/2021\/01\/24.png\" alt=\"Bartosz Si\u0142kowski\"><br \/>\n<b>Bartosz Si\u0142kowski<\/b><\/div>\n<div class=\"col-md-4\"><img decoding=\"async\" src=\"https:\/\/wm.pb.edu.pl\/cerbermotorsport\/wp-content\/uploads\/sites\/13\/2021\/01\/24.png\" alt=\"Kacper Carewicz\"><br \/>\n<b>Kacper Carewicz<\/b><\/div>\n<div class=\"col-md-4\"><img decoding=\"async\" src=\"https:\/\/wm.pb.edu.pl\/cerbermotorsport\/wp-content\/uploads\/sites\/13\/2021\/01\/24.png\" alt=\"Jan Rogucki\"><br \/>\n<b>Jan Rogucki<\/b><\/div>\n<div class=\"col-md-1\">&nbsp;<\/div>\n<div class=\"col-md-4\"><img decoding=\"async\" src=\"https:\/\/wm.pb.edu.pl\/cerbermotorsport\/wp-content\/uploads\/sites\/13\/2021\/01\/24.png\" alt=\"Tomasz Gli\u0144ski\"><br \/>\n<b>Tomasz Gli\u0144ski<\/b><\/div>\n<div class=\"col-md-2\">&nbsp;<\/div>\n<div class=\"col-md-4\"><img decoding=\"async\" src=\"https:\/\/wm.pb.edu.pl\/cerbermotorsport\/wp-content\/uploads\/sites\/13\/2021\/01\/24.png\" alt=\"Karol Rzemek\"><br \/>\n<b>Karol Rzemek<\/b><\/div>\n<div class=\"col-md-1\">&nbsp;<\/div>\n<\/div>\n<p style=\"text-align: center\"><strong><span style=\"font-size: 24pt\">KONSTRUKCJA NO\u015aNA<\/span><\/strong><\/p>\n<div class=\"row text-center\">\n<div class=\"col-md-4\">&nbsp;<\/div>\n<div class=\"col-md-4\"><img decoding=\"async\" src=\"https:\/\/wm.pb.edu.pl\/cerbermotorsport\/wp-content\/uploads\/sites\/13\/2021\/01\/24.png\" alt=\"Julian Rz\u0105ca\"><br \/>\n<b>Julian Rz\u0105ca<\/b><br \/>\nKoordynator dzia\u0142u konstrukcja no\u015bna<\/div>\n<div class=\"col-md-4\">&nbsp;<\/div>\n<\/div>\n<div class=\"row text-center\">\n<div class=\"col-md-4\"><img decoding=\"async\" src=\"https:\/\/wm.pb.edu.pl\/cerbermotorsport\/wp-content\/uploads\/sites\/13\/2021\/01\/24.png\" alt=\"Pawe\u0142 Czaban\"><br \/>\n<b>Pawe\u0142 Czaban<\/b><\/div>\n<div class=\"col-md-4\"><img decoding=\"async\" src=\"https:\/\/wm.pb.edu.pl\/cerbermotorsport\/wp-content\/uploads\/sites\/13\/2021\/01\/24.png\" alt=\"Erwin Bejlik\"><br \/>\n<b>Erwin Bejlik<\/b><\/div>\n<div class=\"col-md-4\"><img decoding=\"async\" src=\"https:\/\/wm.pb.edu.pl\/cerbermotorsport\/wp-content\/uploads\/sites\/13\/2021\/01\/24.png\" alt=\"Bartosz Wiszowaty\"><br \/>\n<b>Bartosz Wiszowaty<\/b><\/div>\n<\/div>\n<p style=\"text-align: center\"><strong><span style=\"font-size: 24pt\">MARKETING<\/span><\/strong><\/p>\n<div class=\"row text-center\">\n<div class=\"col-md-4\">&nbsp;<\/div>\n<div class=\"col-md-4\"><img decoding=\"async\" src=\"https:\/\/wm.pb.edu.pl\/cerbermotorsport\/wp-content\/uploads\/sites\/13\/2021\/01\/24.png\" alt=\"Anna Tokarewicz\"><br \/>\n<b>Anna Tokarewicz<\/b><br \/>\nKoordynator dzia\u0142u marketing<\/div>\n<div class=\"col-md-4\">&nbsp;<\/div>\n<\/div>\n<div class=\"row text-center\">\n<div class=\"col-md-4\"><img decoding=\"async\" src=\"https:\/\/wm.pb.edu.pl\/cerbermotorsport\/wp-content\/uploads\/sites\/13\/2021\/01\/24.png\" alt=\"Magdalena \u0141yczewska\"><br \/>\n<b>Magdalena \u0141yczewska<\/b><\/div>\n<div class=\"col-md-4\"><img decoding=\"async\" src=\"https:\/\/wm.pb.edu.pl\/cerbermotorsport\/wp-content\/uploads\/sites\/13\/2021\/01\/24.png\" alt=\"Jakub Jackowski\"><br \/>\n<b>Jakub Jackowski<\/b><\/div>\n<div class=\"col-md-4\"><img decoding=\"async\" src=\"https:\/\/wm.pb.edu.pl\/cerbermotorsport\/wp-content\/uploads\/sites\/13\/2021\/01\/24.png\" alt=\"Kamil Pracki\"><br \/>\n<b>Kamil Pracki<\/b><\/div>\n<\/div>\n","protected":false},"excerpt":{"rendered":"<p>KIEROWNICTWO &nbsp; Bartosz Si\u0142kowski Koordynator Projektu &nbsp; Kacper Stasiewicz Koordynator Techniczny &nbsp; AERODYNAMIKA &nbsp; Karol<a class=\"read-more\" href=\"https:\/\/wm.pb.edu.pl\/cerbermotorsport\/zespol-cms-09\/\" title=\"Poka\u017c artyku\u0142 Zesp\u00f3\u0142 CMS-09\">wi\u0119cej<\/a><\/p>\n","protected":false},"author":120,"featured_media":0,"parent":0,"menu_order":0,"comment_status":"closed","ping_status":"closed","template":"","meta":{"inline_featured_image":false,"ngg_post_thumbnail":0,"footnotes":""},"class_list":["post-1061","page","type-page","status-publish","hentry"],"acf":[],"yoast_head":"<!-- This site is optimized with the Yoast SEO plugin v26.4 - https:\/\/yoast.com\/wordpress\/plugins\/seo\/ -->\n<title>Zesp\u00f3\u0142 CMS-09 - Cerber Motorsport - Wydzia\u0142 Mechaniczny PB<\/title>\n<meta name=\"robots\" content=\"index, follow, max-snippet:-1, max-image-preview:large, max-video-preview:-1\" \/>\n<link rel=\"canonical\" href=\"https:\/\/wm.pb.edu.pl\/cerbermotorsport\/zespol-cms-09\/\" \/>\n<meta property=\"og:locale\" content=\"pl_PL\" \/>\n<meta property=\"og:type\" content=\"article\" \/>\n<meta property=\"og:title\" content=\"Zesp\u00f3\u0142 CMS-09 - Cerber Motorsport - Wydzia\u0142 Mechaniczny PB\" \/>\n<meta property=\"og:description\" content=\"KIEROWNICTWO &nbsp; Bartosz Si\u0142kowski Koordynator Projektu &nbsp; Kacper Stasiewicz Koordynator Techniczny &nbsp; AERODYNAMIKA &nbsp; Karolwi\u0119cej\" \/>\n<meta property=\"og:url\" content=\"https:\/\/wm.pb.edu.pl\/cerbermotorsport\/zespol-cms-09\/\" \/>\n<meta property=\"og:site_name\" content=\"Cerber Motorsport - Wydzia\u0142 Mechaniczny PB\" \/>\n<meta property=\"article:modified_time\" content=\"2025-09-22T08:38:24+00:00\" \/>\n<meta property=\"og:image\" content=\"https:\/\/wm.pb.edu.pl\/cerbermotorsport\/wp-content\/uploads\/sites\/13\/2024\/11\/DSC01205-scaled-e1731859423967.jpg\" \/>\n\t<meta property=\"og:image:width\" content=\"1967\" \/>\n\t<meta property=\"og:image:height\" content=\"1436\" \/>\n\t<meta property=\"og:image:type\" content=\"image\/jpeg\" \/>\n<meta name=\"twitter:card\" content=\"summary_large_image\" \/>\n<meta name=\"twitter:label1\" content=\"Szacowany czas czytania\" \/>\n\t<meta name=\"twitter:data1\" content=\"9 minut\" \/>\n<script type=\"application\/ld+json\" class=\"yoast-schema-graph\">{\"@context\":\"https:\/\/schema.org\",\"@graph\":[{\"@type\":\"WebPage\",\"@id\":\"https:\/\/wm.pb.edu.pl\/cerbermotorsport\/zespol-cms-09\/\",\"url\":\"https:\/\/wm.pb.edu.pl\/cerbermotorsport\/zespol-cms-09\/\",\"name\":\"Zesp\u00f3\u0142 CMS-09 - Cerber Motorsport - Wydzia\u0142 Mechaniczny PB\",\"isPartOf\":{\"@id\":\"https:\/\/wm.pb.edu.pl\/cerbermotorsport\/#website\"},\"primaryImageOfPage\":{\"@id\":\"https:\/\/wm.pb.edu.pl\/cerbermotorsport\/zespol-cms-09\/#primaryimage\"},\"image\":{\"@id\":\"https:\/\/wm.pb.edu.pl\/cerbermotorsport\/zespol-cms-09\/#primaryimage\"},\"thumbnailUrl\":\"https:\/\/wm.pb.edu.pl\/cerbermotorsport\/wp-content\/uploads\/sites\/13\/2024\/11\/DSC01184-scaled.jpg\",\"datePublished\":\"2024-11-17T16:23:33+00:00\",\"dateModified\":\"2025-09-22T08:38:24+00:00\",\"breadcrumb\":{\"@id\":\"https:\/\/wm.pb.edu.pl\/cerbermotorsport\/zespol-cms-09\/#breadcrumb\"},\"inLanguage\":\"pl-PL\",\"potentialAction\":[{\"@type\":\"ReadAction\",\"target\":[\"https:\/\/wm.pb.edu.pl\/cerbermotorsport\/zespol-cms-09\/\"]}]},{\"@type\":\"ImageObject\",\"inLanguage\":\"pl-PL\",\"@id\":\"https:\/\/wm.pb.edu.pl\/cerbermotorsport\/zespol-cms-09\/#primaryimage\",\"url\":\"https:\/\/wm.pb.edu.pl\/cerbermotorsport\/wp-content\/uploads\/sites\/13\/2024\/11\/DSC01205-scaled-e1731859423967.jpg\",\"contentUrl\":\"https:\/\/wm.pb.edu.pl\/cerbermotorsport\/wp-content\/uploads\/sites\/13\/2024\/11\/DSC01205-scaled-e1731859423967.jpg\",\"width\":1967,\"height\":1436,\"caption\":\"SONY DSC\"},{\"@type\":\"BreadcrumbList\",\"@id\":\"https:\/\/wm.pb.edu.pl\/cerbermotorsport\/zespol-cms-09\/#breadcrumb\",\"itemListElement\":[{\"@type\":\"ListItem\",\"position\":1,\"name\":\"Strona g\u0142\u00f3wna\",\"item\":\"https:\/\/wm.pb.edu.pl\/cerbermotorsport\/\"},{\"@type\":\"ListItem\",\"position\":2,\"name\":\"Zesp\u00f3\u0142 CMS-09\"}]},{\"@type\":\"WebSite\",\"@id\":\"https:\/\/wm.pb.edu.pl\/cerbermotorsport\/#website\",\"url\":\"https:\/\/wm.pb.edu.pl\/cerbermotorsport\/\",\"name\":\"Cerber Motorsport - Wydzia\u0142 Mechaniczny PB\",\"description\":\"Polski zesp\u00f3\u0142 Formu\u0142y Student z Wydzia\u0142u Mechanicznego Politechniki Bia\u0142ostockiej startuj\u0105cy w mi\u0119dzynarodowych zawodach. Informacje o projektach realizowanych przez Cerber Motorsport.\",\"potentialAction\":[{\"@type\":\"SearchAction\",\"target\":{\"@type\":\"EntryPoint\",\"urlTemplate\":\"https:\/\/wm.pb.edu.pl\/cerbermotorsport\/?s={search_term_string}\"},\"query-input\":{\"@type\":\"PropertyValueSpecification\",\"valueRequired\":true,\"valueName\":\"search_term_string\"}}],\"inLanguage\":\"pl-PL\"}]}<\/script>\n<!-- \/ Yoast SEO plugin. -->","yoast_head_json":{"title":"Zesp\u00f3\u0142 CMS-09 - Cerber Motorsport - Wydzia\u0142 Mechaniczny PB","robots":{"index":"index","follow":"follow","max-snippet":"max-snippet:-1","max-image-preview":"max-image-preview:large","max-video-preview":"max-video-preview:-1"},"canonical":"https:\/\/wm.pb.edu.pl\/cerbermotorsport\/zespol-cms-09\/","og_locale":"pl_PL","og_type":"article","og_title":"Zesp\u00f3\u0142 CMS-09 - Cerber Motorsport - Wydzia\u0142 Mechaniczny PB","og_description":"KIEROWNICTWO &nbsp; Bartosz Si\u0142kowski Koordynator Projektu &nbsp; Kacper Stasiewicz Koordynator Techniczny &nbsp; AERODYNAMIKA &nbsp; Karolwi\u0119cej","og_url":"https:\/\/wm.pb.edu.pl\/cerbermotorsport\/zespol-cms-09\/","og_site_name":"Cerber Motorsport - Wydzia\u0142 Mechaniczny PB","article_modified_time":"2025-09-22T08:38:24+00:00","og_image":[{"width":1967,"height":1436,"url":"https:\/\/wm.pb.edu.pl\/cerbermotorsport\/wp-content\/uploads\/sites\/13\/2024\/11\/DSC01205-scaled-e1731859423967.jpg","type":"image\/jpeg"}],"twitter_card":"summary_large_image","twitter_misc":{"Szacowany czas czytania":"9 minut"},"schema":{"@context":"https:\/\/schema.org","@graph":[{"@type":"WebPage","@id":"https:\/\/wm.pb.edu.pl\/cerbermotorsport\/zespol-cms-09\/","url":"https:\/\/wm.pb.edu.pl\/cerbermotorsport\/zespol-cms-09\/","name":"Zesp\u00f3\u0142 CMS-09 - Cerber Motorsport - Wydzia\u0142 Mechaniczny PB","isPartOf":{"@id":"https:\/\/wm.pb.edu.pl\/cerbermotorsport\/#website"},"primaryImageOfPage":{"@id":"https:\/\/wm.pb.edu.pl\/cerbermotorsport\/zespol-cms-09\/#primaryimage"},"image":{"@id":"https:\/\/wm.pb.edu.pl\/cerbermotorsport\/zespol-cms-09\/#primaryimage"},"thumbnailUrl":"https:\/\/wm.pb.edu.pl\/cerbermotorsport\/wp-content\/uploads\/sites\/13\/2024\/11\/DSC01184-scaled.jpg","datePublished":"2024-11-17T16:23:33+00:00","dateModified":"2025-09-22T08:38:24+00:00","breadcrumb":{"@id":"https:\/\/wm.pb.edu.pl\/cerbermotorsport\/zespol-cms-09\/#breadcrumb"},"inLanguage":"pl-PL","potentialAction":[{"@type":"ReadAction","target":["https:\/\/wm.pb.edu.pl\/cerbermotorsport\/zespol-cms-09\/"]}]},{"@type":"ImageObject","inLanguage":"pl-PL","@id":"https:\/\/wm.pb.edu.pl\/cerbermotorsport\/zespol-cms-09\/#primaryimage","url":"https:\/\/wm.pb.edu.pl\/cerbermotorsport\/wp-content\/uploads\/sites\/13\/2024\/11\/DSC01205-scaled-e1731859423967.jpg","contentUrl":"https:\/\/wm.pb.edu.pl\/cerbermotorsport\/wp-content\/uploads\/sites\/13\/2024\/11\/DSC01205-scaled-e1731859423967.jpg","width":1967,"height":1436,"caption":"SONY DSC"},{"@type":"BreadcrumbList","@id":"https:\/\/wm.pb.edu.pl\/cerbermotorsport\/zespol-cms-09\/#breadcrumb","itemListElement":[{"@type":"ListItem","position":1,"name":"Strona g\u0142\u00f3wna","item":"https:\/\/wm.pb.edu.pl\/cerbermotorsport\/"},{"@type":"ListItem","position":2,"name":"Zesp\u00f3\u0142 CMS-09"}]},{"@type":"WebSite","@id":"https:\/\/wm.pb.edu.pl\/cerbermotorsport\/#website","url":"https:\/\/wm.pb.edu.pl\/cerbermotorsport\/","name":"Cerber Motorsport - Wydzia\u0142 Mechaniczny PB","description":"Polski zesp\u00f3\u0142 Formu\u0142y Student z Wydzia\u0142u Mechanicznego Politechniki Bia\u0142ostockiej startuj\u0105cy w mi\u0119dzynarodowych zawodach. Informacje o projektach realizowanych przez Cerber Motorsport.","potentialAction":[{"@type":"SearchAction","target":{"@type":"EntryPoint","urlTemplate":"https:\/\/wm.pb.edu.pl\/cerbermotorsport\/?s={search_term_string}"},"query-input":{"@type":"PropertyValueSpecification","valueRequired":true,"valueName":"search_term_string"}}],"inLanguage":"pl-PL"}]}},"_links":{"self":[{"href":"https:\/\/wm.pb.edu.pl\/cerbermotorsport\/wp-json\/wp\/v2\/pages\/1061","targetHints":{"allow":["GET"]}}],"collection":[{"href":"https:\/\/wm.pb.edu.pl\/cerbermotorsport\/wp-json\/wp\/v2\/pages"}],"about":[{"href":"https:\/\/wm.pb.edu.pl\/cerbermotorsport\/wp-json\/wp\/v2\/types\/page"}],"author":[{"embeddable":true,"href":"https:\/\/wm.pb.edu.pl\/cerbermotorsport\/wp-json\/wp\/v2\/users\/120"}],"replies":[{"embeddable":true,"href":"https:\/\/wm.pb.edu.pl\/cerbermotorsport\/wp-json\/wp\/v2\/comments?post=1061"}],"version-history":[{"count":8,"href":"https:\/\/wm.pb.edu.pl\/cerbermotorsport\/wp-json\/wp\/v2\/pages\/1061\/revisions"}],"predecessor-version":[{"id":1296,"href":"https:\/\/wm.pb.edu.pl\/cerbermotorsport\/wp-json\/wp\/v2\/pages\/1061\/revisions\/1296"}],"wp:attachment":[{"href":"https:\/\/wm.pb.edu.pl\/cerbermotorsport\/wp-json\/wp\/v2\/media?parent=1061"}],"curies":[{"name":"wp","href":"https:\/\/api.w.org\/{rel}","templated":true}]}}