{"id":108,"date":"2020-11-19T14:25:13","date_gmt":"2020-11-19T13:25:13","guid":{"rendered":"https:\/\/wm.pb.edu.pl\/cerber\/?page_id=108"},"modified":"2021-02-10T08:14:49","modified_gmt":"2021-02-10T07:14:49","slug":"bolid-cms-02","status":"publish","type":"page","link":"https:\/\/wm.pb.edu.pl\/cerbermotorsport\/bolid-cms-02\/","title":{"rendered":"Bolid CMS-02"},"content":{"rendered":"<p style=\"text-align: left\"><img loading=\"lazy\" decoding=\"async\" class=\"wp-image-594 alignright\" style=\"font-size: 1.5rem\" src=\"https:\/\/wm.pb.edu.pl\/cerbermotorsport\/wp-content\/uploads\/sites\/13\/2021\/02\/FS_UK_00194-1024x692.jpg\" alt=\"Bolid CMS-02\" width=\"481\" height=\"325\" srcset=\"https:\/\/wm.pb.edu.pl\/cerbermotorsport\/wp-content\/uploads\/sites\/13\/2021\/02\/FS_UK_00194-1024x692.jpg 1024w, https:\/\/wm.pb.edu.pl\/cerbermotorsport\/wp-content\/uploads\/sites\/13\/2021\/02\/FS_UK_00194-300x203.jpg 300w, https:\/\/wm.pb.edu.pl\/cerbermotorsport\/wp-content\/uploads\/sites\/13\/2021\/02\/FS_UK_00194-768x519.jpg 768w, https:\/\/wm.pb.edu.pl\/cerbermotorsport\/wp-content\/uploads\/sites\/13\/2021\/02\/FS_UK_00194.jpg 1280w\" sizes=\"auto, (max-width: 481px) 100vw, 481px\" \/>Podczas toku projektowego wykorzystali\u015bmy du\u017co bardziej zaawansowane oprogramowanie, przeznaczone typowo do konstrukcji pojazd\u00f3w. Dzi\u0119ki temu opracowali\u015bmy pojazd, kt\u00f3rego masa w\u0142asna wynios\u0142a ok. 211 kg, by\u0142 znacznie mniej paliwo\u017cerny i dostosowany do warunk\u00f3w panuj\u0105cych na torze. Zdobyte do\u015bwiadczenia i wsparcie sponsor\u00f3w pozwoli\u0142o nam na lepsze dopracowanie poszczeg\u00f3lnych element\u00f3w i wdro\u017cenie m.in. obr\u00f3bki cieplnej aluminium, szersze wykorzystanie druku tr\u00f3jwymiarowego i materia\u0142\u00f3w takich jak kompozyty aramidowe i w\u0119glowe. Zaprojektowali\u015bmy r\u00f3wnie\u017c znacznie bardziej rozbudowany pakiet aerodynamiczny.<\/p>\n<p style=\"text-align: left\">Nowy pojazd wyposa\u017cony by\u0142 w dodatkowe systemy elektroniczne wspomagaj\u0105ce prac\u0119 kierowcy, kt\u00f3re by\u0142y testowane z u\u017cyciem CMS-01. By\u0142y to m.in. system akwizycji danych z pracy zawieszenia i sterowania silnikiem, system elektronicznie sterowanej zmiany bieg\u00f3w.<\/p>\n<p><span style=\"font-size: 18pt\"><strong>Specyfikacja<\/strong><\/span><\/p>\n<ul>\n<li>Masa w\u0142asna: 211 kg<\/li>\n<li>Konstrukcja no\u015bna: Przestrzenna rama stalowa<\/li>\n<li>Moc: 57 KM przy 10200 obr.\/min<\/li>\n<li>Moment obrotowy: 46 Nm przy 7200 obr.\/min.<\/li>\n<li>Silnik: KTM 525 EXC, zmodyfikowany<\/li>\n<li>Zawieszenie: Niezale\u017cne: wahacze poprzeczne, kolumna spr\u0119\u017cysto-t\u0142umi\u0105ca po\u0142\u0105czona z wahaczem dzwigni\u0105 i popychaczem (ang. push-rod suspension),<\/li>\n<li>Przeniesienie nap\u0119du: Nap\u0119d \u0142a\u0144cuchem 420; regulowany mechanizm r\u00f3\u017cnicowy o ograniczonym po\u015blizgu Drexler,<\/li>\n<li>Uk\u0142ad hamulcowy: Przednie: Dwie tarcze 190mm przy ka\u017cdym z k\u00f3\u0142, zaciski Wilwood PS1;<br \/>\nTylne: Dwie tarcze 180mm, zacisk Wilwood PS1,<\/li>\n<li>Pakiet aerodynamiczny: Pod\u0142oga po\u0142\u0105czona z dyfuzorem, wykonana z kompozytu aramidowo-w\u0119glowego;<br \/>\nPrzednie i tylne skrzyd\u0142a wielop\u0142atowe<\/li>\n<\/ul>\n","protected":false},"excerpt":{"rendered":"<p>Podczas toku projektowego wykorzystali\u015bmy du\u017co bardziej zaawansowane oprogramowanie, przeznaczone typowo do konstrukcji pojazd\u00f3w. Dzi\u0119ki temu<a class=\"read-more\" href=\"https:\/\/wm.pb.edu.pl\/cerbermotorsport\/bolid-cms-02\/\" title=\"Poka\u017c artyku\u0142 Bolid CMS-02\">wi\u0119cej<\/a><\/p>\n","protected":false},"author":14,"featured_media":0,"parent":0,"menu_order":0,"comment_status":"closed","ping_status":"closed","template":"","meta":{"inline_featured_image":false,"ngg_post_thumbnail":0,"footnotes":""},"class_list":["post-108","page","type-page","status-publish","hentry"],"acf":[],"yoast_head":"<!-- This site is optimized with the Yoast SEO plugin v26.4 - https:\/\/yoast.com\/wordpress\/plugins\/seo\/ -->\n<title>Bolid CMS-02 - Cerber Motorsport - Wydzia\u0142 Mechaniczny PB<\/title>\n<meta name=\"robots\" content=\"index, follow, max-snippet:-1, max-image-preview:large, max-video-preview:-1\" \/>\n<link rel=\"canonical\" href=\"https:\/\/wm.pb.edu.pl\/cerbermotorsport\/bolid-cms-02\/\" \/>\n<meta property=\"og:locale\" content=\"pl_PL\" \/>\n<meta property=\"og:type\" content=\"article\" \/>\n<meta property=\"og:title\" content=\"Bolid CMS-02 - Cerber Motorsport - Wydzia\u0142 Mechaniczny PB\" \/>\n<meta property=\"og:description\" content=\"Podczas toku projektowego wykorzystali\u015bmy du\u017co bardziej zaawansowane oprogramowanie, przeznaczone typowo do konstrukcji pojazd\u00f3w. Dzi\u0119ki temuwi\u0119cej\" \/>\n<meta property=\"og:url\" content=\"https:\/\/wm.pb.edu.pl\/cerbermotorsport\/bolid-cms-02\/\" \/>\n<meta property=\"og:site_name\" content=\"Cerber Motorsport - Wydzia\u0142 Mechaniczny PB\" \/>\n<meta property=\"article:modified_time\" content=\"2021-02-10T07:14:49+00:00\" \/>\n<meta property=\"og:image\" content=\"https:\/\/wm.pb.edu.pl\/cerbermotorsport\/wp-content\/uploads\/sites\/13\/2021\/02\/FS_UK_00194-1024x692.jpg\" \/>\n<meta name=\"twitter:card\" content=\"summary_large_image\" \/>\n<meta name=\"twitter:label1\" content=\"Szacowany czas czytania\" \/>\n\t<meta name=\"twitter:data1\" content=\"2 minuty\" \/>\n<script type=\"application\/ld+json\" class=\"yoast-schema-graph\">{\"@context\":\"https:\/\/schema.org\",\"@graph\":[{\"@type\":\"WebPage\",\"@id\":\"https:\/\/wm.pb.edu.pl\/cerbermotorsport\/bolid-cms-02\/\",\"url\":\"https:\/\/wm.pb.edu.pl\/cerbermotorsport\/bolid-cms-02\/\",\"name\":\"Bolid CMS-02 - Cerber Motorsport - Wydzia\u0142 Mechaniczny PB\",\"isPartOf\":{\"@id\":\"https:\/\/wm.pb.edu.pl\/cerbermotorsport\/#website\"},\"primaryImageOfPage\":{\"@id\":\"https:\/\/wm.pb.edu.pl\/cerbermotorsport\/bolid-cms-02\/#primaryimage\"},\"image\":{\"@id\":\"https:\/\/wm.pb.edu.pl\/cerbermotorsport\/bolid-cms-02\/#primaryimage\"},\"thumbnailUrl\":\"https:\/\/wm.pb.edu.pl\/cerbermotorsport\/wp-content\/uploads\/sites\/13\/2021\/02\/FS_UK_00194-1024x692.jpg\",\"datePublished\":\"2020-11-19T13:25:13+00:00\",\"dateModified\":\"2021-02-10T07:14:49+00:00\",\"breadcrumb\":{\"@id\":\"https:\/\/wm.pb.edu.pl\/cerbermotorsport\/bolid-cms-02\/#breadcrumb\"},\"inLanguage\":\"pl-PL\",\"potentialAction\":[{\"@type\":\"ReadAction\",\"target\":[\"https:\/\/wm.pb.edu.pl\/cerbermotorsport\/bolid-cms-02\/\"]}]},{\"@type\":\"ImageObject\",\"inLanguage\":\"pl-PL\",\"@id\":\"https:\/\/wm.pb.edu.pl\/cerbermotorsport\/bolid-cms-02\/#primaryimage\",\"url\":\"https:\/\/wm.pb.edu.pl\/cerbermotorsport\/wp-content\/uploads\/sites\/13\/2021\/02\/FS_UK_00194.jpg\",\"contentUrl\":\"https:\/\/wm.pb.edu.pl\/cerbermotorsport\/wp-content\/uploads\/sites\/13\/2021\/02\/FS_UK_00194.jpg\",\"width\":1280,\"height\":865,\"caption\":\"Bolid CMS-02\"},{\"@type\":\"BreadcrumbList\",\"@id\":\"https:\/\/wm.pb.edu.pl\/cerbermotorsport\/bolid-cms-02\/#breadcrumb\",\"itemListElement\":[{\"@type\":\"ListItem\",\"position\":1,\"name\":\"Strona g\u0142\u00f3wna\",\"item\":\"https:\/\/wm.pb.edu.pl\/cerbermotorsport\/\"},{\"@type\":\"ListItem\",\"position\":2,\"name\":\"Bolid CMS-02\"}]},{\"@type\":\"WebSite\",\"@id\":\"https:\/\/wm.pb.edu.pl\/cerbermotorsport\/#website\",\"url\":\"https:\/\/wm.pb.edu.pl\/cerbermotorsport\/\",\"name\":\"Cerber Motorsport - Wydzia\u0142 Mechaniczny PB\",\"description\":\"Polski zesp\u00f3\u0142 Formu\u0142y Student z Wydzia\u0142u Mechanicznego Politechniki Bia\u0142ostockiej startuj\u0105cy w mi\u0119dzynarodowych zawodach. Informacje o projektach realizowanych przez Cerber Motorsport.\",\"potentialAction\":[{\"@type\":\"SearchAction\",\"target\":{\"@type\":\"EntryPoint\",\"urlTemplate\":\"https:\/\/wm.pb.edu.pl\/cerbermotorsport\/?s={search_term_string}\"},\"query-input\":{\"@type\":\"PropertyValueSpecification\",\"valueRequired\":true,\"valueName\":\"search_term_string\"}}],\"inLanguage\":\"pl-PL\"}]}<\/script>\n<!-- \/ Yoast SEO plugin. -->","yoast_head_json":{"title":"Bolid CMS-02 - Cerber Motorsport - Wydzia\u0142 Mechaniczny PB","robots":{"index":"index","follow":"follow","max-snippet":"max-snippet:-1","max-image-preview":"max-image-preview:large","max-video-preview":"max-video-preview:-1"},"canonical":"https:\/\/wm.pb.edu.pl\/cerbermotorsport\/bolid-cms-02\/","og_locale":"pl_PL","og_type":"article","og_title":"Bolid CMS-02 - Cerber Motorsport - Wydzia\u0142 Mechaniczny PB","og_description":"Podczas toku projektowego wykorzystali\u015bmy du\u017co bardziej zaawansowane oprogramowanie, przeznaczone typowo do konstrukcji pojazd\u00f3w. Dzi\u0119ki temuwi\u0119cej","og_url":"https:\/\/wm.pb.edu.pl\/cerbermotorsport\/bolid-cms-02\/","og_site_name":"Cerber Motorsport - Wydzia\u0142 Mechaniczny PB","article_modified_time":"2021-02-10T07:14:49+00:00","og_image":[{"url":"https:\/\/wm.pb.edu.pl\/cerbermotorsport\/wp-content\/uploads\/sites\/13\/2021\/02\/FS_UK_00194-1024x692.jpg","type":"","width":"","height":""}],"twitter_card":"summary_large_image","twitter_misc":{"Szacowany czas czytania":"2 minuty"},"schema":{"@context":"https:\/\/schema.org","@graph":[{"@type":"WebPage","@id":"https:\/\/wm.pb.edu.pl\/cerbermotorsport\/bolid-cms-02\/","url":"https:\/\/wm.pb.edu.pl\/cerbermotorsport\/bolid-cms-02\/","name":"Bolid CMS-02 - Cerber Motorsport - Wydzia\u0142 Mechaniczny PB","isPartOf":{"@id":"https:\/\/wm.pb.edu.pl\/cerbermotorsport\/#website"},"primaryImageOfPage":{"@id":"https:\/\/wm.pb.edu.pl\/cerbermotorsport\/bolid-cms-02\/#primaryimage"},"image":{"@id":"https:\/\/wm.pb.edu.pl\/cerbermotorsport\/bolid-cms-02\/#primaryimage"},"thumbnailUrl":"https:\/\/wm.pb.edu.pl\/cerbermotorsport\/wp-content\/uploads\/sites\/13\/2021\/02\/FS_UK_00194-1024x692.jpg","datePublished":"2020-11-19T13:25:13+00:00","dateModified":"2021-02-10T07:14:49+00:00","breadcrumb":{"@id":"https:\/\/wm.pb.edu.pl\/cerbermotorsport\/bolid-cms-02\/#breadcrumb"},"inLanguage":"pl-PL","potentialAction":[{"@type":"ReadAction","target":["https:\/\/wm.pb.edu.pl\/cerbermotorsport\/bolid-cms-02\/"]}]},{"@type":"ImageObject","inLanguage":"pl-PL","@id":"https:\/\/wm.pb.edu.pl\/cerbermotorsport\/bolid-cms-02\/#primaryimage","url":"https:\/\/wm.pb.edu.pl\/cerbermotorsport\/wp-content\/uploads\/sites\/13\/2021\/02\/FS_UK_00194.jpg","contentUrl":"https:\/\/wm.pb.edu.pl\/cerbermotorsport\/wp-content\/uploads\/sites\/13\/2021\/02\/FS_UK_00194.jpg","width":1280,"height":865,"caption":"Bolid CMS-02"},{"@type":"BreadcrumbList","@id":"https:\/\/wm.pb.edu.pl\/cerbermotorsport\/bolid-cms-02\/#breadcrumb","itemListElement":[{"@type":"ListItem","position":1,"name":"Strona g\u0142\u00f3wna","item":"https:\/\/wm.pb.edu.pl\/cerbermotorsport\/"},{"@type":"ListItem","position":2,"name":"Bolid CMS-02"}]},{"@type":"WebSite","@id":"https:\/\/wm.pb.edu.pl\/cerbermotorsport\/#website","url":"https:\/\/wm.pb.edu.pl\/cerbermotorsport\/","name":"Cerber Motorsport - Wydzia\u0142 Mechaniczny PB","description":"Polski zesp\u00f3\u0142 Formu\u0142y Student z Wydzia\u0142u Mechanicznego Politechniki Bia\u0142ostockiej startuj\u0105cy w mi\u0119dzynarodowych zawodach. Informacje o projektach realizowanych przez Cerber Motorsport.","potentialAction":[{"@type":"SearchAction","target":{"@type":"EntryPoint","urlTemplate":"https:\/\/wm.pb.edu.pl\/cerbermotorsport\/?s={search_term_string}"},"query-input":{"@type":"PropertyValueSpecification","valueRequired":true,"valueName":"search_term_string"}}],"inLanguage":"pl-PL"}]}},"_links":{"self":[{"href":"https:\/\/wm.pb.edu.pl\/cerbermotorsport\/wp-json\/wp\/v2\/pages\/108","targetHints":{"allow":["GET"]}}],"collection":[{"href":"https:\/\/wm.pb.edu.pl\/cerbermotorsport\/wp-json\/wp\/v2\/pages"}],"about":[{"href":"https:\/\/wm.pb.edu.pl\/cerbermotorsport\/wp-json\/wp\/v2\/types\/page"}],"author":[{"embeddable":true,"href":"https:\/\/wm.pb.edu.pl\/cerbermotorsport\/wp-json\/wp\/v2\/users\/14"}],"replies":[{"embeddable":true,"href":"https:\/\/wm.pb.edu.pl\/cerbermotorsport\/wp-json\/wp\/v2\/comments?post=108"}],"version-history":[{"count":7,"href":"https:\/\/wm.pb.edu.pl\/cerbermotorsport\/wp-json\/wp\/v2\/pages\/108\/revisions"}],"predecessor-version":[{"id":599,"href":"https:\/\/wm.pb.edu.pl\/cerbermotorsport\/wp-json\/wp\/v2\/pages\/108\/revisions\/599"}],"wp:attachment":[{"href":"https:\/\/wm.pb.edu.pl\/cerbermotorsport\/wp-json\/wp\/v2\/media?parent=108"}],"curies":[{"name":"wp","href":"https:\/\/api.w.org\/{rel}","templated":true}]}}