{"id":110,"date":"2020-11-19T14:25:21","date_gmt":"2020-11-19T13:25:21","guid":{"rendered":"https:\/\/wm.pb.edu.pl\/cerber\/?page_id=110"},"modified":"2021-02-10T09:19:08","modified_gmt":"2021-02-10T08:19:08","slug":"bolid-cms-03","status":"publish","type":"page","link":"https:\/\/wm.pb.edu.pl\/cerbermotorsport\/bolid-cms-03\/","title":{"rendered":"Bolid CMS-03"},"content":{"rendered":"<h4 class=\"et_pb_module_header\" style=\"text-align: left\"><img loading=\"lazy\" decoding=\"async\" class=\"alignleft wp-image-604 \" style=\"font-family: 'Open Sans', sans-serif;font-size: 1.5rem\" src=\"https:\/\/wm.pb.edu.pl\/cerbermotorsport\/wp-content\/uploads\/sites\/13\/2021\/02\/DSC00101-300x201.jpg\" alt=\"Bolid na zawodach\" width=\"341\" height=\"229\" srcset=\"https:\/\/wm.pb.edu.pl\/cerbermotorsport\/wp-content\/uploads\/sites\/13\/2021\/02\/DSC00101-300x201.jpg 300w, https:\/\/wm.pb.edu.pl\/cerbermotorsport\/wp-content\/uploads\/sites\/13\/2021\/02\/DSC00101-1024x685.jpg 1024w, https:\/\/wm.pb.edu.pl\/cerbermotorsport\/wp-content\/uploads\/sites\/13\/2021\/02\/DSC00101-768x514.jpg 768w, https:\/\/wm.pb.edu.pl\/cerbermotorsport\/wp-content\/uploads\/sites\/13\/2021\/02\/DSC00101-1536x1028.jpg 1536w, https:\/\/wm.pb.edu.pl\/cerbermotorsport\/wp-content\/uploads\/sites\/13\/2021\/02\/DSC00101-2048x1371.jpg 2048w\" sizes=\"auto, (max-width: 341px) 100vw, 341px\" \/><\/h4>\n<p style=\"text-align: left\">Bolid CMS-03 jest efektem dwuletniego procesu projektowania i budowania. Konstrukcja wykorzystuje najlepsze cechy dw\u00f3ch poprzednich bolid\u00f3w, a jednocze\u015bnie jest ich rozwini\u0119ciem. Bolid, przede wszystkim, przy zachowaniu podobnej masy (ok.210kg) ma 37 koni mechanicznych wi\u0119cej (89KM przy 12500 obr\/min) ni\u017c CMS-02 (52KM). Daje to wsp\u00f3\u0142czynnik mocy do masy 0,42. Pozwala to na sprint do 100km\/h w okolicach 3,5s.<\/p>\n<p style=\"text-align: left\">W CMS-03 zosta\u0142 poprawiony pakiet aerodynamiczny, kt\u00f3ry dzi\u0119ki nowoczesnej technologii wykonywania (wykorzystuj\u0105cego w\u0142\u00f3kna w\u0119glowe \u201emokre\u201d) jest l\u017cejszy i zdecydowanie sztywniejszy, oraz pozwoli na docisk aerodynamiczny ok. 76kg przy zaledwie 80km\/h! \u015arodek ci\u0119\u017cko\u015bci bolidu, dzi\u0119ki zastosowaniu uk\u0142adu smarowania wykorzystuj\u0105cego tzw. \u201esuch\u0105 mis\u0119 olejow\u0105\u201d oraz le\u017c\u0105cej pozycji kierowcy zosta\u0142 obni\u017cony do wysoko\u015bci zaledwie 300mm. Zesp\u00f3\u0142 wykorzysta\u0142 r\u00f3wnie\u017c, po raz pierwszy, rozbudowany system akwizycji danych, kt\u00f3ry pozwoli <span style=\"font-size: 1.5rem\">na rejestracj\u0119 29 r\u00f3\u017cnych parametr\u00f3w w trakcie jazdy. Dzi\u0119ki temu mo\u017cliwe b\u0119dzie optymalne ustawienie bolidu pod wzgl\u0119dem silnika oraz zawieszenia na ka\u017cde zawody.<\/span><\/p>\n<p><img loading=\"lazy\" decoding=\"async\" class=\"wp-image-603 alignright\" src=\"https:\/\/wm.pb.edu.pl\/cerbermotorsport\/wp-content\/uploads\/sites\/13\/2021\/02\/DSC00037-1024x685.jpg\" alt=\"Bolid CMS-03\" width=\"558\" height=\"373\" srcset=\"https:\/\/wm.pb.edu.pl\/cerbermotorsport\/wp-content\/uploads\/sites\/13\/2021\/02\/DSC00037-1024x685.jpg 1024w, https:\/\/wm.pb.edu.pl\/cerbermotorsport\/wp-content\/uploads\/sites\/13\/2021\/02\/DSC00037-300x201.jpg 300w, https:\/\/wm.pb.edu.pl\/cerbermotorsport\/wp-content\/uploads\/sites\/13\/2021\/02\/DSC00037-768x514.jpg 768w, https:\/\/wm.pb.edu.pl\/cerbermotorsport\/wp-content\/uploads\/sites\/13\/2021\/02\/DSC00037-1536x1028.jpg 1536w, https:\/\/wm.pb.edu.pl\/cerbermotorsport\/wp-content\/uploads\/sites\/13\/2021\/02\/DSC00037-2048x1371.jpg 2048w, https:\/\/wm.pb.edu.pl\/cerbermotorsport\/wp-content\/uploads\/sites\/13\/2021\/02\/DSC00037-480x320.jpg 480w\" sizes=\"auto, (max-width: 558px) 100vw, 558px\" \/><\/p>\n<div class=\"et_pb_column et_pb_column_1_3 et_pb_column_4 et_pb_css_mix_blend_mode_passthrough\">\n<div class=\"et_pb_module et_pb_blurb et_pb_blurb_0 et_pb_bg_layout_light et_pb_text_align_center et_pb_blurb_position_top\">\n<div class=\"et_pb_blurb_content\">\n<div class=\"et_pb_blurb_container\">\n<h4 class=\"et_pb_module_header\" style=\"text-align: left\"><strong>NOWY PAKIET AERODYNAMICZNY<\/strong><\/h4>\n<div class=\"et_pb_blurb_description\">\n<p style=\"text-align: left\">Najwi\u0119ksz\u0105 zmian\u0105 w CMS \u2013 03 b\u0119dzie zupe\u0142nie nowy pakiet aerodynamiczny, kt\u00f3ry musi by\u0107 wprowadzony, aby spe\u0142ni\u0107 wymogi nowego regulaminu technicznego zawod\u00f3w<\/p>\n<\/div>\n<\/div>\n<\/div>\n<\/div>\n<\/div>\n<div class=\"et_pb_column et_pb_column_1_3 et_pb_column_5 et_pb_css_mix_blend_mode_passthrough\">\n<div class=\"et_pb_module et_pb_blurb et_pb_blurb_1 et_pb_bg_layout_light et_pb_text_align_center et_pb_blurb_position_top\">\n<div class=\"et_pb_blurb_content\">\n<div class=\"et_pb_blurb_container\">\n<h4 class=\"et_pb_module_header\" style=\"text-align: left\"><strong>NOWY SILNIK<\/strong><\/h4>\n<div class=\"et_pb_blurb_description\" style=\"text-align: left\">\n<p>Najwi\u0119ksz\u0105 zmian\u0105 w CMS \u2013 03 b\u0119dzie zupe\u0142nie nowy pakiet aerodynamiczny, kt\u00f3ry musi by\u0107 wprowadzony, aby spe\u0142ni\u0107 wymogi nowego regulaminu technicznego zawod\u00f3w<\/p>\n<\/div>\n<\/div>\n<\/div>\n<\/div>\n<\/div>\n<div class=\"et_pb_column et_pb_column_1_3 et_pb_column_6 et_pb_css_mix_blend_mode_passthrough et-last-child\">\n<div class=\"et_pb_module et_pb_blurb et_pb_blurb_2 et_pb_bg_layout_light et_pb_text_align_center et_pb_blurb_position_top\">\n<div class=\"et_pb_blurb_content\">\n<div class=\"et_pb_blurb_container\">\n<h4 class=\"et_pb_module_header\" style=\"text-align: left\"><strong>OBNI\u017bONY \u015aRODEK CI\u0118\u017bKO\u015aCI<\/strong><\/h4>\n<div class=\"et_pb_blurb_description\">\n<p style=\"text-align: left\">CMS \u2013 03 b\u0119dzie posiada\u0107 \u015brodek ci\u0119\u017cko\u015bci obni\u017cony o ok. 40mm, a jego masa ca\u0142kowita ma nie ulec zmianie wzgl\u0119dem poprzedniej konstrukcji, mimo ci\u0119\u017cszego o 20 kg silnika<\/p>\n<\/div>\n<\/div>\n<\/div>\n<\/div>\n<\/div>\n<div id=\"aq-block-1314-22\" class=\"aq-block aq-block-aq_text_block aq-first span6 cf\">\n<div class=\"aq_block_221314\">\n<p style=\"text-align: left\" align=\"justify\">W trzecim aucie zastosujemy czterocylindrow\u0105 jednostk\u0119 nap\u0119dow\u0105 z motocykla Honda CBR600 RR, a zasadnicz\u0105 zmian\u0105 w tym silniku b\u0119dzie zastosowanie autorskiego uk\u0142adu smarowania z tzw. such\u0105 mis\u0105 olejow\u0105 co pozwoli na obni\u017cenie \u015brodka cie\u0328\u017cko\u015bci ca\u0142ego pojazdu. Zmieniamy ro\u0301wnie\u017c listw\u0105 wtryskow\u0105, a uk\u0142ad wydechowy po raz pierwszy zostanie poprowadzony do przodu pojazdu, co wymaga zastosowania specjalnej os\u0142ony.<br \/>\nZastosujemy r\u00f3wnie\u017c system akwizycji danych oparty na magistrali CAN dzi\u0119ki czemu b\u0119dziemy mogli uzyska\u0107 takie informacje jak ugi\u0119cie amortyzator\u00f3w, ka\u0328t skr\u0119tu kierownicy, ci\u015bnienie w obu uk\u0142adach hamulcowych, przeci\u0105\u017cenia dzia\u0142aj\u0105ce na pojazd oraz wiele innych. Nowo\u015bci\u0105 ro\u0301wnie\u017c b\u0119dzie zastosowanie ramy ze stali chromowo-molibdenowej.<br \/>\nAuto b\u0119dzie \u0142\u0105czy\u0142o najlepsze cechy pierwszego oraz drugiego pojazdu. Skupiamy si\u0119 na dok\u0142adnym dopracowaniu i optymalizacji poszczego\u0301lnych elemento\u0301w i systemo\u0301w.<\/p>\n<\/div>\n<\/div>\n","protected":false},"excerpt":{"rendered":"<p>Bolid CMS-03 jest efektem dwuletniego procesu projektowania i budowania. Konstrukcja wykorzystuje najlepsze cechy dw\u00f3ch poprzednich<a class=\"read-more\" href=\"https:\/\/wm.pb.edu.pl\/cerbermotorsport\/bolid-cms-03\/\" title=\"Poka\u017c artyku\u0142 Bolid CMS-03\">wi\u0119cej<\/a><\/p>\n","protected":false},"author":14,"featured_media":0,"parent":0,"menu_order":0,"comment_status":"closed","ping_status":"closed","template":"","meta":{"inline_featured_image":false,"ngg_post_thumbnail":0,"footnotes":""},"class_list":["post-110","page","type-page","status-publish","hentry"],"acf":[],"yoast_head":"<!-- This site is optimized with the Yoast SEO plugin v26.4 - https:\/\/yoast.com\/wordpress\/plugins\/seo\/ -->\n<title>Bolid CMS-03 - Cerber Motorsport - Wydzia\u0142 Mechaniczny PB<\/title>\n<meta name=\"robots\" content=\"index, follow, max-snippet:-1, max-image-preview:large, max-video-preview:-1\" \/>\n<link rel=\"canonical\" href=\"https:\/\/wm.pb.edu.pl\/cerbermotorsport\/bolid-cms-03\/\" \/>\n<meta property=\"og:locale\" content=\"pl_PL\" \/>\n<meta property=\"og:type\" content=\"article\" \/>\n<meta property=\"og:title\" content=\"Bolid CMS-03 - Cerber Motorsport - Wydzia\u0142 Mechaniczny PB\" \/>\n<meta property=\"og:description\" content=\"Bolid CMS-03 jest efektem dwuletniego procesu projektowania i budowania. Konstrukcja wykorzystuje najlepsze cechy dw\u00f3ch poprzednichwi\u0119cej\" \/>\n<meta property=\"og:url\" content=\"https:\/\/wm.pb.edu.pl\/cerbermotorsport\/bolid-cms-03\/\" \/>\n<meta property=\"og:site_name\" content=\"Cerber Motorsport - Wydzia\u0142 Mechaniczny PB\" \/>\n<meta property=\"article:modified_time\" content=\"2021-02-10T08:19:08+00:00\" \/>\n<meta property=\"og:image\" content=\"https:\/\/wm.pb.edu.pl\/cerbermotorsport\/wp-content\/uploads\/sites\/13\/2021\/02\/DSC00101-300x201.jpg\" \/>\n<meta name=\"twitter:card\" content=\"summary_large_image\" \/>\n<meta name=\"twitter:label1\" content=\"Szacowany czas czytania\" \/>\n\t<meta name=\"twitter:data1\" content=\"2 minuty\" \/>\n<script type=\"application\/ld+json\" class=\"yoast-schema-graph\">{\"@context\":\"https:\/\/schema.org\",\"@graph\":[{\"@type\":\"WebPage\",\"@id\":\"https:\/\/wm.pb.edu.pl\/cerbermotorsport\/bolid-cms-03\/\",\"url\":\"https:\/\/wm.pb.edu.pl\/cerbermotorsport\/bolid-cms-03\/\",\"name\":\"Bolid CMS-03 - Cerber Motorsport - Wydzia\u0142 Mechaniczny PB\",\"isPartOf\":{\"@id\":\"https:\/\/wm.pb.edu.pl\/cerbermotorsport\/#website\"},\"primaryImageOfPage\":{\"@id\":\"https:\/\/wm.pb.edu.pl\/cerbermotorsport\/bolid-cms-03\/#primaryimage\"},\"image\":{\"@id\":\"https:\/\/wm.pb.edu.pl\/cerbermotorsport\/bolid-cms-03\/#primaryimage\"},\"thumbnailUrl\":\"https:\/\/wm.pb.edu.pl\/cerbermotorsport\/wp-content\/uploads\/sites\/13\/2021\/02\/DSC00101-300x201.jpg\",\"datePublished\":\"2020-11-19T13:25:21+00:00\",\"dateModified\":\"2021-02-10T08:19:08+00:00\",\"breadcrumb\":{\"@id\":\"https:\/\/wm.pb.edu.pl\/cerbermotorsport\/bolid-cms-03\/#breadcrumb\"},\"inLanguage\":\"pl-PL\",\"potentialAction\":[{\"@type\":\"ReadAction\",\"target\":[\"https:\/\/wm.pb.edu.pl\/cerbermotorsport\/bolid-cms-03\/\"]}]},{\"@type\":\"ImageObject\",\"inLanguage\":\"pl-PL\",\"@id\":\"https:\/\/wm.pb.edu.pl\/cerbermotorsport\/bolid-cms-03\/#primaryimage\",\"url\":\"https:\/\/wm.pb.edu.pl\/cerbermotorsport\/wp-content\/uploads\/sites\/13\/2021\/02\/DSC00101-300x201.jpg\",\"contentUrl\":\"https:\/\/wm.pb.edu.pl\/cerbermotorsport\/wp-content\/uploads\/sites\/13\/2021\/02\/DSC00101-300x201.jpg\"},{\"@type\":\"BreadcrumbList\",\"@id\":\"https:\/\/wm.pb.edu.pl\/cerbermotorsport\/bolid-cms-03\/#breadcrumb\",\"itemListElement\":[{\"@type\":\"ListItem\",\"position\":1,\"name\":\"Strona g\u0142\u00f3wna\",\"item\":\"https:\/\/wm.pb.edu.pl\/cerbermotorsport\/\"},{\"@type\":\"ListItem\",\"position\":2,\"name\":\"Bolid CMS-03\"}]},{\"@type\":\"WebSite\",\"@id\":\"https:\/\/wm.pb.edu.pl\/cerbermotorsport\/#website\",\"url\":\"https:\/\/wm.pb.edu.pl\/cerbermotorsport\/\",\"name\":\"Cerber Motorsport - Wydzia\u0142 Mechaniczny PB\",\"description\":\"Polski zesp\u00f3\u0142 Formu\u0142y Student z Wydzia\u0142u Mechanicznego Politechniki Bia\u0142ostockiej startuj\u0105cy w mi\u0119dzynarodowych zawodach. Informacje o projektach realizowanych przez Cerber Motorsport.\",\"potentialAction\":[{\"@type\":\"SearchAction\",\"target\":{\"@type\":\"EntryPoint\",\"urlTemplate\":\"https:\/\/wm.pb.edu.pl\/cerbermotorsport\/?s={search_term_string}\"},\"query-input\":{\"@type\":\"PropertyValueSpecification\",\"valueRequired\":true,\"valueName\":\"search_term_string\"}}],\"inLanguage\":\"pl-PL\"}]}<\/script>\n<!-- \/ Yoast SEO plugin. -->","yoast_head_json":{"title":"Bolid CMS-03 - Cerber Motorsport - Wydzia\u0142 Mechaniczny PB","robots":{"index":"index","follow":"follow","max-snippet":"max-snippet:-1","max-image-preview":"max-image-preview:large","max-video-preview":"max-video-preview:-1"},"canonical":"https:\/\/wm.pb.edu.pl\/cerbermotorsport\/bolid-cms-03\/","og_locale":"pl_PL","og_type":"article","og_title":"Bolid CMS-03 - Cerber Motorsport - Wydzia\u0142 Mechaniczny PB","og_description":"Bolid CMS-03 jest efektem dwuletniego procesu projektowania i budowania. Konstrukcja wykorzystuje najlepsze cechy dw\u00f3ch poprzednichwi\u0119cej","og_url":"https:\/\/wm.pb.edu.pl\/cerbermotorsport\/bolid-cms-03\/","og_site_name":"Cerber Motorsport - Wydzia\u0142 Mechaniczny PB","article_modified_time":"2021-02-10T08:19:08+00:00","og_image":[{"url":"https:\/\/wm.pb.edu.pl\/cerbermotorsport\/wp-content\/uploads\/sites\/13\/2021\/02\/DSC00101-300x201.jpg","type":"","width":"","height":""}],"twitter_card":"summary_large_image","twitter_misc":{"Szacowany czas czytania":"2 minuty"},"schema":{"@context":"https:\/\/schema.org","@graph":[{"@type":"WebPage","@id":"https:\/\/wm.pb.edu.pl\/cerbermotorsport\/bolid-cms-03\/","url":"https:\/\/wm.pb.edu.pl\/cerbermotorsport\/bolid-cms-03\/","name":"Bolid CMS-03 - Cerber Motorsport - Wydzia\u0142 Mechaniczny PB","isPartOf":{"@id":"https:\/\/wm.pb.edu.pl\/cerbermotorsport\/#website"},"primaryImageOfPage":{"@id":"https:\/\/wm.pb.edu.pl\/cerbermotorsport\/bolid-cms-03\/#primaryimage"},"image":{"@id":"https:\/\/wm.pb.edu.pl\/cerbermotorsport\/bolid-cms-03\/#primaryimage"},"thumbnailUrl":"https:\/\/wm.pb.edu.pl\/cerbermotorsport\/wp-content\/uploads\/sites\/13\/2021\/02\/DSC00101-300x201.jpg","datePublished":"2020-11-19T13:25:21+00:00","dateModified":"2021-02-10T08:19:08+00:00","breadcrumb":{"@id":"https:\/\/wm.pb.edu.pl\/cerbermotorsport\/bolid-cms-03\/#breadcrumb"},"inLanguage":"pl-PL","potentialAction":[{"@type":"ReadAction","target":["https:\/\/wm.pb.edu.pl\/cerbermotorsport\/bolid-cms-03\/"]}]},{"@type":"ImageObject","inLanguage":"pl-PL","@id":"https:\/\/wm.pb.edu.pl\/cerbermotorsport\/bolid-cms-03\/#primaryimage","url":"https:\/\/wm.pb.edu.pl\/cerbermotorsport\/wp-content\/uploads\/sites\/13\/2021\/02\/DSC00101-300x201.jpg","contentUrl":"https:\/\/wm.pb.edu.pl\/cerbermotorsport\/wp-content\/uploads\/sites\/13\/2021\/02\/DSC00101-300x201.jpg"},{"@type":"BreadcrumbList","@id":"https:\/\/wm.pb.edu.pl\/cerbermotorsport\/bolid-cms-03\/#breadcrumb","itemListElement":[{"@type":"ListItem","position":1,"name":"Strona g\u0142\u00f3wna","item":"https:\/\/wm.pb.edu.pl\/cerbermotorsport\/"},{"@type":"ListItem","position":2,"name":"Bolid CMS-03"}]},{"@type":"WebSite","@id":"https:\/\/wm.pb.edu.pl\/cerbermotorsport\/#website","url":"https:\/\/wm.pb.edu.pl\/cerbermotorsport\/","name":"Cerber Motorsport - Wydzia\u0142 Mechaniczny PB","description":"Polski zesp\u00f3\u0142 Formu\u0142y Student z Wydzia\u0142u Mechanicznego Politechniki Bia\u0142ostockiej startuj\u0105cy w mi\u0119dzynarodowych zawodach. Informacje o projektach realizowanych przez Cerber Motorsport.","potentialAction":[{"@type":"SearchAction","target":{"@type":"EntryPoint","urlTemplate":"https:\/\/wm.pb.edu.pl\/cerbermotorsport\/?s={search_term_string}"},"query-input":{"@type":"PropertyValueSpecification","valueRequired":true,"valueName":"search_term_string"}}],"inLanguage":"pl-PL"}]}},"_links":{"self":[{"href":"https:\/\/wm.pb.edu.pl\/cerbermotorsport\/wp-json\/wp\/v2\/pages\/110","targetHints":{"allow":["GET"]}}],"collection":[{"href":"https:\/\/wm.pb.edu.pl\/cerbermotorsport\/wp-json\/wp\/v2\/pages"}],"about":[{"href":"https:\/\/wm.pb.edu.pl\/cerbermotorsport\/wp-json\/wp\/v2\/types\/page"}],"author":[{"embeddable":true,"href":"https:\/\/wm.pb.edu.pl\/cerbermotorsport\/wp-json\/wp\/v2\/users\/14"}],"replies":[{"embeddable":true,"href":"https:\/\/wm.pb.edu.pl\/cerbermotorsport\/wp-json\/wp\/v2\/comments?post=110"}],"version-history":[{"count":6,"href":"https:\/\/wm.pb.edu.pl\/cerbermotorsport\/wp-json\/wp\/v2\/pages\/110\/revisions"}],"predecessor-version":[{"id":608,"href":"https:\/\/wm.pb.edu.pl\/cerbermotorsport\/wp-json\/wp\/v2\/pages\/110\/revisions\/608"}],"wp:attachment":[{"href":"https:\/\/wm.pb.edu.pl\/cerbermotorsport\/wp-json\/wp\/v2\/media?parent=110"}],"curies":[{"name":"wp","href":"https:\/\/api.w.org\/{rel}","templated":true}]}}