{"id":112,"date":"2020-11-19T14:25:29","date_gmt":"2020-11-19T13:25:29","guid":{"rendered":"https:\/\/wm.pb.edu.pl\/cerber\/?page_id=112"},"modified":"2021-02-10T09:26:28","modified_gmt":"2021-02-10T08:26:28","slug":"bolid-cms-04","status":"publish","type":"page","link":"https:\/\/wm.pb.edu.pl\/cerbermotorsport\/bolid-cms-04\/","title":{"rendered":"Bolid CMS-04"},"content":{"rendered":"<p style=\"text-align: left\"><strong><img loading=\"lazy\" decoding=\"async\" class=\"alignright wp-image-611 \" src=\"https:\/\/wm.pb.edu.pl\/cerbermotorsport\/wp-content\/uploads\/sites\/13\/2021\/02\/Cerber_Motorsport-12-1024x683.jpg\" alt=\"Bolid CMS-04\" width=\"421\" height=\"281\" srcset=\"https:\/\/wm.pb.edu.pl\/cerbermotorsport\/wp-content\/uploads\/sites\/13\/2021\/02\/Cerber_Motorsport-12-1024x683.jpg 1024w, https:\/\/wm.pb.edu.pl\/cerbermotorsport\/wp-content\/uploads\/sites\/13\/2021\/02\/Cerber_Motorsport-12-300x200.jpg 300w, https:\/\/wm.pb.edu.pl\/cerbermotorsport\/wp-content\/uploads\/sites\/13\/2021\/02\/Cerber_Motorsport-12-768x512.jpg 768w, https:\/\/wm.pb.edu.pl\/cerbermotorsport\/wp-content\/uploads\/sites\/13\/2021\/02\/Cerber_Motorsport-12-1536x1024.jpg 1536w, https:\/\/wm.pb.edu.pl\/cerbermotorsport\/wp-content\/uploads\/sites\/13\/2021\/02\/Cerber_Motorsport-12-480x320.jpg 480w, https:\/\/wm.pb.edu.pl\/cerbermotorsport\/wp-content\/uploads\/sites\/13\/2021\/02\/Cerber_Motorsport-12.jpg 2048w\" sizes=\"auto, (max-width: 421px) 100vw, 421px\" \/>C<\/strong>zwarty projekt zespo\u0142u by\u0142 efektem nieca\u0142ego roku pracy. G\u0142\u00f3wnym celem by\u0142o maksymalne zmniejszenie masy i zwi\u0119kszenie mocy pojazdu przy jednoczesnym zachowaniu jego niezawodno\u015bci. Podj\u0119to decyzj\u0119 o rozszerzonym zastosowaniu w\u0142\u00f3kna w\u0119glowego oraz wykonaniu autorskiego, tytanowego uk\u0142adu wydechowego. Zastosowanie tytanu zmniejszy\u0142o mas\u0119 tego uk\u0142adu o 60% w stosunku do poprzedniego bolidu. Ostatecznie masa CMS-04 wynios\u0142a 199kg. W sezonie 2017 zesp\u00f3\u0142 wystartowa\u0142 w zawodach Formula SAE Italy , Formula Student Czech Republic, Formula Student Hungary oraz Formula SAE Michigan.<\/p>\n<p style=\"text-align: left\"><span style=\"font-size: 14pt\"><strong>N<\/strong>asze osi\u0105gni\u0119cia w sezonie 2017:<\/span><\/p>\n<ul>\n<li style=\"text-align: left\">Formula SAE Italy: 3. miejsce w konkurencji Skidpad<\/li>\n<li style=\"text-align: left\">Formula Student Czech Republic: 2. miejsce w konkurencji Cost Report<\/li>\n<li style=\"text-align: left\">Formula Student Hungary: 7. miejsce konkurencji Skidpad<\/li>\n<\/ul>\n<p style=\"text-align: left\"><span style=\"font-size: 14pt\"><b>S<\/b>pecyfikacja<\/span><\/p>\n<ul>\n<li style=\"text-align: left\">Masa w\u0142asna: 199kg<\/li>\n<li style=\"text-align: left\">Konstrukcja no\u015bna: Przestrzenna rama stalowa wzmocniona p\u0142ytami wykonanymi z w\u0142\u00f3kna<br \/>\nw\u0119glowego z przek\u0142adk\u0105 aramidow\u0105 typu honeycomb<\/li>\n<li style=\"text-align: left\">Moc: 82 KM przy 10235 obr.\/min<\/li>\n<li style=\"text-align: left\">Moment obrotowy:. 62,6 Nm przy 8745 obr.\/min<\/li>\n<li style=\"text-align: left\">Silnik: Honda CBR 600RR PC-40<\/li>\n<li style=\"text-align: left\">Zawieszenie: Dwuwahaczowe, typu push-rod, pe\u0142na regulacja geometrii, t\u0142umienia<br \/>\namortyzator\u00f3w, wst\u0119pnego napi\u0119cia spr\u0119\u017cyny i sztywno\u015bci stabilizator\u00f3w<\/li>\n<li style=\"text-align: left\">Przeniesienie nap\u0119du: Przek\u0142adnia \u0142a\u0144cuchowa, mechanizm r\u00f3\u017cnicowy z ograniczonym<br \/>\nstopniem po\u015blizgu<\/li>\n<li style=\"text-align: left\">Uk\u0142ad hamulcowy: Dwuobwodowy, tarcze&amp;quot;p\u0142ywaj\u0105ce&amp;quot; 180mm, zaciski ISR Brakes<br \/>\nczterot\u0142oczkowe, regulacja rozk\u0142adu si\u0142y hamowania realizowana z ko\u0142a kierowniczego<br \/>\npoprzez serwomechanizm<\/li>\n<li style=\"text-align: left\">Pakiet aerodynamiczny: Wykonany z w\u0142\u00f3kna w\u0119glowego typu pre-preg, 3-p\u0142atowe skrzyd\u0142o<br \/>\nprzednie, 4-p\u0142atowe skrzyd\u0142o tylne<\/li>\n<li style=\"text-align: left\">Elektronika: Komputer steruj\u0105cy prac\u0105 silnika Ecumaster EMU, system akwizycji danych,<br \/>\nelektropneumatyczny system zmiany bieg\u00f3w, procedura startu oraz automatyczna zmiana<br \/>\nbieg\u00f3w przy przyspieszaniu<\/li>\n<li style=\"text-align: left\">Opony Hoosier 18.0&#215;7.5-10 R25B<\/li>\n<li style=\"text-align: left\">Felgi wyczynowe OZ Formula Student Magnesium CL&nbsp; 10\u2033<\/li>\n<\/ul>\n<p><img loading=\"lazy\" decoding=\"async\" class=\"alignnone wp-image-612 size-large\" src=\"https:\/\/wm.pb.edu.pl\/cerbermotorsport\/wp-content\/uploads\/sites\/13\/2021\/02\/Cerber_Motosport-3-1024x686.jpg\" alt=\"Bolid\" width=\"1024\" height=\"686\" srcset=\"https:\/\/wm.pb.edu.pl\/cerbermotorsport\/wp-content\/uploads\/sites\/13\/2021\/02\/Cerber_Motosport-3-1024x686.jpg 1024w, https:\/\/wm.pb.edu.pl\/cerbermotorsport\/wp-content\/uploads\/sites\/13\/2021\/02\/Cerber_Motosport-3-300x201.jpg 300w, https:\/\/wm.pb.edu.pl\/cerbermotorsport\/wp-content\/uploads\/sites\/13\/2021\/02\/Cerber_Motosport-3-768x514.jpg 768w, https:\/\/wm.pb.edu.pl\/cerbermotorsport\/wp-content\/uploads\/sites\/13\/2021\/02\/Cerber_Motosport-3-1536x1028.jpg 1536w, https:\/\/wm.pb.edu.pl\/cerbermotorsport\/wp-content\/uploads\/sites\/13\/2021\/02\/Cerber_Motosport-3.jpg 2048w\" sizes=\"auto, (max-width: 1024px) 100vw, 1024px\" \/><\/p>\n","protected":false},"excerpt":{"rendered":"<p>Czwarty projekt zespo\u0142u by\u0142 efektem nieca\u0142ego roku pracy. G\u0142\u00f3wnym celem by\u0142o maksymalne zmniejszenie masy i<a class=\"read-more\" href=\"https:\/\/wm.pb.edu.pl\/cerbermotorsport\/bolid-cms-04\/\" title=\"Poka\u017c artyku\u0142 Bolid CMS-04\">wi\u0119cej<\/a><\/p>\n","protected":false},"author":14,"featured_media":0,"parent":0,"menu_order":0,"comment_status":"closed","ping_status":"closed","template":"","meta":{"inline_featured_image":false,"ngg_post_thumbnail":0,"footnotes":""},"class_list":["post-112","page","type-page","status-publish","hentry"],"acf":[],"yoast_head":"<!-- This site is optimized with the Yoast SEO plugin v26.4 - https:\/\/yoast.com\/wordpress\/plugins\/seo\/ -->\n<title>Bolid CMS-04 - Cerber Motorsport - Wydzia\u0142 Mechaniczny PB<\/title>\n<meta name=\"robots\" content=\"index, follow, max-snippet:-1, max-image-preview:large, max-video-preview:-1\" \/>\n<link rel=\"canonical\" href=\"https:\/\/wm.pb.edu.pl\/cerbermotorsport\/bolid-cms-04\/\" \/>\n<meta property=\"og:locale\" content=\"pl_PL\" \/>\n<meta property=\"og:type\" content=\"article\" \/>\n<meta property=\"og:title\" content=\"Bolid CMS-04 - Cerber Motorsport - Wydzia\u0142 Mechaniczny PB\" \/>\n<meta property=\"og:description\" content=\"Czwarty projekt zespo\u0142u by\u0142 efektem nieca\u0142ego roku pracy. G\u0142\u00f3wnym celem by\u0142o maksymalne zmniejszenie masy iwi\u0119cej\" \/>\n<meta property=\"og:url\" content=\"https:\/\/wm.pb.edu.pl\/cerbermotorsport\/bolid-cms-04\/\" \/>\n<meta property=\"og:site_name\" content=\"Cerber Motorsport - Wydzia\u0142 Mechaniczny PB\" \/>\n<meta property=\"article:modified_time\" content=\"2021-02-10T08:26:28+00:00\" \/>\n<meta property=\"og:image\" content=\"https:\/\/wm.pb.edu.pl\/cerbermotorsport\/wp-content\/uploads\/sites\/13\/2021\/02\/Cerber_Motorsport-12-1024x683.jpg\" \/>\n<meta name=\"twitter:card\" content=\"summary_large_image\" \/>\n<meta name=\"twitter:label1\" content=\"Szacowany czas czytania\" \/>\n\t<meta name=\"twitter:data1\" content=\"2 minuty\" \/>\n<script type=\"application\/ld+json\" class=\"yoast-schema-graph\">{\"@context\":\"https:\/\/schema.org\",\"@graph\":[{\"@type\":\"WebPage\",\"@id\":\"https:\/\/wm.pb.edu.pl\/cerbermotorsport\/bolid-cms-04\/\",\"url\":\"https:\/\/wm.pb.edu.pl\/cerbermotorsport\/bolid-cms-04\/\",\"name\":\"Bolid CMS-04 - Cerber Motorsport - Wydzia\u0142 Mechaniczny PB\",\"isPartOf\":{\"@id\":\"https:\/\/wm.pb.edu.pl\/cerbermotorsport\/#website\"},\"primaryImageOfPage\":{\"@id\":\"https:\/\/wm.pb.edu.pl\/cerbermotorsport\/bolid-cms-04\/#primaryimage\"},\"image\":{\"@id\":\"https:\/\/wm.pb.edu.pl\/cerbermotorsport\/bolid-cms-04\/#primaryimage\"},\"thumbnailUrl\":\"https:\/\/wm.pb.edu.pl\/cerbermotorsport\/wp-content\/uploads\/sites\/13\/2021\/02\/Cerber_Motorsport-12-1024x683.jpg\",\"datePublished\":\"2020-11-19T13:25:29+00:00\",\"dateModified\":\"2021-02-10T08:26:28+00:00\",\"breadcrumb\":{\"@id\":\"https:\/\/wm.pb.edu.pl\/cerbermotorsport\/bolid-cms-04\/#breadcrumb\"},\"inLanguage\":\"pl-PL\",\"potentialAction\":[{\"@type\":\"ReadAction\",\"target\":[\"https:\/\/wm.pb.edu.pl\/cerbermotorsport\/bolid-cms-04\/\"]}]},{\"@type\":\"ImageObject\",\"inLanguage\":\"pl-PL\",\"@id\":\"https:\/\/wm.pb.edu.pl\/cerbermotorsport\/bolid-cms-04\/#primaryimage\",\"url\":\"https:\/\/wm.pb.edu.pl\/cerbermotorsport\/wp-content\/uploads\/sites\/13\/2021\/02\/Cerber_Motorsport-12.jpg\",\"contentUrl\":\"https:\/\/wm.pb.edu.pl\/cerbermotorsport\/wp-content\/uploads\/sites\/13\/2021\/02\/Cerber_Motorsport-12.jpg\",\"width\":2048,\"height\":1365,\"caption\":\"Bolid CMS-04\"},{\"@type\":\"BreadcrumbList\",\"@id\":\"https:\/\/wm.pb.edu.pl\/cerbermotorsport\/bolid-cms-04\/#breadcrumb\",\"itemListElement\":[{\"@type\":\"ListItem\",\"position\":1,\"name\":\"Strona g\u0142\u00f3wna\",\"item\":\"https:\/\/wm.pb.edu.pl\/cerbermotorsport\/\"},{\"@type\":\"ListItem\",\"position\":2,\"name\":\"Bolid CMS-04\"}]},{\"@type\":\"WebSite\",\"@id\":\"https:\/\/wm.pb.edu.pl\/cerbermotorsport\/#website\",\"url\":\"https:\/\/wm.pb.edu.pl\/cerbermotorsport\/\",\"name\":\"Cerber Motorsport - Wydzia\u0142 Mechaniczny PB\",\"description\":\"Polski zesp\u00f3\u0142 Formu\u0142y Student z Wydzia\u0142u Mechanicznego Politechniki Bia\u0142ostockiej startuj\u0105cy w mi\u0119dzynarodowych zawodach. Informacje o projektach realizowanych przez Cerber Motorsport.\",\"potentialAction\":[{\"@type\":\"SearchAction\",\"target\":{\"@type\":\"EntryPoint\",\"urlTemplate\":\"https:\/\/wm.pb.edu.pl\/cerbermotorsport\/?s={search_term_string}\"},\"query-input\":{\"@type\":\"PropertyValueSpecification\",\"valueRequired\":true,\"valueName\":\"search_term_string\"}}],\"inLanguage\":\"pl-PL\"}]}<\/script>\n<!-- \/ Yoast SEO plugin. -->","yoast_head_json":{"title":"Bolid CMS-04 - Cerber Motorsport - Wydzia\u0142 Mechaniczny PB","robots":{"index":"index","follow":"follow","max-snippet":"max-snippet:-1","max-image-preview":"max-image-preview:large","max-video-preview":"max-video-preview:-1"},"canonical":"https:\/\/wm.pb.edu.pl\/cerbermotorsport\/bolid-cms-04\/","og_locale":"pl_PL","og_type":"article","og_title":"Bolid CMS-04 - Cerber Motorsport - Wydzia\u0142 Mechaniczny PB","og_description":"Czwarty projekt zespo\u0142u by\u0142 efektem nieca\u0142ego roku pracy. G\u0142\u00f3wnym celem by\u0142o maksymalne zmniejszenie masy iwi\u0119cej","og_url":"https:\/\/wm.pb.edu.pl\/cerbermotorsport\/bolid-cms-04\/","og_site_name":"Cerber Motorsport - Wydzia\u0142 Mechaniczny PB","article_modified_time":"2021-02-10T08:26:28+00:00","og_image":[{"url":"https:\/\/wm.pb.edu.pl\/cerbermotorsport\/wp-content\/uploads\/sites\/13\/2021\/02\/Cerber_Motorsport-12-1024x683.jpg","type":"","width":"","height":""}],"twitter_card":"summary_large_image","twitter_misc":{"Szacowany czas czytania":"2 minuty"},"schema":{"@context":"https:\/\/schema.org","@graph":[{"@type":"WebPage","@id":"https:\/\/wm.pb.edu.pl\/cerbermotorsport\/bolid-cms-04\/","url":"https:\/\/wm.pb.edu.pl\/cerbermotorsport\/bolid-cms-04\/","name":"Bolid CMS-04 - Cerber Motorsport - Wydzia\u0142 Mechaniczny PB","isPartOf":{"@id":"https:\/\/wm.pb.edu.pl\/cerbermotorsport\/#website"},"primaryImageOfPage":{"@id":"https:\/\/wm.pb.edu.pl\/cerbermotorsport\/bolid-cms-04\/#primaryimage"},"image":{"@id":"https:\/\/wm.pb.edu.pl\/cerbermotorsport\/bolid-cms-04\/#primaryimage"},"thumbnailUrl":"https:\/\/wm.pb.edu.pl\/cerbermotorsport\/wp-content\/uploads\/sites\/13\/2021\/02\/Cerber_Motorsport-12-1024x683.jpg","datePublished":"2020-11-19T13:25:29+00:00","dateModified":"2021-02-10T08:26:28+00:00","breadcrumb":{"@id":"https:\/\/wm.pb.edu.pl\/cerbermotorsport\/bolid-cms-04\/#breadcrumb"},"inLanguage":"pl-PL","potentialAction":[{"@type":"ReadAction","target":["https:\/\/wm.pb.edu.pl\/cerbermotorsport\/bolid-cms-04\/"]}]},{"@type":"ImageObject","inLanguage":"pl-PL","@id":"https:\/\/wm.pb.edu.pl\/cerbermotorsport\/bolid-cms-04\/#primaryimage","url":"https:\/\/wm.pb.edu.pl\/cerbermotorsport\/wp-content\/uploads\/sites\/13\/2021\/02\/Cerber_Motorsport-12.jpg","contentUrl":"https:\/\/wm.pb.edu.pl\/cerbermotorsport\/wp-content\/uploads\/sites\/13\/2021\/02\/Cerber_Motorsport-12.jpg","width":2048,"height":1365,"caption":"Bolid CMS-04"},{"@type":"BreadcrumbList","@id":"https:\/\/wm.pb.edu.pl\/cerbermotorsport\/bolid-cms-04\/#breadcrumb","itemListElement":[{"@type":"ListItem","position":1,"name":"Strona g\u0142\u00f3wna","item":"https:\/\/wm.pb.edu.pl\/cerbermotorsport\/"},{"@type":"ListItem","position":2,"name":"Bolid CMS-04"}]},{"@type":"WebSite","@id":"https:\/\/wm.pb.edu.pl\/cerbermotorsport\/#website","url":"https:\/\/wm.pb.edu.pl\/cerbermotorsport\/","name":"Cerber Motorsport - Wydzia\u0142 Mechaniczny PB","description":"Polski zesp\u00f3\u0142 Formu\u0142y Student z Wydzia\u0142u Mechanicznego Politechniki Bia\u0142ostockiej startuj\u0105cy w mi\u0119dzynarodowych zawodach. Informacje o projektach realizowanych przez Cerber Motorsport.","potentialAction":[{"@type":"SearchAction","target":{"@type":"EntryPoint","urlTemplate":"https:\/\/wm.pb.edu.pl\/cerbermotorsport\/?s={search_term_string}"},"query-input":{"@type":"PropertyValueSpecification","valueRequired":true,"valueName":"search_term_string"}}],"inLanguage":"pl-PL"}]}},"_links":{"self":[{"href":"https:\/\/wm.pb.edu.pl\/cerbermotorsport\/wp-json\/wp\/v2\/pages\/112","targetHints":{"allow":["GET"]}}],"collection":[{"href":"https:\/\/wm.pb.edu.pl\/cerbermotorsport\/wp-json\/wp\/v2\/pages"}],"about":[{"href":"https:\/\/wm.pb.edu.pl\/cerbermotorsport\/wp-json\/wp\/v2\/types\/page"}],"author":[{"embeddable":true,"href":"https:\/\/wm.pb.edu.pl\/cerbermotorsport\/wp-json\/wp\/v2\/users\/14"}],"replies":[{"embeddable":true,"href":"https:\/\/wm.pb.edu.pl\/cerbermotorsport\/wp-json\/wp\/v2\/comments?post=112"}],"version-history":[{"count":4,"href":"https:\/\/wm.pb.edu.pl\/cerbermotorsport\/wp-json\/wp\/v2\/pages\/112\/revisions"}],"predecessor-version":[{"id":613,"href":"https:\/\/wm.pb.edu.pl\/cerbermotorsport\/wp-json\/wp\/v2\/pages\/112\/revisions\/613"}],"wp:attachment":[{"href":"https:\/\/wm.pb.edu.pl\/cerbermotorsport\/wp-json\/wp\/v2\/media?parent=112"}],"curies":[{"name":"wp","href":"https:\/\/api.w.org\/{rel}","templated":true}]}}