{"id":114,"date":"2020-11-19T14:25:37","date_gmt":"2020-11-19T13:25:37","guid":{"rendered":"https:\/\/wm.pb.edu.pl\/cerber\/?page_id=114"},"modified":"2021-02-10T09:30:48","modified_gmt":"2021-02-10T08:30:48","slug":"bolid-cms-05","status":"publish","type":"page","link":"https:\/\/wm.pb.edu.pl\/cerbermotorsport\/bolid-cms-05\/","title":{"rendered":"Bolid CMS-05"},"content":{"rendered":"<p><img loading=\"lazy\" decoding=\"async\" class=\"alignright wp-image-616 \" src=\"https:\/\/wm.pb.edu.pl\/cerbermotorsport\/wp-content\/uploads\/sites\/13\/2021\/02\/bolit_0-1024x682.jpg\" alt=\"Bolid CMS-05\" width=\"630\" height=\"420\" srcset=\"https:\/\/wm.pb.edu.pl\/cerbermotorsport\/wp-content\/uploads\/sites\/13\/2021\/02\/bolit_0-1024x682.jpg 1024w, https:\/\/wm.pb.edu.pl\/cerbermotorsport\/wp-content\/uploads\/sites\/13\/2021\/02\/bolit_0-300x200.jpg 300w, https:\/\/wm.pb.edu.pl\/cerbermotorsport\/wp-content\/uploads\/sites\/13\/2021\/02\/bolit_0-768x512.jpg 768w, https:\/\/wm.pb.edu.pl\/cerbermotorsport\/wp-content\/uploads\/sites\/13\/2021\/02\/bolit_0-1536x1024.jpg 1536w, https:\/\/wm.pb.edu.pl\/cerbermotorsport\/wp-content\/uploads\/sites\/13\/2021\/02\/bolit_0-480x320.jpg 480w, https:\/\/wm.pb.edu.pl\/cerbermotorsport\/wp-content\/uploads\/sites\/13\/2021\/02\/bolit_0.jpg 1547w\" sizes=\"auto, (max-width: 630px) 100vw, 630px\" \/>Bolid CMS-05 jest owocem 283 dni ci\u0119\u017ckiej pracy, przy czym faza projektowa rozpocz\u0119\u0142a si\u0119 pod koniec wrze\u015bnia 2017 roku, a zako\u0144czona zosta\u0142a na prze\u0142omie grudnia \u2013 stycznia roku 2018. Konstrukcja ta wykorzystuje najlepsze cechy oraz rozwi\u0105zania dw\u00f3ch poprzednich aut, a jednocze\u015bnie jest ich rozwini\u0119ciem. Niekt\u00f3re z element\u00f3w uleg\u0142y drastycznym zmianom.<\/p>\n<p>Najbardziej rewolucyjnym aspektem tego projektu jest zastosowanie kompozytowej konstrukcji samono\u015bnej. Zosta\u0142a ona wykonana z w\u0142\u00f3kna w\u0119glowego oraz aluminiowej przek\u0142adki o strukturze plastra miodu. Pozwoli\u0142o to na zredukowanie jej masy o ponad 6 kilogram\u00f3w, przy jednoczesnym zwi\u0119kszeniu sztywno\u015bci skr\u0119tnej.<\/p>\n<div class=\"et_pb_row et_pb_row_2\">\n<div class=\"et_pb_column et_pb_column_4_4 et_pb_column_3 et_pb_css_mix_blend_mode_passthrough et-last-child\">\n<div class=\"et_pb_module et_pb_text et_pb_text_2 et_pb_bg_layout_light et_pb_text_align_left\">\n<div class=\"et_pb_text_inner\">\n<p>W stosunku do CMS-04 modyfikacji uleg\u0142 te\u017c pakiet aerodynamiczny. Bazuj\u0105c na wynikach przeprowadzonych oblicze\u0144 przep\u0142ywu powietrza oraz test\u00f3w modelu auta w tunelu aerodynamicznym, podj\u0119to decyzj\u0119 o dodaniu dodatkowych skrzyde\u0142 po bokach bolidu. Dodatkowo znacznym zmianom poddano kszta\u0142t przedniego- oraz ulepszono konstrukcj\u0119 tylnego skrzyd\u0142a. Nowink\u0105 techniczn\u0105 jest zastosowanie systemu rodem z Formuly 1 \u2013 DRS, kt\u00f3ry umo\u017cliwia kierowcy opuszczenie p\u0142at\u00f3w tylnego skrzyd\u0142a. Pozwala to na zmniejszenie oporu powietrza na prostych odcinkach toru. Ca\u0142y pakiet aerodynamiczny generuje docisk ponad 160 kg przy 120 km\/h!<\/p>\n<p>Ulepszony tytanowy uk\u0142ad wydechowy, procedura startu wraz z kontrol\u0105 trakcji oraz autorska skrzynia bieg\u00f3w w po\u0142\u0105czeniu z elektro-pneumatycznym systemem zmiany bieg\u00f3w pozwala na osi\u0105gni\u0119cie pr\u0119dko\u015bci 100 km\/h w czasie 3,3 s. Przeci\u0105\u017cenia boczne podczas jazdy po torze w szczytowych warto\u015bciach osi\u0105gaj\u0105 nawet 3G.<\/p>\n<p><span style=\"font-size: 14pt\"><strong>Specyfikacja<\/strong><\/span><\/p>\n<p><img loading=\"lazy\" decoding=\"async\" class=\"alignright wp-image-618 \" src=\"https:\/\/wm.pb.edu.pl\/cerbermotorsport\/wp-content\/uploads\/sites\/13\/2021\/02\/bolit1-1024x683.jpg\" alt=\"Bolid na zawodach\" width=\"430\" height=\"287\" srcset=\"https:\/\/wm.pb.edu.pl\/cerbermotorsport\/wp-content\/uploads\/sites\/13\/2021\/02\/bolit1-1024x683.jpg 1024w, https:\/\/wm.pb.edu.pl\/cerbermotorsport\/wp-content\/uploads\/sites\/13\/2021\/02\/bolit1-300x200.jpg 300w, https:\/\/wm.pb.edu.pl\/cerbermotorsport\/wp-content\/uploads\/sites\/13\/2021\/02\/bolit1-768x512.jpg 768w, https:\/\/wm.pb.edu.pl\/cerbermotorsport\/wp-content\/uploads\/sites\/13\/2021\/02\/bolit1-1536x1024.jpg 1536w, https:\/\/wm.pb.edu.pl\/cerbermotorsport\/wp-content\/uploads\/sites\/13\/2021\/02\/bolit1-480x320.jpg 480w, https:\/\/wm.pb.edu.pl\/cerbermotorsport\/wp-content\/uploads\/sites\/13\/2021\/02\/bolit1.jpg 2048w\" sizes=\"auto, (max-width: 430px) 100vw, 430px\" \/><\/p>\n<\/div>\n<\/div>\n<\/div>\n<\/div>\n<div class=\"et_pb_row et_pb_row_3\">\n<div class=\"et_pb_column et_pb_column_4_4 et_pb_column_4 et_pb_css_mix_blend_mode_passthrough et-last-child\">\n<div class=\"et_pb_module et_pb_text et_pb_text_3 et_pb_bg_layout_light et_pb_text_align_left\">\n<div class=\"et_pb_text_inner\">\n<ul>\n<li>Masa w\u0142asna: 197kg<\/li>\n<li>Konstrukcja no\u015bna:&nbsp;Kompozytowa konstrukcja samono\u015bna wraz z tyln\u0105 ram\u0105 przestrzenn\u0105<\/li>\n<li>Moc:&nbsp;86 KM<\/li>\n<li>Moment obrotowy:&nbsp;62 Nm<\/li>\n<li>Silnik:&nbsp;Honda CBR 600RR PC40 \u2013 zmodyfikowany<\/li>\n<li>Zawieszenie:&nbsp;Niezale\u017cne, wielowahaczowe typu push-rod z pe\u0142n\u0105 regulacj\u0105 geometrii<\/li>\n<li>Uk\u0142ad hamulcowy:&nbsp;Dwuobwodowy uk\u0142ad hamulocwy z wykorzystaniem p\u0142ywaj\u0105cych tarcz hamulcowych<\/li>\n<li>Pakiet aerodynamiczny: 3-p\u0142atowe przednie oraz 4-p\u0142atowe tylne skrzyd\u0142o, side pody, system DRS<\/li>\n<li>Elektronika: Elektroniczno-pneumatyczny system zmiany bieg\u00f3w, autorski system akwizycji danych, procedura startu wraz z kontrol\u0105 trakcji, bezprzewodowa \u0142\u0105czno\u015b\u0107 z jednostk\u0105 steruj\u0105c\u0105<\/li>\n<\/ul>\n<\/div>\n<\/div>\n<\/div>\n<\/div>\n<p><img loading=\"lazy\" decoding=\"async\" class=\"alignnone wp-image-614 size-large\" style=\"font-size: 1.5rem\" src=\"https:\/\/wm.pb.edu.pl\/cerbermotorsport\/wp-content\/uploads\/sites\/13\/2021\/02\/36633848_1679071618813331_514512879920087040_o-e1534787002713-1024x574.jpg\" alt=\"Bolid\" width=\"1024\" height=\"574\" srcset=\"https:\/\/wm.pb.edu.pl\/cerbermotorsport\/wp-content\/uploads\/sites\/13\/2021\/02\/36633848_1679071618813331_514512879920087040_o-e1534787002713-1024x574.jpg 1024w, https:\/\/wm.pb.edu.pl\/cerbermotorsport\/wp-content\/uploads\/sites\/13\/2021\/02\/36633848_1679071618813331_514512879920087040_o-e1534787002713-300x168.jpg 300w, https:\/\/wm.pb.edu.pl\/cerbermotorsport\/wp-content\/uploads\/sites\/13\/2021\/02\/36633848_1679071618813331_514512879920087040_o-e1534787002713-768x430.jpg 768w, https:\/\/wm.pb.edu.pl\/cerbermotorsport\/wp-content\/uploads\/sites\/13\/2021\/02\/36633848_1679071618813331_514512879920087040_o-e1534787002713.jpg 1351w\" sizes=\"auto, (max-width: 1024px) 100vw, 1024px\" \/><\/p>\n","protected":false},"excerpt":{"rendered":"<p>Bolid CMS-05 jest owocem 283 dni ci\u0119\u017ckiej pracy, przy czym faza projektowa rozpocz\u0119\u0142a si\u0119 pod<a class=\"read-more\" href=\"https:\/\/wm.pb.edu.pl\/cerbermotorsport\/bolid-cms-05\/\" title=\"Poka\u017c artyku\u0142 Bolid CMS-05\">wi\u0119cej<\/a><\/p>\n","protected":false},"author":14,"featured_media":0,"parent":0,"menu_order":0,"comment_status":"closed","ping_status":"closed","template":"","meta":{"inline_featured_image":false,"ngg_post_thumbnail":0,"footnotes":""},"class_list":["post-114","page","type-page","status-publish","hentry"],"acf":[],"yoast_head":"<!-- This site is optimized with the Yoast SEO plugin v26.4 - https:\/\/yoast.com\/wordpress\/plugins\/seo\/ -->\n<title>Bolid CMS-05 - Cerber Motorsport - Wydzia\u0142 Mechaniczny PB<\/title>\n<meta name=\"robots\" content=\"index, follow, max-snippet:-1, max-image-preview:large, max-video-preview:-1\" \/>\n<link rel=\"canonical\" href=\"https:\/\/wm.pb.edu.pl\/cerbermotorsport\/bolid-cms-05\/\" \/>\n<meta property=\"og:locale\" content=\"pl_PL\" \/>\n<meta property=\"og:type\" content=\"article\" \/>\n<meta property=\"og:title\" content=\"Bolid CMS-05 - Cerber Motorsport - Wydzia\u0142 Mechaniczny PB\" \/>\n<meta property=\"og:description\" content=\"Bolid CMS-05 jest owocem 283 dni ci\u0119\u017ckiej pracy, przy czym faza projektowa rozpocz\u0119\u0142a si\u0119 podwi\u0119cej\" \/>\n<meta property=\"og:url\" content=\"https:\/\/wm.pb.edu.pl\/cerbermotorsport\/bolid-cms-05\/\" \/>\n<meta property=\"og:site_name\" content=\"Cerber Motorsport - Wydzia\u0142 Mechaniczny PB\" \/>\n<meta property=\"article:modified_time\" content=\"2021-02-10T08:30:48+00:00\" \/>\n<meta property=\"og:image\" content=\"https:\/\/wm.pb.edu.pl\/cerbermotorsport\/wp-content\/uploads\/sites\/13\/2021\/02\/bolit_0-1024x682.jpg\" \/>\n<meta name=\"twitter:card\" content=\"summary_large_image\" \/>\n<meta name=\"twitter:label1\" content=\"Szacowany czas czytania\" \/>\n\t<meta name=\"twitter:data1\" content=\"2 minuty\" \/>\n<script type=\"application\/ld+json\" class=\"yoast-schema-graph\">{\"@context\":\"https:\/\/schema.org\",\"@graph\":[{\"@type\":\"WebPage\",\"@id\":\"https:\/\/wm.pb.edu.pl\/cerbermotorsport\/bolid-cms-05\/\",\"url\":\"https:\/\/wm.pb.edu.pl\/cerbermotorsport\/bolid-cms-05\/\",\"name\":\"Bolid CMS-05 - Cerber Motorsport - Wydzia\u0142 Mechaniczny PB\",\"isPartOf\":{\"@id\":\"https:\/\/wm.pb.edu.pl\/cerbermotorsport\/#website\"},\"primaryImageOfPage\":{\"@id\":\"https:\/\/wm.pb.edu.pl\/cerbermotorsport\/bolid-cms-05\/#primaryimage\"},\"image\":{\"@id\":\"https:\/\/wm.pb.edu.pl\/cerbermotorsport\/bolid-cms-05\/#primaryimage\"},\"thumbnailUrl\":\"https:\/\/wm.pb.edu.pl\/cerbermotorsport\/wp-content\/uploads\/sites\/13\/2021\/02\/bolit_0-1024x682.jpg\",\"datePublished\":\"2020-11-19T13:25:37+00:00\",\"dateModified\":\"2021-02-10T08:30:48+00:00\",\"breadcrumb\":{\"@id\":\"https:\/\/wm.pb.edu.pl\/cerbermotorsport\/bolid-cms-05\/#breadcrumb\"},\"inLanguage\":\"pl-PL\",\"potentialAction\":[{\"@type\":\"ReadAction\",\"target\":[\"https:\/\/wm.pb.edu.pl\/cerbermotorsport\/bolid-cms-05\/\"]}]},{\"@type\":\"ImageObject\",\"inLanguage\":\"pl-PL\",\"@id\":\"https:\/\/wm.pb.edu.pl\/cerbermotorsport\/bolid-cms-05\/#primaryimage\",\"url\":\"https:\/\/wm.pb.edu.pl\/cerbermotorsport\/wp-content\/uploads\/sites\/13\/2021\/02\/bolit_0.jpg\",\"contentUrl\":\"https:\/\/wm.pb.edu.pl\/cerbermotorsport\/wp-content\/uploads\/sites\/13\/2021\/02\/bolit_0.jpg\",\"width\":1547,\"height\":1031,\"caption\":\"Bolid CMS-05\"},{\"@type\":\"BreadcrumbList\",\"@id\":\"https:\/\/wm.pb.edu.pl\/cerbermotorsport\/bolid-cms-05\/#breadcrumb\",\"itemListElement\":[{\"@type\":\"ListItem\",\"position\":1,\"name\":\"Strona g\u0142\u00f3wna\",\"item\":\"https:\/\/wm.pb.edu.pl\/cerbermotorsport\/\"},{\"@type\":\"ListItem\",\"position\":2,\"name\":\"Bolid CMS-05\"}]},{\"@type\":\"WebSite\",\"@id\":\"https:\/\/wm.pb.edu.pl\/cerbermotorsport\/#website\",\"url\":\"https:\/\/wm.pb.edu.pl\/cerbermotorsport\/\",\"name\":\"Cerber Motorsport - Wydzia\u0142 Mechaniczny PB\",\"description\":\"Polski zesp\u00f3\u0142 Formu\u0142y Student z Wydzia\u0142u Mechanicznego Politechniki Bia\u0142ostockiej startuj\u0105cy w mi\u0119dzynarodowych zawodach. Informacje o projektach realizowanych przez Cerber Motorsport.\",\"potentialAction\":[{\"@type\":\"SearchAction\",\"target\":{\"@type\":\"EntryPoint\",\"urlTemplate\":\"https:\/\/wm.pb.edu.pl\/cerbermotorsport\/?s={search_term_string}\"},\"query-input\":{\"@type\":\"PropertyValueSpecification\",\"valueRequired\":true,\"valueName\":\"search_term_string\"}}],\"inLanguage\":\"pl-PL\"}]}<\/script>\n<!-- \/ Yoast SEO plugin. -->","yoast_head_json":{"title":"Bolid CMS-05 - Cerber Motorsport - Wydzia\u0142 Mechaniczny PB","robots":{"index":"index","follow":"follow","max-snippet":"max-snippet:-1","max-image-preview":"max-image-preview:large","max-video-preview":"max-video-preview:-1"},"canonical":"https:\/\/wm.pb.edu.pl\/cerbermotorsport\/bolid-cms-05\/","og_locale":"pl_PL","og_type":"article","og_title":"Bolid CMS-05 - Cerber Motorsport - Wydzia\u0142 Mechaniczny PB","og_description":"Bolid CMS-05 jest owocem 283 dni ci\u0119\u017ckiej pracy, przy czym faza projektowa rozpocz\u0119\u0142a si\u0119 podwi\u0119cej","og_url":"https:\/\/wm.pb.edu.pl\/cerbermotorsport\/bolid-cms-05\/","og_site_name":"Cerber Motorsport - Wydzia\u0142 Mechaniczny PB","article_modified_time":"2021-02-10T08:30:48+00:00","og_image":[{"url":"https:\/\/wm.pb.edu.pl\/cerbermotorsport\/wp-content\/uploads\/sites\/13\/2021\/02\/bolit_0-1024x682.jpg","type":"","width":"","height":""}],"twitter_card":"summary_large_image","twitter_misc":{"Szacowany czas czytania":"2 minuty"},"schema":{"@context":"https:\/\/schema.org","@graph":[{"@type":"WebPage","@id":"https:\/\/wm.pb.edu.pl\/cerbermotorsport\/bolid-cms-05\/","url":"https:\/\/wm.pb.edu.pl\/cerbermotorsport\/bolid-cms-05\/","name":"Bolid CMS-05 - Cerber Motorsport - Wydzia\u0142 Mechaniczny PB","isPartOf":{"@id":"https:\/\/wm.pb.edu.pl\/cerbermotorsport\/#website"},"primaryImageOfPage":{"@id":"https:\/\/wm.pb.edu.pl\/cerbermotorsport\/bolid-cms-05\/#primaryimage"},"image":{"@id":"https:\/\/wm.pb.edu.pl\/cerbermotorsport\/bolid-cms-05\/#primaryimage"},"thumbnailUrl":"https:\/\/wm.pb.edu.pl\/cerbermotorsport\/wp-content\/uploads\/sites\/13\/2021\/02\/bolit_0-1024x682.jpg","datePublished":"2020-11-19T13:25:37+00:00","dateModified":"2021-02-10T08:30:48+00:00","breadcrumb":{"@id":"https:\/\/wm.pb.edu.pl\/cerbermotorsport\/bolid-cms-05\/#breadcrumb"},"inLanguage":"pl-PL","potentialAction":[{"@type":"ReadAction","target":["https:\/\/wm.pb.edu.pl\/cerbermotorsport\/bolid-cms-05\/"]}]},{"@type":"ImageObject","inLanguage":"pl-PL","@id":"https:\/\/wm.pb.edu.pl\/cerbermotorsport\/bolid-cms-05\/#primaryimage","url":"https:\/\/wm.pb.edu.pl\/cerbermotorsport\/wp-content\/uploads\/sites\/13\/2021\/02\/bolit_0.jpg","contentUrl":"https:\/\/wm.pb.edu.pl\/cerbermotorsport\/wp-content\/uploads\/sites\/13\/2021\/02\/bolit_0.jpg","width":1547,"height":1031,"caption":"Bolid CMS-05"},{"@type":"BreadcrumbList","@id":"https:\/\/wm.pb.edu.pl\/cerbermotorsport\/bolid-cms-05\/#breadcrumb","itemListElement":[{"@type":"ListItem","position":1,"name":"Strona g\u0142\u00f3wna","item":"https:\/\/wm.pb.edu.pl\/cerbermotorsport\/"},{"@type":"ListItem","position":2,"name":"Bolid CMS-05"}]},{"@type":"WebSite","@id":"https:\/\/wm.pb.edu.pl\/cerbermotorsport\/#website","url":"https:\/\/wm.pb.edu.pl\/cerbermotorsport\/","name":"Cerber Motorsport - Wydzia\u0142 Mechaniczny PB","description":"Polski zesp\u00f3\u0142 Formu\u0142y Student z Wydzia\u0142u Mechanicznego Politechniki Bia\u0142ostockiej startuj\u0105cy w mi\u0119dzynarodowych zawodach. Informacje o projektach realizowanych przez Cerber Motorsport.","potentialAction":[{"@type":"SearchAction","target":{"@type":"EntryPoint","urlTemplate":"https:\/\/wm.pb.edu.pl\/cerbermotorsport\/?s={search_term_string}"},"query-input":{"@type":"PropertyValueSpecification","valueRequired":true,"valueName":"search_term_string"}}],"inLanguage":"pl-PL"}]}},"_links":{"self":[{"href":"https:\/\/wm.pb.edu.pl\/cerbermotorsport\/wp-json\/wp\/v2\/pages\/114","targetHints":{"allow":["GET"]}}],"collection":[{"href":"https:\/\/wm.pb.edu.pl\/cerbermotorsport\/wp-json\/wp\/v2\/pages"}],"about":[{"href":"https:\/\/wm.pb.edu.pl\/cerbermotorsport\/wp-json\/wp\/v2\/types\/page"}],"author":[{"embeddable":true,"href":"https:\/\/wm.pb.edu.pl\/cerbermotorsport\/wp-json\/wp\/v2\/users\/14"}],"replies":[{"embeddable":true,"href":"https:\/\/wm.pb.edu.pl\/cerbermotorsport\/wp-json\/wp\/v2\/comments?post=114"}],"version-history":[{"count":4,"href":"https:\/\/wm.pb.edu.pl\/cerbermotorsport\/wp-json\/wp\/v2\/pages\/114\/revisions"}],"predecessor-version":[{"id":619,"href":"https:\/\/wm.pb.edu.pl\/cerbermotorsport\/wp-json\/wp\/v2\/pages\/114\/revisions\/619"}],"wp:attachment":[{"href":"https:\/\/wm.pb.edu.pl\/cerbermotorsport\/wp-json\/wp\/v2\/media?parent=114"}],"curies":[{"name":"wp","href":"https:\/\/api.w.org\/{rel}","templated":true}]}}