{"id":116,"date":"2020-11-19T14:25:45","date_gmt":"2020-11-19T13:25:45","guid":{"rendered":"https:\/\/wm.pb.edu.pl\/cerber\/?page_id=116"},"modified":"2021-02-18T14:37:36","modified_gmt":"2021-02-18T13:37:36","slug":"bolid-cms-06","status":"publish","type":"page","link":"https:\/\/wm.pb.edu.pl\/cerbermotorsport\/bolid-cms-06\/","title":{"rendered":"Bolid CMS-06"},"content":{"rendered":"<p style=\"text-align: left\"><img loading=\"lazy\" decoding=\"async\" class=\"alignright wp-image-623 \" src=\"https:\/\/wm.pb.edu.pl\/cerbermotorsport\/wp-content\/uploads\/sites\/13\/2021\/02\/cerber-strona-net-2-1024x678.jpg\" alt=\"Bolid\" width=\"533\" height=\"353\" srcset=\"https:\/\/wm.pb.edu.pl\/cerbermotorsport\/wp-content\/uploads\/sites\/13\/2021\/02\/cerber-strona-net-2-1024x678.jpg 1024w, https:\/\/wm.pb.edu.pl\/cerbermotorsport\/wp-content\/uploads\/sites\/13\/2021\/02\/cerber-strona-net-2-300x199.jpg 300w, https:\/\/wm.pb.edu.pl\/cerbermotorsport\/wp-content\/uploads\/sites\/13\/2021\/02\/cerber-strona-net-2-768x509.jpg 768w, https:\/\/wm.pb.edu.pl\/cerbermotorsport\/wp-content\/uploads\/sites\/13\/2021\/02\/cerber-strona-net-2-1536x1017.jpg 1536w, https:\/\/wm.pb.edu.pl\/cerbermotorsport\/wp-content\/uploads\/sites\/13\/2021\/02\/cerber-strona-net-2-2048x1356.jpg 2048w\" sizes=\"auto, (max-width: 533px) 100vw, 533px\" \/>CMS-06 to kolejny bolid, kt\u00f3ry powsta\u0142 w okresie 9 miesi\u0119cy. Ci\u0119\u017cka praca, setki nieprzespanych nocy i kolejna generacja bolidu, \u0142\u0105cz\u0105ca sprawdzone rozwi\u0105zania u\u017cyte przy poprzednich autach, z wprowadzonymi innowacjami. Auto jest kolejnym, kt\u00f3re wykorzystuje kompozytow\u0105 konstrukcj\u0119 samono\u015bn\u0105. Zosta\u0142a ona wykonana z w\u0142\u00f3kna w\u0119glowego oraz aluminiowej przek\u0142adki o strukturze plastra miodu. Do\u015bwiadczenie zebrane w przy poprzednim projekcie, umo\u017cliwi\u0142o redukcj\u0119 jej masy o 3,5 kg.<\/p>\n<p style=\"text-align: left\">Dzi\u0119ki badaniom przeprowadzonym w tunelu aerodynamicznym Sieci Badawczej \u0141ukasiewicz \u2013 Instytutu Lotnictwa w Warszawie, na pomniejszonym modelu auta w skali, zweryfikowali\u015bmy wiele czynnik\u00f3w, kt\u00f3rym poddawane jest podczas jazdy auto m.in. si\u0142\u0119 docisku i op\u00f3r powietrza. Najwi\u0119ksz\u0105 nowo\u015bci\u0105 w pakiecie aerodynamicznym auta CMS-06 jest zastosowanie specjalnie ukszta\u0142towanej pod\u0142ogi z dyfuzorami. Dla zwi\u0119kszenia efektywno\u015bci jej dzia\u0142ania zdecydowano si\u0119 tak\u017ce na wprowadzenie kierownic powietrza, kt\u00f3re warunkuj\u0105 przep\u0142yw za przednimi ko\u0142ami. Zesp\u00f3\u0142 tylnego skrzyd\u0142a zosta\u0142 zredukowany do dw\u00f3ch wi\u0119kszych p\u0142at\u00f3w, a nowa konstrukcja p\u0142yt kraw\u0119dziowych pozwoli\u0142a wyeliminowa\u0107 potrzeb\u0119 stosowania podparcia skrzyd\u0142a w miejscu newralgicznym dla przep\u0142ywu powietrza. Tylne skrzyd\u0142o ponownie zosta\u0142o wyposa\u017cone w system DRS, zaczerpni\u0119ty z aut Formu\u0142y 1.<\/p>\n<p style=\"text-align: left\">Po raz pierwszy jednostka nap\u0119dowa zosta\u0142a wzbogacona o 9 stopniowy system kontroli trakcji ASR \u2013 Acceleration Slip Regulation. Badania pod k\u0105tem pienienia si\u0119 oleju w zbiorniku, nale\u017c\u0105cego do uk\u0142adu smarowania, pozwoli\u0142y zredukowa\u0107 ten problem o 45%.<\/p>\n<p style=\"text-align: left\">Sz\u00f3ste auto zosta\u0142o wyposa\u017cone w ponad 40 czujnik\u00f3w obs\u0142ugiwanych przez autorski system akwizycji danych. Ponadto bezprzewodowa komunikacja z bolidem o zasi\u0119gu 500m, pozwoli\u0142a monitorowa\u0107 prac\u0119 poszczeg\u00f3lnych uk\u0142ad\u00f3w auta w czasie jazdy.Kierowca z poziomu kierownicy jest w stanie balansowa\u0107 rozk\u0142adem si\u0142y hamowania, aktywowa\u0107 system kontroli startu, automatycznej zmiany bieg\u00f3w oraz sterowa\u0107 systemem redukcji opor\u00f3w aerodynamicznych \u2013 DRS.<\/p>\n<p style=\"text-align: left\"><img loading=\"lazy\" decoding=\"async\" class=\"size-medium wp-image-622 alignright\" src=\"https:\/\/wm.pb.edu.pl\/cerbermotorsport\/wp-content\/uploads\/sites\/13\/2021\/02\/chlodnica1-300x225.png\" alt=\"ch\u0142odnica\" width=\"300\" height=\"225\" srcset=\"https:\/\/wm.pb.edu.pl\/cerbermotorsport\/wp-content\/uploads\/sites\/13\/2021\/02\/chlodnica1-300x225.png 300w, https:\/\/wm.pb.edu.pl\/cerbermotorsport\/wp-content\/uploads\/sites\/13\/2021\/02\/chlodnica1-1024x768.png 1024w, https:\/\/wm.pb.edu.pl\/cerbermotorsport\/wp-content\/uploads\/sites\/13\/2021\/02\/chlodnica1-768x576.png 768w, https:\/\/wm.pb.edu.pl\/cerbermotorsport\/wp-content\/uploads\/sites\/13\/2021\/02\/chlodnica1-1536x1152.png 1536w, https:\/\/wm.pb.edu.pl\/cerbermotorsport\/wp-content\/uploads\/sites\/13\/2021\/02\/chlodnica1-2048x1536.png 2048w\" sizes=\"auto, (max-width: 300px) 100vw, 300px\" \/><\/p>\n<p style=\"text-align: left\">W uk\u0142adzie ch\u0142odzenia zwi\u0119kszono powierzchni\u0119 wymiany ciep\u0142a poprzez dwie symetrycznie roz\u0142o\u017cone ch\u0142odnice. Ulepszona ergonomia i nowa pozycja kierowcy wp\u0142yn\u0119\u0142y na scentralizowanie po\u0142o\u017cenia \u015brodka ci\u0119\u017cko\u015bci. Uk\u0142ad dolotowy zosta\u0142 zaprojektowany pod wzgl\u0119dem poprawy elastyczno\u015bci i wyg\u0142adzenia charakterystyki zewn\u0119trznej silnika. Tytanowy uk\u0142ad wydechowy zosta\u0142 gruntownie przeprojektowany \u2013 dzi\u0119ki czemu obni\u017cyli\u015bmy jego mas\u0119 prawie dwukrotnie wzgl\u0119dem poprzedniego projektu.<\/p>\n<p style=\"text-align: left\">W modelu obliczeniowym uzyskano r\u00f3wnomierny rozk\u0142ad napr\u0119\u017ce\u0144 zar\u00f3wno na kole \u0142a\u0144cuchowym, jak i mocowaniach mechanizmu r\u00f3\u017cnicowego. Zwi\u0119kszenie maksymalnych napr\u0119\u017ce\u0144 pozwoli\u0142o na redukcj\u0119 masy ca\u0142ego uk\u0142adu oraz poprawy jego sztywno\u015bci. W por\u00f3wnaniu do poprzednich generacji aut uzyskali\u015bmy najl\u017cejszy uk\u0142ad nap\u0119dowy.<\/p>\n<h2><b>Parametry techniczne:<\/b><\/h2>\n<ul>\n<li style=\"font-weight: 400\"><span style=\"font-weight: 400\">masa: 199,5 kg<\/span><\/li>\n<li style=\"font-weight: 400\"><span style=\"font-weight: 400\">silnik Honda CBR 600 RR dostosowany do naszych za\u0142o\u017ce\u0144 projektowych<\/span><\/li>\n<li style=\"font-weight: 400\"><span style=\"font-weight: 400\">przyspieszenie od 0 do 100 km\/h &#8211; 3,3 sek.<\/span><\/li>\n<li style=\"font-weight: 400\"><span style=\"font-weight: 400\">pr\u0119dko\u015b\u0107 maksymalna 130 km\/h<\/span><\/li>\n<li style=\"font-weight: 400\"><span style=\"font-weight: 400\">62 Nm momentu obrotowego przy 8800 RPM<\/span><\/li>\n<li style=\"font-weight: 400\"><span style=\"font-weight: 400\">80 koni mechanicznych przy 9200 RPM&nbsp;<\/span><\/li>\n<li style=\"font-weight: 400\"><span style=\"font-weight: 400\">sztywno\u015b\u0107 skr\u0119tna 2000 Nm\/\u00b0 (Nm\/stopie\u0144)<\/span><\/li>\n<li style=\"font-weight: 400\"><span style=\"font-weight: 400\">150 kg docisku przy pr\u0119dko\u015bci 100 km\/h<\/span><\/li>\n<li style=\"font-weight: 400\"><span style=\"font-weight: 400\">sekwencyjna skrzynia bieg\u00f3w<\/span><\/li>\n<\/ul>\n<h3><b>Rozwi\u0105zania zastosowane w aucie:<\/b><\/h3>\n<ul>\n<li style=\"font-weight: 400\"><span style=\"font-weight: 400\">niezale\u017cne zawieszenie z pe\u0142n\u0105 regulacj\u0105 geometrii<\/span><\/li>\n<li style=\"font-weight: 400\"><span style=\"font-weight: 400\">wykonanie poszczeg\u00f3lnych element\u00f3w w technologii proszk\u00f3w spiekanych<\/span><\/li>\n<li style=\"font-weight: 400\"><span style=\"font-weight: 400\">pod\u0142oga wykonana z kompozytu przek\u0142adkowego na rdzeniu aramidowym<\/span><\/li>\n<li style=\"font-weight: 400\"><span style=\"font-weight: 400\">hybrydowa konstrukcja no\u015bna &#8211; cz\u0119\u015b\u0107 przedni\u0105 stanowi \u201cmonocoque\u201d wykonany z w\u0142\u00f3kna w\u0119glowego oraz przek\u0142adki aluminiowej typu \u201choneycomb\u201d, cz\u0119\u015b\u0107 tylna jest to klasyczna konstrukcja kratownicowa wykonana ze stali stopowej o podwy\u017cszonych w\u0142a\u015bciwo\u015bciach wytrzyma\u0142o\u015bciowych<\/span><\/li>\n<li style=\"font-weight: 400\"><span style=\"font-weight: 400\">system telemetrii oraz dost\u0119p do danych w czasie rzeczywistym<\/span><\/li>\n<li style=\"font-weight: 400\"><span style=\"font-weight: 400\">autorski uk\u0142ad smarowania silnika z such\u0105 mis\u0105 olejow\u0105&nbsp;<\/span><\/li>\n<li style=\"font-weight: 400\"><span style=\"font-weight: 400\">mechanizm r\u00f3\u017cnicowy o limitowanym po\u015blizgu z mo\u017cliwo\u015bci\u0105 regulacji napi\u0119cia wst\u0119pnego&nbsp;<\/span><\/li>\n<li style=\"font-weight: 400\"><span style=\"font-weight: 400\">zmodyfikowany uk\u0142ad rozrz\u0105du&nbsp;<\/span><\/li>\n<li style=\"font-weight: 400\"><span style=\"font-weight: 400\">autorski uk\u0142ad ch\u0142odzenia jednostki nap\u0119dowej&nbsp;<\/span><\/li>\n<li style=\"font-weight: 400\"><span style=\"font-weight: 400\">dostosowana ergonomia pojazdu do potrzeb naszych kierowc\u00f3w<\/span><\/li>\n<\/ul>\n<p><img loading=\"lazy\" decoding=\"async\" class=\"alignnone wp-image-621 size-large\" src=\"https:\/\/wm.pb.edu.pl\/cerbermotorsport\/wp-content\/uploads\/sites\/13\/2021\/02\/0Z4A3617-1024x683.jpg\" alt=\"Bolid CMS-06\" width=\"1024\" height=\"683\" srcset=\"https:\/\/wm.pb.edu.pl\/cerbermotorsport\/wp-content\/uploads\/sites\/13\/2021\/02\/0Z4A3617-1024x683.jpg 1024w, https:\/\/wm.pb.edu.pl\/cerbermotorsport\/wp-content\/uploads\/sites\/13\/2021\/02\/0Z4A3617-300x200.jpg 300w, https:\/\/wm.pb.edu.pl\/cerbermotorsport\/wp-content\/uploads\/sites\/13\/2021\/02\/0Z4A3617-768x512.jpg 768w, https:\/\/wm.pb.edu.pl\/cerbermotorsport\/wp-content\/uploads\/sites\/13\/2021\/02\/0Z4A3617-1536x1024.jpg 1536w, https:\/\/wm.pb.edu.pl\/cerbermotorsport\/wp-content\/uploads\/sites\/13\/2021\/02\/0Z4A3617-2048x1365.jpg 2048w, https:\/\/wm.pb.edu.pl\/cerbermotorsport\/wp-content\/uploads\/sites\/13\/2021\/02\/0Z4A3617-480x320.jpg 480w\" sizes=\"auto, (max-width: 1024px) 100vw, 1024px\" \/><\/p>\n","protected":false},"excerpt":{"rendered":"<p>CMS-06 to kolejny bolid, kt\u00f3ry powsta\u0142 w okresie 9 miesi\u0119cy. Ci\u0119\u017cka praca, setki nieprzespanych nocy<a class=\"read-more\" href=\"https:\/\/wm.pb.edu.pl\/cerbermotorsport\/bolid-cms-06\/\" title=\"Poka\u017c artyku\u0142 Bolid CMS-06\">wi\u0119cej<\/a><\/p>\n","protected":false},"author":14,"featured_media":0,"parent":0,"menu_order":0,"comment_status":"closed","ping_status":"closed","template":"","meta":{"inline_featured_image":false,"ngg_post_thumbnail":0,"footnotes":""},"class_list":["post-116","page","type-page","status-publish","hentry"],"acf":[],"yoast_head":"<!-- This site is optimized with the Yoast SEO plugin v26.4 - https:\/\/yoast.com\/wordpress\/plugins\/seo\/ -->\n<title>Bolid CMS-06 - Cerber Motorsport - Wydzia\u0142 Mechaniczny PB<\/title>\n<meta name=\"robots\" content=\"index, follow, max-snippet:-1, max-image-preview:large, max-video-preview:-1\" \/>\n<link rel=\"canonical\" href=\"https:\/\/wm.pb.edu.pl\/cerbermotorsport\/bolid-cms-06\/\" \/>\n<meta property=\"og:locale\" content=\"pl_PL\" \/>\n<meta property=\"og:type\" content=\"article\" \/>\n<meta property=\"og:title\" content=\"Bolid CMS-06 - Cerber Motorsport - Wydzia\u0142 Mechaniczny PB\" \/>\n<meta property=\"og:description\" content=\"CMS-06 to kolejny bolid, kt\u00f3ry powsta\u0142 w okresie 9 miesi\u0119cy. Ci\u0119\u017cka praca, setki nieprzespanych nocywi\u0119cej\" \/>\n<meta property=\"og:url\" content=\"https:\/\/wm.pb.edu.pl\/cerbermotorsport\/bolid-cms-06\/\" \/>\n<meta property=\"og:site_name\" content=\"Cerber Motorsport - Wydzia\u0142 Mechaniczny PB\" \/>\n<meta property=\"article:modified_time\" content=\"2021-02-18T13:37:36+00:00\" \/>\n<meta property=\"og:image\" content=\"https:\/\/wm.pb.edu.pl\/cerbermotorsport\/wp-content\/uploads\/sites\/13\/2021\/02\/cerber-strona-net-2-1024x678.jpg\" \/>\n<meta name=\"twitter:card\" content=\"summary_large_image\" \/>\n<meta name=\"twitter:label1\" content=\"Szacowany czas czytania\" \/>\n\t<meta name=\"twitter:data1\" content=\"3 minuty\" \/>\n<script type=\"application\/ld+json\" class=\"yoast-schema-graph\">{\"@context\":\"https:\/\/schema.org\",\"@graph\":[{\"@type\":\"WebPage\",\"@id\":\"https:\/\/wm.pb.edu.pl\/cerbermotorsport\/bolid-cms-06\/\",\"url\":\"https:\/\/wm.pb.edu.pl\/cerbermotorsport\/bolid-cms-06\/\",\"name\":\"Bolid CMS-06 - Cerber Motorsport - Wydzia\u0142 Mechaniczny PB\",\"isPartOf\":{\"@id\":\"https:\/\/wm.pb.edu.pl\/cerbermotorsport\/#website\"},\"primaryImageOfPage\":{\"@id\":\"https:\/\/wm.pb.edu.pl\/cerbermotorsport\/bolid-cms-06\/#primaryimage\"},\"image\":{\"@id\":\"https:\/\/wm.pb.edu.pl\/cerbermotorsport\/bolid-cms-06\/#primaryimage\"},\"thumbnailUrl\":\"https:\/\/wm.pb.edu.pl\/cerbermotorsport\/wp-content\/uploads\/sites\/13\/2021\/02\/cerber-strona-net-2-1024x678.jpg\",\"datePublished\":\"2020-11-19T13:25:45+00:00\",\"dateModified\":\"2021-02-18T13:37:36+00:00\",\"breadcrumb\":{\"@id\":\"https:\/\/wm.pb.edu.pl\/cerbermotorsport\/bolid-cms-06\/#breadcrumb\"},\"inLanguage\":\"pl-PL\",\"potentialAction\":[{\"@type\":\"ReadAction\",\"target\":[\"https:\/\/wm.pb.edu.pl\/cerbermotorsport\/bolid-cms-06\/\"]}]},{\"@type\":\"ImageObject\",\"inLanguage\":\"pl-PL\",\"@id\":\"https:\/\/wm.pb.edu.pl\/cerbermotorsport\/bolid-cms-06\/#primaryimage\",\"url\":\"https:\/\/wm.pb.edu.pl\/cerbermotorsport\/wp-content\/uploads\/sites\/13\/2021\/02\/cerber-strona-net-2-1024x678.jpg\",\"contentUrl\":\"https:\/\/wm.pb.edu.pl\/cerbermotorsport\/wp-content\/uploads\/sites\/13\/2021\/02\/cerber-strona-net-2-1024x678.jpg\"},{\"@type\":\"BreadcrumbList\",\"@id\":\"https:\/\/wm.pb.edu.pl\/cerbermotorsport\/bolid-cms-06\/#breadcrumb\",\"itemListElement\":[{\"@type\":\"ListItem\",\"position\":1,\"name\":\"Strona g\u0142\u00f3wna\",\"item\":\"https:\/\/wm.pb.edu.pl\/cerbermotorsport\/\"},{\"@type\":\"ListItem\",\"position\":2,\"name\":\"Bolid CMS-06\"}]},{\"@type\":\"WebSite\",\"@id\":\"https:\/\/wm.pb.edu.pl\/cerbermotorsport\/#website\",\"url\":\"https:\/\/wm.pb.edu.pl\/cerbermotorsport\/\",\"name\":\"Cerber Motorsport - Wydzia\u0142 Mechaniczny PB\",\"description\":\"Polski zesp\u00f3\u0142 Formu\u0142y Student z Wydzia\u0142u Mechanicznego Politechniki Bia\u0142ostockiej startuj\u0105cy w mi\u0119dzynarodowych zawodach. Informacje o projektach realizowanych przez Cerber Motorsport.\",\"potentialAction\":[{\"@type\":\"SearchAction\",\"target\":{\"@type\":\"EntryPoint\",\"urlTemplate\":\"https:\/\/wm.pb.edu.pl\/cerbermotorsport\/?s={search_term_string}\"},\"query-input\":{\"@type\":\"PropertyValueSpecification\",\"valueRequired\":true,\"valueName\":\"search_term_string\"}}],\"inLanguage\":\"pl-PL\"}]}<\/script>\n<!-- \/ Yoast SEO plugin. -->","yoast_head_json":{"title":"Bolid CMS-06 - Cerber Motorsport - Wydzia\u0142 Mechaniczny PB","robots":{"index":"index","follow":"follow","max-snippet":"max-snippet:-1","max-image-preview":"max-image-preview:large","max-video-preview":"max-video-preview:-1"},"canonical":"https:\/\/wm.pb.edu.pl\/cerbermotorsport\/bolid-cms-06\/","og_locale":"pl_PL","og_type":"article","og_title":"Bolid CMS-06 - Cerber Motorsport - Wydzia\u0142 Mechaniczny PB","og_description":"CMS-06 to kolejny bolid, kt\u00f3ry powsta\u0142 w okresie 9 miesi\u0119cy. Ci\u0119\u017cka praca, setki nieprzespanych nocywi\u0119cej","og_url":"https:\/\/wm.pb.edu.pl\/cerbermotorsport\/bolid-cms-06\/","og_site_name":"Cerber Motorsport - Wydzia\u0142 Mechaniczny PB","article_modified_time":"2021-02-18T13:37:36+00:00","og_image":[{"url":"https:\/\/wm.pb.edu.pl\/cerbermotorsport\/wp-content\/uploads\/sites\/13\/2021\/02\/cerber-strona-net-2-1024x678.jpg","type":"","width":"","height":""}],"twitter_card":"summary_large_image","twitter_misc":{"Szacowany czas czytania":"3 minuty"},"schema":{"@context":"https:\/\/schema.org","@graph":[{"@type":"WebPage","@id":"https:\/\/wm.pb.edu.pl\/cerbermotorsport\/bolid-cms-06\/","url":"https:\/\/wm.pb.edu.pl\/cerbermotorsport\/bolid-cms-06\/","name":"Bolid CMS-06 - Cerber Motorsport - Wydzia\u0142 Mechaniczny PB","isPartOf":{"@id":"https:\/\/wm.pb.edu.pl\/cerbermotorsport\/#website"},"primaryImageOfPage":{"@id":"https:\/\/wm.pb.edu.pl\/cerbermotorsport\/bolid-cms-06\/#primaryimage"},"image":{"@id":"https:\/\/wm.pb.edu.pl\/cerbermotorsport\/bolid-cms-06\/#primaryimage"},"thumbnailUrl":"https:\/\/wm.pb.edu.pl\/cerbermotorsport\/wp-content\/uploads\/sites\/13\/2021\/02\/cerber-strona-net-2-1024x678.jpg","datePublished":"2020-11-19T13:25:45+00:00","dateModified":"2021-02-18T13:37:36+00:00","breadcrumb":{"@id":"https:\/\/wm.pb.edu.pl\/cerbermotorsport\/bolid-cms-06\/#breadcrumb"},"inLanguage":"pl-PL","potentialAction":[{"@type":"ReadAction","target":["https:\/\/wm.pb.edu.pl\/cerbermotorsport\/bolid-cms-06\/"]}]},{"@type":"ImageObject","inLanguage":"pl-PL","@id":"https:\/\/wm.pb.edu.pl\/cerbermotorsport\/bolid-cms-06\/#primaryimage","url":"https:\/\/wm.pb.edu.pl\/cerbermotorsport\/wp-content\/uploads\/sites\/13\/2021\/02\/cerber-strona-net-2-1024x678.jpg","contentUrl":"https:\/\/wm.pb.edu.pl\/cerbermotorsport\/wp-content\/uploads\/sites\/13\/2021\/02\/cerber-strona-net-2-1024x678.jpg"},{"@type":"BreadcrumbList","@id":"https:\/\/wm.pb.edu.pl\/cerbermotorsport\/bolid-cms-06\/#breadcrumb","itemListElement":[{"@type":"ListItem","position":1,"name":"Strona g\u0142\u00f3wna","item":"https:\/\/wm.pb.edu.pl\/cerbermotorsport\/"},{"@type":"ListItem","position":2,"name":"Bolid CMS-06"}]},{"@type":"WebSite","@id":"https:\/\/wm.pb.edu.pl\/cerbermotorsport\/#website","url":"https:\/\/wm.pb.edu.pl\/cerbermotorsport\/","name":"Cerber Motorsport - Wydzia\u0142 Mechaniczny PB","description":"Polski zesp\u00f3\u0142 Formu\u0142y Student z Wydzia\u0142u Mechanicznego Politechniki Bia\u0142ostockiej startuj\u0105cy w mi\u0119dzynarodowych zawodach. Informacje o projektach realizowanych przez Cerber Motorsport.","potentialAction":[{"@type":"SearchAction","target":{"@type":"EntryPoint","urlTemplate":"https:\/\/wm.pb.edu.pl\/cerbermotorsport\/?s={search_term_string}"},"query-input":{"@type":"PropertyValueSpecification","valueRequired":true,"valueName":"search_term_string"}}],"inLanguage":"pl-PL"}]}},"_links":{"self":[{"href":"https:\/\/wm.pb.edu.pl\/cerbermotorsport\/wp-json\/wp\/v2\/pages\/116","targetHints":{"allow":["GET"]}}],"collection":[{"href":"https:\/\/wm.pb.edu.pl\/cerbermotorsport\/wp-json\/wp\/v2\/pages"}],"about":[{"href":"https:\/\/wm.pb.edu.pl\/cerbermotorsport\/wp-json\/wp\/v2\/types\/page"}],"author":[{"embeddable":true,"href":"https:\/\/wm.pb.edu.pl\/cerbermotorsport\/wp-json\/wp\/v2\/users\/14"}],"replies":[{"embeddable":true,"href":"https:\/\/wm.pb.edu.pl\/cerbermotorsport\/wp-json\/wp\/v2\/comments?post=116"}],"version-history":[{"count":4,"href":"https:\/\/wm.pb.edu.pl\/cerbermotorsport\/wp-json\/wp\/v2\/pages\/116\/revisions"}],"predecessor-version":[{"id":631,"href":"https:\/\/wm.pb.edu.pl\/cerbermotorsport\/wp-json\/wp\/v2\/pages\/116\/revisions\/631"}],"wp:attachment":[{"href":"https:\/\/wm.pb.edu.pl\/cerbermotorsport\/wp-json\/wp\/v2\/media?parent=116"}],"curies":[{"name":"wp","href":"https:\/\/api.w.org\/{rel}","templated":true}]}}