{"id":118,"date":"2020-11-19T14:25:51","date_gmt":"2020-11-19T13:25:51","guid":{"rendered":"https:\/\/wm.pb.edu.pl\/cerber\/?page_id=118"},"modified":"2022-03-28T12:59:38","modified_gmt":"2022-03-28T10:59:38","slug":"bolid-cms-07","status":"publish","type":"page","link":"https:\/\/wm.pb.edu.pl\/cerbermotorsport\/bolid-cms-07\/","title":{"rendered":"Bolid CMS-07"},"content":{"rendered":"<p><strong>Bolid CMS-07<\/strong><\/p>\n<p>Si\u00f3dme dziecko zespo\u0142u Cerber Motorsport ze Studenckiego Ko\u0142a Naukowego Auto-Moto-Club. Nowy bolid Formu\u0142y Student CMS-07 to lepsza aerodynamika, elektronika, konstrukcja no\u015bna, silnik, nap\u0119d oraz zawieszenie. Budowa bolidu CMS-07 realizowana by\u0142a przez dwa lata ze wzgl\u0119du na ograniczon\u0105 liczb\u0119 student\u00f3w pozosta\u0142ych po poprzednim projekcie. Przy realizacji tego projektu postawiono najwi\u0119kszy nacisk na zrozumienie podstaw, transfer wiedzy oraz popraw\u0119 jako\u015bci wykonania. Zesp\u00f3\u0142 projektowy uczestniczy\u0142 w licznych szkoleniach i kursach, co prze\u0142o\u017cy\u0142o si\u0119 na wykonanie znacznego przeskoku w rozwoju bolid\u00f3w.<\/p>\n<p>&nbsp;&nbsp;<a href=\"https:\/\/wm.pb.edu.pl\/cerbermotorsport\/wp-content\/uploads\/sites\/13\/2022\/03\/bolid-na-torze-3.jpg\"><img loading=\"lazy\" decoding=\"async\" class=\"aligncenter wp-image-762 size-large\" src=\"https:\/\/wm.pb.edu.pl\/cerbermotorsport\/wp-content\/uploads\/sites\/13\/2022\/03\/bolid-na-torze-3-1024x683.jpg\" alt=\"bolid na torze\" width=\"1024\" height=\"683\" srcset=\"https:\/\/wm.pb.edu.pl\/cerbermotorsport\/wp-content\/uploads\/sites\/13\/2022\/03\/bolid-na-torze-3-1024x683.jpg 1024w, https:\/\/wm.pb.edu.pl\/cerbermotorsport\/wp-content\/uploads\/sites\/13\/2022\/03\/bolid-na-torze-3-300x200.jpg 300w, https:\/\/wm.pb.edu.pl\/cerbermotorsport\/wp-content\/uploads\/sites\/13\/2022\/03\/bolid-na-torze-3-768x513.jpg 768w, https:\/\/wm.pb.edu.pl\/cerbermotorsport\/wp-content\/uploads\/sites\/13\/2022\/03\/bolid-na-torze-3-480x320.jpg 480w, https:\/\/wm.pb.edu.pl\/cerbermotorsport\/wp-content\/uploads\/sites\/13\/2022\/03\/bolid-na-torze-3.jpg 1500w\" sizes=\"auto, (max-width: 1024px) 100vw, 1024px\" \/><\/a>&nbsp;<\/p>\n<p>Si\u00f3dmy bolid jest kolejnym, w kt\u00f3rym wykorzystano kompozytow\u0105 konstrukcj\u0119 no\u015bn\u0105. Rozszerzone badania materia\u0142owe oraz wykonanie odpowiednich test\u00f3w wp\u0142yn\u0119\u0142o w znacz\u0105cym stopniu na popraw\u0119 sztywno\u015bci skr\u0119tnej ca\u0142ej konstrukcji, kt\u00f3ra w por\u00f3wnaniu z bolidem CMS-06 wzros\u0142a blisko 1,5-krotnie. Rozbudowany pakiet aerodynamiczny zosta\u0142 wykonany z wykorzystaniem nowej metody wytwarzania czyli infuzji. Pozwoli\u0142o to na popraw\u0119 jako\u015bci wykonania oraz sztywno\u015bci element\u00f3w sk\u0142adowych pakietu aerodynamicznego. W jego sk\u0142ad wchodz\u0105: zoptymalizowane przednie i tylne skrzyd\u0142o, rozbudowana sekcja boczna oraz pod\u0142oga, w ca\u0142o\u015bci wykorzystano 25 autorskich profili lotniczych, dzi\u0119ki czemu pakiet jest w stanie generowa\u0107 znaczn\u0105 si\u0142\u0119 docisku przy relatywnie niskim oporze. Poprawiona pozycja kierowcy, inne umiejscowienie silnika w przestrzennej ramie w po\u0142\u0105czeniu z zupe\u0142nie nowym niskim profilem opon wp\u0142yn\u0119\u0142o pozytywnie na obni\u017cenie \u015brodka ci\u0119\u017cko\u015bci ca\u0142ego auta. Zabieg ten poprawi\u0142 w znacznym stopniu w\u0142a\u015bciwo\u015bci trakcyjne bolidu, a tym samy czasy uzyskiwane na torze.<\/p>\n<p style=\"text-align: center\"><a href=\"https:\/\/wm.pb.edu.pl\/cerbermotorsport\/wp-content\/uploads\/sites\/13\/2022\/03\/bolid-na-torze-4-1.jpg\"><img loading=\"lazy\" decoding=\"async\" class=\"alignnone wp-image-765 size-large\" src=\"https:\/\/wm.pb.edu.pl\/cerbermotorsport\/wp-content\/uploads\/sites\/13\/2022\/03\/bolid-na-torze-4-1-1024x683.jpg\" alt=\"bolid na torze \" width=\"1024\" height=\"683\" srcset=\"https:\/\/wm.pb.edu.pl\/cerbermotorsport\/wp-content\/uploads\/sites\/13\/2022\/03\/bolid-na-torze-4-1-1024x683.jpg 1024w, https:\/\/wm.pb.edu.pl\/cerbermotorsport\/wp-content\/uploads\/sites\/13\/2022\/03\/bolid-na-torze-4-1-300x200.jpg 300w, https:\/\/wm.pb.edu.pl\/cerbermotorsport\/wp-content\/uploads\/sites\/13\/2022\/03\/bolid-na-torze-4-1-768x512.jpg 768w, https:\/\/wm.pb.edu.pl\/cerbermotorsport\/wp-content\/uploads\/sites\/13\/2022\/03\/bolid-na-torze-4-1-480x320.jpg 480w, https:\/\/wm.pb.edu.pl\/cerbermotorsport\/wp-content\/uploads\/sites\/13\/2022\/03\/bolid-na-torze-4-1.jpg 1500w\" sizes=\"auto, (max-width: 1024px) 100vw, 1024px\" \/><\/a><\/p>\n<p>Przeprojektowano uk\u0142ad zawieszenia, tak by dostosowa\u0107 charakterystyk\u0119 jazdy do nowych opon. Dodatkowo zmieniono przek\u0142adnie kierownicz\u0105, konstrukcj\u0119 przedniego stabilizatora oraz zastosowano mo\u017cliwo\u015b\u0107 regulacji pedalboxa. Dzia\u0142 silnik i nap\u0119d udoskonali\u0142 obliczenia numeryczne przep\u0142ywowe, kt\u00f3re w po\u0142\u0105czeniu z badaniami wykonanymi na stanowisku badawczym pozytywnie wp\u0142yn\u0119\u0142y na charakterystyk\u0119 zewn\u0119trzn\u0105 silnika poprawiaj\u0105c zakres u\u017cytkowy momentu obrotowego. Znacz\u0105c\u0105 zmian\u0105 by\u0142a r\u00f3wnie\u017c modyfikacja bloku silnika, kt\u00f3ra pozwoli\u0142a zastosowa\u0107 najni\u017csz\u0105 z dotychczasowych such\u0105 mis\u0119 olejow\u0105. Modyfikacja silnika w znacznym stopniu wp\u0142yn\u0119\u0142a na obni\u017cenie \u015brodka ci\u0119\u017cko\u015bci. Dodatkowo poprawiono wydajno\u015b\u0107 uk\u0142adu ch\u0142odzenia.<\/p>\n<p>W bolidzie CMS-07 wykonano autorsk\u0105 wi\u0105zk\u0119 elektryczn\u0105 zawieraj\u0105c\u0105 elementy niezb\u0119dnej telemetrii. Poprawiono r\u00f3wnie\u017c problemy z \u0142\u0105czno\u015bci\u0105 z bolidem oraz wykorzystano niezale\u017cne urz\u0105dzenie do zapisu parametr\u00f3w pracy silnika.<\/p>\n<p>Przed udzia\u0142em zawodach Formu\u0142a Student, zosta\u0142a zorganizowana r\u00f3wnie\u017c prezentacja bolidu CMS-07, kt\u00f3ra wzbudzi\u0142a ogromne zainteresowanie medi\u00f3w. Bolid w wystartowa\u0142 w sezonie 2021 w trzech seriach zawod\u00f3w. By\u0142y to odpowiednio: Po raz pierwszy w historii zespo\u0142u &#8211; Formula Student Austria, Formula Student EAST oraz Formula SAE Italy.<\/p>\n<p><a href=\"https:\/\/wm.pb.edu.pl\/cerbermotorsport\/wp-content\/uploads\/sites\/13\/2022\/03\/bolid-na-torze-1.jpg\"><img loading=\"lazy\" decoding=\"async\" class=\"aligncenter wp-image-760 size-large\" src=\"https:\/\/wm.pb.edu.pl\/cerbermotorsport\/wp-content\/uploads\/sites\/13\/2022\/03\/bolid-na-torze-1-1024x683.jpg\" alt=\"bolid na torze \" width=\"1024\" height=\"683\" srcset=\"https:\/\/wm.pb.edu.pl\/cerbermotorsport\/wp-content\/uploads\/sites\/13\/2022\/03\/bolid-na-torze-1-1024x683.jpg 1024w, https:\/\/wm.pb.edu.pl\/cerbermotorsport\/wp-content\/uploads\/sites\/13\/2022\/03\/bolid-na-torze-1-300x200.jpg 300w, https:\/\/wm.pb.edu.pl\/cerbermotorsport\/wp-content\/uploads\/sites\/13\/2022\/03\/bolid-na-torze-1-768x512.jpg 768w, https:\/\/wm.pb.edu.pl\/cerbermotorsport\/wp-content\/uploads\/sites\/13\/2022\/03\/bolid-na-torze-1-480x320.jpg 480w, https:\/\/wm.pb.edu.pl\/cerbermotorsport\/wp-content\/uploads\/sites\/13\/2022\/03\/bolid-na-torze-1.jpg 1500w\" sizes=\"auto, (max-width: 1024px) 100vw, 1024px\" \/><\/a><\/p>\n<p><strong>Parametry techniczne:<\/strong><\/p>\n<p>&#8211; masa: 215 kg<\/p>\n<p>&#8211; silnik Honda CBR 600 RR \u2013 dostosowana do za\u0142o\u017ce\u0144 projektowych<\/p>\n<p>&#8211; przyspieszenie od 0 do 100 km\/h \u2013 3,8 sek.<\/p>\n<p>&#8211; pr\u0119dko\u015b\u0107 maksymalna \u2013 130 km\/h<\/p>\n<p>&#8211; 57 Nm momentu obrotowego przy 8900 RPM<\/p>\n<p>&#8211; 82 konie mechaniczne przy 9200 RPM<\/p>\n<p>&#8211; sekwencyjna skrzynia bieg\u00f3w<\/p>\n<p><strong>Rozwi\u0105zania zastosowane w aucie:<\/strong><\/p>\n<p>&#8211; zawieszenie umo\u017cliwiaj\u0105ce pe\u0142n\u0105 regulacj\u0119 w zale\u017cno\u015bci od zmieniaj\u0105cych si\u0119 warunk\u00f3w na torze,<\/p>\n<p>&#8211; rozszerzenie wykorzystania druku 3D metod\u0105 SLS<\/p>\n<p>&#8211; hybrydowa konstrukcja no\u015bna \u2013 po\u0142\u0105czenie stalowej ramy przestrzennej z kompozytowym \u201emonocoque\u201d o poprawionej sztywno\u015bci<\/p>\n<p>&#8211; zdalne po\u0142\u0105cznie z bolidem w czasie rzeczywistym<\/p>\n<p>&#8211; autorskie wa\u0142ki rozrz\u0105du<\/p>\n<p>&#8211; zmodyfikowany blok silnika, kt\u00f3ry umo\u017cliwi\u0142 zastosowanie jeszcze ni\u017cszej misy olejowej<\/p>\n<p>&#8211; wydajniejszy uk\u0142ad ch\u0142odzenia<\/p>\n<p>&#8211; mechanizm r\u00f3\u017cnicowy o ograniczonym po\u015blizgu z regulacj\u0105 napi\u0119cia wst\u0119pnego<\/p>\n<p><a href=\"https:\/\/wm.pb.edu.pl\/cerbermotorsport\/wp-content\/uploads\/sites\/13\/2022\/03\/bolid-na-torze-2.jpg\"><img loading=\"lazy\" decoding=\"async\" class=\"aligncenter wp-image-761 size-large\" src=\"https:\/\/wm.pb.edu.pl\/cerbermotorsport\/wp-content\/uploads\/sites\/13\/2022\/03\/bolid-na-torze-2-1024x683.jpg\" alt=\"bolid na torze\" width=\"1024\" height=\"683\" srcset=\"https:\/\/wm.pb.edu.pl\/cerbermotorsport\/wp-content\/uploads\/sites\/13\/2022\/03\/bolid-na-torze-2-1024x683.jpg 1024w, https:\/\/wm.pb.edu.pl\/cerbermotorsport\/wp-content\/uploads\/sites\/13\/2022\/03\/bolid-na-torze-2-300x200.jpg 300w, https:\/\/wm.pb.edu.pl\/cerbermotorsport\/wp-content\/uploads\/sites\/13\/2022\/03\/bolid-na-torze-2-768x512.jpg 768w, https:\/\/wm.pb.edu.pl\/cerbermotorsport\/wp-content\/uploads\/sites\/13\/2022\/03\/bolid-na-torze-2-480x320.jpg 480w, https:\/\/wm.pb.edu.pl\/cerbermotorsport\/wp-content\/uploads\/sites\/13\/2022\/03\/bolid-na-torze-2.jpg 1500w\" sizes=\"auto, (max-width: 1024px) 100vw, 1024px\" \/><\/a><\/p>\n","protected":false},"excerpt":{"rendered":"<p>Bolid CMS-07 Si\u00f3dme dziecko zespo\u0142u Cerber Motorsport ze Studenckiego Ko\u0142a Naukowego Auto-Moto-Club. Nowy bolid Formu\u0142y<a class=\"read-more\" href=\"https:\/\/wm.pb.edu.pl\/cerbermotorsport\/bolid-cms-07\/\" title=\"Poka\u017c artyku\u0142 Bolid CMS-07\">wi\u0119cej<\/a><\/p>\n","protected":false},"author":14,"featured_media":0,"parent":0,"menu_order":0,"comment_status":"closed","ping_status":"closed","template":"","meta":{"inline_featured_image":false,"ngg_post_thumbnail":0,"footnotes":""},"class_list":["post-118","page","type-page","status-publish","hentry"],"acf":[],"yoast_head":"<!-- This site is optimized with the Yoast SEO plugin v26.4 - https:\/\/yoast.com\/wordpress\/plugins\/seo\/ -->\n<title>Bolid CMS-07 - Cerber Motorsport - Wydzia\u0142 Mechaniczny PB<\/title>\n<meta name=\"robots\" content=\"index, follow, max-snippet:-1, max-image-preview:large, max-video-preview:-1\" \/>\n<link rel=\"canonical\" href=\"https:\/\/wm.pb.edu.pl\/cerbermotorsport\/bolid-cms-07\/\" \/>\n<meta property=\"og:locale\" content=\"pl_PL\" \/>\n<meta property=\"og:type\" content=\"article\" \/>\n<meta property=\"og:title\" content=\"Bolid CMS-07 - Cerber Motorsport - Wydzia\u0142 Mechaniczny PB\" \/>\n<meta property=\"og:description\" content=\"Bolid CMS-07 Si\u00f3dme dziecko zespo\u0142u Cerber Motorsport ze Studenckiego Ko\u0142a Naukowego Auto-Moto-Club. Nowy bolid Formu\u0142ywi\u0119cej\" \/>\n<meta property=\"og:url\" content=\"https:\/\/wm.pb.edu.pl\/cerbermotorsport\/bolid-cms-07\/\" \/>\n<meta property=\"og:site_name\" content=\"Cerber Motorsport - Wydzia\u0142 Mechaniczny PB\" \/>\n<meta property=\"article:modified_time\" content=\"2022-03-28T10:59:38+00:00\" \/>\n<meta property=\"og:image\" content=\"https:\/\/wm.pb.edu.pl\/cerbermotorsport\/wp-content\/uploads\/sites\/13\/2022\/03\/bolid-na-torze-3-1024x683.jpg\" \/>\n<meta name=\"twitter:card\" content=\"summary_large_image\" \/>\n<meta name=\"twitter:label1\" content=\"Szacowany czas czytania\" \/>\n\t<meta name=\"twitter:data1\" content=\"3 minuty\" \/>\n<script type=\"application\/ld+json\" class=\"yoast-schema-graph\">{\"@context\":\"https:\/\/schema.org\",\"@graph\":[{\"@type\":\"WebPage\",\"@id\":\"https:\/\/wm.pb.edu.pl\/cerbermotorsport\/bolid-cms-07\/\",\"url\":\"https:\/\/wm.pb.edu.pl\/cerbermotorsport\/bolid-cms-07\/\",\"name\":\"Bolid CMS-07 - Cerber Motorsport - Wydzia\u0142 Mechaniczny PB\",\"isPartOf\":{\"@id\":\"https:\/\/wm.pb.edu.pl\/cerbermotorsport\/#website\"},\"primaryImageOfPage\":{\"@id\":\"https:\/\/wm.pb.edu.pl\/cerbermotorsport\/bolid-cms-07\/#primaryimage\"},\"image\":{\"@id\":\"https:\/\/wm.pb.edu.pl\/cerbermotorsport\/bolid-cms-07\/#primaryimage\"},\"thumbnailUrl\":\"https:\/\/wm.pb.edu.pl\/cerbermotorsport\/wp-content\/uploads\/sites\/13\/2022\/03\/bolid-na-torze-3-1024x683.jpg\",\"datePublished\":\"2020-11-19T13:25:51+00:00\",\"dateModified\":\"2022-03-28T10:59:38+00:00\",\"breadcrumb\":{\"@id\":\"https:\/\/wm.pb.edu.pl\/cerbermotorsport\/bolid-cms-07\/#breadcrumb\"},\"inLanguage\":\"pl-PL\",\"potentialAction\":[{\"@type\":\"ReadAction\",\"target\":[\"https:\/\/wm.pb.edu.pl\/cerbermotorsport\/bolid-cms-07\/\"]}]},{\"@type\":\"ImageObject\",\"inLanguage\":\"pl-PL\",\"@id\":\"https:\/\/wm.pb.edu.pl\/cerbermotorsport\/bolid-cms-07\/#primaryimage\",\"url\":\"https:\/\/wm.pb.edu.pl\/cerbermotorsport\/wp-content\/uploads\/sites\/13\/2022\/03\/bolid-na-torze-3.jpg\",\"contentUrl\":\"https:\/\/wm.pb.edu.pl\/cerbermotorsport\/wp-content\/uploads\/sites\/13\/2022\/03\/bolid-na-torze-3.jpg\",\"width\":1500,\"height\":1001,\"caption\":\"bolid na torze\"},{\"@type\":\"BreadcrumbList\",\"@id\":\"https:\/\/wm.pb.edu.pl\/cerbermotorsport\/bolid-cms-07\/#breadcrumb\",\"itemListElement\":[{\"@type\":\"ListItem\",\"position\":1,\"name\":\"Strona g\u0142\u00f3wna\",\"item\":\"https:\/\/wm.pb.edu.pl\/cerbermotorsport\/\"},{\"@type\":\"ListItem\",\"position\":2,\"name\":\"Bolid CMS-07\"}]},{\"@type\":\"WebSite\",\"@id\":\"https:\/\/wm.pb.edu.pl\/cerbermotorsport\/#website\",\"url\":\"https:\/\/wm.pb.edu.pl\/cerbermotorsport\/\",\"name\":\"Cerber Motorsport - Wydzia\u0142 Mechaniczny PB\",\"description\":\"Polski zesp\u00f3\u0142 Formu\u0142y Student z Wydzia\u0142u Mechanicznego Politechniki Bia\u0142ostockiej startuj\u0105cy w mi\u0119dzynarodowych zawodach. Informacje o projektach realizowanych przez Cerber Motorsport.\",\"potentialAction\":[{\"@type\":\"SearchAction\",\"target\":{\"@type\":\"EntryPoint\",\"urlTemplate\":\"https:\/\/wm.pb.edu.pl\/cerbermotorsport\/?s={search_term_string}\"},\"query-input\":{\"@type\":\"PropertyValueSpecification\",\"valueRequired\":true,\"valueName\":\"search_term_string\"}}],\"inLanguage\":\"pl-PL\"}]}<\/script>\n<!-- \/ Yoast SEO plugin. -->","yoast_head_json":{"title":"Bolid CMS-07 - Cerber Motorsport - Wydzia\u0142 Mechaniczny PB","robots":{"index":"index","follow":"follow","max-snippet":"max-snippet:-1","max-image-preview":"max-image-preview:large","max-video-preview":"max-video-preview:-1"},"canonical":"https:\/\/wm.pb.edu.pl\/cerbermotorsport\/bolid-cms-07\/","og_locale":"pl_PL","og_type":"article","og_title":"Bolid CMS-07 - Cerber Motorsport - Wydzia\u0142 Mechaniczny PB","og_description":"Bolid CMS-07 Si\u00f3dme dziecko zespo\u0142u Cerber Motorsport ze Studenckiego Ko\u0142a Naukowego Auto-Moto-Club. Nowy bolid Formu\u0142ywi\u0119cej","og_url":"https:\/\/wm.pb.edu.pl\/cerbermotorsport\/bolid-cms-07\/","og_site_name":"Cerber Motorsport - Wydzia\u0142 Mechaniczny PB","article_modified_time":"2022-03-28T10:59:38+00:00","og_image":[{"url":"https:\/\/wm.pb.edu.pl\/cerbermotorsport\/wp-content\/uploads\/sites\/13\/2022\/03\/bolid-na-torze-3-1024x683.jpg","type":"","width":"","height":""}],"twitter_card":"summary_large_image","twitter_misc":{"Szacowany czas czytania":"3 minuty"},"schema":{"@context":"https:\/\/schema.org","@graph":[{"@type":"WebPage","@id":"https:\/\/wm.pb.edu.pl\/cerbermotorsport\/bolid-cms-07\/","url":"https:\/\/wm.pb.edu.pl\/cerbermotorsport\/bolid-cms-07\/","name":"Bolid CMS-07 - Cerber Motorsport - Wydzia\u0142 Mechaniczny PB","isPartOf":{"@id":"https:\/\/wm.pb.edu.pl\/cerbermotorsport\/#website"},"primaryImageOfPage":{"@id":"https:\/\/wm.pb.edu.pl\/cerbermotorsport\/bolid-cms-07\/#primaryimage"},"image":{"@id":"https:\/\/wm.pb.edu.pl\/cerbermotorsport\/bolid-cms-07\/#primaryimage"},"thumbnailUrl":"https:\/\/wm.pb.edu.pl\/cerbermotorsport\/wp-content\/uploads\/sites\/13\/2022\/03\/bolid-na-torze-3-1024x683.jpg","datePublished":"2020-11-19T13:25:51+00:00","dateModified":"2022-03-28T10:59:38+00:00","breadcrumb":{"@id":"https:\/\/wm.pb.edu.pl\/cerbermotorsport\/bolid-cms-07\/#breadcrumb"},"inLanguage":"pl-PL","potentialAction":[{"@type":"ReadAction","target":["https:\/\/wm.pb.edu.pl\/cerbermotorsport\/bolid-cms-07\/"]}]},{"@type":"ImageObject","inLanguage":"pl-PL","@id":"https:\/\/wm.pb.edu.pl\/cerbermotorsport\/bolid-cms-07\/#primaryimage","url":"https:\/\/wm.pb.edu.pl\/cerbermotorsport\/wp-content\/uploads\/sites\/13\/2022\/03\/bolid-na-torze-3.jpg","contentUrl":"https:\/\/wm.pb.edu.pl\/cerbermotorsport\/wp-content\/uploads\/sites\/13\/2022\/03\/bolid-na-torze-3.jpg","width":1500,"height":1001,"caption":"bolid na torze"},{"@type":"BreadcrumbList","@id":"https:\/\/wm.pb.edu.pl\/cerbermotorsport\/bolid-cms-07\/#breadcrumb","itemListElement":[{"@type":"ListItem","position":1,"name":"Strona g\u0142\u00f3wna","item":"https:\/\/wm.pb.edu.pl\/cerbermotorsport\/"},{"@type":"ListItem","position":2,"name":"Bolid CMS-07"}]},{"@type":"WebSite","@id":"https:\/\/wm.pb.edu.pl\/cerbermotorsport\/#website","url":"https:\/\/wm.pb.edu.pl\/cerbermotorsport\/","name":"Cerber Motorsport - Wydzia\u0142 Mechaniczny PB","description":"Polski zesp\u00f3\u0142 Formu\u0142y Student z Wydzia\u0142u Mechanicznego Politechniki Bia\u0142ostockiej startuj\u0105cy w mi\u0119dzynarodowych zawodach. Informacje o projektach realizowanych przez Cerber Motorsport.","potentialAction":[{"@type":"SearchAction","target":{"@type":"EntryPoint","urlTemplate":"https:\/\/wm.pb.edu.pl\/cerbermotorsport\/?s={search_term_string}"},"query-input":{"@type":"PropertyValueSpecification","valueRequired":true,"valueName":"search_term_string"}}],"inLanguage":"pl-PL"}]}},"_links":{"self":[{"href":"https:\/\/wm.pb.edu.pl\/cerbermotorsport\/wp-json\/wp\/v2\/pages\/118","targetHints":{"allow":["GET"]}}],"collection":[{"href":"https:\/\/wm.pb.edu.pl\/cerbermotorsport\/wp-json\/wp\/v2\/pages"}],"about":[{"href":"https:\/\/wm.pb.edu.pl\/cerbermotorsport\/wp-json\/wp\/v2\/types\/page"}],"author":[{"embeddable":true,"href":"https:\/\/wm.pb.edu.pl\/cerbermotorsport\/wp-json\/wp\/v2\/users\/14"}],"replies":[{"embeddable":true,"href":"https:\/\/wm.pb.edu.pl\/cerbermotorsport\/wp-json\/wp\/v2\/comments?post=118"}],"version-history":[{"count":5,"href":"https:\/\/wm.pb.edu.pl\/cerbermotorsport\/wp-json\/wp\/v2\/pages\/118\/revisions"}],"predecessor-version":[{"id":766,"href":"https:\/\/wm.pb.edu.pl\/cerbermotorsport\/wp-json\/wp\/v2\/pages\/118\/revisions\/766"}],"wp:attachment":[{"href":"https:\/\/wm.pb.edu.pl\/cerbermotorsport\/wp-json\/wp\/v2\/media?parent=118"}],"curies":[{"name":"wp","href":"https:\/\/api.w.org\/{rel}","templated":true}]}}