{"id":12,"date":"2020-09-29T08:06:29","date_gmt":"2020-09-29T06:06:29","guid":{"rendered":"https:\/\/wm.pb.edu.pl\/cerber\/?page_id=12"},"modified":"2024-11-04T16:09:35","modified_gmt":"2024-11-04T15:09:35","slug":"cerber-motorsport","status":"publish","type":"page","link":"https:\/\/wm.pb.edu.pl\/cerbermotorsport\/","title":{"rendered":"Cerber Motorsport &#8211; Wydzia\u0142 Mechaniczny PB"},"content":{"rendered":"<p><a name=\"tu-skacz\"><\/a><br \/>\n<div class=\"row\">\n<div class=\"col-md-4\">\n  <div class=\"boxlink animated zoomIn \">\r\n    <a href=\"\/cerbermotorsport\/o-nas\/\" class=\"\">\r\n      <div class=\"boxlink-title\">O Nas<span><\/span><\/div>\r\n      <div class=\"boxlink-content\">\r\n        <img decoding=\"async\" class=\"aligncenter wp-image-534 size-full\" src=\"https:\/\/wm.pb.edu.pl\/cerber\/wp-content\/uploads\/sites\/13\/2020\/11\/informacje.jpg\" alt=\"\">      <\/div>\r\n    <\/a>\r\n  <\/div>\r\n\n<\/div>\n<div class=\"col-md-4\">\n  <div class=\"boxlink animated zoomIn \">\r\n    <a href=\"\/cerbermotorsport\/bolidy\/\" class=\"\">\r\n      <div class=\"boxlink-title\">Bolidy<span><\/span><\/div>\r\n      <div class=\"boxlink-content\">\r\n        <img decoding=\"async\" class=\"aligncenter wp-image-534 size-full\" src=\"https:\/\/wm.pb.edu.pl\/cerber\/wp-content\/uploads\/sites\/13\/2020\/11\/projekt-bolid-1.jpg\" alt=\"\">      <\/div>\r\n    <\/a>\r\n  <\/div>\r\n\n<\/div>\n<div class=\"col-md-4\">\n  <div class=\"boxlink animated zoomIn \">\r\n    <a href=\"\/cerbermotorsport\/zespol-2\/\" class=\"\">\r\n      <div class=\"boxlink-title\">Zesp\u00f3\u0142<span><\/span><\/div>\r\n      <div class=\"boxlink-content\">\r\n        <img decoding=\"async\" class=\"aligncenter wp-image-534 size-full\" src=\"https:\/\/wm.pb.edu.pl\/cerber\/wp-content\/uploads\/sites\/13\/2020\/11\/Zesp\u00f3\u0142.jpg\" alt=\"\">      <\/div>\r\n    <\/a>\r\n  <\/div>\r\n\n<\/div>\n<\/div>\n<div class=\"row\">\n<div class=\"col-md-4\">\n  <div class=\"boxlink animated zoomIn \">\r\n    <a href=\"\/cerbermotorsport\/partnerzy\/\" class=\"\">\r\n      <div class=\"boxlink-title\">Partnerzy<span><\/span><\/div>\r\n      <div class=\"boxlink-content\">\r\n        <img loading=\"lazy\" decoding=\"async\" class=\"aligncenter wp-image-534 size-full\" src=\"https:\/\/wm.pb.edu.pl\/cerber\/wp-content\/uploads\/sites\/13\/2020\/11\/sponsorzy.jpg\" alt=\"\" width=\"600\" height=\"363\">      <\/div>\r\n    <\/a>\r\n  <\/div>\r\n\n<\/div>\n<div class=\"col-md-4\">\n  <div class=\"boxlink animated zoomIn \">\r\n    <a href=\"\/cerbermotorsport\/osiagniecia\/\" class=\"\">\r\n      <div class=\"boxlink-title\">Osi\u0105gni\u0119cia<span><\/span><\/div>\r\n      <div class=\"boxlink-content\">\r\n        <img decoding=\"async\" class=\"aligncenter wp-image-534 size-full\" src=\"https:\/\/wm.pb.edu.pl\/cerber\/wp-content\/uploads\/sites\/13\/2020\/11\/puchar.jpg\" alt=\"\">      <\/div>\r\n    <\/a>\r\n  <\/div>\r\n\n<\/div>\n<div class=\"col-md-4\">\n  <div class=\"boxlink animated zoomIn \">\r\n    <a href=\"\/cerbermotorsport\/kontakt\/\" class=\"\">\r\n      <div class=\"boxlink-title\">Kontakt<span><\/span><\/div>\r\n      <div class=\"boxlink-content\">\r\n        <img decoding=\"async\" class=\"aligncenter wp-image-534 size-full\" src=\"https:\/\/wm.pb.edu.pl\/kbiem\/wp-content\/uploads\/sites\/9\/2019\/10\/MW_kontakt.png\" alt=\"\">      <\/div>\r\n    <\/a>\r\n  <\/div>\r\n\n<\/div>\n<\/div>\n<h2><a style=\"text-decoration: none\" title=\"Aktualno\u015bci\" href=\"\/cerbermotorsport\/aktualnosci\">Aktualno\u015bci <i class=\"fa fa-caret-right\" aria-hidden=\"true\"><\/i><\/a><\/h2>\n  <div class=\"box news-box\">\r\n    <div class=\"row\">\r\n      <!--Array\n(\n    [post_type] => post\n    [paged] => 1\n    [orderby] => Array\n        (\n            [meta_value_num] => DESC\n            [date] => DESC\n        )\n\n    [meta_query] => Array\n        (\n            [relation] => OR\n            [0] => Array\n                (\n                    [key] => on_top\n                    [compare] => NOT EXISTS\n                )\n\n            [1] => Array\n                (\n                    [key] => on_top\n                )\n\n        )\n\n    [category__in] => 1\n    [posts_per_page] => 4\n)\n-->\r\n                        <div class=\"col-sm-3\">\r\n            <article class=\"format-standard\">\n    <span class=\"date text-right\"><i class=\"fa fa-calendar\"><\/i> 01-09-2025<\/span>\n    <a href=\"https:\/\/wm.pb.edu.pl\/cerbermotorsport\/2025\/09\/01\/potrojne-podium-studentow-cerber-motorsport-na-zawodach-formula-student-poland\/\">\n      <div class=\"article-image\">\n        <img loading=\"lazy\" decoding=\"async\" width=\"480\" height=\"320\" src=\"https:\/\/wm.pb.edu.pl\/cerbermotorsport\/wp-content\/uploads\/sites\/13\/2025\/09\/mg_0139_Mikolaj_Iwanowski-480x320.jpg\" class=\"attachment-hp-box-size size-hp-box-size wp-post-image\" alt=\"\" srcset=\"https:\/\/wm.pb.edu.pl\/cerbermotorsport\/wp-content\/uploads\/sites\/13\/2025\/09\/mg_0139_Mikolaj_Iwanowski-480x320.jpg 480w, https:\/\/wm.pb.edu.pl\/cerbermotorsport\/wp-content\/uploads\/sites\/13\/2025\/09\/mg_0139_Mikolaj_Iwanowski-300x200.jpg 300w, https:\/\/wm.pb.edu.pl\/cerbermotorsport\/wp-content\/uploads\/sites\/13\/2025\/09\/mg_0139_Mikolaj_Iwanowski-1024x683.jpg 1024w, https:\/\/wm.pb.edu.pl\/cerbermotorsport\/wp-content\/uploads\/sites\/13\/2025\/09\/mg_0139_Mikolaj_Iwanowski-768x512.jpg 768w, https:\/\/wm.pb.edu.pl\/cerbermotorsport\/wp-content\/uploads\/sites\/13\/2025\/09\/mg_0139_Mikolaj_Iwanowski-1536x1024.jpg 1536w, https:\/\/wm.pb.edu.pl\/cerbermotorsport\/wp-content\/uploads\/sites\/13\/2025\/09\/mg_0139_Mikolaj_Iwanowski-2048x1365.jpg 2048w\" sizes=\"auto, (max-width: 480px) 100vw, 480px\" \/>      <\/div>\n      <h3>Potr\u00f3jne podium student\u00f3w Cerber Motorsport na zawodach Formula Student Poland<\/h3>\n      Zesp\u00f3\u0142 Cerber Motorsport zako\u0144czy\u0142 sezon start\u00f3w w zawodach Formula Student z    <\/a>\n<\/article>          <\/div>\r\n                  <div class=\"col-sm-3\">\r\n            <article class=\"format-standard\">\n    <span class=\"date text-right\"><i class=\"fa fa-calendar\"><\/i> 11-08-2025<\/span>\n    <a href=\"https:\/\/wm.pb.edu.pl\/cerbermotorsport\/2025\/08\/11\/sukces-na-zawodach-formula-student-czech-republic\/\">\n      <div class=\"article-image\">\n        <img loading=\"lazy\" decoding=\"async\" width=\"480\" height=\"320\" src=\"https:\/\/wm.pb.edu.pl\/cerbermotorsport\/wp-content\/uploads\/sites\/13\/2025\/08\/IMG_9021-480x320.jpg\" class=\"attachment-hp-box-size size-hp-box-size wp-post-image\" alt=\"\" srcset=\"https:\/\/wm.pb.edu.pl\/cerbermotorsport\/wp-content\/uploads\/sites\/13\/2025\/08\/IMG_9021-480x320.jpg 480w, https:\/\/wm.pb.edu.pl\/cerbermotorsport\/wp-content\/uploads\/sites\/13\/2025\/08\/IMG_9021-300x200.jpg 300w, https:\/\/wm.pb.edu.pl\/cerbermotorsport\/wp-content\/uploads\/sites\/13\/2025\/08\/IMG_9021-1024x683.jpg 1024w, https:\/\/wm.pb.edu.pl\/cerbermotorsport\/wp-content\/uploads\/sites\/13\/2025\/08\/IMG_9021-768x512.jpg 768w, https:\/\/wm.pb.edu.pl\/cerbermotorsport\/wp-content\/uploads\/sites\/13\/2025\/08\/IMG_9021-1536x1024.jpg 1536w, https:\/\/wm.pb.edu.pl\/cerbermotorsport\/wp-content\/uploads\/sites\/13\/2025\/08\/IMG_9021-2048x1365.jpg 2048w\" sizes=\"auto, (max-width: 480px) 100vw, 480px\" \/>      <\/div>\n      <h3>Sukces na zawodach Formula Student Czech Republic!<\/h3>\n      Nasz zesp\u00f3\u0142 Cerber Motorsport z Wydzia\u0142u Mechanicznego Politechniki Bia\u0142ostockiej uko\u0144czy\u0142 ze    <\/a>\n<\/article>          <\/div>\r\n                  <div class=\"col-sm-3\">\r\n            <article class=\"format-standard\">\n    <span class=\"date text-right\"><i class=\"fa fa-calendar\"><\/i> 30-07-2025<\/span>\n    <a href=\"https:\/\/wm.pb.edu.pl\/cerbermotorsport\/2025\/07\/30\/cerber-motorsport-na-formula-student-austria-2025\/\">\n      <div class=\"article-image\">\n        <img loading=\"lazy\" decoding=\"async\" width=\"480\" height=\"320\" src=\"https:\/\/wm.pb.edu.pl\/cerbermotorsport\/wp-content\/uploads\/sites\/13\/2025\/07\/IMG_1303-480x320.jpg\" class=\"attachment-hp-box-size size-hp-box-size wp-post-image\" alt=\"\" \/>      <\/div>\n      <h3>Cerber Motorsport na Formula Student Austria 2025<\/h3>\n      Zesp\u00f3\u0142 Cerber Motorsport z Wydzia\u0142u Mechanicznego Politechniki Bia\u0142ostockiej zaprezentowa\u0142 sw\u00f3j najnowszy    <\/a>\n<\/article>          <\/div>\r\n                  <div class=\"col-sm-3\">\r\n            <article class=\"format-standard\">\n    <span class=\"date text-right\"><i class=\"fa fa-calendar\"><\/i> 02-09-2024<\/span>\n    <a href=\"https:\/\/wm.pb.edu.pl\/cerbermotorsport\/2024\/09\/02\/triumf-cms-09-na-zawodach-formula-student-poland\/\">\n      <div class=\"article-image\">\n        <img loading=\"lazy\" decoding=\"async\" width=\"480\" height=\"320\" src=\"https:\/\/wm.pb.edu.pl\/cerbermotorsport\/wp-content\/uploads\/sites\/13\/2024\/11\/2024-09-01-Cerber-Warszawa-fot-Pawel-Jankowski-63-980x613-1-480x320.jpg\" class=\"attachment-hp-box-size size-hp-box-size wp-post-image\" alt=\"\" \/>      <\/div>\n      <h3>Triumf CMS-09 na zawodach Formula Student Poland!<\/h3>\n          <\/a>\n<\/article>          <\/div>\r\n                  <\/div>\r\n          <\/div>\r\n\n","protected":false},"excerpt":{"rendered":"<p>Aktualno\u015bci<\/p>\n","protected":false},"author":14,"featured_media":997,"parent":0,"menu_order":0,"comment_status":"closed","ping_status":"closed","template":"templates\/reprezentacyjna-4_8.php","meta":{"inline_featured_image":false,"ngg_post_thumbnail":0,"footnotes":""},"class_list":["post-12","page","type-page","status-publish","has-post-thumbnail","hentry"],"acf":[],"yoast_head":"<!-- This site is optimized with the Yoast SEO plugin v26.4 - https:\/\/yoast.com\/wordpress\/plugins\/seo\/ -->\n<title>Cerber Motorsport<\/title>\n<meta name=\"description\" content=\"Cerber Motorsport Wydzia\u0142 Mechaniczny Politechniki Bia\u0142ostockiej\" \/>\n<meta name=\"robots\" content=\"index, follow, max-snippet:-1, max-image-preview:large, max-video-preview:-1\" \/>\n<link rel=\"canonical\" href=\"https:\/\/wm.pb.edu.pl\/cerbermotorsport\/\" \/>\n<meta property=\"og:locale\" content=\"pl_PL\" \/>\n<meta property=\"og:type\" content=\"article\" \/>\n<meta property=\"og:title\" content=\"Cerber Motorsport\" \/>\n<meta property=\"og:description\" content=\"Cerber Motorsport Wydzia\u0142 Mechaniczny Politechniki Bia\u0142ostockiej\" \/>\n<meta property=\"og:url\" content=\"https:\/\/wm.pb.edu.pl\/cerbermotorsport\/\" \/>\n<meta property=\"og:site_name\" content=\"Cerber Motorsport - Wydzia\u0142 Mechaniczny PB\" \/>\n<meta property=\"article:modified_time\" content=\"2024-11-04T15:09:35+00:00\" \/>\n<meta property=\"og:image\" content=\"https:\/\/wm.pb.edu.pl\/cerbermotorsport\/wp-content\/uploads\/sites\/13\/2024\/11\/HSK2526-scaled.jpg\" \/>\n\t<meta property=\"og:image:width\" content=\"2560\" \/>\n\t<meta property=\"og:image:height\" content=\"1707\" \/>\n\t<meta property=\"og:image:type\" content=\"image\/jpeg\" \/>\n<meta name=\"twitter:card\" content=\"summary_large_image\" \/>\n<meta name=\"twitter:label1\" content=\"Szacowany czas czytania\" \/>\n\t<meta name=\"twitter:data1\" content=\"2 minuty\" \/>\n<script type=\"application\/ld+json\" class=\"yoast-schema-graph\">{\"@context\":\"https:\/\/schema.org\",\"@graph\":[{\"@type\":\"WebPage\",\"@id\":\"https:\/\/wm.pb.edu.pl\/cerbermotorsport\/\",\"url\":\"https:\/\/wm.pb.edu.pl\/cerbermotorsport\/\",\"name\":\"Cerber Motorsport\",\"isPartOf\":{\"@id\":\"https:\/\/wm.pb.edu.pl\/cerbermotorsport\/#website\"},\"primaryImageOfPage\":{\"@id\":\"https:\/\/wm.pb.edu.pl\/cerbermotorsport\/#primaryimage\"},\"image\":{\"@id\":\"https:\/\/wm.pb.edu.pl\/cerbermotorsport\/#primaryimage\"},\"thumbnailUrl\":\"https:\/\/wm.pb.edu.pl\/cerbermotorsport\/wp-content\/uploads\/sites\/13\/2024\/11\/HSK2526-scaled.jpg\",\"datePublished\":\"2020-09-29T06:06:29+00:00\",\"dateModified\":\"2024-11-04T15:09:35+00:00\",\"description\":\"Cerber Motorsport Wydzia\u0142 Mechaniczny Politechniki Bia\u0142ostockiej\",\"breadcrumb\":{\"@id\":\"https:\/\/wm.pb.edu.pl\/cerbermotorsport\/#breadcrumb\"},\"inLanguage\":\"pl-PL\",\"potentialAction\":[{\"@type\":\"ReadAction\",\"target\":[\"https:\/\/wm.pb.edu.pl\/cerbermotorsport\/\"]}]},{\"@type\":\"ImageObject\",\"inLanguage\":\"pl-PL\",\"@id\":\"https:\/\/wm.pb.edu.pl\/cerbermotorsport\/#primaryimage\",\"url\":\"https:\/\/wm.pb.edu.pl\/cerbermotorsport\/wp-content\/uploads\/sites\/13\/2024\/11\/HSK2526-scaled.jpg\",\"contentUrl\":\"https:\/\/wm.pb.edu.pl\/cerbermotorsport\/wp-content\/uploads\/sites\/13\/2024\/11\/HSK2526-scaled.jpg\",\"width\":2560,\"height\":1707},{\"@type\":\"BreadcrumbList\",\"@id\":\"https:\/\/wm.pb.edu.pl\/cerbermotorsport\/#breadcrumb\",\"itemListElement\":[{\"@type\":\"ListItem\",\"position\":1,\"name\":\"Strona g\u0142\u00f3wna\",\"item\":\"https:\/\/wm.pb.edu.pl\/cerbermotorsport\/\"},{\"@type\":\"ListItem\",\"position\":2,\"name\":\"Cerber Motorsport &#8211; Wydzia\u0142 Mechaniczny PB\"}]},{\"@type\":\"WebSite\",\"@id\":\"https:\/\/wm.pb.edu.pl\/cerbermotorsport\/#website\",\"url\":\"https:\/\/wm.pb.edu.pl\/cerbermotorsport\/\",\"name\":\"Cerber Motorsport - Wydzia\u0142 Mechaniczny PB\",\"description\":\"Polski zesp\u00f3\u0142 Formu\u0142y Student z Wydzia\u0142u Mechanicznego Politechniki Bia\u0142ostockiej startuj\u0105cy w mi\u0119dzynarodowych zawodach. Informacje o projektach realizowanych przez Cerber Motorsport.\",\"potentialAction\":[{\"@type\":\"SearchAction\",\"target\":{\"@type\":\"EntryPoint\",\"urlTemplate\":\"https:\/\/wm.pb.edu.pl\/cerbermotorsport\/?s={search_term_string}\"},\"query-input\":{\"@type\":\"PropertyValueSpecification\",\"valueRequired\":true,\"valueName\":\"search_term_string\"}}],\"inLanguage\":\"pl-PL\"}]}<\/script>\n<!-- \/ Yoast SEO plugin. -->","yoast_head_json":{"title":"Cerber Motorsport","description":"Cerber Motorsport Wydzia\u0142 Mechaniczny Politechniki Bia\u0142ostockiej","robots":{"index":"index","follow":"follow","max-snippet":"max-snippet:-1","max-image-preview":"max-image-preview:large","max-video-preview":"max-video-preview:-1"},"canonical":"https:\/\/wm.pb.edu.pl\/cerbermotorsport\/","og_locale":"pl_PL","og_type":"article","og_title":"Cerber Motorsport","og_description":"Cerber Motorsport Wydzia\u0142 Mechaniczny Politechniki Bia\u0142ostockiej","og_url":"https:\/\/wm.pb.edu.pl\/cerbermotorsport\/","og_site_name":"Cerber Motorsport - Wydzia\u0142 Mechaniczny PB","article_modified_time":"2024-11-04T15:09:35+00:00","og_image":[{"width":2560,"height":1707,"url":"https:\/\/wm.pb.edu.pl\/cerbermotorsport\/wp-content\/uploads\/sites\/13\/2024\/11\/HSK2526-scaled.jpg","type":"image\/jpeg"}],"twitter_card":"summary_large_image","twitter_misc":{"Szacowany czas czytania":"2 minuty"},"schema":{"@context":"https:\/\/schema.org","@graph":[{"@type":"WebPage","@id":"https:\/\/wm.pb.edu.pl\/cerbermotorsport\/","url":"https:\/\/wm.pb.edu.pl\/cerbermotorsport\/","name":"Cerber Motorsport","isPartOf":{"@id":"https:\/\/wm.pb.edu.pl\/cerbermotorsport\/#website"},"primaryImageOfPage":{"@id":"https:\/\/wm.pb.edu.pl\/cerbermotorsport\/#primaryimage"},"image":{"@id":"https:\/\/wm.pb.edu.pl\/cerbermotorsport\/#primaryimage"},"thumbnailUrl":"https:\/\/wm.pb.edu.pl\/cerbermotorsport\/wp-content\/uploads\/sites\/13\/2024\/11\/HSK2526-scaled.jpg","datePublished":"2020-09-29T06:06:29+00:00","dateModified":"2024-11-04T15:09:35+00:00","description":"Cerber Motorsport Wydzia\u0142 Mechaniczny Politechniki Bia\u0142ostockiej","breadcrumb":{"@id":"https:\/\/wm.pb.edu.pl\/cerbermotorsport\/#breadcrumb"},"inLanguage":"pl-PL","potentialAction":[{"@type":"ReadAction","target":["https:\/\/wm.pb.edu.pl\/cerbermotorsport\/"]}]},{"@type":"ImageObject","inLanguage":"pl-PL","@id":"https:\/\/wm.pb.edu.pl\/cerbermotorsport\/#primaryimage","url":"https:\/\/wm.pb.edu.pl\/cerbermotorsport\/wp-content\/uploads\/sites\/13\/2024\/11\/HSK2526-scaled.jpg","contentUrl":"https:\/\/wm.pb.edu.pl\/cerbermotorsport\/wp-content\/uploads\/sites\/13\/2024\/11\/HSK2526-scaled.jpg","width":2560,"height":1707},{"@type":"BreadcrumbList","@id":"https:\/\/wm.pb.edu.pl\/cerbermotorsport\/#breadcrumb","itemListElement":[{"@type":"ListItem","position":1,"name":"Strona g\u0142\u00f3wna","item":"https:\/\/wm.pb.edu.pl\/cerbermotorsport\/"},{"@type":"ListItem","position":2,"name":"Cerber Motorsport &#8211; Wydzia\u0142 Mechaniczny PB"}]},{"@type":"WebSite","@id":"https:\/\/wm.pb.edu.pl\/cerbermotorsport\/#website","url":"https:\/\/wm.pb.edu.pl\/cerbermotorsport\/","name":"Cerber Motorsport - Wydzia\u0142 Mechaniczny PB","description":"Polski zesp\u00f3\u0142 Formu\u0142y Student z Wydzia\u0142u Mechanicznego Politechniki Bia\u0142ostockiej startuj\u0105cy w mi\u0119dzynarodowych zawodach. Informacje o projektach realizowanych przez Cerber Motorsport.","potentialAction":[{"@type":"SearchAction","target":{"@type":"EntryPoint","urlTemplate":"https:\/\/wm.pb.edu.pl\/cerbermotorsport\/?s={search_term_string}"},"query-input":{"@type":"PropertyValueSpecification","valueRequired":true,"valueName":"search_term_string"}}],"inLanguage":"pl-PL"}]}},"_links":{"self":[{"href":"https:\/\/wm.pb.edu.pl\/cerbermotorsport\/wp-json\/wp\/v2\/pages\/12","targetHints":{"allow":["GET"]}}],"collection":[{"href":"https:\/\/wm.pb.edu.pl\/cerbermotorsport\/wp-json\/wp\/v2\/pages"}],"about":[{"href":"https:\/\/wm.pb.edu.pl\/cerbermotorsport\/wp-json\/wp\/v2\/types\/page"}],"author":[{"embeddable":true,"href":"https:\/\/wm.pb.edu.pl\/cerbermotorsport\/wp-json\/wp\/v2\/users\/14"}],"replies":[{"embeddable":true,"href":"https:\/\/wm.pb.edu.pl\/cerbermotorsport\/wp-json\/wp\/v2\/comments?post=12"}],"version-history":[{"count":31,"href":"https:\/\/wm.pb.edu.pl\/cerbermotorsport\/wp-json\/wp\/v2\/pages\/12\/revisions"}],"predecessor-version":[{"id":864,"href":"https:\/\/wm.pb.edu.pl\/cerbermotorsport\/wp-json\/wp\/v2\/pages\/12\/revisions\/864"}],"wp:featuredmedia":[{"embeddable":true,"href":"https:\/\/wm.pb.edu.pl\/cerbermotorsport\/wp-json\/wp\/v2\/media\/997"}],"wp:attachment":[{"href":"https:\/\/wm.pb.edu.pl\/cerbermotorsport\/wp-json\/wp\/v2\/media?parent=12"}],"curies":[{"name":"wp","href":"https:\/\/api.w.org\/{rel}","templated":true}]}}