{"id":1219,"date":"2025-09-13T19:10:16","date_gmt":"2025-09-13T17:10:16","guid":{"rendered":"https:\/\/wm.pb.edu.pl\/cerbermotorsport\/?page_id=1219"},"modified":"2025-10-02T12:35:32","modified_gmt":"2025-10-02T10:35:32","slug":"bolid-cms-10","status":"publish","type":"page","link":"https:\/\/wm.pb.edu.pl\/cerbermotorsport\/bolid-cms-10\/","title":{"rendered":"Bolid-CMS 10"},"content":{"rendered":"<h3 style=\"text-align: center\">Dziesi\u0105ty z kolei bolid stworzony przez student\u00f3w dzia\u0142aj\u0105cych w ramach Studenckiego Ko\u0142a Naukowego Cerber Motorsport posiadaj\u0105cy autorskie rozwi\u0105zania i szereg innowacji. W prac\u0119 nad pojazdem by\u0142o zaanga\u017cowanych ponad 20 student\u00f3w Politechniki Bia\u0142ostockiej<\/h3>\n<p>&nbsp;<\/p>\n<p>&nbsp;<\/p>\n<p><img loading=\"lazy\" decoding=\"async\" class=\"alignnone size-full wp-image-1222\" src=\"https:\/\/wm.pb.edu.pl\/cerbermotorsport\/wp-content\/uploads\/sites\/13\/2025\/09\/541430220_1355089966618052_7081455894782306655_n-1.jpg\" alt=\"\" width=\"2048\" height=\"1536\"><\/p>\n<p>&nbsp;<\/p>\n<p><strong>Parametry techniczne<\/strong>&nbsp;<strong>CMS-10:<\/strong><\/p>\n<p>\u2013 masa: 211 kg<\/p>\n<p>\u2013 silnik Honda CBR 600 RR \u2013 dostosowany do za\u0142o\u017ce\u0144 projektowych, rozwiercony do pojemno\u015bci 636cm<sup>3<\/sup><\/p>\n<p>\u2013 przyspieszenie od 0 do 100 km\/h \u2013 3,2 sek.<\/p>\n<p>\u2013 pr\u0119dko\u015b\u0107 maksymalna \u2013 140 km\/h<\/p>\n<p>\u2013 68 Nm momentu obrotowego przy 8900 RPM<\/p>\n<p>\u2013 90 koni mechanicznych przy 9200 RPM<\/p>\n<p>\u2013 sekwencyjna skrzynia bieg\u00f3w<\/p>\n<p>\u2013 600N si\u0142y docisku&nbsp;<\/p>\n<p><strong>Rozwi\u0105zania zastosowane w aucie:<\/strong><\/p>\n<p>\u2013 w pe\u0142ni regulowane wielowahaczowe zawieszenie umo\u017cliwiaj\u0105ce pe\u0142n\u0105 regulacj\u0119 w zale\u017cno\u015bci od zmieniaj\u0105cych si\u0119 warunk\u00f3w na torze,<\/p>\n<p>\u2013 nowe, l\u017cejsze piasty wykonane z aluminium,<\/p>\n<p>\u2013 elektroniczna przepustnica,<\/p>\n<p>\u2013 hybrydowa konstrukcja no\u015bna \u2013 po\u0142\u0105czenie stalowej ramy przestrzennej z kompozytowym \u201emonocoque\u201d o zwi\u0119kszonej sztywno\u015bci,<\/p>\n<p>\u2013 laminowana obr\u0119cz bezpiecze\u0144stwa,<\/p>\n<p>\u2013 wy\u015bwietlacz odpowiadaj\u0105cy za wy\u015bwietlanie i zapisywanie najwa\u017cniejszych parametr\u00f3w pracy z ponad 40 czujnik\u00f3w,<\/p>\n<p>\u2013 system obustronnej komunikacji g\u0142osowej z kierowc\u0105,<\/p>\n<p>\u2013 zdalny system telemetrii pozwalaj\u0105cy na monitorowanie parametr\u00f3w pracy w czasie rzeczywistym,<\/p>\n<p>\u2013 uk\u0142ad dolotowy wykonany w technologii SLS,<\/p>\n<p>\u2013 pokrywka silnika redukuj\u0105ca op\u00f3r powietrza,<\/p>\n<p>\u2013 autorskie wa\u0142ki rozrz\u0105du,<\/p>\n<p>\u2013 aktywne ch\u0142odzenie obszaru silnika,<\/p>\n<p>\u2013 uk\u0142adu hamulcowy zaopatrzony w elektroniczn\u0105 zmian\u0119 rozk\u0142adu si\u0142y hamowania pomi\u0119dzy przedni\u0105 a tyln\u0105 osi\u0105,<\/p>\n<p>\u2013 zmodyfikowany blok silnika, kt\u00f3ry umo\u017cliwi\u0142 zastosowanie udoskonalonej misy silnika,<\/p>\n<p>\u2013 wydajniejszy i l\u017cejszy uk\u0142ad ch\u0142odzenia,<\/p>\n<p>\u2013 mechanizm r\u00f3\u017cnicowy o ograniczonym po\u015blizgu z regulacj\u0105 napi\u0119cia wst\u0119pnego,<\/p>\n<p>&nbsp;<\/p>\n","protected":false},"excerpt":{"rendered":"<p>Dziesi\u0105ty z kolei bolid stworzony przez student\u00f3w dzia\u0142aj\u0105cych w ramach Studenckiego Ko\u0142a Naukowego Cerber Motorsport<a class=\"read-more\" href=\"https:\/\/wm.pb.edu.pl\/cerbermotorsport\/bolid-cms-10\/\" title=\"Poka\u017c artyku\u0142 Bolid-CMS 10\">wi\u0119cej<\/a><\/p>\n","protected":false},"author":120,"featured_media":0,"parent":0,"menu_order":0,"comment_status":"closed","ping_status":"closed","template":"","meta":{"inline_featured_image":false,"ngg_post_thumbnail":0,"footnotes":""},"class_list":["post-1219","page","type-page","status-publish","hentry"],"acf":[],"yoast_head":"<!-- This site is optimized with the Yoast SEO plugin v26.4 - https:\/\/yoast.com\/wordpress\/plugins\/seo\/ -->\n<title>Bolid-CMS 10 - Cerber Motorsport - Wydzia\u0142 Mechaniczny PB<\/title>\n<meta name=\"robots\" content=\"index, follow, max-snippet:-1, max-image-preview:large, max-video-preview:-1\" \/>\n<link rel=\"canonical\" href=\"https:\/\/wm.pb.edu.pl\/cerbermotorsport\/bolid-cms-10\/\" \/>\n<meta property=\"og:locale\" content=\"pl_PL\" \/>\n<meta property=\"og:type\" content=\"article\" \/>\n<meta property=\"og:title\" content=\"Bolid-CMS 10 - Cerber Motorsport - Wydzia\u0142 Mechaniczny PB\" \/>\n<meta property=\"og:description\" content=\"Dziesi\u0105ty z kolei bolid stworzony przez student\u00f3w dzia\u0142aj\u0105cych w ramach Studenckiego Ko\u0142a Naukowego Cerber Motorsportwi\u0119cej\" \/>\n<meta property=\"og:url\" content=\"https:\/\/wm.pb.edu.pl\/cerbermotorsport\/bolid-cms-10\/\" \/>\n<meta property=\"og:site_name\" content=\"Cerber Motorsport - Wydzia\u0142 Mechaniczny PB\" \/>\n<meta property=\"article:modified_time\" content=\"2025-10-02T10:35:32+00:00\" \/>\n<meta property=\"og:image\" content=\"https:\/\/wm.pb.edu.pl\/cerbermotorsport\/wp-content\/uploads\/sites\/13\/2025\/09\/528150932_1331275115666204_1525169182281653973_n.jpg\" \/>\n\t<meta property=\"og:image:width\" content=\"2048\" \/>\n\t<meta property=\"og:image:height\" content=\"1536\" \/>\n\t<meta property=\"og:image:type\" content=\"image\/jpeg\" \/>\n<meta name=\"twitter:card\" content=\"summary_large_image\" \/>\n<meta name=\"twitter:label1\" content=\"Szacowany czas czytania\" \/>\n\t<meta name=\"twitter:data1\" content=\"2 minuty\" \/>\n<script type=\"application\/ld+json\" class=\"yoast-schema-graph\">{\"@context\":\"https:\/\/schema.org\",\"@graph\":[{\"@type\":\"WebPage\",\"@id\":\"https:\/\/wm.pb.edu.pl\/cerbermotorsport\/bolid-cms-10\/\",\"url\":\"https:\/\/wm.pb.edu.pl\/cerbermotorsport\/bolid-cms-10\/\",\"name\":\"Bolid-CMS 10 - Cerber Motorsport - Wydzia\u0142 Mechaniczny PB\",\"isPartOf\":{\"@id\":\"https:\/\/wm.pb.edu.pl\/cerbermotorsport\/#website\"},\"primaryImageOfPage\":{\"@id\":\"https:\/\/wm.pb.edu.pl\/cerbermotorsport\/bolid-cms-10\/#primaryimage\"},\"image\":{\"@id\":\"https:\/\/wm.pb.edu.pl\/cerbermotorsport\/bolid-cms-10\/#primaryimage\"},\"thumbnailUrl\":\"https:\/\/wm.pb.edu.pl\/cerbermotorsport\/wp-content\/uploads\/sites\/13\/2025\/09\/541430220_1355089966618052_7081455894782306655_n-1.jpg\",\"datePublished\":\"2025-09-13T17:10:16+00:00\",\"dateModified\":\"2025-10-02T10:35:32+00:00\",\"breadcrumb\":{\"@id\":\"https:\/\/wm.pb.edu.pl\/cerbermotorsport\/bolid-cms-10\/#breadcrumb\"},\"inLanguage\":\"pl-PL\",\"potentialAction\":[{\"@type\":\"ReadAction\",\"target\":[\"https:\/\/wm.pb.edu.pl\/cerbermotorsport\/bolid-cms-10\/\"]}]},{\"@type\":\"ImageObject\",\"inLanguage\":\"pl-PL\",\"@id\":\"https:\/\/wm.pb.edu.pl\/cerbermotorsport\/bolid-cms-10\/#primaryimage\",\"url\":\"https:\/\/wm.pb.edu.pl\/cerbermotorsport\/wp-content\/uploads\/sites\/13\/2025\/09\/528150932_1331275115666204_1525169182281653973_n.jpg\",\"contentUrl\":\"https:\/\/wm.pb.edu.pl\/cerbermotorsport\/wp-content\/uploads\/sites\/13\/2025\/09\/528150932_1331275115666204_1525169182281653973_n.jpg\",\"width\":2048,\"height\":1536},{\"@type\":\"BreadcrumbList\",\"@id\":\"https:\/\/wm.pb.edu.pl\/cerbermotorsport\/bolid-cms-10\/#breadcrumb\",\"itemListElement\":[{\"@type\":\"ListItem\",\"position\":1,\"name\":\"Strona g\u0142\u00f3wna\",\"item\":\"https:\/\/wm.pb.edu.pl\/cerbermotorsport\/\"},{\"@type\":\"ListItem\",\"position\":2,\"name\":\"Bolid-CMS 10\"}]},{\"@type\":\"WebSite\",\"@id\":\"https:\/\/wm.pb.edu.pl\/cerbermotorsport\/#website\",\"url\":\"https:\/\/wm.pb.edu.pl\/cerbermotorsport\/\",\"name\":\"Cerber Motorsport - Wydzia\u0142 Mechaniczny PB\",\"description\":\"Polski zesp\u00f3\u0142 Formu\u0142y Student z Wydzia\u0142u Mechanicznego Politechniki Bia\u0142ostockiej startuj\u0105cy w mi\u0119dzynarodowych zawodach. Informacje o projektach realizowanych przez Cerber Motorsport.\",\"potentialAction\":[{\"@type\":\"SearchAction\",\"target\":{\"@type\":\"EntryPoint\",\"urlTemplate\":\"https:\/\/wm.pb.edu.pl\/cerbermotorsport\/?s={search_term_string}\"},\"query-input\":{\"@type\":\"PropertyValueSpecification\",\"valueRequired\":true,\"valueName\":\"search_term_string\"}}],\"inLanguage\":\"pl-PL\"}]}<\/script>\n<!-- \/ Yoast SEO plugin. -->","yoast_head_json":{"title":"Bolid-CMS 10 - Cerber Motorsport - Wydzia\u0142 Mechaniczny PB","robots":{"index":"index","follow":"follow","max-snippet":"max-snippet:-1","max-image-preview":"max-image-preview:large","max-video-preview":"max-video-preview:-1"},"canonical":"https:\/\/wm.pb.edu.pl\/cerbermotorsport\/bolid-cms-10\/","og_locale":"pl_PL","og_type":"article","og_title":"Bolid-CMS 10 - Cerber Motorsport - Wydzia\u0142 Mechaniczny PB","og_description":"Dziesi\u0105ty z kolei bolid stworzony przez student\u00f3w dzia\u0142aj\u0105cych w ramach Studenckiego Ko\u0142a Naukowego Cerber Motorsportwi\u0119cej","og_url":"https:\/\/wm.pb.edu.pl\/cerbermotorsport\/bolid-cms-10\/","og_site_name":"Cerber Motorsport - Wydzia\u0142 Mechaniczny PB","article_modified_time":"2025-10-02T10:35:32+00:00","og_image":[{"width":2048,"height":1536,"url":"https:\/\/wm.pb.edu.pl\/cerbermotorsport\/wp-content\/uploads\/sites\/13\/2025\/09\/528150932_1331275115666204_1525169182281653973_n.jpg","type":"image\/jpeg"}],"twitter_card":"summary_large_image","twitter_misc":{"Szacowany czas czytania":"2 minuty"},"schema":{"@context":"https:\/\/schema.org","@graph":[{"@type":"WebPage","@id":"https:\/\/wm.pb.edu.pl\/cerbermotorsport\/bolid-cms-10\/","url":"https:\/\/wm.pb.edu.pl\/cerbermotorsport\/bolid-cms-10\/","name":"Bolid-CMS 10 - Cerber Motorsport - Wydzia\u0142 Mechaniczny PB","isPartOf":{"@id":"https:\/\/wm.pb.edu.pl\/cerbermotorsport\/#website"},"primaryImageOfPage":{"@id":"https:\/\/wm.pb.edu.pl\/cerbermotorsport\/bolid-cms-10\/#primaryimage"},"image":{"@id":"https:\/\/wm.pb.edu.pl\/cerbermotorsport\/bolid-cms-10\/#primaryimage"},"thumbnailUrl":"https:\/\/wm.pb.edu.pl\/cerbermotorsport\/wp-content\/uploads\/sites\/13\/2025\/09\/541430220_1355089966618052_7081455894782306655_n-1.jpg","datePublished":"2025-09-13T17:10:16+00:00","dateModified":"2025-10-02T10:35:32+00:00","breadcrumb":{"@id":"https:\/\/wm.pb.edu.pl\/cerbermotorsport\/bolid-cms-10\/#breadcrumb"},"inLanguage":"pl-PL","potentialAction":[{"@type":"ReadAction","target":["https:\/\/wm.pb.edu.pl\/cerbermotorsport\/bolid-cms-10\/"]}]},{"@type":"ImageObject","inLanguage":"pl-PL","@id":"https:\/\/wm.pb.edu.pl\/cerbermotorsport\/bolid-cms-10\/#primaryimage","url":"https:\/\/wm.pb.edu.pl\/cerbermotorsport\/wp-content\/uploads\/sites\/13\/2025\/09\/528150932_1331275115666204_1525169182281653973_n.jpg","contentUrl":"https:\/\/wm.pb.edu.pl\/cerbermotorsport\/wp-content\/uploads\/sites\/13\/2025\/09\/528150932_1331275115666204_1525169182281653973_n.jpg","width":2048,"height":1536},{"@type":"BreadcrumbList","@id":"https:\/\/wm.pb.edu.pl\/cerbermotorsport\/bolid-cms-10\/#breadcrumb","itemListElement":[{"@type":"ListItem","position":1,"name":"Strona g\u0142\u00f3wna","item":"https:\/\/wm.pb.edu.pl\/cerbermotorsport\/"},{"@type":"ListItem","position":2,"name":"Bolid-CMS 10"}]},{"@type":"WebSite","@id":"https:\/\/wm.pb.edu.pl\/cerbermotorsport\/#website","url":"https:\/\/wm.pb.edu.pl\/cerbermotorsport\/","name":"Cerber Motorsport - Wydzia\u0142 Mechaniczny PB","description":"Polski zesp\u00f3\u0142 Formu\u0142y Student z Wydzia\u0142u Mechanicznego Politechniki Bia\u0142ostockiej startuj\u0105cy w mi\u0119dzynarodowych zawodach. Informacje o projektach realizowanych przez Cerber Motorsport.","potentialAction":[{"@type":"SearchAction","target":{"@type":"EntryPoint","urlTemplate":"https:\/\/wm.pb.edu.pl\/cerbermotorsport\/?s={search_term_string}"},"query-input":{"@type":"PropertyValueSpecification","valueRequired":true,"valueName":"search_term_string"}}],"inLanguage":"pl-PL"}]}},"_links":{"self":[{"href":"https:\/\/wm.pb.edu.pl\/cerbermotorsport\/wp-json\/wp\/v2\/pages\/1219","targetHints":{"allow":["GET"]}}],"collection":[{"href":"https:\/\/wm.pb.edu.pl\/cerbermotorsport\/wp-json\/wp\/v2\/pages"}],"about":[{"href":"https:\/\/wm.pb.edu.pl\/cerbermotorsport\/wp-json\/wp\/v2\/types\/page"}],"author":[{"embeddable":true,"href":"https:\/\/wm.pb.edu.pl\/cerbermotorsport\/wp-json\/wp\/v2\/users\/120"}],"replies":[{"embeddable":true,"href":"https:\/\/wm.pb.edu.pl\/cerbermotorsport\/wp-json\/wp\/v2\/comments?post=1219"}],"version-history":[{"count":5,"href":"https:\/\/wm.pb.edu.pl\/cerbermotorsport\/wp-json\/wp\/v2\/pages\/1219\/revisions"}],"predecessor-version":[{"id":1304,"href":"https:\/\/wm.pb.edu.pl\/cerbermotorsport\/wp-json\/wp\/v2\/pages\/1219\/revisions\/1304"}],"wp:attachment":[{"href":"https:\/\/wm.pb.edu.pl\/cerbermotorsport\/wp-json\/wp\/v2\/media?parent=1219"}],"curies":[{"name":"wp","href":"https:\/\/api.w.org\/{rel}","templated":true}]}}