{"id":122,"date":"2020-11-19T14:26:15","date_gmt":"2020-11-19T13:26:15","guid":{"rendered":"https:\/\/wm.pb.edu.pl\/cerber\/?page_id=122"},"modified":"2021-01-28T09:07:25","modified_gmt":"2021-01-28T08:07:25","slug":"zespol-cms-02","status":"publish","type":"page","link":"https:\/\/wm.pb.edu.pl\/cerbermotorsport\/zespol-cms-02\/","title":{"rendered":"Zesp\u00f3\u0142 CMS-02"},"content":{"rendered":"<p><img loading=\"lazy\" decoding=\"async\" class=\"aligncenter wp-image-462 size-full\" src=\"https:\/\/wm.pb.edu.pl\/cerbermotorsport\/wp-content\/uploads\/sites\/13\/2021\/01\/50795bolid-pb-e1534784226752.jpg\" alt=\"Zesp\u00f3\u0142 CMS-02\" width=\"784\" height=\"441\" srcset=\"https:\/\/wm.pb.edu.pl\/cerbermotorsport\/wp-content\/uploads\/sites\/13\/2021\/01\/50795bolid-pb-e1534784226752.jpg 784w, https:\/\/wm.pb.edu.pl\/cerbermotorsport\/wp-content\/uploads\/sites\/13\/2021\/01\/50795bolid-pb-e1534784226752-300x169.jpg 300w, https:\/\/wm.pb.edu.pl\/cerbermotorsport\/wp-content\/uploads\/sites\/13\/2021\/01\/50795bolid-pb-e1534784226752-768x432.jpg 768w\" sizes=\"auto, (max-width: 784px) 100vw, 784px\" \/><\/p>\n<hr>\n<div class=\"row\"><\/div>\n<div class=\"col-md-3\">\n<img decoding=\"async\" src=\"https:\/\/wm.pb.edu.pl\/cerbermotorsport\/wp-content\/uploads\/sites\/13\/2021\/01\/Marcin_Morytko.jpg\" alt=\"MARCIN MORYTKO\"><\/p>\n<p><strong>MARCIN MORYTKO<\/strong><br \/>\nUk\u0142ad ch\u0142odzenia, wykonywanie drobnych cz\u0119\u015bci<\/p>\n<\/div>\n<div class=\"col-md-3\">\n<img decoding=\"async\" src=\"https:\/\/wm.pb.edu.pl\/cerbermotorsport\/wp-content\/uploads\/sites\/13\/2021\/01\/Michal_Wojcik.jpg\" alt=\"Micha\u0142 W\u00f3jcik\"><\/p>\n<p><strong>MICHA\u0141 W\u00d3JCIK<\/strong><br \/>\nErgonomia, rozk\u0142ad masy, kierowca<\/p>\n<\/div>\n<div class=\"col-md-3\">\n<img decoding=\"async\" src=\"https:\/\/wm.pb.edu.pl\/cerbermotorsport\/wp-content\/uploads\/sites\/13\/2021\/01\/Tomasz_Marcinkiewicz.jpg\" alt=\"TOMASZ MARCINKIEWICZ\"><\/p>\n<p><strong>TOMASZ MARCINKIEWICZ<\/strong><br \/>\nRendering, grafiki komputerowe, plakaty<\/p>\n<\/div>\n<div class=\"col-md-3\">\n<img decoding=\"async\" src=\"https:\/\/wm.pb.edu.pl\/cerbermotorsport\/wp-content\/uploads\/sites\/13\/2021\/01\/Maciej_Nosek.jpg\" alt=\"MACIEJ NOSEK\"><\/p>\n<p><strong>MACIEJ NOSEK<\/strong><br \/>\nJednostka nap\u0119dowa, wykonywanie element\u00f3w metalowych<\/p>\n<\/div>\n<div class=\"row\"><\/div>\n<div class=\"col-md-3\">\n<img decoding=\"async\" src=\"https:\/\/wm.pb.edu.pl\/cerbermotorsport\/wp-content\/uploads\/sites\/13\/2021\/01\/niebrzyd.jpg\" alt=\"MICHA\u0141 NIEBRZYDOWSKI\"><\/p>\n<p><strong>MICHA\u0141 NIEBRZYDOWSKI<\/strong><br \/>\nUk\u0142ad hamulcowy, Specjalista od gi\u0119cia metali<\/p>\n<\/div>\n<div class=\"col-md-3\">\n<img decoding=\"async\" src=\"https:\/\/wm.pb.edu.pl\/cerbermotorsport\/wp-content\/uploads\/sites\/13\/2021\/01\/Adrian_Lapinski.jpg\" alt=\"ADRIAN \u0141API\u0143SKI\"><\/p>\n<p><strong>ADRIAN \u0141API\u0143SKI<\/strong><br \/>\nKonstrukcja ramy pojazdu. Badania wytrzyma\u0142o\u015bciowe<\/p>\n<\/div>\n<div class=\"col-md-3\">\n<img decoding=\"async\" src=\"https:\/\/wm.pb.edu.pl\/cerbermotorsport\/wp-content\/uploads\/sites\/13\/2021\/01\/Marcin_Chorosz-1.jpg\" alt=\"MARCIN CHOROSZ\"><\/p>\n<p><strong>MARCIN CHOROSZ<\/strong><br \/>\nUk\u0142ad elektryczny, Uk\u0142ad ch\u0142odzenia<\/p>\n<\/div>\n<div class=\"col-md-3\">\n<img decoding=\"async\" src=\"https:\/\/wm.pb.edu.pl\/cerbermotorsport\/wp-content\/uploads\/sites\/13\/2021\/01\/Bartlomiej_Jaworski-1-1.jpg\" alt=\"BART\u0141OMIEJ JAWORSKI\"><\/p>\n<p><strong>BART\u0141OMIEJ JAWORSKI<\/strong><br \/>\nZawieszenie pojazdu<\/p>\n<\/div>\n<div class=\"row\"><\/div>\n<div class=\"col-md-3\">\n<img decoding=\"async\" src=\"https:\/\/wm.pb.edu.pl\/cerbermotorsport\/wp-content\/uploads\/sites\/13\/2021\/01\/Mariusz_Mejlun-1.jpg\" alt=\"MARIUSZ MEJ\u0141UN\"><\/p>\n<p><strong>MARIUSZ MEJ\u0141UN<\/strong><br \/>\nKierownik zespo\u0142u, Design Event, Prace projektowe i wykonawcze jednostki nap\u0119dowej, spawanie metali<\/p>\n<\/div>\n<div class=\"col-md-3\">\n<img decoding=\"async\" src=\"https:\/\/wm.pb.edu.pl\/cerbermotorsport\/wp-content\/uploads\/sites\/13\/2021\/01\/Piotr_Stankiewicz.jpg\" alt=\"PIOTR STANKIEWICZ\"><\/p>\n<p><strong>PIOTR STANKIEWICZ<\/strong><br \/>\nUk\u0142ad przeniesienia nape\u0328du, strona WWW, kierowca<\/p>\n<\/div>\n<div class=\"col-md-3\">\n<img decoding=\"async\" src=\"https:\/\/wm.pb.edu.pl\/cerbermotorsport\/wp-content\/uploads\/sites\/13\/2021\/01\/Piotr_Muszynski2-450x450-1.jpg\" alt=\"PIOTR MUSZY\u0143SKI\"><\/p>\n<p><strong>PIOTR MUSZY\u0143SKI<\/strong><br \/>\nProjekt, analiza MES i optymalizacja ramy<\/p>\n<\/div>\n<div class=\"col-md-3\">\n<img decoding=\"async\" src=\"https:\/\/wm.pb.edu.pl\/cerbermotorsport\/wp-content\/uploads\/sites\/13\/2021\/01\/Karpiu-450x450-1.jpg\" alt=\"MICHA\u0141 KARPIENIA\"><\/p>\n<p><strong>MICHA\u0141 KARPIENIA<\/strong><br \/>\nZawieszenie, analiza numeryczne, obro\u0301bka termiczna metali kolorowych, uk\u0142ad paliwowy<\/p>\n<\/div>\n<div class=\"row\"><\/div>\n<div class=\"col-md-3\">\n<img decoding=\"async\" src=\"https:\/\/wm.pb.edu.pl\/cerbermotorsport\/wp-content\/uploads\/sites\/13\/2021\/01\/Martyna_Sidorowicz-450x450-1.jpg\" alt=\"MARTYNA SIDOROWICZ\"><\/p>\n<p><strong>MARTYNA SIDOROWICZ<\/strong><br \/>\nBusiness Plan Presentation. Zagadnienia z zakresu ochrony \u015brodowiska<\/p>\n<\/div>\n<div class=\"col-md-3\">\n<img decoding=\"async\" src=\"https:\/\/wm.pb.edu.pl\/cerbermotorsport\/wp-content\/uploads\/sites\/13\/2021\/01\/Maciej_Sidorowicz-450x450-1-1.jpg\" alt=\"MACIEJ SIDOROWICZ\"><\/p>\n<p><strong>MACIEJ SIDOROWICZ<\/strong><br \/>\nBusiness Plan Presentation, Cost Analysis, Scrutineering. Szacowanie energoch\u0142onno\u015bci<\/p>\n<\/div>\n<div class=\"col-md-3\">\n<img decoding=\"async\" src=\"https:\/\/wm.pb.edu.pl\/cerbermotorsport\/wp-content\/uploads\/sites\/13\/2021\/01\/Wojtek_Lebiedzinski-450x450-1.jpg\" alt=\"WOJCIECH LEBIEDZI\u0143SKI\"><\/p>\n<p><strong>WOJCIECH LEBIEDZI\u0143SKI<\/strong><br \/>\nWykonywanie element\u00f3w metalowych<\/p>\n<\/div>\n<div class=\"col-md-3\">\n<img decoding=\"async\" src=\"https:\/\/wm.pb.edu.pl\/cerbermotorsport\/wp-content\/uploads\/sites\/13\/2021\/01\/Slawomir_Grycuk-450x450-1.jpg\" alt=\"S\u0141AWOMIR GRYCUK\"><\/p>\n<p><strong>S\u0141AWOMIR GRYCUK<\/strong><br \/>\nWykonywanie drobnych cz\u0119\u015bci<\/p>\n<\/div>\n<div class=\"row\"><\/div>\n<div class=\"col-md-3\">\n<img decoding=\"async\" src=\"https:\/\/wm.pb.edu.pl\/cerbermotorsport\/wp-content\/uploads\/sites\/13\/2021\/01\/Rafal_Poplawski-1.jpg\" alt=\"RAFA\u0141 POP\u0141AWSKI\"><\/p>\n<p><strong>RAFA\u0141 POP\u0141AWSKI<\/strong><br \/>\nBusiness Plan Presentation, Cost Analysis, projektowanie elemento\u0301w zawieszenia<\/p>\n<\/div>\n<div class=\"col-md-3\">\n<img decoding=\"async\" src=\"https:\/\/wm.pb.edu.pl\/cerbermotorsport\/wp-content\/uploads\/sites\/13\/2021\/01\/Piotr_Gacuta-450x450-1.jpg\" alt=\"PIOTR GACUTA\"><\/p>\n<p><strong>PIOTR GACUTA<\/strong><br \/>\nMateria\u0142y kompozytowe<\/p>\n<\/div>\n<div class=\"col-md-3\">\n<img decoding=\"async\" src=\"https:\/\/wm.pb.edu.pl\/cerbermotorsport\/wp-content\/uploads\/sites\/13\/2021\/01\/Patryk_Recko-450x450-1.jpg\" alt=\"PATRYK RE\u0106KO\"><\/p>\n<p><strong>PATRYK RE\u0106KO<\/strong><br \/>\nProjektowanie drobnych element\u00f3w, prace nad poszyciem<\/p>\n<\/div>\n<div class=\"col-md-3\">\n<img decoding=\"async\" src=\"https:\/\/wm.pb.edu.pl\/cerbermotorsport\/wp-content\/uploads\/sites\/13\/2021\/01\/Michal_Korbut.jpg\" alt=\"MICHA\u0141 KORBUT\"><\/p>\n<p><strong>MICHA\u0141 KORBUT<\/strong><br \/>\nG\u0142\u00f3wny projektant poszycia i tw\u00f3rca pakietu aerodynamicznego<\/p>\n<\/div>\n<div class=\"row\"><\/div>\n<div class=\"col-md-3\">\n<img decoding=\"async\" src=\"https:\/\/wm.pb.edu.pl\/cerbermotorsport\/wp-content\/uploads\/sites\/13\/2021\/01\/Mateusz_Kulesza-450x450-1.jpg\" alt=\"MATEUSZ KULESZA\"><\/p>\n<p><strong>MATEUSZ KULESZA<\/strong><br \/>\nPrace nad poszyciem, projektowanie drobnych elemento\u0301w, kierowca<\/p>\n<\/div>\n<div class=\"col-md-3\">\n<img decoding=\"async\" src=\"https:\/\/wm.pb.edu.pl\/cerbermotorsport\/wp-content\/uploads\/sites\/13\/2021\/01\/Lukasz_Stankiewicz-450x450-1.jpg\" alt=\"\u0141UKASZ STANKIEWICZ\"><\/p>\n<p><strong>\u0141UKASZ STANKIEWICZ<\/strong><br \/>\nZawieszenie pojazdu, projektowanie drobnych elemento\u0301w, kierowca<\/p>\n<\/div>\n<div class=\"col-md-3\">\n<img decoding=\"async\" src=\"https:\/\/wm.pb.edu.pl\/cerbermotorsport\/wp-content\/uploads\/sites\/13\/2021\/01\/Lukasz_Karpiel-450x450-1.jpg\" alt=\"\u0141UKASZ KARPIEL\"><\/p>\n<p><strong>\u0141UKASZ KARPIEL<\/strong><br \/>\nSystem pneumatycznej zmiany bieg\u00f3w, deska rozdzielcza<\/p>\n<\/div>\n<div class=\"col-md-3\">\n<img decoding=\"async\" src=\"https:\/\/wm.pb.edu.pl\/cerbermotorsport\/wp-content\/uploads\/sites\/13\/2021\/01\/Jakub-Banasiewicz-v2-450x450-1.jpg\" alt=\"JAKUB BANASIEWICZ\"><\/p>\n<p><strong>JAKUB BANASIEWICZ<\/strong><br \/>\nZawieszenie pojazdu<\/p>\n<\/div>\n<div class=\"row\"><\/div>\n<div class=\"col-md-3\">\n<img decoding=\"async\" src=\"https:\/\/wm.pb.edu.pl\/cerbermotorsport\/wp-content\/uploads\/sites\/13\/2021\/01\/Dawid-Kosciuczuk.jpg\" alt=\"DAWID KO\u015aCIUCZUK\"><\/p>\n<p><strong>DAWID KO\u015aCIUCZUK<\/strong><br \/>\nWykonywanie element\u00f3w metalowych<\/p>\n<\/div>\n<div class=\"col-md-3\">\n<img decoding=\"async\" src=\"https:\/\/wm.pb.edu.pl\/cerbermotorsport\/wp-content\/uploads\/sites\/13\/2021\/01\/Daniel_Slominski-450x450-1.jpg\" alt=\"DANIEL S\u0141OMI\u0143SKI\"><\/p>\n<p><strong>DANIEL S\u0141OMI\u0143SKI<\/strong><br \/>\nKierowca, prace nad pakietem aerodynamicznym<\/p>\n<\/div>\n<div class=\"col-md-3\">\n<img decoding=\"async\" src=\"https:\/\/wm.pb.edu.pl\/cerbermotorsport\/wp-content\/uploads\/sites\/13\/2021\/01\/Damian_Mistkowski-450x450-1.jpg\" alt=\"DAMIAN MISTKOWSKI\"><\/p>\n<p><strong>DAMIAN MISTKOWSKI<\/strong><br \/>\nKsi\u0119gowo\u015b\u0107 i finanse, uk\u0142ad hamulcowy<\/p>\n<\/div>\n<div class=\"col-md-3\">\n<img decoding=\"async\" src=\"https:\/\/wm.pb.edu.pl\/cerbermotorsport\/wp-content\/uploads\/sites\/13\/2021\/01\/Adam_Zalewski-450x450-1.jpg\" alt=\"ADAM ZALEWSKI\"><\/p>\n<p><strong>ADAM ZALEWSKI<\/strong><br \/>\nZast\u0119pca kierownika projektu. System pneumatycznej zmiany bieg\u00f3w, konkurencje statyczne<\/p>\n<\/div>\n<div class=\"row\"><\/div>\n<div class=\"col-md-6\">\n<img decoding=\"async\" src=\"https:\/\/wm.pb.edu.pl\/cerbermotorsport\/wp-content\/uploads\/sites\/13\/2021\/01\/Tomas_Gudel-450x450-1.jpg\" alt=\"TOMASZ GUDEL\"><\/p>\n<p><strong>TOMASZ GUDEL<\/strong><br \/>\nProjektant pakietu aerodynamicznego<\/p>\n<\/div>\n<div class=\"col-md-6\">\n<img decoding=\"async\" src=\"https:\/\/wm.pb.edu.pl\/cerbermotorsport\/wp-content\/uploads\/sites\/13\/2021\/01\/Damian_Walesieniuk-450x450-1.jpg\" alt=\"DAMIAN WALESIENIUK\"><\/p>\n<p><strong>DAMIAN WALESIENIUK<\/strong><br \/>\nErgonomia i bezpieczen\u0301stwo, kierowca<\/p>\n<\/div>\n","protected":false},"excerpt":{"rendered":"","protected":false},"author":14,"featured_media":0,"parent":0,"menu_order":0,"comment_status":"closed","ping_status":"closed","template":"","meta":{"inline_featured_image":false,"ngg_post_thumbnail":0,"footnotes":""},"class_list":["post-122","page","type-page","status-publish","hentry"],"acf":[],"yoast_head":"<!-- This site is optimized with the Yoast SEO plugin v26.4 - https:\/\/yoast.com\/wordpress\/plugins\/seo\/ -->\n<title>Zesp\u00f3\u0142 CMS-02 - Cerber Motorsport - Wydzia\u0142 Mechaniczny PB<\/title>\n<meta name=\"robots\" content=\"index, follow, max-snippet:-1, max-image-preview:large, max-video-preview:-1\" \/>\n<link rel=\"canonical\" href=\"https:\/\/wm.pb.edu.pl\/cerbermotorsport\/zespol-cms-02\/\" \/>\n<meta property=\"og:locale\" content=\"pl_PL\" \/>\n<meta property=\"og:type\" content=\"article\" \/>\n<meta property=\"og:title\" content=\"Zesp\u00f3\u0142 CMS-02 - Cerber Motorsport - Wydzia\u0142 Mechaniczny PB\" \/>\n<meta property=\"og:url\" content=\"https:\/\/wm.pb.edu.pl\/cerbermotorsport\/zespol-cms-02\/\" \/>\n<meta property=\"og:site_name\" content=\"Cerber Motorsport - Wydzia\u0142 Mechaniczny PB\" \/>\n<meta property=\"article:modified_time\" content=\"2021-01-28T08:07:25+00:00\" \/>\n<meta property=\"og:image\" content=\"https:\/\/wm.pb.edu.pl\/cerbermotorsport\/wp-content\/uploads\/sites\/13\/2021\/01\/50795bolid-pb-e1534784226752.jpg\" \/>\n<meta name=\"twitter:card\" content=\"summary_large_image\" \/>\n<meta name=\"twitter:label1\" content=\"Szacowany czas czytania\" \/>\n\t<meta name=\"twitter:data1\" content=\"8 minut\" \/>\n<script type=\"application\/ld+json\" class=\"yoast-schema-graph\">{\"@context\":\"https:\/\/schema.org\",\"@graph\":[{\"@type\":\"WebPage\",\"@id\":\"https:\/\/wm.pb.edu.pl\/cerbermotorsport\/zespol-cms-02\/\",\"url\":\"https:\/\/wm.pb.edu.pl\/cerbermotorsport\/zespol-cms-02\/\",\"name\":\"Zesp\u00f3\u0142 CMS-02 - Cerber Motorsport - Wydzia\u0142 Mechaniczny PB\",\"isPartOf\":{\"@id\":\"https:\/\/wm.pb.edu.pl\/cerbermotorsport\/#website\"},\"primaryImageOfPage\":{\"@id\":\"https:\/\/wm.pb.edu.pl\/cerbermotorsport\/zespol-cms-02\/#primaryimage\"},\"image\":{\"@id\":\"https:\/\/wm.pb.edu.pl\/cerbermotorsport\/zespol-cms-02\/#primaryimage\"},\"thumbnailUrl\":\"https:\/\/wm.pb.edu.pl\/cerbermotorsport\/wp-content\/uploads\/sites\/13\/2021\/01\/50795bolid-pb-e1534784226752.jpg\",\"datePublished\":\"2020-11-19T13:26:15+00:00\",\"dateModified\":\"2021-01-28T08:07:25+00:00\",\"breadcrumb\":{\"@id\":\"https:\/\/wm.pb.edu.pl\/cerbermotorsport\/zespol-cms-02\/#breadcrumb\"},\"inLanguage\":\"pl-PL\",\"potentialAction\":[{\"@type\":\"ReadAction\",\"target\":[\"https:\/\/wm.pb.edu.pl\/cerbermotorsport\/zespol-cms-02\/\"]}]},{\"@type\":\"ImageObject\",\"inLanguage\":\"pl-PL\",\"@id\":\"https:\/\/wm.pb.edu.pl\/cerbermotorsport\/zespol-cms-02\/#primaryimage\",\"url\":\"https:\/\/wm.pb.edu.pl\/cerbermotorsport\/wp-content\/uploads\/sites\/13\/2021\/01\/50795bolid-pb-e1534784226752.jpg\",\"contentUrl\":\"https:\/\/wm.pb.edu.pl\/cerbermotorsport\/wp-content\/uploads\/sites\/13\/2021\/01\/50795bolid-pb-e1534784226752.jpg\",\"width\":784,\"height\":441,\"caption\":\"Zesp\u00f3\u0142 CMS-02\"},{\"@type\":\"BreadcrumbList\",\"@id\":\"https:\/\/wm.pb.edu.pl\/cerbermotorsport\/zespol-cms-02\/#breadcrumb\",\"itemListElement\":[{\"@type\":\"ListItem\",\"position\":1,\"name\":\"Strona g\u0142\u00f3wna\",\"item\":\"https:\/\/wm.pb.edu.pl\/cerbermotorsport\/\"},{\"@type\":\"ListItem\",\"position\":2,\"name\":\"Zesp\u00f3\u0142 CMS-02\"}]},{\"@type\":\"WebSite\",\"@id\":\"https:\/\/wm.pb.edu.pl\/cerbermotorsport\/#website\",\"url\":\"https:\/\/wm.pb.edu.pl\/cerbermotorsport\/\",\"name\":\"Cerber Motorsport - Wydzia\u0142 Mechaniczny PB\",\"description\":\"Polski zesp\u00f3\u0142 Formu\u0142y Student z Wydzia\u0142u Mechanicznego Politechniki Bia\u0142ostockiej startuj\u0105cy w mi\u0119dzynarodowych zawodach. Informacje o projektach realizowanych przez Cerber Motorsport.\",\"potentialAction\":[{\"@type\":\"SearchAction\",\"target\":{\"@type\":\"EntryPoint\",\"urlTemplate\":\"https:\/\/wm.pb.edu.pl\/cerbermotorsport\/?s={search_term_string}\"},\"query-input\":{\"@type\":\"PropertyValueSpecification\",\"valueRequired\":true,\"valueName\":\"search_term_string\"}}],\"inLanguage\":\"pl-PL\"}]}<\/script>\n<!-- \/ Yoast SEO plugin. -->","yoast_head_json":{"title":"Zesp\u00f3\u0142 CMS-02 - Cerber Motorsport - Wydzia\u0142 Mechaniczny PB","robots":{"index":"index","follow":"follow","max-snippet":"max-snippet:-1","max-image-preview":"max-image-preview:large","max-video-preview":"max-video-preview:-1"},"canonical":"https:\/\/wm.pb.edu.pl\/cerbermotorsport\/zespol-cms-02\/","og_locale":"pl_PL","og_type":"article","og_title":"Zesp\u00f3\u0142 CMS-02 - Cerber Motorsport - Wydzia\u0142 Mechaniczny PB","og_url":"https:\/\/wm.pb.edu.pl\/cerbermotorsport\/zespol-cms-02\/","og_site_name":"Cerber Motorsport - Wydzia\u0142 Mechaniczny PB","article_modified_time":"2021-01-28T08:07:25+00:00","og_image":[{"url":"https:\/\/wm.pb.edu.pl\/cerbermotorsport\/wp-content\/uploads\/sites\/13\/2021\/01\/50795bolid-pb-e1534784226752.jpg","type":"","width":"","height":""}],"twitter_card":"summary_large_image","twitter_misc":{"Szacowany czas czytania":"8 minut"},"schema":{"@context":"https:\/\/schema.org","@graph":[{"@type":"WebPage","@id":"https:\/\/wm.pb.edu.pl\/cerbermotorsport\/zespol-cms-02\/","url":"https:\/\/wm.pb.edu.pl\/cerbermotorsport\/zespol-cms-02\/","name":"Zesp\u00f3\u0142 CMS-02 - Cerber Motorsport - Wydzia\u0142 Mechaniczny PB","isPartOf":{"@id":"https:\/\/wm.pb.edu.pl\/cerbermotorsport\/#website"},"primaryImageOfPage":{"@id":"https:\/\/wm.pb.edu.pl\/cerbermotorsport\/zespol-cms-02\/#primaryimage"},"image":{"@id":"https:\/\/wm.pb.edu.pl\/cerbermotorsport\/zespol-cms-02\/#primaryimage"},"thumbnailUrl":"https:\/\/wm.pb.edu.pl\/cerbermotorsport\/wp-content\/uploads\/sites\/13\/2021\/01\/50795bolid-pb-e1534784226752.jpg","datePublished":"2020-11-19T13:26:15+00:00","dateModified":"2021-01-28T08:07:25+00:00","breadcrumb":{"@id":"https:\/\/wm.pb.edu.pl\/cerbermotorsport\/zespol-cms-02\/#breadcrumb"},"inLanguage":"pl-PL","potentialAction":[{"@type":"ReadAction","target":["https:\/\/wm.pb.edu.pl\/cerbermotorsport\/zespol-cms-02\/"]}]},{"@type":"ImageObject","inLanguage":"pl-PL","@id":"https:\/\/wm.pb.edu.pl\/cerbermotorsport\/zespol-cms-02\/#primaryimage","url":"https:\/\/wm.pb.edu.pl\/cerbermotorsport\/wp-content\/uploads\/sites\/13\/2021\/01\/50795bolid-pb-e1534784226752.jpg","contentUrl":"https:\/\/wm.pb.edu.pl\/cerbermotorsport\/wp-content\/uploads\/sites\/13\/2021\/01\/50795bolid-pb-e1534784226752.jpg","width":784,"height":441,"caption":"Zesp\u00f3\u0142 CMS-02"},{"@type":"BreadcrumbList","@id":"https:\/\/wm.pb.edu.pl\/cerbermotorsport\/zespol-cms-02\/#breadcrumb","itemListElement":[{"@type":"ListItem","position":1,"name":"Strona g\u0142\u00f3wna","item":"https:\/\/wm.pb.edu.pl\/cerbermotorsport\/"},{"@type":"ListItem","position":2,"name":"Zesp\u00f3\u0142 CMS-02"}]},{"@type":"WebSite","@id":"https:\/\/wm.pb.edu.pl\/cerbermotorsport\/#website","url":"https:\/\/wm.pb.edu.pl\/cerbermotorsport\/","name":"Cerber Motorsport - Wydzia\u0142 Mechaniczny PB","description":"Polski zesp\u00f3\u0142 Formu\u0142y Student z Wydzia\u0142u Mechanicznego Politechniki Bia\u0142ostockiej startuj\u0105cy w mi\u0119dzynarodowych zawodach. Informacje o projektach realizowanych przez Cerber Motorsport.","potentialAction":[{"@type":"SearchAction","target":{"@type":"EntryPoint","urlTemplate":"https:\/\/wm.pb.edu.pl\/cerbermotorsport\/?s={search_term_string}"},"query-input":{"@type":"PropertyValueSpecification","valueRequired":true,"valueName":"search_term_string"}}],"inLanguage":"pl-PL"}]}},"_links":{"self":[{"href":"https:\/\/wm.pb.edu.pl\/cerbermotorsport\/wp-json\/wp\/v2\/pages\/122","targetHints":{"allow":["GET"]}}],"collection":[{"href":"https:\/\/wm.pb.edu.pl\/cerbermotorsport\/wp-json\/wp\/v2\/pages"}],"about":[{"href":"https:\/\/wm.pb.edu.pl\/cerbermotorsport\/wp-json\/wp\/v2\/types\/page"}],"author":[{"embeddable":true,"href":"https:\/\/wm.pb.edu.pl\/cerbermotorsport\/wp-json\/wp\/v2\/users\/14"}],"replies":[{"embeddable":true,"href":"https:\/\/wm.pb.edu.pl\/cerbermotorsport\/wp-json\/wp\/v2\/comments?post=122"}],"version-history":[{"count":7,"href":"https:\/\/wm.pb.edu.pl\/cerbermotorsport\/wp-json\/wp\/v2\/pages\/122\/revisions"}],"predecessor-version":[{"id":464,"href":"https:\/\/wm.pb.edu.pl\/cerbermotorsport\/wp-json\/wp\/v2\/pages\/122\/revisions\/464"}],"wp:attachment":[{"href":"https:\/\/wm.pb.edu.pl\/cerbermotorsport\/wp-json\/wp\/v2\/media?parent=122"}],"curies":[{"name":"wp","href":"https:\/\/api.w.org\/{rel}","templated":true}]}}