{"id":124,"date":"2020-11-19T14:26:21","date_gmt":"2020-11-19T13:26:21","guid":{"rendered":"https:\/\/wm.pb.edu.pl\/cerber\/?page_id=124"},"modified":"2021-01-28T11:23:25","modified_gmt":"2021-01-28T10:23:25","slug":"zespol-cms-03","status":"publish","type":"page","link":"https:\/\/wm.pb.edu.pl\/cerbermotorsport\/zespol-cms-03\/","title":{"rendered":"Zesp\u00f3\u0142 CMS-03"},"content":{"rendered":"<p><img loading=\"lazy\" decoding=\"async\" class=\"aligncenter wp-image-480 size-full\" src=\"https:\/\/wm.pb.edu.pl\/cerbermotorsport\/wp-content\/uploads\/sites\/13\/2021\/01\/0x0-e1534784199103.jpg\" alt=\"Zesp\u00f3\u0142 CMS-03\" width=\"960\" height=\"540\" srcset=\"https:\/\/wm.pb.edu.pl\/cerbermotorsport\/wp-content\/uploads\/sites\/13\/2021\/01\/0x0-e1534784199103.jpg 960w, https:\/\/wm.pb.edu.pl\/cerbermotorsport\/wp-content\/uploads\/sites\/13\/2021\/01\/0x0-e1534784199103-300x169.jpg 300w, https:\/\/wm.pb.edu.pl\/cerbermotorsport\/wp-content\/uploads\/sites\/13\/2021\/01\/0x0-e1534784199103-768x432.jpg 768w\" sizes=\"auto, (max-width: 960px) 100vw, 960px\" \/><\/p>\n<hr>\n<div class=\"row\"><\/div>\n<div class=\"col-md-3\">\n<img decoding=\"async\" src=\"https:\/\/wm.pb.edu.pl\/cerbermotorsport\/wp-content\/uploads\/sites\/13\/2021\/01\/Adam_Zalewski-450x450-1.jpg\" alt=\"ADAM ZALEWSKI\"><\/p>\n<p><strong>ADAM ZALEWSKI<\/strong><br \/>\nKoordynator projektu, System akwizycji danych<\/p>\n<\/div>\n<div class=\"col-md-3\">\n<img decoding=\"async\" src=\"https:\/\/wm.pb.edu.pl\/cerbermotorsport\/wp-content\/uploads\/sites\/13\/2021\/01\/Konrad_Panas-v2-450x450-1.jpg\" alt=\"KONRAD PANAS\"><\/p>\n<p><strong>KONRAD PANAS<\/strong><br \/>\nZast\u0119pca koorydynatora projektu, uk\u0142ad hamulcowy, finanse zespo\u0142u<\/p>\n<\/div>\n<div class=\"col-md-3\">\n<img decoding=\"async\" src=\"https:\/\/wm.pb.edu.pl\/cerbermotorsport\/wp-content\/uploads\/sites\/13\/2021\/01\/Lukasz_Karpiel-450x450-1.jpg\" alt=\"\u0141UKASZ KARPIEL\"><\/p>\n<p><strong>\u0141UKASZ KARPIEL<\/strong><br \/>\nKoordynator dzia\u0142u pneumatyka i elektryka<\/p>\n<\/div>\n<div class=\"col-md-3\">\n<img decoding=\"async\" src=\"https:\/\/wm.pb.edu.pl\/cerbermotorsport\/wp-content\/uploads\/sites\/13\/2021\/01\/Lukasz_Kosakowski-450x450-1.jpg\" alt=\"\u0141UKASZ KOSAKOWSKI\"><\/p>\n<p><strong>\u0141UKASZ KOSAKOWSKI<\/strong><br \/>\nKoordynator dzia\u0142u ergonomia i bezpiecze\u0144stwo<\/p>\n<\/div>\n<div class=\"row\"><\/div>\n<div class=\"col-md-3\">\n<img decoding=\"async\" src=\"https:\/\/wm.pb.edu.pl\/cerbermotorsport\/wp-content\/uploads\/sites\/13\/2021\/01\/Kacper_Ziolkowski-450x450-1.jpg\" alt=\"KACPER ZI\u00d3\u0141KOWSKI\"><\/p>\n<p><strong>KACPER ZI\u00d3\u0141KOWSKI<\/strong><br \/>\nKoordynator dzia\u0142u poszycie i aerodynamika<\/p>\n<\/div>\n<div class=\"col-md-3\">\n<img decoding=\"async\" src=\"https:\/\/wm.pb.edu.pl\/cerbermotorsport\/wp-content\/uploads\/sites\/13\/2021\/01\/Daniel_Slominski-450x450-1.jpg\" alt=\"DANIEL S\u0141OMI\u0143SKI\"><\/p>\n<p><strong>DANIEL S\u0141OMI\u0143SKI<\/strong><br \/>\nKoordynator dzia\u0142u silnik, szkolenie kierowco\u0301w<\/p>\n<\/div>\n<div class=\"col-md-3\">\n<img decoding=\"async\" src=\"https:\/\/wm.pb.edu.pl\/cerbermotorsport\/wp-content\/uploads\/sites\/13\/2021\/01\/Szymon_Kucharski-450x450-1.jpg\" alt=\"SZYMON KUCHARSKI\"><\/p>\n<p><strong>SZYMON KUCHARSKI<\/strong><br \/>\nKoordynator dzia\u0142u Marketing, prezentacja biznesowa<\/p>\n<\/div>\n<div class=\"col-md-3\">\n<img decoding=\"async\" src=\"https:\/\/wm.pb.edu.pl\/cerbermotorsport\/wp-content\/uploads\/sites\/13\/2021\/01\/Damian_Walesieniuk-450x450-1.jpg\" alt=\"DAMIAN WALESIENIUK\"><\/p>\n<p><strong>DAMIAN WALESIENIUK<\/strong><br \/>\nErgonomia i Bezpiecze\u0144stwo<\/p>\n<\/div>\n<div class=\"row\"><\/div>\n<div class=\"col-md-3\">\n<img decoding=\"async\" src=\"https:\/\/wm.pb.edu.pl\/cerbermotorsport\/wp-content\/uploads\/sites\/13\/2021\/01\/DARIUSZ_SZMURLO-450x450-1.png\" alt=\"DARIUSZ SZMUR\u0141O\"><\/p>\n<p><strong>DARIUSZ SZMUR\u0141O<\/strong><br \/>\nZawieszenie i dynamika pojazdu<\/p>\n<\/div>\n<div class=\"col-md-3\">\n<img decoding=\"async\" src=\"https:\/\/wm.pb.edu.pl\/cerbermotorsport\/wp-content\/uploads\/sites\/13\/2021\/01\/Wojtek_Lebiedzinski-450x450-1.jpg\" alt=\"WOJCIECH LEBIEDZI\u0143SKI\"><\/p>\n<p><strong>WOJCIECH LEBIEDZI\u0143SKI<\/strong><br \/>\nKonstrukcja ramy pojazdu<\/p>\n<\/div>\n<div class=\"col-md-3\">\n<img decoding=\"async\" src=\"https:\/\/wm.pb.edu.pl\/cerbermotorsport\/wp-content\/uploads\/sites\/13\/2021\/01\/Slawomir_Grycuk-450x450-1.jpg\" alt=\"S\u0141AWOMIR GRYCUK\"><\/p>\n<p><strong>S\u0141AWOMIR GRYCUK<\/strong><br \/>\nUk\u0142ad Ch\u0142odzenia<\/p>\n<\/div>\n<div class=\"col-md-3\">\n<img decoding=\"async\" src=\"https:\/\/wm.pb.edu.pl\/cerbermotorsport\/wp-content\/uploads\/sites\/13\/2021\/01\/Patryk_Recko-450x450-1.jpg\" alt=\"PATRYK RE\u0106KO\"><\/p>\n<p><strong>PATRYK RE\u0106KO<\/strong><br \/>\nErgonomia i Bezpiecze\u0144stwo<\/p>\n<\/div>\n<div class=\"row\"><\/div>\n<div class=\"col-md-3\">\n<img decoding=\"async\" src=\"https:\/\/wm.pb.edu.pl\/cerbermotorsport\/wp-content\/uploads\/sites\/13\/2021\/01\/Mateusz_Kulesza-450x450-1.jpg\" alt=\"MATEUSZ KULESZA\"><\/p>\n<p><strong>MATEUSZ KULESZA<\/strong><br \/>\nMarketing, prezentacja biznesowa<\/p>\n<\/div>\n<div class=\"col-md-3\">\n<img decoding=\"async\" src=\"https:\/\/wm.pb.edu.pl\/cerbermotorsport\/wp-content\/uploads\/sites\/13\/2021\/01\/Mateusz_Kulik-450x450-1.jpg\" alt=\"MATEUSZ KULIK\"><\/p>\n<p><strong>MATEUSZ KULIK<\/strong><br \/>\nSerwis internetowy, grafika<\/p>\n<\/div>\n<div class=\"col-md-3\">\n<img decoding=\"async\" src=\"https:\/\/wm.pb.edu.pl\/cerbermotorsport\/wp-content\/uploads\/sites\/13\/2021\/01\/Lukasz_Wieleszczyk-450x450-1.jpg\" alt=\"\u0141UKASZ WIELESZCZYK\"><\/p>\n<p><strong>\u0141UKASZ WIELESZCZYK<\/strong><br \/>\nUk\u0142ad dolotowy i wydechowy silnika<\/p>\n<\/div>\n<div class=\"col-md-3\">\n<img decoding=\"async\" src=\"https:\/\/wm.pb.edu.pl\/cerbermotorsport\/wp-content\/uploads\/sites\/13\/2021\/01\/Jakub-Banasiewicz-v2-450x450-1.jpg\" alt=\"JAKUB BANASIEWICZ\"><\/p>\n<p><strong>JAKUB BANASIEWICZ<\/strong><br \/>\nDoradztwo technologiczne<\/p>\n<\/div>\n<div class=\"row\"><\/div>\n<div class=\"col-md-3\">\n<img decoding=\"async\" src=\"https:\/\/wm.pb.edu.pl\/cerbermotorsport\/wp-content\/uploads\/sites\/13\/2021\/01\/Dawid-Kosciuczuk.jpg\" alt=\"DAWID KO\u015aCIUCZUK\"><\/p>\n<p><strong>DAWID KO\u015aCIUCZUK<\/strong><br \/>\nKonstrukcja ramy pojazdu<\/p>\n<\/div>\n<div class=\"col-md-3\">\n<img decoding=\"async\" src=\"https:\/\/wm.pb.edu.pl\/cerbermotorsport\/wp-content\/uploads\/sites\/13\/2021\/01\/Lukasz_Stankiewicz-450x450-1.jpg\" alt=\"\u0141UKASZ STANKIEWICZ\"><\/p>\n<p><strong>\u0141UKASZ STANKIEWICZ<\/strong><br \/>\nDoradztwo technologiczne<\/p>\n<\/div>\n<div class=\"col-md-3\">\n<img decoding=\"async\" src=\"https:\/\/wm.pb.edu.pl\/cerbermotorsport\/wp-content\/uploads\/sites\/13\/2021\/01\/Damian_Mistkowski-450x450-1.jpg\" alt=\"DAMIAN MISTKOWSKI\"><\/p>\n<p><strong>DAMIAN MISTKOWSKI<\/strong><br \/>\nUk\u0142ad hamulcowy<\/p>\n<\/div>\n<div class=\"col-md-3\">\n<img decoding=\"async\" src=\"https:\/\/wm.pb.edu.pl\/cerbermotorsport\/wp-content\/uploads\/sites\/13\/2021\/01\/Grzegorz-Chilimoniuk-450x450-1.jpg\" alt=\"GRZEGORZ CHILIMONIUK\"><\/p>\n<p><strong>GRZEGORZ CHILIMONIUK<\/strong><br \/>\nProjektowanie element\u00f3w zawieszenia<\/p>\n<\/div>\n<div class=\"row\"><\/div>\n<div class=\"col-md-3\">\n<img decoding=\"async\" src=\"https:\/\/wm.pb.edu.pl\/cerbermotorsport\/wp-content\/uploads\/sites\/13\/2021\/01\/Michal_Korbut.jpg\" alt=\"MICHA\u0141 KORBUT\"><\/p>\n<p><strong>MICHA\u0141 KORBUT<\/strong><br \/>\nG\u0142\u00f3wny projektant poszycia i tw\u00f3rca pakietu aerodynamicznego<\/p>\n<\/div>\n<div class=\"col-md-3\">\n<img decoding=\"async\" src=\"https:\/\/wm.pb.edu.pl\/cerbermotorsport\/wp-content\/uploads\/sites\/13\/2021\/01\/Ewelina_Moczulska-450x450-1.jpg\" alt=\"EWELINA MOCZULSKA\"><\/p>\n<p><strong>EWELINA MOCZULSKA<\/strong><br \/>\nMarketing i kontakty prasowe<\/p>\n<\/div>\n<div class=\"col-md-3\">\n<img decoding=\"async\" src=\"https:\/\/wm.pb.edu.pl\/cerbermotorsport\/wp-content\/uploads\/sites\/13\/2021\/01\/Rafal_Rogalski-450x450-1.jpg\" alt=\"RAFA\u0141 ROGALSKI\"><\/p>\n<p><strong>RAFA\u0141 ROGALSKI<\/strong><br \/>\nElektronika pojazdu<\/p>\n<\/div>\n<div class=\"col-md-3\">\n<img decoding=\"async\" src=\"https:\/\/wm.pb.edu.pl\/cerbermotorsport\/wp-content\/uploads\/sites\/13\/2021\/01\/Bartek_Posnik-450x450-1.jpg\" alt=\"BART\u0141OMIEJ PO\u015aNIK\"><\/p>\n<p><strong>BART\u0141OMIEJ PO\u015aNIK<\/strong><br \/>\nUk\u0142ad paliwowy<\/p>\n<\/div>\n","protected":false},"excerpt":{"rendered":"","protected":false},"author":14,"featured_media":0,"parent":0,"menu_order":0,"comment_status":"closed","ping_status":"closed","template":"","meta":{"inline_featured_image":false,"ngg_post_thumbnail":0,"footnotes":""},"class_list":["post-124","page","type-page","status-publish","hentry"],"acf":[],"yoast_head":"<!-- This site is optimized with the Yoast SEO plugin v26.4 - https:\/\/yoast.com\/wordpress\/plugins\/seo\/ -->\n<title>Zesp\u00f3\u0142 CMS-03 - Cerber Motorsport - Wydzia\u0142 Mechaniczny PB<\/title>\n<meta name=\"robots\" content=\"index, follow, max-snippet:-1, max-image-preview:large, max-video-preview:-1\" \/>\n<link rel=\"canonical\" href=\"https:\/\/wm.pb.edu.pl\/cerbermotorsport\/zespol-cms-03\/\" \/>\n<meta property=\"og:locale\" content=\"pl_PL\" \/>\n<meta property=\"og:type\" content=\"article\" \/>\n<meta property=\"og:title\" content=\"Zesp\u00f3\u0142 CMS-03 - Cerber Motorsport - Wydzia\u0142 Mechaniczny PB\" \/>\n<meta property=\"og:url\" content=\"https:\/\/wm.pb.edu.pl\/cerbermotorsport\/zespol-cms-03\/\" \/>\n<meta property=\"og:site_name\" content=\"Cerber Motorsport - Wydzia\u0142 Mechaniczny PB\" \/>\n<meta property=\"article:modified_time\" content=\"2021-01-28T10:23:25+00:00\" \/>\n<meta property=\"og:image\" content=\"https:\/\/wm.pb.edu.pl\/cerbermotorsport\/wp-content\/uploads\/sites\/13\/2021\/01\/0x0-e1534784199103.jpg\" \/>\n<meta name=\"twitter:card\" content=\"summary_large_image\" \/>\n<meta name=\"twitter:label1\" content=\"Szacowany czas czytania\" \/>\n\t<meta name=\"twitter:data1\" content=\"6 minut\" \/>\n<script type=\"application\/ld+json\" class=\"yoast-schema-graph\">{\"@context\":\"https:\/\/schema.org\",\"@graph\":[{\"@type\":\"WebPage\",\"@id\":\"https:\/\/wm.pb.edu.pl\/cerbermotorsport\/zespol-cms-03\/\",\"url\":\"https:\/\/wm.pb.edu.pl\/cerbermotorsport\/zespol-cms-03\/\",\"name\":\"Zesp\u00f3\u0142 CMS-03 - Cerber Motorsport - Wydzia\u0142 Mechaniczny PB\",\"isPartOf\":{\"@id\":\"https:\/\/wm.pb.edu.pl\/cerbermotorsport\/#website\"},\"primaryImageOfPage\":{\"@id\":\"https:\/\/wm.pb.edu.pl\/cerbermotorsport\/zespol-cms-03\/#primaryimage\"},\"image\":{\"@id\":\"https:\/\/wm.pb.edu.pl\/cerbermotorsport\/zespol-cms-03\/#primaryimage\"},\"thumbnailUrl\":\"https:\/\/wm.pb.edu.pl\/cerbermotorsport\/wp-content\/uploads\/sites\/13\/2021\/01\/0x0-e1534784199103.jpg\",\"datePublished\":\"2020-11-19T13:26:21+00:00\",\"dateModified\":\"2021-01-28T10:23:25+00:00\",\"breadcrumb\":{\"@id\":\"https:\/\/wm.pb.edu.pl\/cerbermotorsport\/zespol-cms-03\/#breadcrumb\"},\"inLanguage\":\"pl-PL\",\"potentialAction\":[{\"@type\":\"ReadAction\",\"target\":[\"https:\/\/wm.pb.edu.pl\/cerbermotorsport\/zespol-cms-03\/\"]}]},{\"@type\":\"ImageObject\",\"inLanguage\":\"pl-PL\",\"@id\":\"https:\/\/wm.pb.edu.pl\/cerbermotorsport\/zespol-cms-03\/#primaryimage\",\"url\":\"https:\/\/wm.pb.edu.pl\/cerbermotorsport\/wp-content\/uploads\/sites\/13\/2021\/01\/0x0-e1534784199103.jpg\",\"contentUrl\":\"https:\/\/wm.pb.edu.pl\/cerbermotorsport\/wp-content\/uploads\/sites\/13\/2021\/01\/0x0-e1534784199103.jpg\",\"width\":960,\"height\":540,\"caption\":\"Zesp\u00f3\u0142 CMS-03\"},{\"@type\":\"BreadcrumbList\",\"@id\":\"https:\/\/wm.pb.edu.pl\/cerbermotorsport\/zespol-cms-03\/#breadcrumb\",\"itemListElement\":[{\"@type\":\"ListItem\",\"position\":1,\"name\":\"Strona g\u0142\u00f3wna\",\"item\":\"https:\/\/wm.pb.edu.pl\/cerbermotorsport\/\"},{\"@type\":\"ListItem\",\"position\":2,\"name\":\"Zesp\u00f3\u0142 CMS-03\"}]},{\"@type\":\"WebSite\",\"@id\":\"https:\/\/wm.pb.edu.pl\/cerbermotorsport\/#website\",\"url\":\"https:\/\/wm.pb.edu.pl\/cerbermotorsport\/\",\"name\":\"Cerber Motorsport - Wydzia\u0142 Mechaniczny PB\",\"description\":\"Polski zesp\u00f3\u0142 Formu\u0142y Student z Wydzia\u0142u Mechanicznego Politechniki Bia\u0142ostockiej startuj\u0105cy w mi\u0119dzynarodowych zawodach. Informacje o projektach realizowanych przez Cerber Motorsport.\",\"potentialAction\":[{\"@type\":\"SearchAction\",\"target\":{\"@type\":\"EntryPoint\",\"urlTemplate\":\"https:\/\/wm.pb.edu.pl\/cerbermotorsport\/?s={search_term_string}\"},\"query-input\":{\"@type\":\"PropertyValueSpecification\",\"valueRequired\":true,\"valueName\":\"search_term_string\"}}],\"inLanguage\":\"pl-PL\"}]}<\/script>\n<!-- \/ Yoast SEO plugin. -->","yoast_head_json":{"title":"Zesp\u00f3\u0142 CMS-03 - Cerber Motorsport - Wydzia\u0142 Mechaniczny PB","robots":{"index":"index","follow":"follow","max-snippet":"max-snippet:-1","max-image-preview":"max-image-preview:large","max-video-preview":"max-video-preview:-1"},"canonical":"https:\/\/wm.pb.edu.pl\/cerbermotorsport\/zespol-cms-03\/","og_locale":"pl_PL","og_type":"article","og_title":"Zesp\u00f3\u0142 CMS-03 - Cerber Motorsport - Wydzia\u0142 Mechaniczny PB","og_url":"https:\/\/wm.pb.edu.pl\/cerbermotorsport\/zespol-cms-03\/","og_site_name":"Cerber Motorsport - Wydzia\u0142 Mechaniczny PB","article_modified_time":"2021-01-28T10:23:25+00:00","og_image":[{"url":"https:\/\/wm.pb.edu.pl\/cerbermotorsport\/wp-content\/uploads\/sites\/13\/2021\/01\/0x0-e1534784199103.jpg","type":"","width":"","height":""}],"twitter_card":"summary_large_image","twitter_misc":{"Szacowany czas czytania":"6 minut"},"schema":{"@context":"https:\/\/schema.org","@graph":[{"@type":"WebPage","@id":"https:\/\/wm.pb.edu.pl\/cerbermotorsport\/zespol-cms-03\/","url":"https:\/\/wm.pb.edu.pl\/cerbermotorsport\/zespol-cms-03\/","name":"Zesp\u00f3\u0142 CMS-03 - Cerber Motorsport - Wydzia\u0142 Mechaniczny PB","isPartOf":{"@id":"https:\/\/wm.pb.edu.pl\/cerbermotorsport\/#website"},"primaryImageOfPage":{"@id":"https:\/\/wm.pb.edu.pl\/cerbermotorsport\/zespol-cms-03\/#primaryimage"},"image":{"@id":"https:\/\/wm.pb.edu.pl\/cerbermotorsport\/zespol-cms-03\/#primaryimage"},"thumbnailUrl":"https:\/\/wm.pb.edu.pl\/cerbermotorsport\/wp-content\/uploads\/sites\/13\/2021\/01\/0x0-e1534784199103.jpg","datePublished":"2020-11-19T13:26:21+00:00","dateModified":"2021-01-28T10:23:25+00:00","breadcrumb":{"@id":"https:\/\/wm.pb.edu.pl\/cerbermotorsport\/zespol-cms-03\/#breadcrumb"},"inLanguage":"pl-PL","potentialAction":[{"@type":"ReadAction","target":["https:\/\/wm.pb.edu.pl\/cerbermotorsport\/zespol-cms-03\/"]}]},{"@type":"ImageObject","inLanguage":"pl-PL","@id":"https:\/\/wm.pb.edu.pl\/cerbermotorsport\/zespol-cms-03\/#primaryimage","url":"https:\/\/wm.pb.edu.pl\/cerbermotorsport\/wp-content\/uploads\/sites\/13\/2021\/01\/0x0-e1534784199103.jpg","contentUrl":"https:\/\/wm.pb.edu.pl\/cerbermotorsport\/wp-content\/uploads\/sites\/13\/2021\/01\/0x0-e1534784199103.jpg","width":960,"height":540,"caption":"Zesp\u00f3\u0142 CMS-03"},{"@type":"BreadcrumbList","@id":"https:\/\/wm.pb.edu.pl\/cerbermotorsport\/zespol-cms-03\/#breadcrumb","itemListElement":[{"@type":"ListItem","position":1,"name":"Strona g\u0142\u00f3wna","item":"https:\/\/wm.pb.edu.pl\/cerbermotorsport\/"},{"@type":"ListItem","position":2,"name":"Zesp\u00f3\u0142 CMS-03"}]},{"@type":"WebSite","@id":"https:\/\/wm.pb.edu.pl\/cerbermotorsport\/#website","url":"https:\/\/wm.pb.edu.pl\/cerbermotorsport\/","name":"Cerber Motorsport - Wydzia\u0142 Mechaniczny PB","description":"Polski zesp\u00f3\u0142 Formu\u0142y Student z Wydzia\u0142u Mechanicznego Politechniki Bia\u0142ostockiej startuj\u0105cy w mi\u0119dzynarodowych zawodach. Informacje o projektach realizowanych przez Cerber Motorsport.","potentialAction":[{"@type":"SearchAction","target":{"@type":"EntryPoint","urlTemplate":"https:\/\/wm.pb.edu.pl\/cerbermotorsport\/?s={search_term_string}"},"query-input":{"@type":"PropertyValueSpecification","valueRequired":true,"valueName":"search_term_string"}}],"inLanguage":"pl-PL"}]}},"_links":{"self":[{"href":"https:\/\/wm.pb.edu.pl\/cerbermotorsport\/wp-json\/wp\/v2\/pages\/124","targetHints":{"allow":["GET"]}}],"collection":[{"href":"https:\/\/wm.pb.edu.pl\/cerbermotorsport\/wp-json\/wp\/v2\/pages"}],"about":[{"href":"https:\/\/wm.pb.edu.pl\/cerbermotorsport\/wp-json\/wp\/v2\/types\/page"}],"author":[{"embeddable":true,"href":"https:\/\/wm.pb.edu.pl\/cerbermotorsport\/wp-json\/wp\/v2\/users\/14"}],"replies":[{"embeddable":true,"href":"https:\/\/wm.pb.edu.pl\/cerbermotorsport\/wp-json\/wp\/v2\/comments?post=124"}],"version-history":[{"count":8,"href":"https:\/\/wm.pb.edu.pl\/cerbermotorsport\/wp-json\/wp\/v2\/pages\/124\/revisions"}],"predecessor-version":[{"id":532,"href":"https:\/\/wm.pb.edu.pl\/cerbermotorsport\/wp-json\/wp\/v2\/pages\/124\/revisions\/532"}],"wp:attachment":[{"href":"https:\/\/wm.pb.edu.pl\/cerbermotorsport\/wp-json\/wp\/v2\/media?parent=124"}],"curies":[{"name":"wp","href":"https:\/\/api.w.org\/{rel}","templated":true}]}}