{"id":1252,"date":"2025-09-19T17:44:46","date_gmt":"2025-09-19T15:44:46","guid":{"rendered":"https:\/\/wm.pb.edu.pl\/cerbermotorsport\/?page_id=1252"},"modified":"2025-09-22T10:47:52","modified_gmt":"2025-09-22T08:47:52","slug":"zespol-cms-10","status":"publish","type":"page","link":"https:\/\/wm.pb.edu.pl\/cerbermotorsport\/zespol-cms-10\/","title":{"rendered":"Zesp\u00f3\u0142 CMS-10"},"content":{"rendered":"<p><img loading=\"lazy\" decoding=\"async\" class=\"alignnone wp-image-1029 size-full\" src=\"https:\/\/wm.pb.edu.pl\/cerbermotorsport\/wp-content\/uploads\/sites\/13\/2025\/09\/csm10-zespol2.jpg\" alt=\"\" width=\"2048\" height=\"1364\"><\/p>\n<hr>\n<p style=\"text-align: center\"><strong><span style=\"font-size: 24pt\">KIEROWNICTWO<\/span><\/strong><\/p>\n<div class=\"row\"><\/div>\n<div class=\"col-md-4\">\n<img decoding=\"async\" src=\"https:\/\/wm.pb.edu.pl\/cerbermotorsport\/wp-content\/uploads\/sites\/13\/2021\/01\/24.png\" alt=\"Pawe\u0142 Czaban\"><br \/>\n<strong>Pawe\u0142 Czaban<\/strong><br \/>\nKoordynator Projektu<br \/>\n<\/div>\n<div class=\"col-md-4\">\n<img decoding=\"async\" src=\"https:\/\/wm.pb.edu.pl\/cerbermotorsport\/wp-content\/uploads\/sites\/13\/2021\/01\/24.png\" alt=\"Erwin Bejlik\"><br \/>\n<strong>Erwin Bejlik<\/strong><br \/>\nKoordynator Techniczny<br \/>\n<\/div>\n<div class=\"col-md-4\">\n<img decoding=\"async\" src=\"https:\/\/wm.pb.edu.pl\/cerbermotorsport\/wp-content\/uploads\/sites\/13\/2021\/01\/24.png\" alt=\"Bartosz Si\u0142kowski\"><br \/>\n<strong>Bartosz Si\u0142kowski<\/strong><br \/>\nKoordynator Projektu<br \/>\n<\/div>\n<p style=\"text-align: center\"><strong><span style=\"font-size: 24pt\">ELEKTRONIKA<\/span><\/strong><\/p>\n<div class=\"row\"><\/div>\n<div class=\"col-md-4\">\n<\/div>\n<div class=\"col-md-4\">\n<img decoding=\"async\" src=\"https:\/\/wm.pb.edu.pl\/cerbermotorsport\/wp-content\/uploads\/sites\/13\/2021\/01\/24.png\" alt=\"Mateusz Trzasko\"><br \/>\n<strong>Mateusz Trzasko<\/strong><br \/>\nKoordynator dzia\u0142u elektronika<br \/>\n<\/div>\n<div class=\"col-md-4\">\n<\/div>\n<div class=\"row\"><\/div>\n<div class=\"col-md-4\">\n<img decoding=\"async\" src=\"https:\/\/wm.pb.edu.pl\/cerbermotorsport\/wp-content\/uploads\/sites\/13\/2021\/01\/24.png\" alt=\"Micha\u0142 Niechcia\u0142kowski\"><br \/>\n<strong>Micha\u0142 Niechcia\u0142kowski<\/strong><br \/>\n<\/div>\n<div class=\"col-md-4\">\n<img decoding=\"async\" src=\"https:\/\/wm.pb.edu.pl\/cerbermotorsport\/wp-content\/uploads\/sites\/13\/2021\/01\/24.png\" alt=\"Kacper Stasiewicz\"><br \/>\n<strong>Kacper Stasiewicz<\/strong><br \/>\n<\/div>\n<div class=\"col-md-4\">\n<img decoding=\"async\" src=\"https:\/\/wm.pb.edu.pl\/cerbermotorsport\/wp-content\/uploads\/sites\/13\/2021\/01\/24.png\" alt=\"Pawe\u0142 Samluk\"><br \/>\n<strong>Pawe\u0142 Samluk<\/strong><br \/>\n<\/div>\n<p style=\"text-align: center\"><strong><span style=\"font-size: 24pt\">KONSTRUKCJA NO\u015aNA<\/span><\/strong><\/p>\n<div class=\"row\"><\/div>\n<div class=\"col-md-4\">\n<\/div>\n<div class=\"col-md-4\">\n<img decoding=\"async\" src=\"https:\/\/wm.pb.edu.pl\/cerbermotorsport\/wp-content\/uploads\/sites\/13\/2021\/01\/24.png\" alt=\"Pawe\u0142 Czaban\"><br \/>\n<strong>Pawe\u0142 Czaban<\/strong><br \/>\nKoordynator dzia\u0142u konstrukcja no\u015bna<br \/>\n<\/div>\n<div class=\"col-md-4\">\n<\/div>\n<div class=\"row\"><\/div>\n<div class=\"col-md-3\">\n<img decoding=\"async\" src=\"https:\/\/wm.pb.edu.pl\/cerbermotorsport\/wp-content\/uploads\/sites\/13\/2021\/01\/24.png\" alt=\"Erwin Bejlik\"><br \/>\n<strong>Erwin Bejlik<\/strong><br \/>\n<\/div>\n<div class=\"col-md-3\">\n<img decoding=\"async\" src=\"https:\/\/wm.pb.edu.pl\/cerbermotorsport\/wp-content\/uploads\/sites\/13\/2021\/01\/24.png\" alt=\"Bartosz Wiszowaty\"><br \/>\n<strong>Bartosz Wiszowaty<\/strong><br \/>\n<\/div>\n<div class=\"col-md-3\">\n<img decoding=\"async\" src=\"https:\/\/wm.pb.edu.pl\/cerbermotorsport\/wp-content\/uploads\/sites\/13\/2021\/01\/24.png\" alt=\"Szymon Hawrysz\"><br \/>\n<strong>Szymon Hawrysz<\/strong><br \/>\n<\/div>\n<div class=\"col-md-3\">\n<img decoding=\"async\" src=\"https:\/\/wm.pb.edu.pl\/cerbermotorsport\/wp-content\/uploads\/sites\/13\/2021\/01\/24.png\" alt=\"Jakub Michalski\"><br \/>\n<strong>Jakub Michalski<\/strong><br \/>\n<\/div>\n<p style=\"text-align: center\"><strong><span style=\"font-size: 24pt\">SILNIK I NAP\u0118D<\/span><\/strong><\/p>\n<div class=\"row\"><\/div>\n<div class=\"col-md-4\">\n<\/div>\n<div class=\"col-md-4\">\n<img decoding=\"async\" src=\"https:\/\/wm.pb.edu.pl\/cerbermotorsport\/wp-content\/uploads\/sites\/13\/2021\/01\/24.png\" alt=\"Dominik Nosowicz\"><br \/>\n<strong>Dominik Nosowicz<\/strong><br \/>\nKoordynator dzia\u0142u silnik i nap\u0119d<br \/>\n<\/div>\n<div class=\"col-md-4\">\n<\/div>\n<div class=\"row\"><\/div>\n<div class=\"col-md-4\">\n<img decoding=\"async\" src=\"https:\/\/wm.pb.edu.pl\/cerbermotorsport\/wp-content\/uploads\/sites\/13\/2021\/01\/24.png\" alt=\"Filip Pietruczuk\"><br \/>\n<strong>Filip Pietruczuk<\/strong><br \/>\n<\/div>\n<div class=\"col-md-4\">\n<img decoding=\"async\" src=\"https:\/\/wm.pb.edu.pl\/cerbermotorsport\/wp-content\/uploads\/sites\/13\/2021\/01\/24.png\" alt=\"Tomasz Rakus\"><br \/>\n<strong>Tomasz Rakus<\/strong><br \/>\n<\/div>\n<div class=\"col-md-4\">\n<img decoding=\"async\" src=\"https:\/\/wm.pb.edu.pl\/cerbermotorsport\/wp-content\/uploads\/sites\/13\/2021\/01\/24.png\" alt=\"Szymon Wasilewski\"><br \/>\n<strong>Szymon Wasilewski<\/strong><br \/>\n<\/div>\n<div class=\"row\"><\/div>\n<div class=\"col-md-4\">\n<img decoding=\"async\" src=\"https:\/\/wm.pb.edu.pl\/cerbermotorsport\/wp-content\/uploads\/sites\/13\/2021\/01\/24.png\" alt=\"Jacek \u0106wik\"><br \/>\n<strong>Jacek \u0106wik<\/strong><br \/>\n<\/div>\n<div class=\"col-md-4\">\n<img decoding=\"async\" src=\"https:\/\/wm.pb.edu.pl\/cerbermotorsport\/wp-content\/uploads\/sites\/13\/2021\/01\/24.png\" alt=\"Jakub Krutul\"><br \/>\n<strong>Jakub Krutul<\/strong><br \/>\n<\/div>\n<div class=\"col-md-4\">\n<img decoding=\"async\" src=\"https:\/\/wm.pb.edu.pl\/cerbermotorsport\/wp-content\/uploads\/sites\/13\/2021\/01\/24.png\" alt=\"Ala Sk\u0142adanek\"><br \/>\n<strong>Ala Sk\u0142adanek<\/strong><br \/>\n<\/div>\n<p style=\"text-align: center\"><strong><span style=\"font-size: 24pt\">ZAWIESZENIE<\/span><\/strong><\/p>\n<div class=\"row\"><\/div>\n<div class=\"col-md-4\">\n<\/div>\n<div class=\"col-md-4\">\n<img decoding=\"async\" src=\"https:\/\/wm.pb.edu.pl\/cerbermotorsport\/wp-content\/uploads\/sites\/13\/2021\/01\/24.png\" alt=\"Bartosz Si\u0142kowski\"><br \/>\n<strong>Bartosz Si\u0142kowski<\/strong><br \/>\nKoordynator dzia\u0142u zawieszenie<br \/>\n<\/div>\n<div class=\"col-md-4\">\n<\/div>\n<div class=\"row\"><\/div>\n<div class=\"col-md-4\">\n<img decoding=\"async\" src=\"https:\/\/wm.pb.edu.pl\/cerbermotorsport\/wp-content\/uploads\/sites\/13\/2021\/01\/24.png\" alt=\"Piotr Cywoniuk\"><br \/>\n<strong>Piotr Cywoniuk<\/strong><br \/>\n<\/div>\n<div class=\"col-md-4\">\n<img decoding=\"async\" src=\"https:\/\/wm.pb.edu.pl\/cerbermotorsport\/wp-content\/uploads\/sites\/13\/2021\/01\/24.png\" alt=\"Szymon Pruszko\"><br \/>\n<strong>Szymon Pruszko<\/strong><br \/>\n<\/div>\n<div class=\"col-md-4\">\n<img decoding=\"async\" src=\"https:\/\/wm.pb.edu.pl\/cerbermotorsport\/wp-content\/uploads\/sites\/13\/2021\/01\/24.png\" alt=\"Albert Zawadzki\"><br \/>\n<strong>Albert Zawadzki<\/strong><br \/>\n<\/div>\n<p style=\"text-align: center\"><strong><span style=\"font-size: 24pt\">MARKETING<\/span><\/strong><\/p>\n<div class=\"row\"><\/div>\n<div class=\"col-md-4\">\n<\/div>\n<div class=\"col-md-4\">\n<img decoding=\"async\" src=\"https:\/\/wm.pb.edu.pl\/cerbermotorsport\/wp-content\/uploads\/sites\/13\/2021\/01\/24.png\" alt=\"Anna Tokarewicz\"><br \/>\n<strong>Anna Tokarewicz<\/strong><br \/>\nKoordynator dzia\u0142u marketing<br \/>\n<\/div>\n<div class=\"col-md-4\">\n<\/div>\n<div class=\"row\"><\/div>\n<div class=\"col-md-4\">\n<img decoding=\"async\" src=\"https:\/\/wm.pb.edu.pl\/cerbermotorsport\/wp-content\/uploads\/sites\/13\/2021\/01\/24.png\" alt=\"Anna Karczewska\"><br \/>\n<strong>Anna Karczewska<\/strong><br \/>\n<\/div>\n<div class=\"col-md-4\">\n<img decoding=\"async\" src=\"https:\/\/wm.pb.edu.pl\/cerbermotorsport\/wp-content\/uploads\/sites\/13\/2021\/01\/24.png\" alt=\"Kamil Pracki\"><br \/>\n<strong>Kamil Pracki<\/strong><br \/>\n<\/div>\n<div class=\"col-md-4\">\n<img decoding=\"async\" src=\"https:\/\/wm.pb.edu.pl\/cerbermotorsport\/wp-content\/uploads\/sites\/13\/2021\/01\/24.png\" alt=\"Miko\u0142aj Iwanowski\"><br \/>\n<strong>Miko\u0142aj Iwanowski<\/strong><br \/>\n<\/div>\n<p style=\"text-align: center\"><strong><span style=\"font-size: 24pt\">AERODYNAMIKA<\/span><\/strong><\/p>\n<div class=\"row\"><\/div>\n<div class=\"col-md-4\">\n<\/div>\n<div class=\"col-md-4\">\n<img decoding=\"async\" src=\"https:\/\/wm.pb.edu.pl\/cerbermotorsport\/wp-content\/uploads\/sites\/13\/2021\/01\/24.png\" alt=\"Mi\u0142osz Milewski\"><br \/>\n<strong>Mi\u0142osz Milewski<\/strong><br \/>\nKoordynator dzia\u0142u aerodynamika<br \/>\n<\/div>\n<div class=\"col-md-4\">\n<\/div>\n<div class=\"row\"><\/div>\n<div class=\"col-md-4\">\n<\/div>\n<div class=\"col-md-4\">\n<img decoding=\"async\" src=\"https:\/\/wm.pb.edu.pl\/cerbermotorsport\/wp-content\/uploads\/sites\/13\/2021\/01\/24.png\" alt=\"Bart\u0142omiej Milewski\"><br \/>\n<strong>Bart\u0142omiej Milewski<\/strong><br \/>\n<\/div>\n<div class=\"col-md-4\">\n<\/div>\n","protected":false},"excerpt":{"rendered":"<p>KIEROWNICTWO ELEKTRONIKA KONSTRUKCJA NO\u015aNA SILNIK I NAP\u0118D ZAWIESZENIE MARKETING AERODYNAMIKA<\/p>\n","protected":false},"author":121,"featured_media":0,"parent":0,"menu_order":0,"comment_status":"closed","ping_status":"closed","template":"","meta":{"inline_featured_image":false,"ngg_post_thumbnail":0,"footnotes":""},"class_list":["post-1252","page","type-page","status-publish","hentry"],"acf":[],"yoast_head":"<!-- This site is optimized with the Yoast SEO plugin v26.4 - https:\/\/yoast.com\/wordpress\/plugins\/seo\/ -->\n<title>Zesp\u00f3\u0142 CMS-10 - Cerber Motorsport - Wydzia\u0142 Mechaniczny PB<\/title>\n<meta name=\"robots\" content=\"index, follow, max-snippet:-1, max-image-preview:large, max-video-preview:-1\" \/>\n<link rel=\"canonical\" href=\"https:\/\/wm.pb.edu.pl\/cerbermotorsport\/zespol-cms-10\/\" \/>\n<meta property=\"og:locale\" content=\"pl_PL\" \/>\n<meta property=\"og:type\" content=\"article\" \/>\n<meta property=\"og:title\" content=\"Zesp\u00f3\u0142 CMS-10 - Cerber Motorsport - Wydzia\u0142 Mechaniczny PB\" \/>\n<meta property=\"og:description\" content=\"KIEROWNICTWO ELEKTRONIKA KONSTRUKCJA NO\u015aNA SILNIK I NAP\u0118D ZAWIESZENIE MARKETING AERODYNAMIKA\" \/>\n<meta property=\"og:url\" content=\"https:\/\/wm.pb.edu.pl\/cerbermotorsport\/zespol-cms-10\/\" \/>\n<meta property=\"og:site_name\" content=\"Cerber Motorsport - Wydzia\u0142 Mechaniczny PB\" \/>\n<meta property=\"article:modified_time\" content=\"2025-09-22T08:47:52+00:00\" \/>\n<meta property=\"og:image\" content=\"https:\/\/wm.pb.edu.pl\/cerbermotorsport\/wp-content\/uploads\/sites\/13\/2024\/11\/226244243_225373982922995_2507403449885161655_n-4.jpg\" \/>\n\t<meta property=\"og:image:width\" content=\"2048\" \/>\n\t<meta property=\"og:image:height\" content=\"1364\" \/>\n\t<meta property=\"og:image:type\" content=\"image\/jpeg\" \/>\n<meta name=\"twitter:card\" content=\"summary_large_image\" \/>\n<meta name=\"twitter:label1\" content=\"Szacowany czas czytania\" \/>\n\t<meta name=\"twitter:data1\" content=\"8 minut\" \/>\n<script type=\"application\/ld+json\" class=\"yoast-schema-graph\">{\"@context\":\"https:\/\/schema.org\",\"@graph\":[{\"@type\":\"WebPage\",\"@id\":\"https:\/\/wm.pb.edu.pl\/cerbermotorsport\/zespol-cms-10\/\",\"url\":\"https:\/\/wm.pb.edu.pl\/cerbermotorsport\/zespol-cms-10\/\",\"name\":\"Zesp\u00f3\u0142 CMS-10 - Cerber Motorsport - Wydzia\u0142 Mechaniczny PB\",\"isPartOf\":{\"@id\":\"https:\/\/wm.pb.edu.pl\/cerbermotorsport\/#website\"},\"primaryImageOfPage\":{\"@id\":\"https:\/\/wm.pb.edu.pl\/cerbermotorsport\/zespol-cms-10\/#primaryimage\"},\"image\":{\"@id\":\"https:\/\/wm.pb.edu.pl\/cerbermotorsport\/zespol-cms-10\/#primaryimage\"},\"thumbnailUrl\":\"https:\/\/wm.pb.edu.pl\/cerbermotorsport\/wp-content\/uploads\/sites\/13\/2025\/09\/csm10-zespol2.jpg\",\"datePublished\":\"2025-09-19T15:44:46+00:00\",\"dateModified\":\"2025-09-22T08:47:52+00:00\",\"breadcrumb\":{\"@id\":\"https:\/\/wm.pb.edu.pl\/cerbermotorsport\/zespol-cms-10\/#breadcrumb\"},\"inLanguage\":\"pl-PL\",\"potentialAction\":[{\"@type\":\"ReadAction\",\"target\":[\"https:\/\/wm.pb.edu.pl\/cerbermotorsport\/zespol-cms-10\/\"]}]},{\"@type\":\"ImageObject\",\"inLanguage\":\"pl-PL\",\"@id\":\"https:\/\/wm.pb.edu.pl\/cerbermotorsport\/zespol-cms-10\/#primaryimage\",\"url\":\"https:\/\/wm.pb.edu.pl\/cerbermotorsport\/wp-content\/uploads\/sites\/13\/2024\/11\/226244243_225373982922995_2507403449885161655_n-4.jpg\",\"contentUrl\":\"https:\/\/wm.pb.edu.pl\/cerbermotorsport\/wp-content\/uploads\/sites\/13\/2024\/11\/226244243_225373982922995_2507403449885161655_n-4.jpg\",\"width\":2048,\"height\":1364},{\"@type\":\"BreadcrumbList\",\"@id\":\"https:\/\/wm.pb.edu.pl\/cerbermotorsport\/zespol-cms-10\/#breadcrumb\",\"itemListElement\":[{\"@type\":\"ListItem\",\"position\":1,\"name\":\"Strona g\u0142\u00f3wna\",\"item\":\"https:\/\/wm.pb.edu.pl\/cerbermotorsport\/\"},{\"@type\":\"ListItem\",\"position\":2,\"name\":\"Zesp\u00f3\u0142 CMS-10\"}]},{\"@type\":\"WebSite\",\"@id\":\"https:\/\/wm.pb.edu.pl\/cerbermotorsport\/#website\",\"url\":\"https:\/\/wm.pb.edu.pl\/cerbermotorsport\/\",\"name\":\"Cerber Motorsport - Wydzia\u0142 Mechaniczny PB\",\"description\":\"Polski zesp\u00f3\u0142 Formu\u0142y Student z Wydzia\u0142u Mechanicznego Politechniki Bia\u0142ostockiej startuj\u0105cy w mi\u0119dzynarodowych zawodach. Informacje o projektach realizowanych przez Cerber Motorsport.\",\"potentialAction\":[{\"@type\":\"SearchAction\",\"target\":{\"@type\":\"EntryPoint\",\"urlTemplate\":\"https:\/\/wm.pb.edu.pl\/cerbermotorsport\/?s={search_term_string}\"},\"query-input\":{\"@type\":\"PropertyValueSpecification\",\"valueRequired\":true,\"valueName\":\"search_term_string\"}}],\"inLanguage\":\"pl-PL\"}]}<\/script>\n<!-- \/ Yoast SEO plugin. -->","yoast_head_json":{"title":"Zesp\u00f3\u0142 CMS-10 - Cerber Motorsport - Wydzia\u0142 Mechaniczny PB","robots":{"index":"index","follow":"follow","max-snippet":"max-snippet:-1","max-image-preview":"max-image-preview:large","max-video-preview":"max-video-preview:-1"},"canonical":"https:\/\/wm.pb.edu.pl\/cerbermotorsport\/zespol-cms-10\/","og_locale":"pl_PL","og_type":"article","og_title":"Zesp\u00f3\u0142 CMS-10 - Cerber Motorsport - Wydzia\u0142 Mechaniczny PB","og_description":"KIEROWNICTWO ELEKTRONIKA KONSTRUKCJA NO\u015aNA SILNIK I NAP\u0118D ZAWIESZENIE MARKETING AERODYNAMIKA","og_url":"https:\/\/wm.pb.edu.pl\/cerbermotorsport\/zespol-cms-10\/","og_site_name":"Cerber Motorsport - Wydzia\u0142 Mechaniczny PB","article_modified_time":"2025-09-22T08:47:52+00:00","og_image":[{"width":2048,"height":1364,"url":"https:\/\/wm.pb.edu.pl\/cerbermotorsport\/wp-content\/uploads\/sites\/13\/2024\/11\/226244243_225373982922995_2507403449885161655_n-4.jpg","type":"image\/jpeg"}],"twitter_card":"summary_large_image","twitter_misc":{"Szacowany czas czytania":"8 minut"},"schema":{"@context":"https:\/\/schema.org","@graph":[{"@type":"WebPage","@id":"https:\/\/wm.pb.edu.pl\/cerbermotorsport\/zespol-cms-10\/","url":"https:\/\/wm.pb.edu.pl\/cerbermotorsport\/zespol-cms-10\/","name":"Zesp\u00f3\u0142 CMS-10 - Cerber Motorsport - Wydzia\u0142 Mechaniczny PB","isPartOf":{"@id":"https:\/\/wm.pb.edu.pl\/cerbermotorsport\/#website"},"primaryImageOfPage":{"@id":"https:\/\/wm.pb.edu.pl\/cerbermotorsport\/zespol-cms-10\/#primaryimage"},"image":{"@id":"https:\/\/wm.pb.edu.pl\/cerbermotorsport\/zespol-cms-10\/#primaryimage"},"thumbnailUrl":"https:\/\/wm.pb.edu.pl\/cerbermotorsport\/wp-content\/uploads\/sites\/13\/2025\/09\/csm10-zespol2.jpg","datePublished":"2025-09-19T15:44:46+00:00","dateModified":"2025-09-22T08:47:52+00:00","breadcrumb":{"@id":"https:\/\/wm.pb.edu.pl\/cerbermotorsport\/zespol-cms-10\/#breadcrumb"},"inLanguage":"pl-PL","potentialAction":[{"@type":"ReadAction","target":["https:\/\/wm.pb.edu.pl\/cerbermotorsport\/zespol-cms-10\/"]}]},{"@type":"ImageObject","inLanguage":"pl-PL","@id":"https:\/\/wm.pb.edu.pl\/cerbermotorsport\/zespol-cms-10\/#primaryimage","url":"https:\/\/wm.pb.edu.pl\/cerbermotorsport\/wp-content\/uploads\/sites\/13\/2024\/11\/226244243_225373982922995_2507403449885161655_n-4.jpg","contentUrl":"https:\/\/wm.pb.edu.pl\/cerbermotorsport\/wp-content\/uploads\/sites\/13\/2024\/11\/226244243_225373982922995_2507403449885161655_n-4.jpg","width":2048,"height":1364},{"@type":"BreadcrumbList","@id":"https:\/\/wm.pb.edu.pl\/cerbermotorsport\/zespol-cms-10\/#breadcrumb","itemListElement":[{"@type":"ListItem","position":1,"name":"Strona g\u0142\u00f3wna","item":"https:\/\/wm.pb.edu.pl\/cerbermotorsport\/"},{"@type":"ListItem","position":2,"name":"Zesp\u00f3\u0142 CMS-10"}]},{"@type":"WebSite","@id":"https:\/\/wm.pb.edu.pl\/cerbermotorsport\/#website","url":"https:\/\/wm.pb.edu.pl\/cerbermotorsport\/","name":"Cerber Motorsport - Wydzia\u0142 Mechaniczny PB","description":"Polski zesp\u00f3\u0142 Formu\u0142y Student z Wydzia\u0142u Mechanicznego Politechniki Bia\u0142ostockiej startuj\u0105cy w mi\u0119dzynarodowych zawodach. Informacje o projektach realizowanych przez Cerber Motorsport.","potentialAction":[{"@type":"SearchAction","target":{"@type":"EntryPoint","urlTemplate":"https:\/\/wm.pb.edu.pl\/cerbermotorsport\/?s={search_term_string}"},"query-input":{"@type":"PropertyValueSpecification","valueRequired":true,"valueName":"search_term_string"}}],"inLanguage":"pl-PL"}]}},"_links":{"self":[{"href":"https:\/\/wm.pb.edu.pl\/cerbermotorsport\/wp-json\/wp\/v2\/pages\/1252","targetHints":{"allow":["GET"]}}],"collection":[{"href":"https:\/\/wm.pb.edu.pl\/cerbermotorsport\/wp-json\/wp\/v2\/pages"}],"about":[{"href":"https:\/\/wm.pb.edu.pl\/cerbermotorsport\/wp-json\/wp\/v2\/types\/page"}],"author":[{"embeddable":true,"href":"https:\/\/wm.pb.edu.pl\/cerbermotorsport\/wp-json\/wp\/v2\/users\/121"}],"replies":[{"embeddable":true,"href":"https:\/\/wm.pb.edu.pl\/cerbermotorsport\/wp-json\/wp\/v2\/comments?post=1252"}],"version-history":[{"count":43,"href":"https:\/\/wm.pb.edu.pl\/cerbermotorsport\/wp-json\/wp\/v2\/pages\/1252\/revisions"}],"predecessor-version":[{"id":1298,"href":"https:\/\/wm.pb.edu.pl\/cerbermotorsport\/wp-json\/wp\/v2\/pages\/1252\/revisions\/1298"}],"wp:attachment":[{"href":"https:\/\/wm.pb.edu.pl\/cerbermotorsport\/wp-json\/wp\/v2\/media?parent=1252"}],"curies":[{"name":"wp","href":"https:\/\/api.w.org\/{rel}","templated":true}]}}