{"id":126,"date":"2020-11-19T14:26:28","date_gmt":"2020-11-19T13:26:28","guid":{"rendered":"https:\/\/wm.pb.edu.pl\/cerber\/?page_id=126"},"modified":"2021-01-28T11:53:50","modified_gmt":"2021-01-28T10:53:50","slug":"zespol-cms-04","status":"publish","type":"page","link":"https:\/\/wm.pb.edu.pl\/cerbermotorsport\/zespol-cms-04\/","title":{"rendered":"Zesp\u00f3\u0142 CMS-04"},"content":{"rendered":"<p><img loading=\"lazy\" decoding=\"async\" class=\"aligncenter wp-image-531 size-full\" src=\"https:\/\/wm.pb.edu.pl\/cerbermotorsport\/wp-content\/uploads\/sites\/13\/2021\/01\/Cerber-Motorsport-e1534784177519.jpg\" alt=\"Zesp\u00f3\u0142 CMS-04\" width=\"800\" height=\"450\" srcset=\"https:\/\/wm.pb.edu.pl\/cerbermotorsport\/wp-content\/uploads\/sites\/13\/2021\/01\/Cerber-Motorsport-e1534784177519.jpg 800w, https:\/\/wm.pb.edu.pl\/cerbermotorsport\/wp-content\/uploads\/sites\/13\/2021\/01\/Cerber-Motorsport-e1534784177519-300x169.jpg 300w, https:\/\/wm.pb.edu.pl\/cerbermotorsport\/wp-content\/uploads\/sites\/13\/2021\/01\/Cerber-Motorsport-e1534784177519-768x432.jpg 768w\" sizes=\"auto, (max-width: 800px) 100vw, 800px\" \/><\/p>\n<hr>\n<div class=\"row\"><\/div>\n<div class=\"col-md-3\">\n<img decoding=\"async\" src=\"https:\/\/wm.pb.edu.pl\/cerbermotorsport\/wp-content\/uploads\/sites\/13\/2021\/01\/24.png\" alt=\"Dariusz Szmur\u0142o\"><\/p>\n<p><strong>Dariusz Szmur\u0142o<\/strong><br \/>koordynator organizacyjny projektu<\/p>\n<\/div>\n<div class=\"col-md-3\">\n<img decoding=\"async\" src=\"https:\/\/wm.pb.edu.pl\/cerbermotorsport\/wp-content\/uploads\/sites\/13\/2021\/01\/17.png\" alt=\"Wojciech Lebiedzi\u0144ski\"><\/p>\n<p><strong>Wojciech Lebiedzi\u0144ski<\/strong><br \/>koordynator techniczny projektu<\/p>\n<\/div>\n<div class=\"col-md-3\">\n<img decoding=\"async\" src=\"https:\/\/wm.pb.edu.pl\/cerbermotorsport\/wp-content\/uploads\/sites\/13\/2021\/01\/12.png\" alt=\"Ewelina Moczulska\"><\/p>\n<p><strong>Ewelina Moczulska<\/strong><br \/>koordynator dzia\u0142u Marketing<\/p>\n<\/div>\n<div class=\"col-md-3\">\n<img decoding=\"async\" src=\"https:\/\/wm.pb.edu.pl\/cerbermotorsport\/wp-content\/uploads\/sites\/13\/2021\/01\/22.png\" alt=\"Grzegorz Chilimoniuk\"><\/p>\n<p><strong>Grzegorz Chilimoniuk<\/strong><br \/>koordynator dzia\u0142u podwozia<\/p>\n<\/div>\n<div class=\"row\"><\/div>\n<div class=\"col-md-3\">\n<img decoding=\"async\" src=\"https:\/\/wm.pb.edu.pl\/cerbermotorsport\/wp-content\/uploads\/sites\/13\/2021\/01\/19.png\" alt=\"\u0141ukasz Kosakowski\"><\/p>\n<p><strong>\u0141ukasz Kosakowski<\/strong><br \/>dzia\u0142 Rozwoju Technologii, obliczenia numeryczne<\/p>\n<\/div>\n<div class=\"col-md-3\">\n<img decoding=\"async\" src=\"https:\/\/wm.pb.edu.pl\/cerbermotorsport\/wp-content\/uploads\/sites\/13\/2021\/01\/23.png\" alt=\"Daniel Woronowicz\"><\/p>\n<p><strong>Daniel Woronowicz<\/strong><br \/>koordynator dzia\u0142u Pneumatyka i Elektronika<\/p>\n<\/div>\n<div class=\"col-md-3\">\n<img decoding=\"async\" src=\"https:\/\/wm.pb.edu.pl\/cerbermotorsport\/wp-content\/uploads\/sites\/13\/2021\/01\/20.png\" alt=\"Micha\u0142 Radziszewski\"><\/p>\n<p><strong>Micha\u0142 Radziszewski<\/strong><br \/>projektowanie pakietu aerodynamicznego<\/p>\n<\/div>\n<div class=\"col-md-3\">\n<img decoding=\"async\" src=\"https:\/\/wm.pb.edu.pl\/cerbermotorsport\/wp-content\/uploads\/sites\/13\/2021\/01\/21.png\" alt=\"Mariusz Frankowski\"><\/p>\n<p><strong>Mariusz Frankowski<\/strong><br \/>uk\u0142ad ch\u0142odzenia silnika, kierowca<\/p>\n<\/div>\n<div class=\"row\"><\/div>\n<div class=\"col-md-3\">\n<img decoding=\"async\" src=\"https:\/\/wm.pb.edu.pl\/cerbermotorsport\/wp-content\/uploads\/sites\/13\/2021\/01\/18.png\" alt=\"Konrad Panas\"><\/p>\n<p><strong>Konrad Panas<\/strong><br \/>uk\u0142ad smarowania silnika, uk\u0142ad paliwowy<\/p>\n<\/div>\n<div class=\"col-md-3\">\n<img decoding=\"async\" src=\"https:\/\/wm.pb.edu.pl\/cerbermotorsport\/wp-content\/uploads\/sites\/13\/2021\/01\/16.png\" alt=\"Piotr Sacharczuk\"><\/p>\n<p><strong>Piotr Sacharczuk<\/strong><br \/>zawieszenie i dynamika pojazdu, kierowca<\/p>\n<\/div>\n<div class=\"col-md-3\">\n<img decoding=\"async\" src=\"https:\/\/wm.pb.edu.pl\/cerbermotorsport\/wp-content\/uploads\/sites\/13\/2021\/01\/15.png\" alt=\"Arkadiusz Grygoruk\"><\/p>\n<p><strong>Arkadiusz Grygoruk<\/strong><br \/>projektowanie pakietu aerodynamicznego, kierowca<\/p>\n<\/div>\n<div class=\"col-md-3\">\n<img decoding=\"async\" src=\"https:\/\/wm.pb.edu.pl\/cerbermotorsport\/wp-content\/uploads\/sites\/13\/2021\/01\/14.png\" alt=\"Piotr Filipek\"><\/p>\n<p><strong>Piotr Filipek<\/strong><br \/>projekt element\u00f3w zawieszenia<\/p>\n<\/div>\n<div class=\"row\"><\/div>\n<div class=\"col-md-3\">\n<img decoding=\"async\" src=\"https:\/\/wm.pb.edu.pl\/cerbermotorsport\/wp-content\/uploads\/sites\/13\/2021\/01\/13.png\" alt=\"Maciej Siergiejew\"><\/p>\n<p><strong>Maciej Siergiejew<\/strong><br \/>konstrukcja ramy pojazdu<\/p>\n<\/div>\n<div class=\"col-md-3\">\n<img decoding=\"async\" src=\"https:\/\/wm.pb.edu.pl\/cerbermotorsport\/wp-content\/uploads\/sites\/13\/2021\/01\/11.png\" alt=\"Daniela Koronkiewicz\"><\/p>\n<p><strong>Daniela Koronkiewicz<\/strong><br \/>marketing, kontakt z pras\u0105, prezentacja biznesowa<\/p>\n<\/div>\n<div class=\"col-md-3\">\n<img decoding=\"async\" src=\"https:\/\/wm.pb.edu.pl\/cerbermotorsport\/wp-content\/uploads\/sites\/13\/2021\/01\/10.png\" alt=\"Magdalena Wierzbicka\"><\/p>\n<p><strong>Magdalena Wierzbicka<\/strong><br \/>marketing, prezentacja biznesowa<\/p>\n<\/div>\n<div class=\"col-md-3\">\n<img decoding=\"async\" src=\"https:\/\/wm.pb.edu.pl\/cerbermotorsport\/wp-content\/uploads\/sites\/13\/2021\/01\/9.png\" alt=\"Jakub Snarski\"><\/p>\n<p><strong>Jakub Snarski<\/strong><br \/>silnik i nap\u0119d<\/p>\n<\/div>\n<div class=\"row\"><\/div>\n<div class=\"col-md-3\">\n<img decoding=\"async\" src=\"https:\/\/wm.pb.edu.pl\/cerbermotorsport\/wp-content\/uploads\/sites\/13\/2021\/01\/8.png\" alt=\"Konstantin U\u0142aszczyk\"><\/p>\n<p><strong>Konstantin U\u0142aszczyk<\/strong><br \/>pneumatyka i elektronika<\/p>\n<\/div>\n<div class=\"col-md-3\">\n<img decoding=\"async\" src=\"https:\/\/wm.pb.edu.pl\/cerbermotorsport\/wp-content\/uploads\/sites\/13\/2021\/01\/7.png\" alt=\"Kacper Zi\u00f3\u0142kowski\"><\/p>\n<p><strong>Kacper Zi\u00f3\u0142kowski<\/strong><br \/>koordynator dzia\u0142u Aerodynamika i Kompozyty<\/p>\n<\/div>\n<div class=\"col-md-3\">\n<img decoding=\"async\" src=\"https:\/\/wm.pb.edu.pl\/cerbermotorsport\/wp-content\/uploads\/sites\/13\/2021\/01\/6.png\" alt=\"Micha\u0142 \u0141opato\"><\/p>\n<p><strong>Micha\u0142 \u0141opato<\/strong><br \/>uk\u0142ad przeniesienia nap\u0119du<\/p>\n<\/div>\n<div class=\"col-md-3\">\n<img decoding=\"async\" src=\"https:\/\/wm.pb.edu.pl\/cerbermotorsport\/wp-content\/uploads\/sites\/13\/2021\/01\/5.png\" alt=\"Miko\u0142aj Grabowski\"><\/p>\n<p><strong>Miko\u0142aj Grabowski<\/strong><br \/>pneumatyka i elektronika<\/p>\n<\/div>\n<div class=\"row\"><\/div>\n<div class=\"col-md-3\">\n<img decoding=\"async\" src=\"https:\/\/wm.pb.edu.pl\/cerbermotorsport\/wp-content\/uploads\/sites\/13\/2021\/01\/4.png\" alt=\"Jakub Szymski\"><\/p>\n<p><strong>Jakub Szymski<\/strong><br \/>pneumatyka i elektronika<\/p>\n<\/div>\n<div class=\"col-md-3\">\n<img decoding=\"async\" src=\"https:\/\/wm.pb.edu.pl\/cerbermotorsport\/wp-content\/uploads\/sites\/13\/2021\/01\/3.png\" alt=\"Rafa\u0142 Herbut\"><\/p>\n<p><strong>Rafa\u0142 Herbut<\/strong><br \/>pneumatyka i elektronika<\/p>\n<\/div>\n<div class=\"col-md-3\">\n<img decoding=\"async\" src=\"https:\/\/wm.pb.edu.pl\/cerbermotorsport\/wp-content\/uploads\/sites\/13\/2021\/01\/2.png\" alt=\"Daniel Kamieniecki\"><\/p>\n<p><strong>Daniel Kamieniecki<\/strong><br \/>pneumatyka i elektronika<\/p>\n<\/div>\n<div class=\"col-md-3\">\n<img decoding=\"async\" src=\"https:\/\/wm.pb.edu.pl\/cerbermotorsport\/wp-content\/uploads\/sites\/13\/2021\/01\/1.png\" alt=\"Jan Sierakowski\"><\/p>\n<p><strong>Jan Sierakowski<\/strong><br \/>pneumatyka i elektronika<\/p>\n<\/div>\n<div class=\"row\"><\/div>\n<div class=\"col-md-3\">\n<img decoding=\"async\" src=\"https:\/\/wm.pb.edu.pl\/cerbermotorsport\/wp-content\/uploads\/sites\/13\/2021\/01\/24.png\" alt=\"Marek Ustymowicz\"><\/p>\n<p><strong>Marek Ustymowicz<\/strong><br \/>pneumatyka i elektronika<\/p>\n<\/div>\n<div class=\"col-md-3\">\n<img decoding=\"async\" src=\"https:\/\/wm.pb.edu.pl\/cerbermotorsport\/wp-content\/uploads\/sites\/13\/2021\/01\/24.png\" alt=\"Piotr Falkowski\"><\/p>\n<p><strong>Piotr Falkowski<\/strong><br \/>uk\u0142ad hamulcowy<\/p>\n<\/div>\n<div class=\"col-md-3\">\n<img decoding=\"async\" src=\"https:\/\/wm.pb.edu.pl\/cerbermotorsport\/wp-content\/uploads\/sites\/13\/2021\/01\/24.png\" alt=\"\u0141ukasz Zienkiewicz\"><\/p>\n<p><strong>\u0141ukasz Zienkiewicz<\/strong><br \/>telemetria i programowanie<\/p>\n<\/div>\n<div class=\"col-md-3\">\n<img decoding=\"async\" src=\"https:\/\/wm.pb.edu.pl\/cerbermotorsport\/wp-content\/uploads\/sites\/13\/2021\/01\/24.png\" alt=\"Adam Wieczorek\"><\/p>\n<p><strong>Adam Wieczorek<\/strong><br \/>pneumatyka i elektronika<\/p>\n<\/div>\n<div class=\"row\"><\/div>\n<div class=\"col-md-3\">\n<img decoding=\"async\" src=\"https:\/\/wm.pb.edu.pl\/cerbermotorsport\/wp-content\/uploads\/sites\/13\/2021\/01\/24.png\" alt=\"Rafa\u0142 Rogalski\"><\/p>\n<p><strong>Rafa\u0142 Rogalski<\/strong><br \/>System akwizycji danych<\/p>\n<\/div>\n<div class=\"col-md-3\">\n<img decoding=\"async\" src=\"https:\/\/wm.pb.edu.pl\/cerbermotorsport\/wp-content\/uploads\/sites\/13\/2021\/01\/24.png\" alt=\"Marcin Milewski\"><\/p>\n<p><strong>Marcin Milewski<\/strong><br \/>konstrukcja ramy pojazdu<\/p>\n<\/div>\n<div class=\"col-md-3\">\n<img decoding=\"async\" src=\"https:\/\/wm.pb.edu.pl\/cerbermotorsport\/wp-content\/uploads\/sites\/13\/2021\/01\/24.png\" alt=\"B\u0142a\u017cej Gajda\"><\/p>\n<p><strong>BART\u0141OMIEJ PO\u015aNIK<\/strong><br \/>pneumatyka i Elektronika<\/p>\n<\/div>\n<div class=\"col-md-3\">\n<img decoding=\"async\" src=\"https:\/\/wm.pb.edu.pl\/cerbermotorsport\/wp-content\/uploads\/sites\/13\/2021\/01\/24.png\" alt=\"Dawid Ko\u015bciuczuk\"><\/p>\n<p><strong>Dawid Ko\u015bciuczuk<\/strong><br \/>silnik i nap\u0119d, uk\u0142ad dolotowy<\/p>\n<\/div>\n<div class=\"row\"><\/div>\n<div class=\"col-md-12\">\n<img decoding=\"async\" src=\"https:\/\/wm.pb.edu.pl\/cerbermotorsport\/wp-content\/uploads\/sites\/13\/2021\/01\/24.png\" alt=\"\u0141ukasz Wieleszczyk\"><\/p>\n<p><strong>\u0141ukasz Wieleszczyk<\/strong><br \/>koordynator dzia\u0142u silnik i nap\u0119d<\/p>\n<\/div>\n","protected":false},"excerpt":{"rendered":"","protected":false},"author":14,"featured_media":0,"parent":0,"menu_order":0,"comment_status":"closed","ping_status":"closed","template":"","meta":{"inline_featured_image":false,"ngg_post_thumbnail":0,"footnotes":""},"class_list":["post-126","page","type-page","status-publish","hentry"],"acf":[],"yoast_head":"<!-- This site is optimized with the Yoast SEO plugin v26.4 - https:\/\/yoast.com\/wordpress\/plugins\/seo\/ -->\n<title>Zesp\u00f3\u0142 CMS-04 - Cerber Motorsport - Wydzia\u0142 Mechaniczny PB<\/title>\n<meta name=\"robots\" content=\"index, follow, max-snippet:-1, max-image-preview:large, max-video-preview:-1\" \/>\n<link rel=\"canonical\" href=\"https:\/\/wm.pb.edu.pl\/cerbermotorsport\/zespol-cms-04\/\" \/>\n<meta property=\"og:locale\" content=\"pl_PL\" \/>\n<meta property=\"og:type\" content=\"article\" \/>\n<meta property=\"og:title\" content=\"Zesp\u00f3\u0142 CMS-04 - Cerber Motorsport - Wydzia\u0142 Mechaniczny PB\" \/>\n<meta property=\"og:url\" content=\"https:\/\/wm.pb.edu.pl\/cerbermotorsport\/zespol-cms-04\/\" \/>\n<meta property=\"og:site_name\" content=\"Cerber Motorsport - Wydzia\u0142 Mechaniczny PB\" \/>\n<meta property=\"article:modified_time\" content=\"2021-01-28T10:53:50+00:00\" \/>\n<meta property=\"og:image\" content=\"https:\/\/wm.pb.edu.pl\/cerbermotorsport\/wp-content\/uploads\/sites\/13\/2021\/01\/Cerber-Motorsport-e1534784177519.jpg\" \/>\n<meta name=\"twitter:card\" content=\"summary_large_image\" \/>\n<meta name=\"twitter:label1\" content=\"Szacowany czas czytania\" \/>\n\t<meta name=\"twitter:data1\" content=\"1 minuta\" \/>\n<script type=\"application\/ld+json\" class=\"yoast-schema-graph\">{\"@context\":\"https:\/\/schema.org\",\"@graph\":[{\"@type\":\"WebPage\",\"@id\":\"https:\/\/wm.pb.edu.pl\/cerbermotorsport\/zespol-cms-04\/\",\"url\":\"https:\/\/wm.pb.edu.pl\/cerbermotorsport\/zespol-cms-04\/\",\"name\":\"Zesp\u00f3\u0142 CMS-04 - Cerber Motorsport - Wydzia\u0142 Mechaniczny PB\",\"isPartOf\":{\"@id\":\"https:\/\/wm.pb.edu.pl\/cerbermotorsport\/#website\"},\"primaryImageOfPage\":{\"@id\":\"https:\/\/wm.pb.edu.pl\/cerbermotorsport\/zespol-cms-04\/#primaryimage\"},\"image\":{\"@id\":\"https:\/\/wm.pb.edu.pl\/cerbermotorsport\/zespol-cms-04\/#primaryimage\"},\"thumbnailUrl\":\"https:\/\/wm.pb.edu.pl\/cerbermotorsport\/wp-content\/uploads\/sites\/13\/2021\/01\/Cerber-Motorsport-e1534784177519.jpg\",\"datePublished\":\"2020-11-19T13:26:28+00:00\",\"dateModified\":\"2021-01-28T10:53:50+00:00\",\"breadcrumb\":{\"@id\":\"https:\/\/wm.pb.edu.pl\/cerbermotorsport\/zespol-cms-04\/#breadcrumb\"},\"inLanguage\":\"pl-PL\",\"potentialAction\":[{\"@type\":\"ReadAction\",\"target\":[\"https:\/\/wm.pb.edu.pl\/cerbermotorsport\/zespol-cms-04\/\"]}]},{\"@type\":\"ImageObject\",\"inLanguage\":\"pl-PL\",\"@id\":\"https:\/\/wm.pb.edu.pl\/cerbermotorsport\/zespol-cms-04\/#primaryimage\",\"url\":\"https:\/\/wm.pb.edu.pl\/cerbermotorsport\/wp-content\/uploads\/sites\/13\/2021\/01\/Cerber-Motorsport-e1534784177519.jpg\",\"contentUrl\":\"https:\/\/wm.pb.edu.pl\/cerbermotorsport\/wp-content\/uploads\/sites\/13\/2021\/01\/Cerber-Motorsport-e1534784177519.jpg\",\"width\":800,\"height\":450,\"caption\":\"Zesp\u00f3\u0142 CMS-04\"},{\"@type\":\"BreadcrumbList\",\"@id\":\"https:\/\/wm.pb.edu.pl\/cerbermotorsport\/zespol-cms-04\/#breadcrumb\",\"itemListElement\":[{\"@type\":\"ListItem\",\"position\":1,\"name\":\"Strona g\u0142\u00f3wna\",\"item\":\"https:\/\/wm.pb.edu.pl\/cerbermotorsport\/\"},{\"@type\":\"ListItem\",\"position\":2,\"name\":\"Zesp\u00f3\u0142 CMS-04\"}]},{\"@type\":\"WebSite\",\"@id\":\"https:\/\/wm.pb.edu.pl\/cerbermotorsport\/#website\",\"url\":\"https:\/\/wm.pb.edu.pl\/cerbermotorsport\/\",\"name\":\"Cerber Motorsport - Wydzia\u0142 Mechaniczny PB\",\"description\":\"Polski zesp\u00f3\u0142 Formu\u0142y Student z Wydzia\u0142u Mechanicznego Politechniki Bia\u0142ostockiej startuj\u0105cy w mi\u0119dzynarodowych zawodach. Informacje o projektach realizowanych przez Cerber Motorsport.\",\"potentialAction\":[{\"@type\":\"SearchAction\",\"target\":{\"@type\":\"EntryPoint\",\"urlTemplate\":\"https:\/\/wm.pb.edu.pl\/cerbermotorsport\/?s={search_term_string}\"},\"query-input\":{\"@type\":\"PropertyValueSpecification\",\"valueRequired\":true,\"valueName\":\"search_term_string\"}}],\"inLanguage\":\"pl-PL\"}]}<\/script>\n<!-- \/ Yoast SEO plugin. -->","yoast_head_json":{"title":"Zesp\u00f3\u0142 CMS-04 - Cerber Motorsport - Wydzia\u0142 Mechaniczny PB","robots":{"index":"index","follow":"follow","max-snippet":"max-snippet:-1","max-image-preview":"max-image-preview:large","max-video-preview":"max-video-preview:-1"},"canonical":"https:\/\/wm.pb.edu.pl\/cerbermotorsport\/zespol-cms-04\/","og_locale":"pl_PL","og_type":"article","og_title":"Zesp\u00f3\u0142 CMS-04 - Cerber Motorsport - Wydzia\u0142 Mechaniczny PB","og_url":"https:\/\/wm.pb.edu.pl\/cerbermotorsport\/zespol-cms-04\/","og_site_name":"Cerber Motorsport - Wydzia\u0142 Mechaniczny PB","article_modified_time":"2021-01-28T10:53:50+00:00","og_image":[{"url":"https:\/\/wm.pb.edu.pl\/cerbermotorsport\/wp-content\/uploads\/sites\/13\/2021\/01\/Cerber-Motorsport-e1534784177519.jpg","type":"","width":"","height":""}],"twitter_card":"summary_large_image","twitter_misc":{"Szacowany czas czytania":"1 minuta"},"schema":{"@context":"https:\/\/schema.org","@graph":[{"@type":"WebPage","@id":"https:\/\/wm.pb.edu.pl\/cerbermotorsport\/zespol-cms-04\/","url":"https:\/\/wm.pb.edu.pl\/cerbermotorsport\/zespol-cms-04\/","name":"Zesp\u00f3\u0142 CMS-04 - Cerber Motorsport - Wydzia\u0142 Mechaniczny PB","isPartOf":{"@id":"https:\/\/wm.pb.edu.pl\/cerbermotorsport\/#website"},"primaryImageOfPage":{"@id":"https:\/\/wm.pb.edu.pl\/cerbermotorsport\/zespol-cms-04\/#primaryimage"},"image":{"@id":"https:\/\/wm.pb.edu.pl\/cerbermotorsport\/zespol-cms-04\/#primaryimage"},"thumbnailUrl":"https:\/\/wm.pb.edu.pl\/cerbermotorsport\/wp-content\/uploads\/sites\/13\/2021\/01\/Cerber-Motorsport-e1534784177519.jpg","datePublished":"2020-11-19T13:26:28+00:00","dateModified":"2021-01-28T10:53:50+00:00","breadcrumb":{"@id":"https:\/\/wm.pb.edu.pl\/cerbermotorsport\/zespol-cms-04\/#breadcrumb"},"inLanguage":"pl-PL","potentialAction":[{"@type":"ReadAction","target":["https:\/\/wm.pb.edu.pl\/cerbermotorsport\/zespol-cms-04\/"]}]},{"@type":"ImageObject","inLanguage":"pl-PL","@id":"https:\/\/wm.pb.edu.pl\/cerbermotorsport\/zespol-cms-04\/#primaryimage","url":"https:\/\/wm.pb.edu.pl\/cerbermotorsport\/wp-content\/uploads\/sites\/13\/2021\/01\/Cerber-Motorsport-e1534784177519.jpg","contentUrl":"https:\/\/wm.pb.edu.pl\/cerbermotorsport\/wp-content\/uploads\/sites\/13\/2021\/01\/Cerber-Motorsport-e1534784177519.jpg","width":800,"height":450,"caption":"Zesp\u00f3\u0142 CMS-04"},{"@type":"BreadcrumbList","@id":"https:\/\/wm.pb.edu.pl\/cerbermotorsport\/zespol-cms-04\/#breadcrumb","itemListElement":[{"@type":"ListItem","position":1,"name":"Strona g\u0142\u00f3wna","item":"https:\/\/wm.pb.edu.pl\/cerbermotorsport\/"},{"@type":"ListItem","position":2,"name":"Zesp\u00f3\u0142 CMS-04"}]},{"@type":"WebSite","@id":"https:\/\/wm.pb.edu.pl\/cerbermotorsport\/#website","url":"https:\/\/wm.pb.edu.pl\/cerbermotorsport\/","name":"Cerber Motorsport - Wydzia\u0142 Mechaniczny PB","description":"Polski zesp\u00f3\u0142 Formu\u0142y Student z Wydzia\u0142u Mechanicznego Politechniki Bia\u0142ostockiej startuj\u0105cy w mi\u0119dzynarodowych zawodach. Informacje o projektach realizowanych przez Cerber Motorsport.","potentialAction":[{"@type":"SearchAction","target":{"@type":"EntryPoint","urlTemplate":"https:\/\/wm.pb.edu.pl\/cerbermotorsport\/?s={search_term_string}"},"query-input":{"@type":"PropertyValueSpecification","valueRequired":true,"valueName":"search_term_string"}}],"inLanguage":"pl-PL"}]}},"_links":{"self":[{"href":"https:\/\/wm.pb.edu.pl\/cerbermotorsport\/wp-json\/wp\/v2\/pages\/126","targetHints":{"allow":["GET"]}}],"collection":[{"href":"https:\/\/wm.pb.edu.pl\/cerbermotorsport\/wp-json\/wp\/v2\/pages"}],"about":[{"href":"https:\/\/wm.pb.edu.pl\/cerbermotorsport\/wp-json\/wp\/v2\/types\/page"}],"author":[{"embeddable":true,"href":"https:\/\/wm.pb.edu.pl\/cerbermotorsport\/wp-json\/wp\/v2\/users\/14"}],"replies":[{"embeddable":true,"href":"https:\/\/wm.pb.edu.pl\/cerbermotorsport\/wp-json\/wp\/v2\/comments?post=126"}],"version-history":[{"count":4,"href":"https:\/\/wm.pb.edu.pl\/cerbermotorsport\/wp-json\/wp\/v2\/pages\/126\/revisions"}],"predecessor-version":[{"id":535,"href":"https:\/\/wm.pb.edu.pl\/cerbermotorsport\/wp-json\/wp\/v2\/pages\/126\/revisions\/535"}],"wp:attachment":[{"href":"https:\/\/wm.pb.edu.pl\/cerbermotorsport\/wp-json\/wp\/v2\/media?parent=126"}],"curies":[{"name":"wp","href":"https:\/\/api.w.org\/{rel}","templated":true}]}}