{"id":128,"date":"2020-11-19T14:26:35","date_gmt":"2020-11-19T13:26:35","guid":{"rendered":"https:\/\/wm.pb.edu.pl\/cerber\/?page_id=128"},"modified":"2021-01-28T15:07:26","modified_gmt":"2021-01-28T14:07:26","slug":"zespol-cms-05","status":"publish","type":"page","link":"https:\/\/wm.pb.edu.pl\/cerbermotorsport\/zespol-cms-05\/","title":{"rendered":"Zesp\u00f3\u0142 CMS-05"},"content":{"rendered":"<p style=\"text-align: center\"><img loading=\"lazy\" decoding=\"async\" class=\"aligncenter wp-image-536 size-large\" src=\"https:\/\/wm.pb.edu.pl\/cerbermotorsport\/wp-content\/uploads\/sites\/13\/2021\/01\/36236140_1666737040046789_1802841715388710912_o-e1535658635198-1024x446.jpg\" alt=\"Zesp\u00f3\u0142 CMS-05\" width=\"1024\" height=\"446\" srcset=\"https:\/\/wm.pb.edu.pl\/cerbermotorsport\/wp-content\/uploads\/sites\/13\/2021\/01\/36236140_1666737040046789_1802841715388710912_o-e1535658635198-1024x446.jpg 1024w, https:\/\/wm.pb.edu.pl\/cerbermotorsport\/wp-content\/uploads\/sites\/13\/2021\/01\/36236140_1666737040046789_1802841715388710912_o-e1535658635198-300x131.jpg 300w, https:\/\/wm.pb.edu.pl\/cerbermotorsport\/wp-content\/uploads\/sites\/13\/2021\/01\/36236140_1666737040046789_1802841715388710912_o-e1535658635198-768x334.jpg 768w, https:\/\/wm.pb.edu.pl\/cerbermotorsport\/wp-content\/uploads\/sites\/13\/2021\/01\/36236140_1666737040046789_1802841715388710912_o-e1535658635198.jpg 1197w\" sizes=\"auto, (max-width: 1024px) 100vw, 1024px\" \/><br \/>\n<span style=\"font-size: 24pt\"><strong>KIEROWNICTWO<\/strong><\/span><\/p>\n<p>&nbsp;<br \/>\n<div class=\"row\"><\/div>\n<div class=\"col-md-2\">\n<\/div>\n<div class=\"col-md-3\">\n<img decoding=\"async\" src=\"https:\/\/wm.pb.edu.pl\/cerbermotorsport\/wp-content\/uploads\/sites\/13\/2021\/01\/18.png\" alt=\"Konrad Panas\"><br \/>\n<strong>Konrad Panas<\/strong><br \/>\nKoordynator organizacyjny projektu<br \/>\n<\/div>\n<div class=\"col-md-2\">\n<\/div>\n<div class=\"col-md-3\">\n<img decoding=\"async\" src=\"https:\/\/wm.pb.edu.pl\/cerbermotorsport\/wp-content\/uploads\/sites\/13\/2021\/01\/22.png\" alt=\"Grzegorz Chilimoniuk\"><br \/>\n<strong>Grzegorz Chilimoniuk<\/strong><br \/>\nKoordynator techniczny projektu<br \/>\n<\/div>\n<div class=\"col-md-2\">\n<\/div>\n<p style=\"text-align: center\"><strong><span style=\"font-size: 24pt\">AREODYNAMIKA<\/span><\/strong><br \/>\n<strong><span style=\"font-size: 24pt\">I KOMPOZYTY<\/span><\/strong><\/p>\n<div class=\"row\"><\/div>\n<div class=\"col-md-4\">\n<\/div>\n<div class=\"col-md-4\">\n<img decoding=\"async\" src=\"https:\/\/wm.pb.edu.pl\/cerbermotorsport\/wp-content\/uploads\/sites\/13\/2021\/01\/15.png\" alt=\"Arkadiusz Grygoruk\"><br \/>\n<strong>Arkadiusz Grygoruk<\/strong><br \/>\nKoordynator dzia\u0142u Aerodynamika i kompozyty, kierowca<br \/>\n<\/div>\n<div class=\"col-md-4\">\n<\/div>\n<div class=\"row\"><\/div>\n<div class=\"col-md-3\">\n<img decoding=\"async\" src=\"https:\/\/wm.pb.edu.pl\/cerbermotorsport\/wp-content\/uploads\/sites\/13\/2021\/01\/7.png\" alt=\"Kacper Zi\u00f3\u0142kowski\"><br \/>\n<strong>Kacper Zi\u00f3\u0142kowski<\/strong><br \/>\nProjektowanie pakietu aerodynamicznego, kierowca<br \/>\n<\/div>\n<div class=\"col-md-3\">\n<img decoding=\"async\" src=\"https:\/\/wm.pb.edu.pl\/cerbermotorsport\/wp-content\/uploads\/sites\/13\/2021\/01\/20.png\" alt=\"Micha\u0142 Radziszewski\"><br \/>\n<strong>Micha\u0142 Radziszewski<\/strong><br \/>\nProjektowanie pakietu aerodynamicznego<br \/>\n<\/div>\n<div class=\"col-md-3\">\n<img decoding=\"async\" src=\"https:\/\/wm.pb.edu.pl\/cerbermotorsport\/wp-content\/uploads\/sites\/13\/2021\/01\/24.png\" alt=\"Jakub Moroz\"><br \/>\n<strong>Jakub Moroz<\/strong><br \/>\nWykonywanie pakietu aerodynamicznego<br \/>\n<\/div>\n<div class=\"col-md-3\">\n<img decoding=\"async\" src=\"https:\/\/wm.pb.edu.pl\/cerbermotorsport\/wp-content\/uploads\/sites\/13\/2021\/01\/24.png\" alt=\"Hubert Dobecki\"><br \/>\n<strong>Hubert Dobecki<\/strong><br \/>\nWykonywanie pakietu aerodynamicznego<br \/>\n<\/div>\n<p style=\"text-align: center\"><strong><span style=\"font-size: 24pt\">PNEUMATYKA<\/span><\/strong><br \/>\n<strong><span style=\"font-size: 24pt\">I ELEKTRONIKA<\/span><\/strong><\/p>\n<div class=\"row\"><\/div>\n<div class=\"col-md-4\">\n<\/div>\n<div class=\"col-md-4\">\n<img decoding=\"async\" src=\"https:\/\/wm.pb.edu.pl\/cerbermotorsport\/wp-content\/uploads\/sites\/13\/2021\/01\/8.png\" alt=\"Konstantin U\u0142aszczyk\"><br \/>\n<strong>Konstantin U\u0142aszczyk<\/strong><br \/>\nKoordynator dzia\u0142u pneumatyka i elektronika<br \/>\n<\/div>\n<div class=\"col-md-4\">\n<\/div>\n<div class=\"row\"><\/div>\n<div class=\"col-md-3\">\n<img decoding=\"async\" src=\"https:\/\/wm.pb.edu.pl\/cerbermotorsport\/wp-content\/uploads\/sites\/13\/2021\/01\/4.png\" alt=\"Jakub Szymski\"><br \/>\n<strong>Jakub Szymski<\/strong><br \/>\nWi\u0105zka elektryczna, strojenie jednostki nap\u0119dowej<br \/>\n<\/div>\n<div class=\"col-md-3\">\n<img decoding=\"async\" src=\"https:\/\/wm.pb.edu.pl\/cerbermotorsport\/wp-content\/uploads\/sites\/13\/2021\/01\/23.png\" alt=\"Daniel Woronowicz\"><br \/>\n<strong>Daniel Woronowicz<\/strong><br \/>\nSystem DRS<br \/>\n<\/div>\n<div class=\"col-md-3\">\n<img decoding=\"async\" src=\"https:\/\/wm.pb.edu.pl\/cerbermotorsport\/wp-content\/uploads\/sites\/13\/2021\/01\/1.png\" alt=\"Jan Sierakowski\"><br \/>\n<strong>Jan Sierakowski<\/strong><br \/>\nUk\u0142ady Elektroniczne<br \/>\n<\/div>\n<div class=\"col-md-3\">\n<img decoding=\"async\" src=\"https:\/\/wm.pb.edu.pl\/cerbermotorsport\/wp-content\/uploads\/sites\/13\/2021\/01\/5.png\" alt=\"Miko\u0142aj Grabowski\"><br \/>\n<strong>Miko\u0142aj Grabowski<\/strong><br \/>\nUk\u0142ady Elektroniczne<br \/>\n<\/div>\n<div class=\"row\"><\/div>\n<div class=\"col-md-3\">\n<\/div>\n<div class=\"col-md-3\">\n<img decoding=\"async\" src=\"https:\/\/wm.pb.edu.pl\/cerbermotorsport\/wp-content\/uploads\/sites\/13\/2021\/01\/3.png\" alt=\"Rafa\u0142 Herbut\"><br \/>\n<strong>Rafa\u0142 Herbut<\/strong><br \/>\nUk\u0142ady elektroniczne<br \/>\n<\/div>\n<div class=\"col-md-3\">\n<\/div>\n<div class=\"col-md-3\">\n<img decoding=\"async\" src=\"https:\/\/wm.pb.edu.pl\/cerbermotorsport\/wp-content\/uploads\/sites\/13\/2021\/01\/24.png\" alt=\"Pawe\u0142 Sobolewski\"><br \/>\n<strong>Pawe\u0142 Sobolewski<\/strong><br \/>\nUk\u0142ady Elektroniczne<br \/>\n<\/div>\n<p style=\"text-align: center\"><strong><span style=\"font-size: 24pt\">PODWOZIE<\/span><\/strong><br \/>\n<strong><span style=\"font-size: 24pt\">I ZAWIESZENIE<\/span><\/strong><\/p>\n<div class=\"row\"><\/div>\n<div class=\"col-md-4\">\n<\/div>\n<div class=\"col-md-4\">\n<img decoding=\"async\" src=\"https:\/\/wm.pb.edu.pl\/cerbermotorsport\/wp-content\/uploads\/sites\/13\/2021\/01\/16.png\" alt=\"Piotr Sacharczuk\"><br \/>\n<strong>Piotr Sacharczuk<\/strong><br \/>\nKoordynator dzia\u0142u podwozia i zawieszenia, kierowca<br \/>\n<\/div>\n<div class=\"col-md-4\">\n<\/div>\n<div class=\"row\"><\/div>\n<div class=\"col-md-3\">\n<img decoding=\"async\" src=\"https:\/\/wm.pb.edu.pl\/cerbermotorsport\/wp-content\/uploads\/sites\/13\/2021\/01\/19.png\" alt=\"\u0141ukasz Kosakowski\"><br \/>\n<strong>\u0141ukasz Kosakowski<\/strong><br \/>\nRozw\u00f3j technologii, projekt konstrukcji no\u015bnej, obliczenia numeryczne<br \/>\n<\/div>\n<div class=\"col-md-3\">\n<img decoding=\"async\" src=\"https:\/\/wm.pb.edu.pl\/cerbermotorsport\/wp-content\/uploads\/sites\/13\/2021\/01\/14.png\" alt=\"Piotr Filipek\"><br \/>\n<strong>Piotr Filipek<\/strong><br \/>\nProjekt element\u00f3w zawieszenia, Cost Report<br \/>\n<\/div>\n<div class=\"col-md-3\">\n<img decoding=\"async\" src=\"https:\/\/wm.pb.edu.pl\/cerbermotorsport\/wp-content\/uploads\/sites\/13\/2021\/01\/13.png\" alt=\"Maciej Siergiejew\"><br \/>\n<strong>Maciej Siergiejew<\/strong><br \/>\nKonstrukcja ramy pojazdu, ergonomia<br \/>\n<\/div>\n<div class=\"col-md-3\">\n<img decoding=\"async\" src=\"https:\/\/wm.pb.edu.pl\/cerbermotorsport\/wp-content\/uploads\/sites\/13\/2021\/01\/24.png\" alt=\"Marcin Milewski\"><br \/>\n<strong>Marcin Milewski<\/strong><br \/>\nKonstrukcja ramy pojazdu<br \/>\n<\/div>\n<div class=\"row\"><\/div>\n<div class=\"col-md-4\">\n<img decoding=\"async\" src=\"https:\/\/wm.pb.edu.pl\/cerbermotorsport\/wp-content\/uploads\/sites\/13\/2021\/01\/24.png\" alt=\"Piotr Falkowski\"><br \/>\n<strong>Piotr Falkowski<\/strong><br \/>\nUk\u0142ad hamulcowy<br \/>\n<\/div>\n<div class=\"col-md-4\">\n<img decoding=\"async\" src=\"https:\/\/wm.pb.edu.pl\/cerbermotorsport\/wp-content\/uploads\/sites\/13\/2021\/01\/24.png\" alt=\"Kacper Wo\u017aniak\"><br \/>\n<strong>Kacper Wo\u017aniak<\/strong><br \/>\nZawieszenie pojazdu<br \/>\n<\/div>\n<div class=\"col-md-4\">\n<img decoding=\"async\" src=\"https:\/\/wm.pb.edu.pl\/cerbermotorsport\/wp-content\/uploads\/sites\/13\/2021\/01\/24.png\" alt=\"\u0141ukasz Zienkiewicz\"><br \/>\n<strong>\u0141ukasz Zienkiewicz<\/strong><br \/>\nSystem akwizycji danych<br \/>\n<\/div>\n<p style=\"text-align: center\"><span style=\"font-size: 24pt\"><strong>SILNIK I NAP\u0118D<\/strong><\/span><\/p>\n<div class=\"row\"><\/div>\n<div class=\"col-md-4\">\n<\/div>\n<div class=\"col-md-4\">\n<img decoding=\"async\" src=\"https:\/\/wm.pb.edu.pl\/cerbermotorsport\/wp-content\/uploads\/sites\/13\/2021\/01\/9.png\" alt=\"Jakub Snarski\"><br \/>\n<strong>Jakub Snarski<\/strong><br \/>\nKoordynator dzia\u0142u Silnik i nap\u0119d<br \/>\n<\/div>\n<div class=\"col-md-4\">\n<\/div>\n<div class=\"row\"><\/div>\n<div class=\"col-md-3\">\n<img decoding=\"async\" src=\"https:\/\/wm.pb.edu.pl\/cerbermotorsport\/wp-content\/uploads\/sites\/13\/2021\/01\/21.png\" alt=\"Mariusz Frankowski\"><br \/>\n<strong>Mariusz Frankowski<\/strong><br \/>\nUk\u0142ad ch\u0142odzenia silnika, uk\u0142ad kierowniczy, kierowca<br \/>\n<\/div>\n<div class=\"col-md-3\">\n<img decoding=\"async\" src=\"https:\/\/wm.pb.edu.pl\/cerbermotorsport\/wp-content\/uploads\/sites\/13\/2021\/01\/6.png\" alt=\"Micha\u0142 \u0141opato\"><br \/>\n<strong>Micha\u0142 \u0141opato<\/strong><br \/>\nUk\u0142ad przeniesienia nap\u0119du, strojenie jednostki nap\u0119dowej<br \/>\n<\/div>\n<div class=\"col-md-3\">\n<img decoding=\"async\" src=\"https:\/\/wm.pb.edu.pl\/cerbermotorsport\/wp-content\/uploads\/sites\/13\/2021\/01\/22-1.png\" alt=\"Damian Chilimoniuk\"><br \/>\n<strong>Damian Chilimoniuk<\/strong><br \/>\nUk\u0142ad wydechowy<br \/>\n<\/div>\n<div class=\"col-md-3\">\n<img decoding=\"async\" src=\"https:\/\/wm.pb.edu.pl\/cerbermotorsport\/wp-content\/uploads\/sites\/13\/2021\/01\/24.png\" alt=\"Damian Ko\u0142os\"><br \/>\n<strong>Damian Ko\u0142os<\/strong><br \/>\nModel Matematyczny Silnika<br \/>\n<\/div>\n<div class=\"row\"><\/div>\n<div class=\"col-md-4\">\n<img decoding=\"async\" src=\"https:\/\/wm.pb.edu.pl\/cerbermotorsport\/wp-content\/uploads\/sites\/13\/2021\/01\/24.png\" alt=\"Artur Pietrzeniec\"><br \/>\n<strong>Artur Pietrzeniec<\/strong><br \/>\nUk\u0142ad ch\u0142odzenia silnika<br \/>\n<\/div>\n<div class=\"col-md-4\">\n<img decoding=\"async\" src=\"https:\/\/wm.pb.edu.pl\/cerbermotorsport\/wp-content\/uploads\/sites\/13\/2021\/01\/24.png\" alt=\"Micha\u0142 Gleba\"><br \/>\n<strong>Kacper Wo\u017aniak<\/strong><br \/>\nUk\u0142ad przeniesienia nap\u0119du<br \/>\n<\/div>\n<div class=\"col-md-4\">\n<img decoding=\"async\" src=\"https:\/\/wm.pb.edu.pl\/cerbermotorsport\/wp-content\/uploads\/sites\/13\/2021\/01\/24.png\" alt=\"Mateusz Zachariasz\"><br \/>\n<strong>\u0141ukasz Zienkiewicz<\/strong><br \/>\nUk\u0142ad wydechowy<br \/>\n<\/div>\n<div class=\"row\"><\/div>\n<div class=\"col-md-6\">\n<img decoding=\"async\" src=\"https:\/\/wm.pb.edu.pl\/cerbermotorsport\/wp-content\/uploads\/sites\/13\/2021\/01\/24.png\" alt=\"Tomasz \u0141odzi\u0144ski\"><br \/>\n<strong>Tomasz \u0141odzi\u0144ski<\/strong><br \/>\nUk\u0142ad smarowania<br \/>\n<\/div>\n<div class=\"col-md-6\">\n<img decoding=\"async\" src=\"https:\/\/wm.pb.edu.pl\/cerbermotorsport\/wp-content\/uploads\/sites\/13\/2021\/01\/24.png\" alt=\"Daniel Ja\u0144czuk\"><br \/>\n<strong>Daniel Ja\u0144czuk<\/strong><br \/>\nUk\u0142ad Dolotowy<br \/>\n<\/div>\n<\/p>\n<p style=\"text-align: center\"><span style=\"font-size: 24pt\"><strong>MARKETING<\/strong><\/span><\/p>\n<div class=\"row\"><\/div>\n<div class=\"col-md-4\">\n<\/div>\n<div class=\"col-md-4\">\n<img decoding=\"async\" src=\"https:\/\/wm.pb.edu.pl\/cerbermotorsport\/wp-content\/uploads\/sites\/13\/2021\/01\/11.png\" alt=\"Daniela Koronkiewicz\"><br \/>\n<strong>Daniela Koronkiewicz<\/strong><br \/>\nKoordynator dzia\u0142u Marketing<br \/>\n<\/div>\n<div class=\"col-md-4\">\n<\/div>\n<div class=\"row\"><\/div>\n<div class=\"col-md-6\">\n<img decoding=\"async\" src=\"https:\/\/wm.pb.edu.pl\/cerbermotorsport\/wp-content\/uploads\/sites\/13\/2021\/01\/12.png\" alt=\"Ewelina Moczulska\"><br \/>\n<strong>Ewelina Moczulska<\/strong><br \/>\nMarketing, kontakt z firmami<br \/>\n<\/div>\n<div class=\"col-md-6\">\n<img decoding=\"async\" src=\"https:\/\/wm.pb.edu.pl\/cerbermotorsport\/wp-content\/uploads\/sites\/13\/2021\/01\/10.png\" alt=\"Magdalena Wierzbicka\"><br \/>\n<strong>Magdalena Wierzbicka<\/strong><br \/>\nMarketing, kontakt z firmami<br \/>\n<\/div>\n","protected":false},"excerpt":{"rendered":"<p>KIEROWNICTWO &nbsp; AREODYNAMIKA I KOMPOZYTY PNEUMATYKA I ELEKTRONIKA PODWOZIE I ZAWIESZENIE SILNIK I NAP\u0118D MARKETING<\/p>\n","protected":false},"author":14,"featured_media":0,"parent":0,"menu_order":0,"comment_status":"closed","ping_status":"closed","template":"","meta":{"inline_featured_image":false,"ngg_post_thumbnail":0,"footnotes":""},"class_list":["post-128","page","type-page","status-publish","hentry"],"acf":[],"yoast_head":"<!-- This site is optimized with the Yoast SEO plugin v26.4 - https:\/\/yoast.com\/wordpress\/plugins\/seo\/ -->\n<title>Zesp\u00f3\u0142 CMS-05 - Cerber Motorsport - Wydzia\u0142 Mechaniczny PB<\/title>\n<meta name=\"robots\" content=\"index, follow, max-snippet:-1, max-image-preview:large, max-video-preview:-1\" \/>\n<link rel=\"canonical\" href=\"https:\/\/wm.pb.edu.pl\/cerbermotorsport\/zespol-cms-05\/\" \/>\n<meta property=\"og:locale\" content=\"pl_PL\" \/>\n<meta property=\"og:type\" content=\"article\" \/>\n<meta property=\"og:title\" content=\"Zesp\u00f3\u0142 CMS-05 - Cerber Motorsport - Wydzia\u0142 Mechaniczny PB\" \/>\n<meta property=\"og:description\" content=\"KIEROWNICTWO &nbsp; AREODYNAMIKA I KOMPOZYTY PNEUMATYKA I ELEKTRONIKA PODWOZIE I ZAWIESZENIE SILNIK I NAP\u0118D MARKETING\" \/>\n<meta property=\"og:url\" content=\"https:\/\/wm.pb.edu.pl\/cerbermotorsport\/zespol-cms-05\/\" \/>\n<meta property=\"og:site_name\" content=\"Cerber Motorsport - Wydzia\u0142 Mechaniczny PB\" \/>\n<meta property=\"article:modified_time\" content=\"2021-01-28T14:07:26+00:00\" \/>\n<meta property=\"og:image\" content=\"https:\/\/wm.pb.edu.pl\/cerbermotorsport\/wp-content\/uploads\/sites\/13\/2021\/01\/36236140_1666737040046789_1802841715388710912_o-e1535658635198-1024x446.jpg\" \/>\n<meta name=\"twitter:card\" content=\"summary_large_image\" \/>\n<meta name=\"twitter:label1\" content=\"Szacowany czas czytania\" \/>\n\t<meta name=\"twitter:data1\" content=\"9 minut\" \/>\n<script type=\"application\/ld+json\" class=\"yoast-schema-graph\">{\"@context\":\"https:\/\/schema.org\",\"@graph\":[{\"@type\":\"WebPage\",\"@id\":\"https:\/\/wm.pb.edu.pl\/cerbermotorsport\/zespol-cms-05\/\",\"url\":\"https:\/\/wm.pb.edu.pl\/cerbermotorsport\/zespol-cms-05\/\",\"name\":\"Zesp\u00f3\u0142 CMS-05 - Cerber Motorsport - Wydzia\u0142 Mechaniczny PB\",\"isPartOf\":{\"@id\":\"https:\/\/wm.pb.edu.pl\/cerbermotorsport\/#website\"},\"primaryImageOfPage\":{\"@id\":\"https:\/\/wm.pb.edu.pl\/cerbermotorsport\/zespol-cms-05\/#primaryimage\"},\"image\":{\"@id\":\"https:\/\/wm.pb.edu.pl\/cerbermotorsport\/zespol-cms-05\/#primaryimage\"},\"thumbnailUrl\":\"https:\/\/wm.pb.edu.pl\/cerbermotorsport\/wp-content\/uploads\/sites\/13\/2021\/01\/36236140_1666737040046789_1802841715388710912_o-e1535658635198-1024x446.jpg\",\"datePublished\":\"2020-11-19T13:26:35+00:00\",\"dateModified\":\"2021-01-28T14:07:26+00:00\",\"breadcrumb\":{\"@id\":\"https:\/\/wm.pb.edu.pl\/cerbermotorsport\/zespol-cms-05\/#breadcrumb\"},\"inLanguage\":\"pl-PL\",\"potentialAction\":[{\"@type\":\"ReadAction\",\"target\":[\"https:\/\/wm.pb.edu.pl\/cerbermotorsport\/zespol-cms-05\/\"]}]},{\"@type\":\"ImageObject\",\"inLanguage\":\"pl-PL\",\"@id\":\"https:\/\/wm.pb.edu.pl\/cerbermotorsport\/zespol-cms-05\/#primaryimage\",\"url\":\"https:\/\/wm.pb.edu.pl\/cerbermotorsport\/wp-content\/uploads\/sites\/13\/2021\/01\/36236140_1666737040046789_1802841715388710912_o-e1535658635198.jpg\",\"contentUrl\":\"https:\/\/wm.pb.edu.pl\/cerbermotorsport\/wp-content\/uploads\/sites\/13\/2021\/01\/36236140_1666737040046789_1802841715388710912_o-e1535658635198.jpg\",\"width\":1197,\"height\":521,\"caption\":\"Zesp\u00f3\u0142 CMS-05\"},{\"@type\":\"BreadcrumbList\",\"@id\":\"https:\/\/wm.pb.edu.pl\/cerbermotorsport\/zespol-cms-05\/#breadcrumb\",\"itemListElement\":[{\"@type\":\"ListItem\",\"position\":1,\"name\":\"Strona g\u0142\u00f3wna\",\"item\":\"https:\/\/wm.pb.edu.pl\/cerbermotorsport\/\"},{\"@type\":\"ListItem\",\"position\":2,\"name\":\"Zesp\u00f3\u0142 CMS-05\"}]},{\"@type\":\"WebSite\",\"@id\":\"https:\/\/wm.pb.edu.pl\/cerbermotorsport\/#website\",\"url\":\"https:\/\/wm.pb.edu.pl\/cerbermotorsport\/\",\"name\":\"Cerber Motorsport - Wydzia\u0142 Mechaniczny PB\",\"description\":\"Polski zesp\u00f3\u0142 Formu\u0142y Student z Wydzia\u0142u Mechanicznego Politechniki Bia\u0142ostockiej startuj\u0105cy w mi\u0119dzynarodowych zawodach. Informacje o projektach realizowanych przez Cerber Motorsport.\",\"potentialAction\":[{\"@type\":\"SearchAction\",\"target\":{\"@type\":\"EntryPoint\",\"urlTemplate\":\"https:\/\/wm.pb.edu.pl\/cerbermotorsport\/?s={search_term_string}\"},\"query-input\":{\"@type\":\"PropertyValueSpecification\",\"valueRequired\":true,\"valueName\":\"search_term_string\"}}],\"inLanguage\":\"pl-PL\"}]}<\/script>\n<!-- \/ Yoast SEO plugin. -->","yoast_head_json":{"title":"Zesp\u00f3\u0142 CMS-05 - Cerber Motorsport - Wydzia\u0142 Mechaniczny PB","robots":{"index":"index","follow":"follow","max-snippet":"max-snippet:-1","max-image-preview":"max-image-preview:large","max-video-preview":"max-video-preview:-1"},"canonical":"https:\/\/wm.pb.edu.pl\/cerbermotorsport\/zespol-cms-05\/","og_locale":"pl_PL","og_type":"article","og_title":"Zesp\u00f3\u0142 CMS-05 - Cerber Motorsport - Wydzia\u0142 Mechaniczny PB","og_description":"KIEROWNICTWO &nbsp; AREODYNAMIKA I KOMPOZYTY PNEUMATYKA I ELEKTRONIKA PODWOZIE I ZAWIESZENIE SILNIK I NAP\u0118D MARKETING","og_url":"https:\/\/wm.pb.edu.pl\/cerbermotorsport\/zespol-cms-05\/","og_site_name":"Cerber Motorsport - Wydzia\u0142 Mechaniczny PB","article_modified_time":"2021-01-28T14:07:26+00:00","og_image":[{"url":"https:\/\/wm.pb.edu.pl\/cerbermotorsport\/wp-content\/uploads\/sites\/13\/2021\/01\/36236140_1666737040046789_1802841715388710912_o-e1535658635198-1024x446.jpg","type":"","width":"","height":""}],"twitter_card":"summary_large_image","twitter_misc":{"Szacowany czas czytania":"9 minut"},"schema":{"@context":"https:\/\/schema.org","@graph":[{"@type":"WebPage","@id":"https:\/\/wm.pb.edu.pl\/cerbermotorsport\/zespol-cms-05\/","url":"https:\/\/wm.pb.edu.pl\/cerbermotorsport\/zespol-cms-05\/","name":"Zesp\u00f3\u0142 CMS-05 - Cerber Motorsport - Wydzia\u0142 Mechaniczny PB","isPartOf":{"@id":"https:\/\/wm.pb.edu.pl\/cerbermotorsport\/#website"},"primaryImageOfPage":{"@id":"https:\/\/wm.pb.edu.pl\/cerbermotorsport\/zespol-cms-05\/#primaryimage"},"image":{"@id":"https:\/\/wm.pb.edu.pl\/cerbermotorsport\/zespol-cms-05\/#primaryimage"},"thumbnailUrl":"https:\/\/wm.pb.edu.pl\/cerbermotorsport\/wp-content\/uploads\/sites\/13\/2021\/01\/36236140_1666737040046789_1802841715388710912_o-e1535658635198-1024x446.jpg","datePublished":"2020-11-19T13:26:35+00:00","dateModified":"2021-01-28T14:07:26+00:00","breadcrumb":{"@id":"https:\/\/wm.pb.edu.pl\/cerbermotorsport\/zespol-cms-05\/#breadcrumb"},"inLanguage":"pl-PL","potentialAction":[{"@type":"ReadAction","target":["https:\/\/wm.pb.edu.pl\/cerbermotorsport\/zespol-cms-05\/"]}]},{"@type":"ImageObject","inLanguage":"pl-PL","@id":"https:\/\/wm.pb.edu.pl\/cerbermotorsport\/zespol-cms-05\/#primaryimage","url":"https:\/\/wm.pb.edu.pl\/cerbermotorsport\/wp-content\/uploads\/sites\/13\/2021\/01\/36236140_1666737040046789_1802841715388710912_o-e1535658635198.jpg","contentUrl":"https:\/\/wm.pb.edu.pl\/cerbermotorsport\/wp-content\/uploads\/sites\/13\/2021\/01\/36236140_1666737040046789_1802841715388710912_o-e1535658635198.jpg","width":1197,"height":521,"caption":"Zesp\u00f3\u0142 CMS-05"},{"@type":"BreadcrumbList","@id":"https:\/\/wm.pb.edu.pl\/cerbermotorsport\/zespol-cms-05\/#breadcrumb","itemListElement":[{"@type":"ListItem","position":1,"name":"Strona g\u0142\u00f3wna","item":"https:\/\/wm.pb.edu.pl\/cerbermotorsport\/"},{"@type":"ListItem","position":2,"name":"Zesp\u00f3\u0142 CMS-05"}]},{"@type":"WebSite","@id":"https:\/\/wm.pb.edu.pl\/cerbermotorsport\/#website","url":"https:\/\/wm.pb.edu.pl\/cerbermotorsport\/","name":"Cerber Motorsport - Wydzia\u0142 Mechaniczny PB","description":"Polski zesp\u00f3\u0142 Formu\u0142y Student z Wydzia\u0142u Mechanicznego Politechniki Bia\u0142ostockiej startuj\u0105cy w mi\u0119dzynarodowych zawodach. Informacje o projektach realizowanych przez Cerber Motorsport.","potentialAction":[{"@type":"SearchAction","target":{"@type":"EntryPoint","urlTemplate":"https:\/\/wm.pb.edu.pl\/cerbermotorsport\/?s={search_term_string}"},"query-input":{"@type":"PropertyValueSpecification","valueRequired":true,"valueName":"search_term_string"}}],"inLanguage":"pl-PL"}]}},"_links":{"self":[{"href":"https:\/\/wm.pb.edu.pl\/cerbermotorsport\/wp-json\/wp\/v2\/pages\/128","targetHints":{"allow":["GET"]}}],"collection":[{"href":"https:\/\/wm.pb.edu.pl\/cerbermotorsport\/wp-json\/wp\/v2\/pages"}],"about":[{"href":"https:\/\/wm.pb.edu.pl\/cerbermotorsport\/wp-json\/wp\/v2\/types\/page"}],"author":[{"embeddable":true,"href":"https:\/\/wm.pb.edu.pl\/cerbermotorsport\/wp-json\/wp\/v2\/users\/14"}],"replies":[{"embeddable":true,"href":"https:\/\/wm.pb.edu.pl\/cerbermotorsport\/wp-json\/wp\/v2\/comments?post=128"}],"version-history":[{"count":43,"href":"https:\/\/wm.pb.edu.pl\/cerbermotorsport\/wp-json\/wp\/v2\/pages\/128\/revisions"}],"predecessor-version":[{"id":586,"href":"https:\/\/wm.pb.edu.pl\/cerbermotorsport\/wp-json\/wp\/v2\/pages\/128\/revisions\/586"}],"wp:attachment":[{"href":"https:\/\/wm.pb.edu.pl\/cerbermotorsport\/wp-json\/wp\/v2\/media?parent=128"}],"curies":[{"name":"wp","href":"https:\/\/api.w.org\/{rel}","templated":true}]}}