{"id":130,"date":"2020-11-19T14:26:41","date_gmt":"2020-11-19T13:26:41","guid":{"rendered":"https:\/\/wm.pb.edu.pl\/cerber\/?page_id=130"},"modified":"2024-11-15T04:25:49","modified_gmt":"2024-11-15T03:25:49","slug":"zespol-cms-06","status":"publish","type":"page","link":"https:\/\/wm.pb.edu.pl\/cerbermotorsport\/zespol-cms-06\/","title":{"rendered":"Zesp\u00f3\u0142 CMS-06"},"content":{"rendered":"<p><img loading=\"lazy\" decoding=\"async\" class=\"aligncenter wp-image-572 size-large\" src=\"https:\/\/wm.pb.edu.pl\/cerbermotorsport\/wp-content\/uploads\/sites\/13\/2021\/01\/zespol-na-strone-vol.2-1-1-1024x681.jpg\" alt=\"Zesp\u00f3\u0142 CMS-06\" width=\"1024\" height=\"681\" srcset=\"https:\/\/wm.pb.edu.pl\/cerbermotorsport\/wp-content\/uploads\/sites\/13\/2021\/01\/zespol-na-strone-vol.2-1-1-1024x681.jpg 1024w, https:\/\/wm.pb.edu.pl\/cerbermotorsport\/wp-content\/uploads\/sites\/13\/2021\/01\/zespol-na-strone-vol.2-1-1-300x199.jpg 300w, https:\/\/wm.pb.edu.pl\/cerbermotorsport\/wp-content\/uploads\/sites\/13\/2021\/01\/zespol-na-strone-vol.2-1-1-768x511.jpg 768w, https:\/\/wm.pb.edu.pl\/cerbermotorsport\/wp-content\/uploads\/sites\/13\/2021\/01\/zespol-na-strone-vol.2-1-1-1536x1021.jpg 1536w, https:\/\/wm.pb.edu.pl\/cerbermotorsport\/wp-content\/uploads\/sites\/13\/2021\/01\/zespol-na-strone-vol.2-1-1-2048x1362.jpg 2048w, https:\/\/wm.pb.edu.pl\/cerbermotorsport\/wp-content\/uploads\/sites\/13\/2021\/01\/zespol-na-strone-vol.2-1-1-480x320.jpg 480w\" sizes=\"auto, (max-width: 1024px) 100vw, 1024px\" \/><\/p>\n<hr>\n<p style=\"text-align: center\"><strong><span style=\"font-size: 24pt\">KIEROWNICTWO<\/span><\/strong><\/p>\n<div class=\"row\"><\/div>\n<div class=\"col-md-2\">\n<\/div>\n<div class=\"col-md-3\">\n<img decoding=\"async\" src=\"https:\/\/wm.pb.edu.pl\/cerbermotorsport\/wp-content\/uploads\/sites\/13\/2021\/01\/18.png\" alt=\"Konrad Panas\"><br \/>\n<strong>Jakub Szymski<\/strong><br \/>\nKoordynator Projektu<br \/>\n<\/div>\n<div class=\"col-md-2\">\n<\/div>\n<div class=\"col-md-3\">\n<img decoding=\"async\" src=\"https:\/\/wm.pb.edu.pl\/cerbermotorsport\/wp-content\/uploads\/sites\/13\/2021\/01\/21.png\" alt=\"Mariusz Frankowski\"><br \/>\n<strong>Mariusz Frankowski<\/strong><br \/>\nZast\u0119pca Koordynatora Projektu<br \/>\n<\/div>\n<div class=\"col-md-2\">\n<\/div>\n<p style=\"text-align: center\"><strong><span style=\"font-size: 24pt\">AREODYNAMIKA<\/span><\/strong><\/p>\n<div class=\"row\"><\/div>\n<div class=\"col-md-4\">\n<\/div>\n<div class=\"col-md-4\">\n<img decoding=\"async\" src=\"https:\/\/wm.pb.edu.pl\/cerbermotorsport\/wp-content\/uploads\/sites\/13\/2021\/01\/24.png\" alt=\"Jakub Moroz\"><br \/>\n<strong>Jakub Moroz<\/strong><br \/>\nKoordynator dzia\u0142u aerodynamika<br \/>\nProjektowanie i wykonanie pakietu aerodynamicznego<br \/>\n<\/div>\n<div class=\"col-md-4\">\n<\/div>\n<div class=\"row\"><\/div>\n<div class=\"col-md-3\">\n<img decoding=\"async\" src=\"https:\/\/wm.pb.edu.pl\/cerbermotorsport\/wp-content\/uploads\/sites\/13\/2021\/01\/7.png\" alt=\"Kacper Zi\u00f3\u0142kowski\"><br \/>\n<strong>Kacper Zi\u00f3\u0142kowski<\/strong><br \/>\nProjektowanie pakietu aerodynamicznego, obliczenia CFD<br \/>\n<\/div>\n<div class=\"col-md-3\">\n<img decoding=\"async\" src=\"https:\/\/wm.pb.edu.pl\/cerbermotorsport\/wp-content\/uploads\/sites\/13\/2021\/01\/15.png\" alt=\"Arkadiusz Grygoruk\"><br \/>\n<strong>Arkadiusz Grygoruk<\/strong><br \/>\nProjektowanie pakietu aerodynamicznego, obliczenia CFD<br \/>\n<\/div>\n<div class=\"col-md-3\">\n<img decoding=\"async\" src=\"https:\/\/wm.pb.edu.pl\/cerbermotorsport\/wp-content\/uploads\/sites\/13\/2021\/01\/20.png\" alt=\"Micha\u0142 Radziszewski\"><br \/>\n<strong>Micha\u0142 Radziszewski<\/strong><br \/>\nWykonanie pakietu aerodynamicznego<br \/>\n<\/div>\n<div class=\"col-md-3\">\n<img decoding=\"async\" src=\"https:\/\/wm.pb.edu.pl\/cerbermotorsport\/wp-content\/uploads\/sites\/13\/2021\/01\/24.png\" alt=\"Hubert Dobecki\"><br \/>\n<strong>Hubert Dobecki<\/strong><br \/>\nWykonywanie pakietu aerodynamicznego<br \/>\n<\/div>\n<div class=\"row\"><\/div>\n<div class=\"col-md-4\">\n<img decoding=\"async\" src=\"https:\/\/wm.pb.edu.pl\/cerbermotorsport\/wp-content\/uploads\/sites\/13\/2021\/01\/24.png\" alt=\"Tomasz Sobolewski\"><br \/>\n<strong>Tomasz Sobolewski<\/strong><br \/>\nWykonywanie pakietu aerodynamicznego<br \/>\n<\/div>\n<div class=\"col-md-4\">\n<img decoding=\"async\" src=\"https:\/\/wm.pb.edu.pl\/cerbermotorsport\/wp-content\/uploads\/sites\/13\/2021\/01\/24.png\" alt=\"Kamil Szczerbak\"><br \/>\n<strong>Kamil Szczerbak<\/strong><br \/>\nWykonywanie pakietu aerodynamicznego<br \/>\n<\/div>\n<div class=\"col-md-4\">\n<img decoding=\"async\" src=\"https:\/\/wm.pb.edu.pl\/cerbermotorsport\/wp-content\/uploads\/sites\/13\/2021\/01\/24.png\" alt=\"Adrian Dudar\"><br \/>\n<strong>Adrian Dudar<\/strong><br \/>\nWykonywanie pakietu aerodynamicznego<br \/>\n<\/div>\n<p style=\"text-align: center\"><strong><span style=\"font-size: 24pt\">ELEKTRONIKA I PNEUMATYKA<\/span><\/strong><\/p>\n<div class=\"row\"><\/div>\n<div class=\"col-md-4\">\n<\/div>\n<div class=\"col-md-4\">\n<img decoding=\"async\" src=\"https:\/\/wm.pb.edu.pl\/cerbermotorsport\/wp-content\/uploads\/sites\/13\/2021\/01\/24.png\" alt=\"Pawe\u0142 Sobolewski\"><br \/>\n<strong>Pawe\u0142 Sobolewski<\/strong><br \/>\nKoordynator dzia\u0142u elektronika i pneumatyka<br \/>\nWi\u0105zka elektryczna, projektowanie uk\u0142ad\u00f3w elektrycznych<br \/>\n<\/div>\n<div class=\"col-md-4\">\n<\/div>\n<div class=\"row\"><\/div>\n<div class=\"col-md-3\">\n<img decoding=\"async\" src=\"https:\/\/wm.pb.edu.pl\/cerbermotorsport\/wp-content\/uploads\/sites\/13\/2021\/01\/4.png\" alt=\"Jakub Szymski\"><br \/>\n<strong>Jakub Szymski<\/strong><br \/>\nWi\u0105zka elektryczna, strojenie jednostki nap\u0119dowej<br \/>\n<\/div>\n<div class=\"col-md-3\">\n<img decoding=\"async\" src=\"https:\/\/wm.pb.edu.pl\/cerbermotorsport\/wp-content\/uploads\/sites\/13\/2021\/01\/1.png\" alt=\"Jan Sierakowski\"><br \/>\n<strong>Jan Sierakowski<\/strong><br \/>\nUk\u0142ady Elektroniczne<br \/>\n<\/div>\n<div class=\"col-md-3\">\n<img decoding=\"async\" src=\"https:\/\/wm.pb.edu.pl\/cerbermotorsport\/wp-content\/uploads\/sites\/13\/2021\/01\/24.png\" alt=\"Rafa\u0142 Koz\u0142owski\"><br \/>\n<strong>Rafa\u0142 Koz\u0142owski<\/strong><br \/>\nWykonywanie wi\u0105zki elektrycznej<br \/>\n<\/div>\n<div class=\"col-md-3\">\n<img decoding=\"async\" src=\"https:\/\/wm.pb.edu.pl\/cerbermotorsport\/wp-content\/uploads\/sites\/13\/2021\/01\/5.png\" alt=\"Miko\u0142aj Grabowski\"><br \/>\n<strong>Miko\u0142aj Grabowski<\/strong><br \/>\nUk\u0142ady Elektroniczne, programowanie<br \/>\n<\/div>\n<div class=\"row\"><\/div>\n<div class=\"col-md-3\">\n<img decoding=\"async\" src=\"https:\/\/wm.pb.edu.pl\/cerbermotorsport\/wp-content\/uploads\/sites\/13\/2021\/01\/24.png\" alt=\"Karol Sapio\u0142ko\"><br \/>\n<strong>Karol Sapio\u0142ko<\/strong><br \/>\nWykonanie wi\u0105zki elektrycznej<br \/>\n<\/div>\n<div class=\"col-md-3\">\n<img decoding=\"async\" src=\"https:\/\/wm.pb.edu.pl\/cerbermotorsport\/wp-content\/uploads\/sites\/13\/2021\/01\/24.png\" alt=\"Natalia Snopko\"><br \/>\n<strong>Natalia Snopko<\/strong><br \/>\nUk\u0142ady elektryczne, programowanie<br \/>\n<\/div>\n<div class=\"col-md-3\">\n<img decoding=\"async\" src=\"https:\/\/wm.pb.edu.pl\/cerbermotorsport\/wp-content\/uploads\/sites\/13\/2021\/01\/24.png\" alt=\"Emil Szymczyk\"><br \/>\n<strong>Emil Szymczyk<\/strong><br \/>\nUk\u0142ady Elektroniczne<br \/>\n<\/div>\n<div class=\"col-md-3\">\n<img decoding=\"async\" src=\"https:\/\/wm.pb.edu.pl\/cerbermotorsport\/wp-content\/uploads\/sites\/13\/2021\/01\/24.png\" alt=\"Kacper Sie\u0144ko\"><br \/>\n<strong>Kacper Sie\u0144ko<\/strong><br \/>\nUk\u0142ady elektryczne<br \/>\n<\/div>\n<p style=\"text-align: center\"><strong><span style=\"font-size: 24pt\">KONSTRUKCJA NO\u015aNA<\/span><\/strong><\/p>\n<div class=\"row\"><\/div>\n<div class=\"col-md-4\">\n<\/div>\n<div class=\"col-md-4\">\n<img decoding=\"async\" src=\"https:\/\/wm.pb.edu.pl\/cerbermotorsport\/wp-content\/uploads\/sites\/13\/2021\/01\/24.png\" alt=\"Mateusz Zachariasz\"><br \/>\n<strong>Mateusz Zachariasz<\/strong><br \/>\nKoordynator dzia\u0142u konstrukcja no\u015bna<br \/>\nProjektowanie i wykonanie, ergonomia<br \/>\n<\/div>\n<div class=\"col-md-4\">\n<\/div>\n<div class=\"row\"><\/div>\n<div class=\"col-md-4\">\n<img decoding=\"async\" src=\"https:\/\/wm.pb.edu.pl\/cerbermotorsport\/wp-content\/uploads\/sites\/13\/2021\/01\/19.png\" alt=\"\u0141ukasz Kosakowski\"><br \/>\n<strong>\u0141ukasz Kosakowski<\/strong><br \/>\nObliczenia wytrzyma\u0142o\u015bciowe MES<br \/>\n<\/div>\n<div class=\"col-md-4\">\n<img decoding=\"async\" src=\"https:\/\/wm.pb.edu.pl\/cerbermotorsport\/wp-content\/uploads\/sites\/13\/2021\/01\/13.png\" alt=\"Maciej Siergiejew\"><br \/>\n<strong>Maciej Siergiejew<\/strong><br \/>\nProjekt i wykonanie ramy pojazdu, spawanie<br \/>\n<\/div>\n<div class=\"col-md-4\">\n<img decoding=\"async\" src=\"https:\/\/wm.pb.edu.pl\/cerbermotorsport\/wp-content\/uploads\/sites\/13\/2021\/01\/24.png\" alt=\"Piotr Mu\u015bko\"><br \/>\n<strong>Piotr Mu\u015bko<\/strong><br \/>\nWykonywanie ramy pojazdu<br \/>\n<\/div>\n<p style=\"text-align: center\"><strong><span style=\"font-size: 24pt\">SILNIK I NAP\u0118D<\/span><\/strong><\/p>\n<div class=\"row\"><\/div>\n<div class=\"col-md-4\">\n<\/div>\n<div class=\"col-md-4\">\n<img decoding=\"async\" src=\"https:\/\/wm.pb.edu.pl\/cerbermotorsport\/wp-content\/uploads\/sites\/13\/2021\/01\/22-1.png\" alt=\"Damian Chilimoniuk\"><br \/>\n<strong>Damian Chilimoniuk<\/strong><br \/>\nKoordynator dzia\u0142u silnik i nap\u0119d<br \/>\nUk\u0142ad wydechowy<br \/>\n<\/div>\n<div class=\"col-md-4\">\n<\/div>\n<div class=\"row\"><\/div>\n<div class=\"col-md-3\">\n<img decoding=\"async\" src=\"https:\/\/wm.pb.edu.pl\/cerbermotorsport\/wp-content\/uploads\/sites\/13\/2021\/01\/6.png\" alt=\"Micha\u0142 \u0141opato\"><br \/>\n<strong>Micha\u0142 \u0141opato<\/strong><br \/>\nUk\u0142ad przeniesienia nap\u0119du, strojenie jednostki nap\u0119dowej<br \/>\n<\/div>\n<div class=\"col-md-3\">\n<img decoding=\"async\" src=\"https:\/\/wm.pb.edu.pl\/cerbermotorsport\/wp-content\/uploads\/sites\/13\/2021\/01\/24.png\" alt=\"Damian Ko\u0142os\"><br \/>\n<strong>Damian Ko\u0142os<\/strong><br \/>\nModel matematyczny silnika<br \/>\n<\/div>\n<div class=\"col-md-3\">\n<img decoding=\"async\" src=\"https:\/\/wm.pb.edu.pl\/cerbermotorsport\/wp-content\/uploads\/sites\/13\/2021\/01\/24.png\" alt=\"Micha\u0142 Gleba\"><br \/>\n<strong>Micha\u0142 Gleba<\/strong><br \/>\nUk\u0142ad przeniesienia nap\u0119du, Cost Report<br \/>\n<\/div>\n<div class=\"col-md-3\">\n<img decoding=\"async\" src=\"https:\/\/wm.pb.edu.pl\/cerbermotorsport\/wp-content\/uploads\/sites\/13\/2021\/01\/24.png\" alt=\"Daniel Ja\u0144czuk\"><br \/>\n<strong>Daniel Ja\u0144czuk<\/strong><br \/>\nUk\u0142ad dolotowy<br \/>\n<\/div>\n<div class=\"row\"><\/div>\n<div class=\"col-md-3\">\n<img decoding=\"async\" src=\"https:\/\/wm.pb.edu.pl\/cerbermotorsport\/wp-content\/uploads\/sites\/13\/2021\/01\/9.png\" alt=\"Jakub Snarski\"><br \/>\n<strong>Jakub Snarski<\/strong><br \/>\nTechnologia wykonania element\u00f3w<br \/>\n<\/div>\n<div class=\"col-md-3\">\n<img decoding=\"async\" src=\"https:\/\/wm.pb.edu.pl\/cerbermotorsport\/wp-content\/uploads\/sites\/13\/2021\/01\/24.png\" alt=\"Tomasz \u0141odzi\u0144ski\"><br \/>\n<strong>Tomasz \u0141odzi\u0144ski<\/strong><br \/>\nUk\u0142ad smarowania<br \/>\n<\/div>\n<div class=\"col-md-3\">\n<img decoding=\"async\" src=\"https:\/\/wm.pb.edu.pl\/cerbermotorsport\/wp-content\/uploads\/sites\/13\/2021\/01\/24.png\" alt=\"Patryk Siekaniec\"><br \/>\n<strong>Patryk Siekaniec<\/strong><br \/>\nUk\u0142ad wydechowy<br \/>\n<\/div>\n<div class=\"col-md-3\">\n<img decoding=\"async\" src=\"https:\/\/wm.pb.edu.pl\/cerbermotorsport\/wp-content\/uploads\/sites\/13\/2021\/01\/24.png\" alt=\"Pawe\u0142 Puchalski\"><br \/>\n<strong>Pawe\u0142 Puchalski<\/strong><br \/>\nUk\u0142ad ch\u0142odzenia<br \/>\n<\/div>\n<div class=\"row\"><\/div>\n<div class=\"col-md-4\">\n<img decoding=\"async\" src=\"https:\/\/wm.pb.edu.pl\/cerbermotorsport\/wp-content\/uploads\/sites\/13\/2021\/01\/24.png\" alt=\"Artur Pietrzeniec\"><br \/>\n<strong>Artur Pietrzeniec<\/strong><br \/>\nUk\u0142ad ch\u0142odzenia<br \/>\n<\/div>\n<div class=\"col-md-4\">\n<img decoding=\"async\" src=\"https:\/\/wm.pb.edu.pl\/cerbermotorsport\/wp-content\/uploads\/sites\/13\/2021\/01\/24.png\" alt=\"Rafa\u0142 Olk\"><br \/>\n<strong>Rafa\u0142 Olk<\/strong><br \/>\nWykonywanie element\u00f3w, spawanie<br \/>\n<\/div>\n<div class=\"col-md-4\">\n<img decoding=\"async\" src=\"https:\/\/wm.pb.edu.pl\/cerbermotorsport\/wp-content\/uploads\/sites\/13\/2021\/01\/24.png\" alt=\"Micha\u0142 Michna\"><br \/>\n<strong>Micha\u0142 Michna<\/strong><br \/>\nElektryczne rozwi\u0105zania w silniku<br \/>\n<\/div>\n<p style=\"text-align: center\"><strong><span style=\"font-size: 24pt\">ZAWIESZENIE<\/span><\/strong><\/p>\n<div class=\"row\"><\/div>\n<div class=\"col-md-4\">\n<\/div>\n<div class=\"col-md-4\">\n<img decoding=\"async\" src=\"https:\/\/wm.pb.edu.pl\/cerbermotorsport\/wp-content\/uploads\/sites\/13\/2021\/01\/21.png\" alt=\"Mariusz Frankowski\"><br \/>\n<strong>Mariusz Frankowski<\/strong><br \/>\nUk\u0142ad ch\u0142odzenia silnika, uk\u0142ad kierowniczy, kierowca<br \/>\n<\/div>\n<div class=\"col-md-4\">\n<\/div>\n<div class=\"row\"><\/div>\n<div class=\"col-md-3\">\n<\/div>\n<div class=\"col-md-3\">\n<img decoding=\"async\" src=\"https:\/\/wm.pb.edu.pl\/cerbermotorsport\/wp-content\/uploads\/sites\/13\/2021\/01\/14.png\" alt=\"Piotr Filipek\"><br \/>\n<strong>Piotr Filipek<\/strong><br \/>\nProjekt element\u00f3w zawieszenia, Cost Report<br \/>\n<\/div>\n<div class=\"col-md-3\">\n<img decoding=\"async\" src=\"https:\/\/wm.pb.edu.pl\/cerbermotorsport\/wp-content\/uploads\/sites\/13\/2021\/01\/24.png\" alt=\"Piotr Wojtaszek\"><br \/>\n<strong>Piotr Wojtaszek<\/strong><br \/>\nProjektowanie uk\u0142adu zawieszenia<br \/>\n<\/div>\n<div class=\"col-md-3\">\n<\/div>\n","protected":false},"excerpt":{"rendered":"<p>KIEROWNICTWO AREODYNAMIKA ELEKTRONIKA I PNEUMATYKA KONSTRUKCJA NO\u015aNA SILNIK I NAP\u0118D ZAWIESZENIE<\/p>\n","protected":false},"author":14,"featured_media":0,"parent":0,"menu_order":0,"comment_status":"closed","ping_status":"closed","template":"","meta":{"inline_featured_image":false,"ngg_post_thumbnail":0,"footnotes":""},"class_list":["post-130","page","type-page","status-publish","hentry"],"acf":[],"yoast_head":"<!-- This site is optimized with the Yoast SEO plugin v26.4 - https:\/\/yoast.com\/wordpress\/plugins\/seo\/ -->\n<title>Zesp\u00f3\u0142 CMS-06 - Cerber Motorsport - Wydzia\u0142 Mechaniczny PB<\/title>\n<meta name=\"robots\" content=\"index, follow, max-snippet:-1, max-image-preview:large, max-video-preview:-1\" \/>\n<link rel=\"canonical\" href=\"https:\/\/wm.pb.edu.pl\/cerbermotorsport\/zespol-cms-06\/\" \/>\n<meta property=\"og:locale\" content=\"pl_PL\" \/>\n<meta property=\"og:type\" content=\"article\" \/>\n<meta property=\"og:title\" content=\"Zesp\u00f3\u0142 CMS-06 - Cerber Motorsport - Wydzia\u0142 Mechaniczny PB\" \/>\n<meta property=\"og:description\" content=\"KIEROWNICTWO AREODYNAMIKA ELEKTRONIKA I PNEUMATYKA KONSTRUKCJA NO\u015aNA SILNIK I NAP\u0118D ZAWIESZENIE\" \/>\n<meta property=\"og:url\" content=\"https:\/\/wm.pb.edu.pl\/cerbermotorsport\/zespol-cms-06\/\" \/>\n<meta property=\"og:site_name\" content=\"Cerber Motorsport - Wydzia\u0142 Mechaniczny PB\" \/>\n<meta property=\"article:modified_time\" content=\"2024-11-15T03:25:49+00:00\" \/>\n<meta property=\"og:image\" content=\"https:\/\/wm.pb.edu.pl\/cerbermotorsport\/wp-content\/uploads\/sites\/13\/2021\/01\/zespol-na-strone-vol.2-1-1-1024x681.jpg\" \/>\n<meta name=\"twitter:card\" content=\"summary_large_image\" \/>\n<meta name=\"twitter:label1\" content=\"Szacowany czas czytania\" \/>\n\t<meta name=\"twitter:data1\" content=\"11 minut\" \/>\n<script type=\"application\/ld+json\" class=\"yoast-schema-graph\">{\"@context\":\"https:\/\/schema.org\",\"@graph\":[{\"@type\":\"WebPage\",\"@id\":\"https:\/\/wm.pb.edu.pl\/cerbermotorsport\/zespol-cms-06\/\",\"url\":\"https:\/\/wm.pb.edu.pl\/cerbermotorsport\/zespol-cms-06\/\",\"name\":\"Zesp\u00f3\u0142 CMS-06 - Cerber Motorsport - Wydzia\u0142 Mechaniczny PB\",\"isPartOf\":{\"@id\":\"https:\/\/wm.pb.edu.pl\/cerbermotorsport\/#website\"},\"primaryImageOfPage\":{\"@id\":\"https:\/\/wm.pb.edu.pl\/cerbermotorsport\/zespol-cms-06\/#primaryimage\"},\"image\":{\"@id\":\"https:\/\/wm.pb.edu.pl\/cerbermotorsport\/zespol-cms-06\/#primaryimage\"},\"thumbnailUrl\":\"https:\/\/wm.pb.edu.pl\/cerbermotorsport\/wp-content\/uploads\/sites\/13\/2021\/01\/zespol-na-strone-vol.2-1-1-1024x681.jpg\",\"datePublished\":\"2020-11-19T13:26:41+00:00\",\"dateModified\":\"2024-11-15T03:25:49+00:00\",\"breadcrumb\":{\"@id\":\"https:\/\/wm.pb.edu.pl\/cerbermotorsport\/zespol-cms-06\/#breadcrumb\"},\"inLanguage\":\"pl-PL\",\"potentialAction\":[{\"@type\":\"ReadAction\",\"target\":[\"https:\/\/wm.pb.edu.pl\/cerbermotorsport\/zespol-cms-06\/\"]}]},{\"@type\":\"ImageObject\",\"inLanguage\":\"pl-PL\",\"@id\":\"https:\/\/wm.pb.edu.pl\/cerbermotorsport\/zespol-cms-06\/#primaryimage\",\"url\":\"https:\/\/wm.pb.edu.pl\/cerbermotorsport\/wp-content\/uploads\/sites\/13\/2021\/01\/zespol-na-strone-vol.2-1-1-1024x681.jpg\",\"contentUrl\":\"https:\/\/wm.pb.edu.pl\/cerbermotorsport\/wp-content\/uploads\/sites\/13\/2021\/01\/zespol-na-strone-vol.2-1-1-1024x681.jpg\"},{\"@type\":\"BreadcrumbList\",\"@id\":\"https:\/\/wm.pb.edu.pl\/cerbermotorsport\/zespol-cms-06\/#breadcrumb\",\"itemListElement\":[{\"@type\":\"ListItem\",\"position\":1,\"name\":\"Strona g\u0142\u00f3wna\",\"item\":\"https:\/\/wm.pb.edu.pl\/cerbermotorsport\/\"},{\"@type\":\"ListItem\",\"position\":2,\"name\":\"Zesp\u00f3\u0142 CMS-06\"}]},{\"@type\":\"WebSite\",\"@id\":\"https:\/\/wm.pb.edu.pl\/cerbermotorsport\/#website\",\"url\":\"https:\/\/wm.pb.edu.pl\/cerbermotorsport\/\",\"name\":\"Cerber Motorsport - Wydzia\u0142 Mechaniczny PB\",\"description\":\"Polski zesp\u00f3\u0142 Formu\u0142y Student z Wydzia\u0142u Mechanicznego Politechniki Bia\u0142ostockiej startuj\u0105cy w mi\u0119dzynarodowych zawodach. Informacje o projektach realizowanych przez Cerber Motorsport.\",\"potentialAction\":[{\"@type\":\"SearchAction\",\"target\":{\"@type\":\"EntryPoint\",\"urlTemplate\":\"https:\/\/wm.pb.edu.pl\/cerbermotorsport\/?s={search_term_string}\"},\"query-input\":{\"@type\":\"PropertyValueSpecification\",\"valueRequired\":true,\"valueName\":\"search_term_string\"}}],\"inLanguage\":\"pl-PL\"}]}<\/script>\n<!-- \/ Yoast SEO plugin. -->","yoast_head_json":{"title":"Zesp\u00f3\u0142 CMS-06 - Cerber Motorsport - Wydzia\u0142 Mechaniczny PB","robots":{"index":"index","follow":"follow","max-snippet":"max-snippet:-1","max-image-preview":"max-image-preview:large","max-video-preview":"max-video-preview:-1"},"canonical":"https:\/\/wm.pb.edu.pl\/cerbermotorsport\/zespol-cms-06\/","og_locale":"pl_PL","og_type":"article","og_title":"Zesp\u00f3\u0142 CMS-06 - Cerber Motorsport - Wydzia\u0142 Mechaniczny PB","og_description":"KIEROWNICTWO AREODYNAMIKA ELEKTRONIKA I PNEUMATYKA KONSTRUKCJA NO\u015aNA SILNIK I NAP\u0118D ZAWIESZENIE","og_url":"https:\/\/wm.pb.edu.pl\/cerbermotorsport\/zespol-cms-06\/","og_site_name":"Cerber Motorsport - Wydzia\u0142 Mechaniczny PB","article_modified_time":"2024-11-15T03:25:49+00:00","og_image":[{"url":"https:\/\/wm.pb.edu.pl\/cerbermotorsport\/wp-content\/uploads\/sites\/13\/2021\/01\/zespol-na-strone-vol.2-1-1-1024x681.jpg","type":"","width":"","height":""}],"twitter_card":"summary_large_image","twitter_misc":{"Szacowany czas czytania":"11 minut"},"schema":{"@context":"https:\/\/schema.org","@graph":[{"@type":"WebPage","@id":"https:\/\/wm.pb.edu.pl\/cerbermotorsport\/zespol-cms-06\/","url":"https:\/\/wm.pb.edu.pl\/cerbermotorsport\/zespol-cms-06\/","name":"Zesp\u00f3\u0142 CMS-06 - Cerber Motorsport - Wydzia\u0142 Mechaniczny PB","isPartOf":{"@id":"https:\/\/wm.pb.edu.pl\/cerbermotorsport\/#website"},"primaryImageOfPage":{"@id":"https:\/\/wm.pb.edu.pl\/cerbermotorsport\/zespol-cms-06\/#primaryimage"},"image":{"@id":"https:\/\/wm.pb.edu.pl\/cerbermotorsport\/zespol-cms-06\/#primaryimage"},"thumbnailUrl":"https:\/\/wm.pb.edu.pl\/cerbermotorsport\/wp-content\/uploads\/sites\/13\/2021\/01\/zespol-na-strone-vol.2-1-1-1024x681.jpg","datePublished":"2020-11-19T13:26:41+00:00","dateModified":"2024-11-15T03:25:49+00:00","breadcrumb":{"@id":"https:\/\/wm.pb.edu.pl\/cerbermotorsport\/zespol-cms-06\/#breadcrumb"},"inLanguage":"pl-PL","potentialAction":[{"@type":"ReadAction","target":["https:\/\/wm.pb.edu.pl\/cerbermotorsport\/zespol-cms-06\/"]}]},{"@type":"ImageObject","inLanguage":"pl-PL","@id":"https:\/\/wm.pb.edu.pl\/cerbermotorsport\/zespol-cms-06\/#primaryimage","url":"https:\/\/wm.pb.edu.pl\/cerbermotorsport\/wp-content\/uploads\/sites\/13\/2021\/01\/zespol-na-strone-vol.2-1-1-1024x681.jpg","contentUrl":"https:\/\/wm.pb.edu.pl\/cerbermotorsport\/wp-content\/uploads\/sites\/13\/2021\/01\/zespol-na-strone-vol.2-1-1-1024x681.jpg"},{"@type":"BreadcrumbList","@id":"https:\/\/wm.pb.edu.pl\/cerbermotorsport\/zespol-cms-06\/#breadcrumb","itemListElement":[{"@type":"ListItem","position":1,"name":"Strona g\u0142\u00f3wna","item":"https:\/\/wm.pb.edu.pl\/cerbermotorsport\/"},{"@type":"ListItem","position":2,"name":"Zesp\u00f3\u0142 CMS-06"}]},{"@type":"WebSite","@id":"https:\/\/wm.pb.edu.pl\/cerbermotorsport\/#website","url":"https:\/\/wm.pb.edu.pl\/cerbermotorsport\/","name":"Cerber Motorsport - Wydzia\u0142 Mechaniczny PB","description":"Polski zesp\u00f3\u0142 Formu\u0142y Student z Wydzia\u0142u Mechanicznego Politechniki Bia\u0142ostockiej startuj\u0105cy w mi\u0119dzynarodowych zawodach. Informacje o projektach realizowanych przez Cerber Motorsport.","potentialAction":[{"@type":"SearchAction","target":{"@type":"EntryPoint","urlTemplate":"https:\/\/wm.pb.edu.pl\/cerbermotorsport\/?s={search_term_string}"},"query-input":{"@type":"PropertyValueSpecification","valueRequired":true,"valueName":"search_term_string"}}],"inLanguage":"pl-PL"}]}},"_links":{"self":[{"href":"https:\/\/wm.pb.edu.pl\/cerbermotorsport\/wp-json\/wp\/v2\/pages\/130","targetHints":{"allow":["GET"]}}],"collection":[{"href":"https:\/\/wm.pb.edu.pl\/cerbermotorsport\/wp-json\/wp\/v2\/pages"}],"about":[{"href":"https:\/\/wm.pb.edu.pl\/cerbermotorsport\/wp-json\/wp\/v2\/types\/page"}],"author":[{"embeddable":true,"href":"https:\/\/wm.pb.edu.pl\/cerbermotorsport\/wp-json\/wp\/v2\/users\/14"}],"replies":[{"embeddable":true,"href":"https:\/\/wm.pb.edu.pl\/cerbermotorsport\/wp-json\/wp\/v2\/comments?post=130"}],"version-history":[{"count":3,"href":"https:\/\/wm.pb.edu.pl\/cerbermotorsport\/wp-json\/wp\/v2\/pages\/130\/revisions"}],"predecessor-version":[{"id":1033,"href":"https:\/\/wm.pb.edu.pl\/cerbermotorsport\/wp-json\/wp\/v2\/pages\/130\/revisions\/1033"}],"wp:attachment":[{"href":"https:\/\/wm.pb.edu.pl\/cerbermotorsport\/wp-json\/wp\/v2\/media?parent=130"}],"curies":[{"name":"wp","href":"https:\/\/api.w.org\/{rel}","templated":true}]}}