{"id":14,"date":"2020-09-29T08:09:08","date_gmt":"2020-09-29T06:09:08","guid":{"rendered":"https:\/\/wm.pb.edu.pl\/cerber\/?page_id=14"},"modified":"2024-11-04T01:06:49","modified_gmt":"2024-11-04T00:06:49","slug":"o-nas","status":"publish","type":"page","link":"https:\/\/wm.pb.edu.pl\/cerbermotorsport\/o-nas\/","title":{"rendered":"O nas"},"content":{"rendered":"<p><span style=\"font-weight: 400\"><img loading=\"lazy\" decoding=\"async\" class=\"size-medium wp-image-847 alignleft\" src=\"https:\/\/wm.pb.edu.pl\/cerbermotorsport\/wp-content\/uploads\/sites\/13\/2022\/09\/O_nas_zdjecie-300x200.jpg\" alt=\"grupa student\u00f3w trzymaj\u0105cych flag\u0119 Polski\" width=\"300\" height=\"200\" srcset=\"https:\/\/wm.pb.edu.pl\/cerbermotorsport\/wp-content\/uploads\/sites\/13\/2022\/09\/O_nas_zdjecie-300x200.jpg 300w, https:\/\/wm.pb.edu.pl\/cerbermotorsport\/wp-content\/uploads\/sites\/13\/2022\/09\/O_nas_zdjecie-1024x683.jpg 1024w, https:\/\/wm.pb.edu.pl\/cerbermotorsport\/wp-content\/uploads\/sites\/13\/2022\/09\/O_nas_zdjecie-768x512.jpg 768w, https:\/\/wm.pb.edu.pl\/cerbermotorsport\/wp-content\/uploads\/sites\/13\/2022\/09\/O_nas_zdjecie-1536x1024.jpg 1536w, https:\/\/wm.pb.edu.pl\/cerbermotorsport\/wp-content\/uploads\/sites\/13\/2022\/09\/O_nas_zdjecie-2048x1365.jpg 2048w, https:\/\/wm.pb.edu.pl\/cerbermotorsport\/wp-content\/uploads\/sites\/13\/2022\/09\/O_nas_zdjecie-480x320.jpg 480w\" sizes=\"auto, (max-width: 300px) 100vw, 300px\" \/>Zesp\u00f3\u0142 Cerber Motorsport dzia\u0142aj\u0105cy w ramach Studenckiego Ko\u0142a Naukowego Auto-Moto-Club funkcjonuje na Wydziale Mechanicznym Politechniki Bia\u0142ostockiej. Organizacja powsta\u0142a w listopadzie 2011 roku, za spraw\u0105 17 student\u00f3w, pasjonat\u00f3w motoryzacji. Na przestrzeni lat ponad 200 os\u00f3b pracowa\u0142o nad dziewi\u0119cioma generacjami bolid\u00f3w CMS. Dzisiaj zesp\u00f3\u0142 liczy 25 osoby i jest podzielony na 7 dzia\u0142\u00f3w: Aerodynamika, Elektronika, Zawieszenie, Jednostka nap\u0119dowa, Konstrukcja no\u015bna i Marketing . G\u0142\u00f3wnym celem Ko\u0142a jest zdobycie najwy\u017cszej pozycji w presti\u017cowych, mi\u0119dzynarodowych zawodach Formu\u0142y Student. Organizowane s\u0105 corocznie w ponad 15 krajach, zrzeszaj\u0105 770 zespo\u0142\u00f3w, czyli prawie 31000 cz\u0142onk\u00f3w. Studenci projektuj\u0105 i wykonuj\u0105 bolid, kt\u00f3ry rywalizuje z dru\u017cynami z ca\u0142ego \u015bwiata. O wygranej na zawodach nie decyduje jedynie szybko\u015b\u0107 auta, r\u00f3wnie wa\u017cne s\u0105: konstrukcja, planowanie finansowe i sprzeda\u017cowe. Zawody s\u0105 podzielone na konkurencje statyczne oraz bardziej widowiskowe &#8211; dynamiczne. S\u0119dziami s\u0105 m.in. konstruktorzy \u015bci\u015ble zwi\u0105zani z bran\u017c\u0105 motoryzacyjn\u0105.&nbsp;<\/span><\/p>\n<p><span style=\"font-weight: 400\">Jako pierwszy polski team Cerber Motorsport stan\u0105\u0142 na podium zawod\u00f3w Formula SAE Italy w 2016 roku. Te zawody przynios\u0142y r\u00f3wnie\u017c drugie miejsca w konkurencjach: Acceleration, Endurance i Skidpad. Kolejne lata to r\u00f3wnie\u017c seria sukces\u00f3w, mi\u0119dzy innymi dwukrotne zwyci\u0119stwa na zawodach Formula Student Poland. Obecnie trwaj\u0105 prac\u0119 nad kolejn\u0105, dziesi\u0105t\u0105 konstrukcj\u0105. Jednym z najwa\u017cniejszych cel\u00f3w Ko\u0142a jest tworzenie coraz lepszego auta oraz wprowadzanie innowacyjnych rozwi\u0105za\u0144 poprawiaj\u0105cych jego osi\u0105gi, co przek\u0142ada si\u0119 na zdobywane miejsca. \u0141\u0105czenie teorii z praktyk\u0105, a przy tym dobra zabawa i rywalizacja to synonimy Zespo\u0142u Cerber Motorsport.<\/span><\/p>\n<p>&nbsp;<\/p>\n","protected":false},"excerpt":{"rendered":"<p>Zesp\u00f3\u0142 Cerber Motorsport dzia\u0142aj\u0105cy w ramach Studenckiego Ko\u0142a Naukowego Auto-Moto-Club funkcjonuje na Wydziale Mechanicznym Politechniki<a class=\"read-more\" href=\"https:\/\/wm.pb.edu.pl\/cerbermotorsport\/o-nas\/\" title=\"Poka\u017c artyku\u0142 O nas\">wi\u0119cej<\/a><\/p>\n","protected":false},"author":14,"featured_media":0,"parent":0,"menu_order":0,"comment_status":"closed","ping_status":"closed","template":"","meta":{"inline_featured_image":false,"ngg_post_thumbnail":0,"footnotes":""},"class_list":["post-14","page","type-page","status-publish","hentry"],"acf":[],"yoast_head":"<!-- This site is optimized with the Yoast SEO plugin v26.4 - https:\/\/yoast.com\/wordpress\/plugins\/seo\/ -->\n<title>O nas - Cerber Motorsport - Wydzia\u0142 Mechaniczny PB<\/title>\n<meta name=\"robots\" content=\"index, follow, max-snippet:-1, max-image-preview:large, max-video-preview:-1\" \/>\n<link rel=\"canonical\" href=\"https:\/\/wm.pb.edu.pl\/cerbermotorsport\/o-nas\/\" \/>\n<meta property=\"og:locale\" content=\"pl_PL\" \/>\n<meta property=\"og:type\" content=\"article\" \/>\n<meta property=\"og:title\" content=\"O nas - Cerber Motorsport - Wydzia\u0142 Mechaniczny PB\" \/>\n<meta property=\"og:description\" content=\"Zesp\u00f3\u0142 Cerber Motorsport dzia\u0142aj\u0105cy w ramach Studenckiego Ko\u0142a Naukowego Auto-Moto-Club funkcjonuje na Wydziale Mechanicznym Politechnikiwi\u0119cej\" \/>\n<meta property=\"og:url\" content=\"https:\/\/wm.pb.edu.pl\/cerbermotorsport\/o-nas\/\" \/>\n<meta property=\"og:site_name\" content=\"Cerber Motorsport - Wydzia\u0142 Mechaniczny PB\" \/>\n<meta property=\"article:modified_time\" content=\"2024-11-04T00:06:49+00:00\" \/>\n<meta property=\"og:image\" content=\"https:\/\/wm.pb.edu.pl\/cerbermotorsport\/wp-content\/uploads\/sites\/13\/2022\/09\/O_nas_zdjecie-300x200.jpg\" \/>\n<meta name=\"twitter:card\" content=\"summary_large_image\" \/>\n<meta name=\"twitter:label1\" content=\"Szacowany czas czytania\" \/>\n\t<meta name=\"twitter:data1\" content=\"2 minuty\" \/>\n<script type=\"application\/ld+json\" class=\"yoast-schema-graph\">{\"@context\":\"https:\/\/schema.org\",\"@graph\":[{\"@type\":\"WebPage\",\"@id\":\"https:\/\/wm.pb.edu.pl\/cerbermotorsport\/o-nas\/\",\"url\":\"https:\/\/wm.pb.edu.pl\/cerbermotorsport\/o-nas\/\",\"name\":\"O nas - Cerber Motorsport - Wydzia\u0142 Mechaniczny PB\",\"isPartOf\":{\"@id\":\"https:\/\/wm.pb.edu.pl\/cerbermotorsport\/#website\"},\"primaryImageOfPage\":{\"@id\":\"https:\/\/wm.pb.edu.pl\/cerbermotorsport\/o-nas\/#primaryimage\"},\"image\":{\"@id\":\"https:\/\/wm.pb.edu.pl\/cerbermotorsport\/o-nas\/#primaryimage\"},\"thumbnailUrl\":\"https:\/\/wm.pb.edu.pl\/cerbermotorsport\/wp-content\/uploads\/sites\/13\/2022\/09\/O_nas_zdjecie-300x200.jpg\",\"datePublished\":\"2020-09-29T06:09:08+00:00\",\"dateModified\":\"2024-11-04T00:06:49+00:00\",\"breadcrumb\":{\"@id\":\"https:\/\/wm.pb.edu.pl\/cerbermotorsport\/o-nas\/#breadcrumb\"},\"inLanguage\":\"pl-PL\",\"potentialAction\":[{\"@type\":\"ReadAction\",\"target\":[\"https:\/\/wm.pb.edu.pl\/cerbermotorsport\/o-nas\/\"]}]},{\"@type\":\"ImageObject\",\"inLanguage\":\"pl-PL\",\"@id\":\"https:\/\/wm.pb.edu.pl\/cerbermotorsport\/o-nas\/#primaryimage\",\"url\":\"https:\/\/wm.pb.edu.pl\/cerbermotorsport\/wp-content\/uploads\/sites\/13\/2022\/09\/O_nas_zdjecie-300x200.jpg\",\"contentUrl\":\"https:\/\/wm.pb.edu.pl\/cerbermotorsport\/wp-content\/uploads\/sites\/13\/2022\/09\/O_nas_zdjecie-300x200.jpg\"},{\"@type\":\"BreadcrumbList\",\"@id\":\"https:\/\/wm.pb.edu.pl\/cerbermotorsport\/o-nas\/#breadcrumb\",\"itemListElement\":[{\"@type\":\"ListItem\",\"position\":1,\"name\":\"Strona g\u0142\u00f3wna\",\"item\":\"https:\/\/wm.pb.edu.pl\/cerbermotorsport\/\"},{\"@type\":\"ListItem\",\"position\":2,\"name\":\"O nas\"}]},{\"@type\":\"WebSite\",\"@id\":\"https:\/\/wm.pb.edu.pl\/cerbermotorsport\/#website\",\"url\":\"https:\/\/wm.pb.edu.pl\/cerbermotorsport\/\",\"name\":\"Cerber Motorsport - Wydzia\u0142 Mechaniczny PB\",\"description\":\"Polski zesp\u00f3\u0142 Formu\u0142y Student z Wydzia\u0142u Mechanicznego Politechniki Bia\u0142ostockiej startuj\u0105cy w mi\u0119dzynarodowych zawodach. Informacje o projektach realizowanych przez Cerber Motorsport.\",\"potentialAction\":[{\"@type\":\"SearchAction\",\"target\":{\"@type\":\"EntryPoint\",\"urlTemplate\":\"https:\/\/wm.pb.edu.pl\/cerbermotorsport\/?s={search_term_string}\"},\"query-input\":{\"@type\":\"PropertyValueSpecification\",\"valueRequired\":true,\"valueName\":\"search_term_string\"}}],\"inLanguage\":\"pl-PL\"}]}<\/script>\n<!-- \/ Yoast SEO plugin. -->","yoast_head_json":{"title":"O nas - Cerber Motorsport - Wydzia\u0142 Mechaniczny PB","robots":{"index":"index","follow":"follow","max-snippet":"max-snippet:-1","max-image-preview":"max-image-preview:large","max-video-preview":"max-video-preview:-1"},"canonical":"https:\/\/wm.pb.edu.pl\/cerbermotorsport\/o-nas\/","og_locale":"pl_PL","og_type":"article","og_title":"O nas - Cerber Motorsport - Wydzia\u0142 Mechaniczny PB","og_description":"Zesp\u00f3\u0142 Cerber Motorsport dzia\u0142aj\u0105cy w ramach Studenckiego Ko\u0142a Naukowego Auto-Moto-Club funkcjonuje na Wydziale Mechanicznym Politechnikiwi\u0119cej","og_url":"https:\/\/wm.pb.edu.pl\/cerbermotorsport\/o-nas\/","og_site_name":"Cerber Motorsport - Wydzia\u0142 Mechaniczny PB","article_modified_time":"2024-11-04T00:06:49+00:00","og_image":[{"url":"https:\/\/wm.pb.edu.pl\/cerbermotorsport\/wp-content\/uploads\/sites\/13\/2022\/09\/O_nas_zdjecie-300x200.jpg","type":"","width":"","height":""}],"twitter_card":"summary_large_image","twitter_misc":{"Szacowany czas czytania":"2 minuty"},"schema":{"@context":"https:\/\/schema.org","@graph":[{"@type":"WebPage","@id":"https:\/\/wm.pb.edu.pl\/cerbermotorsport\/o-nas\/","url":"https:\/\/wm.pb.edu.pl\/cerbermotorsport\/o-nas\/","name":"O nas - Cerber Motorsport - Wydzia\u0142 Mechaniczny PB","isPartOf":{"@id":"https:\/\/wm.pb.edu.pl\/cerbermotorsport\/#website"},"primaryImageOfPage":{"@id":"https:\/\/wm.pb.edu.pl\/cerbermotorsport\/o-nas\/#primaryimage"},"image":{"@id":"https:\/\/wm.pb.edu.pl\/cerbermotorsport\/o-nas\/#primaryimage"},"thumbnailUrl":"https:\/\/wm.pb.edu.pl\/cerbermotorsport\/wp-content\/uploads\/sites\/13\/2022\/09\/O_nas_zdjecie-300x200.jpg","datePublished":"2020-09-29T06:09:08+00:00","dateModified":"2024-11-04T00:06:49+00:00","breadcrumb":{"@id":"https:\/\/wm.pb.edu.pl\/cerbermotorsport\/o-nas\/#breadcrumb"},"inLanguage":"pl-PL","potentialAction":[{"@type":"ReadAction","target":["https:\/\/wm.pb.edu.pl\/cerbermotorsport\/o-nas\/"]}]},{"@type":"ImageObject","inLanguage":"pl-PL","@id":"https:\/\/wm.pb.edu.pl\/cerbermotorsport\/o-nas\/#primaryimage","url":"https:\/\/wm.pb.edu.pl\/cerbermotorsport\/wp-content\/uploads\/sites\/13\/2022\/09\/O_nas_zdjecie-300x200.jpg","contentUrl":"https:\/\/wm.pb.edu.pl\/cerbermotorsport\/wp-content\/uploads\/sites\/13\/2022\/09\/O_nas_zdjecie-300x200.jpg"},{"@type":"BreadcrumbList","@id":"https:\/\/wm.pb.edu.pl\/cerbermotorsport\/o-nas\/#breadcrumb","itemListElement":[{"@type":"ListItem","position":1,"name":"Strona g\u0142\u00f3wna","item":"https:\/\/wm.pb.edu.pl\/cerbermotorsport\/"},{"@type":"ListItem","position":2,"name":"O nas"}]},{"@type":"WebSite","@id":"https:\/\/wm.pb.edu.pl\/cerbermotorsport\/#website","url":"https:\/\/wm.pb.edu.pl\/cerbermotorsport\/","name":"Cerber Motorsport - Wydzia\u0142 Mechaniczny PB","description":"Polski zesp\u00f3\u0142 Formu\u0142y Student z Wydzia\u0142u Mechanicznego Politechniki Bia\u0142ostockiej startuj\u0105cy w mi\u0119dzynarodowych zawodach. Informacje o projektach realizowanych przez Cerber Motorsport.","potentialAction":[{"@type":"SearchAction","target":{"@type":"EntryPoint","urlTemplate":"https:\/\/wm.pb.edu.pl\/cerbermotorsport\/?s={search_term_string}"},"query-input":{"@type":"PropertyValueSpecification","valueRequired":true,"valueName":"search_term_string"}}],"inLanguage":"pl-PL"}]}},"_links":{"self":[{"href":"https:\/\/wm.pb.edu.pl\/cerbermotorsport\/wp-json\/wp\/v2\/pages\/14","targetHints":{"allow":["GET"]}}],"collection":[{"href":"https:\/\/wm.pb.edu.pl\/cerbermotorsport\/wp-json\/wp\/v2\/pages"}],"about":[{"href":"https:\/\/wm.pb.edu.pl\/cerbermotorsport\/wp-json\/wp\/v2\/types\/page"}],"author":[{"embeddable":true,"href":"https:\/\/wm.pb.edu.pl\/cerbermotorsport\/wp-json\/wp\/v2\/users\/14"}],"replies":[{"embeddable":true,"href":"https:\/\/wm.pb.edu.pl\/cerbermotorsport\/wp-json\/wp\/v2\/comments?post=14"}],"version-history":[{"count":13,"href":"https:\/\/wm.pb.edu.pl\/cerbermotorsport\/wp-json\/wp\/v2\/pages\/14\/revisions"}],"predecessor-version":[{"id":996,"href":"https:\/\/wm.pb.edu.pl\/cerbermotorsport\/wp-json\/wp\/v2\/pages\/14\/revisions\/996"}],"wp:attachment":[{"href":"https:\/\/wm.pb.edu.pl\/cerbermotorsport\/wp-json\/wp\/v2\/media?parent=14"}],"curies":[{"name":"wp","href":"https:\/\/api.w.org\/{rel}","templated":true}]}}