{"id":60,"date":"2020-11-09T11:44:26","date_gmt":"2020-11-09T10:44:26","guid":{"rendered":"https:\/\/wm.pb.edu.pl\/cerber\/?page_id=60"},"modified":"2025-09-19T14:47:05","modified_gmt":"2025-09-19T12:47:05","slug":"bolidy","status":"publish","type":"page","link":"https:\/\/wm.pb.edu.pl\/cerbermotorsport\/bolidy\/","title":{"rendered":"Bolidy"},"content":{"rendered":"<div class=\"row\">\n<div class=\"col-sm-2\">\n<div class=\"panel panel-default panel-sport animated zoomIn\">\n<div class=\"panel-heading text-center\"><span class=\"lead\">CMS &#8211; 10<\/span><\/div>\n<div class=\"panel-body\">\n<div class=\"image\"><a title=\"\" href=\"\/\/wm.pb.edu.pl\/cerbermotorsport\/bolid-cms-10\/\"><img decoding=\"async\" class=\"aligncenter wp-image-534 size-full\" src=\"https:\/\/wm.pb.edu.pl\/cerbermotorsport\/wp-content\/uploads\/sites\/13\/2025\/09\/cms10.jpg\" alt=\"cms10\"><\/a><\/div>\n<\/div>\n<\/div>\n<\/div>\n<div class=\"col-sm-2\">\n<div class=\"panel panel-default panel-sport animated zoomIn\">\n<div class=\"panel-heading text-center\"><span class=\"lead\">CMS &#8211; 09<\/span><\/div>\n<div class=\"panel-body\">\n<div class=\"image\"><a title=\"\" href=\"https:\/\/wm.pb.edu.pl\/cerbermotorsport\/bolid-cms-09\/\"><img decoding=\"async\" class=\"aligncenter wp-image-534 size-full\" src=\"https:\/\/wm.pb.edu.pl\/cerbermotorsport\/wp-content\/uploads\/sites\/13\/2024\/11\/53923110005_e0e4eee0d9_o-scaled.jpg\"><\/a><\/div>\n<\/div>\n<\/div>\n<\/div>\n<div class=\"col-sm-2\">\n<div class=\"panel panel-default panel-sport animated zoomIn\">\n<div class=\"panel-heading text-center\"><span class=\"lead\">CMS &#8211; 08<\/span><\/div>\n<div class=\"panel-body\">\n<div class=\"image\"><a title=\"\" href=\"\/cerbermotorsport\/bolid-cms-08\/\"><img decoding=\"async\" class=\"aligncenter wp-image-534 size-full\" src=\"https:\/\/wm.pb.edu.pl\/cerbermotorsport\/wp-content\/uploads\/sites\/13\/2023\/08\/IMG_4925-scaled.jpg\"><\/a><\/div>\n<\/div>\n<\/div>\n<\/div>\n<div class=\"col-sm-2\">\n<div class=\"panel panel-default panel-sport animated zoomIn\">\n<div class=\"panel-heading text-center\"><span class=\"lead\">CMS &#8211; 07<\/span><\/div>\n<div class=\"panel-body\">\n<div class=\"image\"><a title=\"\" href=\"\/cerbermotorsport\/bolid-cms-07\/\"><img decoding=\"async\" class=\"aligncenter wp-image-534 size-full\" src=\"https:\/\/wm.pb.edu.pl\/cerbermotorsport\/wp-content\/uploads\/sites\/13\/2022\/03\/Miniaturka-CMS-07-fot.-Maciej-Giedrojc-Juraha.png\"><\/a><\/div>\n<\/div>\n<\/div>\n<\/div>\n<div class=\"col-sm-2\">\n<div class=\"panel panel-default panel-sport animated zoomIn\">\n<div class=\"panel-heading text-center\"><span class=\"lead\">CMS &#8211; 06<\/span><\/div>\n<div class=\"panel-body\">\n<div class=\"image\"><a title=\"\" href=\"\/cerbermotorsport\/bolid-cms-06\/\"><img decoding=\"async\" class=\"aligncenter wp-image-539 size-full\" src=\"https:\/\/wm.pb.edu.pl\/cerber\/wp-content\/uploads\/sites\/13\/2020\/11\/bolid-cms-06.jpg\" alt=\"\"><\/a><\/div>\n<\/div>\n<\/div>\n<\/div>\n<div class=\"col-sm-2\">\n<div class=\"panel panel-default panel-sport animated zoomIn\">\n<div class=\"panel-heading text-center\"><span class=\"lead\">CMS &#8211; 05<\/span><\/div>\n<div class=\"panel-body\">\n<div class=\"image\"><a title=\"\" href=\"\/cerbermotorsport\/bolid-cms-05\/\"><img decoding=\"async\" class=\"aligncenter wp-image-540 size-full\" src=\"https:\/\/wm.pb.edu.pl\/cerber\/wp-content\/uploads\/sites\/13\/2020\/11\/bolid-cms-05.jpg\" alt=\"\"><\/a><\/div>\n<\/div>\n<\/div>\n<\/div>\n<\/div>\n<div class=\"row\">\n<div class=\"col-sm-2\">\n<div class=\"panel panel-default panel-sport animated zoomIn\">\n<div class=\"panel-heading text-center\"><span class=\"lead\">CMS &#8211; 04<\/span><\/div>\n<div class=\"panel-body\">\n<div class=\"image\"><a title=\"\" href=\"\/cerbermotorsport\/bolid-cms-04\/\"><img decoding=\"async\" class=\"aligncenter wp-image-536 size-full\" src=\"https:\/\/wm.pb.edu.pl\/cerber\/wp-content\/uploads\/sites\/13\/2020\/11\/bolid-cms-04.jpg\" alt=\"\"><\/a><\/div>\n<\/div>\n<\/div>\n<\/div>\n<div class=\"col-sm-2\">\n<div class=\"panel panel-default panel-sport animated zoomIn\">\n<div class=\"panel-heading text-center\"><span class=\"lead\">CMS &#8211; 03<\/span><\/div>\n<div class=\"panel-body\">\n<div class=\"image\"><a title=\"\" href=\"\/cerbermotorsport\/bolid-cms-03\/\"><img decoding=\"async\" class=\"aligncenter wp-image-534 size-full\" src=\"https:\/\/wm.pb.edu.pl\/cerber\/wp-content\/uploads\/sites\/13\/2020\/11\/bolid-cms-03.jpg\" alt=\"\"><\/a><\/div>\n<\/div>\n<\/div>\n<\/div>\n<div class=\"col-sm-2\">\n<div class=\"panel panel-default panel-sport animated zoomIn\">\n<div class=\"panel-heading text-center\"><span class=\"lead\">CMS &#8211; 02<\/span><\/div>\n<div class=\"panel-body\">\n<div class=\"image\"><a title=\"\" href=\"\/cerbermotorsport\/bolid-cms-02\/\"><img decoding=\"async\" class=\"aligncenter wp-image-539 size-full\" src=\"https:\/\/wm.pb.edu.pl\/cerber\/wp-content\/uploads\/sites\/13\/2020\/11\/bolid-cms-02.jpg\" alt=\"\"><\/a><\/div>\n<\/div>\n<\/div>\n<\/div>\n<div class=\"col-sm-2\">\n<div class=\"panel panel-default panel-sport animated zoomIn\">\n<div class=\"panel-heading text-center\"><span class=\"lead\">CMS &#8211; 01<\/span><\/div>\n<div class=\"panel-body\">\n<div class=\"image\"><a title=\"\" href=\"\/cerbermotorsport\/bolid-cms-01\/\"><img decoding=\"async\" class=\"aligncenter wp-image-540 size-full\" src=\"https:\/\/wm.pb.edu.pl\/cerber\/wp-content\/uploads\/sites\/13\/2020\/11\/bolid-cms-01.jpg\" alt=\"\"><\/a><\/div>\n<\/div>\n<\/div>\n<\/div>\n<\/div>\n","protected":false},"excerpt":{"rendered":"<p>CMS &#8211; 10 CMS &#8211; 09 CMS &#8211; 08 CMS &#8211; 07 CMS &#8211; 06<a class=\"read-more\" href=\"https:\/\/wm.pb.edu.pl\/cerbermotorsport\/bolidy\/\" title=\"Poka\u017c artyku\u0142 Bolidy\">wi\u0119cej<\/a><\/p>\n","protected":false},"author":14,"featured_media":0,"parent":0,"menu_order":0,"comment_status":"closed","ping_status":"closed","template":"","meta":{"inline_featured_image":false,"ngg_post_thumbnail":0,"footnotes":""},"class_list":["post-60","page","type-page","status-publish","hentry"],"acf":[],"yoast_head":"<!-- This site is optimized with the Yoast SEO plugin v26.4 - https:\/\/yoast.com\/wordpress\/plugins\/seo\/ -->\n<title>Bolidy - Cerber Motorsport - Wydzia\u0142 Mechaniczny PB<\/title>\n<meta name=\"robots\" content=\"index, follow, max-snippet:-1, max-image-preview:large, max-video-preview:-1\" \/>\n<link rel=\"canonical\" href=\"https:\/\/wm.pb.edu.pl\/cerbermotorsport\/bolidy\/\" \/>\n<meta property=\"og:locale\" content=\"pl_PL\" \/>\n<meta property=\"og:type\" content=\"article\" \/>\n<meta property=\"og:title\" content=\"Bolidy - Cerber Motorsport - Wydzia\u0142 Mechaniczny PB\" \/>\n<meta property=\"og:description\" content=\"CMS &#8211; 10 CMS &#8211; 09 CMS &#8211; 08 CMS &#8211; 07 CMS &#8211; 06wi\u0119cej\" \/>\n<meta property=\"og:url\" content=\"https:\/\/wm.pb.edu.pl\/cerbermotorsport\/bolidy\/\" \/>\n<meta property=\"og:site_name\" content=\"Cerber Motorsport - Wydzia\u0142 Mechaniczny PB\" \/>\n<meta property=\"article:modified_time\" content=\"2025-09-19T12:47:05+00:00\" \/>\n<meta name=\"twitter:card\" content=\"summary_large_image\" \/>\n<meta name=\"twitter:label1\" content=\"Szacowany czas czytania\" \/>\n\t<meta name=\"twitter:data1\" content=\"3 minuty\" \/>\n<script type=\"application\/ld+json\" class=\"yoast-schema-graph\">{\"@context\":\"https:\/\/schema.org\",\"@graph\":[{\"@type\":\"WebPage\",\"@id\":\"https:\/\/wm.pb.edu.pl\/cerbermotorsport\/bolidy\/\",\"url\":\"https:\/\/wm.pb.edu.pl\/cerbermotorsport\/bolidy\/\",\"name\":\"Bolidy - Cerber Motorsport - Wydzia\u0142 Mechaniczny PB\",\"isPartOf\":{\"@id\":\"https:\/\/wm.pb.edu.pl\/cerbermotorsport\/#website\"},\"primaryImageOfPage\":{\"@id\":\"https:\/\/wm.pb.edu.pl\/cerbermotorsport\/bolidy\/#primaryimage\"},\"image\":{\"@id\":\"https:\/\/wm.pb.edu.pl\/cerbermotorsport\/bolidy\/#primaryimage\"},\"thumbnailUrl\":\"https:\/\/wm.pb.edu.pl\/cerbermotorsport\/wp-content\/uploads\/sites\/13\/2025\/09\/cms10.jpg\",\"datePublished\":\"2020-11-09T10:44:26+00:00\",\"dateModified\":\"2025-09-19T12:47:05+00:00\",\"breadcrumb\":{\"@id\":\"https:\/\/wm.pb.edu.pl\/cerbermotorsport\/bolidy\/#breadcrumb\"},\"inLanguage\":\"pl-PL\",\"potentialAction\":[{\"@type\":\"ReadAction\",\"target\":[\"https:\/\/wm.pb.edu.pl\/cerbermotorsport\/bolidy\/\"]}]},{\"@type\":\"ImageObject\",\"inLanguage\":\"pl-PL\",\"@id\":\"https:\/\/wm.pb.edu.pl\/cerbermotorsport\/bolidy\/#primaryimage\",\"url\":\"\",\"contentUrl\":\"\"},{\"@type\":\"BreadcrumbList\",\"@id\":\"https:\/\/wm.pb.edu.pl\/cerbermotorsport\/bolidy\/#breadcrumb\",\"itemListElement\":[{\"@type\":\"ListItem\",\"position\":1,\"name\":\"Strona g\u0142\u00f3wna\",\"item\":\"https:\/\/wm.pb.edu.pl\/cerbermotorsport\/\"},{\"@type\":\"ListItem\",\"position\":2,\"name\":\"Bolidy\"}]},{\"@type\":\"WebSite\",\"@id\":\"https:\/\/wm.pb.edu.pl\/cerbermotorsport\/#website\",\"url\":\"https:\/\/wm.pb.edu.pl\/cerbermotorsport\/\",\"name\":\"Cerber Motorsport - Wydzia\u0142 Mechaniczny PB\",\"description\":\"Polski zesp\u00f3\u0142 Formu\u0142y Student z Wydzia\u0142u Mechanicznego Politechniki Bia\u0142ostockiej startuj\u0105cy w mi\u0119dzynarodowych zawodach. Informacje o projektach realizowanych przez Cerber Motorsport.\",\"potentialAction\":[{\"@type\":\"SearchAction\",\"target\":{\"@type\":\"EntryPoint\",\"urlTemplate\":\"https:\/\/wm.pb.edu.pl\/cerbermotorsport\/?s={search_term_string}\"},\"query-input\":{\"@type\":\"PropertyValueSpecification\",\"valueRequired\":true,\"valueName\":\"search_term_string\"}}],\"inLanguage\":\"pl-PL\"}]}<\/script>\n<!-- \/ Yoast SEO plugin. -->","yoast_head_json":{"title":"Bolidy - Cerber Motorsport - Wydzia\u0142 Mechaniczny PB","robots":{"index":"index","follow":"follow","max-snippet":"max-snippet:-1","max-image-preview":"max-image-preview:large","max-video-preview":"max-video-preview:-1"},"canonical":"https:\/\/wm.pb.edu.pl\/cerbermotorsport\/bolidy\/","og_locale":"pl_PL","og_type":"article","og_title":"Bolidy - Cerber Motorsport - Wydzia\u0142 Mechaniczny PB","og_description":"CMS &#8211; 10 CMS &#8211; 09 CMS &#8211; 08 CMS &#8211; 07 CMS &#8211; 06wi\u0119cej","og_url":"https:\/\/wm.pb.edu.pl\/cerbermotorsport\/bolidy\/","og_site_name":"Cerber Motorsport - Wydzia\u0142 Mechaniczny PB","article_modified_time":"2025-09-19T12:47:05+00:00","twitter_card":"summary_large_image","twitter_misc":{"Szacowany czas czytania":"3 minuty"},"schema":{"@context":"https:\/\/schema.org","@graph":[{"@type":"WebPage","@id":"https:\/\/wm.pb.edu.pl\/cerbermotorsport\/bolidy\/","url":"https:\/\/wm.pb.edu.pl\/cerbermotorsport\/bolidy\/","name":"Bolidy - Cerber Motorsport - Wydzia\u0142 Mechaniczny PB","isPartOf":{"@id":"https:\/\/wm.pb.edu.pl\/cerbermotorsport\/#website"},"primaryImageOfPage":{"@id":"https:\/\/wm.pb.edu.pl\/cerbermotorsport\/bolidy\/#primaryimage"},"image":{"@id":"https:\/\/wm.pb.edu.pl\/cerbermotorsport\/bolidy\/#primaryimage"},"thumbnailUrl":"https:\/\/wm.pb.edu.pl\/cerbermotorsport\/wp-content\/uploads\/sites\/13\/2025\/09\/cms10.jpg","datePublished":"2020-11-09T10:44:26+00:00","dateModified":"2025-09-19T12:47:05+00:00","breadcrumb":{"@id":"https:\/\/wm.pb.edu.pl\/cerbermotorsport\/bolidy\/#breadcrumb"},"inLanguage":"pl-PL","potentialAction":[{"@type":"ReadAction","target":["https:\/\/wm.pb.edu.pl\/cerbermotorsport\/bolidy\/"]}]},{"@type":"ImageObject","inLanguage":"pl-PL","@id":"https:\/\/wm.pb.edu.pl\/cerbermotorsport\/bolidy\/#primaryimage","url":"","contentUrl":""},{"@type":"BreadcrumbList","@id":"https:\/\/wm.pb.edu.pl\/cerbermotorsport\/bolidy\/#breadcrumb","itemListElement":[{"@type":"ListItem","position":1,"name":"Strona g\u0142\u00f3wna","item":"https:\/\/wm.pb.edu.pl\/cerbermotorsport\/"},{"@type":"ListItem","position":2,"name":"Bolidy"}]},{"@type":"WebSite","@id":"https:\/\/wm.pb.edu.pl\/cerbermotorsport\/#website","url":"https:\/\/wm.pb.edu.pl\/cerbermotorsport\/","name":"Cerber Motorsport - Wydzia\u0142 Mechaniczny PB","description":"Polski zesp\u00f3\u0142 Formu\u0142y Student z Wydzia\u0142u Mechanicznego Politechniki Bia\u0142ostockiej startuj\u0105cy w mi\u0119dzynarodowych zawodach. Informacje o projektach realizowanych przez Cerber Motorsport.","potentialAction":[{"@type":"SearchAction","target":{"@type":"EntryPoint","urlTemplate":"https:\/\/wm.pb.edu.pl\/cerbermotorsport\/?s={search_term_string}"},"query-input":{"@type":"PropertyValueSpecification","valueRequired":true,"valueName":"search_term_string"}}],"inLanguage":"pl-PL"}]}},"_links":{"self":[{"href":"https:\/\/wm.pb.edu.pl\/cerbermotorsport\/wp-json\/wp\/v2\/pages\/60","targetHints":{"allow":["GET"]}}],"collection":[{"href":"https:\/\/wm.pb.edu.pl\/cerbermotorsport\/wp-json\/wp\/v2\/pages"}],"about":[{"href":"https:\/\/wm.pb.edu.pl\/cerbermotorsport\/wp-json\/wp\/v2\/types\/page"}],"author":[{"embeddable":true,"href":"https:\/\/wm.pb.edu.pl\/cerbermotorsport\/wp-json\/wp\/v2\/users\/14"}],"replies":[{"embeddable":true,"href":"https:\/\/wm.pb.edu.pl\/cerbermotorsport\/wp-json\/wp\/v2\/comments?post=60"}],"version-history":[{"count":67,"href":"https:\/\/wm.pb.edu.pl\/cerbermotorsport\/wp-json\/wp\/v2\/pages\/60\/revisions"}],"predecessor-version":[{"id":1241,"href":"https:\/\/wm.pb.edu.pl\/cerbermotorsport\/wp-json\/wp\/v2\/pages\/60\/revisions\/1241"}],"wp:attachment":[{"href":"https:\/\/wm.pb.edu.pl\/cerbermotorsport\/wp-json\/wp\/v2\/media?parent=60"}],"curies":[{"name":"wp","href":"https:\/\/api.w.org\/{rel}","templated":true}]}}