{"id":64,"date":"2020-11-09T11:44:50","date_gmt":"2020-11-09T10:44:50","guid":{"rendered":"https:\/\/wm.pb.edu.pl\/cerber\/?page_id=64"},"modified":"2026-02-24T15:14:40","modified_gmt":"2026-02-24T14:14:40","slug":"partnerzy","status":"publish","type":"page","link":"https:\/\/wm.pb.edu.pl\/cerbermotorsport\/partnerzy\/","title":{"rendered":"Partnerzy"},"content":{"rendered":"<div class=\"logo\"><div class=\"row\">\n<div class=\"col-md-3\">\n<div class=\"image\"><a class=\"alfa\" href=\"https:\/\/www.bialystok.pl\/\"><img decoding=\"async\" src=\"https:\/\/wm.pb.edu.pl\/cerbermotorsport\/wp-content\/uploads\/sites\/13\/2021\/03\/Bialystok_logo_2020_PL_RGB.png\" alt=\"Logo miasta Bia\u0142ystok\"><\/a><\/div>\n<\/div>\n<div class=\"col-md-3\">\n<div class=\"image\"><a class=\"alfa\" href=\"https:\/\/wm.pb.edu.pl\/\"><img decoding=\"async\" src=\"https:\/\/wm.pb.edu.pl\/wp-content\/uploads\/2023\/09\/logo-wm-pb-2023-www-czarne-300x76.png\" alt=\"Logo Wydzia\u0142u Mechanicznego Politechniki Bia\u0142ostockiej\"><\/a><\/div>\n<\/div>\n<div class=\"col-md-3\">\n<div class=\"image\"><a class=\"alfa\" href=\"https:\/\/pb.edu.pl\/\"><img decoding=\"async\" src=\"https:\/\/wm.pb.edu.pl\/wp-content\/uploads\/2023\/09\/logo-pion-PB-PL-kolor-czarny-na-przezroczystym-tle-300x291.png\" alt=\"Logo Politechniki Bia\u0142ostockiej\"><\/a><\/div>\n<\/div>\n<div class=\"col-md-3\">\n<div class=\"image\"><a class=\"alfa\" href=\"https:\/\/www.facebook.com\/wojpodlaskie\/\"><img decoding=\"async\" src=\"https:\/\/wm.pb.edu.pl\/cerbermotorsport\/wp-content\/uploads\/sites\/13\/2021\/09\/logo-wojewodztwo-podlaskie.png\" alt=\"Logo wojew\u00f3dztwo podlaskie\"><\/a><\/div>\n<\/div>\n<\/div>\n<p>&nbsp;<\/p>\n<div class=\"row\">\n<div class=\"col-md-3\">\n<div class=\"image\"><a class=\"alfa\" href=\"https:\/\/neva.info.pl\/\"><img decoding=\"async\" src=\"https:\/\/wm.pb.edu.pl\/cerbermotorsport\/wp-content\/uploads\/sites\/13\/2021\/01\/METAL-FACH.png\" alt=\"Logo METAL-FACH\"><\/a><\/div>\n<\/div>\n<div class=\"col-md-3\">\n<div class=\"image\"><a class=\"alfa\" href=\"https:\/\/giboplast.com\/\"><img decoding=\"async\" src=\"https:\/\/wm.pb.edu.pl\/cerbermotorsport\/wp-content\/uploads\/sites\/13\/2026\/02\/gibo_v2-scaled.png\" alt=\"Logotyp gibo\"><\/a><\/div>\n<\/div>\n<div class=\"col-md-3\">\n<div class=\"image\"><a class=\"alfa\" href=\"https:\/\/ta.parts\/\"><img decoding=\"async\" src=\"https:\/\/wm.pb.edu.pl\/cerbermotorsport\/wp-content\/uploads\/sites\/13\/2023\/06\/technology_applied_2_b.png\" alt=\"Logo TechnologyA\"><\/a><\/div>\n<\/div>\n<div class=\"col-md-3\">\n<div class=\"image\"><a class=\"alfa\" href=\"https:\/\/neva.info.pl\/\"><img decoding=\"async\" src=\"https:\/\/wm.pb.edu.pl\/cerbermotorsport\/wp-content\/uploads\/sites\/13\/2023\/06\/neva.png\" alt=\"Logo neva\"><\/a><\/div>\n<\/div>\n<\/div>\n<p>&nbsp;<\/p>\n<div class=\"row\">\n<div class=\"col-md-3\">\n<div class=\"image\"><a class=\"alfa\" href=\"https:\/\/scalmax.pl\/pl\/\"><img decoding=\"async\" src=\"https:\/\/wm.pb.edu.pl\/cerbermotorsport\/wp-content\/uploads\/sites\/13\/2023\/06\/scalmax.png\" alt=\"Logo Scalmax\"><\/a><\/div>\n<\/div>\n<div class=\"col-md-3\">\n<div class=\"image\"><a class=\"alfa\" href=\"https:\/\/jazon.com.pl\/\"><img decoding=\"async\" src=\"https:\/\/wm.pb.edu.pl\/cerbermotorsport\/wp-content\/uploads\/sites\/13\/2021\/01\/Jazon.png\" alt=\"Logo Jazon\"><\/a><\/div>\n<\/div>\n<div class=\"col-md-3\">\n<div class=\"image\"><a class=\"alfa\" href=\"https:\/\/novol.com\/\"><img decoding=\"async\" src=\"https:\/\/wm.pb.edu.pl\/cerbermotorsport\/wp-content\/uploads\/sites\/13\/2021\/01\/NOVOL.jpg\" alt=\"Logo NOVOL\"><\/a><\/div>\n<\/div>\n<div class=\"col-md-3\">\n<div class=\"image\"><a class=\"alfa\" href=\"http:\/\/tmkprojekt.pl\/\"><img decoding=\"async\" src=\"https:\/\/wm.pb.edu.pl\/cerbermotorsport\/wp-content\/uploads\/sites\/13\/2023\/06\/tmk1.png\" alt=\"Logo tmk\"><\/a><\/div>\n<\/div>\n<\/div>\n<p>&nbsp;<\/p>\n<div class=\"row\">\n<div class=\"col-md-3\">\n<div class=\"image\"><a class=\"alfa\" href=\"https:\/\/art-motor.pl\/\"><img decoding=\"async\" src=\"https:\/\/wm.pb.edu.pl\/cerbermotorsport\/wp-content\/uploads\/sites\/13\/2021\/01\/ART-MOTOR.png\" alt=\"Logo ART MOTOR\"><\/a><\/div>\n<\/div>\n<div class=\"col-md-3\">\n<div class=\"image\"><a class=\"alfa\" href=\"http:\/\/smpkariera.pl\/\"><img decoding=\"async\" src=\"https:\/\/wm.pb.edu.pl\/cerbermotorsport\/wp-content\/uploads\/sites\/13\/2021\/01\/SMP.png\" alt=\"Logo SMP\"><\/a><\/div>\n<\/div>\n<div class=\"col-md-3\">\n<div class=\"image\"><a class=\"alfa\" href=\"https:\/\/www.millersoils.pl\/\"><img decoding=\"async\" src=\"https:\/\/wm.pb.edu.pl\/cerbermotorsport\/wp-content\/uploads\/sites\/13\/2023\/06\/millers_oil_biale.png\" alt=\"Logo Millersoil\"><\/a><\/div>\n<\/div>\n<div class=\"col-md-3\">\n<div class=\"image\"><a class=\"alfa\" href=\"https:\/\/www.kipp.pl\/pl\/pl\/Strona-g%C5%82%C3%B3wna.html\/\"><img decoding=\"async\" src=\"https:\/\/wm.pb.edu.pl\/cerbermotorsport\/wp-content\/uploads\/sites\/13\/2021\/01\/Kipp.png\" alt=\"Logo Kipp\"><\/a><\/div>\n<\/div>\n<\/div>\n<p>&nbsp;<\/p>\n<div class=\"row\">\n<div class=\"col-md-3\">\n<div class=\"image\"><a class=\"alfa\" href=\"https:\/\/instytutpb.com\/\"><img decoding=\"async\" src=\"https:\/\/wm.pb.edu.pl\/cerbermotorsport\/wp-content\/uploads\/sites\/13\/2023\/06\/instytut_innowacji.png\" alt=\"Logo instytut_innowacji\"><\/a><\/div>\n<\/div>\n<div class=\"col-md-3\">\n<div class=\"image\"><a class=\"alfa\" href=\"https:\/\/medgal.com.pl\/\"><img decoding=\"async\" src=\"https:\/\/wm.pb.edu.pl\/cerbermotorsport\/wp-content\/uploads\/sites\/13\/2023\/06\/medgal.png\" alt=\"Logo medgal\"><\/a><\/div>\n<\/div>\n<div class=\"col-md-3\">\n<div class=\"image\"><a class=\"alfa\" href=\"https:\/\/logopolska.pl\/\"><img decoding=\"async\" src=\"https:\/\/wm.pb.edu.pl\/cerbermotorsport\/wp-content\/uploads\/sites\/13\/2023\/06\/logopolska_male_turkus_szare.png\" alt=\"Logo Polska\"><\/a><\/div>\n<\/div>\n<div class=\"col-md-3\">\n<div class=\"image\"><a class=\"alfa\" href=\"https:\/\/fabryka-reklam.com\/\"><img decoding=\"async\" src=\"https:\/\/wm.pb.edu.pl\/cerbermotorsport\/wp-content\/uploads\/sites\/13\/2023\/06\/fabryka_reklam_male_czarne.png\" alt=\"Logo fabryka_reklam\"><\/a><\/div>\n<\/div>\n<\/div>\n<p>&nbsp;<\/p>\n<div class=\"row\">\n<div class=\"col-md-3\">\n<div class=\"image\"><a class=\"alfa\" href=\"https:\/\/www.norelem.pl\/pl\/pl\/Home.html\"><img decoding=\"async\" src=\"https:\/\/wm.pb.edu.pl\/cerbermotorsport\/wp-content\/uploads\/sites\/13\/2023\/06\/norelem.png\" alt=\"Logo norelem\"><\/a><\/div>\n<\/div>\n<div class=\"col-md-3\">\n<div class=\"image\"><a class=\"alfa\" href=\"https:\/\/symkom.pl\/\"><img decoding=\"async\" src=\"https:\/\/wm.pb.edu.pl\/cerbermotorsport\/wp-content\/uploads\/sites\/13\/2023\/06\/symkom_b.png\" alt=\"Logo symkom\"><\/a><\/div>\n<\/div>\n<div class=\"col-md-3\">\n<div class=\"image\"><a class=\"alfa\" href=\"https:\/\/www.vi-grade.com\/\"><img decoding=\"async\" src=\"https:\/\/wm.pb.edu.pl\/cerbermotorsport\/wp-content\/uploads\/sites\/13\/2026\/02\/vi-grade_red.jpg\" alt=\"Logotyp VI-GRADE\"><\/a><\/div>\n<\/div>\n<div class=\"col-md-3\">\n<div class=\"image\"><a class=\"alfa\" href=\"https:\/\/bianar.pl\/\"><img decoding=\"async\" src=\"https:\/\/wm.pb.edu.pl\/cerbermotorsport\/wp-content\/uploads\/sites\/13\/2023\/06\/bianar_czarny.png\" alt=\"Logo bianar\"><\/a><\/div>\n<\/div>\n<\/div>\n<p>&nbsp;<\/p>\n<div class=\"row\">\n<div class=\"col-md-3\">\n<div class=\"image\"><a class=\"alfa\" href=\"https:\/\/3dconnexion.com\/pl\/\"><img decoding=\"async\" src=\"https:\/\/wm.pb.edu.pl\/cerbermotorsport\/wp-content\/uploads\/sites\/13\/2023\/06\/3dconnexion.png\" alt=\"Logo 3dconnexion\"><\/a><\/div>\n<\/div>\n<div class=\"col-md-3\">\n<div class=\"image\"><a class=\"alfa\" href=\"https:\/\/www.promotech.eu\/pl\/\"><img decoding=\"async\" src=\"https:\/\/wm.pb.edu.pl\/cerbermotorsport\/wp-content\/uploads\/sites\/13\/2023\/06\/promotech.png\" alt=\"Logo promotech\"><\/a><\/div>\n<\/div>\n<div class=\"col-md-3\">\n<div class=\"image\"><a class=\"alfa\" href=\"https:\/\/maxtondesign.pl\/?gclid=Cj0KCQjwpeaYBhDXARIsAEzItbG4bcLenUpWZTmvmF28WvDGsHqHPHVjJHT2pnK7tVBh3QxvnwZvv_AaApoMEALw_wcB\"><img decoding=\"async\" src=\"https:\/\/wm.pb.edu.pl\/cerbermotorsport\/wp-content\/uploads\/sites\/13\/2023\/06\/maxton.png\" alt=\"Logo maxton\"><\/a><\/div>\n<\/div>\n<div class=\"col-md-3\">\n<div class=\"image\"><a class=\"alfa\" href=\"https:\/\/pizzabrakes.pl\/\"><img decoding=\"async\" src=\"https:\/\/wm.pb.edu.pl\/cerbermotorsport\/wp-content\/uploads\/sites\/13\/2026\/01\/pizzabrakes.png\" alt=\"Logotyp PIZZA BRAKES\"><\/a><\/div>\n<\/div>\n<\/div>\n<p>&nbsp;<\/p>\n<div class=\"row\">\n<div class=\"col-md-3\">\n<div class=\"image\"><a class=\"alfa\" href=\"https:\/\/simp.pl\/\"><img decoding=\"async\" src=\"https:\/\/wm.pb.edu.pl\/cerbermotorsport\/wp-content\/uploads\/sites\/13\/2021\/01\/SIMP.png\" alt=\"Logo SIMP\"><\/a><\/div>\n<\/div>\n<div class=\"col-md-3\">\n<div class=\"image\"><a class=\"alfa\" href=\"https:\/\/intratel.pl\/\"><img decoding=\"async\" src=\"https:\/\/wm.pb.edu.pl\/cerbermotorsport\/wp-content\/uploads\/sites\/13\/2026\/01\/Intratel.png\" alt=\"Logotyp Intratel\"><\/a><\/div>\n<\/div>\n<div class=\"col-md-3\">\n<div class=\"image\"><a class=\"alfa\" href=\"https:\/\/pofelgowani.pl\/\"><img decoding=\"async\" src=\"https:\/\/wm.pb.edu.pl\/cerbermotorsport\/wp-content\/uploads\/sites\/13\/2026\/01\/Pofelgowani.png\" alt=\"Logotyp Pofelgowani\"><\/a><\/div>\n<\/div>\n<div class=\"col-md-3\">\n<div class=\"image\"><a class=\"alfa\" href=\"https:\/\/metal-max.pl\/\"><img decoding=\"async\" src=\"https:\/\/wm.pb.edu.pl\/cerbermotorsport\/wp-content\/uploads\/sites\/13\/2023\/06\/Metal-MAX.png\" alt=\"Logo metal_max\"><\/a><\/div>\n<\/div>\n<\/div>\n<p>&nbsp;<\/p>\n<div class=\"row\">\n<div class=\"col-md-3\">\n<div class=\"image\"><a class=\"alfa\" href=\"https:\/\/ap.bialystok.pl\/\"><img decoding=\"async\" src=\"https:\/\/wm.pb.edu.pl\/cerbermotorsport\/wp-content\/uploads\/sites\/13\/2023\/06\/automobil_klub.png\" alt=\"Logo automobil_klub\"><\/a><\/div>\n<\/div>\n<div class=\"col-md-3\">\n<div class=\"image\"><a class=\"alfa\" href=\"https:\/\/pzm.pl\/zo\/bialystok\"><img decoding=\"async\" src=\"https:\/\/wm.pb.edu.pl\/cerbermotorsport\/wp-content\/uploads\/sites\/13\/2023\/06\/pzm.png\" alt=\"Logo pzm\"><\/a><\/div>\n<\/div>\n<div class=\"col-md-3\">\n<div class=\"image\"><a class=\"alfa\" href=\"https:\/\/pb.edu.pl\/sspb\/\"><img decoding=\"async\" src=\"https:\/\/wm.pb.edu.pl\/cerbermotorsport\/wp-content\/uploads\/sites\/13\/2023\/06\/logoSSPB.png\" alt=\"Logo samorz\u0105d\"><\/a><\/div>\n<\/div>\n<div class=\"col-md-3\">\n<div class=\"image\"><a class=\"alfa\" href=\"https:\/\/www.ecumaster.com\/\"><img decoding=\"async\" src=\"https:\/\/wm.pb.edu.pl\/cerbermotorsport\/wp-content\/uploads\/sites\/13\/2023\/06\/ecu_master.png\" alt=\"Logo ecu_master\"><\/a><\/div>\n<\/div>\n<\/div>\n<p>&nbsp;<\/p>\n<div class=\"row\">\n<div class=\"col-md-3\">\n<div class=\"image\"><a class=\"alfa\" href=\"https:\/\/symkom.pl\/\"><img decoding=\"async\" src=\"https:\/\/wm.pb.edu.pl\/cerbermotorsport\/wp-content\/uploads\/sites\/13\/2021\/01\/Ansys.png\" alt=\"Logo Ansys\"><\/a><\/div>\n<\/div>\n<div class=\"col-md-3\">\n<div class=\"image\"><a class=\"alfa\" href=\"https:\/\/www.solidworks.pl\/\"><img decoding=\"async\" src=\"https:\/\/wm.pb.edu.pl\/cerbermotorsport\/wp-content\/uploads\/sites\/13\/2021\/01\/SolidWorks.png\" alt=\"Logo SolidWorks\"><\/a><\/div>\n<\/div>\n<div class=\"col-md-3\">\n<div class=\"image\"><a class=\"alfa\" href=\"http:\/\/www.grm-systems.cz\/pl\/adres\"><img decoding=\"async\" src=\"https:\/\/wm.pb.edu.pl\/cerbermotorsport\/wp-content\/uploads\/sites\/13\/2023\/06\/grm_b.png\" alt=\"Logo grm\"><\/a><\/div>\n<\/div>\n<div class=\"col-md-3\">\n<div class=\"image\"><a class=\"alfa\" href=\"https:\/\/www.chlodnice.net.pl\/\"><img decoding=\"async\" src=\"https:\/\/wm.pb.edu.pl\/cerbermotorsport\/wp-content\/uploads\/sites\/13\/2023\/06\/chlodnice-rosloniec.jpg\" alt=\"Logo ch\u0142odnice_rosloniec\"><\/a><\/div>\n<\/div>\n<\/div>\n<p>&nbsp;<\/p>\n<div class=\"row\">\n<div class=\"col-md-3\">\n<div class=\"image\"><a class=\"alfa\" href=\"https:\/\/premiumsolutions.pl\/\"><img decoding=\"async\" src=\"https:\/\/wm.pb.edu.pl\/cerbermotorsport\/wp-content\/uploads\/sites\/13\/2021\/01\/SolidCAM.png\" alt=\"Logotyp SolidCAM\"><\/a><\/div>\n<\/div>\n<div class=\"col-md-3\">\n<div class=\"image\"><a class=\"alfa\" href=\"https:\/\/premiumsolutions.pl\/\"><img decoding=\"async\" src=\"https:\/\/wm.pb.edu.pl\/cerbermotorsport\/wp-content\/uploads\/sites\/13\/2023\/06\/premium_solution.png\" alt=\"Logo premium_solution\"><\/a><\/div>\n<\/div>\n<div class=\"col-md-3\">\n<div class=\"image\"><a class=\"alfa\" href=\"https:\/\/www.gtisoft.com\/\"><img decoding=\"async\" src=\"https:\/\/wm.pb.edu.pl\/cerbermotorsport\/wp-content\/uploads\/sites\/13\/2026\/01\/gamma.jpg\" alt=\"Logotyp Gamma Technologies\"><\/a><\/div>\n<\/div>\n<div class=\"col-md-3\">\n<div class=\"image\"><a class=\"alfa\" href=\"https:\/\/www.altium.com\/\"><img decoding=\"async\" src=\"https:\/\/wm.pb.edu.pl\/cerbermotorsport\/wp-content\/uploads\/sites\/13\/2023\/03\/altium_b-1.png\" alt=\"Logo altium\"><\/a><\/div>\n<\/div>\n<\/div>\n&nbsp;<\/p>\n<div class=\"row\">\n<div class=\"col-md-3\">\n<div class=\"image\"><a class=\"alfa\" href=\"https:\/\/www.quay.pl\/\"><img decoding=\"async\" src=\"https:\/\/wm.pb.edu.pl\/cerbermotorsport\/wp-content\/uploads\/sites\/13\/2025\/11\/quay.png\" alt=\"Logotyp Quay\"><\/a><\/div>\n<\/div>\n<div class=\"col-md-3\">\n<div class=\"image\"><a class=\"alfa\" href=\"https:\/\/3dkordo.eu\/sklep\/\"><img decoding=\"async\" src=\"https:\/\/wm.pb.edu.pl\/cerbermotorsport\/wp-content\/uploads\/sites\/13\/2026\/01\/3DKordo.png\" alt=\"Logotyp 3DKordo\"><\/a><\/div>\n<\/div>\n<div class=\"col-md-3\">\n<\/div>\n<div class=\"col-md-3\">\n<\/div>\n<\/div>\n<\/div>\n<p>&nbsp;<\/p>\n","protected":false},"excerpt":{"rendered":"<p>&nbsp; &nbsp; &nbsp; &nbsp; &nbsp; &nbsp; &nbsp; &nbsp; &nbsp; &nbsp; &nbsp; &nbsp;<\/p>\n","protected":false},"author":14,"featured_media":0,"parent":0,"menu_order":0,"comment_status":"closed","ping_status":"closed","template":"","meta":{"inline_featured_image":false,"ngg_post_thumbnail":0,"footnotes":""},"class_list":["post-64","page","type-page","status-publish","hentry"],"acf":[],"yoast_head":"<!-- This site is optimized with the Yoast SEO plugin v26.4 - https:\/\/yoast.com\/wordpress\/plugins\/seo\/ -->\n<title>Partnerzy - Cerber Motorsport - Wydzia\u0142 Mechaniczny PB<\/title>\n<meta name=\"robots\" content=\"index, follow, max-snippet:-1, max-image-preview:large, max-video-preview:-1\" \/>\n<link rel=\"canonical\" href=\"https:\/\/wm.pb.edu.pl\/cerbermotorsport\/partnerzy\/\" \/>\n<meta property=\"og:locale\" content=\"pl_PL\" \/>\n<meta property=\"og:type\" content=\"article\" \/>\n<meta property=\"og:title\" content=\"Partnerzy - Cerber Motorsport - Wydzia\u0142 Mechaniczny PB\" \/>\n<meta property=\"og:description\" content=\"&nbsp; &nbsp; &nbsp; &nbsp; &nbsp; &nbsp; &nbsp; &nbsp; &nbsp; &nbsp; &nbsp; &nbsp;\" \/>\n<meta property=\"og:url\" content=\"https:\/\/wm.pb.edu.pl\/cerbermotorsport\/partnerzy\/\" \/>\n<meta property=\"og:site_name\" content=\"Cerber Motorsport - Wydzia\u0142 Mechaniczny PB\" \/>\n<meta property=\"article:modified_time\" content=\"2026-02-24T14:14:40+00:00\" \/>\n<meta property=\"og:image\" content=\"https:\/\/wm.pb.edu.pl\/cerbermotorsport\/wp-content\/uploads\/sites\/13\/2021\/03\/Bialystok_logo_2020_PL_RGB.png\" \/>\n<meta name=\"twitter:card\" content=\"summary_large_image\" \/>\n<meta name=\"twitter:label1\" content=\"Szacowany czas czytania\" \/>\n\t<meta name=\"twitter:data1\" content=\"11 minut\" \/>\n<script type=\"application\/ld+json\" class=\"yoast-schema-graph\">{\"@context\":\"https:\/\/schema.org\",\"@graph\":[{\"@type\":\"WebPage\",\"@id\":\"https:\/\/wm.pb.edu.pl\/cerbermotorsport\/partnerzy\/\",\"url\":\"https:\/\/wm.pb.edu.pl\/cerbermotorsport\/partnerzy\/\",\"name\":\"Partnerzy - Cerber Motorsport - Wydzia\u0142 Mechaniczny PB\",\"isPartOf\":{\"@id\":\"https:\/\/wm.pb.edu.pl\/cerbermotorsport\/#website\"},\"primaryImageOfPage\":{\"@id\":\"https:\/\/wm.pb.edu.pl\/cerbermotorsport\/partnerzy\/#primaryimage\"},\"image\":{\"@id\":\"https:\/\/wm.pb.edu.pl\/cerbermotorsport\/partnerzy\/#primaryimage\"},\"thumbnailUrl\":\"https:\/\/wm.pb.edu.pl\/cerbermotorsport\/wp-content\/uploads\/sites\/13\/2021\/03\/Bialystok_logo_2020_PL_RGB.png\",\"datePublished\":\"2020-11-09T10:44:50+00:00\",\"dateModified\":\"2026-02-24T14:14:40+00:00\",\"breadcrumb\":{\"@id\":\"https:\/\/wm.pb.edu.pl\/cerbermotorsport\/partnerzy\/#breadcrumb\"},\"inLanguage\":\"pl-PL\",\"potentialAction\":[{\"@type\":\"ReadAction\",\"target\":[\"https:\/\/wm.pb.edu.pl\/cerbermotorsport\/partnerzy\/\"]}]},{\"@type\":\"ImageObject\",\"inLanguage\":\"pl-PL\",\"@id\":\"https:\/\/wm.pb.edu.pl\/cerbermotorsport\/partnerzy\/#primaryimage\",\"url\":\"https:\/\/wm.pb.edu.pl\/cerbermotorsport\/wp-content\/uploads\/sites\/13\/2021\/03\/Bialystok_logo_2020_PL_RGB.png\",\"contentUrl\":\"https:\/\/wm.pb.edu.pl\/cerbermotorsport\/wp-content\/uploads\/sites\/13\/2021\/03\/Bialystok_logo_2020_PL_RGB.png\",\"width\":600,\"height\":400},{\"@type\":\"BreadcrumbList\",\"@id\":\"https:\/\/wm.pb.edu.pl\/cerbermotorsport\/partnerzy\/#breadcrumb\",\"itemListElement\":[{\"@type\":\"ListItem\",\"position\":1,\"name\":\"Strona g\u0142\u00f3wna\",\"item\":\"https:\/\/wm.pb.edu.pl\/cerbermotorsport\/\"},{\"@type\":\"ListItem\",\"position\":2,\"name\":\"Partnerzy\"}]},{\"@type\":\"WebSite\",\"@id\":\"https:\/\/wm.pb.edu.pl\/cerbermotorsport\/#website\",\"url\":\"https:\/\/wm.pb.edu.pl\/cerbermotorsport\/\",\"name\":\"Cerber Motorsport - Wydzia\u0142 Mechaniczny PB\",\"description\":\"Polski zesp\u00f3\u0142 Formu\u0142y Student z Wydzia\u0142u Mechanicznego Politechniki Bia\u0142ostockiej startuj\u0105cy w mi\u0119dzynarodowych zawodach. Informacje o projektach realizowanych przez Cerber Motorsport.\",\"potentialAction\":[{\"@type\":\"SearchAction\",\"target\":{\"@type\":\"EntryPoint\",\"urlTemplate\":\"https:\/\/wm.pb.edu.pl\/cerbermotorsport\/?s={search_term_string}\"},\"query-input\":{\"@type\":\"PropertyValueSpecification\",\"valueRequired\":true,\"valueName\":\"search_term_string\"}}],\"inLanguage\":\"pl-PL\"}]}<\/script>\n<!-- \/ Yoast SEO plugin. -->","yoast_head_json":{"title":"Partnerzy - Cerber Motorsport - Wydzia\u0142 Mechaniczny PB","robots":{"index":"index","follow":"follow","max-snippet":"max-snippet:-1","max-image-preview":"max-image-preview:large","max-video-preview":"max-video-preview:-1"},"canonical":"https:\/\/wm.pb.edu.pl\/cerbermotorsport\/partnerzy\/","og_locale":"pl_PL","og_type":"article","og_title":"Partnerzy - Cerber Motorsport - Wydzia\u0142 Mechaniczny PB","og_description":"&nbsp; &nbsp; &nbsp; &nbsp; &nbsp; &nbsp; &nbsp; &nbsp; &nbsp; &nbsp; &nbsp; &nbsp;","og_url":"https:\/\/wm.pb.edu.pl\/cerbermotorsport\/partnerzy\/","og_site_name":"Cerber Motorsport - Wydzia\u0142 Mechaniczny PB","article_modified_time":"2026-02-24T14:14:40+00:00","og_image":[{"url":"https:\/\/wm.pb.edu.pl\/cerbermotorsport\/wp-content\/uploads\/sites\/13\/2021\/03\/Bialystok_logo_2020_PL_RGB.png","type":"","width":"","height":""}],"twitter_card":"summary_large_image","twitter_misc":{"Szacowany czas czytania":"11 minut"},"schema":{"@context":"https:\/\/schema.org","@graph":[{"@type":"WebPage","@id":"https:\/\/wm.pb.edu.pl\/cerbermotorsport\/partnerzy\/","url":"https:\/\/wm.pb.edu.pl\/cerbermotorsport\/partnerzy\/","name":"Partnerzy - Cerber Motorsport - Wydzia\u0142 Mechaniczny PB","isPartOf":{"@id":"https:\/\/wm.pb.edu.pl\/cerbermotorsport\/#website"},"primaryImageOfPage":{"@id":"https:\/\/wm.pb.edu.pl\/cerbermotorsport\/partnerzy\/#primaryimage"},"image":{"@id":"https:\/\/wm.pb.edu.pl\/cerbermotorsport\/partnerzy\/#primaryimage"},"thumbnailUrl":"https:\/\/wm.pb.edu.pl\/cerbermotorsport\/wp-content\/uploads\/sites\/13\/2021\/03\/Bialystok_logo_2020_PL_RGB.png","datePublished":"2020-11-09T10:44:50+00:00","dateModified":"2026-02-24T14:14:40+00:00","breadcrumb":{"@id":"https:\/\/wm.pb.edu.pl\/cerbermotorsport\/partnerzy\/#breadcrumb"},"inLanguage":"pl-PL","potentialAction":[{"@type":"ReadAction","target":["https:\/\/wm.pb.edu.pl\/cerbermotorsport\/partnerzy\/"]}]},{"@type":"ImageObject","inLanguage":"pl-PL","@id":"https:\/\/wm.pb.edu.pl\/cerbermotorsport\/partnerzy\/#primaryimage","url":"https:\/\/wm.pb.edu.pl\/cerbermotorsport\/wp-content\/uploads\/sites\/13\/2021\/03\/Bialystok_logo_2020_PL_RGB.png","contentUrl":"https:\/\/wm.pb.edu.pl\/cerbermotorsport\/wp-content\/uploads\/sites\/13\/2021\/03\/Bialystok_logo_2020_PL_RGB.png","width":600,"height":400},{"@type":"BreadcrumbList","@id":"https:\/\/wm.pb.edu.pl\/cerbermotorsport\/partnerzy\/#breadcrumb","itemListElement":[{"@type":"ListItem","position":1,"name":"Strona g\u0142\u00f3wna","item":"https:\/\/wm.pb.edu.pl\/cerbermotorsport\/"},{"@type":"ListItem","position":2,"name":"Partnerzy"}]},{"@type":"WebSite","@id":"https:\/\/wm.pb.edu.pl\/cerbermotorsport\/#website","url":"https:\/\/wm.pb.edu.pl\/cerbermotorsport\/","name":"Cerber Motorsport - Wydzia\u0142 Mechaniczny PB","description":"Polski zesp\u00f3\u0142 Formu\u0142y Student z Wydzia\u0142u Mechanicznego Politechniki Bia\u0142ostockiej startuj\u0105cy w mi\u0119dzynarodowych zawodach. Informacje o projektach realizowanych przez Cerber Motorsport.","potentialAction":[{"@type":"SearchAction","target":{"@type":"EntryPoint","urlTemplate":"https:\/\/wm.pb.edu.pl\/cerbermotorsport\/?s={search_term_string}"},"query-input":{"@type":"PropertyValueSpecification","valueRequired":true,"valueName":"search_term_string"}}],"inLanguage":"pl-PL"}]}},"_links":{"self":[{"href":"https:\/\/wm.pb.edu.pl\/cerbermotorsport\/wp-json\/wp\/v2\/pages\/64","targetHints":{"allow":["GET"]}}],"collection":[{"href":"https:\/\/wm.pb.edu.pl\/cerbermotorsport\/wp-json\/wp\/v2\/pages"}],"about":[{"href":"https:\/\/wm.pb.edu.pl\/cerbermotorsport\/wp-json\/wp\/v2\/types\/page"}],"author":[{"embeddable":true,"href":"https:\/\/wm.pb.edu.pl\/cerbermotorsport\/wp-json\/wp\/v2\/users\/14"}],"replies":[{"embeddable":true,"href":"https:\/\/wm.pb.edu.pl\/cerbermotorsport\/wp-json\/wp\/v2\/comments?post=64"}],"version-history":[{"count":87,"href":"https:\/\/wm.pb.edu.pl\/cerbermotorsport\/wp-json\/wp\/v2\/pages\/64\/revisions"}],"predecessor-version":[{"id":1332,"href":"https:\/\/wm.pb.edu.pl\/cerbermotorsport\/wp-json\/wp\/v2\/pages\/64\/revisions\/1332"}],"wp:attachment":[{"href":"https:\/\/wm.pb.edu.pl\/cerbermotorsport\/wp-json\/wp\/v2\/media?parent=64"}],"curies":[{"name":"wp","href":"https:\/\/api.w.org\/{rel}","templated":true}]}}