{"id":66,"date":"2020-11-09T11:44:59","date_gmt":"2020-11-09T10:44:59","guid":{"rendered":"https:\/\/wm.pb.edu.pl\/cerber\/?page_id=66"},"modified":"2025-09-19T17:54:11","modified_gmt":"2025-09-19T15:54:11","slug":"osiagniecia","status":"publish","type":"page","link":"https:\/\/wm.pb.edu.pl\/cerbermotorsport\/osiagniecia\/","title":{"rendered":"Osi\u0105gni\u0119cia"},"content":{"rendered":"<div class=\"h2\" style=\"text-align: center\"><em><b>Cerber Motorsport &#8211; CMS-10<\/b><\/em><\/div>\n<p><b>Formula Student Czech Republic:<\/b><\/p>\n<p>Skidpad: 3. miejsce<\/p>\n<p>Acceleration: 2. miejsce<\/p>\n<p>Scrutineering Star Award \u2013 nagroda za najszybsze przej\u015bcie inspekcji technicznej w\u015br\u00f3d aut spalinowych<\/p>\n<hr>\n<p><b>Formula Student Poland:<\/b><\/p>\n<p>Skidpad: 1. miejsce<\/p>\n<p>Acceleration: 1. miejsce<\/p>\n<p>Cost and Manufacturing event: 3. miejsce<\/p>\n<p>Business Plan Presentation: 4. miejsce<\/p>\n<p>Engineering Desing: 5. miejsce<\/p>\n<p><em>Klasyfikacja generalna: 4. miejsce.<\/em><\/p>\n<div class=\"h2\" style=\"text-align: center\"><em><b>Cerber Motorsport &#8211; CMS-09<\/b><\/em><\/div>\n<p><b>Formula Student East:<\/b><\/p>\n<p><em>Acceleration: 1. miejsce<\/em><\/p>\n<p>Skidpad: 1. miejsce<\/p>\n<p>Autocross: 4. miejsce<\/p>\n<p>Engineering Design event: 5. miejsce<\/p>\n<p>Cost and Manufacturing event: 4. miejsce<\/p>\n<p><em>Klasyfikacja generalna 4. miejsce<\/em><\/p>\n<hr>\n<p><strong>Formula Student Austria<\/strong><\/p>\n<p>Skidpad: 3. miejsce<\/p>\n<p>Acceleration: 2. miejsce<\/p>\n<p>Autocross: 4. miejsce.<\/p>\n<p>Endurance: 2. miejsce.&nbsp; &nbsp;<\/p>\n<p><em>Klasyfikacja generalna: 5. miejsce.<\/em><\/p>\n<hr>\n<p><b>Formula Student Czech Republic:<\/b><\/p>\n<p><em>Skidpad: 1. miejsce<\/em><\/p>\n<p>Acceleration: 1. miejsce<\/p>\n<p>Autocross: 4. miejsce<\/p>\n<p>Design event: 5. miejsce<\/p>\n<p>Cost and Manufacturing event: 8. miejsce<\/p>\n<p>Endurance &amp; Efficiency: 1. miejsce<\/p>\n<p><em>Klasyfikacja generalna: 1. miejsce.<\/em><\/p>\n<hr>\n<p><b>Formula Student Poland:<\/b><\/p>\n<p><em>Skidpad: 1. miejsce<\/em><\/p>\n<p>Acceleration: 1. miejsce<\/p>\n<p>Autocross: 1. miejsce<\/p>\n<p>Design event: 4. miejsce<\/p>\n<p>Cost and Manufacturing event: 2. miejsce<\/p>\n<p>Endurance &amp; Efficiency: 1. miejsce<\/p>\n<p>Business Plan Presentation: 5. miejsce<\/p>\n<p><em>Klasyfikacja generalna: 1. miejsce.<\/em><\/p>\n<div class=\"h2\" style=\"text-align: center\"><em><b>Cerber Motorsport &#8211; CMS-08<\/b><\/em><\/div>\n<p><strong>Formula Student Poland:<\/strong><\/p>\n<p><strong>Konkurencje dynamiczne:<\/strong><\/p>\n<ul>\n<li><strong>1. miejsce Acceleration Event<\/strong><\/li>\n<li><strong>2. miejsce Autocross Event<\/strong><\/li>\n<li><strong>2. miejsce Skidpad Event<\/strong><\/li>\n<li><strong>1. miejsce Endurance Event<\/strong><\/li>\n<li><strong>1. miejsce Efficiency Event<\/strong><\/li>\n<\/ul>\n<p><strong>Konkurencje statyczne:<\/strong><\/p>\n<ul>\n<li><strong>2. miejsce Engineering Design Event<\/strong><\/li>\n<li><strong>2. miejsce Cost and manufacturing Event<\/strong><\/li>\n<li>4 miejsce Business Presentation Event<\/li>\n<\/ul>\n<p>Klasyfikacja generalna: <strong>1 miejsce<\/strong><\/p>\n<hr>\n<p><strong>Formula Student Romania:<\/strong><\/p>\n<p><strong>Konkurencje dynamiczne:<\/strong><\/p>\n<ul>\n<li style=\"list-style-type: none\">\n<ul>\n<li><strong>1. miejsce Acceleration Event<\/strong><\/li>\n<\/ul>\n<\/li>\n<\/ul>\n<ul>\n<li><strong>1. miejsce Autocross Event<\/strong><\/li>\n<li><strong>1. miejsce Skidpad Event<\/strong><\/li>\n<li><strong>1. miejsce Endurance Event<\/strong><\/li>\n<li><strong>1. miejsce Efficiency Event<\/strong><\/li>\n<\/ul>\n<p><strong>Konkurencje statyczne:<\/strong><\/p>\n<ul>\n<li><strong>1. miejsce Engineering Design Event<\/strong><\/li>\n<li><strong>1. miejsce Cost and manufacturing Event<\/strong><\/li>\n<li>5 miejsce Business Presentation Event<\/li>\n<\/ul>\n<p>Klasyfikacja generalna: <strong>1 miejsce<\/strong><\/p>\n<hr>\n<div class=\"cxmmr5t8 oygrvhab hcukyx3x c1et5uql o9v6fnle ii04i59q\">&nbsp;<\/div>\n<div class=\"cxmmr5t8 oygrvhab hcukyx3x c1et5uql o9v6fnle ii04i59q\">\n<div dir=\"auto\"><b style=\"font-size: 1.5rem\">Formula SAE Italy:<\/b><\/div>\n<\/div>\n<p><strong>Konkurencje dynamiczne:<\/strong><\/p>\n<ul>\n<li>4. miejsce Acceleration Event<\/li>\n<li>4. miejsce Autocross Event&nbsp;<\/li>\n<li>6. miejsce Skidpad Event<\/li>\n<li>5. miejsce Endurance &amp; Efficiency Event<\/li>\n<\/ul>\n<p><strong>Konkurencje statyczne:<\/strong><\/p>\n<ul>\n<li><strong>2. miejsce Design Event<\/strong><\/li>\n<li>5. miejsce Cost &amp; manufacturing event<\/li>\n<li>22. miejsce Business Presentation Event<\/li>\n<\/ul>\n<p><strong>Klasyfikacja generalna: <\/strong>5 miejsce<\/p>\n<hr>\n<p><b>Formula Student Czech Republic:<\/b><\/p>\n<p><strong>Konkurencje dynamiczne:<\/strong><\/p>\n<ul>\n<li>1. miejsce Acceleration<\/li>\n<li>6. miejsce Autocross<\/li>\n<li>8. miejsce Skidpad<\/li>\n<li>3. miejsce Endurance<\/li>\n<li>9. miejsce Efficiency<\/li>\n<\/ul>\n<p><strong>Konkurencje statyczne:<\/strong><\/p>\n<ul>\n<li>14. miejsce Cost and Manufacturing event<\/li>\n<li>16. miejsce Engineering Design event<\/li>\n<li>17. miejsce Business Plan Presentation<\/li>\n<\/ul>\n<p><strong>Klasyfikacja generalna:&nbsp;<\/strong>7. Miejsce<\/p>\n<hr>\n<p><strong>Formula Student Austria:<\/strong><\/p>\n<div class=\"cxmmr5t8 oygrvhab hcukyx3x c1et5uql o9v6fnle ii04i59q\">\n<div dir=\"auto\">\n<p><strong>Konkurencje dynamiczne:<\/strong><\/p>\n<ul>\n<li>\n<div dir=\"auto\">5. miejsce Acceleration<\/div>\n<\/li>\n<li>\n<div dir=\"auto\">9. miejsce Autocross<\/div>\n<\/li>\n<li>\n<div dir=\"auto\">10. miejsce Skidpad<\/div>\n<\/li>\n<li>\n<div dir=\"auto\">5. miejsce Endurance<\/div>\n<\/li>\n<li>\n<div dir=\"auto\">5. miejsce Efficiency<\/div>\n<\/li>\n<\/ul>\n<p><strong>Konkurencje statyczne:<\/strong><\/p>\n<ul>\n<li>\n<div dir=\"auto\">13. miejsce Engineering Design<\/div>\n<\/li>\n<li>\n<div dir=\"auto\">20. miejsce Cost &amp; manufacturing<\/div>\n<\/li>\n<li>\n<div dir=\"auto\">22. miejsce Business Plan Presentation<\/div>\n<\/li>\n<\/ul>\n<p><strong>Klasyfikacja generalna:&nbsp;<\/strong>6. Miejsce<\/p>\n<hr>\n<\/div>\n<\/div>\n<p><b>Formula Student East:<\/b><\/p>\n<p><strong>Konkurencje dynamiczne:<\/strong><\/p>\n<ul>\n<li>\n<div dir=\"auto\"><strong>2. miejsce Acceleration<\/strong><\/div>\n<\/li>\n<li>\n<div dir=\"auto\">11. miejsce Skidpad<\/div>\n<\/li>\n<li>\n<div dir=\"auto\">9. miejsce Autocross<\/div>\n<\/li>\n<li>\n<div dir=\"auto\">4. miejsce Endurance<\/div>\n<\/li>\n<li>\n<div dir=\"auto\">5. miejsce Efficiency<\/div>\n<\/li>\n<\/ul>\n<p><strong>Konkurencje statyczne:<\/strong><\/p>\n<ul>\n<li>\n<div dir=\"auto\">18. miejsce Engineering Design event<\/div>\n<\/li>\n<li>\n<div dir=\"auto\">17. miejsce Cost and Manufacturing event<\/div>\n<\/li>\n<li>\n<div dir=\"auto\">17. miejsce Business Plan Presentation event<\/div>\n<\/li>\n<\/ul>\n<p><strong>Klasyfikacja generalna:&nbsp;<\/strong>6. Miejsce<\/p>\n<hr>\n<p><strong>Formula Student Germany<\/strong><\/p>\n<p>Konkurencje dynamiczne:<\/p>\n<ul>\n<li>5. miejsce Acceleration<\/li>\n<li>7. miejsce Skidpad<\/li>\n<li>7. miejsce Autocross<\/li>\n<li>4. miejsce Endurance<\/li>\n<li>6. miejsce Efficiency<\/li>\n<\/ul>\n<p>Konkurencje statyczne:<\/p>\n<ul>\n<li>7. miejsce Engineering Design event<\/li>\n<li>15. miejsce Cost &amp; manufacturing event<\/li>\n<li>25. miejsce Business Plan Presentation<\/li>\n<\/ul>\n<p><strong>Klasyfikacja generalna:&nbsp;<\/strong>4. Miejsce<\/p>\n<hr>\n<div class=\"h2\" style=\"text-align: center\"><em><b>Cerber Motorsport &#8211; CMS-07<\/b><\/em><\/div>\n<p><b>Formula Student East:<\/b><\/p>\n<p><em>Acceleration: 3 miejsce<\/em><\/p>\n<p>Skidpad: 9. miejsce<\/p>\n<p>Autox: 13. miejsce<\/p>\n<p>Engineering Design event: 15. miejsce<\/p>\n<p>Cost and Manufacturing event: 17. miejsce<\/p>\n<p><em>W klasyfikacja generalnej 16. miejsce<\/em><\/p>\n<hr>\n<p><strong>Formula Student Austria<\/strong><\/p>\n<p>Skidpad: 7. miejsce<\/p>\n<p>Acceleration: 9. miejsce<\/p>\n<p>Autocross: 13. miejsce.<\/p>\n<p><em>Klasyfikacja generalna: 16. miejsce.<\/em><\/p>\n<hr>\n<p><b>Formula SAE Italy:<\/b><\/p>\n<p><em>Skidpad: 2. miejsce<\/em><\/p>\n<p>Acceleration: 7. miejsce<\/p>\n<p>AutoX: 8. miejsce<\/p>\n<p>Design event: 9. miejsce<\/p>\n<p>Cost and Manufacturing event: 15. miejsce<\/p>\n<p>Endurance &amp; Efficiency: 11. miejsce<\/p>\n<p>BBP: 17. miejsce<\/p>\n<p><em>Klasyfikacja generalna: 11. miejsce.<\/em><\/p>\n<div class=\"h2\" style=\"text-align: center\"><em><b>Cerber Motorsport &#8211; CMS-06<\/b><\/em><\/div>\n<p><b>Formula Student Czech Republic:<\/b><\/p>\n<p><span style=\"font-weight: 400\">5 miejsce Engineering Design<\/span><\/p>\n<p><span style=\"font-weight: 400\">4 miejsce Autocross<\/span><\/p>\n<p><span style=\"font-weight: 400\">7 miejsce Skidpad<\/span><\/p>\n<p><span style=\"font-weight: 400\">9 miejsce Acceleration<\/span><\/p>\n<p><span style=\"font-weight: 400\">9 miejsce klasyfikacji generalnej<\/span><\/p>\n<p><b>Formula Student East<\/b><\/p>\n<p><span style=\"font-weight: 400\">9 miejsce w konkurencji Business Presentation&nbsp;<\/span><\/p>\n<p><b>Formula SAE Italy:<\/b><\/p>\n<p><span style=\"font-weight: 400\">6 miejsce w konkurencji Business Presentation&nbsp;<\/span><\/p>\n<div class=\"h2\" style=\"text-align: center\"><em><b>Cerber Motorsport &#8211; CMS-05<\/b><\/em><\/div>\n<p><strong>Formula SAE Italy:<\/strong><\/p>\n<p><span style=\"font-weight: 400\">3 miejsce w Skidpad<\/span><\/p>\n<p><span style=\"font-weight: 400\">8 miejsce w Acceleration i Endurance<\/span><\/p>\n<p><span style=\"font-weight: 400\">6 miejsce w klasyfikacji generalnej<\/span><\/p>\n<p><strong>Formula Student East:<\/strong><\/p>\n<p><span style=\"font-weight: 400\">2 miejsce w Acceleration<\/span><\/p>\n<p><span style=\"font-weight: 400\">6 miejsce Autocross<\/span><\/p>\n<p><span style=\"font-weight: 400\">5 miejsce Endurance<\/span><\/p>\n<p><span style=\"font-weight: 400\">10 miejsce w Skidpad<\/span><\/p>\n<p><span style=\"font-weight: 400\">6 miejsce w klasyfikacji generalnej<\/span><\/p>\n<p><strong>Formula Student Czech Republic:<\/strong><\/p>\n<p><span style=\"font-weight: 400\">1 miejsce w Autocross<\/span><\/p>\n<p><span style=\"font-weight: 400\">6 miejsce w Acceleration<\/span><\/p>\n<p><span style=\"font-weight: 400\">9 miejsce w klasyfikacji generalnej<\/span><\/p>\n<div class=\"h2\" style=\"text-align: center\"><em><b>Cerber Motorsport &#8211; CMS-04<\/b><\/em><\/div>\n<p><strong>Formula SAE Italy:<\/strong><\/p>\n<p><span style=\"font-weight: 400\">3 miejsce w Skidpad<\/span><\/p>\n<p><span style=\"font-weight: 400\">6 miejsce w Acceleration<\/span><\/p>\n<p><strong>Formula Student Czech Republic:<\/strong><\/p>\n<p><span style=\"font-weight: 400\">2 miejsce w Cost Report<\/span><\/p>\n<p><span style=\"font-weight: 400\">5 miejsce Skidpad<\/span><\/p>\n<p><strong>Formula Student Hungary:<\/strong><\/p>\n<p><span style=\"font-weight: 400\">7 miejsce w Skidpad<\/span><\/p>\n<p><span style=\"font-weight: 400\">10 miejsce w klasyfikacji generalnej<\/span><\/p>\n<div class=\"h2\" style=\"text-align: center\"><em><b>Cerber Motorsport &#8211; CMS-03<\/b><\/em><\/div>\n<p><strong>Formula SAE Italy:<\/strong><\/p>\n<p><span style=\"font-weight: 400\">2 miejsce w Acceleration<\/span><\/p>\n<p><span style=\"font-weight: 400\">2 miejsce w Skidpad<\/span><\/p>\n<p><span style=\"font-weight: 400\">2 miejsce w Endurance<\/span><\/p>\n<p><span style=\"font-weight: 400\">2 miejsce w klasyfikacji generalnej<\/span><\/p>\n<p><strong>Formula Student Czech Republic:<\/strong><\/p>\n<p><span style=\"font-weight: 400\">1 miejsce w Autocross<\/span><\/p>\n<p><span style=\"font-weight: 400\">3 miejsce Business Plan Presentation<\/span><\/p>\n<p><span style=\"font-weight: 400\">3 miejsce w Cost Report<\/span><\/p>\n<p><span style=\"font-weight: 400\">4 miejsce w klasyfikacji generalnej<\/span><\/p>\n<div class=\"h2\" style=\"text-align: center\"><em><b>Cerber Motorsport &#8211; CMS-02<\/b><\/em><\/div>\n<p><strong>Formula SAE Italy<\/strong><\/p>\n<ol start=\"10\">\n<li><span style=\"font-weight: 400\"> miejsce Skidpad<\/span><\/li>\n<\/ol>\n<p><strong>Formula Student Hungary<\/strong><\/p>\n<ol start=\"8\">\n<li><span style=\"font-weight: 400\"> miejsce Cost Report<\/span><\/li>\n<\/ol>\n<p><strong>Formula Student Czech Republic<\/strong><\/p>\n<ol start=\"7\">\n<li><span style=\"font-weight: 400\"> miejsce Business Plan Presetation<\/span><\/li>\n<\/ol>\n<p><strong>Formula Student UK<\/strong><\/p>\n<ol start=\"19\">\n<li><span style=\"font-weight: 400\"> miejsce Cost Report<\/span><\/li>\n<\/ol>\n<div class=\"h2\" style=\"text-align: center\"><em><b>Cerber Motorsport &#8211; CMS-01<\/b><\/em><\/div>\n<p><strong>Formula Student Germany<\/strong><\/p>\n<p><span style=\"font-weight: 400\">Sportsmanship Award<\/span><\/p>\n<p><strong>Formula Student Hungary<\/strong><\/p>\n<p><span style=\"font-weight: 400\">27 miejsce w rankingu generalnym<\/span><\/p>\n<p>&nbsp;<\/p>\n<p>2 miejsce w konkursie Formula Student Germany MediaAward 2013<\/p>\n","protected":false},"excerpt":{"rendered":"<p>Cerber Motorsport &#8211; CMS-10 Formula Student Czech Republic: Skidpad: 3. miejsce Acceleration: 2. miejsce Scrutineering<a class=\"read-more\" href=\"https:\/\/wm.pb.edu.pl\/cerbermotorsport\/osiagniecia\/\" title=\"Poka\u017c artyku\u0142 Osi\u0105gni\u0119cia\">wi\u0119cej<\/a><\/p>\n","protected":false},"author":14,"featured_media":0,"parent":0,"menu_order":0,"comment_status":"closed","ping_status":"closed","template":"","meta":{"inline_featured_image":false,"ngg_post_thumbnail":0,"footnotes":""},"class_list":["post-66","page","type-page","status-publish","hentry"],"acf":[],"yoast_head":"<!-- This site is optimized with the Yoast SEO plugin v26.4 - https:\/\/yoast.com\/wordpress\/plugins\/seo\/ -->\n<title>Osi\u0105gni\u0119cia - Cerber Motorsport - Wydzia\u0142 Mechaniczny PB<\/title>\n<meta name=\"robots\" content=\"index, follow, max-snippet:-1, max-image-preview:large, max-video-preview:-1\" \/>\n<link rel=\"canonical\" href=\"https:\/\/wm.pb.edu.pl\/cerbermotorsport\/osiagniecia\/\" \/>\n<meta property=\"og:locale\" content=\"pl_PL\" \/>\n<meta property=\"og:type\" content=\"article\" \/>\n<meta property=\"og:title\" content=\"Osi\u0105gni\u0119cia - Cerber Motorsport - Wydzia\u0142 Mechaniczny PB\" \/>\n<meta property=\"og:description\" content=\"Cerber Motorsport &#8211; CMS-10 Formula Student Czech Republic: Skidpad: 3. miejsce Acceleration: 2. miejsce Scrutineeringwi\u0119cej\" \/>\n<meta property=\"og:url\" content=\"https:\/\/wm.pb.edu.pl\/cerbermotorsport\/osiagniecia\/\" \/>\n<meta property=\"og:site_name\" content=\"Cerber Motorsport - Wydzia\u0142 Mechaniczny PB\" \/>\n<meta property=\"article:modified_time\" content=\"2025-09-19T15:54:11+00:00\" \/>\n<meta name=\"twitter:card\" content=\"summary_large_image\" \/>\n<meta name=\"twitter:label1\" content=\"Szacowany czas czytania\" \/>\n\t<meta name=\"twitter:data1\" content=\"5 minut\" \/>\n<script type=\"application\/ld+json\" class=\"yoast-schema-graph\">{\"@context\":\"https:\/\/schema.org\",\"@graph\":[{\"@type\":\"WebPage\",\"@id\":\"https:\/\/wm.pb.edu.pl\/cerbermotorsport\/osiagniecia\/\",\"url\":\"https:\/\/wm.pb.edu.pl\/cerbermotorsport\/osiagniecia\/\",\"name\":\"Osi\u0105gni\u0119cia - Cerber Motorsport - Wydzia\u0142 Mechaniczny PB\",\"isPartOf\":{\"@id\":\"https:\/\/wm.pb.edu.pl\/cerbermotorsport\/#website\"},\"datePublished\":\"2020-11-09T10:44:59+00:00\",\"dateModified\":\"2025-09-19T15:54:11+00:00\",\"breadcrumb\":{\"@id\":\"https:\/\/wm.pb.edu.pl\/cerbermotorsport\/osiagniecia\/#breadcrumb\"},\"inLanguage\":\"pl-PL\",\"potentialAction\":[{\"@type\":\"ReadAction\",\"target\":[\"https:\/\/wm.pb.edu.pl\/cerbermotorsport\/osiagniecia\/\"]}]},{\"@type\":\"BreadcrumbList\",\"@id\":\"https:\/\/wm.pb.edu.pl\/cerbermotorsport\/osiagniecia\/#breadcrumb\",\"itemListElement\":[{\"@type\":\"ListItem\",\"position\":1,\"name\":\"Strona g\u0142\u00f3wna\",\"item\":\"https:\/\/wm.pb.edu.pl\/cerbermotorsport\/\"},{\"@type\":\"ListItem\",\"position\":2,\"name\":\"Osi\u0105gni\u0119cia\"}]},{\"@type\":\"WebSite\",\"@id\":\"https:\/\/wm.pb.edu.pl\/cerbermotorsport\/#website\",\"url\":\"https:\/\/wm.pb.edu.pl\/cerbermotorsport\/\",\"name\":\"Cerber Motorsport - Wydzia\u0142 Mechaniczny PB\",\"description\":\"Polski zesp\u00f3\u0142 Formu\u0142y Student z Wydzia\u0142u Mechanicznego Politechniki Bia\u0142ostockiej startuj\u0105cy w mi\u0119dzynarodowych zawodach. Informacje o projektach realizowanych przez Cerber Motorsport.\",\"potentialAction\":[{\"@type\":\"SearchAction\",\"target\":{\"@type\":\"EntryPoint\",\"urlTemplate\":\"https:\/\/wm.pb.edu.pl\/cerbermotorsport\/?s={search_term_string}\"},\"query-input\":{\"@type\":\"PropertyValueSpecification\",\"valueRequired\":true,\"valueName\":\"search_term_string\"}}],\"inLanguage\":\"pl-PL\"}]}<\/script>\n<!-- \/ Yoast SEO plugin. -->","yoast_head_json":{"title":"Osi\u0105gni\u0119cia - Cerber Motorsport - Wydzia\u0142 Mechaniczny PB","robots":{"index":"index","follow":"follow","max-snippet":"max-snippet:-1","max-image-preview":"max-image-preview:large","max-video-preview":"max-video-preview:-1"},"canonical":"https:\/\/wm.pb.edu.pl\/cerbermotorsport\/osiagniecia\/","og_locale":"pl_PL","og_type":"article","og_title":"Osi\u0105gni\u0119cia - Cerber Motorsport - Wydzia\u0142 Mechaniczny PB","og_description":"Cerber Motorsport &#8211; CMS-10 Formula Student Czech Republic: Skidpad: 3. miejsce Acceleration: 2. miejsce Scrutineeringwi\u0119cej","og_url":"https:\/\/wm.pb.edu.pl\/cerbermotorsport\/osiagniecia\/","og_site_name":"Cerber Motorsport - Wydzia\u0142 Mechaniczny PB","article_modified_time":"2025-09-19T15:54:11+00:00","twitter_card":"summary_large_image","twitter_misc":{"Szacowany czas czytania":"5 minut"},"schema":{"@context":"https:\/\/schema.org","@graph":[{"@type":"WebPage","@id":"https:\/\/wm.pb.edu.pl\/cerbermotorsport\/osiagniecia\/","url":"https:\/\/wm.pb.edu.pl\/cerbermotorsport\/osiagniecia\/","name":"Osi\u0105gni\u0119cia - Cerber Motorsport - Wydzia\u0142 Mechaniczny PB","isPartOf":{"@id":"https:\/\/wm.pb.edu.pl\/cerbermotorsport\/#website"},"datePublished":"2020-11-09T10:44:59+00:00","dateModified":"2025-09-19T15:54:11+00:00","breadcrumb":{"@id":"https:\/\/wm.pb.edu.pl\/cerbermotorsport\/osiagniecia\/#breadcrumb"},"inLanguage":"pl-PL","potentialAction":[{"@type":"ReadAction","target":["https:\/\/wm.pb.edu.pl\/cerbermotorsport\/osiagniecia\/"]}]},{"@type":"BreadcrumbList","@id":"https:\/\/wm.pb.edu.pl\/cerbermotorsport\/osiagniecia\/#breadcrumb","itemListElement":[{"@type":"ListItem","position":1,"name":"Strona g\u0142\u00f3wna","item":"https:\/\/wm.pb.edu.pl\/cerbermotorsport\/"},{"@type":"ListItem","position":2,"name":"Osi\u0105gni\u0119cia"}]},{"@type":"WebSite","@id":"https:\/\/wm.pb.edu.pl\/cerbermotorsport\/#website","url":"https:\/\/wm.pb.edu.pl\/cerbermotorsport\/","name":"Cerber Motorsport - Wydzia\u0142 Mechaniczny PB","description":"Polski zesp\u00f3\u0142 Formu\u0142y Student z Wydzia\u0142u Mechanicznego Politechniki Bia\u0142ostockiej startuj\u0105cy w mi\u0119dzynarodowych zawodach. Informacje o projektach realizowanych przez Cerber Motorsport.","potentialAction":[{"@type":"SearchAction","target":{"@type":"EntryPoint","urlTemplate":"https:\/\/wm.pb.edu.pl\/cerbermotorsport\/?s={search_term_string}"},"query-input":{"@type":"PropertyValueSpecification","valueRequired":true,"valueName":"search_term_string"}}],"inLanguage":"pl-PL"}]}},"_links":{"self":[{"href":"https:\/\/wm.pb.edu.pl\/cerbermotorsport\/wp-json\/wp\/v2\/pages\/66","targetHints":{"allow":["GET"]}}],"collection":[{"href":"https:\/\/wm.pb.edu.pl\/cerbermotorsport\/wp-json\/wp\/v2\/pages"}],"about":[{"href":"https:\/\/wm.pb.edu.pl\/cerbermotorsport\/wp-json\/wp\/v2\/types\/page"}],"author":[{"embeddable":true,"href":"https:\/\/wm.pb.edu.pl\/cerbermotorsport\/wp-json\/wp\/v2\/users\/14"}],"replies":[{"embeddable":true,"href":"https:\/\/wm.pb.edu.pl\/cerbermotorsport\/wp-json\/wp\/v2\/comments?post=66"}],"version-history":[{"count":29,"href":"https:\/\/wm.pb.edu.pl\/cerbermotorsport\/wp-json\/wp\/v2\/pages\/66\/revisions"}],"predecessor-version":[{"id":1295,"href":"https:\/\/wm.pb.edu.pl\/cerbermotorsport\/wp-json\/wp\/v2\/pages\/66\/revisions\/1295"}],"wp:attachment":[{"href":"https:\/\/wm.pb.edu.pl\/cerbermotorsport\/wp-json\/wp\/v2\/media?parent=66"}],"curies":[{"name":"wp","href":"https:\/\/api.w.org\/{rel}","templated":true}]}}