{"id":11,"date":"2018-06-25T21:29:55","date_gmt":"2018-06-25T19:29:55","guid":{"rendered":"https:\/\/wm.pb.edu.pl\/dar\/?page_id=11"},"modified":"2025-08-18T09:01:50","modified_gmt":"2025-08-18T07:01:50","slug":"katedra-mechaniki-i-informatyki-stosowanej-wydzial-mechaniczny-politechniki-bialostockiej","status":"publish","type":"page","link":"https:\/\/wm.pb.edu.pl\/dar\/","title":{"rendered":""},"content":{"rendered":"<div class=\"img-full\">\n<p><img decoding=\"async\" src=\"https:\/\/wm.pb.edu.pl\/dar\/wp-content\/uploads\/sites\/31\/2025\/03\/baner-DAR_v2.png\" alt=\"Baner robot pisze list\"><\/p>\n<div class=\"img-full-text\">\n<div class=\"img-logo\"><img loading=\"lazy\" decoding=\"async\" class=\"aligncenter wp-image-815\" src=\"https:\/\/wm.pb.edu.pl\/dar\/wp-content\/uploads\/sites\/31\/2025\/03\/Logo1_DAR_szare.png\" alt=\"Logo DAR\" width=\"300\" height=\"252\" srcset=\"https:\/\/wm.pb.edu.pl\/dar\/wp-content\/uploads\/sites\/31\/2025\/03\/Logo1_DAR_szare.png 800w, https:\/\/wm.pb.edu.pl\/dar\/wp-content\/uploads\/sites\/31\/2025\/03\/Logo1_DAR_szare-300x252.png 300w, https:\/\/wm.pb.edu.pl\/dar\/wp-content\/uploads\/sites\/31\/2025\/03\/Logo1_DAR_szare-768x646.png 768w\" sizes=\"auto, (max-width: 300px) 100vw, 300px\" \/><\/div>\n<div class=\"img-full-button2\">Mi\u0119dzyzdroje, 26 sierpnia 2025 r.<\/div>\n<\/div>\n<\/div>\n<p>&nbsp;<\/p>\n<div class=\"text-center h2 online\">Link umo\u017cliwiaj\u0105cy zdalny udzia\u0142 w konferencji:<br \/>\n<a href=\"https:\/\/teams.microsoft.com\/dl\/launcher\/launcher.html?url=%2F_%23%2Fl%2Fmeetup-join%2F19%3Afeeb97e00b974915b02fa9c0891f7302%40thread.tacv2%2F1755041289610%3Fcontext%3D%257b%2522Tid%2522%253a%25220aa66ad4-f98f-4515-b7c9-b60fd37ad027%2522%252c%2522Oid%2522%253a%2522b82578b7-643c-4e90-a429-d8873a1aea88%2522%257d%26anon%3Dtrue&#038;type=meetup-join&#038;deeplinkId=154bb19a-8a84-4b59-94bf-6695c93d3d59&#038;directDl=true&#038;msLaunch=true&#038;enableMobilePage=true&#038;suppressPrompt=true\">Konferencja DAR<\/a><br \/>\n&#8211; &#8211; &#8211;<br \/>\n<a  class=\"pdf\" href=\"https:\/\/wm.pb.edu.pl\/dar\/wp-content\/uploads\/sites\/31\/2025\/08\/Zeszyt-streszczen-DAR.pdf\" target=\"_blank\" data-id=\"998\" >Zeszyt streszcze\u0144 <span>(PDF, 321 KB, otworzy si\u0119 w nowej karcie)<\/span><\/a><br \/>\nZapraszamy<\/div>\n<div id=\"box-menu\">&nbsp;<\/div>\n<p>&nbsp;<\/p>\n<div class=\"row\">\n<div class=\"col-sm-3 text-center\"><a class=\"button\" style=\"width: 100%; padding: 0px 5px 10px 5px;\" href=\"\/dar\/o-konferencji\/\"><img loading=\"lazy\" decoding=\"async\" class=\"aligncenter size-full wp-image-820\" src=\"https:\/\/wm.pb.edu.pl\/dar\/wp-content\/uploads\/sites\/31\/2025\/03\/O_konferencjij.png\" alt=\"\" width=\"800\" height=\"800\" srcset=\"https:\/\/wm.pb.edu.pl\/dar\/wp-content\/uploads\/sites\/31\/2025\/03\/O_konferencjij.png 800w, https:\/\/wm.pb.edu.pl\/dar\/wp-content\/uploads\/sites\/31\/2025\/03\/O_konferencjij-300x300.png 300w, https:\/\/wm.pb.edu.pl\/dar\/wp-content\/uploads\/sites\/31\/2025\/03\/O_konferencjij-150x150.png 150w, https:\/\/wm.pb.edu.pl\/dar\/wp-content\/uploads\/sites\/31\/2025\/03\/O_konferencjij-768x768.png 768w\" sizes=\"auto, (max-width: 800px) 100vw, 800px\" \/><span class=\"lead\">O konferencji<\/span><\/a><\/div>\n<div class=\"col-sm-3 text-center\"><a class=\"button\" style=\"width: 100%; padding: 0px 5px 10px 5px;\" href=\"\/dar\/dla-uczestnikow\/\"><img loading=\"lazy\" decoding=\"async\" class=\"aligncenter size-full wp-image-822\" src=\"https:\/\/wm.pb.edu.pl\/dar\/wp-content\/uploads\/sites\/31\/2025\/03\/Dla_autorow.png\" alt=\"\" width=\"800\" height=\"800\" srcset=\"https:\/\/wm.pb.edu.pl\/dar\/wp-content\/uploads\/sites\/31\/2025\/03\/Dla_autorow.png 800w, https:\/\/wm.pb.edu.pl\/dar\/wp-content\/uploads\/sites\/31\/2025\/03\/Dla_autorow-300x300.png 300w, https:\/\/wm.pb.edu.pl\/dar\/wp-content\/uploads\/sites\/31\/2025\/03\/Dla_autorow-150x150.png 150w, https:\/\/wm.pb.edu.pl\/dar\/wp-content\/uploads\/sites\/31\/2025\/03\/Dla_autorow-768x768.png 768w\" sizes=\"auto, (max-width: 800px) 100vw, 800px\" \/><span class=\"lead\">Dla uczestnik\u00f3w<\/span><\/a><\/div>\n<div class=\"col-sm-3 text-center\"><a class=\"button\" style=\"width: 100%; padding: 0px 5px 10px 5px;\" href=\"\/dar\/organizacja\/\"><img loading=\"lazy\" decoding=\"async\" class=\"aligncenter size-full wp-image-821\" src=\"https:\/\/wm.pb.edu.pl\/dar\/wp-content\/uploads\/sites\/31\/2025\/03\/Organizacja22.png\" alt=\"\" width=\"800\" height=\"800\" srcset=\"https:\/\/wm.pb.edu.pl\/dar\/wp-content\/uploads\/sites\/31\/2025\/03\/Organizacja22.png 800w, https:\/\/wm.pb.edu.pl\/dar\/wp-content\/uploads\/sites\/31\/2025\/03\/Organizacja22-300x300.png 300w, https:\/\/wm.pb.edu.pl\/dar\/wp-content\/uploads\/sites\/31\/2025\/03\/Organizacja22-150x150.png 150w, https:\/\/wm.pb.edu.pl\/dar\/wp-content\/uploads\/sites\/31\/2025\/03\/Organizacja22-768x768.png 768w\" sizes=\"auto, (max-width: 800px) 100vw, 800px\" \/><span class=\"lead\">Organizacja<\/span><\/a><\/div>\n<div class=\"col-sm-3 text-center\"><a class=\"button\" style=\"width: 100%; padding: 0px 5px 10px 5px;\" href=\"\/dar\/kontakt\/\"><img loading=\"lazy\" decoding=\"async\" class=\"aligncenter size-full wp-image-823\" src=\"https:\/\/wm.pb.edu.pl\/dar\/wp-content\/uploads\/sites\/31\/2025\/03\/Kontakt2.png\" alt=\"\" width=\"800\" height=\"800\" srcset=\"https:\/\/wm.pb.edu.pl\/dar\/wp-content\/uploads\/sites\/31\/2025\/03\/Kontakt2.png 800w, https:\/\/wm.pb.edu.pl\/dar\/wp-content\/uploads\/sites\/31\/2025\/03\/Kontakt2-300x300.png 300w, https:\/\/wm.pb.edu.pl\/dar\/wp-content\/uploads\/sites\/31\/2025\/03\/Kontakt2-150x150.png 150w, https:\/\/wm.pb.edu.pl\/dar\/wp-content\/uploads\/sites\/31\/2025\/03\/Kontakt2-768x768.png 768w\" sizes=\"auto, (max-width: 800px) 100vw, 800px\" \/><span class=\"lead\">Kontakt<\/span><\/a><\/div>\n<\/div>\n<p>&nbsp;<\/p>\n<div class=\"row\">\n<div class=\"col-sm-6 text-center\"><a class=\"button text-center animated zoomIn lead\" style=\"width: 100%; font-weight: 400; letter-spacing: 2px;\" href=\"\/dar\/rejestracja\/\">Rejestracja<\/a><\/div>\n<div class=\"col-sm-6 text-center\"><a class=\"button text-center animated zoomIn lead\" style=\"width: 100%; font-weight: 400; letter-spacing: 2px;\" href=\"\/dar\/artykul\/\">Zg\u0142o\u015b artyku\u0142 do publikacji<\/a><\/div>\n<\/div>\n<div class=\"h1 text-center\"><span style=\"font-size: 24pt;\">Patronat<\/span><\/div>\n<p><img loading=\"lazy\" decoding=\"async\" class=\"aligncenter wp-image-985\" src=\"https:\/\/wm.pb.edu.pl\/dar\/wp-content\/uploads\/sites\/31\/2025\/05\/LogoKAiRPAN-600px.jpg\" alt=\"Logo KAiRP AN\" width=\"400\" height=\"100\" srcset=\"https:\/\/wm.pb.edu.pl\/dar\/wp-content\/uploads\/sites\/31\/2025\/05\/LogoKAiRPAN-600px.jpg 600w, https:\/\/wm.pb.edu.pl\/dar\/wp-content\/uploads\/sites\/31\/2025\/05\/LogoKAiRPAN-600px-300x75.jpg 300w\" sizes=\"auto, (max-width: 400px) 100vw, 400px\" \/><\/p>\n<p><!--\n\n\n<div class=\"h1 text-center\"><span style=\"font-size: 24pt;\">Patronat<\/span><\/div>\n\n\n\n\n<div class=\"row row-h\">\n\n\n<div class=\"col-sm-3 text-center\">&nbsp;<\/div>\n\n\n\n\n<div class=\"col-sm-2 text-center\"><img loading=\"lazy\" decoding=\"async\" src=\"https:\/\/wm.pb.edu.pl\/dar\/wp-content\/uploads\/sites\/31\/2025\/03\/PanLogo.jpg\" alt=\"logo PAN\" width=\"451\" height=\"379\" class=\"aligncenter size-full wp-image-930\" srcset=\"https:\/\/wm.pb.edu.pl\/dar\/wp-content\/uploads\/sites\/31\/2025\/03\/PanLogo.jpg 451w, https:\/\/wm.pb.edu.pl\/dar\/wp-content\/uploads\/sites\/31\/2025\/03\/PanLogo-300x252.jpg 300w\" sizes=\"auto, (max-width: 451px) 100vw, 451px\" \/><\/div>\n\n\n\n\n<div class=\"col-sm-5 text-center\">\n\n\n<div class=\"h2 text-center\">Komitet Automatyki i Robotyki PAN<\/div>\n\n\n<\/div>\n\n\n\n\n<div class=\"col-sm-2 text-center\">&nbsp;<\/div>\n\n\n<\/div>\n\n\n--><br \/>\n&nbsp;<\/p>\n","protected":false},"excerpt":{"rendered":"<p>Mi\u0119dzyzdroje, 26 sierpnia 2025 r. &nbsp; Link umo\u017cliwiaj\u0105cy zdalny udzia\u0142 w konferencji: Konferencja DAR &#8211;<a class=\"read-more\" href=\"https:\/\/wm.pb.edu.pl\/dar\/\" title=\"Poka\u017c artyku\u0142 \">wi\u0119cej<\/a><\/p>\n","protected":false},"author":2,"featured_media":0,"parent":0,"menu_order":0,"comment_status":"closed","ping_status":"closed","template":"templates\/dzial.php","meta":{"inline_featured_image":false,"ngg_post_thumbnail":0,"footnotes":""},"class_list":["post-11","page","type-page","status-publish","hentry"],"acf":[],"yoast_head":"<!-- This site is optimized with the Yoast SEO plugin v26.4 - https:\/\/yoast.com\/wordpress\/plugins\/seo\/ -->\n<title>Konferencja Dydaktyki Automatyki i Robotyki<\/title>\n<meta name=\"description\" content=\"Konferencja DAR, Mi\u0119dzyzdroje, 26 sierpnia 2025 r.\" \/>\n<meta name=\"robots\" content=\"index, follow, max-snippet:-1, max-image-preview:large, max-video-preview:-1\" \/>\n<link rel=\"canonical\" href=\"https:\/\/wm.pb.edu.pl\/dar\/\" \/>\n<meta property=\"og:locale\" content=\"pl_PL\" \/>\n<meta property=\"og:type\" content=\"article\" \/>\n<meta property=\"og:title\" content=\"Konferencja Dydaktyki Automatyki i Robotyki\" \/>\n<meta property=\"og:description\" content=\"Konferencja DAR, Mi\u0119dzyzdroje, 26 sierpnia 2025 r.\" \/>\n<meta property=\"og:url\" content=\"https:\/\/wm.pb.edu.pl\/dar\/\" \/>\n<meta property=\"og:site_name\" content=\"Konferencja Dydaktyki Automatyki i Robotyki\" \/>\n<meta property=\"article:modified_time\" content=\"2025-08-18T07:01:50+00:00\" \/>\n<meta property=\"og:image\" content=\"https:\/\/wm.pb.edu.pl\/dar\/wp-content\/uploads\/sites\/31\/2025\/03\/baner-DAR_v2.png\" \/>\n<meta name=\"twitter:card\" content=\"summary_large_image\" \/>\n<meta name=\"twitter:label1\" content=\"Szacowany czas czytania\" \/>\n\t<meta name=\"twitter:data1\" content=\"2 minuty\" \/>\n<script type=\"application\/ld+json\" class=\"yoast-schema-graph\">{\"@context\":\"https:\/\/schema.org\",\"@graph\":[{\"@type\":\"WebPage\",\"@id\":\"https:\/\/wm.pb.edu.pl\/dar\/\",\"url\":\"https:\/\/wm.pb.edu.pl\/dar\/\",\"name\":\"Konferencja Dydaktyki Automatyki i Robotyki\",\"isPartOf\":{\"@id\":\"https:\/\/wm.pb.edu.pl\/dar\/#website\"},\"primaryImageOfPage\":{\"@id\":\"https:\/\/wm.pb.edu.pl\/dar\/#primaryimage\"},\"image\":{\"@id\":\"https:\/\/wm.pb.edu.pl\/dar\/#primaryimage\"},\"thumbnailUrl\":\"https:\/\/wm.pb.edu.pl\/dar\/wp-content\/uploads\/sites\/31\/2025\/03\/baner-DAR_v2.png\",\"datePublished\":\"2018-06-25T19:29:55+00:00\",\"dateModified\":\"2025-08-18T07:01:50+00:00\",\"description\":\"Konferencja DAR, Mi\u0119dzyzdroje, 26 sierpnia 2025 r.\",\"inLanguage\":\"pl-PL\",\"potentialAction\":[{\"@type\":\"ReadAction\",\"target\":[\"https:\/\/wm.pb.edu.pl\/dar\/\"]}]},{\"@type\":\"ImageObject\",\"inLanguage\":\"pl-PL\",\"@id\":\"https:\/\/wm.pb.edu.pl\/dar\/#primaryimage\",\"url\":\"https:\/\/wm.pb.edu.pl\/dar\/wp-content\/uploads\/sites\/31\/2025\/03\/baner-DAR_v2.png\",\"contentUrl\":\"https:\/\/wm.pb.edu.pl\/dar\/wp-content\/uploads\/sites\/31\/2025\/03\/baner-DAR_v2.png\",\"width\":1920,\"height\":586,\"caption\":\"Baner robot pisze list\"},{\"@type\":\"WebSite\",\"@id\":\"https:\/\/wm.pb.edu.pl\/dar\/#website\",\"url\":\"https:\/\/wm.pb.edu.pl\/dar\/\",\"name\":\"Konferencja Dydaktyki Automatyki i Robotyki\",\"description\":\"\",\"potentialAction\":[{\"@type\":\"SearchAction\",\"target\":{\"@type\":\"EntryPoint\",\"urlTemplate\":\"https:\/\/wm.pb.edu.pl\/dar\/?s={search_term_string}\"},\"query-input\":{\"@type\":\"PropertyValueSpecification\",\"valueRequired\":true,\"valueName\":\"search_term_string\"}}],\"inLanguage\":\"pl-PL\"}]}<\/script>\n<!-- \/ Yoast SEO plugin. -->","yoast_head_json":{"title":"Konferencja Dydaktyki Automatyki i Robotyki","description":"Konferencja DAR, Mi\u0119dzyzdroje, 26 sierpnia 2025 r.","robots":{"index":"index","follow":"follow","max-snippet":"max-snippet:-1","max-image-preview":"max-image-preview:large","max-video-preview":"max-video-preview:-1"},"canonical":"https:\/\/wm.pb.edu.pl\/dar\/","og_locale":"pl_PL","og_type":"article","og_title":"Konferencja Dydaktyki Automatyki i Robotyki","og_description":"Konferencja DAR, Mi\u0119dzyzdroje, 26 sierpnia 2025 r.","og_url":"https:\/\/wm.pb.edu.pl\/dar\/","og_site_name":"Konferencja Dydaktyki Automatyki i Robotyki","article_modified_time":"2025-08-18T07:01:50+00:00","og_image":[{"url":"https:\/\/wm.pb.edu.pl\/dar\/wp-content\/uploads\/sites\/31\/2025\/03\/baner-DAR_v2.png","type":"","width":"","height":""}],"twitter_card":"summary_large_image","twitter_misc":{"Szacowany czas czytania":"2 minuty"},"schema":{"@context":"https:\/\/schema.org","@graph":[{"@type":"WebPage","@id":"https:\/\/wm.pb.edu.pl\/dar\/","url":"https:\/\/wm.pb.edu.pl\/dar\/","name":"Konferencja Dydaktyki Automatyki i Robotyki","isPartOf":{"@id":"https:\/\/wm.pb.edu.pl\/dar\/#website"},"primaryImageOfPage":{"@id":"https:\/\/wm.pb.edu.pl\/dar\/#primaryimage"},"image":{"@id":"https:\/\/wm.pb.edu.pl\/dar\/#primaryimage"},"thumbnailUrl":"https:\/\/wm.pb.edu.pl\/dar\/wp-content\/uploads\/sites\/31\/2025\/03\/baner-DAR_v2.png","datePublished":"2018-06-25T19:29:55+00:00","dateModified":"2025-08-18T07:01:50+00:00","description":"Konferencja DAR, Mi\u0119dzyzdroje, 26 sierpnia 2025 r.","inLanguage":"pl-PL","potentialAction":[{"@type":"ReadAction","target":["https:\/\/wm.pb.edu.pl\/dar\/"]}]},{"@type":"ImageObject","inLanguage":"pl-PL","@id":"https:\/\/wm.pb.edu.pl\/dar\/#primaryimage","url":"https:\/\/wm.pb.edu.pl\/dar\/wp-content\/uploads\/sites\/31\/2025\/03\/baner-DAR_v2.png","contentUrl":"https:\/\/wm.pb.edu.pl\/dar\/wp-content\/uploads\/sites\/31\/2025\/03\/baner-DAR_v2.png","width":1920,"height":586,"caption":"Baner robot pisze list"},{"@type":"WebSite","@id":"https:\/\/wm.pb.edu.pl\/dar\/#website","url":"https:\/\/wm.pb.edu.pl\/dar\/","name":"Konferencja Dydaktyki Automatyki i Robotyki","description":"","potentialAction":[{"@type":"SearchAction","target":{"@type":"EntryPoint","urlTemplate":"https:\/\/wm.pb.edu.pl\/dar\/?s={search_term_string}"},"query-input":{"@type":"PropertyValueSpecification","valueRequired":true,"valueName":"search_term_string"}}],"inLanguage":"pl-PL"}]}},"_links":{"self":[{"href":"https:\/\/wm.pb.edu.pl\/dar\/wp-json\/wp\/v2\/pages\/11","targetHints":{"allow":["GET"]}}],"collection":[{"href":"https:\/\/wm.pb.edu.pl\/dar\/wp-json\/wp\/v2\/pages"}],"about":[{"href":"https:\/\/wm.pb.edu.pl\/dar\/wp-json\/wp\/v2\/types\/page"}],"author":[{"embeddable":true,"href":"https:\/\/wm.pb.edu.pl\/dar\/wp-json\/wp\/v2\/users\/2"}],"replies":[{"embeddable":true,"href":"https:\/\/wm.pb.edu.pl\/dar\/wp-json\/wp\/v2\/comments?post=11"}],"version-history":[{"count":63,"href":"https:\/\/wm.pb.edu.pl\/dar\/wp-json\/wp\/v2\/pages\/11\/revisions"}],"predecessor-version":[{"id":1000,"href":"https:\/\/wm.pb.edu.pl\/dar\/wp-json\/wp\/v2\/pages\/11\/revisions\/1000"}],"wp:attachment":[{"href":"https:\/\/wm.pb.edu.pl\/dar\/wp-json\/wp\/v2\/media?parent=11"}],"curies":[{"name":"wp","href":"https:\/\/api.w.org\/{rel}","templated":true}]}}