{"id":845,"date":"2025-03-19T22:23:33","date_gmt":"2025-03-19T21:23:33","guid":{"rendered":"https:\/\/wm.pb.edu.pl\/dar\/?page_id=845"},"modified":"2025-05-10T16:25:27","modified_gmt":"2025-05-10T14:25:27","slug":"miejsce-konferencji","status":"publish","type":"page","link":"https:\/\/wm.pb.edu.pl\/dar\/o-konferencji\/miejsce-konferencji\/","title":{"rendered":"Miejsce Konferencji"},"content":{"rendered":"<p>Konferencja Dydaktyki Automatyki i Robotyki odb\u0119dzie si\u0119 <strong>26 sierpnie 2025 r.<\/strong> w Mi\u0119dzyzdrojach w hotelu Amber <strong>w trybie hybrydowym<\/strong>. <\/p>\n","protected":false},"excerpt":{"rendered":"<p>Konferencja Dydaktyki Automatyki i Robotyki odb\u0119dzie si\u0119 26 sierpnie 2025 r. w Mi\u0119dzyzdrojach w hotelu<a class=\"read-more\" href=\"https:\/\/wm.pb.edu.pl\/dar\/o-konferencji\/miejsce-konferencji\/\" title=\"Poka\u017c artyku\u0142 Miejsce Konferencji\">wi\u0119cej<\/a><\/p>\n","protected":false},"author":2,"featured_media":0,"parent":827,"menu_order":5,"comment_status":"closed","ping_status":"closed","template":"","meta":{"inline_featured_image":false,"ngg_post_thumbnail":0,"footnotes":""},"class_list":["post-845","page","type-page","status-publish","hentry"],"acf":[],"yoast_head":"<!-- This site is optimized with the Yoast SEO plugin v26.4 - https:\/\/yoast.com\/wordpress\/plugins\/seo\/ -->\n<title>Miejsce Konferencji - Konferencja Dydaktyki Automatyki i Robotyki<\/title>\n<meta name=\"robots\" content=\"index, follow, max-snippet:-1, max-image-preview:large, max-video-preview:-1\" \/>\n<link rel=\"canonical\" href=\"https:\/\/wm.pb.edu.pl\/dar\/o-konferencji\/miejsce-konferencji\/\" \/>\n<meta property=\"og:locale\" content=\"pl_PL\" \/>\n<meta property=\"og:type\" content=\"article\" \/>\n<meta property=\"og:title\" content=\"Miejsce Konferencji - Konferencja Dydaktyki Automatyki i Robotyki\" \/>\n<meta property=\"og:description\" content=\"Konferencja Dydaktyki Automatyki i Robotyki odb\u0119dzie si\u0119 26 sierpnie 2025 r. w Mi\u0119dzyzdrojach w hoteluwi\u0119cej\" \/>\n<meta property=\"og:url\" content=\"https:\/\/wm.pb.edu.pl\/dar\/o-konferencji\/miejsce-konferencji\/\" \/>\n<meta property=\"og:site_name\" content=\"Konferencja Dydaktyki Automatyki i Robotyki\" \/>\n<meta property=\"article:modified_time\" content=\"2025-05-10T14:25:27+00:00\" \/>\n<meta name=\"twitter:card\" content=\"summary_large_image\" \/>\n<meta name=\"twitter:label1\" content=\"Szacowany czas czytania\" \/>\n\t<meta name=\"twitter:data1\" content=\"1 minuta\" \/>\n<script type=\"application\/ld+json\" class=\"yoast-schema-graph\">{\"@context\":\"https:\/\/schema.org\",\"@graph\":[{\"@type\":\"WebPage\",\"@id\":\"https:\/\/wm.pb.edu.pl\/dar\/o-konferencji\/miejsce-konferencji\/\",\"url\":\"https:\/\/wm.pb.edu.pl\/dar\/o-konferencji\/miejsce-konferencji\/\",\"name\":\"Miejsce Konferencji - Konferencja Dydaktyki Automatyki i Robotyki\",\"isPartOf\":{\"@id\":\"https:\/\/wm.pb.edu.pl\/dar\/#website\"},\"datePublished\":\"2025-03-19T21:23:33+00:00\",\"dateModified\":\"2025-05-10T14:25:27+00:00\",\"breadcrumb\":{\"@id\":\"https:\/\/wm.pb.edu.pl\/dar\/o-konferencji\/miejsce-konferencji\/#breadcrumb\"},\"inLanguage\":\"pl-PL\",\"potentialAction\":[{\"@type\":\"ReadAction\",\"target\":[\"https:\/\/wm.pb.edu.pl\/dar\/o-konferencji\/miejsce-konferencji\/\"]}]},{\"@type\":\"BreadcrumbList\",\"@id\":\"https:\/\/wm.pb.edu.pl\/dar\/o-konferencji\/miejsce-konferencji\/#breadcrumb\",\"itemListElement\":[{\"@type\":\"ListItem\",\"position\":1,\"name\":\"Strona g\u0142\u00f3wna\",\"item\":\"https:\/\/wm.pb.edu.pl\/dar\/\"},{\"@type\":\"ListItem\",\"position\":2,\"name\":\"O konferencji\",\"item\":\"https:\/\/wm.pb.edu.pl\/dar\/o-konferencji\/\"},{\"@type\":\"ListItem\",\"position\":3,\"name\":\"Miejsce Konferencji\"}]},{\"@type\":\"WebSite\",\"@id\":\"https:\/\/wm.pb.edu.pl\/dar\/#website\",\"url\":\"https:\/\/wm.pb.edu.pl\/dar\/\",\"name\":\"Konferencja Dydaktyki Automatyki i Robotyki\",\"description\":\"\",\"potentialAction\":[{\"@type\":\"SearchAction\",\"target\":{\"@type\":\"EntryPoint\",\"urlTemplate\":\"https:\/\/wm.pb.edu.pl\/dar\/?s={search_term_string}\"},\"query-input\":{\"@type\":\"PropertyValueSpecification\",\"valueRequired\":true,\"valueName\":\"search_term_string\"}}],\"inLanguage\":\"pl-PL\"}]}<\/script>\n<!-- \/ Yoast SEO plugin. -->","yoast_head_json":{"title":"Miejsce Konferencji - Konferencja Dydaktyki Automatyki i Robotyki","robots":{"index":"index","follow":"follow","max-snippet":"max-snippet:-1","max-image-preview":"max-image-preview:large","max-video-preview":"max-video-preview:-1"},"canonical":"https:\/\/wm.pb.edu.pl\/dar\/o-konferencji\/miejsce-konferencji\/","og_locale":"pl_PL","og_type":"article","og_title":"Miejsce Konferencji - Konferencja Dydaktyki Automatyki i Robotyki","og_description":"Konferencja Dydaktyki Automatyki i Robotyki odb\u0119dzie si\u0119 26 sierpnie 2025 r. w Mi\u0119dzyzdrojach w hoteluwi\u0119cej","og_url":"https:\/\/wm.pb.edu.pl\/dar\/o-konferencji\/miejsce-konferencji\/","og_site_name":"Konferencja Dydaktyki Automatyki i Robotyki","article_modified_time":"2025-05-10T14:25:27+00:00","twitter_card":"summary_large_image","twitter_misc":{"Szacowany czas czytania":"1 minuta"},"schema":{"@context":"https:\/\/schema.org","@graph":[{"@type":"WebPage","@id":"https:\/\/wm.pb.edu.pl\/dar\/o-konferencji\/miejsce-konferencji\/","url":"https:\/\/wm.pb.edu.pl\/dar\/o-konferencji\/miejsce-konferencji\/","name":"Miejsce Konferencji - Konferencja Dydaktyki Automatyki i Robotyki","isPartOf":{"@id":"https:\/\/wm.pb.edu.pl\/dar\/#website"},"datePublished":"2025-03-19T21:23:33+00:00","dateModified":"2025-05-10T14:25:27+00:00","breadcrumb":{"@id":"https:\/\/wm.pb.edu.pl\/dar\/o-konferencji\/miejsce-konferencji\/#breadcrumb"},"inLanguage":"pl-PL","potentialAction":[{"@type":"ReadAction","target":["https:\/\/wm.pb.edu.pl\/dar\/o-konferencji\/miejsce-konferencji\/"]}]},{"@type":"BreadcrumbList","@id":"https:\/\/wm.pb.edu.pl\/dar\/o-konferencji\/miejsce-konferencji\/#breadcrumb","itemListElement":[{"@type":"ListItem","position":1,"name":"Strona g\u0142\u00f3wna","item":"https:\/\/wm.pb.edu.pl\/dar\/"},{"@type":"ListItem","position":2,"name":"O konferencji","item":"https:\/\/wm.pb.edu.pl\/dar\/o-konferencji\/"},{"@type":"ListItem","position":3,"name":"Miejsce Konferencji"}]},{"@type":"WebSite","@id":"https:\/\/wm.pb.edu.pl\/dar\/#website","url":"https:\/\/wm.pb.edu.pl\/dar\/","name":"Konferencja Dydaktyki Automatyki i Robotyki","description":"","potentialAction":[{"@type":"SearchAction","target":{"@type":"EntryPoint","urlTemplate":"https:\/\/wm.pb.edu.pl\/dar\/?s={search_term_string}"},"query-input":{"@type":"PropertyValueSpecification","valueRequired":true,"valueName":"search_term_string"}}],"inLanguage":"pl-PL"}]}},"_links":{"self":[{"href":"https:\/\/wm.pb.edu.pl\/dar\/wp-json\/wp\/v2\/pages\/845","targetHints":{"allow":["GET"]}}],"collection":[{"href":"https:\/\/wm.pb.edu.pl\/dar\/wp-json\/wp\/v2\/pages"}],"about":[{"href":"https:\/\/wm.pb.edu.pl\/dar\/wp-json\/wp\/v2\/types\/page"}],"author":[{"embeddable":true,"href":"https:\/\/wm.pb.edu.pl\/dar\/wp-json\/wp\/v2\/users\/2"}],"replies":[{"embeddable":true,"href":"https:\/\/wm.pb.edu.pl\/dar\/wp-json\/wp\/v2\/comments?post=845"}],"version-history":[{"count":5,"href":"https:\/\/wm.pb.edu.pl\/dar\/wp-json\/wp\/v2\/pages\/845\/revisions"}],"predecessor-version":[{"id":970,"href":"https:\/\/wm.pb.edu.pl\/dar\/wp-json\/wp\/v2\/pages\/845\/revisions\/970"}],"up":[{"embeddable":true,"href":"https:\/\/wm.pb.edu.pl\/dar\/wp-json\/wp\/v2\/pages\/827"}],"wp:attachment":[{"href":"https:\/\/wm.pb.edu.pl\/dar\/wp-json\/wp\/v2\/media?parent=845"}],"curies":[{"name":"wp","href":"https:\/\/api.w.org\/{rel}","templated":true}]}}