{"id":847,"date":"2025-03-19T22:25:28","date_gmt":"2025-03-19T21:25:28","guid":{"rendered":"https:\/\/wm.pb.edu.pl\/dar\/?page_id=847"},"modified":"2025-08-29T09:37:07","modified_gmt":"2025-08-29T07:37:07","slug":"wazne-daty","status":"publish","type":"page","link":"https:\/\/wm.pb.edu.pl\/dar\/dla-uczestnikow\/wazne-daty\/","title":{"rendered":"Wa\u017cne daty"},"content":{"rendered":"<p><strong>15.05.2025 r.<\/strong> &#8211; rozpocz\u0119cie rejestracji i zg\u0142aszania abstrakt\u00f3w<\/p>\n<p><strong>15.06.2025 r.<\/strong> &#8211; zamkni\u0119cie rejestracji i zg\u0142aszania abstrakt\u00f3w<\/p>\n<p><strong>10.07.2025 r.<\/strong> &#8211; informacja o akceptacji przes\u0142anych abstrakt\u00f3w<\/p>\n<p><strong>26.08.2025 r.<\/strong> &#8211; konferencja DAR<\/p>\n<p><span style=\"text-decoration:line-through; color:red\">do 29.08.2025 r.<\/span> <strong>do 05.09.2025 r.<\/strong> \u2013 przesy\u0142anie pe\u0142nych tekst\u00f3w artyku\u0142\u00f3w<\/p>\n<p><strong>do 25.09.2025 r.<\/strong> &#8211; zako\u0144czenie procesu recenzji artyku\u0142\u00f3w<\/p>\n<p><strong>do 5.10.2025 r.<\/strong> &#8211; przesy\u0142anie ostatecznej wersji artyku\u0142\u00f3w do druku<\/p>\n<p><strong>do 5.10.2025 r.<\/strong> &#8211; zako\u0144czenie wnoszenia op\u0142at za publikacje<\/p>\n","protected":false},"excerpt":{"rendered":"<p>15.05.2025 r. &#8211; rozpocz\u0119cie rejestracji i zg\u0142aszania abstrakt\u00f3w 15.06.2025 r. &#8211; zamkni\u0119cie rejestracji i zg\u0142aszania<a class=\"read-more\" href=\"https:\/\/wm.pb.edu.pl\/dar\/dla-uczestnikow\/wazne-daty\/\" title=\"Poka\u017c artyku\u0142 Wa\u017cne daty\">wi\u0119cej<\/a><\/p>\n","protected":false},"author":2,"featured_media":0,"parent":829,"menu_order":1,"comment_status":"closed","ping_status":"closed","template":"","meta":{"inline_featured_image":false,"ngg_post_thumbnail":0,"footnotes":""},"class_list":["post-847","page","type-page","status-publish","hentry"],"acf":[],"yoast_head":"<!-- This site is optimized with the Yoast SEO plugin v26.4 - https:\/\/yoast.com\/wordpress\/plugins\/seo\/ -->\n<title>Wa\u017cne daty - Konferencja Dydaktyki Automatyki i Robotyki<\/title>\n<meta name=\"robots\" content=\"index, follow, max-snippet:-1, max-image-preview:large, max-video-preview:-1\" \/>\n<link rel=\"canonical\" href=\"https:\/\/wm.pb.edu.pl\/dar\/dla-uczestnikow\/wazne-daty\/\" \/>\n<meta property=\"og:locale\" content=\"pl_PL\" \/>\n<meta property=\"og:type\" content=\"article\" \/>\n<meta property=\"og:title\" content=\"Wa\u017cne daty - Konferencja Dydaktyki Automatyki i Robotyki\" \/>\n<meta property=\"og:description\" content=\"15.05.2025 r. &#8211; rozpocz\u0119cie rejestracji i zg\u0142aszania abstrakt\u00f3w 15.06.2025 r. &#8211; zamkni\u0119cie rejestracji i zg\u0142aszaniawi\u0119cej\" \/>\n<meta property=\"og:url\" content=\"https:\/\/wm.pb.edu.pl\/dar\/dla-uczestnikow\/wazne-daty\/\" \/>\n<meta property=\"og:site_name\" content=\"Konferencja Dydaktyki Automatyki i Robotyki\" \/>\n<meta property=\"article:modified_time\" content=\"2025-08-29T07:37:07+00:00\" \/>\n<meta name=\"twitter:card\" content=\"summary_large_image\" \/>\n<meta name=\"twitter:label1\" content=\"Szacowany czas czytania\" \/>\n\t<meta name=\"twitter:data1\" content=\"1 minuta\" \/>\n<script type=\"application\/ld+json\" class=\"yoast-schema-graph\">{\"@context\":\"https:\/\/schema.org\",\"@graph\":[{\"@type\":\"WebPage\",\"@id\":\"https:\/\/wm.pb.edu.pl\/dar\/dla-uczestnikow\/wazne-daty\/\",\"url\":\"https:\/\/wm.pb.edu.pl\/dar\/dla-uczestnikow\/wazne-daty\/\",\"name\":\"Wa\u017cne daty - Konferencja Dydaktyki Automatyki i Robotyki\",\"isPartOf\":{\"@id\":\"https:\/\/wm.pb.edu.pl\/dar\/#website\"},\"datePublished\":\"2025-03-19T21:25:28+00:00\",\"dateModified\":\"2025-08-29T07:37:07+00:00\",\"breadcrumb\":{\"@id\":\"https:\/\/wm.pb.edu.pl\/dar\/dla-uczestnikow\/wazne-daty\/#breadcrumb\"},\"inLanguage\":\"pl-PL\",\"potentialAction\":[{\"@type\":\"ReadAction\",\"target\":[\"https:\/\/wm.pb.edu.pl\/dar\/dla-uczestnikow\/wazne-daty\/\"]}]},{\"@type\":\"BreadcrumbList\",\"@id\":\"https:\/\/wm.pb.edu.pl\/dar\/dla-uczestnikow\/wazne-daty\/#breadcrumb\",\"itemListElement\":[{\"@type\":\"ListItem\",\"position\":1,\"name\":\"Strona g\u0142\u00f3wna\",\"item\":\"https:\/\/wm.pb.edu.pl\/dar\/\"},{\"@type\":\"ListItem\",\"position\":2,\"name\":\"Dla uczestnik\u00f3w\",\"item\":\"https:\/\/wm.pb.edu.pl\/dar\/dla-uczestnikow\/\"},{\"@type\":\"ListItem\",\"position\":3,\"name\":\"Wa\u017cne daty\"}]},{\"@type\":\"WebSite\",\"@id\":\"https:\/\/wm.pb.edu.pl\/dar\/#website\",\"url\":\"https:\/\/wm.pb.edu.pl\/dar\/\",\"name\":\"Konferencja Dydaktyki Automatyki i Robotyki\",\"description\":\"\",\"potentialAction\":[{\"@type\":\"SearchAction\",\"target\":{\"@type\":\"EntryPoint\",\"urlTemplate\":\"https:\/\/wm.pb.edu.pl\/dar\/?s={search_term_string}\"},\"query-input\":{\"@type\":\"PropertyValueSpecification\",\"valueRequired\":true,\"valueName\":\"search_term_string\"}}],\"inLanguage\":\"pl-PL\"}]}<\/script>\n<!-- \/ Yoast SEO plugin. -->","yoast_head_json":{"title":"Wa\u017cne daty - Konferencja Dydaktyki Automatyki i Robotyki","robots":{"index":"index","follow":"follow","max-snippet":"max-snippet:-1","max-image-preview":"max-image-preview:large","max-video-preview":"max-video-preview:-1"},"canonical":"https:\/\/wm.pb.edu.pl\/dar\/dla-uczestnikow\/wazne-daty\/","og_locale":"pl_PL","og_type":"article","og_title":"Wa\u017cne daty - Konferencja Dydaktyki Automatyki i Robotyki","og_description":"15.05.2025 r. &#8211; rozpocz\u0119cie rejestracji i zg\u0142aszania abstrakt\u00f3w 15.06.2025 r. &#8211; zamkni\u0119cie rejestracji i zg\u0142aszaniawi\u0119cej","og_url":"https:\/\/wm.pb.edu.pl\/dar\/dla-uczestnikow\/wazne-daty\/","og_site_name":"Konferencja Dydaktyki Automatyki i Robotyki","article_modified_time":"2025-08-29T07:37:07+00:00","twitter_card":"summary_large_image","twitter_misc":{"Szacowany czas czytania":"1 minuta"},"schema":{"@context":"https:\/\/schema.org","@graph":[{"@type":"WebPage","@id":"https:\/\/wm.pb.edu.pl\/dar\/dla-uczestnikow\/wazne-daty\/","url":"https:\/\/wm.pb.edu.pl\/dar\/dla-uczestnikow\/wazne-daty\/","name":"Wa\u017cne daty - Konferencja Dydaktyki Automatyki i Robotyki","isPartOf":{"@id":"https:\/\/wm.pb.edu.pl\/dar\/#website"},"datePublished":"2025-03-19T21:25:28+00:00","dateModified":"2025-08-29T07:37:07+00:00","breadcrumb":{"@id":"https:\/\/wm.pb.edu.pl\/dar\/dla-uczestnikow\/wazne-daty\/#breadcrumb"},"inLanguage":"pl-PL","potentialAction":[{"@type":"ReadAction","target":["https:\/\/wm.pb.edu.pl\/dar\/dla-uczestnikow\/wazne-daty\/"]}]},{"@type":"BreadcrumbList","@id":"https:\/\/wm.pb.edu.pl\/dar\/dla-uczestnikow\/wazne-daty\/#breadcrumb","itemListElement":[{"@type":"ListItem","position":1,"name":"Strona g\u0142\u00f3wna","item":"https:\/\/wm.pb.edu.pl\/dar\/"},{"@type":"ListItem","position":2,"name":"Dla uczestnik\u00f3w","item":"https:\/\/wm.pb.edu.pl\/dar\/dla-uczestnikow\/"},{"@type":"ListItem","position":3,"name":"Wa\u017cne daty"}]},{"@type":"WebSite","@id":"https:\/\/wm.pb.edu.pl\/dar\/#website","url":"https:\/\/wm.pb.edu.pl\/dar\/","name":"Konferencja Dydaktyki Automatyki i Robotyki","description":"","potentialAction":[{"@type":"SearchAction","target":{"@type":"EntryPoint","urlTemplate":"https:\/\/wm.pb.edu.pl\/dar\/?s={search_term_string}"},"query-input":{"@type":"PropertyValueSpecification","valueRequired":true,"valueName":"search_term_string"}}],"inLanguage":"pl-PL"}]}},"_links":{"self":[{"href":"https:\/\/wm.pb.edu.pl\/dar\/wp-json\/wp\/v2\/pages\/847","targetHints":{"allow":["GET"]}}],"collection":[{"href":"https:\/\/wm.pb.edu.pl\/dar\/wp-json\/wp\/v2\/pages"}],"about":[{"href":"https:\/\/wm.pb.edu.pl\/dar\/wp-json\/wp\/v2\/types\/page"}],"author":[{"embeddable":true,"href":"https:\/\/wm.pb.edu.pl\/dar\/wp-json\/wp\/v2\/users\/2"}],"replies":[{"embeddable":true,"href":"https:\/\/wm.pb.edu.pl\/dar\/wp-json\/wp\/v2\/comments?post=847"}],"version-history":[{"count":8,"href":"https:\/\/wm.pb.edu.pl\/dar\/wp-json\/wp\/v2\/pages\/847\/revisions"}],"predecessor-version":[{"id":1005,"href":"https:\/\/wm.pb.edu.pl\/dar\/wp-json\/wp\/v2\/pages\/847\/revisions\/1005"}],"up":[{"embeddable":true,"href":"https:\/\/wm.pb.edu.pl\/dar\/wp-json\/wp\/v2\/pages\/829"}],"wp:attachment":[{"href":"https:\/\/wm.pb.edu.pl\/dar\/wp-json\/wp\/v2\/media?parent=847"}],"curies":[{"name":"wp","href":"https:\/\/api.w.org\/{rel}","templated":true}]}}