{"id":853,"date":"2025-03-19T22:26:50","date_gmt":"2025-03-19T21:26:50","guid":{"rendered":"https:\/\/wm.pb.edu.pl\/dar\/?page_id=853"},"modified":"2025-08-18T09:02:32","modified_gmt":"2025-08-18T07:02:32","slug":"program","status":"publish","type":"page","link":"https:\/\/wm.pb.edu.pl\/dar\/dla-uczestnikow\/program\/","title":{"rendered":"Program"},"content":{"rendered":"<p><a  class=\"pdf h3\" href=\"https:\/\/wm.pb.edu.pl\/dar\/wp-content\/uploads\/sites\/31\/2025\/08\/Ramowy-program-konferencji-DAR.pdf\" target=\"_blank\" data-id=\"990\" >Ramowy program konferencji DAR <span>(PDF, 115 KB, otworzy si\u0119 w nowej karcie)<\/span><\/a><br \/>\n&nbsp;<\/p>\n<div class=\"text-center h2 online\">Link umo\u017cliwiaj\u0105cy zdalny udzia\u0142 w konferencji:<br \/>\n<a href=\"https:\/\/teams.microsoft.com\/dl\/launcher\/launcher.html?url=%2F_%23%2Fl%2Fmeetup-join%2F19%3Afeeb97e00b974915b02fa9c0891f7302%40thread.tacv2%2F1755041289610%3Fcontext%3D%257b%2522Tid%2522%253a%25220aa66ad4-f98f-4515-b7c9-b60fd37ad027%2522%252c%2522Oid%2522%253a%2522b82578b7-643c-4e90-a429-d8873a1aea88%2522%257d%26anon%3Dtrue&#038;type=meetup-join&#038;deeplinkId=154bb19a-8a84-4b59-94bf-6695c93d3d59&#038;directDl=true&#038;msLaunch=true&#038;enableMobilePage=true&#038;suppressPrompt=true\">Konferencja DAR<\/a><br \/>\n&#8211; &#8211; &#8211;<br \/>\n<a  class=\"pdf\" href=\"https:\/\/wm.pb.edu.pl\/dar\/wp-content\/uploads\/sites\/31\/2025\/08\/Zeszyt-streszczen-DAR.pdf\" target=\"_blank\" data-id=\"998\" >Zeszyt streszcze\u0144 <span>(PDF, 321 KB, otworzy si\u0119 w nowej karcie)<\/span><\/a><br \/>\nZapraszamy<\/div>\n","protected":false},"excerpt":{"rendered":"<p>Ramowy program konferencji DAR (PDF, 115 KB, otworzy si\u0119 w nowej karcie) &nbsp; Link umo\u017cliwiaj\u0105cy<a class=\"read-more\" href=\"https:\/\/wm.pb.edu.pl\/dar\/dla-uczestnikow\/program\/\" title=\"Poka\u017c artyku\u0142 Program\">wi\u0119cej<\/a><\/p>\n","protected":false},"author":2,"featured_media":0,"parent":829,"menu_order":4,"comment_status":"closed","ping_status":"closed","template":"","meta":{"inline_featured_image":false,"ngg_post_thumbnail":0,"footnotes":""},"class_list":["post-853","page","type-page","status-publish","hentry"],"acf":[],"yoast_head":"<!-- This site is optimized with the Yoast SEO plugin v26.4 - https:\/\/yoast.com\/wordpress\/plugins\/seo\/ -->\n<title>Program - Konferencja Dydaktyki Automatyki i Robotyki<\/title>\n<meta name=\"robots\" content=\"index, follow, max-snippet:-1, max-image-preview:large, max-video-preview:-1\" \/>\n<link rel=\"canonical\" href=\"https:\/\/wm.pb.edu.pl\/dar\/dla-uczestnikow\/program\/\" \/>\n<meta property=\"og:locale\" content=\"pl_PL\" \/>\n<meta property=\"og:type\" content=\"article\" \/>\n<meta property=\"og:title\" content=\"Program - Konferencja Dydaktyki Automatyki i Robotyki\" \/>\n<meta property=\"og:description\" content=\"Ramowy program konferencji DAR (PDF, 115 KB, otworzy si\u0119 w nowej karcie) &nbsp; Link umo\u017cliwiaj\u0105cywi\u0119cej\" \/>\n<meta property=\"og:url\" content=\"https:\/\/wm.pb.edu.pl\/dar\/dla-uczestnikow\/program\/\" \/>\n<meta property=\"og:site_name\" content=\"Konferencja Dydaktyki Automatyki i Robotyki\" \/>\n<meta property=\"article:modified_time\" content=\"2025-08-18T07:02:32+00:00\" \/>\n<meta name=\"twitter:card\" content=\"summary_large_image\" \/>\n<meta name=\"twitter:label1\" content=\"Szacowany czas czytania\" \/>\n\t<meta name=\"twitter:data1\" content=\"1 minuta\" \/>\n<script type=\"application\/ld+json\" class=\"yoast-schema-graph\">{\"@context\":\"https:\/\/schema.org\",\"@graph\":[{\"@type\":\"WebPage\",\"@id\":\"https:\/\/wm.pb.edu.pl\/dar\/dla-uczestnikow\/program\/\",\"url\":\"https:\/\/wm.pb.edu.pl\/dar\/dla-uczestnikow\/program\/\",\"name\":\"Program - Konferencja Dydaktyki Automatyki i Robotyki\",\"isPartOf\":{\"@id\":\"https:\/\/wm.pb.edu.pl\/dar\/#website\"},\"datePublished\":\"2025-03-19T21:26:50+00:00\",\"dateModified\":\"2025-08-18T07:02:32+00:00\",\"breadcrumb\":{\"@id\":\"https:\/\/wm.pb.edu.pl\/dar\/dla-uczestnikow\/program\/#breadcrumb\"},\"inLanguage\":\"pl-PL\",\"potentialAction\":[{\"@type\":\"ReadAction\",\"target\":[\"https:\/\/wm.pb.edu.pl\/dar\/dla-uczestnikow\/program\/\"]}]},{\"@type\":\"BreadcrumbList\",\"@id\":\"https:\/\/wm.pb.edu.pl\/dar\/dla-uczestnikow\/program\/#breadcrumb\",\"itemListElement\":[{\"@type\":\"ListItem\",\"position\":1,\"name\":\"Strona g\u0142\u00f3wna\",\"item\":\"https:\/\/wm.pb.edu.pl\/dar\/\"},{\"@type\":\"ListItem\",\"position\":2,\"name\":\"Dla uczestnik\u00f3w\",\"item\":\"https:\/\/wm.pb.edu.pl\/dar\/dla-uczestnikow\/\"},{\"@type\":\"ListItem\",\"position\":3,\"name\":\"Program\"}]},{\"@type\":\"WebSite\",\"@id\":\"https:\/\/wm.pb.edu.pl\/dar\/#website\",\"url\":\"https:\/\/wm.pb.edu.pl\/dar\/\",\"name\":\"Konferencja Dydaktyki Automatyki i Robotyki\",\"description\":\"\",\"potentialAction\":[{\"@type\":\"SearchAction\",\"target\":{\"@type\":\"EntryPoint\",\"urlTemplate\":\"https:\/\/wm.pb.edu.pl\/dar\/?s={search_term_string}\"},\"query-input\":{\"@type\":\"PropertyValueSpecification\",\"valueRequired\":true,\"valueName\":\"search_term_string\"}}],\"inLanguage\":\"pl-PL\"}]}<\/script>\n<!-- \/ Yoast SEO plugin. -->","yoast_head_json":{"title":"Program - Konferencja Dydaktyki Automatyki i Robotyki","robots":{"index":"index","follow":"follow","max-snippet":"max-snippet:-1","max-image-preview":"max-image-preview:large","max-video-preview":"max-video-preview:-1"},"canonical":"https:\/\/wm.pb.edu.pl\/dar\/dla-uczestnikow\/program\/","og_locale":"pl_PL","og_type":"article","og_title":"Program - Konferencja Dydaktyki Automatyki i Robotyki","og_description":"Ramowy program konferencji DAR (PDF, 115 KB, otworzy si\u0119 w nowej karcie) &nbsp; Link umo\u017cliwiaj\u0105cywi\u0119cej","og_url":"https:\/\/wm.pb.edu.pl\/dar\/dla-uczestnikow\/program\/","og_site_name":"Konferencja Dydaktyki Automatyki i Robotyki","article_modified_time":"2025-08-18T07:02:32+00:00","twitter_card":"summary_large_image","twitter_misc":{"Szacowany czas czytania":"1 minuta"},"schema":{"@context":"https:\/\/schema.org","@graph":[{"@type":"WebPage","@id":"https:\/\/wm.pb.edu.pl\/dar\/dla-uczestnikow\/program\/","url":"https:\/\/wm.pb.edu.pl\/dar\/dla-uczestnikow\/program\/","name":"Program - Konferencja Dydaktyki Automatyki i Robotyki","isPartOf":{"@id":"https:\/\/wm.pb.edu.pl\/dar\/#website"},"datePublished":"2025-03-19T21:26:50+00:00","dateModified":"2025-08-18T07:02:32+00:00","breadcrumb":{"@id":"https:\/\/wm.pb.edu.pl\/dar\/dla-uczestnikow\/program\/#breadcrumb"},"inLanguage":"pl-PL","potentialAction":[{"@type":"ReadAction","target":["https:\/\/wm.pb.edu.pl\/dar\/dla-uczestnikow\/program\/"]}]},{"@type":"BreadcrumbList","@id":"https:\/\/wm.pb.edu.pl\/dar\/dla-uczestnikow\/program\/#breadcrumb","itemListElement":[{"@type":"ListItem","position":1,"name":"Strona g\u0142\u00f3wna","item":"https:\/\/wm.pb.edu.pl\/dar\/"},{"@type":"ListItem","position":2,"name":"Dla uczestnik\u00f3w","item":"https:\/\/wm.pb.edu.pl\/dar\/dla-uczestnikow\/"},{"@type":"ListItem","position":3,"name":"Program"}]},{"@type":"WebSite","@id":"https:\/\/wm.pb.edu.pl\/dar\/#website","url":"https:\/\/wm.pb.edu.pl\/dar\/","name":"Konferencja Dydaktyki Automatyki i Robotyki","description":"","potentialAction":[{"@type":"SearchAction","target":{"@type":"EntryPoint","urlTemplate":"https:\/\/wm.pb.edu.pl\/dar\/?s={search_term_string}"},"query-input":{"@type":"PropertyValueSpecification","valueRequired":true,"valueName":"search_term_string"}}],"inLanguage":"pl-PL"}]}},"_links":{"self":[{"href":"https:\/\/wm.pb.edu.pl\/dar\/wp-json\/wp\/v2\/pages\/853","targetHints":{"allow":["GET"]}}],"collection":[{"href":"https:\/\/wm.pb.edu.pl\/dar\/wp-json\/wp\/v2\/pages"}],"about":[{"href":"https:\/\/wm.pb.edu.pl\/dar\/wp-json\/wp\/v2\/types\/page"}],"author":[{"embeddable":true,"href":"https:\/\/wm.pb.edu.pl\/dar\/wp-json\/wp\/v2\/users\/2"}],"replies":[{"embeddable":true,"href":"https:\/\/wm.pb.edu.pl\/dar\/wp-json\/wp\/v2\/comments?post=853"}],"version-history":[{"count":5,"href":"https:\/\/wm.pb.edu.pl\/dar\/wp-json\/wp\/v2\/pages\/853\/revisions"}],"predecessor-version":[{"id":1001,"href":"https:\/\/wm.pb.edu.pl\/dar\/wp-json\/wp\/v2\/pages\/853\/revisions\/1001"}],"up":[{"embeddable":true,"href":"https:\/\/wm.pb.edu.pl\/dar\/wp-json\/wp\/v2\/pages\/829"}],"wp:attachment":[{"href":"https:\/\/wm.pb.edu.pl\/dar\/wp-json\/wp\/v2\/media?parent=853"}],"curies":[{"name":"wp","href":"https:\/\/api.w.org\/{rel}","templated":true}]}}