{"id":857,"date":"2025-03-19T22:28:15","date_gmt":"2025-03-19T21:28:15","guid":{"rendered":"https:\/\/wm.pb.edu.pl\/dar\/?page_id=857"},"modified":"2025-05-15T20:37:47","modified_gmt":"2025-05-15T18:37:47","slug":"rejestracja","status":"publish","type":"page","link":"https:\/\/wm.pb.edu.pl\/dar\/rejestracja\/","title":{"rendered":"Rejestracja"},"content":{"rendered":"<p>Pola oznaczone (*) musz\u0105 by\u0107 wype\u0142nione obowi\u0105zkowo.<\/p>\n\n<div class=\"wpcf7 no-js\" id=\"wpcf7-f974-o1\" lang=\"pl-PL\" dir=\"ltr\" data-wpcf7-id=\"974\">\n<div class=\"screen-reader-response\"><p role=\"status\" aria-live=\"polite\" aria-atomic=\"true\"><\/p> <ul><\/ul><\/div>\n<form action=\"\/dar\/wp-json\/wp\/v2\/pages\/857#wpcf7-f974-o1\" method=\"post\" class=\"wpcf7-form init\" aria-label=\"Formularz kontaktowy\" enctype=\"multipart\/form-data\" novalidate=\"novalidate\" data-status=\"init\">\n<fieldset class=\"hidden-fields-container\"><input type=\"hidden\" name=\"_wpcf7\" value=\"974\" \/><input type=\"hidden\" name=\"_wpcf7_version\" value=\"6.1.3\" \/><input type=\"hidden\" name=\"_wpcf7_locale\" value=\"pl_PL\" \/><input type=\"hidden\" name=\"_wpcf7_unit_tag\" value=\"wpcf7-f974-o1\" \/><input type=\"hidden\" name=\"_wpcf7_container_post\" value=\"0\" \/><input type=\"hidden\" name=\"_wpcf7_posted_data_hash\" value=\"\" \/><input type=\"hidden\" name=\"_wpcf7cf_hidden_group_fields\" value=\"[]\" \/><input type=\"hidden\" name=\"_wpcf7cf_hidden_groups\" value=\"[]\" \/><input type=\"hidden\" name=\"_wpcf7cf_visible_groups\" value=\"[]\" \/><input type=\"hidden\" name=\"_wpcf7cf_repeaters\" value=\"[]\" \/><input type=\"hidden\" name=\"_wpcf7cf_steps\" value=\"{}\" \/><input type=\"hidden\" name=\"_wpcf7cf_options\" value=\"{&quot;form_id&quot;:974,&quot;conditions&quot;:[{&quot;then_field&quot;:&quot;prezentacja-tak&quot;,&quot;and_rules&quot;:[{&quot;if_field&quot;:&quot;prezentacja&quot;,&quot;operator&quot;:&quot;equals&quot;,&quot;if_value&quot;:&quot;TAK&quot;}]}],&quot;settings&quot;:{&quot;animation&quot;:&quot;yes&quot;,&quot;animation_intime&quot;:200,&quot;animation_outtime&quot;:200,&quot;conditions_ui&quot;:&quot;normal&quot;,&quot;notice_dismissed&quot;:false}}\" \/><input type=\"hidden\" name=\"_wpcf7_recaptcha_response\" value=\"\" \/>\n<\/fieldset>\n<div class=\"row\">\n\t<div class=\"col-md-12 mx-auto\">\n\t\t<div class=\"row\">\n\t\t\t<div class=\"col-md-4\">\n\t\t\t\t<p><label for=\"title\"> Tytu\u0142 akademicki: * <\/label><br \/>\n<span class=\"wpcf7-form-control-wrap\" data-name=\"title\"><input size=\"40\" maxlength=\"400\" class=\"wpcf7-form-control wpcf7-text wpcf7-validates-as-required\" id=\"title\" aria-required=\"true\" aria-invalid=\"false\" value=\"\" type=\"text\" name=\"title\" \/><\/span>\n\t\t\t\t<\/p>\n\t\t\t<\/div>\n\t\t\t<div class=\"col-md-4\">\n\t\t\t\t<p><label for=\"firstname\"> Imi\u0119: * <\/label><br \/>\n<span class=\"wpcf7-form-control-wrap\" data-name=\"firstname\"><input size=\"40\" maxlength=\"400\" class=\"wpcf7-form-control wpcf7-text wpcf7-validates-as-required\" id=\"firstname\" aria-required=\"true\" aria-invalid=\"false\" value=\"\" type=\"text\" name=\"firstname\" \/><\/span>\n\t\t\t\t<\/p>\n\t\t\t<\/div>\n\t\t\t<div class=\"col-md-4\">\n\t\t\t\t<p><label for=\"surname\"> Nazwisko: * <\/label><br \/>\n<span class=\"wpcf7-form-control-wrap\" data-name=\"surname\"><input size=\"40\" maxlength=\"400\" class=\"wpcf7-form-control wpcf7-text wpcf7-validates-as-required\" id=\"surname\" aria-required=\"true\" aria-invalid=\"false\" value=\"\" type=\"text\" name=\"surname\" \/><\/span>\n\t\t\t\t<\/p>\n\t\t\t<\/div>\n\t\t<\/div>\n\t\t<div class=\"row\">\n\t\t\t<div class=\"col-md-7\">\n\t\t\t\t<p><label for=\"university\"> Instytucja: * <\/label><br \/>\n<span class=\"wpcf7-form-control-wrap\" data-name=\"university\"><input size=\"40\" maxlength=\"400\" class=\"wpcf7-form-control wpcf7-text wpcf7-validates-as-required\" id=\"university\" aria-required=\"true\" aria-invalid=\"false\" value=\"\" type=\"text\" name=\"university\" \/><\/span>\n\t\t\t\t<\/p>\n\t\t\t<\/div>\n\t\t\t<div class=\"col-md-3\">\n\t\t\t\t<p><label for=\"email\"> E-mail: * <\/label><br \/>\n<span class=\"wpcf7-form-control-wrap\" data-name=\"email\"><input size=\"40\" maxlength=\"400\" class=\"wpcf7-form-control wpcf7-email wpcf7-validates-as-required wpcf7-text wpcf7-validates-as-email\" id=\"email\" aria-required=\"true\" aria-invalid=\"false\" value=\"\" type=\"email\" name=\"email\" \/><\/span>\n\t\t\t\t<\/p>\n\t\t\t<\/div>\n\t\t\t<div class=\"col-md-2\">\n\t\t\t\t<p><label for=\"phone\"> Nr telefonu: * <\/label><br \/>\n<span class=\"wpcf7-form-control-wrap\" data-name=\"phone\"><input size=\"40\" maxlength=\"400\" class=\"wpcf7-form-control wpcf7-text wpcf7-validates-as-required\" id=\"phone\" aria-required=\"true\" aria-invalid=\"false\" value=\"\" type=\"text\" name=\"phone\" \/><\/span>\n\t\t\t\t<\/p>\n\t\t\t<\/div>\n\t\t<\/div>\n\t\t<div class=\"row\">\n\t\t\t<div class=\"col-md-12\">\n\t\t\t<hr \/>\n\t\t\t<\/div>\n\t\t<\/div>\n\t\t<div class=\"row\">\n\t\t\t<div class=\"col-md-12\">\n\t\t\t\t<p><label for=\"prezentacja\"> Prezentacja: * <\/label><br \/>\n<span class=\"wpcf7-form-control-wrap\" data-name=\"prezentacja\"><span class=\"wpcf7-form-control wpcf7-radio\" id=\"prezentacja\"><span class=\"wpcf7-list-item first\"><label><input type=\"radio\" name=\"prezentacja\" value=\"TAK\" \/><span class=\"wpcf7-list-item-label\">TAK<\/span><\/label><\/span><span class=\"wpcf7-list-item last\"><label><input type=\"radio\" name=\"prezentacja\" value=\"NIE\" \/><span class=\"wpcf7-list-item-label\">NIE<\/span><\/label><\/span><\/span><\/span>\n\t\t\t\t<\/p>\n\t\t\t\t<div data-id=\"prezentacja-tak\" data-orig_data_id=\"prezentacja-tak\" data-clear_on_hide class=\"\" data-class=\"wpcf7cf_group\">\n\t\t\t\t\t<div class=\"row\">\n\t\t\t\t\t\t<div class=\"col-md-6\">\n\t\t\t\t\t\t\t<p><label for=\"autorzy\"> Autorzy: <\/label><br \/>\n<span class=\"wpcf7-form-control-wrap\" data-name=\"autorzy\"><input size=\"40\" maxlength=\"400\" class=\"wpcf7-form-control wpcf7-text wpcf7-validates-as-required\" id=\"autorzy\" aria-required=\"true\" aria-invalid=\"false\" value=\"\" type=\"text\" name=\"autorzy\" \/><\/span>\n\t\t\t\t\t\t\t<\/p>\n\t\t\t\t\t\t<\/div>\n\t\t\t\t\t\t<div class=\"col-md-6\">\n\t\t\t\t\t\t\t<p><label for=\"tytul-prezentacji\"> Tytu\u0142 prezentacji: <\/label><br \/>\n<span class=\"wpcf7-form-control-wrap\" data-name=\"tytul-prezentacji\"><input size=\"40\" maxlength=\"400\" class=\"wpcf7-form-control wpcf7-text wpcf7-validates-as-required\" id=\"tytul-prezentacji\" aria-required=\"true\" aria-invalid=\"false\" value=\"\" type=\"text\" name=\"tytul-prezentacji\" \/><\/span>\n\t\t\t\t\t\t\t<\/p>\n\t\t\t\t\t\t<\/div>\n\t\t\t\t\t<\/div>\n\t\t\t\t\t<div class=\"row\">\n\t\t\t\t\t\t<div class=\"col-md-6\">\n\t\t\t\t\t\t\t<p>Dodaj plik streszczenia prezentacji DOCX max 5MB <span class=\"wpcf7-form-control-wrap\" data-name=\"streszczenie-file\"><input size=\"40\" class=\"wpcf7-form-control wpcf7-file wpcf7-validates-as-required\" accept=\".docx\" aria-required=\"true\" aria-invalid=\"false\" type=\"file\" name=\"streszczenie-file\" \/><\/span>\n\t\t\t\t\t\t\t<\/p>\n\t\t\t\t\t\t<\/div>\n\t\t\t\t\t<\/div>\n\t\t\t\t<\/div>\n\t\t\t<\/div>\n\t\t<\/div>\n\t\t<div class=\"row\">\n\t\t\t<div class=\"col-md-12\">\n\t\t\t<hr \/>\n\t\t\t<\/div>\n\t\t<\/div>\n\t\t<div class=\"row\">\n\t\t\t<div class=\"col-md-12\">\n\t\t\t\t<p style=\"text-indent: 32px;font-weight: 400;font-size: 1.65rem\"><a  class=\"pdf\" href=\"https:\/\/wm.pb.edu.pl\/dar\/wp-content\/uploads\/sites\/31\/2025\/05\/Konferencja-DAR-klauzula-ODO.pdf\" target=\"_blank\" data-id=\"981\" >Informacja o przetwarzaniu danych osobowych <span>(PDF, 94 KB, otworzy si\u0119 w nowej karcie)<\/span><\/a>\n\t\t\t\t<\/p>\n\t\t\t\t<p><span class=\"wpcf7-form-control-wrap\" data-name=\"acceptance-101\"><span class=\"wpcf7-form-control wpcf7-acceptance\"><span class=\"wpcf7-list-item\"><label><input type=\"checkbox\" name=\"acceptance-101\" value=\"1\" aria-invalid=\"false\" \/><span class=\"wpcf7-list-item-label\">Zapozna\u0142am\/em si\u0119 z informacj\u0105 administratora dotycz\u0105c\u0105 przetwarzania danych osobowych.<\/span><\/label><\/span><\/span><\/span>\n\t\t\t\t<\/p>\n\t\t\t<\/div>\n\t\t<\/div>\n\t\t<div class=\"row\">\n\t\t\t<div class=\"col-md-12\">\n\t\t\t<hr \/>\n\t\t\t<\/div>\n\t\t<\/div>\n\t\t<div class=\"row\">\n\t\t\t<div class=\"col-md-12 text-right\">\n\t\t\t\t<p><input class=\"wpcf7-form-control wpcf7-submit has-spinner\" type=\"submit\" value=\"Wy\u015blij\" \/>\n\t\t\t\t<\/p>\n\t\t\t<\/div>\n\t\t<\/div>\n\t<\/div>\n<\/div><div class=\"wpcf7-response-output\" aria-hidden=\"true\"><\/div>\n<\/form>\n<\/div>\n\n","protected":false},"excerpt":{"rendered":"<p>Pola oznaczone (*) musz\u0105 by\u0107 wype\u0142nione obowi\u0105zkowo.<\/p>\n","protected":false},"author":2,"featured_media":0,"parent":0,"menu_order":5,"comment_status":"closed","ping_status":"closed","template":"","meta":{"inline_featured_image":false,"ngg_post_thumbnail":0,"footnotes":""},"class_list":["post-857","page","type-page","status-publish","hentry"],"acf":[],"yoast_head":"<!-- This site is optimized with the Yoast SEO plugin v26.4 - https:\/\/yoast.com\/wordpress\/plugins\/seo\/ -->\n<title>Rejestracja - Konferencja Dydaktyki Automatyki i Robotyki<\/title>\n<meta name=\"robots\" content=\"index, follow, max-snippet:-1, max-image-preview:large, max-video-preview:-1\" \/>\n<link rel=\"canonical\" href=\"https:\/\/wm.pb.edu.pl\/dar\/rejestracja\/\" \/>\n<meta property=\"og:locale\" content=\"pl_PL\" \/>\n<meta property=\"og:type\" content=\"article\" \/>\n<meta property=\"og:title\" content=\"Rejestracja - Konferencja Dydaktyki Automatyki i Robotyki\" \/>\n<meta property=\"og:description\" content=\"Pola oznaczone (*) musz\u0105 by\u0107 wype\u0142nione obowi\u0105zkowo.\" \/>\n<meta property=\"og:url\" content=\"https:\/\/wm.pb.edu.pl\/dar\/rejestracja\/\" \/>\n<meta property=\"og:site_name\" content=\"Konferencja Dydaktyki Automatyki i Robotyki\" \/>\n<meta property=\"article:modified_time\" content=\"2025-05-15T18:37:47+00:00\" \/>\n<meta name=\"twitter:card\" content=\"summary_large_image\" \/>\n<meta name=\"twitter:label1\" content=\"Szacowany czas czytania\" \/>\n\t<meta name=\"twitter:data1\" content=\"1 minuta\" \/>\n<script type=\"application\/ld+json\" class=\"yoast-schema-graph\">{\"@context\":\"https:\/\/schema.org\",\"@graph\":[{\"@type\":\"WebPage\",\"@id\":\"https:\/\/wm.pb.edu.pl\/dar\/rejestracja\/\",\"url\":\"https:\/\/wm.pb.edu.pl\/dar\/rejestracja\/\",\"name\":\"Rejestracja - Konferencja Dydaktyki Automatyki i Robotyki\",\"isPartOf\":{\"@id\":\"https:\/\/wm.pb.edu.pl\/dar\/#website\"},\"datePublished\":\"2025-03-19T21:28:15+00:00\",\"dateModified\":\"2025-05-15T18:37:47+00:00\",\"breadcrumb\":{\"@id\":\"https:\/\/wm.pb.edu.pl\/dar\/rejestracja\/#breadcrumb\"},\"inLanguage\":\"pl-PL\",\"potentialAction\":[{\"@type\":\"ReadAction\",\"target\":[\"https:\/\/wm.pb.edu.pl\/dar\/rejestracja\/\"]}]},{\"@type\":\"BreadcrumbList\",\"@id\":\"https:\/\/wm.pb.edu.pl\/dar\/rejestracja\/#breadcrumb\",\"itemListElement\":[{\"@type\":\"ListItem\",\"position\":1,\"name\":\"Strona g\u0142\u00f3wna\",\"item\":\"https:\/\/wm.pb.edu.pl\/dar\/\"},{\"@type\":\"ListItem\",\"position\":2,\"name\":\"Rejestracja\"}]},{\"@type\":\"WebSite\",\"@id\":\"https:\/\/wm.pb.edu.pl\/dar\/#website\",\"url\":\"https:\/\/wm.pb.edu.pl\/dar\/\",\"name\":\"Konferencja Dydaktyki Automatyki i Robotyki\",\"description\":\"\",\"potentialAction\":[{\"@type\":\"SearchAction\",\"target\":{\"@type\":\"EntryPoint\",\"urlTemplate\":\"https:\/\/wm.pb.edu.pl\/dar\/?s={search_term_string}\"},\"query-input\":{\"@type\":\"PropertyValueSpecification\",\"valueRequired\":true,\"valueName\":\"search_term_string\"}}],\"inLanguage\":\"pl-PL\"}]}<\/script>\n<!-- \/ Yoast SEO plugin. -->","yoast_head_json":{"title":"Rejestracja - Konferencja Dydaktyki Automatyki i Robotyki","robots":{"index":"index","follow":"follow","max-snippet":"max-snippet:-1","max-image-preview":"max-image-preview:large","max-video-preview":"max-video-preview:-1"},"canonical":"https:\/\/wm.pb.edu.pl\/dar\/rejestracja\/","og_locale":"pl_PL","og_type":"article","og_title":"Rejestracja - Konferencja Dydaktyki Automatyki i Robotyki","og_description":"Pola oznaczone (*) musz\u0105 by\u0107 wype\u0142nione obowi\u0105zkowo.","og_url":"https:\/\/wm.pb.edu.pl\/dar\/rejestracja\/","og_site_name":"Konferencja Dydaktyki Automatyki i Robotyki","article_modified_time":"2025-05-15T18:37:47+00:00","twitter_card":"summary_large_image","twitter_misc":{"Szacowany czas czytania":"1 minuta"},"schema":{"@context":"https:\/\/schema.org","@graph":[{"@type":"WebPage","@id":"https:\/\/wm.pb.edu.pl\/dar\/rejestracja\/","url":"https:\/\/wm.pb.edu.pl\/dar\/rejestracja\/","name":"Rejestracja - Konferencja Dydaktyki Automatyki i Robotyki","isPartOf":{"@id":"https:\/\/wm.pb.edu.pl\/dar\/#website"},"datePublished":"2025-03-19T21:28:15+00:00","dateModified":"2025-05-15T18:37:47+00:00","breadcrumb":{"@id":"https:\/\/wm.pb.edu.pl\/dar\/rejestracja\/#breadcrumb"},"inLanguage":"pl-PL","potentialAction":[{"@type":"ReadAction","target":["https:\/\/wm.pb.edu.pl\/dar\/rejestracja\/"]}]},{"@type":"BreadcrumbList","@id":"https:\/\/wm.pb.edu.pl\/dar\/rejestracja\/#breadcrumb","itemListElement":[{"@type":"ListItem","position":1,"name":"Strona g\u0142\u00f3wna","item":"https:\/\/wm.pb.edu.pl\/dar\/"},{"@type":"ListItem","position":2,"name":"Rejestracja"}]},{"@type":"WebSite","@id":"https:\/\/wm.pb.edu.pl\/dar\/#website","url":"https:\/\/wm.pb.edu.pl\/dar\/","name":"Konferencja Dydaktyki Automatyki i Robotyki","description":"","potentialAction":[{"@type":"SearchAction","target":{"@type":"EntryPoint","urlTemplate":"https:\/\/wm.pb.edu.pl\/dar\/?s={search_term_string}"},"query-input":{"@type":"PropertyValueSpecification","valueRequired":true,"valueName":"search_term_string"}}],"inLanguage":"pl-PL"}]}},"_links":{"self":[{"href":"https:\/\/wm.pb.edu.pl\/dar\/wp-json\/wp\/v2\/pages\/857","targetHints":{"allow":["GET"]}}],"collection":[{"href":"https:\/\/wm.pb.edu.pl\/dar\/wp-json\/wp\/v2\/pages"}],"about":[{"href":"https:\/\/wm.pb.edu.pl\/dar\/wp-json\/wp\/v2\/types\/page"}],"author":[{"embeddable":true,"href":"https:\/\/wm.pb.edu.pl\/dar\/wp-json\/wp\/v2\/users\/2"}],"replies":[{"embeddable":true,"href":"https:\/\/wm.pb.edu.pl\/dar\/wp-json\/wp\/v2\/comments?post=857"}],"version-history":[{"count":2,"href":"https:\/\/wm.pb.edu.pl\/dar\/wp-json\/wp\/v2\/pages\/857\/revisions"}],"predecessor-version":[{"id":976,"href":"https:\/\/wm.pb.edu.pl\/dar\/wp-json\/wp\/v2\/pages\/857\/revisions\/976"}],"wp:attachment":[{"href":"https:\/\/wm.pb.edu.pl\/dar\/wp-json\/wp\/v2\/media?parent=857"}],"curies":[{"name":"wp","href":"https:\/\/api.w.org\/{rel}","templated":true}]}}