{"id":861,"date":"2025-03-19T22:29:04","date_gmt":"2025-03-19T21:29:04","guid":{"rendered":"https:\/\/wm.pb.edu.pl\/dar\/?page_id=861"},"modified":"2025-08-14T20:27:37","modified_gmt":"2025-08-14T18:27:37","slug":"komitet-programowy","status":"publish","type":"page","link":"https:\/\/wm.pb.edu.pl\/dar\/organizacja\/komitet-programowy\/","title":{"rendered":"Komitet programowy"},"content":{"rendered":"<ul>\n<li>Andrzej Bartoszewicz<\/li>\n<li>Witold Byrski<\/li>\n<li>Stefan Domek<\/li>\n<li>Pawe\u0142 Dworak<\/li>\n<li>Andrzej Dzieli\u0144ski<\/li>\n<li>Jacek Kabzi\u0144ski<\/li>\n<li>Tadeusz Kaczorek<\/li>\n<li>J\u00f3zef Korbicz<\/li>\n<li>Wojciech Mitkowski<\/li>\n<li>Krzysztof Oprz\u0119dkiewicz<\/li>\n<li>Ewa Paw\u0142uszewicz<\/li>\n<li>Leszek Trybus<\/li>\n<li>Marcin Witczak<\/li>\n<\/ul>\n","protected":false},"excerpt":{"rendered":"<p>Andrzej Bartoszewicz Witold Byrski Stefan Domek Pawe\u0142 Dworak Andrzej Dzieli\u0144ski Jacek Kabzi\u0144ski Tadeusz Kaczorek J\u00f3zef<a class=\"read-more\" href=\"https:\/\/wm.pb.edu.pl\/dar\/organizacja\/komitet-programowy\/\" title=\"Poka\u017c artyku\u0142 Komitet programowy\">wi\u0119cej<\/a><\/p>\n","protected":false},"author":2,"featured_media":0,"parent":831,"menu_order":1,"comment_status":"closed","ping_status":"closed","template":"","meta":{"inline_featured_image":false,"ngg_post_thumbnail":0,"footnotes":""},"class_list":["post-861","page","type-page","status-publish","hentry"],"acf":[],"yoast_head":"<!-- This site is optimized with the Yoast SEO plugin v26.4 - https:\/\/yoast.com\/wordpress\/plugins\/seo\/ -->\n<title>Komitet programowy - Konferencja Dydaktyki Automatyki i Robotyki<\/title>\n<meta name=\"robots\" content=\"index, follow, max-snippet:-1, max-image-preview:large, max-video-preview:-1\" \/>\n<link rel=\"canonical\" href=\"https:\/\/wm.pb.edu.pl\/dar\/organizacja\/komitet-programowy\/\" \/>\n<meta property=\"og:locale\" content=\"pl_PL\" \/>\n<meta property=\"og:type\" content=\"article\" \/>\n<meta property=\"og:title\" content=\"Komitet programowy - Konferencja Dydaktyki Automatyki i Robotyki\" \/>\n<meta property=\"og:description\" content=\"Andrzej Bartoszewicz Witold Byrski Stefan Domek Pawe\u0142 Dworak Andrzej Dzieli\u0144ski Jacek Kabzi\u0144ski Tadeusz Kaczorek J\u00f3zefwi\u0119cej\" \/>\n<meta property=\"og:url\" content=\"https:\/\/wm.pb.edu.pl\/dar\/organizacja\/komitet-programowy\/\" \/>\n<meta property=\"og:site_name\" content=\"Konferencja Dydaktyki Automatyki i Robotyki\" \/>\n<meta property=\"article:modified_time\" content=\"2025-08-14T18:27:37+00:00\" \/>\n<meta name=\"twitter:card\" content=\"summary_large_image\" \/>\n<meta name=\"twitter:label1\" content=\"Szacowany czas czytania\" \/>\n\t<meta name=\"twitter:data1\" content=\"1 minuta\" \/>\n<script type=\"application\/ld+json\" class=\"yoast-schema-graph\">{\"@context\":\"https:\/\/schema.org\",\"@graph\":[{\"@type\":\"WebPage\",\"@id\":\"https:\/\/wm.pb.edu.pl\/dar\/organizacja\/komitet-programowy\/\",\"url\":\"https:\/\/wm.pb.edu.pl\/dar\/organizacja\/komitet-programowy\/\",\"name\":\"Komitet programowy - Konferencja Dydaktyki Automatyki i Robotyki\",\"isPartOf\":{\"@id\":\"https:\/\/wm.pb.edu.pl\/dar\/#website\"},\"datePublished\":\"2025-03-19T21:29:04+00:00\",\"dateModified\":\"2025-08-14T18:27:37+00:00\",\"breadcrumb\":{\"@id\":\"https:\/\/wm.pb.edu.pl\/dar\/organizacja\/komitet-programowy\/#breadcrumb\"},\"inLanguage\":\"pl-PL\",\"potentialAction\":[{\"@type\":\"ReadAction\",\"target\":[\"https:\/\/wm.pb.edu.pl\/dar\/organizacja\/komitet-programowy\/\"]}]},{\"@type\":\"BreadcrumbList\",\"@id\":\"https:\/\/wm.pb.edu.pl\/dar\/organizacja\/komitet-programowy\/#breadcrumb\",\"itemListElement\":[{\"@type\":\"ListItem\",\"position\":1,\"name\":\"Strona g\u0142\u00f3wna\",\"item\":\"https:\/\/wm.pb.edu.pl\/dar\/\"},{\"@type\":\"ListItem\",\"position\":2,\"name\":\"Organizacja\",\"item\":\"https:\/\/wm.pb.edu.pl\/dar\/organizacja\/\"},{\"@type\":\"ListItem\",\"position\":3,\"name\":\"Komitet programowy\"}]},{\"@type\":\"WebSite\",\"@id\":\"https:\/\/wm.pb.edu.pl\/dar\/#website\",\"url\":\"https:\/\/wm.pb.edu.pl\/dar\/\",\"name\":\"Konferencja Dydaktyki Automatyki i Robotyki\",\"description\":\"\",\"potentialAction\":[{\"@type\":\"SearchAction\",\"target\":{\"@type\":\"EntryPoint\",\"urlTemplate\":\"https:\/\/wm.pb.edu.pl\/dar\/?s={search_term_string}\"},\"query-input\":{\"@type\":\"PropertyValueSpecification\",\"valueRequired\":true,\"valueName\":\"search_term_string\"}}],\"inLanguage\":\"pl-PL\"}]}<\/script>\n<!-- \/ Yoast SEO plugin. -->","yoast_head_json":{"title":"Komitet programowy - Konferencja Dydaktyki Automatyki i Robotyki","robots":{"index":"index","follow":"follow","max-snippet":"max-snippet:-1","max-image-preview":"max-image-preview:large","max-video-preview":"max-video-preview:-1"},"canonical":"https:\/\/wm.pb.edu.pl\/dar\/organizacja\/komitet-programowy\/","og_locale":"pl_PL","og_type":"article","og_title":"Komitet programowy - Konferencja Dydaktyki Automatyki i Robotyki","og_description":"Andrzej Bartoszewicz Witold Byrski Stefan Domek Pawe\u0142 Dworak Andrzej Dzieli\u0144ski Jacek Kabzi\u0144ski Tadeusz Kaczorek J\u00f3zefwi\u0119cej","og_url":"https:\/\/wm.pb.edu.pl\/dar\/organizacja\/komitet-programowy\/","og_site_name":"Konferencja Dydaktyki Automatyki i Robotyki","article_modified_time":"2025-08-14T18:27:37+00:00","twitter_card":"summary_large_image","twitter_misc":{"Szacowany czas czytania":"1 minuta"},"schema":{"@context":"https:\/\/schema.org","@graph":[{"@type":"WebPage","@id":"https:\/\/wm.pb.edu.pl\/dar\/organizacja\/komitet-programowy\/","url":"https:\/\/wm.pb.edu.pl\/dar\/organizacja\/komitet-programowy\/","name":"Komitet programowy - Konferencja Dydaktyki Automatyki i Robotyki","isPartOf":{"@id":"https:\/\/wm.pb.edu.pl\/dar\/#website"},"datePublished":"2025-03-19T21:29:04+00:00","dateModified":"2025-08-14T18:27:37+00:00","breadcrumb":{"@id":"https:\/\/wm.pb.edu.pl\/dar\/organizacja\/komitet-programowy\/#breadcrumb"},"inLanguage":"pl-PL","potentialAction":[{"@type":"ReadAction","target":["https:\/\/wm.pb.edu.pl\/dar\/organizacja\/komitet-programowy\/"]}]},{"@type":"BreadcrumbList","@id":"https:\/\/wm.pb.edu.pl\/dar\/organizacja\/komitet-programowy\/#breadcrumb","itemListElement":[{"@type":"ListItem","position":1,"name":"Strona g\u0142\u00f3wna","item":"https:\/\/wm.pb.edu.pl\/dar\/"},{"@type":"ListItem","position":2,"name":"Organizacja","item":"https:\/\/wm.pb.edu.pl\/dar\/organizacja\/"},{"@type":"ListItem","position":3,"name":"Komitet programowy"}]},{"@type":"WebSite","@id":"https:\/\/wm.pb.edu.pl\/dar\/#website","url":"https:\/\/wm.pb.edu.pl\/dar\/","name":"Konferencja Dydaktyki Automatyki i Robotyki","description":"","potentialAction":[{"@type":"SearchAction","target":{"@type":"EntryPoint","urlTemplate":"https:\/\/wm.pb.edu.pl\/dar\/?s={search_term_string}"},"query-input":{"@type":"PropertyValueSpecification","valueRequired":true,"valueName":"search_term_string"}}],"inLanguage":"pl-PL"}]}},"_links":{"self":[{"href":"https:\/\/wm.pb.edu.pl\/dar\/wp-json\/wp\/v2\/pages\/861","targetHints":{"allow":["GET"]}}],"collection":[{"href":"https:\/\/wm.pb.edu.pl\/dar\/wp-json\/wp\/v2\/pages"}],"about":[{"href":"https:\/\/wm.pb.edu.pl\/dar\/wp-json\/wp\/v2\/types\/page"}],"author":[{"embeddable":true,"href":"https:\/\/wm.pb.edu.pl\/dar\/wp-json\/wp\/v2\/users\/2"}],"replies":[{"embeddable":true,"href":"https:\/\/wm.pb.edu.pl\/dar\/wp-json\/wp\/v2\/comments?post=861"}],"version-history":[{"count":5,"href":"https:\/\/wm.pb.edu.pl\/dar\/wp-json\/wp\/v2\/pages\/861\/revisions"}],"predecessor-version":[{"id":997,"href":"https:\/\/wm.pb.edu.pl\/dar\/wp-json\/wp\/v2\/pages\/861\/revisions\/997"}],"up":[{"embeddable":true,"href":"https:\/\/wm.pb.edu.pl\/dar\/wp-json\/wp\/v2\/pages\/831"}],"wp:attachment":[{"href":"https:\/\/wm.pb.edu.pl\/dar\/wp-json\/wp\/v2\/media?parent=861"}],"curies":[{"name":"wp","href":"https:\/\/api.w.org\/{rel}","templated":true}]}}