{"id":12,"date":"2020-09-28T12:03:09","date_gmt":"2020-09-28T10:03:09","guid":{"rendered":"https:\/\/wm.pb.edu.pl\/eko-energetycy\/?page_id=12"},"modified":"2023-04-13T10:14:47","modified_gmt":"2023-04-13T08:14:47","slug":"eko-energetycy-studenckie-kolo-naukowe","status":"publish","type":"page","link":"https:\/\/wm.pb.edu.pl\/eko-energetycy\/","title":{"rendered":"Studenckie Ko\u0142o Naukowe Eko-Energetyk\u00f3w &#8211; Wydzia\u0142 Mechaniczny PB"},"content":{"rendered":"<p><a name=\"tu-skacz\"><\/a><br \/>\n<div class=\"row\">\n<div class=\"col-md-4\">\n  <div class=\"boxlink animated zoomIn \">\r\n    <a href=\"\/eko-energetycy\/o-kole\/\" class=\"\">\r\n      <div class=\"boxlink-title\">O Kole<span><\/span><\/div>\r\n      <div class=\"boxlink-content\">\r\n        <img decoding=\"async\" class=\"aligncenter wp-image-534 size-full\" src=\"https:\/\/wm.pb.edu.pl\/cerber\/wp-content\/uploads\/sites\/13\/2020\/11\/informacje.jpg\" alt=\"\">      <\/div>\r\n    <\/a>\r\n  <\/div>\r\n\n<\/div>\n<div class=\"col-md-4\">\n  <div class=\"boxlink animated zoomIn \">\r\n    <a href=\"\/eko-energetycy\/projekty-kola\/\" class=\"\">\r\n      <div class=\"boxlink-title\">Projekty Ko\u0142a<span><\/span><\/div>\r\n      <div class=\"boxlink-content\">\r\n        <img decoding=\"async\" class=\"aligncenter wp-image-534 size-full\" src=\"https:\/\/wm.pb.edu.pl\/kmiis\/wp-content\/uploads\/sites\/3\/2018\/08\/MW_lab.png\" alt=\"\">      <\/div>\r\n    <\/a>\r\n  <\/div>\r\n\n<\/div>\n<div class=\"col-md-4\">\n  <div class=\"boxlink animated zoomIn \">\r\n    <a href=\"\/eko-energetycy\/czlonkowie-kola\/\" class=\"\">\r\n      <div class=\"boxlink-title\">Cz\u0142onkowie Ko\u0142a<span><\/span><\/div>\r\n      <div class=\"boxlink-content\">\r\n        <img decoding=\"async\" class=\"aligncenter wp-image-534 size-full\" src=\"https:\/\/wm.pb.edu.pl\/cerber\/wp-content\/uploads\/sites\/13\/2020\/11\/Zesp\u00f3\u0142.jpg\" alt=\"\">      <\/div>\r\n    <\/a>\r\n  <\/div>\r\n\n<\/div>\n<\/div>\n<div class=\"row\">\n<div class=\"col-md-4\">\n  <div class=\"boxlink animated zoomIn \">\r\n    <a href=\"\/eko-energetycy\/kontakt\/\" class=\"\">\r\n      <div class=\"boxlink-title\">Kontakt<span><\/span><\/div>\r\n      <div class=\"boxlink-content\">\r\n        <img decoding=\"async\" class=\"aligncenter wp-image-534 size-full\" src=\"https:\/\/wm.pb.edu.pl\/kbiem\/wp-content\/uploads\/sites\/9\/2019\/10\/MW_kontakt.png\" alt=\"\">      <\/div>\r\n    <\/a>\r\n  <\/div>\r\n\n<\/div>\n<div class=\"col-md-4\">\n  <div class=\"boxlink animated zoomIn \">\r\n    <a href=\"\/eko-energetycy\/sukcesy\/\" class=\"\">\r\n      <div class=\"boxlink-title\">Sukcesy<span><\/span><\/div>\r\n      <div class=\"boxlink-content\">\r\n        <img decoding=\"async\" class=\"aligncenter wp-image-534 size-full\" src=\"https:\/\/wm.pb.edu.pl\/cerber\/wp-content\/uploads\/sites\/13\/2020\/11\/puchar.jpg\" alt=\"\">      <\/div>\r\n    <\/a>\r\n  <\/div>\r\n\n<\/div>\n<div class=\"col-md-4\">\n  <div class=\"boxlink animated zoomIn \">\r\n    <a href=\"\/eko-energetycy\/galeria\/\" class=\"\">\r\n      <div class=\"boxlink-title\">Galeria<span><\/span><\/div>\r\n      <div class=\"boxlink-content\">\r\n        <img decoding=\"async\" class=\"aligncenter wp-image-534 size-full\" src=\"https:\/\/wm.pb.edu.pl\/orthos\/wp-content\/uploads\/sites\/19\/2020\/12\/Galeria.jpg\" alt=\"\">      <\/div>\r\n    <\/a>\r\n  <\/div>\r\n\n<\/div>\n<\/div>\n<h2><a style=\"text-decoration: none\" title=\"Aktualno\u015bci\" href=\"\/eko-energetycy\/aktualnosci\">Aktualno\u015bci <i class=\"fa fa-caret-right\" aria-hidden=\"true\"><\/i><\/a><\/h2>\n  <div class=\"box news-box\">\r\n    <div class=\"row\">\r\n      <!--Array\n(\n    [post_type] => post\n    [paged] => 1\n    [orderby] => Array\n        (\n            [meta_value_num] => DESC\n            [date] => DESC\n        )\n\n    [meta_query] => Array\n        (\n            [relation] => OR\n            [0] => Array\n                (\n                    [key] => on_top\n                    [compare] => NOT EXISTS\n                )\n\n            [1] => Array\n                (\n                    [key] => on_top\n                )\n\n        )\n\n    [category__in] => 1\n    [posts_per_page] => 4\n)\n-->\r\n                        <div class=\"col-sm-3\">\r\n            <article class=\"format-standard\">\n    <span class=\"date text-right\"><i class=\"fa fa-calendar\"><\/i> 25-10-2022<\/span>\n    <a href=\"https:\/\/wm.pb.edu.pl\/eko-energetycy\/2022\/10\/25\/rekrutacja-do-eko-energetykow-studenckiego-kola-naukowego\/\">\n      <div class=\"article-image\">\n        <img loading=\"lazy\" decoding=\"async\" width=\"480\" height=\"320\" src=\"https:\/\/wm.pb.edu.pl\/eko-energetycy\/wp-content\/uploads\/sites\/12\/2022\/10\/EESKN-480x320.png\" class=\"attachment-hp-box-size size-hp-box-size wp-post-image\" alt=\"\" srcset=\"https:\/\/wm.pb.edu.pl\/eko-energetycy\/wp-content\/uploads\/sites\/12\/2022\/10\/EESKN-480x320.png 480w, https:\/\/wm.pb.edu.pl\/eko-energetycy\/wp-content\/uploads\/sites\/12\/2022\/10\/EESKN-300x200.png 300w, https:\/\/wm.pb.edu.pl\/eko-energetycy\/wp-content\/uploads\/sites\/12\/2022\/10\/EESKN-1024x682.png 1024w, https:\/\/wm.pb.edu.pl\/eko-energetycy\/wp-content\/uploads\/sites\/12\/2022\/10\/EESKN-768x512.png 768w, https:\/\/wm.pb.edu.pl\/eko-energetycy\/wp-content\/uploads\/sites\/12\/2022\/10\/EESKN-1536x1023.png 1536w, https:\/\/wm.pb.edu.pl\/eko-energetycy\/wp-content\/uploads\/sites\/12\/2022\/10\/EESKN.png 1822w\" sizes=\"auto, (max-width: 480px) 100vw, 480px\" \/>      <\/div>\n      <h3>Rekrutacja do Eko-Energetyk\u00f3w Studenckiego Ko\u0142a Naukowego<\/h3>\n      Zapraszamy na spotkanie organizacyjne Studenckiego Ko\u0142a Naukowego Eko-energetyk\u00f3w, kt\u00f3re odb\u0119dzie si\u0119    <\/a>\n<\/article>          <\/div>\r\n                  <\/div>\r\n          <\/div>\r\n\n","protected":false},"excerpt":{"rendered":"<p>Aktualno\u015bci<\/p>\n","protected":false},"author":14,"featured_media":87,"parent":0,"menu_order":0,"comment_status":"closed","ping_status":"closed","template":"templates\/reprezentacyjna-4_8.php","meta":{"inline_featured_image":false,"ngg_post_thumbnail":0,"footnotes":""},"class_list":["post-12","page","type-page","status-publish","has-post-thumbnail","hentry"],"acf":[],"yoast_head":"<!-- This site is optimized with the Yoast SEO plugin v26.4 - https:\/\/yoast.com\/wordpress\/plugins\/seo\/ -->\n<title>Studenckie Ko\u0142o Naukowe Eko-Energetyk\u00f3w - Wydzia\u0142 Mechaniczny PB<\/title>\n<meta name=\"description\" content=\"Eko-Energetycy Studenckie Ko\u0142o Naukowe Wydzia\u0142 Mechaniczny Politechniki Bia\u0142ostockiej\" \/>\n<meta name=\"robots\" content=\"index, follow, max-snippet:-1, max-image-preview:large, max-video-preview:-1\" \/>\n<link rel=\"canonical\" href=\"https:\/\/wm.pb.edu.pl\/eko-energetycy\/\" \/>\n<meta property=\"og:locale\" content=\"pl_PL\" \/>\n<meta property=\"og:type\" content=\"article\" \/>\n<meta property=\"og:title\" content=\"Studenckie Ko\u0142o Naukowe Eko-Energetyk\u00f3w - Wydzia\u0142 Mechaniczny PB\" \/>\n<meta property=\"og:description\" content=\"Eko-Energetycy Studenckie Ko\u0142o Naukowe Wydzia\u0142 Mechaniczny Politechniki Bia\u0142ostockiej\" \/>\n<meta property=\"og:url\" content=\"https:\/\/wm.pb.edu.pl\/eko-energetycy\/\" \/>\n<meta property=\"og:site_name\" content=\"Studenckie Ko\u0142o Naukowe Eko-Energetyk\u00f3w - Wydzia\u0142 Mechaniczny PB\" \/>\n<meta property=\"article:modified_time\" content=\"2023-04-13T08:14:47+00:00\" \/>\n<meta property=\"og:image\" content=\"https:\/\/wm.pb.edu.pl\/eko-energetycy\/wp-content\/uploads\/sites\/12\/2022\/12\/laboratorium-przeplywow-wielofazowych-stanowisko-do-badan-wymiennikow-ciepla-scaled.jpg\" \/>\n\t<meta property=\"og:image:width\" content=\"2560\" \/>\n\t<meta property=\"og:image:height\" content=\"1707\" \/>\n\t<meta property=\"og:image:type\" content=\"image\/jpeg\" \/>\n<meta name=\"twitter:card\" content=\"summary_large_image\" \/>\n<meta name=\"twitter:label1\" content=\"Szacowany czas czytania\" \/>\n\t<meta name=\"twitter:data1\" content=\"2 minuty\" \/>\n<script type=\"application\/ld+json\" class=\"yoast-schema-graph\">{\"@context\":\"https:\/\/schema.org\",\"@graph\":[{\"@type\":\"WebPage\",\"@id\":\"https:\/\/wm.pb.edu.pl\/eko-energetycy\/\",\"url\":\"https:\/\/wm.pb.edu.pl\/eko-energetycy\/\",\"name\":\"Studenckie Ko\u0142o Naukowe Eko-Energetyk\u00f3w - Wydzia\u0142 Mechaniczny PB\",\"isPartOf\":{\"@id\":\"https:\/\/wm.pb.edu.pl\/eko-energetycy\/#website\"},\"primaryImageOfPage\":{\"@id\":\"https:\/\/wm.pb.edu.pl\/eko-energetycy\/#primaryimage\"},\"image\":{\"@id\":\"https:\/\/wm.pb.edu.pl\/eko-energetycy\/#primaryimage\"},\"thumbnailUrl\":\"https:\/\/wm.pb.edu.pl\/eko-energetycy\/wp-content\/uploads\/sites\/12\/2022\/12\/laboratorium-przeplywow-wielofazowych-stanowisko-do-badan-wymiennikow-ciepla-scaled.jpg\",\"datePublished\":\"2020-09-28T10:03:09+00:00\",\"dateModified\":\"2023-04-13T08:14:47+00:00\",\"description\":\"Eko-Energetycy Studenckie Ko\u0142o Naukowe Wydzia\u0142 Mechaniczny Politechniki Bia\u0142ostockiej\",\"breadcrumb\":{\"@id\":\"https:\/\/wm.pb.edu.pl\/eko-energetycy\/#breadcrumb\"},\"inLanguage\":\"pl-PL\",\"potentialAction\":[{\"@type\":\"ReadAction\",\"target\":[\"https:\/\/wm.pb.edu.pl\/eko-energetycy\/\"]}]},{\"@type\":\"ImageObject\",\"inLanguage\":\"pl-PL\",\"@id\":\"https:\/\/wm.pb.edu.pl\/eko-energetycy\/#primaryimage\",\"url\":\"https:\/\/wm.pb.edu.pl\/eko-energetycy\/wp-content\/uploads\/sites\/12\/2022\/12\/laboratorium-przeplywow-wielofazowych-stanowisko-do-badan-wymiennikow-ciepla-scaled.jpg\",\"contentUrl\":\"https:\/\/wm.pb.edu.pl\/eko-energetycy\/wp-content\/uploads\/sites\/12\/2022\/12\/laboratorium-przeplywow-wielofazowych-stanowisko-do-badan-wymiennikow-ciepla-scaled.jpg\",\"width\":2560,\"height\":1707,\"caption\":\"laboratorium przep\u0142yw\u00f3w wielofazowych stanowisko do bada\u0144 wymiennik\u00f3w ciep\u0142a\"},{\"@type\":\"BreadcrumbList\",\"@id\":\"https:\/\/wm.pb.edu.pl\/eko-energetycy\/#breadcrumb\",\"itemListElement\":[{\"@type\":\"ListItem\",\"position\":1,\"name\":\"Strona g\u0142\u00f3wna\",\"item\":\"https:\/\/wm.pb.edu.pl\/eko-energetycy\/\"},{\"@type\":\"ListItem\",\"position\":2,\"name\":\"Studenckie Ko\u0142o Naukowe Eko-Energetyk\u00f3w &#8211; Wydzia\u0142 Mechaniczny PB\"}]},{\"@type\":\"WebSite\",\"@id\":\"https:\/\/wm.pb.edu.pl\/eko-energetycy\/#website\",\"url\":\"https:\/\/wm.pb.edu.pl\/eko-energetycy\/\",\"name\":\"Studenckie Ko\u0142o Naukowe Eko-Energetyk\u00f3w - Wydzia\u0142 Mechaniczny PB\",\"description\":\"Studenckie Ko\u0142o Naukowe Eko-Energetyk\u00f3w - Wydzia\u0142 Mechaniczny PB\",\"potentialAction\":[{\"@type\":\"SearchAction\",\"target\":{\"@type\":\"EntryPoint\",\"urlTemplate\":\"https:\/\/wm.pb.edu.pl\/eko-energetycy\/?s={search_term_string}\"},\"query-input\":{\"@type\":\"PropertyValueSpecification\",\"valueRequired\":true,\"valueName\":\"search_term_string\"}}],\"inLanguage\":\"pl-PL\"}]}<\/script>\n<!-- \/ Yoast SEO plugin. -->","yoast_head_json":{"title":"Studenckie Ko\u0142o Naukowe Eko-Energetyk\u00f3w - Wydzia\u0142 Mechaniczny PB","description":"Eko-Energetycy Studenckie Ko\u0142o Naukowe Wydzia\u0142 Mechaniczny Politechniki Bia\u0142ostockiej","robots":{"index":"index","follow":"follow","max-snippet":"max-snippet:-1","max-image-preview":"max-image-preview:large","max-video-preview":"max-video-preview:-1"},"canonical":"https:\/\/wm.pb.edu.pl\/eko-energetycy\/","og_locale":"pl_PL","og_type":"article","og_title":"Studenckie Ko\u0142o Naukowe Eko-Energetyk\u00f3w - Wydzia\u0142 Mechaniczny PB","og_description":"Eko-Energetycy Studenckie Ko\u0142o Naukowe Wydzia\u0142 Mechaniczny Politechniki Bia\u0142ostockiej","og_url":"https:\/\/wm.pb.edu.pl\/eko-energetycy\/","og_site_name":"Studenckie Ko\u0142o Naukowe Eko-Energetyk\u00f3w - Wydzia\u0142 Mechaniczny PB","article_modified_time":"2023-04-13T08:14:47+00:00","og_image":[{"width":2560,"height":1707,"url":"https:\/\/wm.pb.edu.pl\/eko-energetycy\/wp-content\/uploads\/sites\/12\/2022\/12\/laboratorium-przeplywow-wielofazowych-stanowisko-do-badan-wymiennikow-ciepla-scaled.jpg","type":"image\/jpeg"}],"twitter_card":"summary_large_image","twitter_misc":{"Szacowany czas czytania":"2 minuty"},"schema":{"@context":"https:\/\/schema.org","@graph":[{"@type":"WebPage","@id":"https:\/\/wm.pb.edu.pl\/eko-energetycy\/","url":"https:\/\/wm.pb.edu.pl\/eko-energetycy\/","name":"Studenckie Ko\u0142o Naukowe Eko-Energetyk\u00f3w - Wydzia\u0142 Mechaniczny PB","isPartOf":{"@id":"https:\/\/wm.pb.edu.pl\/eko-energetycy\/#website"},"primaryImageOfPage":{"@id":"https:\/\/wm.pb.edu.pl\/eko-energetycy\/#primaryimage"},"image":{"@id":"https:\/\/wm.pb.edu.pl\/eko-energetycy\/#primaryimage"},"thumbnailUrl":"https:\/\/wm.pb.edu.pl\/eko-energetycy\/wp-content\/uploads\/sites\/12\/2022\/12\/laboratorium-przeplywow-wielofazowych-stanowisko-do-badan-wymiennikow-ciepla-scaled.jpg","datePublished":"2020-09-28T10:03:09+00:00","dateModified":"2023-04-13T08:14:47+00:00","description":"Eko-Energetycy Studenckie Ko\u0142o Naukowe Wydzia\u0142 Mechaniczny Politechniki Bia\u0142ostockiej","breadcrumb":{"@id":"https:\/\/wm.pb.edu.pl\/eko-energetycy\/#breadcrumb"},"inLanguage":"pl-PL","potentialAction":[{"@type":"ReadAction","target":["https:\/\/wm.pb.edu.pl\/eko-energetycy\/"]}]},{"@type":"ImageObject","inLanguage":"pl-PL","@id":"https:\/\/wm.pb.edu.pl\/eko-energetycy\/#primaryimage","url":"https:\/\/wm.pb.edu.pl\/eko-energetycy\/wp-content\/uploads\/sites\/12\/2022\/12\/laboratorium-przeplywow-wielofazowych-stanowisko-do-badan-wymiennikow-ciepla-scaled.jpg","contentUrl":"https:\/\/wm.pb.edu.pl\/eko-energetycy\/wp-content\/uploads\/sites\/12\/2022\/12\/laboratorium-przeplywow-wielofazowych-stanowisko-do-badan-wymiennikow-ciepla-scaled.jpg","width":2560,"height":1707,"caption":"laboratorium przep\u0142yw\u00f3w wielofazowych stanowisko do bada\u0144 wymiennik\u00f3w ciep\u0142a"},{"@type":"BreadcrumbList","@id":"https:\/\/wm.pb.edu.pl\/eko-energetycy\/#breadcrumb","itemListElement":[{"@type":"ListItem","position":1,"name":"Strona g\u0142\u00f3wna","item":"https:\/\/wm.pb.edu.pl\/eko-energetycy\/"},{"@type":"ListItem","position":2,"name":"Studenckie Ko\u0142o Naukowe Eko-Energetyk\u00f3w &#8211; Wydzia\u0142 Mechaniczny PB"}]},{"@type":"WebSite","@id":"https:\/\/wm.pb.edu.pl\/eko-energetycy\/#website","url":"https:\/\/wm.pb.edu.pl\/eko-energetycy\/","name":"Studenckie Ko\u0142o Naukowe Eko-Energetyk\u00f3w - Wydzia\u0142 Mechaniczny PB","description":"Studenckie Ko\u0142o Naukowe Eko-Energetyk\u00f3w - Wydzia\u0142 Mechaniczny PB","potentialAction":[{"@type":"SearchAction","target":{"@type":"EntryPoint","urlTemplate":"https:\/\/wm.pb.edu.pl\/eko-energetycy\/?s={search_term_string}"},"query-input":{"@type":"PropertyValueSpecification","valueRequired":true,"valueName":"search_term_string"}}],"inLanguage":"pl-PL"}]}},"_links":{"self":[{"href":"https:\/\/wm.pb.edu.pl\/eko-energetycy\/wp-json\/wp\/v2\/pages\/12","targetHints":{"allow":["GET"]}}],"collection":[{"href":"https:\/\/wm.pb.edu.pl\/eko-energetycy\/wp-json\/wp\/v2\/pages"}],"about":[{"href":"https:\/\/wm.pb.edu.pl\/eko-energetycy\/wp-json\/wp\/v2\/types\/page"}],"author":[{"embeddable":true,"href":"https:\/\/wm.pb.edu.pl\/eko-energetycy\/wp-json\/wp\/v2\/users\/14"}],"replies":[{"embeddable":true,"href":"https:\/\/wm.pb.edu.pl\/eko-energetycy\/wp-json\/wp\/v2\/comments?post=12"}],"version-history":[{"count":18,"href":"https:\/\/wm.pb.edu.pl\/eko-energetycy\/wp-json\/wp\/v2\/pages\/12\/revisions"}],"predecessor-version":[{"id":104,"href":"https:\/\/wm.pb.edu.pl\/eko-energetycy\/wp-json\/wp\/v2\/pages\/12\/revisions\/104"}],"wp:featuredmedia":[{"embeddable":true,"href":"https:\/\/wm.pb.edu.pl\/eko-energetycy\/wp-json\/wp\/v2\/media\/87"}],"wp:attachment":[{"href":"https:\/\/wm.pb.edu.pl\/eko-energetycy\/wp-json\/wp\/v2\/media?parent=12"}],"curies":[{"name":"wp","href":"https:\/\/api.w.org\/{rel}","templated":true}]}}