{"id":55,"date":"2021-02-01T11:33:09","date_gmt":"2021-02-01T10:33:09","guid":{"rendered":"https:\/\/wm.pb.edu.pl\/eko-energetycy\/?page_id=55"},"modified":"2022-12-23T09:58:40","modified_gmt":"2022-12-23T08:58:40","slug":"projekty-kola","status":"publish","type":"page","link":"https:\/\/wm.pb.edu.pl\/eko-energetycy\/projekty-kola\/","title":{"rendered":"Projekty ko\u0142a"},"content":{"rendered":"<p><strong>Projekty ko\u0142a<\/strong><\/p>\n<p>Projekt absorpcyjnego urz\u0105dzenia ch\u0142odniczego nap\u0119dzanego energi\u0105 s\u0142oneczn\u0105<\/p>\n<p>Projekt rurki wirowej przeznaczonej do ch\u0142odzenia narz\u0119dzia skrawaj\u0105cego<\/p>\n<p>Prototypowa mikrosi\u0142ownia ORC z czynnikiem naturalnym<\/p>\n<p>Kombinezon ch\u0142odzony rurk\u0105 wirow\u0105<\/p>\n","protected":false},"excerpt":{"rendered":"<p>Projekty ko\u0142a Projekt absorpcyjnego urz\u0105dzenia ch\u0142odniczego nap\u0119dzanego energi\u0105 s\u0142oneczn\u0105 Projekt rurki wirowej przeznaczonej do ch\u0142odzenia<a class=\"read-more\" href=\"https:\/\/wm.pb.edu.pl\/eko-energetycy\/projekty-kola\/\" title=\"Poka\u017c artyku\u0142 Projekty ko\u0142a\">wi\u0119cej<\/a><\/p>\n","protected":false},"author":14,"featured_media":0,"parent":0,"menu_order":0,"comment_status":"closed","ping_status":"closed","template":"","meta":{"inline_featured_image":false,"ngg_post_thumbnail":0,"footnotes":""},"class_list":["post-55","page","type-page","status-publish","hentry"],"acf":[],"yoast_head":"<!-- This site is optimized with the Yoast SEO plugin v26.4 - https:\/\/yoast.com\/wordpress\/plugins\/seo\/ -->\n<title>Projekty ko\u0142a - Studenckie Ko\u0142o Naukowe Eko-Energetyk\u00f3w - Wydzia\u0142 Mechaniczny PB<\/title>\n<meta name=\"robots\" content=\"index, follow, max-snippet:-1, max-image-preview:large, max-video-preview:-1\" \/>\n<link rel=\"canonical\" href=\"https:\/\/wm.pb.edu.pl\/eko-energetycy\/projekty-kola\/\" \/>\n<meta property=\"og:locale\" content=\"pl_PL\" \/>\n<meta property=\"og:type\" content=\"article\" \/>\n<meta property=\"og:title\" content=\"Projekty ko\u0142a - Studenckie Ko\u0142o Naukowe Eko-Energetyk\u00f3w - Wydzia\u0142 Mechaniczny PB\" \/>\n<meta property=\"og:description\" content=\"Projekty ko\u0142a Projekt absorpcyjnego urz\u0105dzenia ch\u0142odniczego nap\u0119dzanego energi\u0105 s\u0142oneczn\u0105 Projekt rurki wirowej przeznaczonej do ch\u0142odzeniawi\u0119cej\" \/>\n<meta property=\"og:url\" content=\"https:\/\/wm.pb.edu.pl\/eko-energetycy\/projekty-kola\/\" \/>\n<meta property=\"og:site_name\" content=\"Studenckie Ko\u0142o Naukowe Eko-Energetyk\u00f3w - Wydzia\u0142 Mechaniczny PB\" \/>\n<meta property=\"article:modified_time\" content=\"2022-12-23T08:58:40+00:00\" \/>\n<meta name=\"twitter:card\" content=\"summary_large_image\" \/>\n<script type=\"application\/ld+json\" class=\"yoast-schema-graph\">{\"@context\":\"https:\/\/schema.org\",\"@graph\":[{\"@type\":\"WebPage\",\"@id\":\"https:\/\/wm.pb.edu.pl\/eko-energetycy\/projekty-kola\/\",\"url\":\"https:\/\/wm.pb.edu.pl\/eko-energetycy\/projekty-kola\/\",\"name\":\"Projekty ko\u0142a - Studenckie Ko\u0142o Naukowe Eko-Energetyk\u00f3w - Wydzia\u0142 Mechaniczny PB\",\"isPartOf\":{\"@id\":\"https:\/\/wm.pb.edu.pl\/eko-energetycy\/#website\"},\"datePublished\":\"2021-02-01T10:33:09+00:00\",\"dateModified\":\"2022-12-23T08:58:40+00:00\",\"breadcrumb\":{\"@id\":\"https:\/\/wm.pb.edu.pl\/eko-energetycy\/projekty-kola\/#breadcrumb\"},\"inLanguage\":\"pl-PL\",\"potentialAction\":[{\"@type\":\"ReadAction\",\"target\":[\"https:\/\/wm.pb.edu.pl\/eko-energetycy\/projekty-kola\/\"]}]},{\"@type\":\"BreadcrumbList\",\"@id\":\"https:\/\/wm.pb.edu.pl\/eko-energetycy\/projekty-kola\/#breadcrumb\",\"itemListElement\":[{\"@type\":\"ListItem\",\"position\":1,\"name\":\"Strona g\u0142\u00f3wna\",\"item\":\"https:\/\/wm.pb.edu.pl\/eko-energetycy\/\"},{\"@type\":\"ListItem\",\"position\":2,\"name\":\"Projekty ko\u0142a\"}]},{\"@type\":\"WebSite\",\"@id\":\"https:\/\/wm.pb.edu.pl\/eko-energetycy\/#website\",\"url\":\"https:\/\/wm.pb.edu.pl\/eko-energetycy\/\",\"name\":\"Studenckie Ko\u0142o Naukowe Eko-Energetyk\u00f3w - Wydzia\u0142 Mechaniczny PB\",\"description\":\"Studenckie Ko\u0142o Naukowe Eko-Energetyk\u00f3w - Wydzia\u0142 Mechaniczny PB\",\"potentialAction\":[{\"@type\":\"SearchAction\",\"target\":{\"@type\":\"EntryPoint\",\"urlTemplate\":\"https:\/\/wm.pb.edu.pl\/eko-energetycy\/?s={search_term_string}\"},\"query-input\":{\"@type\":\"PropertyValueSpecification\",\"valueRequired\":true,\"valueName\":\"search_term_string\"}}],\"inLanguage\":\"pl-PL\"}]}<\/script>\n<!-- \/ Yoast SEO plugin. -->","yoast_head_json":{"title":"Projekty ko\u0142a - Studenckie Ko\u0142o Naukowe Eko-Energetyk\u00f3w - Wydzia\u0142 Mechaniczny PB","robots":{"index":"index","follow":"follow","max-snippet":"max-snippet:-1","max-image-preview":"max-image-preview:large","max-video-preview":"max-video-preview:-1"},"canonical":"https:\/\/wm.pb.edu.pl\/eko-energetycy\/projekty-kola\/","og_locale":"pl_PL","og_type":"article","og_title":"Projekty ko\u0142a - Studenckie Ko\u0142o Naukowe Eko-Energetyk\u00f3w - Wydzia\u0142 Mechaniczny PB","og_description":"Projekty ko\u0142a Projekt absorpcyjnego urz\u0105dzenia ch\u0142odniczego nap\u0119dzanego energi\u0105 s\u0142oneczn\u0105 Projekt rurki wirowej przeznaczonej do ch\u0142odzeniawi\u0119cej","og_url":"https:\/\/wm.pb.edu.pl\/eko-energetycy\/projekty-kola\/","og_site_name":"Studenckie Ko\u0142o Naukowe Eko-Energetyk\u00f3w - Wydzia\u0142 Mechaniczny PB","article_modified_time":"2022-12-23T08:58:40+00:00","twitter_card":"summary_large_image","schema":{"@context":"https:\/\/schema.org","@graph":[{"@type":"WebPage","@id":"https:\/\/wm.pb.edu.pl\/eko-energetycy\/projekty-kola\/","url":"https:\/\/wm.pb.edu.pl\/eko-energetycy\/projekty-kola\/","name":"Projekty ko\u0142a - Studenckie Ko\u0142o Naukowe Eko-Energetyk\u00f3w - Wydzia\u0142 Mechaniczny PB","isPartOf":{"@id":"https:\/\/wm.pb.edu.pl\/eko-energetycy\/#website"},"datePublished":"2021-02-01T10:33:09+00:00","dateModified":"2022-12-23T08:58:40+00:00","breadcrumb":{"@id":"https:\/\/wm.pb.edu.pl\/eko-energetycy\/projekty-kola\/#breadcrumb"},"inLanguage":"pl-PL","potentialAction":[{"@type":"ReadAction","target":["https:\/\/wm.pb.edu.pl\/eko-energetycy\/projekty-kola\/"]}]},{"@type":"BreadcrumbList","@id":"https:\/\/wm.pb.edu.pl\/eko-energetycy\/projekty-kola\/#breadcrumb","itemListElement":[{"@type":"ListItem","position":1,"name":"Strona g\u0142\u00f3wna","item":"https:\/\/wm.pb.edu.pl\/eko-energetycy\/"},{"@type":"ListItem","position":2,"name":"Projekty ko\u0142a"}]},{"@type":"WebSite","@id":"https:\/\/wm.pb.edu.pl\/eko-energetycy\/#website","url":"https:\/\/wm.pb.edu.pl\/eko-energetycy\/","name":"Studenckie Ko\u0142o Naukowe Eko-Energetyk\u00f3w - Wydzia\u0142 Mechaniczny PB","description":"Studenckie Ko\u0142o Naukowe Eko-Energetyk\u00f3w - Wydzia\u0142 Mechaniczny PB","potentialAction":[{"@type":"SearchAction","target":{"@type":"EntryPoint","urlTemplate":"https:\/\/wm.pb.edu.pl\/eko-energetycy\/?s={search_term_string}"},"query-input":{"@type":"PropertyValueSpecification","valueRequired":true,"valueName":"search_term_string"}}],"inLanguage":"pl-PL"}]}},"_links":{"self":[{"href":"https:\/\/wm.pb.edu.pl\/eko-energetycy\/wp-json\/wp\/v2\/pages\/55","targetHints":{"allow":["GET"]}}],"collection":[{"href":"https:\/\/wm.pb.edu.pl\/eko-energetycy\/wp-json\/wp\/v2\/pages"}],"about":[{"href":"https:\/\/wm.pb.edu.pl\/eko-energetycy\/wp-json\/wp\/v2\/types\/page"}],"author":[{"embeddable":true,"href":"https:\/\/wm.pb.edu.pl\/eko-energetycy\/wp-json\/wp\/v2\/users\/14"}],"replies":[{"embeddable":true,"href":"https:\/\/wm.pb.edu.pl\/eko-energetycy\/wp-json\/wp\/v2\/comments?post=55"}],"version-history":[{"count":3,"href":"https:\/\/wm.pb.edu.pl\/eko-energetycy\/wp-json\/wp\/v2\/pages\/55\/revisions"}],"predecessor-version":[{"id":85,"href":"https:\/\/wm.pb.edu.pl\/eko-energetycy\/wp-json\/wp\/v2\/pages\/55\/revisions\/85"}],"wp:attachment":[{"href":"https:\/\/wm.pb.edu.pl\/eko-energetycy\/wp-json\/wp\/v2\/media?parent=55"}],"curies":[{"name":"wp","href":"https:\/\/api.w.org\/{rel}","templated":true}]}}