{"id":16877,"date":"2018-01-17T11:42:02","date_gmt":"2018-01-17T10:42:02","guid":{"rendered":"https:\/\/wm.pb.edu.pl\/historia-i-rozwoj\/"},"modified":"2022-06-14T14:19:39","modified_gmt":"2022-06-14T12:19:39","slug":"history","status":"publish","type":"page","link":"https:\/\/wm.pb.edu.pl\/en\/faculty\/about-us\/history\/","title":{"rendered":"History"},"content":{"rendered":"<p>Faculty of Mechanical Engineering is one of the oldest faculties of Bialystok University&nbsp;of Technology, created upon The Private Evening Engineering College established on the 1st&nbsp;of December 1949. The first 54 students commenced their education in the field of Mechanics on&nbsp;the 1st of February 1950. At the time the activities of the Faculty were aimed at providing future&nbsp;engineers with general education in the field of Machine Construction Technology.<\/p>\n<p><a href=\"https:\/\/wm.pb.edu.pl\/wp-content\/uploads\/2022\/06\/hist.jpg\"><img loading=\"lazy\" decoding=\"async\" class=\"alignright wp-image-17155 size-medium\" src=\"https:\/\/wm.pb.edu.pl\/wp-content\/uploads\/2022\/06\/hist-300x240.jpg\" alt=\"construction of Bialystok University of Technology fot. dr hab. in\u017c. Roman Kaczy\u0144ski, prof. PB\" width=\"300\" height=\"240\" srcset=\"https:\/\/wm.pb.edu.pl\/wp-content\/uploads\/2022\/06\/hist-300x240.jpg 300w, https:\/\/wm.pb.edu.pl\/wp-content\/uploads\/2022\/06\/hist.jpg 600w\" sizes=\"auto, (max-width: 300px) 100vw, 300px\" \/><\/a>Moreover, the aforementioned activities were the inevitable response to the demand of developing industries for engineering personnel. This study proved to be predominant for a considerable number of years. On the 1st of September 1964, The Evening Engineering College was transformed into Engineering Academy and as a result the rights to conduct full-time and extramural engineering studies in the field of Mechanics were obtained. In 1973 full-time Master\u2019s Programme was opened in the field of Mechanics and Machine Construction. Along with the development of new trends in industries connected with automation of technological processes, a new programme of studies was introduced \u2013 Automatic Control and Robotics \u2013 the 5-year uniform Master\u2019s Studies. Following the need of providing future engineers with interdisciplinary knowledge in the fields of technology and medicine, the educational offer of the Faculty was extended resulting in a new speciality of Orthopaedic and Prosthetic Engineering, which was subsequently transformed into Biomedical Engineering (Bachelor of Engineering Studies since 2008 and Master\u2019s Studies since 2011). Moreover, in 2005 a new faculty of Education in Technology and Informatics was opened followed by Agricultural and Forest Technology in 2008. Following cooperation with Electrical Engineering Faculty, an inter-faculty programme of Energetics was proposed and in 2013 it was transformed into Eco-energetics with additional engagement of Building and Environment Engineering Faculty. In 2014 the educational offer of Mechanical Faculty was further developed with the introduction of Mechatronic Systems and Materials studies taught both in Polish and English. It should be noted that since its first days approximately 10 000 students have graduated from the Faculty.<\/p>\n<p><a href=\"https:\/\/wm.pb.edu.pl\/en\/wp-content\/uploads\/sites\/2\/2018\/01\/history02.jpg\"><img loading=\"lazy\" decoding=\"async\" class=\"alignleft wp-image-43\" src=\"https:\/\/wm.pb.edu.pl\/wp-content\/uploads\/2022\/06\/history02.jpg\" alt=\"construction of Bialystok University of Technology\" width=\"540\" height=\"365\"><\/a><a href=\"https:\/\/wm.pb.edu.pl\/en\/wp-content\/uploads\/sites\/2\/2018\/01\/history01.jpg\"><img loading=\"lazy\" decoding=\"async\" class=\"alignright wp-image-42\" src=\"https:\/\/wm.pb.edu.pl\/wp-content\/uploads\/2022\/06\/history01.jpg\" alt=\"construction of Bialystok University of Technology\" width=\"540\" height=\"365\"><\/a><\/p>\n<p><img loading=\"lazy\" decoding=\"async\" class=\"aligncenter wp-image-51 size-full\" src=\"https:\/\/wm.pb.edu.pl\/wp-content\/uploads\/2022\/06\/history03.jpg\" alt=\"panorama of the bialystok University of Technology campus\" width=\"1400\" height=\"499\"><\/p>\n<blockquote><p>The first Dean of the Faculty of Mechanical Engineering was Prof. Marian Poniatowski, PhD, Eng&nbsp;who was elected in December 1951 and held the post until March 1958. The subsequent Deans&nbsp;of the Faculty of Mechanical Engineering (or Directors of Institute of Mechanics) who set formal and&nbsp;organizational foundations as well as established new trends in the development of the Faculty&nbsp;include the following: Jan Zubaczek, MSc Eng (1958-1967), Prof. Henryk Popko PhD, Eng (1968-1971), Prof. Tadeusz Jeszke DSc, PhD, Eng (1971-1975), Prof. Henryk Bernacki DSc, PhD, Eng&nbsp;(1975-1979), Prof. J\u00f3zef Jezierski DSc, PhD, Eng (1979-1981), Prof. Stefan Ignatiuk DSc, PhD, Eng&nbsp;(1982-1990), Czes\u0142aw Celmerowski DSc, PhD, Eng (1990-1994), Roman Niesteruk PhD, Eng&nbsp;(acting as the Dean in 1994 r.), Prof. Jan \u0141ach DSc, PhD, Eng (1994-1999), Prof. Jan Piwnik DSc,&nbsp;PhD, Eng (1999-2002), Prof. Franciszek Siemieniako DSc, PhD, Eng (1981-1982 and 2008-2012)&nbsp;and Prof. Andrzej Seweryn DSc, PhD, Eng (2002-2008, and since 2012).<\/p><\/blockquote>\n<p>The 1970s was a period of time when the University underwent a noticeable and dynamic&nbsp;development. It was the time when the new campus finally took its final shape in 45 Wiejska&nbsp;Street, allowing the Faculty of Mechanical Engineering to obtain facilities suitable for its growing&nbsp;research potential and educational requirements. Countless employees from various universities,&nbsp;scientific institutes as well as developing industries in Poland were offered a position and were later&nbsp;employed by the University. As a result of a constantly increasing number of academic staff,&nbsp;constant growth of laboratory base occurred that served not only so as to modernize didactics, but&nbsp;also to develop and carry out scientific research. Following the agreement with the Minister&nbsp;of National Education, on the 1st of October 1988 the Institute of Mechanics was formally&nbsp;transformed into the Faculty of Mechanical Engineering of Bialystok University of Technology.&nbsp;Significant development of the Faculty of Mechanical Engineering resulted in obtaining the rights to&nbsp;confer the degree of Doctor of Technical Sciences (PhD) in the field of Machine Construction and&nbsp;Maintenance in 1989 and in the field of Mechanics in 2005. Further development of academic staff&nbsp;and scientific research brought the possibility of conferring a Postdoctoral Degree (DSc.) in the field&nbsp;of Machine Construction and Maintenance in 2006 and in the field of Mechanics in 2009. In 2006,&nbsp;the Faculty extended its offer even further with two additional PhD studies in the fields of Machine&nbsp;Construction and Maintenance and Mechanics. In 2014, the Faculty obtained the rights to confer&nbsp;the degree of Doctor of Philosophy (Ph.D.) in the fields of Biocybernetics and Biomedical&nbsp;Engineering, and shortly after followed with opening Doctoral Studies in these fields.<\/p>\n<p>In recent years, the faculty has witnessed significant changes that mark its remarkable academic&nbsp;potential. In 2013, as a result of a comprehensive evaluation of scientific and research activities&nbsp;of scientific units conducted by Komitet Ewaluacji Jednostek Naukowych (Committee for Evaluation&nbsp;of Scientific Institutions) acting on behalf of the Ministry of Science and Higher Education, the&nbsp;Faculty of Mechanical Engineering of Bialystok University of Technology received category A, taking&nbsp;sixth place among thirty-six similar units in Poland.<\/p>\n<p>On the initiative of Mechanical Faculty, honorary degrees were conferred to Prof. Zenon Mroz, DSc,&nbsp;PhD, Eng (Institute of Fundamental Technological Research, Polish Academy of Science in Warsaw)&nbsp;in 2012 and to Prof. Jaros\u0142aw Mikielewicz, DSc, PhD, Eng (Institute of Fluid-Flow Machinery, Polish&nbsp;Academy of Science in Gda\u0144sk) in 2014. Furthermore, in 2014, an honorary professor degree was&nbsp;conferred to a long-time faculty employee and a former Dean, Prof. Franciszek Siemieniako, DSc,&nbsp;PhD, Eng.<\/p>\n<p><img loading=\"lazy\" decoding=\"async\" class=\"alignleft wp-image-53\" src=\"https:\/\/wm.pb.edu.pl\/wp-content\/uploads\/2022\/06\/history04-768x329-1.jpg\" alt=\"students build a spider robot\" width=\"770\" height=\"330\"><img loading=\"lazy\" decoding=\"async\" class=\"alignright wp-image-54\" src=\"https:\/\/wm.pb.edu.pl\/wp-content\/uploads\/2022\/06\/history05.jpg\" alt=\"students with a Mars rover\" width=\"330\" height=\"330\"><\/p>\n<h4>Currently, there are six departments, covering general and specialized didactics within the scope&nbsp;of available studies as well as implementing advanced scientific research and developmental works&nbsp;in the following fields:<\/h4>\n<ul>\n<li>Mechanics of modern materials with particular focus on the development of damage and&nbsp;fractures,<\/li>\n<li>Construction and maintenance processes of machines and vehicles,<\/li>\n<li>Technology of technical objects shaping, processing and measurement,<\/li>\n<li>Modelling, diagnostics and controlling systems and objects, including autonomous mobile&nbsp;robots and unmanned aircrafts,<\/li>\n<li>Modern constructions, materials and technologies in biomedical engineering,<\/li>\n<li>Modern heating\/cooling systems and devices.<\/li>\n<\/ul>\n","protected":false},"excerpt":{"rendered":"<p>Faculty of Mechanical Engineering is one of the oldest faculties of Bialystok University&nbsp;of Technology, created<a class=\"read-more\" href=\"https:\/\/wm.pb.edu.pl\/en\/faculty\/about-us\/history\/\" title=\"Poka\u017c artyku\u0142 History\">more<\/a><\/p>\n","protected":false},"author":2,"featured_media":0,"parent":16887,"menu_order":2,"comment_status":"closed","ping_status":"closed","template":"","meta":{"inline_featured_image":false,"ngg_post_thumbnail":0,"footnotes":""},"class_list":["post-16877","page","type-page","status-publish","hentry"],"acf":[],"yoast_head":"<!-- This site is optimized with the Yoast SEO plugin v26.4 - https:\/\/yoast.com\/wordpress\/plugins\/seo\/ -->\n<title>History - Faculty of Mechanical Engineering<\/title>\n<meta name=\"description\" content=\"Faculty of Mechanical Engineering is one of the oldest faculties of Bialystok University&nbsp;of Technology, created upon The Private Evening Engineering\" \/>\n<meta name=\"robots\" content=\"index, follow, max-snippet:-1, max-image-preview:large, max-video-preview:-1\" \/>\n<link rel=\"canonical\" href=\"https:\/\/wm.pb.edu.pl\/en\/faculty\/about-us\/history\/\" \/>\n<meta property=\"og:locale\" content=\"en_US\" \/>\n<meta property=\"og:type\" content=\"article\" \/>\n<meta property=\"og:title\" content=\"History - Faculty of Mechanical Engineering\" \/>\n<meta property=\"og:description\" content=\"Faculty of Mechanical Engineering is one of the oldest faculties of Bialystok University&nbsp;of Technology, created upon The Private Evening Engineering\" \/>\n<meta property=\"og:url\" content=\"https:\/\/wm.pb.edu.pl\/en\/faculty\/about-us\/history\/\" \/>\n<meta property=\"og:site_name\" content=\"Faculty of Mechanical Engineering\" \/>\n<meta property=\"article:publisher\" content=\"https:\/\/www.facebook.com\/wydzialmechaniczny.pb\" \/>\n<meta property=\"article:modified_time\" content=\"2022-06-14T12:19:39+00:00\" \/>\n<meta property=\"og:image\" content=\"https:\/\/wm.pb.edu.pl\/wp-content\/uploads\/2022\/06\/hist-300x240.jpg\" \/>\n<meta name=\"twitter:label1\" content=\"Est. reading time\" \/>\n\t<meta name=\"twitter:data1\" content=\"6 minutes\" \/>\n<script type=\"application\/ld+json\" class=\"yoast-schema-graph\">{\"@context\":\"https:\/\/schema.org\",\"@graph\":[{\"@type\":\"WebPage\",\"@id\":\"https:\/\/wm.pb.edu.pl\/en\/faculty\/about-us\/history\/\",\"url\":\"https:\/\/wm.pb.edu.pl\/en\/faculty\/about-us\/history\/\",\"name\":\"History - Faculty of Mechanical Engineering\",\"isPartOf\":{\"@id\":\"https:\/\/wm.pb.edu.pl\/en\/#website\"},\"primaryImageOfPage\":{\"@id\":\"https:\/\/wm.pb.edu.pl\/en\/faculty\/about-us\/history\/#primaryimage\"},\"image\":{\"@id\":\"https:\/\/wm.pb.edu.pl\/en\/faculty\/about-us\/history\/#primaryimage\"},\"thumbnailUrl\":\"https:\/\/wm.pb.edu.pl\/wp-content\/uploads\/2022\/06\/hist-300x240.jpg\",\"datePublished\":\"2018-01-17T10:42:02+00:00\",\"dateModified\":\"2022-06-14T12:19:39+00:00\",\"description\":\"Faculty of Mechanical Engineering is one of the oldest faculties of Bialystok University&nbsp;of Technology, created upon The Private Evening Engineering\",\"breadcrumb\":{\"@id\":\"https:\/\/wm.pb.edu.pl\/en\/faculty\/about-us\/history\/#breadcrumb\"},\"inLanguage\":\"en-US\",\"potentialAction\":[{\"@type\":\"ReadAction\",\"target\":[\"https:\/\/wm.pb.edu.pl\/en\/faculty\/about-us\/history\/\"]}]},{\"@type\":\"ImageObject\",\"inLanguage\":\"en-US\",\"@id\":\"https:\/\/wm.pb.edu.pl\/en\/faculty\/about-us\/history\/#primaryimage\",\"url\":\"https:\/\/wm.pb.edu.pl\/wp-content\/uploads\/2022\/06\/hist-300x240.jpg\",\"contentUrl\":\"https:\/\/wm.pb.edu.pl\/wp-content\/uploads\/2022\/06\/hist-300x240.jpg\"},{\"@type\":\"BreadcrumbList\",\"@id\":\"https:\/\/wm.pb.edu.pl\/en\/faculty\/about-us\/history\/#breadcrumb\",\"itemListElement\":[{\"@type\":\"ListItem\",\"position\":1,\"name\":\"Strona g\u0142\u00f3wna\",\"item\":\"https:\/\/wm.pb.edu.pl\/en\/\"},{\"@type\":\"ListItem\",\"position\":2,\"name\":\"Faculty\",\"item\":\"https:\/\/wm.pb.edu.pl\/en\/faculty\/\"},{\"@type\":\"ListItem\",\"position\":3,\"name\":\"About us\",\"item\":\"https:\/\/wm.pb.edu.pl\/en\/faculty\/about-us\/\"},{\"@type\":\"ListItem\",\"position\":4,\"name\":\"History\"}]},{\"@type\":\"WebSite\",\"@id\":\"https:\/\/wm.pb.edu.pl\/en\/#website\",\"url\":\"https:\/\/wm.pb.edu.pl\/en\/\",\"name\":\"Faculty of Mechanical Engineering\",\"description\":\"\",\"potentialAction\":[{\"@type\":\"SearchAction\",\"target\":{\"@type\":\"EntryPoint\",\"urlTemplate\":\"https:\/\/wm.pb.edu.pl\/en\/?s={search_term_string}\"},\"query-input\":{\"@type\":\"PropertyValueSpecification\",\"valueRequired\":true,\"valueName\":\"search_term_string\"}}],\"inLanguage\":\"en-US\"}]}<\/script>\n<!-- \/ Yoast SEO plugin. -->","yoast_head_json":{"title":"History - Faculty of Mechanical Engineering","description":"Faculty of Mechanical Engineering is one of the oldest faculties of Bialystok University&nbsp;of Technology, created upon The Private Evening Engineering","robots":{"index":"index","follow":"follow","max-snippet":"max-snippet:-1","max-image-preview":"max-image-preview:large","max-video-preview":"max-video-preview:-1"},"canonical":"https:\/\/wm.pb.edu.pl\/en\/faculty\/about-us\/history\/","og_locale":"en_US","og_type":"article","og_title":"History - Faculty of Mechanical Engineering","og_description":"Faculty of Mechanical Engineering is one of the oldest faculties of Bialystok University&nbsp;of Technology, created upon The Private Evening Engineering","og_url":"https:\/\/wm.pb.edu.pl\/en\/faculty\/about-us\/history\/","og_site_name":"Faculty of Mechanical Engineering","article_publisher":"https:\/\/www.facebook.com\/wydzialmechaniczny.pb","article_modified_time":"2022-06-14T12:19:39+00:00","og_image":[{"url":"https:\/\/wm.pb.edu.pl\/wp-content\/uploads\/2022\/06\/hist-300x240.jpg","type":"","width":"","height":""}],"twitter_misc":{"Est. reading time":"6 minutes"},"schema":{"@context":"https:\/\/schema.org","@graph":[{"@type":"WebPage","@id":"https:\/\/wm.pb.edu.pl\/en\/faculty\/about-us\/history\/","url":"https:\/\/wm.pb.edu.pl\/en\/faculty\/about-us\/history\/","name":"History - Faculty of Mechanical Engineering","isPartOf":{"@id":"https:\/\/wm.pb.edu.pl\/en\/#website"},"primaryImageOfPage":{"@id":"https:\/\/wm.pb.edu.pl\/en\/faculty\/about-us\/history\/#primaryimage"},"image":{"@id":"https:\/\/wm.pb.edu.pl\/en\/faculty\/about-us\/history\/#primaryimage"},"thumbnailUrl":"https:\/\/wm.pb.edu.pl\/wp-content\/uploads\/2022\/06\/hist-300x240.jpg","datePublished":"2018-01-17T10:42:02+00:00","dateModified":"2022-06-14T12:19:39+00:00","description":"Faculty of Mechanical Engineering is one of the oldest faculties of Bialystok University&nbsp;of Technology, created upon The Private Evening Engineering","breadcrumb":{"@id":"https:\/\/wm.pb.edu.pl\/en\/faculty\/about-us\/history\/#breadcrumb"},"inLanguage":"en-US","potentialAction":[{"@type":"ReadAction","target":["https:\/\/wm.pb.edu.pl\/en\/faculty\/about-us\/history\/"]}]},{"@type":"ImageObject","inLanguage":"en-US","@id":"https:\/\/wm.pb.edu.pl\/en\/faculty\/about-us\/history\/#primaryimage","url":"https:\/\/wm.pb.edu.pl\/wp-content\/uploads\/2022\/06\/hist-300x240.jpg","contentUrl":"https:\/\/wm.pb.edu.pl\/wp-content\/uploads\/2022\/06\/hist-300x240.jpg"},{"@type":"BreadcrumbList","@id":"https:\/\/wm.pb.edu.pl\/en\/faculty\/about-us\/history\/#breadcrumb","itemListElement":[{"@type":"ListItem","position":1,"name":"Strona g\u0142\u00f3wna","item":"https:\/\/wm.pb.edu.pl\/en\/"},{"@type":"ListItem","position":2,"name":"Faculty","item":"https:\/\/wm.pb.edu.pl\/en\/faculty\/"},{"@type":"ListItem","position":3,"name":"About us","item":"https:\/\/wm.pb.edu.pl\/en\/faculty\/about-us\/"},{"@type":"ListItem","position":4,"name":"History"}]},{"@type":"WebSite","@id":"https:\/\/wm.pb.edu.pl\/en\/#website","url":"https:\/\/wm.pb.edu.pl\/en\/","name":"Faculty of Mechanical Engineering","description":"","potentialAction":[{"@type":"SearchAction","target":{"@type":"EntryPoint","urlTemplate":"https:\/\/wm.pb.edu.pl\/en\/?s={search_term_string}"},"query-input":{"@type":"PropertyValueSpecification","valueRequired":true,"valueName":"search_term_string"}}],"inLanguage":"en-US"}]}},"_links":{"self":[{"href":"https:\/\/wm.pb.edu.pl\/en\/wp-json\/wp\/v2\/pages\/16877","targetHints":{"allow":["GET"]}}],"collection":[{"href":"https:\/\/wm.pb.edu.pl\/en\/wp-json\/wp\/v2\/pages"}],"about":[{"href":"https:\/\/wm.pb.edu.pl\/en\/wp-json\/wp\/v2\/types\/page"}],"author":[{"embeddable":true,"href":"https:\/\/wm.pb.edu.pl\/en\/wp-json\/wp\/v2\/users\/2"}],"replies":[{"embeddable":true,"href":"https:\/\/wm.pb.edu.pl\/en\/wp-json\/wp\/v2\/comments?post=16877"}],"version-history":[{"count":6,"href":"https:\/\/wm.pb.edu.pl\/en\/wp-json\/wp\/v2\/pages\/16877\/revisions"}],"predecessor-version":[{"id":17156,"href":"https:\/\/wm.pb.edu.pl\/en\/wp-json\/wp\/v2\/pages\/16877\/revisions\/17156"}],"up":[{"embeddable":true,"href":"https:\/\/wm.pb.edu.pl\/en\/wp-json\/wp\/v2\/pages\/16887"}],"wp:attachment":[{"href":"https:\/\/wm.pb.edu.pl\/en\/wp-json\/wp\/v2\/media?parent=16877"}],"curies":[{"name":"wp","href":"https:\/\/api.w.org\/{rel}","templated":true}]}}