{"id":17073,"date":"2022-06-07T18:18:53","date_gmt":"2022-06-07T16:18:53","guid":{"rendered":"https:\/\/wm.pb.edu.pl\/?page_id=17073"},"modified":"2026-02-18T08:43:36","modified_gmt":"2026-02-18T07:43:36","slug":"department-of-mechanics-and-applied-computer-science","status":"publish","type":"page","link":"https:\/\/wm.pb.edu.pl\/en\/faculty\/institutes-and-departments\/department-of-mechanics-and-applied-computer-science\/","title":{"rendered":"Department of Mechanics and Applied Computer Science"},"content":{"rendered":"<div class=\"h3\">Head of the Department \u2013 Professor Micha\u0142 Kuciej, DSc, PhD, Eng.<\/div>\n<p><i class=\"fal fa-envelope\"><\/i> <a href=\"#\" rel=\"nofollow\"  onclick=\"this.href='mailto:' + 'm.kuciej' + '@' + 'pb.edu.pl'\">m.kuciej [at] pb.edu.pl<\/a>\n<hr>\n<p><strong>The Department of Mechanics and Applied Computer Science<\/strong> was established in 1978 with the establishment of the Bia\u0142ystok University of Technology, although its origins date back to 1967 and the Technical Mechanics Team at the University of Engineering in Bia\u0142ystok.<\/p>\n<p>Currently, the Department employs 28 people: 12 independent research workers, 12 assistant professors, 2 assistants, 2 engineering and technical employees. There are also 7 PhD students in the Department.<\/p>\n<div class=\"h2\">Research and scientific profile<\/div>\n<p>The scientific and research activity of the Department of Mechanics and Applied Computer Science focuses on the following directions:<\/p>\n<ul>\n<li>modeling of brittle and ductile fracture processes in construction materials, including anisotropic and non-homogeneous materials;<\/li>\n<li>mechanics of materials, also composite materials, including polymer fibrous composites, metal layered composites and sandwich structures;<\/li>\n<li>problems of thermomechanics concerning frictional heating of brake system and clutch system elements as well as laser heating of body surfaces;<\/li>\n<li>experimental research and modeling of fatigue failure accumulation in a complex load condition and at elevated (or high) temperature;<\/li>\n<li>prediction of strength and fatigue life of structural elements in a complex load condition, taking into account the effects of gaps and notches;<\/li>\n<li>analysis of tribological wear processes in the processes of dry friction and jet erosion;<\/li>\n<li>experimental research and modeling of multiphase flows, in particular the dynamics of formation and flow of gas bubbles;<\/li>\n<li>problems of the theory of elasticity and thermoelasticity of media with gradient coverings.<\/li>\n<\/ul>\n<div class=\"h2\">Didactic:<\/div>\n<p>As part of their teaching activities, the employees of the Department conduct classes in the field of broadly understood technical mechanics, computer methods in engineering, basic sciences (mathematics and physics), electrical engineering and electronics, as well as entrepreneurship and innovation. There are also classes for Erasmus + students.<strong>&nbsp;<\/strong><\/p>\n<p>Student research clubs operate at the Department:<\/p>\n<ol>\n<li>Aviation Science Club (supervisor: Adam Adamowicz, DSc, PhD, Eng)<\/li>\n<li>Mechanics and Applied Computer Science (supervisor: Pawe\u0142 Dzienis, PhD, Eng)<\/li>\n<\/ol>\n<div class=\"h2\">Scientific and didactic employees<\/div>\n<div class=\"table-responsive\">\n<table class=\"table table-striped table borderless\" style=\"width: 1077px\">\n<thead>\n<tr>\n<td style=\"width: 492px\"><span style=\"font-size: 10pt\"><strong>Name and surname<\/strong><br \/>\n<\/span><\/td>\n<td style=\"width: 90px\"><span style=\"font-size: 10pt\"><strong>Room<\/strong><br \/>\n<\/span><\/td>\n<td style=\"width: 125px\"><span style=\"font-size: 10pt\"><strong>Phone<\/strong><br \/>\n<\/span><\/td>\n<td style=\"width: 370px\"><span style=\"font-size: 10pt\"><strong>Email<\/strong><br \/>\n<\/span><\/td>\n<\/tr>\n<\/thead>\n<tbody>\n<tr>\n<td style=\"width: 492px\" width=\"334\"><strong>Prof. Micha\u0142 Kuciej, DSc, Phd, Eng.<\/strong><\/td>\n<td style=\"width: 90px\" width=\"206\"><strong>M-340<\/strong><\/td>\n<td style=\"width: 125px\" width=\"156\"><strong>571-443-029<\/strong><\/td>\n<td style=\"width: 370px\" width=\"219\"><strong>m.kuciej[at]pb.edu.pl<\/strong><\/td>\n<\/tr>\n<tr>\n<td style=\"width: 492px\" width=\"334\">Prof. Oleksandr Jewtuszenko, DSc, Phd<\/td>\n<td style=\"width: 90px\" width=\"206\">M-345<\/td>\n<td style=\"width: 125px\" width=\"156\">571-443-028<\/td>\n<td style=\"width: 370px\" width=\"219\">a.yevtushenko[at]pb.edu.pl<\/td>\n<\/tr>\n<tr style=\"height: 36px\">\n<td style=\"width: 492px;height: 36px\" width=\"115\">Assoc. Prof. AKrzysztof Kamil \u017bur, DSc, Phd<\/td>\n<td style=\"width: 90px;height: 36px\" width=\"103\">M-336<\/td>\n<td style=\"width: 125px;height: 36px\" width=\"106\">503-539-352<\/td>\n<td style=\"width: 370px;height: 36px\" width=\"180\">k.zur[at]pb.edu.pl<\/td>\n<\/tr>\n<tr>\n<td style=\"width: 492px\" width=\"334\">Prof. Roman Kulchytskyy, DSc, Phd<\/td>\n<td style=\"width: 90px\" width=\"206\">M-349<\/td>\n<td style=\"width: 125px\" width=\"156\">571-443-030<\/td>\n<td style=\"width: 370px\" width=\"219\">r.kulczycki[at]pb.edu.pl<\/td>\n<\/tr>\n<tr>\n<td style=\"width: 492px\" width=\"334\">Prof. Romulad Mosdorf, DSc, Phd, Eng.<\/td>\n<td style=\"width: 90px\" width=\"206\">M-338<\/td>\n<td style=\"width: 125px\" width=\"156\">571-443-031<\/td>\n<td style=\"width: 370px\" width=\"219\">r.mosdorf[at]pb.edu.pl<\/td>\n<\/tr>\n<tr>\n<td style=\"width: 492px\" width=\"334\">Assoc. Prof. Agnieszka Dardzi\u0144ska-G\u0142\u0119bocka, DSc, Phd<\/td>\n<td style=\"width: 90px\" width=\"206\">M-351<\/td>\n<td style=\"width: 125px\" width=\"156\">571-443-022<\/td>\n<td style=\"width: 370px\" width=\"219\">a.dardzinska[at]pb.edu.pl<\/td>\n<\/tr>\n<tr>\n<td style=\"width: 492px\" width=\"334\">Assoc. Prof. Andrzej Kazberuk, DSc, Phd, Eng.<\/td>\n<td style=\"width: 90px\" width=\"206\">M-353<\/td>\n<td style=\"width: 125px\" width=\"156\">797-995-912<\/td>\n<td style=\"width: 370px\" width=\"219\">a.kazberuk[at]pb.edu.pl<\/td>\n<\/tr>\n<tr>\n<td style=\"width: 492px\" width=\"334\">Assoc. Prof. Dariusz M. Perkowski, DSc, Phd, Eng.<\/td>\n<td style=\"width: 90px\" width=\"206\">M-347<\/td>\n<td style=\"width: 125px\" width=\"156\">571-443-034<\/td>\n<td style=\"width: 370px\" width=\"219\">d.perkowski[at]pb.edu.pl<\/td>\n<\/tr>\n<tr>\n<td style=\"width: 492px\" width=\"334\">Assoc. Prof. Marek Romanowicz, DSc, Phd, Eng.<\/td>\n<td style=\"width: 90px\" width=\"206\">M-341<\/td>\n<td style=\"width: 125px\" width=\"156\">571-443-035<\/td>\n<td style=\"width: 370px\" width=\"219\">m.romanowicz[at]pb.edu.pl<\/td>\n<\/tr>\n<tr>\n<td style=\"width: 492px\" width=\"334\">Assoc. Prof. Robert U\u015bcinowicz, DSc, Phd, Eng.<\/td>\n<td style=\"width: 90px\" width=\"206\">M-332<\/td>\n<td style=\"width: 125px\" width=\"156\">571-443-040<\/td>\n<td style=\"width: 370px\" width=\"219\">r.uscinowicz[at]pb.edu.pl<\/td>\n<\/tr>\n<tr>\n<td style=\"width: 492px\" width=\"334\">Assoc. Prof. Adam Adamowicz, DSc, Phd, Eng.<\/td>\n<td style=\"width: 90px\" width=\"206\">M-344<\/td>\n<td style=\"width: 125px\" width=\"156\">571-443-020<\/td>\n<td style=\"width: 370px\" width=\"219\">a.adamowicz[at]pb.edu.pl<\/td>\n<\/tr>\n<tr>\n<td style=\"width: 492px\" width=\"334\">Assoc. Prof. Piotr Grze\u015b, DSc, Phd, Eng.<\/td>\n<td style=\"width: 90px\" width=\"206\">&nbsp;M-342<\/td>\n<td style=\"width: 125px\" width=\"156\">&nbsp;571-443-026<\/td>\n<td style=\"width: 370px\" width=\"219\">&nbsp;p.grzes[at]pb.edu.pl<\/td>\n<\/tr>\n<tr>\n<td style=\"width: 492px\" width=\"334\">Ewa Mrozek, Phd, Eng.&nbsp;<\/td>\n<td style=\"width: 90px\" width=\"206\">&nbsp;M-343<\/td>\n<td style=\"width: 125px\" width=\"156\">571-443-032<\/td>\n<td style=\"width: 370px\" width=\"219\">&nbsp;e.mrozek[at]pb.edu.pl<\/td>\n<\/tr>\n<tr>\n<td style=\"width: 492px\" width=\"334\">Adam Tomczyk, Phd, Eng.&nbsp;<\/td>\n<td style=\"width: 90px\" width=\"206\">&nbsp;M-328<\/td>\n<td style=\"width: 125px\" width=\"156\">607-576-706<\/td>\n<td style=\"width: 370px\" width=\"219\">&nbsp;a.tomczyk[at]pb.edu.pl<\/td>\n<\/tr>\n<tr>\n<td style=\"width: 492px\" width=\"334\">Wojciech Tarasiuk, Phd, Eng.&nbsp;<\/td>\n<td style=\"width: 90px\" width=\"206\">&nbsp;M-330<\/td>\n<td style=\"width: 125px\" width=\"156\">&nbsp;571-443-038<\/td>\n<td style=\"width: 370px\" width=\"219\">&nbsp;w.tarasiuk[at]pb.edu.pl<\/td>\n<\/tr>\n<tr>\n<td style=\"width: 492px\" width=\"334\">Adam Bajkowski, Phd, Eng.&nbsp;<\/td>\n<td style=\"width: 90px\" width=\"206\">&nbsp;M-330<\/td>\n<td style=\"width: 125px\" width=\"156\">&nbsp;571-443-021<\/td>\n<td style=\"width: 370px\" width=\"219\">&nbsp;a.bajkowski[at]pb.edu.pl<\/td>\n<\/tr>\n<tr>\n<td style=\"width: 492px\" width=\"334\">Pawe\u0142 Dzienis, DSc, Phd, Eng.<\/td>\n<td style=\"width: 90px\" width=\"206\">&nbsp;M-324<\/td>\n<td style=\"width: 125px\" width=\"156\">&nbsp;571-443-024<\/td>\n<td style=\"width: 370px\" width=\"219\">&nbsp;p.dzienis[at]pb.edu.pl<\/td>\n<\/tr>\n<tr>\n<td style=\"width: 492px\" width=\"334\">Hubert Grzybowski, Phd, Eng.<\/td>\n<td style=\"width: 90px\" width=\"206\">&nbsp;M-324<\/td>\n<td style=\"width: 125px\" width=\"156\">&nbsp;571-443-027<\/td>\n<td style=\"width: 370px\" width=\"219\">&nbsp;h.grzybowski[at]pb.edu.pl<\/td>\n<\/tr>\n<tr>\n<td style=\"width: 492px\" width=\"334\">Ewa Kulesza, Phd, Eng.&nbsp;<\/td>\n<td style=\"width: 90px\" width=\"206\">&nbsp;M-343<\/td>\n<td style=\"width: 125px\" width=\"156\">&nbsp;571-443-117<\/td>\n<td style=\"width: 370px\" width=\"219\">&nbsp;ewa.kulesza[at]pb.edu.pl<\/td>\n<\/tr>\n<tr>\n<td style=\"width: 492px\" width=\"334\">Micha\u0142 Doroszko, Phd, Eng.&nbsp;<\/td>\n<td style=\"width: 90px\" width=\"206\">&nbsp;M-336<\/td>\n<td style=\"width: 125px\" width=\"156\">&nbsp;571-443-116<\/td>\n<td style=\"width: 370px\" width=\"219\">&nbsp;m.doroszko[at]pb.edu.pl<\/td>\n<\/tr>\n<tr>\n<td style=\"width: 492px\" width=\"334\">Anna Falkowska, Phd, Eng.<\/td>\n<td style=\"width: 90px\" width=\"206\">&nbsp;M-334<\/td>\n<td style=\"width: 125px\" width=\"156\">&nbsp;571-443-025<\/td>\n<td style=\"width: 370px\" width=\"219\">&nbsp;a.falkowska[at]pb.edu.pl<\/td>\n<\/tr>\n<tr>\n<td style=\"width: 492px\" width=\"334\">Izabela Senderacka, Phd<\/td>\n<td style=\"width: 90px\" width=\"206\">&nbsp;M-334<\/td>\n<td style=\"width: 125px\" width=\"156\">&nbsp;668-815-224<\/td>\n<td style=\"width: 370px\" width=\"219\">&nbsp;i.senderacka[at]pb.edu.pl<\/td>\n<\/tr>\n<tr>\n<td style=\"width: 492px\" width=\"334\">Katarzyna Topczewska, Phd, Eng.<\/td>\n<td style=\"width: 90px\" width=\"206\">M-345<\/td>\n<td style=\"width: 125px\" width=\"156\">508-362-147<\/td>\n<td style=\"width: 370px\" width=\"219\">k.topczewska[at]pb.edu.pl<\/td>\n<\/tr>\n<tr>\n<td style=\"width: 492px\" width=\"334\">El\u017cbieta Bura, Phd, Eng.<\/td>\n<td style=\"width: 90px\" width=\"206\">M-326<\/td>\n<td style=\"width: 125px\" width=\"156\">571-443-033<\/td>\n<td style=\"width: 370px\" width=\"219\">e.bura[at]pb.edu.pl<\/td>\n<\/tr>\n<tr>\n<td style=\"width: 492px\">Piotr Jankowski, MA, Eng.<\/td>\n<td style=\"width: 90px\">M-336<\/td>\n<td style=\"width: 125px\">797-995-904<\/td>\n<td style=\"width: 370px\">piotr.jankowski[at]pb.edu.pl<\/td>\n<\/tr>\n<\/tbody>\n<\/table>\n<\/div>\n<div class=\"h2\">Engineering And Technical Staff<\/div>\n<div class=\"table-responsive\">\n<table class=\"table table-striped table borderless\" style=\"width: 1077px\">\n<thead>\n<tr>\n<td style=\"width: 492px\"><span style=\"font-size: 10pt\"><strong>Name and surname<\/strong><br \/>\n<\/span><\/td>\n<td style=\"width: 90px\"><span style=\"font-size: 10pt\"><strong>Room<\/strong><br \/>\n<\/span><\/td>\n<td style=\"width: 125px\"><span style=\"font-size: 10pt\"><strong>Phone<\/strong><br \/>\n<\/span><\/td>\n<td style=\"width: 370px\"><span style=\"font-size: 10pt\"><strong>Email<\/strong><br \/>\n<\/span><\/td>\n<\/tr>\n<\/thead>\n<tbody>\n<tr>\n<td style=\"width: 492px\" width=\"334\">Wojciech Grodzki, MA, Eng<\/td>\n<td style=\"width: 90px\" width=\"206\">M-543<\/td>\n<td style=\"width: 125px\" width=\"156\">571-443-108<\/td>\n<td style=\"width: 370px\" width=\"219\">w.grodzki[at]pb.edu.pl<\/td>\n<\/tr>\n<tr>\n<td style=\"width: 492px\" width=\"334\">Przemys\u0142aw Zamojski, Phd, Eng.<\/td>\n<td style=\"width: 90px\" width=\"206\">M-332<\/td>\n<td style=\"width: 125px\" width=\"156\">571-443-119<\/td>\n<td style=\"width: 370px\" width=\"219\">p.zamojski[at]pb.edu.pl<\/td>\n<\/tr>\n<\/tbody>\n<\/table>\n<\/div>\n","protected":false},"excerpt":{"rendered":"<p>Head of the Department \u2013 Professor Micha\u0142 Kuciej, DSc, PhD, Eng. The Department of Mechanics<a class=\"read-more\" href=\"https:\/\/wm.pb.edu.pl\/en\/faculty\/institutes-and-departments\/department-of-mechanics-and-applied-computer-science\/\" title=\"Poka\u017c artyku\u0142 Department of Mechanics and Applied Computer Science\">more<\/a><\/p>\n","protected":false},"author":2,"featured_media":0,"parent":16908,"menu_order":1,"comment_status":"closed","ping_status":"closed","template":"","meta":{"inline_featured_image":false,"ngg_post_thumbnail":0,"footnotes":""},"class_list":["post-17073","page","type-page","status-publish","hentry"],"acf":[],"yoast_head":"<!-- This site is optimized with the Yoast SEO plugin v26.4 - https:\/\/yoast.com\/wordpress\/plugins\/seo\/ -->\n<title>Department of Mechanics and Applied Computer Science - Faculty of Mechanical Engineering<\/title>\n<meta name=\"description\" content=\"Head of the Department \u2013 Professor Micha\u0142 Kuciej, DSc, PhD, Eng. The Department of Mechanics and Applied Computer Science was established in 1978 with the\" \/>\n<meta name=\"robots\" content=\"index, follow, max-snippet:-1, max-image-preview:large, max-video-preview:-1\" \/>\n<link rel=\"canonical\" href=\"https:\/\/wm.pb.edu.pl\/en\/faculty\/institutes-and-departments\/department-of-mechanics-and-applied-computer-science\/\" \/>\n<meta property=\"og:locale\" content=\"en_US\" \/>\n<meta property=\"og:type\" content=\"article\" \/>\n<meta property=\"og:title\" content=\"Department of Mechanics and Applied Computer Science - Faculty of Mechanical Engineering\" \/>\n<meta property=\"og:description\" content=\"Head of the Department \u2013 Professor Micha\u0142 Kuciej, DSc, PhD, Eng. The Department of Mechanics and Applied Computer Science was established in 1978 with the\" \/>\n<meta property=\"og:url\" content=\"https:\/\/wm.pb.edu.pl\/en\/faculty\/institutes-and-departments\/department-of-mechanics-and-applied-computer-science\/\" \/>\n<meta property=\"og:site_name\" content=\"Faculty of Mechanical Engineering\" \/>\n<meta property=\"article:publisher\" content=\"https:\/\/www.facebook.com\/wydzialmechaniczny.pb\" \/>\n<meta property=\"article:modified_time\" content=\"2026-02-18T07:43:36+00:00\" \/>\n<meta name=\"twitter:label1\" content=\"Est. reading time\" \/>\n\t<meta name=\"twitter:data1\" content=\"4 minutes\" \/>\n<script type=\"application\/ld+json\" class=\"yoast-schema-graph\">{\"@context\":\"https:\/\/schema.org\",\"@graph\":[{\"@type\":\"WebPage\",\"@id\":\"https:\/\/wm.pb.edu.pl\/en\/faculty\/institutes-and-departments\/department-of-mechanics-and-applied-computer-science\/\",\"url\":\"https:\/\/wm.pb.edu.pl\/en\/faculty\/institutes-and-departments\/department-of-mechanics-and-applied-computer-science\/\",\"name\":\"Department of Mechanics and Applied Computer Science - Faculty of Mechanical Engineering\",\"isPartOf\":{\"@id\":\"https:\/\/wm.pb.edu.pl\/en\/#website\"},\"datePublished\":\"2022-06-07T16:18:53+00:00\",\"dateModified\":\"2026-02-18T07:43:36+00:00\",\"description\":\"Head of the Department \u2013 Professor Micha\u0142 Kuciej, DSc, PhD, Eng. The Department of Mechanics and Applied Computer Science was established in 1978 with the\",\"breadcrumb\":{\"@id\":\"https:\/\/wm.pb.edu.pl\/en\/faculty\/institutes-and-departments\/department-of-mechanics-and-applied-computer-science\/#breadcrumb\"},\"inLanguage\":\"en-US\",\"potentialAction\":[{\"@type\":\"ReadAction\",\"target\":[\"https:\/\/wm.pb.edu.pl\/en\/faculty\/institutes-and-departments\/department-of-mechanics-and-applied-computer-science\/\"]}]},{\"@type\":\"BreadcrumbList\",\"@id\":\"https:\/\/wm.pb.edu.pl\/en\/faculty\/institutes-and-departments\/department-of-mechanics-and-applied-computer-science\/#breadcrumb\",\"itemListElement\":[{\"@type\":\"ListItem\",\"position\":1,\"name\":\"Strona g\u0142\u00f3wna\",\"item\":\"https:\/\/wm.pb.edu.pl\/en\/\"},{\"@type\":\"ListItem\",\"position\":2,\"name\":\"Faculty\",\"item\":\"https:\/\/wm.pb.edu.pl\/en\/faculty\/\"},{\"@type\":\"ListItem\",\"position\":3,\"name\":\"Institutes and Departments\",\"item\":\"https:\/\/wm.pb.edu.pl\/en\/faculty\/institutes-and-departments\/\"},{\"@type\":\"ListItem\",\"position\":4,\"name\":\"Department of Mechanics and Applied Computer Science\"}]},{\"@type\":\"WebSite\",\"@id\":\"https:\/\/wm.pb.edu.pl\/en\/#website\",\"url\":\"https:\/\/wm.pb.edu.pl\/en\/\",\"name\":\"Faculty of Mechanical Engineering\",\"description\":\"\",\"potentialAction\":[{\"@type\":\"SearchAction\",\"target\":{\"@type\":\"EntryPoint\",\"urlTemplate\":\"https:\/\/wm.pb.edu.pl\/en\/?s={search_term_string}\"},\"query-input\":{\"@type\":\"PropertyValueSpecification\",\"valueRequired\":true,\"valueName\":\"search_term_string\"}}],\"inLanguage\":\"en-US\"}]}<\/script>\n<!-- \/ Yoast SEO plugin. -->","yoast_head_json":{"title":"Department of Mechanics and Applied Computer Science - Faculty of Mechanical Engineering","description":"Head of the Department \u2013 Professor Micha\u0142 Kuciej, DSc, PhD, Eng. The Department of Mechanics and Applied Computer Science was established in 1978 with the","robots":{"index":"index","follow":"follow","max-snippet":"max-snippet:-1","max-image-preview":"max-image-preview:large","max-video-preview":"max-video-preview:-1"},"canonical":"https:\/\/wm.pb.edu.pl\/en\/faculty\/institutes-and-departments\/department-of-mechanics-and-applied-computer-science\/","og_locale":"en_US","og_type":"article","og_title":"Department of Mechanics and Applied Computer Science - Faculty of Mechanical Engineering","og_description":"Head of the Department \u2013 Professor Micha\u0142 Kuciej, DSc, PhD, Eng. The Department of Mechanics and Applied Computer Science was established in 1978 with the","og_url":"https:\/\/wm.pb.edu.pl\/en\/faculty\/institutes-and-departments\/department-of-mechanics-and-applied-computer-science\/","og_site_name":"Faculty of Mechanical Engineering","article_publisher":"https:\/\/www.facebook.com\/wydzialmechaniczny.pb","article_modified_time":"2026-02-18T07:43:36+00:00","twitter_misc":{"Est. reading time":"4 minutes"},"schema":{"@context":"https:\/\/schema.org","@graph":[{"@type":"WebPage","@id":"https:\/\/wm.pb.edu.pl\/en\/faculty\/institutes-and-departments\/department-of-mechanics-and-applied-computer-science\/","url":"https:\/\/wm.pb.edu.pl\/en\/faculty\/institutes-and-departments\/department-of-mechanics-and-applied-computer-science\/","name":"Department of Mechanics and Applied Computer Science - Faculty of Mechanical Engineering","isPartOf":{"@id":"https:\/\/wm.pb.edu.pl\/en\/#website"},"datePublished":"2022-06-07T16:18:53+00:00","dateModified":"2026-02-18T07:43:36+00:00","description":"Head of the Department \u2013 Professor Micha\u0142 Kuciej, DSc, PhD, Eng. The Department of Mechanics and Applied Computer Science was established in 1978 with the","breadcrumb":{"@id":"https:\/\/wm.pb.edu.pl\/en\/faculty\/institutes-and-departments\/department-of-mechanics-and-applied-computer-science\/#breadcrumb"},"inLanguage":"en-US","potentialAction":[{"@type":"ReadAction","target":["https:\/\/wm.pb.edu.pl\/en\/faculty\/institutes-and-departments\/department-of-mechanics-and-applied-computer-science\/"]}]},{"@type":"BreadcrumbList","@id":"https:\/\/wm.pb.edu.pl\/en\/faculty\/institutes-and-departments\/department-of-mechanics-and-applied-computer-science\/#breadcrumb","itemListElement":[{"@type":"ListItem","position":1,"name":"Strona g\u0142\u00f3wna","item":"https:\/\/wm.pb.edu.pl\/en\/"},{"@type":"ListItem","position":2,"name":"Faculty","item":"https:\/\/wm.pb.edu.pl\/en\/faculty\/"},{"@type":"ListItem","position":3,"name":"Institutes and Departments","item":"https:\/\/wm.pb.edu.pl\/en\/faculty\/institutes-and-departments\/"},{"@type":"ListItem","position":4,"name":"Department of Mechanics and Applied Computer Science"}]},{"@type":"WebSite","@id":"https:\/\/wm.pb.edu.pl\/en\/#website","url":"https:\/\/wm.pb.edu.pl\/en\/","name":"Faculty of Mechanical Engineering","description":"","potentialAction":[{"@type":"SearchAction","target":{"@type":"EntryPoint","urlTemplate":"https:\/\/wm.pb.edu.pl\/en\/?s={search_term_string}"},"query-input":{"@type":"PropertyValueSpecification","valueRequired":true,"valueName":"search_term_string"}}],"inLanguage":"en-US"}]}},"_links":{"self":[{"href":"https:\/\/wm.pb.edu.pl\/en\/wp-json\/wp\/v2\/pages\/17073","targetHints":{"allow":["GET"]}}],"collection":[{"href":"https:\/\/wm.pb.edu.pl\/en\/wp-json\/wp\/v2\/pages"}],"about":[{"href":"https:\/\/wm.pb.edu.pl\/en\/wp-json\/wp\/v2\/types\/page"}],"author":[{"embeddable":true,"href":"https:\/\/wm.pb.edu.pl\/en\/wp-json\/wp\/v2\/users\/2"}],"replies":[{"embeddable":true,"href":"https:\/\/wm.pb.edu.pl\/en\/wp-json\/wp\/v2\/comments?post=17073"}],"version-history":[{"count":15,"href":"https:\/\/wm.pb.edu.pl\/en\/wp-json\/wp\/v2\/pages\/17073\/revisions"}],"predecessor-version":[{"id":27111,"href":"https:\/\/wm.pb.edu.pl\/en\/wp-json\/wp\/v2\/pages\/17073\/revisions\/27111"}],"up":[{"embeddable":true,"href":"https:\/\/wm.pb.edu.pl\/en\/wp-json\/wp\/v2\/pages\/16908"}],"wp:attachment":[{"href":"https:\/\/wm.pb.edu.pl\/en\/wp-json\/wp\/v2\/media?parent=17073"}],"curies":[{"name":"wp","href":"https:\/\/api.w.org\/{rel}","templated":true}]}}