{"id":17078,"date":"2022-06-07T18:24:18","date_gmt":"2022-06-07T16:24:18","guid":{"rendered":"https:\/\/wm.pb.edu.pl\/?page_id=17078"},"modified":"2026-02-17T14:00:03","modified_gmt":"2026-02-17T13:00:03","slug":"department-of-materials-and-production-engineering","status":"publish","type":"page","link":"https:\/\/wm.pb.edu.pl\/en\/faculty\/institutes-and-departments\/department-of-materials-and-production-engineering\/","title":{"rendered":"Department of Materials and Production Engineering"},"content":{"rendered":"<div class=\"h3\">Head of the Department &#8211; Prof. Krzysztof Jan Kurzyd\u0142owski, DSc, Phd, Eng<\/div>\n<p><i class=\"fal fa-envelope\"><\/i> <a href=\"#\" rel=\"nofollow\"  onclick=\"this.href='mailto:' + 'k.kurzydlowski' + '@' + 'pb.edu.pl'\">k.kurzydlowski [at] pb.edu.pl<\/a>\n<hr>\n<p><strong>The Department of Materials and Production Engineering<\/strong>&nbsp; has been operating since the beginning of the Faculty of Mechanical Engineering, in 1949.<\/p>\n<p>Currently, the Department employs 19 people: 1 professor, 3 associate professors, 10 assistant professors, 1 assistants, 4 scientific technical support.<\/p>\n<div class=\"h2\">Research and scientific profile<\/div>\n<p>The Department of Materials and Production Engineering&nbsp; conducts research focusing on the three main areas:<\/p>\n<p>Modern materials<\/p>\n<ul>\n<li>Metal-matrix composite materials with filler of natural origin<\/li>\n<li>High entropy alloys<\/li>\n<li>Surface modification methods<\/li>\n<li>Biodegradable polymers and composites<\/li>\n<li>Materials characterization<\/li>\n<\/ul>\n<p>Technologies<\/p>\n<ul>\n<li>Methodology for improving the accuracy of fitting mating freeform surfaces<\/li>\n<li>Improving the accuracy of machining on milling machining centers<\/li>\n<li>Applying of reverse engineering technique for reconstruction of complex technical objects<\/li>\n<\/ul>\n<p>Materials degradation<\/p>\n<ul>\n<li>Analysis of friction and wear processes of selected materials<\/li>\n<li>Mechanics of materials &#8211; experimental methods, numerical modelling, fluid mechanics in multiphase liquids<\/li>\n<li>Research on the possibilities of improving the technical condition of cracked crankshafts<\/li>\n<\/ul>\n<div class=\"h2\">Scientific and didactic employees<\/div>\n<div class=\"table-responsive\">\n<table class=\"table table-striped table borderless\" style=\"width: 1077px\">\n<thead>\n<tr>\n<td style=\"width: 492px\"><span style=\"font-size: 10pt\"><strong>Name and surname<\/strong><br \/>\n<\/span><\/td>\n<td style=\"width: 90px\"><span style=\"font-size: 10pt\"><strong>Room<\/strong><br \/>\n<\/span><\/td>\n<td style=\"width: 125px\"><span style=\"font-size: 10pt\"><strong>Phone<\/strong><br \/>\n<\/span><\/td>\n<td style=\"width: 370px\"><span style=\"font-size: 10pt\"><strong>Email<\/strong><br \/>\n<\/span><\/td>\n<\/tr>\n<\/thead>\n<tbody>\n<tr>\n<td style=\"width: 492px\" width=\"411\">Prof. Krzysztof Jan Kurzyd\u0142owski, DSc, Phd, Eng<\/td>\n<td style=\"width: 90px\" width=\"68\">249<\/td>\n<td style=\"width: 125px\" width=\"114\">571-443-056<\/td>\n<td style=\"width: 370px\" width=\"215\">&nbsp;k.kurzydlowski[at]pb.edu.pl<\/td>\n<\/tr>\n<tr>\n<td style=\"width: 492px\" width=\"411\">Magdalena Joka Yildiz, Phd, Eng&nbsp;<\/td>\n<td style=\"width: 90px\" width=\"68\">253<\/td>\n<td style=\"width: 125px\" width=\"114\">797-995-909<\/td>\n<td style=\"width: 370px\" width=\"215\">m.joka[at]pb.edu.pl&nbsp;<\/td>\n<\/tr>\n<tr>\n<td style=\"width: 492px\" width=\"411\">Karol Golak, Phd, Eng&nbsp;<\/td>\n<td style=\"width: 90px\" width=\"68\">241&nbsp;<\/td>\n<td style=\"width: 125px\" width=\"114\">571-443-097&nbsp;<\/td>\n<td style=\"width: 370px\" width=\"215\">k.golak[at]pb.edu.pl&nbsp;<\/td>\n<\/tr>\n<tr>\n<td style=\"width: 492px\" width=\"411\">Bogus\u0142aw Ho\u015bci\u0142o, Phd, Eng<\/td>\n<td style=\"width: 90px\" width=\"68\">245<\/td>\n<td style=\"width: 125px\" width=\"114\">571-443-105<\/td>\n<td style=\"width: 370px\" width=\"215\">b.hoscilo[at]pb.edu.pl<\/td>\n<\/tr>\n<tr>\n<td style=\"width: 492px\" width=\"411\">Assoc. Prof. Marek Ja\u0142brzykowski, DSc, Phd, Eng&nbsp;<\/td>\n<td style=\"width: 90px\" width=\"68\">243<\/td>\n<td style=\"width: 125px\" width=\"114\">571-443-081&nbsp;<\/td>\n<td style=\"width: 370px\" width=\"215\">m.jalbrzykowski[at]pb.edu.pl&nbsp;<\/td>\n<\/tr>\n<tr>\n<td style=\"width: 492px\" width=\"411\">Magdalena \u0141\u0119picka, Phd, Eng<\/td>\n<td style=\"width: 90px\" width=\"68\">247<\/td>\n<td style=\"width: 125px\" width=\"114\">797-995-997&nbsp;<\/td>\n<td style=\"width: 370px\" width=\"215\">m.lepicka[at]pb.edu.pl&nbsp;<\/td>\n<\/tr>\n<tr>\n<td style=\"width: 492px\" width=\"411\">Grzegorz Rogowski, Phd, Eng&nbsp;<\/td>\n<td style=\"width: 90px\" width=\"68\">241&nbsp;<\/td>\n<td style=\"width: 125px\" width=\"114\">571-443-102&nbsp;<\/td>\n<td style=\"width: 370px\" width=\"215\">g.rogowski[at]pb.edu.pl&nbsp;<\/td>\n<\/tr>\n<tr>\n<td style=\"width: 492px\" width=\"411\">Grzegorz Skorulski, Phd, Eng&nbsp;<\/td>\n<td style=\"width: 90px\" width=\"68\">243&nbsp;<\/td>\n<td style=\"width: 125px\" width=\"114\">571-443-103&nbsp;<\/td>\n<td style=\"width: 370px\" width=\"215\">g.skorulski[at]pb.edu.pl&nbsp;<\/td>\n<\/tr>\n<tr>\n<td style=\"width: 492px\" width=\"411\">Andrzej Werner, Phd, Eng&nbsp;<\/td>\n<td style=\"width: 90px\" width=\"68\">245&nbsp;<\/td>\n<td style=\"width: 125px\" width=\"114\">571-443-104&nbsp;<\/td>\n<td style=\"width: 370px\" width=\"215\">a.werner[at]pb.edu.pl&nbsp;<\/td>\n<\/tr>\n<tr>\n<td style=\"width: 492px\" width=\"411\">Izabela Zg\u0142obicka, DSc, Phd, Eng&nbsp;<\/td>\n<td style=\"width: 90px\" width=\"68\">249<\/td>\n<td style=\"width: 125px\" width=\"114\">608-522-687<\/td>\n<td style=\"width: 370px\" width=\"215\">i.zglobicka[at]pb.edu.pl<\/td>\n<\/tr>\n<tr>\n<td style=\"width: 492px\" width=\"411\">Adrian Dubicki, MA, Eng<\/td>\n<td style=\"width: 90px\" width=\"68\">212<\/td>\n<td style=\"width: 125px\" width=\"114\">797-995-918<\/td>\n<td style=\"width: 370px\" width=\"215\">a.dubicki[at]pb.edu.pl<\/td>\n<\/tr>\n<tr>\n<td style=\"width: 492px\">Assoc. Prof. <span class=\"authorName\">Ma\u0142gorzata&nbsp;<\/span><span class=\"authorName\">Poniatowska,<\/span>&nbsp;DSc, Phd, Eng&nbsp;<\/td>\n<td style=\"width: 90px\">245<\/td>\n<td style=\"width: 125px\">571-443-101<\/td>\n<td style=\"width: 370px\">m.poniatowska[at]pb.edu.pl<\/td>\n<\/tr>\n<tr>\n<td style=\"width: 492px\" width=\"411\">Yildiz G\u00fcray, DSc, Phd, Eng.<\/td>\n<td style=\"width: 90px\" width=\"68\">251<\/td>\n<td style=\"width: 125px\">797-995-906<\/td>\n<td style=\"width: 370px\">guray.yildiz[at]pb.edu.pl<\/td>\n<\/tr>\n<\/tbody>\n<\/table>\n<\/div>\n<div class=\"h2\">Engineering And Technical Staff<\/div>\n<div class=\"table-responsive\">\n<table class=\"table table-striped table borderless\" style=\"width: 1077px\">\n<thead>\n<tr>\n<td style=\"width: 492px\"><span style=\"font-size: 10pt\"><strong>Name and surname<\/strong><br \/>\n<\/span><\/td>\n<td style=\"width: 90px\"><span style=\"font-size: 10pt\"><strong>Room<\/strong><br \/>\n<\/span><\/td>\n<td style=\"width: 125px\"><span style=\"font-size: 10pt\"><strong>Phone<\/strong><br \/>\n<\/span><\/td>\n<td style=\"width: 370px\"><span style=\"font-size: 10pt\"><strong>Email<\/strong><br \/>\n<\/span><\/td>\n<\/tr>\n<\/thead>\n<tbody>\n<tr>\n<td style=\"width: 492px\" width=\"411\">Magdalena Rodziewicz-Weremczuk, MA, Eng<\/td>\n<td style=\"width: 90px\" width=\"68\">247<\/td>\n<td style=\"width: 125px\" width=\"114\">571-443-110<\/td>\n<td style=\"width: 370px\" width=\"215\">magdalena.rodziewicz[at]pb.edu.pl<\/td>\n<\/tr>\n<tr>\n<td style=\"width: 492px\" width=\"411\">Adam To\u0142stoj, MA, Eng<\/td>\n<td style=\"width: 90px\" width=\"68\">402A<\/td>\n<td style=\"width: 125px\" width=\"114\">797-995-905<\/td>\n<td style=\"width: 370px\" width=\"215\">a.tolstoj[at]pb.edu.pl<\/td>\n<\/tr>\n<tr>\n<td style=\"width: 492px\">Adam Ku\u017amicz, MA, Eng<\/td>\n<td style=\"width: 90px\">&nbsp;<\/td>\n<td style=\"width: 125px\">607-667-792<\/td>\n<td style=\"width: 370px\">adam.kuzmicz[at]pb.edu.pl<\/td>\n<\/tr>\n<\/tbody>\n<\/table>\n<\/div>\n","protected":false},"excerpt":{"rendered":"<p>Head of the Department &#8211; Prof. Krzysztof Jan Kurzyd\u0142owski, DSc, Phd, Eng The Department of<a class=\"read-more\" href=\"https:\/\/wm.pb.edu.pl\/en\/faculty\/institutes-and-departments\/department-of-materials-and-production-engineering\/\" title=\"Poka\u017c artyku\u0142 Department of Materials and Production Engineering\">more<\/a><\/p>\n","protected":false},"author":2,"featured_media":0,"parent":16908,"menu_order":2,"comment_status":"closed","ping_status":"closed","template":"","meta":{"inline_featured_image":false,"ngg_post_thumbnail":0,"footnotes":""},"class_list":["post-17078","page","type-page","status-publish","hentry"],"acf":[],"yoast_head":"<!-- This site is optimized with the Yoast SEO plugin v26.4 - https:\/\/yoast.com\/wordpress\/plugins\/seo\/ -->\n<title>Department of Materials and Production Engineering - Faculty of Mechanical Engineering<\/title>\n<meta name=\"description\" content=\"Head of the Department - Prof. Krzysztof Jan Kurzyd\u0142owski, DSc, Phd, Eng The Department of Materials and Production Engineering&nbsp; has been operating\" \/>\n<meta name=\"robots\" content=\"index, follow, max-snippet:-1, max-image-preview:large, max-video-preview:-1\" \/>\n<link rel=\"canonical\" href=\"https:\/\/wm.pb.edu.pl\/en\/faculty\/institutes-and-departments\/department-of-materials-and-production-engineering\/\" \/>\n<meta property=\"og:locale\" content=\"en_US\" \/>\n<meta property=\"og:type\" content=\"article\" \/>\n<meta property=\"og:title\" content=\"Department of Materials and Production Engineering - Faculty of Mechanical Engineering\" \/>\n<meta property=\"og:description\" content=\"Head of the Department - Prof. Krzysztof Jan Kurzyd\u0142owski, DSc, Phd, Eng The Department of Materials and Production Engineering&nbsp; has been operating\" \/>\n<meta property=\"og:url\" content=\"https:\/\/wm.pb.edu.pl\/en\/faculty\/institutes-and-departments\/department-of-materials-and-production-engineering\/\" \/>\n<meta property=\"og:site_name\" content=\"Faculty of Mechanical Engineering\" \/>\n<meta property=\"article:publisher\" content=\"https:\/\/www.facebook.com\/wydzialmechaniczny.pb\" \/>\n<meta property=\"article:modified_time\" content=\"2026-02-17T13:00:03+00:00\" \/>\n<meta name=\"twitter:label1\" content=\"Est. reading time\" \/>\n\t<meta name=\"twitter:data1\" content=\"2 minutes\" \/>\n<script type=\"application\/ld+json\" class=\"yoast-schema-graph\">{\"@context\":\"https:\/\/schema.org\",\"@graph\":[{\"@type\":\"WebPage\",\"@id\":\"https:\/\/wm.pb.edu.pl\/en\/faculty\/institutes-and-departments\/department-of-materials-and-production-engineering\/\",\"url\":\"https:\/\/wm.pb.edu.pl\/en\/faculty\/institutes-and-departments\/department-of-materials-and-production-engineering\/\",\"name\":\"Department of Materials and Production Engineering - Faculty of Mechanical Engineering\",\"isPartOf\":{\"@id\":\"https:\/\/wm.pb.edu.pl\/en\/#website\"},\"datePublished\":\"2022-06-07T16:24:18+00:00\",\"dateModified\":\"2026-02-17T13:00:03+00:00\",\"description\":\"Head of the Department - Prof. Krzysztof Jan Kurzyd\u0142owski, DSc, Phd, Eng The Department of Materials and Production Engineering&nbsp; has been operating\",\"breadcrumb\":{\"@id\":\"https:\/\/wm.pb.edu.pl\/en\/faculty\/institutes-and-departments\/department-of-materials-and-production-engineering\/#breadcrumb\"},\"inLanguage\":\"en-US\",\"potentialAction\":[{\"@type\":\"ReadAction\",\"target\":[\"https:\/\/wm.pb.edu.pl\/en\/faculty\/institutes-and-departments\/department-of-materials-and-production-engineering\/\"]}]},{\"@type\":\"BreadcrumbList\",\"@id\":\"https:\/\/wm.pb.edu.pl\/en\/faculty\/institutes-and-departments\/department-of-materials-and-production-engineering\/#breadcrumb\",\"itemListElement\":[{\"@type\":\"ListItem\",\"position\":1,\"name\":\"Strona g\u0142\u00f3wna\",\"item\":\"https:\/\/wm.pb.edu.pl\/en\/\"},{\"@type\":\"ListItem\",\"position\":2,\"name\":\"Faculty\",\"item\":\"https:\/\/wm.pb.edu.pl\/en\/faculty\/\"},{\"@type\":\"ListItem\",\"position\":3,\"name\":\"Institutes and Departments\",\"item\":\"https:\/\/wm.pb.edu.pl\/en\/faculty\/institutes-and-departments\/\"},{\"@type\":\"ListItem\",\"position\":4,\"name\":\"Department of Materials and Production Engineering\"}]},{\"@type\":\"WebSite\",\"@id\":\"https:\/\/wm.pb.edu.pl\/en\/#website\",\"url\":\"https:\/\/wm.pb.edu.pl\/en\/\",\"name\":\"Faculty of Mechanical Engineering\",\"description\":\"\",\"potentialAction\":[{\"@type\":\"SearchAction\",\"target\":{\"@type\":\"EntryPoint\",\"urlTemplate\":\"https:\/\/wm.pb.edu.pl\/en\/?s={search_term_string}\"},\"query-input\":{\"@type\":\"PropertyValueSpecification\",\"valueRequired\":true,\"valueName\":\"search_term_string\"}}],\"inLanguage\":\"en-US\"}]}<\/script>\n<!-- \/ Yoast SEO plugin. -->","yoast_head_json":{"title":"Department of Materials and Production Engineering - Faculty of Mechanical Engineering","description":"Head of the Department - Prof. Krzysztof Jan Kurzyd\u0142owski, DSc, Phd, Eng The Department of Materials and Production Engineering&nbsp; has been operating","robots":{"index":"index","follow":"follow","max-snippet":"max-snippet:-1","max-image-preview":"max-image-preview:large","max-video-preview":"max-video-preview:-1"},"canonical":"https:\/\/wm.pb.edu.pl\/en\/faculty\/institutes-and-departments\/department-of-materials-and-production-engineering\/","og_locale":"en_US","og_type":"article","og_title":"Department of Materials and Production Engineering - Faculty of Mechanical Engineering","og_description":"Head of the Department - Prof. Krzysztof Jan Kurzyd\u0142owski, DSc, Phd, Eng The Department of Materials and Production Engineering&nbsp; has been operating","og_url":"https:\/\/wm.pb.edu.pl\/en\/faculty\/institutes-and-departments\/department-of-materials-and-production-engineering\/","og_site_name":"Faculty of Mechanical Engineering","article_publisher":"https:\/\/www.facebook.com\/wydzialmechaniczny.pb","article_modified_time":"2026-02-17T13:00:03+00:00","twitter_misc":{"Est. reading time":"2 minutes"},"schema":{"@context":"https:\/\/schema.org","@graph":[{"@type":"WebPage","@id":"https:\/\/wm.pb.edu.pl\/en\/faculty\/institutes-and-departments\/department-of-materials-and-production-engineering\/","url":"https:\/\/wm.pb.edu.pl\/en\/faculty\/institutes-and-departments\/department-of-materials-and-production-engineering\/","name":"Department of Materials and Production Engineering - Faculty of Mechanical Engineering","isPartOf":{"@id":"https:\/\/wm.pb.edu.pl\/en\/#website"},"datePublished":"2022-06-07T16:24:18+00:00","dateModified":"2026-02-17T13:00:03+00:00","description":"Head of the Department - Prof. Krzysztof Jan Kurzyd\u0142owski, DSc, Phd, Eng The Department of Materials and Production Engineering&nbsp; has been operating","breadcrumb":{"@id":"https:\/\/wm.pb.edu.pl\/en\/faculty\/institutes-and-departments\/department-of-materials-and-production-engineering\/#breadcrumb"},"inLanguage":"en-US","potentialAction":[{"@type":"ReadAction","target":["https:\/\/wm.pb.edu.pl\/en\/faculty\/institutes-and-departments\/department-of-materials-and-production-engineering\/"]}]},{"@type":"BreadcrumbList","@id":"https:\/\/wm.pb.edu.pl\/en\/faculty\/institutes-and-departments\/department-of-materials-and-production-engineering\/#breadcrumb","itemListElement":[{"@type":"ListItem","position":1,"name":"Strona g\u0142\u00f3wna","item":"https:\/\/wm.pb.edu.pl\/en\/"},{"@type":"ListItem","position":2,"name":"Faculty","item":"https:\/\/wm.pb.edu.pl\/en\/faculty\/"},{"@type":"ListItem","position":3,"name":"Institutes and Departments","item":"https:\/\/wm.pb.edu.pl\/en\/faculty\/institutes-and-departments\/"},{"@type":"ListItem","position":4,"name":"Department of Materials and Production Engineering"}]},{"@type":"WebSite","@id":"https:\/\/wm.pb.edu.pl\/en\/#website","url":"https:\/\/wm.pb.edu.pl\/en\/","name":"Faculty of Mechanical Engineering","description":"","potentialAction":[{"@type":"SearchAction","target":{"@type":"EntryPoint","urlTemplate":"https:\/\/wm.pb.edu.pl\/en\/?s={search_term_string}"},"query-input":{"@type":"PropertyValueSpecification","valueRequired":true,"valueName":"search_term_string"}}],"inLanguage":"en-US"}]}},"_links":{"self":[{"href":"https:\/\/wm.pb.edu.pl\/en\/wp-json\/wp\/v2\/pages\/17078","targetHints":{"allow":["GET"]}}],"collection":[{"href":"https:\/\/wm.pb.edu.pl\/en\/wp-json\/wp\/v2\/pages"}],"about":[{"href":"https:\/\/wm.pb.edu.pl\/en\/wp-json\/wp\/v2\/types\/page"}],"author":[{"embeddable":true,"href":"https:\/\/wm.pb.edu.pl\/en\/wp-json\/wp\/v2\/users\/2"}],"replies":[{"embeddable":true,"href":"https:\/\/wm.pb.edu.pl\/en\/wp-json\/wp\/v2\/comments?post=17078"}],"version-history":[{"count":20,"href":"https:\/\/wm.pb.edu.pl\/en\/wp-json\/wp\/v2\/pages\/17078\/revisions"}],"predecessor-version":[{"id":27094,"href":"https:\/\/wm.pb.edu.pl\/en\/wp-json\/wp\/v2\/pages\/17078\/revisions\/27094"}],"up":[{"embeddable":true,"href":"https:\/\/wm.pb.edu.pl\/en\/wp-json\/wp\/v2\/pages\/16908"}],"wp:attachment":[{"href":"https:\/\/wm.pb.edu.pl\/en\/wp-json\/wp\/v2\/media?parent=17078"}],"curies":[{"name":"wp","href":"https:\/\/api.w.org\/{rel}","templated":true}]}}