{"id":66,"date":"2021-10-01T13:15:29","date_gmt":"2021-10-01T11:15:29","guid":{"rendered":"https:\/\/wm.pb.edu.pl\/iib-en\/?page_id=66"},"modified":"2025-03-13T12:56:53","modified_gmt":"2025-03-13T11:56:53","slug":"staff","status":"publish","type":"page","link":"https:\/\/wm.pb.edu.pl\/iib-en\/staff\/","title":{"rendered":"Staff"},"content":{"rendered":"<h2>Academic staff<\/h2>\n<table class=\"table table-bordered\" style=\"width: 100.145%;height: 1003px\">\n<thead>\n<tr style=\"height: 39px\">\n<th style=\"width: 16.9983%;height: 39px\">Name<\/th>\n<th style=\"width: 20.398%;height: 39px\">Academic Degree\/Title<\/th>\n<th style=\"width: 15.0083%;height: 39px\">Room number<\/th>\n<th style=\"width: 11.194%;height: 39px\">Phone number<\/th>\n<th style=\"width: 23.6318%;height: 39px\"><strong>e-mail<\/strong><\/th>\n<th style=\"width: 12.6036%;height: 39px\">Scientific profile<\/th>\n<\/tr>\n<\/thead>\n<tbody>\n<tr style=\"height: 46px\">\n<td style=\"width: 16.9983%;height: 46px\" width=\"236\"><strong>Pauk Jolanta<\/strong><\/td>\n<td style=\"width: 20.398%;height: 46px\" width=\"170\"><strong>DSc, PhD, Eng<\/strong><\/td>\n<td style=\"width: 15.0083%;height: 46px\" width=\"66\"><strong>M-321<\/strong><\/td>\n<td style=\"width: 11.194%;height: 46px\" width=\"132\"><strong>571-443-062<\/strong><\/td>\n<td style=\"width: 23.6318%;height: 46px\"><strong>j.pauk[at]pb.edu.pl<\/strong><\/td>\n<td style=\"width: 12.6036%;height: 46px\" width=\"130\"><strong><a title=\"Otworzy si\u0119 w nowej karcie\" href=\"https:\/\/bazawiedzy.pb.edu.pl\/info\/author\/BUT68fca573eb104c0b9719035e6eebd0e1\/Jolanta%2BPauk?r=affiliation&amp;lang=pl&amp;cid=186543\" target=\"_blank\" rel=\"noopener noreferrer\">Base of Knowledge PB<\/a><\/strong><\/td>\n<\/tr>\n<tr style=\"height: 46px\">\n<td style=\"width: 16.9983%;height: 46px\" width=\"236\">D\u0105browski Jan Ryszard<\/td>\n<td style=\"width: 20.398%;height: 46px\" width=\"170\">Prof. DSc, PhD, Eng<\/td>\n<td style=\"width: 15.0083%;height: 46px\" width=\"66\">M-230<\/td>\n<td style=\"width: 11.194%;height: 46px\" width=\"132\">797-995-904<\/td>\n<td style=\"width: 23.6318%;height: 46px\">j.dabrowski[at]pb.edu.pl<\/td>\n<td style=\"width: 12.6036%;height: 46px\" width=\"130\"><strong><a title=\"Otworzy si\u0119 w nowej karcie\" href=\"https:\/\/bazawiedzy.pb.edu.pl\/info\/author\/BUTcad692247b274977a9d6a0abac7f1ed0\/Jan%2BD%25C4%2585browski?r=affiliation&amp;lang=pl&amp;cid=186527\" target=\"_blank\" rel=\"noopener noreferrer\">Base of Knowledge PB<\/a><\/strong><\/td>\n<\/tr>\n<tr style=\"height: 67px\">\n<td style=\"width: 16.9983%;height: 54px\" width=\"236\">Dardzi\u0144ska-G\u0142\u0119bocka Agnieszka<\/td>\n<td style=\"width: 20.398%;height: 54px\" width=\"170\">DSc, PhD<\/td>\n<td style=\"width: 15.0083%;height: 54px\" width=\"66\">M-325<\/td>\n<td style=\"width: 11.194%;height: 54px\" width=\"132\">571-443-022<\/td>\n<td style=\"width: 23.6318%;height: 54px\">a.dardzinska[at]pb.edu.pl<\/td>\n<td style=\"width: 12.6036%;height: 54px\" width=\"130\"><strong><a title=\"Otworzy si\u0119 w nowej karcie\" href=\"https:\/\/bazawiedzy.pb.edu.pl\/info\/author\/BUTdcde855db92e43719910174aae9cd3a9\/Agnieszka%2BDardzi%25C5%2584ska-G%25C5%2582%25C4%2599bocka?r=affiliation&amp;lang=pl&amp;cid=186530\" target=\"_blank\" rel=\"noopener noreferrer\">Base of Knowledge PB<\/a><\/strong><\/td>\n<\/tr>\n<tr style=\"height: 46px\">\n<td style=\"width: 16.9983%;height: 46px\" width=\"236\">Mrozek Piotr<\/td>\n<td style=\"width: 20.398%;height: 46px\" width=\"170\">DSc, PhD, Eng<\/td>\n<td style=\"width: 15.0083%;height: 46px\" width=\"66\">M-309<\/td>\n<td style=\"width: 11.194%;height: 46px\" width=\"132\">571-443-082<\/td>\n<td style=\"width: 23.6318%;height: 46px\">p.mrozek[at]pb.edu.pl<\/td>\n<td style=\"width: 12.6036%;height: 46px\" width=\"130\"><strong><a title=\"Otworzy si\u0119 w nowej karcie\" href=\"https:\/\/bazawiedzy.pb.edu.pl\/info\/author\/BUT8ad6620ba5074660954b7513ec9a1159\/Piotr%2BMrozek?r=affiliation&amp;lang=pl&amp;cid=186517\" target=\"_blank\" rel=\"noopener noreferrer\">Base of Knowledge PB<\/a><\/strong><\/td>\n<\/tr>\n<tr style=\"height: 46px\">\n<td style=\"width: 16.9983%;height: 46px\" width=\"236\">Mystkowska Joanna<\/td>\n<td style=\"width: 20.398%;height: 46px\" width=\"170\">DSc, PhD, Eng<\/td>\n<td style=\"width: 15.0083%;height: 46px\" width=\"66\">M-303<\/td>\n<td style=\"width: 11.194%;height: 46px\" width=\"132\">571-443-083<\/td>\n<td style=\"width: 23.6318%;height: 46px\">j.mystkowska[at]pb.edu.pl<\/td>\n<td style=\"width: 12.6036%;height: 46px\" width=\"130\"><strong><a title=\"Otworzy si\u0119 w nowej karcie\" href=\"https:\/\/bazawiedzy.pb.edu.pl\/info\/author\/BUTeb217e421caa42278c009f050bad1f96\/Joanna%2BMystkowska?r=affiliation&amp;lang=pl&amp;cid=186524\" target=\"_blank\" rel=\"noopener noreferrer\">Base of Knowledge PB<\/a><\/strong><\/td>\n<\/tr>\n<tr style=\"height: 46px\">\n<td style=\"width: 16.9983%;height: 46px\" width=\"236\">Oksiuta Zbigniew<\/td>\n<td style=\"width: 20.398%;height: 46px\" width=\"170\">DSc, PhD, Eng<\/td>\n<td style=\"width: 15.0083%;height: 46px\" width=\"66\">M-307<\/td>\n<td style=\"width: 11.194%;height: 46px\" width=\"132\">571-443-114<\/td>\n<td style=\"width: 23.6318%;height: 46px\">z.oksiuta[at]pb.edu.pl<\/td>\n<td style=\"width: 12.6036%;height: 46px\" width=\"130\"><strong><a title=\"Otworzy si\u0119 w nowej karcie\" href=\"https:\/\/bazawiedzy.pb.edu.pl\/info\/author\/BUT232b7e050b3845879ded648f5e1094e1\/Zbigniew%2BOksiuta?r=affiliation&amp;lang=pl&amp;cid=186536\" target=\"_blank\" rel=\"noopener noreferrer\">Base of Knowledge PB<\/a><\/strong><\/td>\n<\/tr>\n<tr style=\"height: 44px\">\n<td style=\"width: 16.9983%;height: 44px\" width=\"236\">Piszczatowski Szczepan<\/td>\n<td style=\"width: 20.398%;height: 44px\" width=\"170\">DSc, PhD, Eng<\/td>\n<td style=\"width: 15.0083%;height: 44px\" width=\"66\">M-329<\/td>\n<td style=\"width: 11.194%;height: 44px\" width=\"132\">571-443-085<\/td>\n<td style=\"width: 23.6318%;height: 44px\" width=\"198\">s.piszczatowski[at]pb.edu.pl<\/td>\n<td style=\"width: 12.6036%;height: 44px\" width=\"130\"><strong><a title=\"Otworzy si\u0119 w nowej karcie\" href=\"https:\/\/bazawiedzy.pb.edu.pl\/info\/author\/BUTc6c51d981ac14190b71ca9d4f473e9dc\/Szczepan%2BPiszczatowski?r=affiliation&amp;lang=pl&amp;cid=186513\" target=\"_blank\" rel=\"noopener noreferrer\">Base of Knowledge PB<\/a><\/strong><\/td>\n<\/tr>\n<tr style=\"height: 46px\">\n<td style=\"width: 16.9983%;height: 46px\" width=\"236\">Borkowski Piotr<\/td>\n<td style=\"width: 20.398%;height: 46px\" width=\"170\">Phd, Eng<\/td>\n<td style=\"width: 15.0083%;height: 46px\" width=\"66\">M-333<\/td>\n<td style=\"width: 11.194%;height: 46px\" width=\"132\">571-443-078<\/td>\n<td style=\"width: 23.6318%;height: 46px\">p.borkowski[at]pb.edu.pl<\/td>\n<td style=\"width: 12.6036%;height: 46px\" width=\"130\"><strong><a title=\"Otworzy si\u0119 w nowej karcie\" href=\"https:\/\/bazawiedzy.pb.edu.pl\/info\/author\/BUT9de04ce689fe45ac9ecd4fbcf72e1c25\/Piotr%2BBorkowski?r=affiliation&amp;lang=pl&amp;cid=186515\" target=\"_blank\" rel=\"noopener noreferrer\">Base of Knowledge PB<\/a><\/strong><\/td>\n<\/tr>\n<tr style=\"height: 46px\">\n<td style=\"width: 16.9983%;height: 46px\" width=\"236\">Borowska Marta<\/td>\n<td style=\"width: 20.398%;height: 46px\" width=\"170\">Phd, Eng<\/td>\n<td style=\"width: 15.0083%;height: 46px\" width=\"66\">M-331<\/td>\n<td style=\"width: 11.194%;height: 46px\" width=\"132\">571-443-079<\/td>\n<td style=\"width: 23.6318%;height: 46px\">m.borowska[at]pb.edu.pl<\/td>\n<td style=\"width: 12.6036%;height: 46px\" width=\"130\"><strong><a title=\"Otworzy si\u0119 w nowej karcie\" href=\"https:\/\/bazawiedzy.pb.edu.pl\/info\/author\/BUT18f6e320f0a148ac923dedd03cef234d\/Marta%2BBorowska?r=affiliation&amp;lang=pl&amp;cid=186537\" target=\"_blank\" rel=\"noopener noreferrer\">Base of Knowledge PB<\/a><\/strong><\/td>\n<\/tr>\n<tr style=\"height: 46px\">\n<td style=\"width: 16.9983%;height: 46px\" width=\"236\">Derlatka Marcin<\/td>\n<td style=\"width: 20.398%;height: 46px\" width=\"170\">Phd, Eng<\/td>\n<td style=\"width: 15.0083%;height: 46px\" width=\"66\">M-331<\/td>\n<td style=\"width: 11.194%;height: 46px\" width=\"132\">571-443-044<\/td>\n<td style=\"width: 23.6318%;height: 46px\">m.derlatka[at]pb.edu.pl<\/td>\n<td style=\"width: 12.6036%;height: 46px\" width=\"130\"><strong><a title=\"Otworzy si\u0119 w nowej karcie\" href=\"https:\/\/bazawiedzy.pb.edu.pl\/info\/author\/BUT9828c9a619bd4fa98b664f4d1f016908\/Marcin%2BDerlatka?r=affiliation&amp;lang=pl&amp;cid=186544\" target=\"_blank\" rel=\"noopener noreferrer\">Base of Knowledge PB<\/a><\/strong><\/td>\n<\/tr>\n<tr style=\"height: 46px\">\n<td style=\"width: 16.9983%;height: 46px\" width=\"236\">Kasperczuk Anna<\/td>\n<td style=\"width: 20.398%;height: 46px\" width=\"170\">Phd, Eng<\/td>\n<td style=\"width: 15.0083%;height: 46px\" width=\"66\">M-325<\/td>\n<td style=\"width: 11.194%;height: 46px\" width=\"132\">503-737-803<\/td>\n<td style=\"width: 23.6318%;height: 46px\">m.kasperczuk[at]pb.edu.pl<\/td>\n<td style=\"width: 12.6036%;height: 46px\" width=\"130\"><strong><a title=\"Otworzy si\u0119 w nowej karcie\" href=\"https:\/\/bazawiedzy.pb.edu.pl\/info\/author\/BUTf540d209125a4803a20420dd13f84e0f\/Anna%2BKasperczuk?r=affiliation&amp;lang=pl&amp;cid=186494\" target=\"_blank\" rel=\"noopener noreferrer\">Base of Knowledge PB<\/a><\/strong><\/td>\n<\/tr>\n<tr style=\"height: 46px\">\n<td style=\"width: 16.9983%;height: 46px\" width=\"236\">Klekotka Marcin<\/td>\n<td style=\"width: 20.398%;height: 46px\" width=\"170\">DSc<\/td>\n<td style=\"width: 15.0083%;height: 46px\" width=\"66\">M-305<\/td>\n<td style=\"width: 11.194%;height: 46px\" width=\"132\">500-003-866<\/td>\n<td style=\"width: 23.6318%;height: 46px\">m.klekotka[at]pb.edu.pl<\/td>\n<td style=\"width: 12.6036%;height: 46px\" width=\"130\"><strong><a title=\"Otworzy si\u0119 w nowej karcie\" href=\"https:\/\/bazawiedzy.pb.edu.pl\/info\/author\/BUTfae1afc175a44d0080764709284f46e6\/Marcin%2BKlekotka?r=affiliation&amp;lang=pl&amp;cid=186549\" target=\"_blank\" rel=\"noopener noreferrer\">Base of Knowledge PB\/a&gt;<\/a><\/strong><\/td>\n<\/tr>\n<tr style=\"height: 46px\">\n<td style=\"width: 16.9983%;height: 46px\" width=\"236\">Mierzejewska \u017baneta Anna<\/td>\n<td style=\"width: 20.398%;height: 46px\" width=\"170\">Phd, Eng<\/td>\n<td style=\"width: 15.0083%;height: 46px\" width=\"66\">M-333<\/td>\n<td style=\"width: 11.194%;height: 46px\" width=\"132\">571-443-111<\/td>\n<td style=\"width: 23.6318%;height: 46px\">a.mierzejewska[at]pb.edu.pl<\/td>\n<td style=\"width: 12.6036%;height: 46px\" width=\"130\"><strong><a title=\"Otworzy si\u0119 w nowej karcie\" href=\"https:\/\/bazawiedzy.pb.edu.pl\/info\/author\/BUTb21c4f0d15994419ac0ed95b17802eeb\/%25C5%25BBaneta%2BAnna%2BMierzejewska?r=affiliation&amp;lang=pl&amp;cid=186514\" target=\"_blank\" rel=\"noopener noreferrer\">Base of Knowledge PB<\/a><\/strong><\/td>\n<\/tr>\n<tr style=\"height: 46px\">\n<td style=\"width: 16.9983%;height: 46px\" width=\"236\">Prochor Piotr<\/td>\n<td style=\"width: 20.398%;height: 46px\" width=\"170\">Phd, Eng<\/td>\n<td style=\"width: 15.0083%;height: 46px\" width=\"66\">M-327<\/td>\n<td style=\"width: 11.194%;height: 46px\" width=\"132\">571-443-048<\/td>\n<td style=\"width: 23.6318%;height: 46px\">p.prochor[at]pb.edu.pl<\/td>\n<td style=\"width: 12.6036%;height: 46px\" width=\"130\"><strong><a title=\"Otworzy si\u0119 w nowej karcie\" href=\"https:\/\/bazawiedzy.pb.edu.pl\/info\/author\/BUTc158f8c4e8674afdb9056d712c3409e3\/Piotr%2BProchor?r=affiliation&amp;lang=pl&amp;cid=186547\" target=\"_blank\" rel=\"noopener noreferrer\">Base of Knowledge PB<\/a><\/strong><\/td>\n<\/tr>\n<tr style=\"height: 46px\">\n<td style=\"width: 16.9983%;height: 46px\" width=\"236\">Baranowska Agata<\/td>\n<td style=\"width: 20.398%;height: 46px\" width=\"170\">MSc, Eng<\/td>\n<td style=\"width: 15.0083%;height: 46px\" width=\"66\">M-323<\/td>\n<td style=\"width: 11.194%;height: 46px\" width=\"132\">571-443-069<\/td>\n<td style=\"width: 23.6318%;height: 46px\">a.baranowska[at]pb.edu.pl<\/td>\n<td style=\"width: 12.6036%;height: 46px\" width=\"130\"><strong><a title=\"Otworzy si\u0119 w nowej karcie\" href=\"https:\/\/bazawiedzy.pb.edu.pl\/info\/author\/BUT33b370dbaeb14606bdd96c5702348296\/Agata%2BBaranowska?r=affiliation&amp;lang=pl&amp;cid=186562\" target=\"_blank\" rel=\"noopener noreferrer\">Base of Knowledge PB<\/a><\/strong><\/td>\n<\/tr>\n<tr style=\"height: 46px\">\n<td style=\"width: 16.9983%;height: 46px\" width=\"236\">\u0141ysik Dawid<\/td>\n<td style=\"width: 20.398%;height: 46px\" width=\"170\">MSc, Eng<\/td>\n<td style=\"width: 15.0083%;height: 46px\" width=\"66\">M-305<\/td>\n<td style=\"width: 11.194%;height: 46px\" width=\"132\">571-443-080<\/td>\n<td style=\"width: 23.6318%;height: 46px\">d.lysik[at]pb.edu.pl<\/td>\n<td style=\"width: 12.6036%;height: 46px\" width=\"130\"><strong><a title=\"Otworzy si\u0119 w nowej karcie\" href=\"https:\/\/bazawiedzy.pb.edu.pl\/info\/author\/BUTb114d347291744bf8324c9c76a733d0e\/Dawid%2B%25C5%2581ysik?r=affiliation&amp;lang=pl&amp;cid=186564\" target=\"_blank\" rel=\"noopener noreferrer\">Base of Knowledge PB<\/a><\/strong><\/td>\n<\/tr>\n<tr style=\"height: 46px\">\n<td style=\"width: 16.9983%;height: 46px\" width=\"236\">Roma\u0144czuk-Ruszuk Eliza<\/td>\n<td style=\"width: 20.398%;height: 46px\" width=\"170\">Phd, Eng<\/td>\n<td style=\"width: 15.0083%;height: 46px\" width=\"66\">M-323<\/td>\n<td style=\"width: 11.194%;height: 46px\" width=\"132\">571-443-098<\/td>\n<td style=\"width: 23.6318%;height: 46px\">e.romanczuk[at]pb.edu.pl<\/td>\n<td style=\"width: 12.6036%;height: 46px\" width=\"130\"><strong><a title=\"Otworzy si\u0119 w nowej karcie\" href=\"https:\/\/bazawiedzy.pb.edu.pl\/info\/author\/BUT4e6715b5736a4e5e967394e34c99f379\/Eliza%2BRoma%25C5%2584czuk?r=affiliation&amp;lang=pl&amp;cid=186569\" target=\"_blank\" rel=\"noopener noreferrer\">Base of Knowledge PB<\/a><\/strong><\/td>\n<\/tr>\n<tr style=\"height: 46px\">\n<td style=\"width: 16.9983%;height: 46px\" width=\"236\">Skubich Justyna<\/td>\n<td style=\"width: 20.398%;height: 46px\" width=\"170\">Phd, Eng<\/td>\n<td style=\"width: 15.0083%;height: 46px\" width=\"66\">M-327<\/td>\n<td style=\"width: 11.194%;height: 46px\" width=\"132\">571-443-093<\/td>\n<td style=\"width: 23.6318%;height: 46px\">j.skubich[at]pb.edu.pl<\/td>\n<td style=\"width: 12.6036%;height: 46px\" width=\"130\"><strong><a title=\"Otworzy si\u0119 w nowej karcie\" href=\"https:\/\/bazawiedzy.pb.edu.pl\/info\/author\/BUTb41b9e5593024540abe41456fe1bcee0\/Justyna%2BSkubich?r=affiliation&amp;lang=pl&amp;cid=186570\" target=\"_blank\" rel=\"noopener noreferrer\">Base of Knowledge PB<\/a><\/strong><\/td>\n<\/tr>\n<tr style=\"height: 38px\">\n<td style=\"width: 16.9983%;height: 38px\">Zdrodowska Ma\u0142gorzata<\/td>\n<td style=\"width: 20.398%;height: 38px\">MSc<\/td>\n<td style=\"width: 15.0083%;height: 38px\">M-325<\/td>\n<td style=\"width: 11.194%;height: 38px\">797-990-774<\/td>\n<td style=\"width: 23.6318%;height: 38px\">m.zdrodowska[at]pb.edu.pl<\/td>\n<td style=\"width: 12.6036%;height: 38px\"><strong><a title=\"Otworzy si\u0119 w nowej karcie\" href=\"https:\/\/bazawiedzy.pb.edu.pl\/info\/author\/BUTd3ad424c36f647c5aa479c02a1b47e16\/Ma%25C5%2582gorzata%2BZdrodowska?r=affiliation&amp;lang=pl&amp;cid=35858\" target=\"_blank\" rel=\"noopener noreferrer\">Base of Knowledge PB<\/a><\/strong><\/td>\n<\/tr>\n<\/tbody>\n<\/table>\n<h3>Support staff<\/h3>\n<table class=\"table table-bordered\" style=\"width: 1048.32px\">\n<thead>\n<tr style=\"height: 39px\">\n<th style=\"width: 204.32px;height: 39px\">Name<\/th>\n<th style=\"width: 196px\">Academic Degree\/Title<\/th>\n<th style=\"width: 150px\">Room number<\/th>\n<th style=\"width: 321px\">Phone number<\/th>\n<th style=\"width: 177px\">e-mail<\/th>\n<\/tr>\n<\/thead>\n<tbody>\n<tr>\n<td style=\"width: 204.32px\" width=\"387\">Lipowicz Pawe\u0142<\/td>\n<td style=\"width: 196px\" width=\"170\">MSc, Eng<\/td>\n<td style=\"width: 150px\" width=\"66\">M-629<\/td>\n<td style=\"width: 321px\" width=\"104\">571-443-118<\/td>\n<td style=\"width: 177px\" width=\"193\">p.lipowicz[at]pb.edu.pl<\/td>\n<\/tr>\n<\/tbody>\n<\/table>\n<h4>Postgraduate students<\/h4>\n<table class=\"table table-bordered\" style=\"width: 100%;height: 163px\">\n<thead>\n<tr style=\"height: 39px\">\n<th style=\"width: 16.9983%;height: 39px\">Name<\/th>\n<th style=\"width: 16.5337%;height: 39px\">Academic Degree\/Title<\/th>\n<th style=\"width: 19.4344%;height: 39px\">e-mail<\/th>\n<\/tr>\n<\/thead>\n<tbody>\n<tr style=\"height: 41px\">\n<td style=\"width: 16.9983%;height: 41px\" width=\"387\">B\u0119bas Ewelina&nbsp;<\/td>\n<td style=\"width: 16.5337%;height: 41px\" width=\"170\">MSc, Eng<\/td>\n<td style=\"width: 19.4344%;height: 41px\" width=\"378\">&nbsp;e.bebas[at]doktoranci.pb.edu.pl<\/td>\n<\/tr>\n<tr style=\"height: 40px\">\n<td style=\"width: 16.9983%;height: 40px\" width=\"387\">Swiniarska&nbsp;Dagna<\/td>\n<td style=\"width: 16.5337%;height: 40px\" width=\"170\">MSc, Eng<\/td>\n<td style=\"width: 19.4344%;height: 40px\" width=\"378\">&nbsp;<\/td>\n<\/tr>\n<tr style=\"height: 43px\">\n<td style=\"width: 16.9983%;height: 43px\" width=\"387\">Ignatiuk Katarzyna<\/td>\n<td style=\"width: 16.5337%;height: 43px\" width=\"170\">MSc, Eng<\/td>\n<td style=\"width: 19.4344%;height: 43px\" width=\"378\">&nbsp;<\/td>\n<\/tr>\n<\/tbody>\n<\/table>\n<h4>Doctoral School<\/h4>\n<table class=\"table table-bordered\" style=\"width: 100.073%;height: 315px\">\n<thead>\n<tr style=\"height: 39px\">\n<th style=\"width: 16.9983%;height: 39px\">Name<\/th>\n<th style=\"width: 27.4837%;height: 39px\">Academic Degree\/Title<\/th>\n<th style=\"width: 32.4148%;height: 39px\">e-mail<\/th>\n<\/tr>\n<\/thead>\n<tbody>\n<tr style=\"height: 41px\">\n<td style=\"width: 16.9983%;height: 41px\" width=\"387\">Fiedorczuk Katarzyna&nbsp;<\/td>\n<td style=\"width: 27.4837%;height: 41px\" width=\"170\">MSc, Eng<\/td>\n<td style=\"width: 32.4148%;height: 41px\" width=\"378\">k.fidorczuk[at]doktoranci.pb.edu.pl<\/td>\n<\/tr>\n<tr style=\"height: 40px\">\n<td style=\"width: 16.9983%;height: 40px\" width=\"387\">Grycuk S\u0142awomir&nbsp;<\/td>\n<td style=\"width: 27.4837%;height: 40px\" width=\"170\">MSc, Eng<\/td>\n<td style=\"width: 32.4148%;height: 40px\" width=\"378\">&nbsp;s.grycuk[at]doktoranci.pb.edu.pl<\/td>\n<\/tr>\n<tr style=\"height: 43px\">\n<td style=\"width: 16.9983%;height: 43px\" width=\"387\">Zalewska Paulina<\/td>\n<td style=\"width: 27.4837%;height: 43px\" width=\"170\">MSc, Eng<\/td>\n<td style=\"width: 32.4148%;height: 43px\" width=\"378\">p.zalewska[at]doktoranci.pb.edu.pl<\/td>\n<\/tr>\n<tr style=\"height: 38px\">\n<td style=\"width: 16.9983%;height: 38px\">Pawe\u0142 Lipowicz<\/td>\n<td style=\"width: 27.4837%;height: 38px\">MSc, Eng<\/td>\n<td style=\"width: 32.4148%;height: 38px\">p.lipowicz[at]pb.edu.pl<\/td>\n<\/tr>\n<tr style=\"height: 38px\">\n<td style=\"width: 16.9983%;height: 38px\">Anna Powojska<\/td>\n<td style=\"width: 27.4837%;height: 38px\">MSc, Eng<\/td>\n<td style=\"width: 32.4148%;height: 38px\">a.powojska[at]doktoranci.pb.edu.pl<\/td>\n<\/tr>\n<tr style=\"height: 38px\">\n<td style=\"width: 16.9983%;height: 38px\">Aleksandra Szczerba<\/td>\n<td style=\"width: 27.4837%;height: 38px\">MSc, Eng<\/td>\n<td style=\"width: 32.4148%;height: 38px\">a.szczerba[at]doktoranci.pb.edu.pl<\/td>\n<\/tr>\n<tr style=\"height: 38px\">\n<td style=\"width: 16.9983%;height: 38px\">Anna Tomaszewska<\/td>\n<td style=\"width: 27.4837%;height: 38px\">MSc, Eng<\/td>\n<td style=\"width: 32.4148%;height: 38px\">a.tomaszewska[at]doktoranci.pb.edu.pl<\/td>\n<\/tr>\n<\/tbody>\n<\/table>\n<h4>&nbsp;<\/h4>\n","protected":false},"excerpt":{"rendered":"<p>Academic staff Name Academic Degree\/Title Room number Phone number e-mail Scientific profile Pauk Jolanta DSc,<a class=\"read-more\" href=\"https:\/\/wm.pb.edu.pl\/iib-en\/staff\/\" title=\"Poka\u017c artyku\u0142 Staff\">wi\u0119cej<\/a><\/p>\n","protected":false},"author":14,"featured_media":0,"parent":0,"menu_order":0,"comment_status":"closed","ping_status":"closed","template":"","meta":{"inline_featured_image":false,"ngg_post_thumbnail":0,"footnotes":""},"class_list":["post-66","page","type-page","status-publish","hentry"],"acf":[],"yoast_head":"<!-- This site is optimized with the Yoast SEO plugin v26.4 - https:\/\/yoast.com\/wordpress\/plugins\/seo\/ -->\n<title>Staff - Institute of Biomedical Engineering<\/title>\n<meta name=\"robots\" content=\"index, follow, max-snippet:-1, max-image-preview:large, max-video-preview:-1\" \/>\n<link rel=\"canonical\" href=\"https:\/\/wm.pb.edu.pl\/iib-en\/staff\/\" \/>\n<meta property=\"og:locale\" content=\"pl_PL\" \/>\n<meta property=\"og:type\" content=\"article\" \/>\n<meta property=\"og:title\" content=\"Staff - Institute of Biomedical Engineering\" \/>\n<meta property=\"og:description\" content=\"Academic staff Name Academic Degree\/Title Room number Phone number e-mail Scientific profile Pauk Jolanta DSc,wi\u0119cej\" \/>\n<meta property=\"og:url\" content=\"https:\/\/wm.pb.edu.pl\/iib-en\/staff\/\" \/>\n<meta property=\"og:site_name\" content=\"Institute of Biomedical Engineering\" \/>\n<meta property=\"article:modified_time\" content=\"2025-03-13T11:56:53+00:00\" \/>\n<meta name=\"twitter:card\" content=\"summary_large_image\" \/>\n<meta name=\"twitter:label1\" content=\"Szacowany czas czytania\" \/>\n\t<meta name=\"twitter:data1\" content=\"2 minuty\" \/>\n<script type=\"application\/ld+json\" class=\"yoast-schema-graph\">{\"@context\":\"https:\/\/schema.org\",\"@graph\":[{\"@type\":\"WebPage\",\"@id\":\"https:\/\/wm.pb.edu.pl\/iib-en\/staff\/\",\"url\":\"https:\/\/wm.pb.edu.pl\/iib-en\/staff\/\",\"name\":\"Staff - Institute of Biomedical Engineering\",\"isPartOf\":{\"@id\":\"https:\/\/wm.pb.edu.pl\/iib-en\/#website\"},\"datePublished\":\"2021-10-01T11:15:29+00:00\",\"dateModified\":\"2025-03-13T11:56:53+00:00\",\"breadcrumb\":{\"@id\":\"https:\/\/wm.pb.edu.pl\/iib-en\/staff\/#breadcrumb\"},\"inLanguage\":\"pl-PL\",\"potentialAction\":[{\"@type\":\"ReadAction\",\"target\":[\"https:\/\/wm.pb.edu.pl\/iib-en\/staff\/\"]}]},{\"@type\":\"BreadcrumbList\",\"@id\":\"https:\/\/wm.pb.edu.pl\/iib-en\/staff\/#breadcrumb\",\"itemListElement\":[{\"@type\":\"ListItem\",\"position\":1,\"name\":\"Strona g\u0142\u00f3wna\",\"item\":\"https:\/\/wm.pb.edu.pl\/iib-en\/\"},{\"@type\":\"ListItem\",\"position\":2,\"name\":\"Staff\"}]},{\"@type\":\"WebSite\",\"@id\":\"https:\/\/wm.pb.edu.pl\/iib-en\/#website\",\"url\":\"https:\/\/wm.pb.edu.pl\/iib-en\/\",\"name\":\"Institute of Biomedical Engineering\",\"description\":\"\",\"potentialAction\":[{\"@type\":\"SearchAction\",\"target\":{\"@type\":\"EntryPoint\",\"urlTemplate\":\"https:\/\/wm.pb.edu.pl\/iib-en\/?s={search_term_string}\"},\"query-input\":{\"@type\":\"PropertyValueSpecification\",\"valueRequired\":true,\"valueName\":\"search_term_string\"}}],\"inLanguage\":\"pl-PL\"}]}<\/script>\n<!-- \/ Yoast SEO plugin. -->","yoast_head_json":{"title":"Staff - Institute of Biomedical Engineering","robots":{"index":"index","follow":"follow","max-snippet":"max-snippet:-1","max-image-preview":"max-image-preview:large","max-video-preview":"max-video-preview:-1"},"canonical":"https:\/\/wm.pb.edu.pl\/iib-en\/staff\/","og_locale":"pl_PL","og_type":"article","og_title":"Staff - Institute of Biomedical Engineering","og_description":"Academic staff Name Academic Degree\/Title Room number Phone number e-mail Scientific profile Pauk Jolanta DSc,wi\u0119cej","og_url":"https:\/\/wm.pb.edu.pl\/iib-en\/staff\/","og_site_name":"Institute of Biomedical Engineering","article_modified_time":"2025-03-13T11:56:53+00:00","twitter_card":"summary_large_image","twitter_misc":{"Szacowany czas czytania":"2 minuty"},"schema":{"@context":"https:\/\/schema.org","@graph":[{"@type":"WebPage","@id":"https:\/\/wm.pb.edu.pl\/iib-en\/staff\/","url":"https:\/\/wm.pb.edu.pl\/iib-en\/staff\/","name":"Staff - Institute of Biomedical Engineering","isPartOf":{"@id":"https:\/\/wm.pb.edu.pl\/iib-en\/#website"},"datePublished":"2021-10-01T11:15:29+00:00","dateModified":"2025-03-13T11:56:53+00:00","breadcrumb":{"@id":"https:\/\/wm.pb.edu.pl\/iib-en\/staff\/#breadcrumb"},"inLanguage":"pl-PL","potentialAction":[{"@type":"ReadAction","target":["https:\/\/wm.pb.edu.pl\/iib-en\/staff\/"]}]},{"@type":"BreadcrumbList","@id":"https:\/\/wm.pb.edu.pl\/iib-en\/staff\/#breadcrumb","itemListElement":[{"@type":"ListItem","position":1,"name":"Strona g\u0142\u00f3wna","item":"https:\/\/wm.pb.edu.pl\/iib-en\/"},{"@type":"ListItem","position":2,"name":"Staff"}]},{"@type":"WebSite","@id":"https:\/\/wm.pb.edu.pl\/iib-en\/#website","url":"https:\/\/wm.pb.edu.pl\/iib-en\/","name":"Institute of Biomedical Engineering","description":"","potentialAction":[{"@type":"SearchAction","target":{"@type":"EntryPoint","urlTemplate":"https:\/\/wm.pb.edu.pl\/iib-en\/?s={search_term_string}"},"query-input":{"@type":"PropertyValueSpecification","valueRequired":true,"valueName":"search_term_string"}}],"inLanguage":"pl-PL"}]}},"_links":{"self":[{"href":"https:\/\/wm.pb.edu.pl\/iib-en\/wp-json\/wp\/v2\/pages\/66","targetHints":{"allow":["GET"]}}],"collection":[{"href":"https:\/\/wm.pb.edu.pl\/iib-en\/wp-json\/wp\/v2\/pages"}],"about":[{"href":"https:\/\/wm.pb.edu.pl\/iib-en\/wp-json\/wp\/v2\/types\/page"}],"author":[{"embeddable":true,"href":"https:\/\/wm.pb.edu.pl\/iib-en\/wp-json\/wp\/v2\/users\/14"}],"replies":[{"embeddable":true,"href":"https:\/\/wm.pb.edu.pl\/iib-en\/wp-json\/wp\/v2\/comments?post=66"}],"version-history":[{"count":8,"href":"https:\/\/wm.pb.edu.pl\/iib-en\/wp-json\/wp\/v2\/pages\/66\/revisions"}],"predecessor-version":[{"id":113,"href":"https:\/\/wm.pb.edu.pl\/iib-en\/wp-json\/wp\/v2\/pages\/66\/revisions\/113"}],"wp:attachment":[{"href":"https:\/\/wm.pb.edu.pl\/iib-en\/wp-json\/wp\/v2\/media?parent=66"}],"curies":[{"name":"wp","href":"https:\/\/api.w.org\/{rel}","templated":true}]}}