{"id":1023,"date":"2025-12-10T10:55:46","date_gmt":"2025-12-10T09:55:46","guid":{"rendered":"https:\/\/wm.pb.edu.pl\/iib\/?page_id=1023"},"modified":"2025-12-10T10:55:46","modified_gmt":"2025-12-10T09:55:46","slug":"pracownia-inzynierii-powierzchni","status":"publish","type":"page","link":"https:\/\/wm.pb.edu.pl\/iib\/infrastruktura-badawcza\/pracownia-inzynierii-powierzchni\/","title":{"rendered":"Pracownia In\u017cynierii Powierzchni"},"content":{"rendered":"<p>Aparatura technologiczna i pomiarowa do realizacji i bada\u0144 proces\u00f3w cienkowarstwowych:<\/p>\n<ul>\n<li>napylarka pr\u00f3\u017cniowa NA501 wyposa\u017cona w 3 \u017ar\u00f3d\u0142a termiczne do nanoszenia PVD cienkich warstw metod\u0105 naparowania,<\/li>\n<li>napylarka pr\u00f3\u017cniowa NAL301 wyposa\u017cona w 2 urz\u0105dzenia magnetronowe WMK50 oraz 2 zasilacze DORA System 10 kW do szybkiego nanoszenia PVD cienkich warstw metalicznych metod\u0105 rozpylania magnetronowego HPPMS, z mo\u017cliwo\u015bci\u0105 prowadzenia procesu metod\u0105 dual-magnetron sputtering, w tym proces\u00f3w z udzia\u0142em gaz\u00f3w reaktywnych,<\/li>\n<li>napylarka pr\u00f3\u017cniowa NAL301 wyposa\u017cona w \u017ar\u00f3d\u0142o magnetronowe oraz zasilacz o mocy 1 kW wraz z uk\u0142adem &#8222;matching network&#8221; do realizacji proces\u00f3w PVD RF magnetron sputtering &#8211; nanoszenia cienkich warstw dielektrycznych,<\/li>\n<li>stanowisko do fotolitografii bezmaskowej metod\u0105 projekcji LCD,<\/li>\n<li>spin coater POLOS\u00ae SPIN150x,<\/li>\n<li>p\u0142yta grzewcza POLOS\u00ae HOTPLATE 200,<\/li>\n<li>urz\u0105dzenia do precyzyjnej obr\u00f3bki \u015bciernej materia\u0142\u00f3w ceramicznych,<\/li>\n<li>profilometr optyczny KLA Filmetrics Profilm 3D z uk\u0142adami: White Light Interferometry (WLI), Phase shifting interferometry (PSI) oraz Enhanced Roughness Mode (ERM),<\/li>\n<li>mikrointerferometry birefrakcyjne oraz w uk\u0142adzie Mach-Zehnder do pomiar\u00f3w w \u015bwietle przechodz\u0105cym i odbitym,<\/li>\n<li>spektrofotometr Cary 5E do pomiar\u00f3w spektralnych cienkich warstw,<\/li>\n<li>uk\u0142ad mikrowagi kwarcowej do pomiaru grubo\u015bci nak\u0142adanych warstw w trakcie prowadzenia procesu PVD (wykonany w Instytucie In\u017cynierii Biomedycznej PB),<\/li>\n<li>laserowy interferometr plamkowy do pomiar\u00f3w mikroodkszta\u0142ce\u0144 uk\u0142ad\u00f3w cienkowarstwowych,<\/li>\n<li>mikroskopy optyczne o r\u00f3\u017cnych zakresach powi\u0119ksze\u0144,<\/li>\n<li>stanowisko do bada\u0144 efektu rezonansu plazmon\u00f3w powierzchniowych w uk\u0142adach cienkowarstwowych.<\/li>\n<\/ul>\n","protected":false},"excerpt":{"rendered":"<p>Aparatura technologiczna i pomiarowa do realizacji i bada\u0144 proces\u00f3w cienkowarstwowych: napylarka pr\u00f3\u017cniowa NA501 wyposa\u017cona w<a class=\"read-more\" href=\"https:\/\/wm.pb.edu.pl\/iib\/infrastruktura-badawcza\/pracownia-inzynierii-powierzchni\/\" title=\"Poka\u017c artyku\u0142 Pracownia In\u017cynierii Powierzchni\">wi\u0119cej<\/a><\/p>\n","protected":false},"author":14,"featured_media":0,"parent":44,"menu_order":0,"comment_status":"closed","ping_status":"closed","template":"","meta":{"inline_featured_image":false,"ngg_post_thumbnail":0,"footnotes":""},"class_list":["post-1023","page","type-page","status-publish","hentry"],"acf":[],"yoast_head":"<!-- This site is optimized with the Yoast SEO plugin v26.4 - https:\/\/yoast.com\/wordpress\/plugins\/seo\/ -->\n<title>Pracownia In\u017cynierii Powierzchni - Instytut In\u017cynierii Biomedycznej<\/title>\n<meta name=\"robots\" content=\"index, follow, max-snippet:-1, max-image-preview:large, max-video-preview:-1\" \/>\n<link rel=\"canonical\" href=\"https:\/\/wm.pb.edu.pl\/iib\/infrastruktura-badawcza\/pracownia-inzynierii-powierzchni\/\" \/>\n<meta property=\"og:locale\" content=\"pl_PL\" \/>\n<meta property=\"og:type\" content=\"article\" \/>\n<meta property=\"og:title\" content=\"Pracownia In\u017cynierii Powierzchni - Instytut In\u017cynierii Biomedycznej\" \/>\n<meta property=\"og:description\" content=\"Aparatura technologiczna i pomiarowa do realizacji i bada\u0144 proces\u00f3w cienkowarstwowych: napylarka pr\u00f3\u017cniowa NA501 wyposa\u017cona wwi\u0119cej\" \/>\n<meta property=\"og:url\" content=\"https:\/\/wm.pb.edu.pl\/iib\/infrastruktura-badawcza\/pracownia-inzynierii-powierzchni\/\" \/>\n<meta property=\"og:site_name\" content=\"Instytut In\u017cynierii Biomedycznej\" \/>\n<meta name=\"twitter:card\" content=\"summary_large_image\" \/>\n<meta name=\"twitter:label1\" content=\"Szacowany czas czytania\" \/>\n\t<meta name=\"twitter:data1\" content=\"2 minuty\" \/>\n<script type=\"application\/ld+json\" class=\"yoast-schema-graph\">{\"@context\":\"https:\/\/schema.org\",\"@graph\":[{\"@type\":\"WebPage\",\"@id\":\"https:\/\/wm.pb.edu.pl\/iib\/infrastruktura-badawcza\/pracownia-inzynierii-powierzchni\/\",\"url\":\"https:\/\/wm.pb.edu.pl\/iib\/infrastruktura-badawcza\/pracownia-inzynierii-powierzchni\/\",\"name\":\"Pracownia In\u017cynierii Powierzchni - Instytut In\u017cynierii Biomedycznej\",\"isPartOf\":{\"@id\":\"https:\/\/wm.pb.edu.pl\/iib\/#website\"},\"datePublished\":\"2025-12-10T09:55:46+00:00\",\"breadcrumb\":{\"@id\":\"https:\/\/wm.pb.edu.pl\/iib\/infrastruktura-badawcza\/pracownia-inzynierii-powierzchni\/#breadcrumb\"},\"inLanguage\":\"pl-PL\",\"potentialAction\":[{\"@type\":\"ReadAction\",\"target\":[\"https:\/\/wm.pb.edu.pl\/iib\/infrastruktura-badawcza\/pracownia-inzynierii-powierzchni\/\"]}]},{\"@type\":\"BreadcrumbList\",\"@id\":\"https:\/\/wm.pb.edu.pl\/iib\/infrastruktura-badawcza\/pracownia-inzynierii-powierzchni\/#breadcrumb\",\"itemListElement\":[{\"@type\":\"ListItem\",\"position\":1,\"name\":\"Strona g\u0142\u00f3wna\",\"item\":\"https:\/\/wm.pb.edu.pl\/iib\/\"},{\"@type\":\"ListItem\",\"position\":2,\"name\":\"Infrastruktura badawcza\",\"item\":\"https:\/\/wm.pb.edu.pl\/iib\/infrastruktura-badawcza\/\"},{\"@type\":\"ListItem\",\"position\":3,\"name\":\"Pracownia In\u017cynierii Powierzchni\"}]},{\"@type\":\"WebSite\",\"@id\":\"https:\/\/wm.pb.edu.pl\/iib\/#website\",\"url\":\"https:\/\/wm.pb.edu.pl\/iib\/\",\"name\":\"Instytut In\u017cynierii Biomedycznej\",\"description\":\"\",\"potentialAction\":[{\"@type\":\"SearchAction\",\"target\":{\"@type\":\"EntryPoint\",\"urlTemplate\":\"https:\/\/wm.pb.edu.pl\/iib\/?s={search_term_string}\"},\"query-input\":{\"@type\":\"PropertyValueSpecification\",\"valueRequired\":true,\"valueName\":\"search_term_string\"}}],\"inLanguage\":\"pl-PL\"}]}<\/script>\n<!-- \/ Yoast SEO plugin. -->","yoast_head_json":{"title":"Pracownia In\u017cynierii Powierzchni - Instytut In\u017cynierii Biomedycznej","robots":{"index":"index","follow":"follow","max-snippet":"max-snippet:-1","max-image-preview":"max-image-preview:large","max-video-preview":"max-video-preview:-1"},"canonical":"https:\/\/wm.pb.edu.pl\/iib\/infrastruktura-badawcza\/pracownia-inzynierii-powierzchni\/","og_locale":"pl_PL","og_type":"article","og_title":"Pracownia In\u017cynierii Powierzchni - Instytut In\u017cynierii Biomedycznej","og_description":"Aparatura technologiczna i pomiarowa do realizacji i bada\u0144 proces\u00f3w cienkowarstwowych: napylarka pr\u00f3\u017cniowa NA501 wyposa\u017cona wwi\u0119cej","og_url":"https:\/\/wm.pb.edu.pl\/iib\/infrastruktura-badawcza\/pracownia-inzynierii-powierzchni\/","og_site_name":"Instytut In\u017cynierii Biomedycznej","twitter_card":"summary_large_image","twitter_misc":{"Szacowany czas czytania":"2 minuty"},"schema":{"@context":"https:\/\/schema.org","@graph":[{"@type":"WebPage","@id":"https:\/\/wm.pb.edu.pl\/iib\/infrastruktura-badawcza\/pracownia-inzynierii-powierzchni\/","url":"https:\/\/wm.pb.edu.pl\/iib\/infrastruktura-badawcza\/pracownia-inzynierii-powierzchni\/","name":"Pracownia In\u017cynierii Powierzchni - Instytut In\u017cynierii Biomedycznej","isPartOf":{"@id":"https:\/\/wm.pb.edu.pl\/iib\/#website"},"datePublished":"2025-12-10T09:55:46+00:00","breadcrumb":{"@id":"https:\/\/wm.pb.edu.pl\/iib\/infrastruktura-badawcza\/pracownia-inzynierii-powierzchni\/#breadcrumb"},"inLanguage":"pl-PL","potentialAction":[{"@type":"ReadAction","target":["https:\/\/wm.pb.edu.pl\/iib\/infrastruktura-badawcza\/pracownia-inzynierii-powierzchni\/"]}]},{"@type":"BreadcrumbList","@id":"https:\/\/wm.pb.edu.pl\/iib\/infrastruktura-badawcza\/pracownia-inzynierii-powierzchni\/#breadcrumb","itemListElement":[{"@type":"ListItem","position":1,"name":"Strona g\u0142\u00f3wna","item":"https:\/\/wm.pb.edu.pl\/iib\/"},{"@type":"ListItem","position":2,"name":"Infrastruktura badawcza","item":"https:\/\/wm.pb.edu.pl\/iib\/infrastruktura-badawcza\/"},{"@type":"ListItem","position":3,"name":"Pracownia In\u017cynierii Powierzchni"}]},{"@type":"WebSite","@id":"https:\/\/wm.pb.edu.pl\/iib\/#website","url":"https:\/\/wm.pb.edu.pl\/iib\/","name":"Instytut In\u017cynierii Biomedycznej","description":"","potentialAction":[{"@type":"SearchAction","target":{"@type":"EntryPoint","urlTemplate":"https:\/\/wm.pb.edu.pl\/iib\/?s={search_term_string}"},"query-input":{"@type":"PropertyValueSpecification","valueRequired":true,"valueName":"search_term_string"}}],"inLanguage":"pl-PL"}]}},"_links":{"self":[{"href":"https:\/\/wm.pb.edu.pl\/iib\/wp-json\/wp\/v2\/pages\/1023","targetHints":{"allow":["GET"]}}],"collection":[{"href":"https:\/\/wm.pb.edu.pl\/iib\/wp-json\/wp\/v2\/pages"}],"about":[{"href":"https:\/\/wm.pb.edu.pl\/iib\/wp-json\/wp\/v2\/types\/page"}],"author":[{"embeddable":true,"href":"https:\/\/wm.pb.edu.pl\/iib\/wp-json\/wp\/v2\/users\/14"}],"replies":[{"embeddable":true,"href":"https:\/\/wm.pb.edu.pl\/iib\/wp-json\/wp\/v2\/comments?post=1023"}],"version-history":[{"count":1,"href":"https:\/\/wm.pb.edu.pl\/iib\/wp-json\/wp\/v2\/pages\/1023\/revisions"}],"predecessor-version":[{"id":1024,"href":"https:\/\/wm.pb.edu.pl\/iib\/wp-json\/wp\/v2\/pages\/1023\/revisions\/1024"}],"up":[{"embeddable":true,"href":"https:\/\/wm.pb.edu.pl\/iib\/wp-json\/wp\/v2\/pages\/44"}],"wp:attachment":[{"href":"https:\/\/wm.pb.edu.pl\/iib\/wp-json\/wp\/v2\/media?parent=1023"}],"curies":[{"name":"wp","href":"https:\/\/api.w.org\/{rel}","templated":true}]}}