{"id":11,"date":"2018-06-25T22:08:43","date_gmt":"2018-06-25T20:08:43","guid":{"rendered":"https:\/\/wm.pb.edu.pl\/kbiib\/?page_id=11"},"modified":"2025-01-21T14:49:53","modified_gmt":"2025-01-21T13:49:53","slug":"strona-glowna","status":"publish","type":"page","link":"https:\/\/wm.pb.edu.pl\/iib\/","title":{"rendered":"Instytut In\u017cynierii Biomedycznej"},"content":{"rendered":"<p><a name=\"tu-skacz\"><\/a><br \/>\n<a class=\"button text-center animated zoomIn lead\" style=\"width: 100%\" href=\"\/iib\/zaklad-biomaterialow-i-inzynierii-wyrobow-medycznych\/\"><strong>Zak\u0142ad Biomateria\u0142\u00f3w i In\u017cynierii Wyrob\u00f3w Medycznych<\/strong><\/a><br \/>\n<a class=\"button text-center animated zoomIn lead\" style=\"width: 100%\" href=\"\/iib\/zaklad-biomechatroniki\/\"><strong>Zak\u0142ad Biomechatroniki <\/strong><\/a><\/p>\n<div class=\"row\">\n<div class=\"col-md-3\">\n  <div class=\"boxlink animated zoomIn \">\r\n    <a href=\"\/iib\/o-instytucie\/\" class=\"\">\r\n      <div class=\"boxlink-title\">O Instytucie<span><\/span><\/div>\r\n      <div class=\"boxlink-content\">\r\n        \n<p><img loading=\"lazy\" decoding=\"async\" class=\"wp-image-524 aligncenter\" src=\"https:\/\/wm.pb.edu.pl\/iib\/wp-content\/uploads\/sites\/7\/2022\/02\/264305246_123707503441570_5094883199332294508_n-e1645969879680-300x200.jpg\" alt=\"\" width=\"600\" height=\"399\" srcset=\"https:\/\/wm.pb.edu.pl\/iib\/wp-content\/uploads\/sites\/7\/2022\/02\/264305246_123707503441570_5094883199332294508_n-e1645969879680-300x200.jpg 300w, https:\/\/wm.pb.edu.pl\/iib\/wp-content\/uploads\/sites\/7\/2022\/02\/264305246_123707503441570_5094883199332294508_n-e1645969879680-1024x681.jpg 1024w, https:\/\/wm.pb.edu.pl\/iib\/wp-content\/uploads\/sites\/7\/2022\/02\/264305246_123707503441570_5094883199332294508_n-e1645969879680-768x511.jpg 768w, https:\/\/wm.pb.edu.pl\/iib\/wp-content\/uploads\/sites\/7\/2022\/02\/264305246_123707503441570_5094883199332294508_n-e1645969879680-1536x1022.jpg 1536w, https:\/\/wm.pb.edu.pl\/iib\/wp-content\/uploads\/sites\/7\/2022\/02\/264305246_123707503441570_5094883199332294508_n-e1645969879680-480x320.jpg 480w, https:\/\/wm.pb.edu.pl\/iib\/wp-content\/uploads\/sites\/7\/2022\/02\/264305246_123707503441570_5094883199332294508_n-e1645969879680.jpg 1778w\" sizes=\"auto, (max-width: 600px) 100vw, 600px\" \/><\/p>\n      <\/div>\r\n    <\/a>\r\n  <\/div>\r\n\n<\/div>\n<div class=\"col-md-3\">\n  <div class=\"boxlink animated zoomIn \">\r\n    <a href=\"\/iib\/nauka\/\" class=\"\">\r\n      <div class=\"boxlink-title\">Nauka<span><\/span><\/div>\r\n      <div class=\"boxlink-content\">\r\n        <img loading=\"lazy\" decoding=\"async\" class=\"aligncenter wp-image-507\" src=\"https:\/\/wm.pb.edu.pl\/iib\/wp-content\/uploads\/sites\/7\/2022\/02\/students-working-with-their-teacher-2021-08-26-15-43-26-utc-1024x682.jpg\" alt=\"\" width=\"600\" height=\"400\" srcset=\"https:\/\/wm.pb.edu.pl\/iib\/wp-content\/uploads\/sites\/7\/2022\/02\/students-working-with-their-teacher-2021-08-26-15-43-26-utc-1024x682.jpg 1024w, https:\/\/wm.pb.edu.pl\/iib\/wp-content\/uploads\/sites\/7\/2022\/02\/students-working-with-their-teacher-2021-08-26-15-43-26-utc-300x200.jpg 300w, https:\/\/wm.pb.edu.pl\/iib\/wp-content\/uploads\/sites\/7\/2022\/02\/students-working-with-their-teacher-2021-08-26-15-43-26-utc-768x512.jpg 768w, https:\/\/wm.pb.edu.pl\/iib\/wp-content\/uploads\/sites\/7\/2022\/02\/students-working-with-their-teacher-2021-08-26-15-43-26-utc-1536x1023.jpg 1536w, https:\/\/wm.pb.edu.pl\/iib\/wp-content\/uploads\/sites\/7\/2022\/02\/students-working-with-their-teacher-2021-08-26-15-43-26-utc-2048x1365.jpg 2048w, https:\/\/wm.pb.edu.pl\/iib\/wp-content\/uploads\/sites\/7\/2022\/02\/students-working-with-their-teacher-2021-08-26-15-43-26-utc-480x320.jpg 480w\" sizes=\"auto, (max-width: 600px) 100vw, 600px\" \/>      <\/div>\r\n    <\/a>\r\n  <\/div>\r\n\n<\/div>\n<div class=\"col-md-3\">\n  <div class=\"boxlink animated zoomIn \">\r\n    <a href=\"\/iib\/kola-naukowe\" class=\"\">\r\n      <div class=\"boxlink-title\">Ko\u0142a naukowe<span><\/span><\/div>\r\n      <div class=\"boxlink-content\">\r\n        \n<p><img loading=\"lazy\" decoding=\"async\" class=\"aligncenter wp-image-526\" src=\"https:\/\/wm.pb.edu.pl\/iib\/wp-content\/uploads\/sites\/7\/2022\/02\/257802538_118733123939008_7554762184804766939_n-300x200.jpg\" alt=\"\" width=\"600\" height=\"400\" srcset=\"https:\/\/wm.pb.edu.pl\/iib\/wp-content\/uploads\/sites\/7\/2022\/02\/257802538_118733123939008_7554762184804766939_n-300x200.jpg 300w, https:\/\/wm.pb.edu.pl\/iib\/wp-content\/uploads\/sites\/7\/2022\/02\/257802538_118733123939008_7554762184804766939_n-768x512.jpg 768w, https:\/\/wm.pb.edu.pl\/iib\/wp-content\/uploads\/sites\/7\/2022\/02\/257802538_118733123939008_7554762184804766939_n-480x320.jpg 480w, https:\/\/wm.pb.edu.pl\/iib\/wp-content\/uploads\/sites\/7\/2022\/02\/257802538_118733123939008_7554762184804766939_n.jpg 852w\" sizes=\"auto, (max-width: 600px) 100vw, 600px\" \/><\/p>\n      <\/div>\r\n    <\/a>\r\n  <\/div>\r\n\n<\/div>\n<div class=\"col-md-3\">\n  <div class=\"boxlink animated zoomIn \">\r\n    <a href=\"\/iib\/staze-i-praktyki\/\" class=\"\">\r\n      <div class=\"boxlink-title\">Sta\u017ce i praktyki<span><\/span><\/div>\r\n      <div class=\"boxlink-content\">\r\n        \n<p><img loading=\"lazy\" decoding=\"async\" class=\"aligncenter wp-image-522\" src=\"https:\/\/wm.pb.edu.pl\/iib\/wp-content\/uploads\/sites\/7\/2022\/02\/prosthetist-man-making-orthopedic-insoles-while-wo-2021-08-30-20-48-54-utc-300x200.jpg\" alt=\"\" width=\"600\" height=\"399\" srcset=\"https:\/\/wm.pb.edu.pl\/iib\/wp-content\/uploads\/sites\/7\/2022\/02\/prosthetist-man-making-orthopedic-insoles-while-wo-2021-08-30-20-48-54-utc-300x200.jpg 300w, https:\/\/wm.pb.edu.pl\/iib\/wp-content\/uploads\/sites\/7\/2022\/02\/prosthetist-man-making-orthopedic-insoles-while-wo-2021-08-30-20-48-54-utc-1024x681.jpg 1024w, https:\/\/wm.pb.edu.pl\/iib\/wp-content\/uploads\/sites\/7\/2022\/02\/prosthetist-man-making-orthopedic-insoles-while-wo-2021-08-30-20-48-54-utc-768x511.jpg 768w, https:\/\/wm.pb.edu.pl\/iib\/wp-content\/uploads\/sites\/7\/2022\/02\/prosthetist-man-making-orthopedic-insoles-while-wo-2021-08-30-20-48-54-utc-1536x1022.jpg 1536w, https:\/\/wm.pb.edu.pl\/iib\/wp-content\/uploads\/sites\/7\/2022\/02\/prosthetist-man-making-orthopedic-insoles-while-wo-2021-08-30-20-48-54-utc-2048x1363.jpg 2048w, https:\/\/wm.pb.edu.pl\/iib\/wp-content\/uploads\/sites\/7\/2022\/02\/prosthetist-man-making-orthopedic-insoles-while-wo-2021-08-30-20-48-54-utc-480x320.jpg 480w\" sizes=\"auto, (max-width: 600px) 100vw, 600px\" \/><\/p>\n      <\/div>\r\n    <\/a>\r\n  <\/div>\r\n\n<\/div>\n<\/div>\n<div class=\"row\">\n<div class=\"col-md-3\">\n  <div class=\"boxlink animated zoomIn \">\r\n    <a href=\"\/iib\/pracownicy\/\" class=\"\">\r\n      <div class=\"boxlink-title\">Pracownicy<span><\/span><\/div>\r\n      <div class=\"boxlink-content\">\r\n        \n<p><img loading=\"lazy\" decoding=\"async\" class=\"aligncenter wp-image-397\" src=\"https:\/\/wm.pb.edu.pl\/iib\/wp-content\/uploads\/sites\/7\/2022\/01\/IMG_0273-\u2014-kopia-300x200.jpg\" alt=\"\" width=\"600\" height=\"400\" srcset=\"https:\/\/wm.pb.edu.pl\/iib\/wp-content\/uploads\/sites\/7\/2022\/01\/IMG_0273-\u2014-kopia-300x200.jpg 300w, https:\/\/wm.pb.edu.pl\/iib\/wp-content\/uploads\/sites\/7\/2022\/01\/IMG_0273-\u2014-kopia-1024x683.jpg 1024w, https:\/\/wm.pb.edu.pl\/iib\/wp-content\/uploads\/sites\/7\/2022\/01\/IMG_0273-\u2014-kopia-768x512.jpg 768w, https:\/\/wm.pb.edu.pl\/iib\/wp-content\/uploads\/sites\/7\/2022\/01\/IMG_0273-\u2014-kopia-1536x1024.jpg 1536w, https:\/\/wm.pb.edu.pl\/iib\/wp-content\/uploads\/sites\/7\/2022\/01\/IMG_0273-\u2014-kopia-2048x1365.jpg 2048w, https:\/\/wm.pb.edu.pl\/iib\/wp-content\/uploads\/sites\/7\/2022\/01\/IMG_0273-\u2014-kopia-480x320.jpg 480w\" sizes=\"auto, (max-width: 600px) 100vw, 600px\" \/><\/p>\n      <\/div>\r\n    <\/a>\r\n  <\/div>\r\n\n<\/div>\n<div class=\"col-md-3\">\n  <div class=\"boxlink animated zoomIn \">\r\n    <a href=\"\/iib\/infrastruktura-badawcza\/\" class=\"\">\r\n      <div class=\"boxlink-title\">Infrastruktura badawcza<span><\/span><\/div>\r\n      <div class=\"boxlink-content\">\r\n        \n<p><img loading=\"lazy\" decoding=\"async\" class=\"aligncenter wp-image-593\" src=\"https:\/\/wm.pb.edu.pl\/iib\/wp-content\/uploads\/sites\/7\/2022\/02\/microscope-and-optical-equipment-in-the-laboratory-2022-01-12-08-13-46-utc-300x200.jpg\" alt=\"\" width=\"600\" height=\"400\" srcset=\"https:\/\/wm.pb.edu.pl\/iib\/wp-content\/uploads\/sites\/7\/2022\/02\/microscope-and-optical-equipment-in-the-laboratory-2022-01-12-08-13-46-utc-300x200.jpg 300w, https:\/\/wm.pb.edu.pl\/iib\/wp-content\/uploads\/sites\/7\/2022\/02\/microscope-and-optical-equipment-in-the-laboratory-2022-01-12-08-13-46-utc-1024x683.jpg 1024w, https:\/\/wm.pb.edu.pl\/iib\/wp-content\/uploads\/sites\/7\/2022\/02\/microscope-and-optical-equipment-in-the-laboratory-2022-01-12-08-13-46-utc-768x512.jpg 768w, https:\/\/wm.pb.edu.pl\/iib\/wp-content\/uploads\/sites\/7\/2022\/02\/microscope-and-optical-equipment-in-the-laboratory-2022-01-12-08-13-46-utc-1536x1024.jpg 1536w, https:\/\/wm.pb.edu.pl\/iib\/wp-content\/uploads\/sites\/7\/2022\/02\/microscope-and-optical-equipment-in-the-laboratory-2022-01-12-08-13-46-utc-2048x1365.jpg 2048w, https:\/\/wm.pb.edu.pl\/iib\/wp-content\/uploads\/sites\/7\/2022\/02\/microscope-and-optical-equipment-in-the-laboratory-2022-01-12-08-13-46-utc-480x320.jpg 480w\" sizes=\"auto, (max-width: 600px) 100vw, 600px\" \/><\/p>\n      <\/div>\r\n    <\/a>\r\n  <\/div>\r\n\n<\/div>\n<div class=\"col-md-3\">\n  <div class=\"boxlink animated zoomIn \">\r\n    <a href=\"\/iib\/erasmus\" class=\"\">\r\n      <div class=\"boxlink-title\">Erasmus+<span><\/span><\/div>\r\n      <div class=\"boxlink-content\">\r\n        \n<p><img loading=\"lazy\" decoding=\"async\" class=\"aligncenter wp-image-350\" src=\"https:\/\/wm.pb.edu.pl\/iib\/wp-content\/uploads\/sites\/7\/2021\/12\/erasmusplus-300x200.png\" alt=\"\" width=\"600\" height=\"400\" srcset=\"https:\/\/wm.pb.edu.pl\/iib\/wp-content\/uploads\/sites\/7\/2021\/12\/erasmusplus-300x200.png 300w, https:\/\/wm.pb.edu.pl\/iib\/wp-content\/uploads\/sites\/7\/2021\/12\/erasmusplus-1024x682.png 1024w, https:\/\/wm.pb.edu.pl\/iib\/wp-content\/uploads\/sites\/7\/2021\/12\/erasmusplus-768x512.png 768w, https:\/\/wm.pb.edu.pl\/iib\/wp-content\/uploads\/sites\/7\/2021\/12\/erasmusplus-1536x1024.png 1536w, https:\/\/wm.pb.edu.pl\/iib\/wp-content\/uploads\/sites\/7\/2021\/12\/erasmusplus-480x320.png 480w, https:\/\/wm.pb.edu.pl\/iib\/wp-content\/uploads\/sites\/7\/2021\/12\/erasmusplus.png 1592w\" sizes=\"auto, (max-width: 600px) 100vw, 600px\" \/><\/p>\n      <\/div>\r\n    <\/a>\r\n  <\/div>\r\n\n<\/div>\n<div class=\"col-md-3\">\n  <div class=\"boxlink animated zoomIn \">\r\n    <a href=\"\/iib\/absolwenci\" class=\"\">\r\n      <div class=\"boxlink-title\">Absolwenci<span><\/span><\/div>\r\n      <div class=\"boxlink-content\">\r\n        \n<p><img loading=\"lazy\" decoding=\"async\" class=\"aligncenter wp-image-350\" src=\"https:\/\/wm.pb.edu.pl\/iib\/wp-content\/uploads\/sites\/7\/2022\/02\/217400237_4133811249999593_6794587154818634469_n-e1645970041616-300x200.jpg\" alt=\"\" width=\"600\" height=\"400\"><\/p>\n      <\/div>\r\n    <\/a>\r\n  <\/div>\r\n\n<\/div>\n<\/div>\n&nbsp;<br \/>\n<a class=\"h2 color\" style=\"text-decoration: none\" title=\"Aktualno\u015bci\" href=\"\/iib\/aktualnosci\">Aktualno\u015bci <i class=\"fa fa-caret-right\" aria-hidden=\"true\"><\/i><\/a><br \/>\n  <div class=\"box news-box\">\r\n    <div class=\"row\">\r\n      <!--Array\n(\n    [post_type] => post\n    [paged] => 1\n    [orderby] => Array\n        (\n            [meta_value_num] => DESC\n            [date] => DESC\n        )\n\n    [meta_query] => Array\n        (\n            [relation] => OR\n            [0] => Array\n                (\n                    [key] => on_top\n                    [compare] => NOT EXISTS\n                )\n\n            [1] => Array\n                (\n                    [key] => on_top\n                )\n\n        )\n\n    [category__in] => 1\n    [posts_per_page] => 4\n)\n-->\r\n                        <div class=\"col-sm-3\">\r\n            <article class=\"format-standard\">\n    <span class=\"date text-right\"><i class=\"fa fa-calendar\"><\/i> 08-12-2025<\/span>\n    <a href=\"https:\/\/wm.pb.edu.pl\/iib\/2025\/12\/08\/wizyta-studyjna-w-bosni-i-hercegowinie-uniwersytet-w-banja-luce\/\">\n      <div class=\"article-image\">\n        <img loading=\"lazy\" decoding=\"async\" width=\"480\" height=\"320\" src=\"https:\/\/wm.pb.edu.pl\/iib\/wp-content\/uploads\/sites\/7\/2025\/12\/Banja-Luca-480x320.jpg\" class=\"attachment-hp-box-size size-hp-box-size wp-post-image\" alt=\"\" srcset=\"https:\/\/wm.pb.edu.pl\/iib\/wp-content\/uploads\/sites\/7\/2025\/12\/Banja-Luca-480x320.jpg 480w, https:\/\/wm.pb.edu.pl\/iib\/wp-content\/uploads\/sites\/7\/2025\/12\/Banja-Luca-300x200.jpg 300w, https:\/\/wm.pb.edu.pl\/iib\/wp-content\/uploads\/sites\/7\/2025\/12\/Banja-Luca-1024x683.jpg 1024w, https:\/\/wm.pb.edu.pl\/iib\/wp-content\/uploads\/sites\/7\/2025\/12\/Banja-Luca-768x512.jpg 768w, https:\/\/wm.pb.edu.pl\/iib\/wp-content\/uploads\/sites\/7\/2025\/12\/Banja-Luca.jpg 1386w\" sizes=\"auto, (max-width: 480px) 100vw, 480px\" \/>      <\/div>\n      <h3>Wizyta studyjna w Bo\u015bni i Hercegowinie \u2013 Uniwersytet w Banja Luce<\/h3>\n          <\/a>\n<\/article>          <\/div>\r\n                  <div class=\"col-sm-3\">\r\n            <article class=\"format-standard\">\n    <span class=\"date text-right\"><i class=\"fa fa-calendar\"><\/i> 06-03-2025<\/span>\n    <a href=\"https:\/\/wm.pb.edu.pl\/iib\/2025\/03\/06\/wizyta-studyjna-studentow-inzynierii-biomedycznej-w-klinice-chirurgii-szczekowej-umb\/\">\n      <div class=\"article-image\">\n        <img loading=\"lazy\" decoding=\"async\" width=\"480\" height=\"320\" src=\"https:\/\/wm.pb.edu.pl\/iib\/wp-content\/uploads\/sites\/7\/2025\/03\/Studenci-Inzynierii-Biomedycznej-na-Wizycie-Studyjnej-w-Klinice-Chirurgii-Szczekowej-480x320.jpg\" class=\"attachment-hp-box-size size-hp-box-size wp-post-image\" alt=\"\" \/>      <\/div>\n      <h3>Wizyta studyjna student\u00f3w in\u017cynierii biomedycznej w Klinice Chirurgii Szcz\u0119kowej UMB<\/h3>\n          <\/a>\n<\/article>          <\/div>\r\n                  <div class=\"col-sm-3\">\r\n            <article class=\"format-standard\">\n    <span class=\"date text-right\"><i class=\"fa fa-calendar\"><\/i> 13-01-2025<\/span>\n    <a href=\"https:\/\/wm.pb.edu.pl\/iib\/2025\/01\/13\/inzynieria-medyczna-rekrutacja-na-studia-drugiego-stopnia\/\">\n      <div class=\"article-image\">\n        <img loading=\"lazy\" decoding=\"async\" width=\"480\" height=\"320\" src=\"https:\/\/wm.pb.edu.pl\/iib\/wp-content\/uploads\/sites\/7\/2025\/01\/Laboratorium-Elektronicznej-Aparatury-Medycznej-480x320.jpg\" class=\"attachment-hp-box-size size-hp-box-size wp-post-image\" alt=\"\" \/>      <\/div>\n      <h3>In\u017cynieria medyczna &#8211; rekrutacja na studia drugiego stopnia<\/h3>\n      13 stycznia rozpocz\u0119\u0142a si\u0119 rekrutacja na studia stacjonarne II stopnia \u2714    <\/a>\n<\/article>          <\/div>\r\n                  <div class=\"col-sm-3\">\r\n            <article class=\"format-standard\">\n    <span class=\"date text-right\"><i class=\"fa fa-calendar\"><\/i> 05-04-2024<\/span>\n    <a href=\"https:\/\/wm.pb.edu.pl\/iib\/2024\/04\/05\/nowy-projekt-prof-jolanty-pauk\/\">\n      <div class=\"article-image\">\n        <img loading=\"lazy\" decoding=\"async\" width=\"480\" height=\"320\" src=\"https:\/\/wm.pb.edu.pl\/iib\/wp-content\/uploads\/sites\/7\/2024\/04\/Profesor-Jolanta-Pauk-3-480x320.jpg\" class=\"attachment-hp-box-size size-hp-box-size wp-post-image\" alt=\"\" \/>      <\/div>\n      <h3>Nowy projekt prof. Jolanty Pauk<\/h3>\n      Z dum\u0105 informujemy, \u017ce projekt &#8222;Identyfikacja i wdro\u017cenie kompetencji badawczych, transferu    <\/a>\n<\/article>          <\/div>\r\n                  <\/div>\r\n          <\/div>\r\n\n","protected":false},"excerpt":{"rendered":"<p>Zak\u0142ad Biomateria\u0142\u00f3w i In\u017cynierii Wyrob\u00f3w Medycznych Zak\u0142ad Biomechatroniki &nbsp; Aktualno\u015bci<\/p>\n","protected":false},"author":2,"featured_media":878,"parent":0,"menu_order":0,"comment_status":"closed","ping_status":"closed","template":"templates\/reprezentacyjna-4_8.php","meta":{"inline_featured_image":false,"ngg_post_thumbnail":0,"footnotes":""},"class_list":["post-11","page","type-page","status-publish","has-post-thumbnail","hentry"],"acf":[],"yoast_head":"<!-- This site is optimized with the Yoast SEO plugin v26.4 - https:\/\/yoast.com\/wordpress\/plugins\/seo\/ -->\n<title>Instytut In\u017cynierii Biomedycznej<\/title>\n<meta name=\"description\" content=\"Instytut In\u017cynierii Biomedycznej Wydzia\u0142 Mechaniczny Politechniki Bia\u0142ostockiej\" \/>\n<meta name=\"robots\" content=\"index, follow, max-snippet:-1, max-image-preview:large, max-video-preview:-1\" \/>\n<link rel=\"canonical\" href=\"https:\/\/wm.pb.edu.pl\/iib\/\" \/>\n<meta property=\"og:locale\" content=\"pl_PL\" \/>\n<meta property=\"og:type\" content=\"article\" \/>\n<meta property=\"og:title\" content=\"Instytut In\u017cynierii Biomedycznej\" \/>\n<meta property=\"og:description\" content=\"Instytut In\u017cynierii Biomedycznej Wydzia\u0142 Mechaniczny Politechniki Bia\u0142ostockiej\" \/>\n<meta property=\"og:url\" content=\"https:\/\/wm.pb.edu.pl\/iib\/\" \/>\n<meta property=\"og:site_name\" content=\"Instytut In\u017cynierii Biomedycznej\" \/>\n<meta property=\"article:modified_time\" content=\"2025-01-21T13:49:53+00:00\" \/>\n<meta property=\"og:image\" content=\"https:\/\/wm.pb.edu.pl\/iib\/wp-content\/uploads\/sites\/7\/2025\/01\/IMG_2009-scaled.jpg\" \/>\n\t<meta property=\"og:image:width\" content=\"2560\" \/>\n\t<meta property=\"og:image:height\" content=\"1707\" \/>\n\t<meta property=\"og:image:type\" content=\"image\/jpeg\" \/>\n<meta name=\"twitter:card\" content=\"summary_large_image\" \/>\n<meta name=\"twitter:label1\" content=\"Szacowany czas czytania\" \/>\n\t<meta name=\"twitter:data1\" content=\"3 minuty\" \/>\n<script type=\"application\/ld+json\" class=\"yoast-schema-graph\">{\"@context\":\"https:\/\/schema.org\",\"@graph\":[{\"@type\":\"WebPage\",\"@id\":\"https:\/\/wm.pb.edu.pl\/iib\/\",\"url\":\"https:\/\/wm.pb.edu.pl\/iib\/\",\"name\":\"Instytut In\u017cynierii Biomedycznej\",\"isPartOf\":{\"@id\":\"https:\/\/wm.pb.edu.pl\/iib\/#website\"},\"primaryImageOfPage\":{\"@id\":\"https:\/\/wm.pb.edu.pl\/iib\/#primaryimage\"},\"image\":{\"@id\":\"https:\/\/wm.pb.edu.pl\/iib\/#primaryimage\"},\"thumbnailUrl\":\"https:\/\/wm.pb.edu.pl\/iib\/wp-content\/uploads\/sites\/7\/2025\/01\/IMG_2009-scaled.jpg\",\"datePublished\":\"2018-06-25T20:08:43+00:00\",\"dateModified\":\"2025-01-21T13:49:53+00:00\",\"description\":\"Instytut In\u017cynierii Biomedycznej Wydzia\u0142 Mechaniczny Politechniki Bia\u0142ostockiej\",\"breadcrumb\":{\"@id\":\"https:\/\/wm.pb.edu.pl\/iib\/#breadcrumb\"},\"inLanguage\":\"pl-PL\",\"potentialAction\":[{\"@type\":\"ReadAction\",\"target\":[\"https:\/\/wm.pb.edu.pl\/iib\/\"]}]},{\"@type\":\"ImageObject\",\"inLanguage\":\"pl-PL\",\"@id\":\"https:\/\/wm.pb.edu.pl\/iib\/#primaryimage\",\"url\":\"https:\/\/wm.pb.edu.pl\/iib\/wp-content\/uploads\/sites\/7\/2025\/01\/IMG_2009-scaled.jpg\",\"contentUrl\":\"https:\/\/wm.pb.edu.pl\/iib\/wp-content\/uploads\/sites\/7\/2025\/01\/IMG_2009-scaled.jpg\",\"width\":2560,\"height\":1707,\"caption\":\"aparatura medyczna\"},{\"@type\":\"BreadcrumbList\",\"@id\":\"https:\/\/wm.pb.edu.pl\/iib\/#breadcrumb\",\"itemListElement\":[{\"@type\":\"ListItem\",\"position\":1,\"name\":\"Strona g\u0142\u00f3wna\",\"item\":\"https:\/\/wm.pb.edu.pl\/iib\/\"},{\"@type\":\"ListItem\",\"position\":2,\"name\":\"Instytut In\u017cynierii Biomedycznej\"}]},{\"@type\":\"WebSite\",\"@id\":\"https:\/\/wm.pb.edu.pl\/iib\/#website\",\"url\":\"https:\/\/wm.pb.edu.pl\/iib\/\",\"name\":\"Instytut In\u017cynierii Biomedycznej\",\"description\":\"\",\"potentialAction\":[{\"@type\":\"SearchAction\",\"target\":{\"@type\":\"EntryPoint\",\"urlTemplate\":\"https:\/\/wm.pb.edu.pl\/iib\/?s={search_term_string}\"},\"query-input\":{\"@type\":\"PropertyValueSpecification\",\"valueRequired\":true,\"valueName\":\"search_term_string\"}}],\"inLanguage\":\"pl-PL\"}]}<\/script>\n<!-- \/ Yoast SEO plugin. -->","yoast_head_json":{"title":"Instytut In\u017cynierii Biomedycznej","description":"Instytut In\u017cynierii Biomedycznej Wydzia\u0142 Mechaniczny Politechniki Bia\u0142ostockiej","robots":{"index":"index","follow":"follow","max-snippet":"max-snippet:-1","max-image-preview":"max-image-preview:large","max-video-preview":"max-video-preview:-1"},"canonical":"https:\/\/wm.pb.edu.pl\/iib\/","og_locale":"pl_PL","og_type":"article","og_title":"Instytut In\u017cynierii Biomedycznej","og_description":"Instytut In\u017cynierii Biomedycznej Wydzia\u0142 Mechaniczny Politechniki Bia\u0142ostockiej","og_url":"https:\/\/wm.pb.edu.pl\/iib\/","og_site_name":"Instytut In\u017cynierii Biomedycznej","article_modified_time":"2025-01-21T13:49:53+00:00","og_image":[{"width":2560,"height":1707,"url":"https:\/\/wm.pb.edu.pl\/iib\/wp-content\/uploads\/sites\/7\/2025\/01\/IMG_2009-scaled.jpg","type":"image\/jpeg"}],"twitter_card":"summary_large_image","twitter_misc":{"Szacowany czas czytania":"3 minuty"},"schema":{"@context":"https:\/\/schema.org","@graph":[{"@type":"WebPage","@id":"https:\/\/wm.pb.edu.pl\/iib\/","url":"https:\/\/wm.pb.edu.pl\/iib\/","name":"Instytut In\u017cynierii Biomedycznej","isPartOf":{"@id":"https:\/\/wm.pb.edu.pl\/iib\/#website"},"primaryImageOfPage":{"@id":"https:\/\/wm.pb.edu.pl\/iib\/#primaryimage"},"image":{"@id":"https:\/\/wm.pb.edu.pl\/iib\/#primaryimage"},"thumbnailUrl":"https:\/\/wm.pb.edu.pl\/iib\/wp-content\/uploads\/sites\/7\/2025\/01\/IMG_2009-scaled.jpg","datePublished":"2018-06-25T20:08:43+00:00","dateModified":"2025-01-21T13:49:53+00:00","description":"Instytut In\u017cynierii Biomedycznej Wydzia\u0142 Mechaniczny Politechniki Bia\u0142ostockiej","breadcrumb":{"@id":"https:\/\/wm.pb.edu.pl\/iib\/#breadcrumb"},"inLanguage":"pl-PL","potentialAction":[{"@type":"ReadAction","target":["https:\/\/wm.pb.edu.pl\/iib\/"]}]},{"@type":"ImageObject","inLanguage":"pl-PL","@id":"https:\/\/wm.pb.edu.pl\/iib\/#primaryimage","url":"https:\/\/wm.pb.edu.pl\/iib\/wp-content\/uploads\/sites\/7\/2025\/01\/IMG_2009-scaled.jpg","contentUrl":"https:\/\/wm.pb.edu.pl\/iib\/wp-content\/uploads\/sites\/7\/2025\/01\/IMG_2009-scaled.jpg","width":2560,"height":1707,"caption":"aparatura medyczna"},{"@type":"BreadcrumbList","@id":"https:\/\/wm.pb.edu.pl\/iib\/#breadcrumb","itemListElement":[{"@type":"ListItem","position":1,"name":"Strona g\u0142\u00f3wna","item":"https:\/\/wm.pb.edu.pl\/iib\/"},{"@type":"ListItem","position":2,"name":"Instytut In\u017cynierii Biomedycznej"}]},{"@type":"WebSite","@id":"https:\/\/wm.pb.edu.pl\/iib\/#website","url":"https:\/\/wm.pb.edu.pl\/iib\/","name":"Instytut In\u017cynierii Biomedycznej","description":"","potentialAction":[{"@type":"SearchAction","target":{"@type":"EntryPoint","urlTemplate":"https:\/\/wm.pb.edu.pl\/iib\/?s={search_term_string}"},"query-input":{"@type":"PropertyValueSpecification","valueRequired":true,"valueName":"search_term_string"}}],"inLanguage":"pl-PL"}]}},"_links":{"self":[{"href":"https:\/\/wm.pb.edu.pl\/iib\/wp-json\/wp\/v2\/pages\/11","targetHints":{"allow":["GET"]}}],"collection":[{"href":"https:\/\/wm.pb.edu.pl\/iib\/wp-json\/wp\/v2\/pages"}],"about":[{"href":"https:\/\/wm.pb.edu.pl\/iib\/wp-json\/wp\/v2\/types\/page"}],"author":[{"embeddable":true,"href":"https:\/\/wm.pb.edu.pl\/iib\/wp-json\/wp\/v2\/users\/2"}],"replies":[{"embeddable":true,"href":"https:\/\/wm.pb.edu.pl\/iib\/wp-json\/wp\/v2\/comments?post=11"}],"version-history":[{"count":50,"href":"https:\/\/wm.pb.edu.pl\/iib\/wp-json\/wp\/v2\/pages\/11\/revisions"}],"predecessor-version":[{"id":693,"href":"https:\/\/wm.pb.edu.pl\/iib\/wp-json\/wp\/v2\/pages\/11\/revisions\/693"}],"wp:featuredmedia":[{"embeddable":true,"href":"https:\/\/wm.pb.edu.pl\/iib\/wp-json\/wp\/v2\/media\/878"}],"wp:attachment":[{"href":"https:\/\/wm.pb.edu.pl\/iib\/wp-json\/wp\/v2\/media?parent=11"}],"curies":[{"name":"wp","href":"https:\/\/api.w.org\/{rel}","templated":true}]}}