{"id":17,"date":"2018-06-26T10:56:27","date_gmt":"2018-06-26T08:56:27","guid":{"rendered":"https:\/\/wm.pb.edu.pl\/kbiib\/?page_id=17"},"modified":"2025-01-21T14:35:48","modified_gmt":"2025-01-21T13:35:48","slug":"o-instytucie","status":"publish","type":"page","link":"https:\/\/wm.pb.edu.pl\/iib\/o-instytucie\/","title":{"rendered":"O Instytucie"},"content":{"rendered":"<p>Instytut In\u017cynierii Biomedycznej na Wydziale Mechanicznym Politechniki Bia\u0142ostockiej funkcjonuje od 1 pa\u017adziernika 2019 r., jednak jego pocz\u0105tki \u2013 jako samodzielnej jednostki \u2013 si\u0119gaj\u0105 roku 2009. W\u00f3wczas powo\u0142any zosta\u0142 Zak\u0142ad In\u017cynierii Materia\u0142owej i Biomedycznej, kt\u00f3rym przez kolejne lata kierowa\u0142 prof. dr hab. in\u017c. Jan R. D\u0105browski. W 2012 r. Zak\u0142ad zosta\u0142 przekszta\u0142cony w Katedr\u0119 In\u017cynierii Materia\u0142owej i Biomedycznej. Wiod\u0105cymi kierunkami jej \u00f3wczesnego rozwoju by\u0142y biomateria\u0142y, biomechanika oraz protetyka i ortotyka. &nbsp;<\/p>\n<p><img loading=\"lazy\" decoding=\"async\" class=\"size-medium wp-image-397 alignleft\" src=\"https:\/\/wm.pb.edu.pl\/iib\/wp-content\/uploads\/sites\/7\/2022\/01\/IMG_0273-\u2014-kopia-300x200.jpg\" alt=\"Pracownicy Instytutu In\u017cynierii Biomedycznej\" width=\"300\" height=\"200\" srcset=\"https:\/\/wm.pb.edu.pl\/iib\/wp-content\/uploads\/sites\/7\/2022\/01\/IMG_0273-\u2014-kopia-300x200.jpg 300w, https:\/\/wm.pb.edu.pl\/iib\/wp-content\/uploads\/sites\/7\/2022\/01\/IMG_0273-\u2014-kopia-1024x683.jpg 1024w, https:\/\/wm.pb.edu.pl\/iib\/wp-content\/uploads\/sites\/7\/2022\/01\/IMG_0273-\u2014-kopia-768x512.jpg 768w, https:\/\/wm.pb.edu.pl\/iib\/wp-content\/uploads\/sites\/7\/2022\/01\/IMG_0273-\u2014-kopia-1536x1024.jpg 1536w, https:\/\/wm.pb.edu.pl\/iib\/wp-content\/uploads\/sites\/7\/2022\/01\/IMG_0273-\u2014-kopia-2048x1365.jpg 2048w, https:\/\/wm.pb.edu.pl\/iib\/wp-content\/uploads\/sites\/7\/2022\/01\/IMG_0273-\u2014-kopia-480x320.jpg 480w\" sizes=\"auto, (max-width: 300px) 100vw, 300px\" \/>1 pa\u017adziernika 2016 r. z Katedry wydzielono Zak\u0142ad Biocybernetyki i In\u017cynierii Biomedycznej, kt\u00f3rym kierowa\u0142a dr hab. Agnieszka Dardzi\u0144ska-G\u0142\u0119bocka. 2 lata p\u00f3\u017aniej Zak\u0142ad przekszta\u0142cono w Katedr\u0119 Biocybernetyki i In\u017cynierii Biomedycznej.<\/p>\n<p>Z dniem 1 pa\u017adziernika 2019 r., w wyniku wdro\u017cenia Ustawy Prawo o szkolnictwie wy\u017cszym i nauce, rozwi\u0105zano Katedr\u0119 Biocybernetyki i In\u017cynierii Biomedycznej, a w jej miejsce powo\u0142ano Instytut In\u017cynierii Biomedycznej. Kierownictwo w tej jednostce obj\u0105\u0142 dr. hab. in\u017c. Szczepan Piszczatowski, prof. PB.&nbsp;<\/p>\n<p>Od 7 lipca 2021 r. Instytutem kieruje&nbsp;<strong>prof. dr hab. in\u017c. Jolanta Pauk.<\/strong><\/p>\n<p>Instytut koordynuje dzia\u0142ania maj\u0105ce na celu rozw\u00f3j bada\u0144 i edukacj\u0119 z obszaru zagadnie\u0144 in\u017cynierii biomedycznej oraz prowadzi prace doktorskie w ramach Szko\u0142y Doktorskiej. Wiod\u0105cymi kierunkami rozwijanymi przez pracownik\u00f3w Instytutu s\u0105: biomechanika, biomateria\u0142y, informatyka medyczna.<\/p>\n<p>Rada Naukowa Instytutu In\u017cynierii Biomedycznej ma uprawnienia do nadawania stopnia naukowego doktora w dyscyplinie in\u017cynieria biomedyczna.<\/p>\n","protected":false},"excerpt":{"rendered":"<p>Instytut In\u017cynierii Biomedycznej na Wydziale Mechanicznym Politechniki Bia\u0142ostockiej funkcjonuje od 1 pa\u017adziernika 2019 r., jednak<a class=\"read-more\" href=\"https:\/\/wm.pb.edu.pl\/iib\/o-instytucie\/\" title=\"Poka\u017c artyku\u0142 O Instytucie\">wi\u0119cej<\/a><\/p>\n","protected":false},"author":2,"featured_media":0,"parent":0,"menu_order":0,"comment_status":"closed","ping_status":"closed","template":"","meta":{"inline_featured_image":false,"ngg_post_thumbnail":0,"footnotes":""},"class_list":["post-17","page","type-page","status-publish","hentry"],"acf":[],"yoast_head":"<!-- This site is optimized with the Yoast SEO plugin v26.4 - https:\/\/yoast.com\/wordpress\/plugins\/seo\/ -->\n<title>O Instytucie - Instytut In\u017cynierii Biomedycznej<\/title>\n<meta name=\"robots\" content=\"index, follow, max-snippet:-1, max-image-preview:large, max-video-preview:-1\" \/>\n<link rel=\"canonical\" href=\"https:\/\/wm.pb.edu.pl\/iib\/o-instytucie\/\" \/>\n<meta property=\"og:locale\" content=\"pl_PL\" \/>\n<meta property=\"og:type\" content=\"article\" \/>\n<meta property=\"og:title\" content=\"O Instytucie - Instytut In\u017cynierii Biomedycznej\" \/>\n<meta property=\"og:description\" content=\"Instytut In\u017cynierii Biomedycznej na Wydziale Mechanicznym Politechniki Bia\u0142ostockiej funkcjonuje od 1 pa\u017adziernika 2019 r., jednakwi\u0119cej\" \/>\n<meta property=\"og:url\" content=\"https:\/\/wm.pb.edu.pl\/iib\/o-instytucie\/\" \/>\n<meta property=\"og:site_name\" content=\"Instytut In\u017cynierii Biomedycznej\" \/>\n<meta property=\"article:modified_time\" content=\"2025-01-21T13:35:48+00:00\" \/>\n<meta name=\"twitter:card\" content=\"summary_large_image\" \/>\n<meta name=\"twitter:label1\" content=\"Szacowany czas czytania\" \/>\n\t<meta name=\"twitter:data1\" content=\"2 minuty\" \/>\n<script type=\"application\/ld+json\" class=\"yoast-schema-graph\">{\"@context\":\"https:\/\/schema.org\",\"@graph\":[{\"@type\":\"WebPage\",\"@id\":\"https:\/\/wm.pb.edu.pl\/iib\/o-instytucie\/\",\"url\":\"https:\/\/wm.pb.edu.pl\/iib\/o-instytucie\/\",\"name\":\"O Instytucie - Instytut In\u017cynierii Biomedycznej\",\"isPartOf\":{\"@id\":\"https:\/\/wm.pb.edu.pl\/iib\/#website\"},\"datePublished\":\"2018-06-26T08:56:27+00:00\",\"dateModified\":\"2025-01-21T13:35:48+00:00\",\"breadcrumb\":{\"@id\":\"https:\/\/wm.pb.edu.pl\/iib\/o-instytucie\/#breadcrumb\"},\"inLanguage\":\"pl-PL\",\"potentialAction\":[{\"@type\":\"ReadAction\",\"target\":[\"https:\/\/wm.pb.edu.pl\/iib\/o-instytucie\/\"]}]},{\"@type\":\"BreadcrumbList\",\"@id\":\"https:\/\/wm.pb.edu.pl\/iib\/o-instytucie\/#breadcrumb\",\"itemListElement\":[{\"@type\":\"ListItem\",\"position\":1,\"name\":\"Strona g\u0142\u00f3wna\",\"item\":\"https:\/\/wm.pb.edu.pl\/iib\/\"},{\"@type\":\"ListItem\",\"position\":2,\"name\":\"O Instytucie\"}]},{\"@type\":\"WebSite\",\"@id\":\"https:\/\/wm.pb.edu.pl\/iib\/#website\",\"url\":\"https:\/\/wm.pb.edu.pl\/iib\/\",\"name\":\"Instytut In\u017cynierii Biomedycznej\",\"description\":\"\",\"potentialAction\":[{\"@type\":\"SearchAction\",\"target\":{\"@type\":\"EntryPoint\",\"urlTemplate\":\"https:\/\/wm.pb.edu.pl\/iib\/?s={search_term_string}\"},\"query-input\":{\"@type\":\"PropertyValueSpecification\",\"valueRequired\":true,\"valueName\":\"search_term_string\"}}],\"inLanguage\":\"pl-PL\"}]}<\/script>\n<!-- \/ Yoast SEO plugin. -->","yoast_head_json":{"title":"O Instytucie - Instytut In\u017cynierii Biomedycznej","robots":{"index":"index","follow":"follow","max-snippet":"max-snippet:-1","max-image-preview":"max-image-preview:large","max-video-preview":"max-video-preview:-1"},"canonical":"https:\/\/wm.pb.edu.pl\/iib\/o-instytucie\/","og_locale":"pl_PL","og_type":"article","og_title":"O Instytucie - Instytut In\u017cynierii Biomedycznej","og_description":"Instytut In\u017cynierii Biomedycznej na Wydziale Mechanicznym Politechniki Bia\u0142ostockiej funkcjonuje od 1 pa\u017adziernika 2019 r., jednakwi\u0119cej","og_url":"https:\/\/wm.pb.edu.pl\/iib\/o-instytucie\/","og_site_name":"Instytut In\u017cynierii Biomedycznej","article_modified_time":"2025-01-21T13:35:48+00:00","twitter_card":"summary_large_image","twitter_misc":{"Szacowany czas czytania":"2 minuty"},"schema":{"@context":"https:\/\/schema.org","@graph":[{"@type":"WebPage","@id":"https:\/\/wm.pb.edu.pl\/iib\/o-instytucie\/","url":"https:\/\/wm.pb.edu.pl\/iib\/o-instytucie\/","name":"O Instytucie - Instytut In\u017cynierii Biomedycznej","isPartOf":{"@id":"https:\/\/wm.pb.edu.pl\/iib\/#website"},"datePublished":"2018-06-26T08:56:27+00:00","dateModified":"2025-01-21T13:35:48+00:00","breadcrumb":{"@id":"https:\/\/wm.pb.edu.pl\/iib\/o-instytucie\/#breadcrumb"},"inLanguage":"pl-PL","potentialAction":[{"@type":"ReadAction","target":["https:\/\/wm.pb.edu.pl\/iib\/o-instytucie\/"]}]},{"@type":"BreadcrumbList","@id":"https:\/\/wm.pb.edu.pl\/iib\/o-instytucie\/#breadcrumb","itemListElement":[{"@type":"ListItem","position":1,"name":"Strona g\u0142\u00f3wna","item":"https:\/\/wm.pb.edu.pl\/iib\/"},{"@type":"ListItem","position":2,"name":"O Instytucie"}]},{"@type":"WebSite","@id":"https:\/\/wm.pb.edu.pl\/iib\/#website","url":"https:\/\/wm.pb.edu.pl\/iib\/","name":"Instytut In\u017cynierii Biomedycznej","description":"","potentialAction":[{"@type":"SearchAction","target":{"@type":"EntryPoint","urlTemplate":"https:\/\/wm.pb.edu.pl\/iib\/?s={search_term_string}"},"query-input":{"@type":"PropertyValueSpecification","valueRequired":true,"valueName":"search_term_string"}}],"inLanguage":"pl-PL"}]}},"_links":{"self":[{"href":"https:\/\/wm.pb.edu.pl\/iib\/wp-json\/wp\/v2\/pages\/17","targetHints":{"allow":["GET"]}}],"collection":[{"href":"https:\/\/wm.pb.edu.pl\/iib\/wp-json\/wp\/v2\/pages"}],"about":[{"href":"https:\/\/wm.pb.edu.pl\/iib\/wp-json\/wp\/v2\/types\/page"}],"author":[{"embeddable":true,"href":"https:\/\/wm.pb.edu.pl\/iib\/wp-json\/wp\/v2\/users\/2"}],"replies":[{"embeddable":true,"href":"https:\/\/wm.pb.edu.pl\/iib\/wp-json\/wp\/v2\/comments?post=17"}],"version-history":[{"count":16,"href":"https:\/\/wm.pb.edu.pl\/iib\/wp-json\/wp\/v2\/pages\/17\/revisions"}],"predecessor-version":[{"id":876,"href":"https:\/\/wm.pb.edu.pl\/iib\/wp-json\/wp\/v2\/pages\/17\/revisions\/876"}],"wp:attachment":[{"href":"https:\/\/wm.pb.edu.pl\/iib\/wp-json\/wp\/v2\/media?parent=17"}],"curies":[{"name":"wp","href":"https:\/\/api.w.org\/{rel}","templated":true}]}}