{"id":33,"date":"2018-06-26T12:11:21","date_gmt":"2018-06-26T10:11:21","guid":{"rendered":"https:\/\/wm.pb.edu.pl\/kbiib\/?page_id=33"},"modified":"2020-06-04T22:38:41","modified_gmt":"2020-06-04T20:38:41","slug":"aktualnosci","status":"publish","type":"page","link":"https:\/\/wm.pb.edu.pl\/iib\/aktualnosci\/","title":{"rendered":"Aktualno\u015bci"},"content":{"rendered":"  <div class=\"box news-box\">\r\n    <div class=\"row\">\r\n      <!--Array\n(\n    [post_type] => post\n    [paged] => 1\n    [orderby] => Array\n        (\n            [meta_value_num] => DESC\n            [date] => DESC\n        )\n\n    [meta_query] => Array\n        (\n            [relation] => OR\n            [0] => Array\n                (\n                    [key] => on_top\n                    [compare] => NOT EXISTS\n                )\n\n            [1] => Array\n                (\n                    [key] => on_top\n                )\n\n        )\n\n    [category__in] => 1\n)\n-->\r\n                        <div class=\"col-sm-3\">\r\n            <article class=\"format-standard\">\n    <span class=\"date text-right\"><i class=\"fa fa-calendar\"><\/i> 08-12-2025<\/span>\n    <a href=\"https:\/\/wm.pb.edu.pl\/iib\/2025\/12\/08\/wizyta-studyjna-w-bosni-i-hercegowinie-uniwersytet-w-banja-luce\/\">\n      <div class=\"article-image\">\n        <img loading=\"lazy\" decoding=\"async\" width=\"480\" height=\"320\" src=\"https:\/\/wm.pb.edu.pl\/iib\/wp-content\/uploads\/sites\/7\/2025\/12\/Banja-Luca-480x320.jpg\" class=\"attachment-hp-box-size size-hp-box-size wp-post-image\" alt=\"\" srcset=\"https:\/\/wm.pb.edu.pl\/iib\/wp-content\/uploads\/sites\/7\/2025\/12\/Banja-Luca-480x320.jpg 480w, https:\/\/wm.pb.edu.pl\/iib\/wp-content\/uploads\/sites\/7\/2025\/12\/Banja-Luca-300x200.jpg 300w, https:\/\/wm.pb.edu.pl\/iib\/wp-content\/uploads\/sites\/7\/2025\/12\/Banja-Luca-1024x683.jpg 1024w, https:\/\/wm.pb.edu.pl\/iib\/wp-content\/uploads\/sites\/7\/2025\/12\/Banja-Luca-768x512.jpg 768w, https:\/\/wm.pb.edu.pl\/iib\/wp-content\/uploads\/sites\/7\/2025\/12\/Banja-Luca.jpg 1386w\" sizes=\"auto, (max-width: 480px) 100vw, 480px\" \/>      <\/div>\n      <h3>Wizyta studyjna w Bo\u015bni i Hercegowinie \u2013 Uniwersytet w Banja Luce<\/h3>\n          <\/a>\n<\/article>          <\/div>\r\n                  <div class=\"col-sm-3\">\r\n            <article class=\"format-standard\">\n    <span class=\"date text-right\"><i class=\"fa fa-calendar\"><\/i> 06-03-2025<\/span>\n    <a href=\"https:\/\/wm.pb.edu.pl\/iib\/2025\/03\/06\/wizyta-studyjna-studentow-inzynierii-biomedycznej-w-klinice-chirurgii-szczekowej-umb\/\">\n      <div class=\"article-image\">\n        <img loading=\"lazy\" decoding=\"async\" width=\"480\" height=\"320\" src=\"https:\/\/wm.pb.edu.pl\/iib\/wp-content\/uploads\/sites\/7\/2025\/03\/Studenci-Inzynierii-Biomedycznej-na-Wizycie-Studyjnej-w-Klinice-Chirurgii-Szczekowej-480x320.jpg\" class=\"attachment-hp-box-size size-hp-box-size wp-post-image\" alt=\"\" \/>      <\/div>\n      <h3>Wizyta studyjna student\u00f3w in\u017cynierii biomedycznej w Klinice Chirurgii Szcz\u0119kowej UMB<\/h3>\n          <\/a>\n<\/article>          <\/div>\r\n                  <div class=\"col-sm-3\">\r\n            <article class=\"format-standard\">\n    <span class=\"date text-right\"><i class=\"fa fa-calendar\"><\/i> 13-01-2025<\/span>\n    <a href=\"https:\/\/wm.pb.edu.pl\/iib\/2025\/01\/13\/inzynieria-medyczna-rekrutacja-na-studia-drugiego-stopnia\/\">\n      <div class=\"article-image\">\n        <img loading=\"lazy\" decoding=\"async\" width=\"480\" height=\"320\" src=\"https:\/\/wm.pb.edu.pl\/iib\/wp-content\/uploads\/sites\/7\/2025\/01\/Laboratorium-Elektronicznej-Aparatury-Medycznej-480x320.jpg\" class=\"attachment-hp-box-size size-hp-box-size wp-post-image\" alt=\"\" \/>      <\/div>\n      <h3>In\u017cynieria medyczna &#8211; rekrutacja na studia drugiego stopnia<\/h3>\n      13 stycznia rozpocz\u0119\u0142a si\u0119 rekrutacja na studia stacjonarne II stopnia \u2714    <\/a>\n<\/article>          <\/div>\r\n                  <div class=\"col-sm-3\">\r\n            <article class=\"format-standard\">\n    <span class=\"date text-right\"><i class=\"fa fa-calendar\"><\/i> 05-04-2024<\/span>\n    <a href=\"https:\/\/wm.pb.edu.pl\/iib\/2024\/04\/05\/nowy-projekt-prof-jolanty-pauk\/\">\n      <div class=\"article-image\">\n        <img loading=\"lazy\" decoding=\"async\" width=\"480\" height=\"320\" src=\"https:\/\/wm.pb.edu.pl\/iib\/wp-content\/uploads\/sites\/7\/2024\/04\/Profesor-Jolanta-Pauk-3-480x320.jpg\" class=\"attachment-hp-box-size size-hp-box-size wp-post-image\" alt=\"\" \/>      <\/div>\n      <h3>Nowy projekt prof. Jolanty Pauk<\/h3>\n      Z dum\u0105 informujemy, \u017ce projekt &#8222;Identyfikacja i wdro\u017cenie kompetencji badawczych, transferu    <\/a>\n<\/article>          <\/div>\r\n                  <div class=\"col-sm-3\">\r\n            <article class=\"format-standard\">\n    <span class=\"date text-right\"><i class=\"fa fa-calendar\"><\/i> 02-03-2024<\/span>\n    <a href=\"https:\/\/wm.pb.edu.pl\/iib\/2024\/03\/02\/laboratorium-elektronicznej-aparatury-medycznej\/\">\n      <div class=\"article-image\">\n        <img loading=\"lazy\" decoding=\"async\" width=\"480\" height=\"320\" src=\"https:\/\/wm.pb.edu.pl\/iib\/wp-content\/uploads\/sites\/7\/2024\/03\/Otwarcie-laboratorium-elektronicznej-aparatury-medycznej-480x320.jpg\" class=\"attachment-hp-box-size size-hp-box-size wp-post-image\" alt=\"\" \/>      <\/div>\n      <h3>Otworzyli\u015bmy Laboratorium Elektronicznej Aparatury Medycznej<\/h3>\n      29 lutego 2024 roku Politechnika Bia\u0142ostocka otworzy\u0142a najnowocze\u015bniejsze w Polsce Laboratorium    <\/a>\n<\/article>          <\/div>\r\n                  <div class=\"col-sm-3\">\r\n            <article class=\"format-standard\">\n    <span class=\"date text-right\"><i class=\"fa fa-calendar\"><\/i> 20-02-2024<\/span>\n    <a href=\"https:\/\/wm.pb.edu.pl\/iib\/2024\/02\/20\/zmarl-dr-hab-inz-edward-oczeretko-prof-pb\/\">\n      <div class=\"article-image\">\n        <img loading=\"lazy\" decoding=\"async\" width=\"480\" height=\"320\" src=\"https:\/\/wm.pb.edu.pl\/iib\/wp-content\/uploads\/sites\/7\/2024\/02\/Edward-480x320.jpg\" class=\"attachment-hp-box-size size-hp-box-size wp-post-image\" alt=\"\" srcset=\"https:\/\/wm.pb.edu.pl\/iib\/wp-content\/uploads\/sites\/7\/2024\/02\/Edward-480x320.jpg 480w, https:\/\/wm.pb.edu.pl\/iib\/wp-content\/uploads\/sites\/7\/2024\/02\/Edward-300x200.jpg 300w, https:\/\/wm.pb.edu.pl\/iib\/wp-content\/uploads\/sites\/7\/2024\/02\/Edward-768x512.jpg 768w, https:\/\/wm.pb.edu.pl\/iib\/wp-content\/uploads\/sites\/7\/2024\/02\/Edward.jpg 810w\" sizes=\"auto, (max-width: 480px) 100vw, 480px\" \/>      <\/div>\n      <h3>Zmar\u0142 dr hab. in\u017c. Edward Oczeretko, prof. PB<\/h3>\n          <\/a>\n<\/article>          <\/div>\r\n                  <div class=\"col-sm-3\">\r\n            <article class=\"format-standard\">\n    <span class=\"date text-right\"><i class=\"fa fa-calendar\"><\/i> 30-11-2023<\/span>\n    <a href=\"https:\/\/wm.pb.edu.pl\/iib\/2023\/11\/30\/prof-jolanta-pauk-czlonkiem-komitetu-biocybernetyki-i-inzynierii-biomedycznej-pan\/\">\n      <div class=\"article-image\">\n        <img loading=\"lazy\" decoding=\"async\" width=\"480\" height=\"320\" src=\"https:\/\/wm.pb.edu.pl\/iib\/wp-content\/uploads\/sites\/7\/2023\/11\/Profesor-Jolanta-Pauk-2-480x320.jpg\" class=\"attachment-hp-box-size size-hp-box-size wp-post-image\" alt=\"\" \/>      <\/div>\n      <h3>Prof. Jolanta Pauk cz\u0142onkiem Komitetu Biocybernetyki i In\u017cynierii Biomedycznej PAN<\/h3>\n      Z przyjemno\u015bci\u0105 informujemy, \u017ce Dyrektor Instytutu In\u017cynierii Biomedycznej Prof. dr hab.    <\/a>\n<\/article>          <\/div>\r\n                  <div class=\"col-sm-3\">\r\n            <article class=\"format-standard\">\n    <span class=\"date text-right\"><i class=\"fa fa-calendar\"><\/i> 19-11-2023<\/span>\n    <a href=\"https:\/\/wm.pb.edu.pl\/iib\/2023\/11\/19\/malgorzata-zdrodowska-z-prestizowym-stypendium\/\">\n      <div class=\"article-image\">\n        <img loading=\"lazy\" decoding=\"async\" width=\"480\" height=\"320\" src=\"https:\/\/wm.pb.edu.pl\/iib\/wp-content\/uploads\/sites\/7\/2023\/11\/Gosia1-480x320.jpg\" class=\"attachment-hp-box-size size-hp-box-size wp-post-image\" alt=\"\" \/>      <\/div>\n      <h3>Ma\u0142gorzata Zdrodowska z presti\u017cowym stypendium<\/h3>\n      Mi\u0142o nam poinformowa\u0107, \u017ce mgr Ma\u0142gorzata Zdrodowska z Instytutu In\u017cynierii Biomedycznej    <\/a>\n<\/article>          <\/div>\r\n                  <div class=\"col-sm-3\">\r\n            <article class=\"format-standard\">\n    <span class=\"date text-right\"><i class=\"fa fa-calendar\"><\/i> 17-11-2023<\/span>\n    <a href=\"https:\/\/wm.pb.edu.pl\/iib\/2023\/11\/17\/nowe-laboratorium-elektronicznej-aparatury-medycznej\/\">\n      <div class=\"article-image\">\n        <img loading=\"lazy\" decoding=\"async\" width=\"480\" height=\"320\" src=\"https:\/\/wm.pb.edu.pl\/iib\/wp-content\/uploads\/sites\/7\/2023\/11\/Biomeditek1-480x320.jpg\" class=\"attachment-hp-box-size size-hp-box-size wp-post-image\" alt=\"\" \/>      <\/div>\n      <h3>Nowe Laboratorium Elektronicznej Aparatury Medycznej<\/h3>\n      Mi\u0142o nam poinformowa\u0107, \u017ce firma Biameditek &#8211; sprz\u0119t medyczny wraz z    <\/a>\n<\/article>          <\/div>\r\n                  <div class=\"col-sm-3\">\r\n            <article class=\"format-standard\">\n    <span class=\"date text-right\"><i class=\"fa fa-calendar\"><\/i> 04-11-2023<\/span>\n    <a href=\"https:\/\/wm.pb.edu.pl\/iib\/2023\/11\/04\/dzialania-projektowe-w-ramach-healthtek\/\">\n      <div class=\"article-image\">\n        <img loading=\"lazy\" decoding=\"async\" width=\"480\" height=\"320\" src=\"https:\/\/wm.pb.edu.pl\/iib\/wp-content\/uploads\/sites\/7\/2023\/11\/Dzialania-projektowe-w-ramach-HealthTEK-480x320.jpg\" class=\"attachment-hp-box-size size-hp-box-size wp-post-image\" alt=\"\" srcset=\"https:\/\/wm.pb.edu.pl\/iib\/wp-content\/uploads\/sites\/7\/2023\/11\/Dzialania-projektowe-w-ramach-HealthTEK-480x320.jpg 480w, https:\/\/wm.pb.edu.pl\/iib\/wp-content\/uploads\/sites\/7\/2023\/11\/Dzialania-projektowe-w-ramach-HealthTEK-300x200.jpg 300w, https:\/\/wm.pb.edu.pl\/iib\/wp-content\/uploads\/sites\/7\/2023\/11\/Dzialania-projektowe-w-ramach-HealthTEK-1024x683.jpg 1024w, https:\/\/wm.pb.edu.pl\/iib\/wp-content\/uploads\/sites\/7\/2023\/11\/Dzialania-projektowe-w-ramach-HealthTEK-768x512.jpg 768w, https:\/\/wm.pb.edu.pl\/iib\/wp-content\/uploads\/sites\/7\/2023\/11\/Dzialania-projektowe-w-ramach-HealthTEK-1536x1025.jpg 1536w, https:\/\/wm.pb.edu.pl\/iib\/wp-content\/uploads\/sites\/7\/2023\/11\/Dzialania-projektowe-w-ramach-HealthTEK.jpg 2048w\" sizes=\"auto, (max-width: 480px) 100vw, 480px\" \/>      <\/div>\n      <h3>Dzia\u0142ania projektowe w ramach HealthTEK<\/h3>\n          <\/a>\n<\/article>          <\/div>\r\n                  <div class=\"col-sm-3\">\r\n            <article class=\"format-standard\">\n    <span class=\"date text-right\"><i class=\"fa fa-calendar\"><\/i> 31-10-2023<\/span>\n    <a href=\"https:\/\/wm.pb.edu.pl\/iib\/2023\/10\/31\/xiv-miedzynarodowa-konferencja-biomdlore-2023-za-nami\/\">\n      <div class=\"article-image\">\n        <img loading=\"lazy\" decoding=\"async\" width=\"480\" height=\"320\" src=\"https:\/\/wm.pb.edu.pl\/iib\/wp-content\/uploads\/sites\/7\/2023\/10\/Profesor-Jolanta-Pauk-480x320.jpg\" class=\"attachment-hp-box-size size-hp-box-size wp-post-image\" alt=\"\" srcset=\"https:\/\/wm.pb.edu.pl\/iib\/wp-content\/uploads\/sites\/7\/2023\/10\/Profesor-Jolanta-Pauk-480x320.jpg 480w, https:\/\/wm.pb.edu.pl\/iib\/wp-content\/uploads\/sites\/7\/2023\/10\/Profesor-Jolanta-Pauk-300x200.jpg 300w, https:\/\/wm.pb.edu.pl\/iib\/wp-content\/uploads\/sites\/7\/2023\/10\/Profesor-Jolanta-Pauk-1024x682.jpg 1024w, https:\/\/wm.pb.edu.pl\/iib\/wp-content\/uploads\/sites\/7\/2023\/10\/Profesor-Jolanta-Pauk-768x512.jpg 768w, https:\/\/wm.pb.edu.pl\/iib\/wp-content\/uploads\/sites\/7\/2023\/10\/Profesor-Jolanta-Pauk-1536x1024.jpg 1536w, https:\/\/wm.pb.edu.pl\/iib\/wp-content\/uploads\/sites\/7\/2023\/10\/Profesor-Jolanta-Pauk.jpg 2000w\" sizes=\"auto, (max-width: 480px) 100vw, 480px\" \/>      <\/div>\n      <h3>XIV. Mi\u0119dzynarodowa Konferencja BIOMDLORE 2023 za nami<\/h3>\n          <\/a>\n<\/article>          <\/div>\r\n                  <div class=\"col-sm-3\">\r\n            <article class=\"format-standard\">\n    <span class=\"date text-right\"><i class=\"fa fa-calendar\"><\/i> 19-10-2023<\/span>\n    <a href=\"https:\/\/wm.pb.edu.pl\/iib\/2023\/10\/19\/xiv-miedzynarodowa-konferencja-biomdlore-2023-ze-wsparciem-strategicznym-wojewodztwa-podlaskiego\/\">\n      <div class=\"article-image\">\n        <img loading=\"lazy\" decoding=\"async\" width=\"480\" height=\"320\" src=\"https:\/\/wm.pb.edu.pl\/iib\/wp-content\/uploads\/sites\/7\/2023\/10\/Biomdlore-plakat-480x320.jpg\" class=\"attachment-hp-box-size size-hp-box-size wp-post-image\" alt=\"\" srcset=\"https:\/\/wm.pb.edu.pl\/iib\/wp-content\/uploads\/sites\/7\/2023\/10\/Biomdlore-plakat-480x320.jpg 480w, https:\/\/wm.pb.edu.pl\/iib\/wp-content\/uploads\/sites\/7\/2023\/10\/Biomdlore-plakat-300x200.jpg 300w, https:\/\/wm.pb.edu.pl\/iib\/wp-content\/uploads\/sites\/7\/2023\/10\/Biomdlore-plakat.jpg 768w\" sizes=\"auto, (max-width: 480px) 100vw, 480px\" \/>      <\/div>\n      <h3>XIV Mi\u0119dzynarodowa Konferencja BIOMDLORE 2023 ze wsparciem strategicznym Wojew\u00f3dztwa Podlaskiego<\/h3>\n          <\/a>\n<\/article>          <\/div>\r\n                  <\/div>\r\n    \n\t<nav class=\"navigation pagination\" aria-label=\"Stronicowanie wpis\u00f3w\">\n\t\t<h2 class=\"screen-reader-text\">Stronicowanie wpis\u00f3w<\/h2>\n\t\t<div class=\"nav-links\"><span aria-current=\"page\" class=\"page-numbers current\">1<\/span>\n<a class=\"page-numbers\" href=\"https:\/\/wm.pb.edu.pl\/iib\/wp-json\/wp\/v2\/pages\/33\/page\/2\/\">2<\/a>\n<a class=\"page-numbers\" href=\"https:\/\/wm.pb.edu.pl\/iib\/wp-json\/wp\/v2\/pages\/33\/page\/3\/\">3<\/a>\n<span class=\"page-numbers dots\">&hellip;<\/span>\n<a class=\"page-numbers\" href=\"https:\/\/wm.pb.edu.pl\/iib\/wp-json\/wp\/v2\/pages\/33\/page\/5\/\">5<\/a>\n<a class=\"next page-numbers\" href=\"https:\/\/wm.pb.edu.pl\/iib\/wp-json\/wp\/v2\/pages\/33\/page\/2\/\">Nast\u0119pne<\/a><\/div>\n\t<\/nav>      <\/div>\r\n\n","protected":false},"excerpt":{"rendered":"","protected":false},"author":5,"featured_media":0,"parent":0,"menu_order":2,"comment_status":"closed","ping_status":"closed","template":"","meta":{"inline_featured_image":false,"ngg_post_thumbnail":0,"footnotes":""},"class_list":["post-33","page","type-page","status-publish","hentry"],"acf":[],"yoast_head":"<!-- This site is optimized with the Yoast SEO plugin v26.4 - https:\/\/yoast.com\/wordpress\/plugins\/seo\/ -->\n<title>Aktualno\u015bci - Instytut In\u017cynierii Biomedycznej<\/title>\n<meta name=\"robots\" content=\"index, follow, max-snippet:-1, max-image-preview:large, max-video-preview:-1\" \/>\n<link rel=\"canonical\" href=\"https:\/\/wm.pb.edu.pl\/iib\/aktualnosci\/\" \/>\n<meta property=\"og:locale\" content=\"pl_PL\" \/>\n<meta property=\"og:type\" content=\"article\" \/>\n<meta property=\"og:title\" content=\"Aktualno\u015bci - Instytut In\u017cynierii Biomedycznej\" \/>\n<meta property=\"og:url\" content=\"https:\/\/wm.pb.edu.pl\/iib\/aktualnosci\/\" \/>\n<meta property=\"og:site_name\" content=\"Instytut In\u017cynierii Biomedycznej\" \/>\n<meta property=\"article:modified_time\" content=\"2020-06-04T20:38:41+00:00\" \/>\n<meta name=\"twitter:card\" content=\"summary_large_image\" \/>\n<script type=\"application\/ld+json\" class=\"yoast-schema-graph\">{\"@context\":\"https:\/\/schema.org\",\"@graph\":[{\"@type\":\"WebPage\",\"@id\":\"https:\/\/wm.pb.edu.pl\/iib\/aktualnosci\/\",\"url\":\"https:\/\/wm.pb.edu.pl\/iib\/aktualnosci\/\",\"name\":\"Aktualno\u015bci - Instytut In\u017cynierii Biomedycznej\",\"isPartOf\":{\"@id\":\"https:\/\/wm.pb.edu.pl\/iib\/#website\"},\"datePublished\":\"2018-06-26T10:11:21+00:00\",\"dateModified\":\"2020-06-04T20:38:41+00:00\",\"breadcrumb\":{\"@id\":\"https:\/\/wm.pb.edu.pl\/iib\/aktualnosci\/#breadcrumb\"},\"inLanguage\":\"pl-PL\",\"potentialAction\":[{\"@type\":\"ReadAction\",\"target\":[\"https:\/\/wm.pb.edu.pl\/iib\/aktualnosci\/\"]}]},{\"@type\":\"BreadcrumbList\",\"@id\":\"https:\/\/wm.pb.edu.pl\/iib\/aktualnosci\/#breadcrumb\",\"itemListElement\":[{\"@type\":\"ListItem\",\"position\":1,\"name\":\"Strona g\u0142\u00f3wna\",\"item\":\"https:\/\/wm.pb.edu.pl\/iib\/\"},{\"@type\":\"ListItem\",\"position\":2,\"name\":\"Aktualno\u015bci\"}]},{\"@type\":\"WebSite\",\"@id\":\"https:\/\/wm.pb.edu.pl\/iib\/#website\",\"url\":\"https:\/\/wm.pb.edu.pl\/iib\/\",\"name\":\"Instytut In\u017cynierii Biomedycznej\",\"description\":\"\",\"potentialAction\":[{\"@type\":\"SearchAction\",\"target\":{\"@type\":\"EntryPoint\",\"urlTemplate\":\"https:\/\/wm.pb.edu.pl\/iib\/?s={search_term_string}\"},\"query-input\":{\"@type\":\"PropertyValueSpecification\",\"valueRequired\":true,\"valueName\":\"search_term_string\"}}],\"inLanguage\":\"pl-PL\"}]}<\/script>\n<!-- \/ Yoast SEO plugin. -->","yoast_head_json":{"title":"Aktualno\u015bci - Instytut In\u017cynierii Biomedycznej","robots":{"index":"index","follow":"follow","max-snippet":"max-snippet:-1","max-image-preview":"max-image-preview:large","max-video-preview":"max-video-preview:-1"},"canonical":"https:\/\/wm.pb.edu.pl\/iib\/aktualnosci\/","og_locale":"pl_PL","og_type":"article","og_title":"Aktualno\u015bci - Instytut In\u017cynierii Biomedycznej","og_url":"https:\/\/wm.pb.edu.pl\/iib\/aktualnosci\/","og_site_name":"Instytut In\u017cynierii Biomedycznej","article_modified_time":"2020-06-04T20:38:41+00:00","twitter_card":"summary_large_image","schema":{"@context":"https:\/\/schema.org","@graph":[{"@type":"WebPage","@id":"https:\/\/wm.pb.edu.pl\/iib\/aktualnosci\/","url":"https:\/\/wm.pb.edu.pl\/iib\/aktualnosci\/","name":"Aktualno\u015bci - Instytut In\u017cynierii Biomedycznej","isPartOf":{"@id":"https:\/\/wm.pb.edu.pl\/iib\/#website"},"datePublished":"2018-06-26T10:11:21+00:00","dateModified":"2020-06-04T20:38:41+00:00","breadcrumb":{"@id":"https:\/\/wm.pb.edu.pl\/iib\/aktualnosci\/#breadcrumb"},"inLanguage":"pl-PL","potentialAction":[{"@type":"ReadAction","target":["https:\/\/wm.pb.edu.pl\/iib\/aktualnosci\/"]}]},{"@type":"BreadcrumbList","@id":"https:\/\/wm.pb.edu.pl\/iib\/aktualnosci\/#breadcrumb","itemListElement":[{"@type":"ListItem","position":1,"name":"Strona g\u0142\u00f3wna","item":"https:\/\/wm.pb.edu.pl\/iib\/"},{"@type":"ListItem","position":2,"name":"Aktualno\u015bci"}]},{"@type":"WebSite","@id":"https:\/\/wm.pb.edu.pl\/iib\/#website","url":"https:\/\/wm.pb.edu.pl\/iib\/","name":"Instytut In\u017cynierii Biomedycznej","description":"","potentialAction":[{"@type":"SearchAction","target":{"@type":"EntryPoint","urlTemplate":"https:\/\/wm.pb.edu.pl\/iib\/?s={search_term_string}"},"query-input":{"@type":"PropertyValueSpecification","valueRequired":true,"valueName":"search_term_string"}}],"inLanguage":"pl-PL"}]}},"_links":{"self":[{"href":"https:\/\/wm.pb.edu.pl\/iib\/wp-json\/wp\/v2\/pages\/33","targetHints":{"allow":["GET"]}}],"collection":[{"href":"https:\/\/wm.pb.edu.pl\/iib\/wp-json\/wp\/v2\/pages"}],"about":[{"href":"https:\/\/wm.pb.edu.pl\/iib\/wp-json\/wp\/v2\/types\/page"}],"author":[{"embeddable":true,"href":"https:\/\/wm.pb.edu.pl\/iib\/wp-json\/wp\/v2\/users\/5"}],"replies":[{"embeddable":true,"href":"https:\/\/wm.pb.edu.pl\/iib\/wp-json\/wp\/v2\/comments?post=33"}],"version-history":[{"count":2,"href":"https:\/\/wm.pb.edu.pl\/iib\/wp-json\/wp\/v2\/pages\/33\/revisions"}],"predecessor-version":[{"id":111,"href":"https:\/\/wm.pb.edu.pl\/iib\/wp-json\/wp\/v2\/pages\/33\/revisions\/111"}],"wp:attachment":[{"href":"https:\/\/wm.pb.edu.pl\/iib\/wp-json\/wp\/v2\/media?parent=33"}],"curies":[{"name":"wp","href":"https:\/\/api.w.org\/{rel}","templated":true}]}}