{"id":376,"date":"2022-01-17T13:09:11","date_gmt":"2022-01-17T12:09:11","guid":{"rendered":"https:\/\/wm.pb.edu.pl\/iib\/?page_id=376"},"modified":"2025-10-02T12:56:06","modified_gmt":"2025-10-02T10:56:06","slug":"zaklad-biomaterialow-i-inzynierii-wyrobow-medycznych","status":"publish","type":"page","link":"https:\/\/wm.pb.edu.pl\/iib\/zaklad-biomaterialow-i-inzynierii-wyrobow-medycznych\/","title":{"rendered":"Zak\u0142ad Biomateria\u0142\u00f3w i In\u017cynierii Wyrob\u00f3w Medycznych"},"content":{"rendered":"<div class=\"row\">\n<div class=\"col-sm-12\">\n<p><img loading=\"lazy\" decoding=\"async\" class=\"size-medium wp-image-499 aligncenter\" src=\"https:\/\/wm.pb.edu.pl\/iib\/wp-content\/uploads\/sites\/7\/2022\/02\/j-300x200.jpg\" alt=\"dr hab. in\u017c. Joanna Mystkowska, prof. PB\" width=\"300\" height=\"200\" srcset=\"https:\/\/wm.pb.edu.pl\/iib\/wp-content\/uploads\/sites\/7\/2022\/02\/j-300x200.jpg 300w, https:\/\/wm.pb.edu.pl\/iib\/wp-content\/uploads\/sites\/7\/2022\/02\/j-1024x683.jpg 1024w, https:\/\/wm.pb.edu.pl\/iib\/wp-content\/uploads\/sites\/7\/2022\/02\/j-768x512.jpg 768w, https:\/\/wm.pb.edu.pl\/iib\/wp-content\/uploads\/sites\/7\/2022\/02\/j-480x320.jpg 480w, https:\/\/wm.pb.edu.pl\/iib\/wp-content\/uploads\/sites\/7\/2022\/02\/j.jpg 1326w\" sizes=\"auto, (max-width: 300px) 100vw, 300px\" \/><\/p>\n<p style=\"text-align: center\">dr hab. in\u017c. Joanna Mystkowska, prof. PB<\/p>\n<p style=\"text-align: center\"><strong>Kierownik Zak\u0142adu<\/strong><br \/>\n<strong><a title=\"Otworzy si\u0119 w nowej karcie\" href=\"https:\/\/bazawiedzy.pb.edu.pl\/info\/author\/BUTeb217e421caa42278c009f050bad1f96\/Joanna%2BMystkowska?r=affiliation&amp;lang=pl&amp;cid=186524\" target=\"_blank\" rel=\"noopener noreferrer\">Baza wiedzy PB<\/a><\/strong><\/p>\n<p style=\"text-align: center\"><i class=\"fa fa-envelope-o\"><\/i>&nbsp;j.mystkowska[at]pb.edu.pl<\/p>\n<p style=\"text-align: center\">571-443-083, pok\u00f3j WM-303<\/p>\n<\/div>\n<\/div>\n<div class=\"row\">\n<div class=\"col-sm-4\">\n<p>&nbsp;<\/p>\n<p style=\"text-align: center\">&nbsp;<\/p>\n<\/div>\n<div class=\"col-sm-4\">\n<p style=\"text-align: center\"><img loading=\"lazy\" decoding=\"async\" class=\"size-medium wp-image-488 aligncenter\" src=\"https:\/\/wm.pb.edu.pl\/iib\/wp-content\/uploads\/sites\/7\/2022\/02\/zbigniew-oksiuta-300x200.jpg\" alt=\"dr hab. in\u017c. Zbigniew Oksiuta, prof. PB\" width=\"300\" height=\"200\" srcset=\"https:\/\/wm.pb.edu.pl\/iib\/wp-content\/uploads\/sites\/7\/2022\/02\/zbigniew-oksiuta-300x200.jpg 300w, https:\/\/wm.pb.edu.pl\/iib\/wp-content\/uploads\/sites\/7\/2022\/02\/zbigniew-oksiuta-1024x683.jpg 1024w, https:\/\/wm.pb.edu.pl\/iib\/wp-content\/uploads\/sites\/7\/2022\/02\/zbigniew-oksiuta-768x512.jpg 768w, https:\/\/wm.pb.edu.pl\/iib\/wp-content\/uploads\/sites\/7\/2022\/02\/zbigniew-oksiuta-480x320.jpg 480w, https:\/\/wm.pb.edu.pl\/iib\/wp-content\/uploads\/sites\/7\/2022\/02\/zbigniew-oksiuta.jpg 1200w\" sizes=\"auto, (max-width: 300px) 100vw, 300px\" \/><\/p>\n<p style=\"text-align: center\">dr hab. in\u017c. Zbigniew Oksiuta, prof. PB<\/p>\n<p style=\"text-align: center\"><strong><a title=\"Otworzy si\u0119 w nowej karcie\" href=\"https:\/\/bazawiedzy.pb.edu.pl\/info\/author\/BUT232b7e050b3845879ded648f5e1094e1\/Zbigniew%2BOksiuta?r=affiliation&amp;lang=pl&amp;cid=186536\" target=\"_blank\" rel=\"noopener noreferrer\">Baza wiedzy PB<\/a><\/strong><\/p>\n<p style=\"text-align: center\"><i class=\"fa fa-envelope-o\"><\/i> z.oksiuta[at]pb.edu.pl<\/p>\n<p style=\"text-align: center\">571-443-114, pok\u00f3j WM-307<span style=\"font-size: 1.5rem\">&nbsp;<\/span><\/p>\n<\/div>\n<div class=\"col-sm-4\">\n<p><img loading=\"lazy\" decoding=\"async\" class=\"size-medium wp-image-505 aligncenter\" src=\"https:\/\/wm.pb.edu.pl\/iib\/wp-content\/uploads\/sites\/7\/2022\/02\/szczepan-piszczatowski-1-300x200.jpg\" alt=\"dr hab. in\u017c. Szczepan Piszczatowski, prof. PB\" width=\"300\" height=\"200\" srcset=\"https:\/\/wm.pb.edu.pl\/iib\/wp-content\/uploads\/sites\/7\/2022\/02\/szczepan-piszczatowski-1-300x200.jpg 300w, https:\/\/wm.pb.edu.pl\/iib\/wp-content\/uploads\/sites\/7\/2022\/02\/szczepan-piszczatowski-1-1024x683.jpg 1024w, https:\/\/wm.pb.edu.pl\/iib\/wp-content\/uploads\/sites\/7\/2022\/02\/szczepan-piszczatowski-1-768x512.jpg 768w, https:\/\/wm.pb.edu.pl\/iib\/wp-content\/uploads\/sites\/7\/2022\/02\/szczepan-piszczatowski-1-480x320.jpg 480w, https:\/\/wm.pb.edu.pl\/iib\/wp-content\/uploads\/sites\/7\/2022\/02\/szczepan-piszczatowski-1.jpg 1200w\" sizes=\"auto, (max-width: 300px) 100vw, 300px\" \/><\/p>\n<p style=\"text-align: center\">dr hab. in\u017c. Szczepan Piszczatowski, prof. PB<br \/>\n<strong><a title=\"Otworzy si\u0119 w nowej karcie\" href=\"https:\/\/bazawiedzy.pb.edu.pl\/info\/author\/BUTc6c51d981ac14190b71ca9d4f473e9dc\/Szczepan%2BPiszczatowski?r=affiliation&amp;lang=pl&amp;cid=186513\" target=\"_blank\" rel=\"noopener noreferrer\">Baza wiedzy PB<\/a><\/strong><\/p>\n<p style=\"text-align: center\"><i class=\"fa fa-envelope-o\"><\/i>&nbsp;s.piszczatowski[at]pb.edu.pl<\/p>\n<p style=\"text-align: center\">571-443-085, pok\u00f3j WM-329<\/p>\n<\/div>\n<\/div>\n<div class=\"row\" style=\"text-align: center\">&nbsp;<\/div>\n<div class=\"row\" style=\"text-align: center\">\n<div class=\"col-sm-4\">\n<p>&nbsp;<\/p>\n<\/div>\n<\/div>\n<div class=\"row\" style=\"text-align: center\">&nbsp;<\/div>\n<div class=\"row\" style=\"text-align: center\">\n<div class=\"col-sm-4\">\n<p><img loading=\"lazy\" decoding=\"async\" class=\"alignnone wp-image-754 size-medium\" src=\"https:\/\/wm.pb.edu.pl\/iib\/wp-content\/uploads\/sites\/7\/2023\/02\/Agata-Baranowska-300x200.jpg\" alt=\"dr in\u017c. Agata Baranowska\" width=\"300\" height=\"200\" srcset=\"https:\/\/wm.pb.edu.pl\/iib\/wp-content\/uploads\/sites\/7\/2023\/02\/Agata-Baranowska-300x200.jpg 300w, https:\/\/wm.pb.edu.pl\/iib\/wp-content\/uploads\/sites\/7\/2023\/02\/Agata-Baranowska-1024x683.jpg 1024w, https:\/\/wm.pb.edu.pl\/iib\/wp-content\/uploads\/sites\/7\/2023\/02\/Agata-Baranowska-768x512.jpg 768w, https:\/\/wm.pb.edu.pl\/iib\/wp-content\/uploads\/sites\/7\/2023\/02\/Agata-Baranowska-480x320.jpg 480w, https:\/\/wm.pb.edu.pl\/iib\/wp-content\/uploads\/sites\/7\/2023\/02\/Agata-Baranowska.jpg 1209w\" sizes=\"auto, (max-width: 300px) 100vw, 300px\" \/><\/p>\n<p>dr in\u017c. Agata Baranowska<br \/>\n<strong><a title=\"Otworzy si\u0119 w nowej karcie\" href=\"https:\/\/bazawiedzy.pb.edu.pl\/info\/author\/BUT33b370dbaeb14606bdd96c5702348296\/Agata%2BBaranowska?r=affiliation&amp;lang=pl&amp;cid=186562\" target=\"_blank\" rel=\"noopener noreferrer\">Baza wiedzy PB<\/a><\/strong><\/p>\n<p><i class=\"fa fa-envelope-o\"><\/i>&nbsp;a.baranowska[at]pb.edu.pl<\/p>\n<p>571-443-069, pok\u00f3j WM-323<\/p>\n<\/div>\n<div class=\"col-sm-4\">\n<p><img loading=\"lazy\" decoding=\"async\" class=\"alignnone wp-image-333 size-medium\" src=\"https:\/\/wm.pb.edu.pl\/iib\/wp-content\/uploads\/sites\/7\/2021\/11\/marcin_klekotka-300x200.jpg\" alt=\"dr Marcin Klekotka\" width=\"300\" height=\"200\" srcset=\"https:\/\/wm.pb.edu.pl\/iib\/wp-content\/uploads\/sites\/7\/2021\/11\/marcin_klekotka-300x200.jpg 300w, https:\/\/wm.pb.edu.pl\/iib\/wp-content\/uploads\/sites\/7\/2021\/11\/marcin_klekotka-1024x683.jpg 1024w, https:\/\/wm.pb.edu.pl\/iib\/wp-content\/uploads\/sites\/7\/2021\/11\/marcin_klekotka-768x512.jpg 768w, https:\/\/wm.pb.edu.pl\/iib\/wp-content\/uploads\/sites\/7\/2021\/11\/marcin_klekotka-480x320.jpg 480w, https:\/\/wm.pb.edu.pl\/iib\/wp-content\/uploads\/sites\/7\/2021\/11\/marcin_klekotka.jpg 1200w\" sizes=\"auto, (max-width: 300px) 100vw, 300px\" \/><\/p>\n<p>dr Marcin Klekotka<br \/>\n<strong><a title=\"Otworzy si\u0119 w nowej karcie\" href=\"https:\/\/bazawiedzy.pb.edu.pl\/info\/author\/BUTfae1afc175a44d0080764709284f46e6\/Marcin%2BKlekotka?r=affiliation&amp;lang=pl&amp;cid=186549\" target=\"_blank\" rel=\"noopener noreferrer\">Baza wiedzy PB<\/a><\/strong><\/p>\n<p><i class=\"fa fa-envelope-o\"><\/i>&nbsp;m.klekotka[at]pb.edu.pl<\/p>\n<p>500-003-866, pok\u00f3j WM-305<\/p>\n<\/div>\n<div class=\"col-sm-4\">\n<p><img loading=\"lazy\" decoding=\"async\" class=\"alignnone wp-image-479 size-medium\" src=\"https:\/\/wm.pb.edu.pl\/iib\/wp-content\/uploads\/sites\/7\/2022\/02\/dawid-lysik-300x200.jpg\" alt=\"dr in\u017c. Dawid \u0141ysik\" width=\"300\" height=\"200\" srcset=\"https:\/\/wm.pb.edu.pl\/iib\/wp-content\/uploads\/sites\/7\/2022\/02\/dawid-lysik-300x200.jpg 300w, https:\/\/wm.pb.edu.pl\/iib\/wp-content\/uploads\/sites\/7\/2022\/02\/dawid-lysik-1024x683.jpg 1024w, https:\/\/wm.pb.edu.pl\/iib\/wp-content\/uploads\/sites\/7\/2022\/02\/dawid-lysik-768x512.jpg 768w, https:\/\/wm.pb.edu.pl\/iib\/wp-content\/uploads\/sites\/7\/2022\/02\/dawid-lysik-480x320.jpg 480w, https:\/\/wm.pb.edu.pl\/iib\/wp-content\/uploads\/sites\/7\/2022\/02\/dawid-lysik.jpg 1200w\" sizes=\"auto, (max-width: 300px) 100vw, 300px\" \/><\/p>\n<p>dr in\u017c. Dawid \u0141ysik<br \/>\n<strong><a title=\"Otworzy si\u0119 w nowej karcie\" href=\"https:\/\/bazawiedzy.pb.edu.pl\/info\/author\/BUTb114d347291744bf8324c9c76a733d0e\/Dawid%2B%25C5%2581ysik?r=affiliation&amp;lang=pl&amp;cid=186564\">Baza wiedzy PB<\/a><\/strong><\/p>\n<p><i class=\"fa fa-envelope-o\"><\/i>&nbsp;d.lysik[at]pb.edu.pl<\/p>\n<p>571-443-080, pok\u00f3j WM-305<\/p>\n<\/div>\n<div class=\"col-sm-4\">\n<p><img loading=\"lazy\" decoding=\"async\" class=\"alignnone size-medium wp-image-492\" src=\"https:\/\/wm.pb.edu.pl\/iib\/wp-content\/uploads\/sites\/7\/2022\/02\/piotr-prochor-300x200.jpg\" alt=\"dr in\u017c. Piotr Prochor\" width=\"300\" height=\"200\" srcset=\"https:\/\/wm.pb.edu.pl\/iib\/wp-content\/uploads\/sites\/7\/2022\/02\/piotr-prochor-300x200.jpg 300w, https:\/\/wm.pb.edu.pl\/iib\/wp-content\/uploads\/sites\/7\/2022\/02\/piotr-prochor-1024x683.jpg 1024w, https:\/\/wm.pb.edu.pl\/iib\/wp-content\/uploads\/sites\/7\/2022\/02\/piotr-prochor-768x512.jpg 768w, https:\/\/wm.pb.edu.pl\/iib\/wp-content\/uploads\/sites\/7\/2022\/02\/piotr-prochor-480x320.jpg 480w, https:\/\/wm.pb.edu.pl\/iib\/wp-content\/uploads\/sites\/7\/2022\/02\/piotr-prochor.jpg 1200w\" sizes=\"auto, (max-width: 300px) 100vw, 300px\" \/><\/p>\n<p>dr in\u017c. Piotr Prochor<br \/>\n<strong><a title=\"Otworzy si\u0119 w nowej karcie\" href=\"https:\/\/bazawiedzy.pb.edu.pl\/info\/author\/BUTc158f8c4e8674afdb9056d712c3409e3\/Piotr%2BProchor?r=affiliation&amp;lang=pl&amp;cid=186547\" target=\"_blank\" rel=\"noopener noreferrer\">Baza wiedzy PB<\/a><\/strong><\/p>\n<p><i class=\"fa fa-envelope-o\"><\/i>&nbsp; p.prochor[at]pb.edu.pl<\/p>\n<p>571-443-048, pok\u00f3j WM-327<\/p>\n<\/div>\n<div class=\"col-sm-4\">\n<p><img loading=\"lazy\" decoding=\"async\" class=\"alignnone wp-image-623 \" src=\"https:\/\/wm.pb.edu.pl\/iib\/wp-content\/uploads\/sites\/7\/2022\/03\/Eliza-R-scaled-e1646163202179-300x244.jpg\" alt=\"dr in\u017c. Eliza Roma\u0144czuk-Ruszuk\" width=\"246\" height=\"200\" srcset=\"https:\/\/wm.pb.edu.pl\/iib\/wp-content\/uploads\/sites\/7\/2022\/03\/Eliza-R-scaled-e1646163202179-300x244.jpg 300w, https:\/\/wm.pb.edu.pl\/iib\/wp-content\/uploads\/sites\/7\/2022\/03\/Eliza-R-scaled-e1646163202179-1024x831.jpg 1024w, https:\/\/wm.pb.edu.pl\/iib\/wp-content\/uploads\/sites\/7\/2022\/03\/Eliza-R-scaled-e1646163202179-768x624.jpg 768w, https:\/\/wm.pb.edu.pl\/iib\/wp-content\/uploads\/sites\/7\/2022\/03\/Eliza-R-scaled-e1646163202179-1536x1247.jpg 1536w, https:\/\/wm.pb.edu.pl\/iib\/wp-content\/uploads\/sites\/7\/2022\/03\/Eliza-R-scaled-e1646163202179-2048x1663.jpg 2048w\" sizes=\"auto, (max-width: 246px) 100vw, 246px\" \/><\/p>\n<p>dr in\u017c. Eliza Roma\u0144czuk-Ruszuk<br \/>\n<strong><a title=\"Otworzy si\u0119 w nowej karcie\" href=\"https:\/\/bazawiedzy.pb.edu.pl\/info\/author\/BUT4e6715b5736a4e5e967394e34c99f379?r=author&amp;tab=&amp;title=Profil%2Bosoby%2B%25E2%2580%2593%2BEliza%2BRoma%25C5%2584czuk-Ruszuk%2B%25E2%2580%2593%2BPolitechnika%2BBia%25C5%2582ostocka&amp;lang=pl&amp;qp=\" target=\"_blank\" rel=\"noopener noreferrer\">Baza wiedzy PB<\/a><\/strong><\/p>\n<p><i class=\"fa fa-envelope-o\"><\/i>&nbsp;e.romanczuk[at]pb.edu.pl<\/p>\n<p>571-443-098, pok\u00f3j WM-323<\/p>\n<\/div>\n<div class=\"row\">\n<div class=\"col-sm-4\" style=\"text-align: center\">\n<p><img loading=\"lazy\" decoding=\"async\" class=\"alignnone size-medium wp-image-482\" src=\"https:\/\/wm.pb.edu.pl\/iib\/wp-content\/uploads\/sites\/7\/2022\/02\/justyna-skubich-300x200.jpg\" alt=\"mgr in\u017c. Justyna Skubich\" width=\"300\" height=\"200\" srcset=\"https:\/\/wm.pb.edu.pl\/iib\/wp-content\/uploads\/sites\/7\/2022\/02\/justyna-skubich-300x200.jpg 300w, https:\/\/wm.pb.edu.pl\/iib\/wp-content\/uploads\/sites\/7\/2022\/02\/justyna-skubich-1024x683.jpg 1024w, https:\/\/wm.pb.edu.pl\/iib\/wp-content\/uploads\/sites\/7\/2022\/02\/justyna-skubich-768x512.jpg 768w, https:\/\/wm.pb.edu.pl\/iib\/wp-content\/uploads\/sites\/7\/2022\/02\/justyna-skubich-480x320.jpg 480w, https:\/\/wm.pb.edu.pl\/iib\/wp-content\/uploads\/sites\/7\/2022\/02\/justyna-skubich.jpg 1200w\" sizes=\"auto, (max-width: 300px) 100vw, 300px\" \/><\/p>\n<p>dr in\u017c. Justyna Skubich<br \/>\n<strong><a title=\"Otworzy si\u0119 w nowej karcie\" href=\"https:\/\/bazawiedzy.pb.edu.pl\/info\/author\/BUTb41b9e5593024540abe41456fe1bcee0\/Justyna%2BSkubich?r=affiliation&amp;lang=pl&amp;cid=186570\" target=\"_blank\" rel=\"noopener noreferrer\">Baza wiedzy PB<\/a><\/strong><\/p>\n<p><i class=\"fa fa-envelope-o\"><\/i>&nbsp;j.skubich[at]pb.edu.pl<\/p>\n<p>571-443-093, pok\u00f3j WM-327<\/p>\n<\/div>\n<div class=\"col-sm-4\" style=\"text-align: center\">\n<p>&nbsp;<\/p>\n<\/div>\n<\/div>\n<\/div>\n","protected":false},"excerpt":{"rendered":"<p>dr hab. in\u017c. Joanna Mystkowska, prof. PB Kierownik Zak\u0142adu Baza wiedzy PB &nbsp;j.mystkowska[at]pb.edu.pl 571-443-083, pok\u00f3j<a class=\"read-more\" href=\"https:\/\/wm.pb.edu.pl\/iib\/zaklad-biomaterialow-i-inzynierii-wyrobow-medycznych\/\" title=\"Poka\u017c artyku\u0142 Zak\u0142ad Biomateria\u0142\u00f3w i In\u017cynierii Wyrob\u00f3w Medycznych\">wi\u0119cej<\/a><\/p>\n","protected":false},"author":14,"featured_media":0,"parent":0,"menu_order":0,"comment_status":"closed","ping_status":"closed","template":"","meta":{"inline_featured_image":false,"ngg_post_thumbnail":0,"footnotes":""},"class_list":["post-376","page","type-page","status-publish","hentry"],"acf":[],"yoast_head":"<!-- This site is optimized with the Yoast SEO plugin v26.4 - https:\/\/yoast.com\/wordpress\/plugins\/seo\/ -->\n<title>Zak\u0142ad Biomateria\u0142\u00f3w i In\u017cynierii Wyrob\u00f3w Medycznych - Instytut In\u017cynierii Biomedycznej<\/title>\n<meta name=\"robots\" content=\"index, follow, max-snippet:-1, max-image-preview:large, max-video-preview:-1\" \/>\n<link rel=\"canonical\" href=\"https:\/\/wm.pb.edu.pl\/iib\/zaklad-biomaterialow-i-inzynierii-wyrobow-medycznych\/\" \/>\n<meta property=\"og:locale\" content=\"pl_PL\" \/>\n<meta property=\"og:type\" content=\"article\" \/>\n<meta property=\"og:title\" content=\"Zak\u0142ad Biomateria\u0142\u00f3w i In\u017cynierii Wyrob\u00f3w Medycznych - Instytut In\u017cynierii Biomedycznej\" \/>\n<meta property=\"og:description\" content=\"dr hab. in\u017c. Joanna Mystkowska, prof. PB Kierownik Zak\u0142adu Baza wiedzy PB &nbsp;j.mystkowska[at]pb.edu.pl 571-443-083, pok\u00f3jwi\u0119cej\" \/>\n<meta property=\"og:url\" content=\"https:\/\/wm.pb.edu.pl\/iib\/zaklad-biomaterialow-i-inzynierii-wyrobow-medycznych\/\" \/>\n<meta property=\"og:site_name\" content=\"Instytut In\u017cynierii Biomedycznej\" \/>\n<meta property=\"article:modified_time\" content=\"2025-10-02T10:56:06+00:00\" \/>\n<meta property=\"og:image\" content=\"https:\/\/wm.pb.edu.pl\/iib\/wp-content\/uploads\/sites\/7\/2022\/02\/j.jpg\" \/>\n\t<meta property=\"og:image:width\" content=\"1326\" \/>\n\t<meta property=\"og:image:height\" content=\"884\" \/>\n\t<meta property=\"og:image:type\" content=\"image\/jpeg\" \/>\n<meta name=\"twitter:card\" content=\"summary_large_image\" \/>\n<meta name=\"twitter:label1\" content=\"Szacowany czas czytania\" \/>\n\t<meta name=\"twitter:data1\" content=\"3 minuty\" \/>\n<script type=\"application\/ld+json\" class=\"yoast-schema-graph\">{\"@context\":\"https:\/\/schema.org\",\"@graph\":[{\"@type\":\"WebPage\",\"@id\":\"https:\/\/wm.pb.edu.pl\/iib\/zaklad-biomaterialow-i-inzynierii-wyrobow-medycznych\/\",\"url\":\"https:\/\/wm.pb.edu.pl\/iib\/zaklad-biomaterialow-i-inzynierii-wyrobow-medycznych\/\",\"name\":\"Zak\u0142ad Biomateria\u0142\u00f3w i In\u017cynierii Wyrob\u00f3w Medycznych - Instytut In\u017cynierii Biomedycznej\",\"isPartOf\":{\"@id\":\"https:\/\/wm.pb.edu.pl\/iib\/#website\"},\"primaryImageOfPage\":{\"@id\":\"https:\/\/wm.pb.edu.pl\/iib\/zaklad-biomaterialow-i-inzynierii-wyrobow-medycznych\/#primaryimage\"},\"image\":{\"@id\":\"https:\/\/wm.pb.edu.pl\/iib\/zaklad-biomaterialow-i-inzynierii-wyrobow-medycznych\/#primaryimage\"},\"thumbnailUrl\":\"https:\/\/wm.pb.edu.pl\/iib\/wp-content\/uploads\/sites\/7\/2022\/02\/j-300x200.jpg\",\"datePublished\":\"2022-01-17T12:09:11+00:00\",\"dateModified\":\"2025-10-02T10:56:06+00:00\",\"breadcrumb\":{\"@id\":\"https:\/\/wm.pb.edu.pl\/iib\/zaklad-biomaterialow-i-inzynierii-wyrobow-medycznych\/#breadcrumb\"},\"inLanguage\":\"pl-PL\",\"potentialAction\":[{\"@type\":\"ReadAction\",\"target\":[\"https:\/\/wm.pb.edu.pl\/iib\/zaklad-biomaterialow-i-inzynierii-wyrobow-medycznych\/\"]}]},{\"@type\":\"ImageObject\",\"inLanguage\":\"pl-PL\",\"@id\":\"https:\/\/wm.pb.edu.pl\/iib\/zaklad-biomaterialow-i-inzynierii-wyrobow-medycznych\/#primaryimage\",\"url\":\"https:\/\/wm.pb.edu.pl\/iib\/wp-content\/uploads\/sites\/7\/2022\/02\/j.jpg\",\"contentUrl\":\"https:\/\/wm.pb.edu.pl\/iib\/wp-content\/uploads\/sites\/7\/2022\/02\/j.jpg\",\"width\":1326,\"height\":884,\"caption\":\"dr hab. in\u017c. Joanna Mystkowska, prof. PB\"},{\"@type\":\"BreadcrumbList\",\"@id\":\"https:\/\/wm.pb.edu.pl\/iib\/zaklad-biomaterialow-i-inzynierii-wyrobow-medycznych\/#breadcrumb\",\"itemListElement\":[{\"@type\":\"ListItem\",\"position\":1,\"name\":\"Strona g\u0142\u00f3wna\",\"item\":\"https:\/\/wm.pb.edu.pl\/iib\/\"},{\"@type\":\"ListItem\",\"position\":2,\"name\":\"Zak\u0142ad Biomateria\u0142\u00f3w i In\u017cynierii Wyrob\u00f3w Medycznych\"}]},{\"@type\":\"WebSite\",\"@id\":\"https:\/\/wm.pb.edu.pl\/iib\/#website\",\"url\":\"https:\/\/wm.pb.edu.pl\/iib\/\",\"name\":\"Instytut In\u017cynierii Biomedycznej\",\"description\":\"\",\"potentialAction\":[{\"@type\":\"SearchAction\",\"target\":{\"@type\":\"EntryPoint\",\"urlTemplate\":\"https:\/\/wm.pb.edu.pl\/iib\/?s={search_term_string}\"},\"query-input\":{\"@type\":\"PropertyValueSpecification\",\"valueRequired\":true,\"valueName\":\"search_term_string\"}}],\"inLanguage\":\"pl-PL\"}]}<\/script>\n<!-- \/ Yoast SEO plugin. -->","yoast_head_json":{"title":"Zak\u0142ad Biomateria\u0142\u00f3w i In\u017cynierii Wyrob\u00f3w Medycznych - Instytut In\u017cynierii Biomedycznej","robots":{"index":"index","follow":"follow","max-snippet":"max-snippet:-1","max-image-preview":"max-image-preview:large","max-video-preview":"max-video-preview:-1"},"canonical":"https:\/\/wm.pb.edu.pl\/iib\/zaklad-biomaterialow-i-inzynierii-wyrobow-medycznych\/","og_locale":"pl_PL","og_type":"article","og_title":"Zak\u0142ad Biomateria\u0142\u00f3w i In\u017cynierii Wyrob\u00f3w Medycznych - Instytut In\u017cynierii Biomedycznej","og_description":"dr hab. in\u017c. Joanna Mystkowska, prof. PB Kierownik Zak\u0142adu Baza wiedzy PB &nbsp;j.mystkowska[at]pb.edu.pl 571-443-083, pok\u00f3jwi\u0119cej","og_url":"https:\/\/wm.pb.edu.pl\/iib\/zaklad-biomaterialow-i-inzynierii-wyrobow-medycznych\/","og_site_name":"Instytut In\u017cynierii Biomedycznej","article_modified_time":"2025-10-02T10:56:06+00:00","og_image":[{"width":1326,"height":884,"url":"https:\/\/wm.pb.edu.pl\/iib\/wp-content\/uploads\/sites\/7\/2022\/02\/j.jpg","type":"image\/jpeg"}],"twitter_card":"summary_large_image","twitter_misc":{"Szacowany czas czytania":"3 minuty"},"schema":{"@context":"https:\/\/schema.org","@graph":[{"@type":"WebPage","@id":"https:\/\/wm.pb.edu.pl\/iib\/zaklad-biomaterialow-i-inzynierii-wyrobow-medycznych\/","url":"https:\/\/wm.pb.edu.pl\/iib\/zaklad-biomaterialow-i-inzynierii-wyrobow-medycznych\/","name":"Zak\u0142ad Biomateria\u0142\u00f3w i In\u017cynierii Wyrob\u00f3w Medycznych - Instytut In\u017cynierii Biomedycznej","isPartOf":{"@id":"https:\/\/wm.pb.edu.pl\/iib\/#website"},"primaryImageOfPage":{"@id":"https:\/\/wm.pb.edu.pl\/iib\/zaklad-biomaterialow-i-inzynierii-wyrobow-medycznych\/#primaryimage"},"image":{"@id":"https:\/\/wm.pb.edu.pl\/iib\/zaklad-biomaterialow-i-inzynierii-wyrobow-medycznych\/#primaryimage"},"thumbnailUrl":"https:\/\/wm.pb.edu.pl\/iib\/wp-content\/uploads\/sites\/7\/2022\/02\/j-300x200.jpg","datePublished":"2022-01-17T12:09:11+00:00","dateModified":"2025-10-02T10:56:06+00:00","breadcrumb":{"@id":"https:\/\/wm.pb.edu.pl\/iib\/zaklad-biomaterialow-i-inzynierii-wyrobow-medycznych\/#breadcrumb"},"inLanguage":"pl-PL","potentialAction":[{"@type":"ReadAction","target":["https:\/\/wm.pb.edu.pl\/iib\/zaklad-biomaterialow-i-inzynierii-wyrobow-medycznych\/"]}]},{"@type":"ImageObject","inLanguage":"pl-PL","@id":"https:\/\/wm.pb.edu.pl\/iib\/zaklad-biomaterialow-i-inzynierii-wyrobow-medycznych\/#primaryimage","url":"https:\/\/wm.pb.edu.pl\/iib\/wp-content\/uploads\/sites\/7\/2022\/02\/j.jpg","contentUrl":"https:\/\/wm.pb.edu.pl\/iib\/wp-content\/uploads\/sites\/7\/2022\/02\/j.jpg","width":1326,"height":884,"caption":"dr hab. in\u017c. Joanna Mystkowska, prof. PB"},{"@type":"BreadcrumbList","@id":"https:\/\/wm.pb.edu.pl\/iib\/zaklad-biomaterialow-i-inzynierii-wyrobow-medycznych\/#breadcrumb","itemListElement":[{"@type":"ListItem","position":1,"name":"Strona g\u0142\u00f3wna","item":"https:\/\/wm.pb.edu.pl\/iib\/"},{"@type":"ListItem","position":2,"name":"Zak\u0142ad Biomateria\u0142\u00f3w i In\u017cynierii Wyrob\u00f3w Medycznych"}]},{"@type":"WebSite","@id":"https:\/\/wm.pb.edu.pl\/iib\/#website","url":"https:\/\/wm.pb.edu.pl\/iib\/","name":"Instytut In\u017cynierii Biomedycznej","description":"","potentialAction":[{"@type":"SearchAction","target":{"@type":"EntryPoint","urlTemplate":"https:\/\/wm.pb.edu.pl\/iib\/?s={search_term_string}"},"query-input":{"@type":"PropertyValueSpecification","valueRequired":true,"valueName":"search_term_string"}}],"inLanguage":"pl-PL"}]}},"_links":{"self":[{"href":"https:\/\/wm.pb.edu.pl\/iib\/wp-json\/wp\/v2\/pages\/376","targetHints":{"allow":["GET"]}}],"collection":[{"href":"https:\/\/wm.pb.edu.pl\/iib\/wp-json\/wp\/v2\/pages"}],"about":[{"href":"https:\/\/wm.pb.edu.pl\/iib\/wp-json\/wp\/v2\/types\/page"}],"author":[{"embeddable":true,"href":"https:\/\/wm.pb.edu.pl\/iib\/wp-json\/wp\/v2\/users\/14"}],"replies":[{"embeddable":true,"href":"https:\/\/wm.pb.edu.pl\/iib\/wp-json\/wp\/v2\/comments?post=376"}],"version-history":[{"count":23,"href":"https:\/\/wm.pb.edu.pl\/iib\/wp-json\/wp\/v2\/pages\/376\/revisions"}],"predecessor-version":[{"id":1001,"href":"https:\/\/wm.pb.edu.pl\/iib\/wp-json\/wp\/v2\/pages\/376\/revisions\/1001"}],"wp:attachment":[{"href":"https:\/\/wm.pb.edu.pl\/iib\/wp-json\/wp\/v2\/media?parent=376"}],"curies":[{"name":"wp","href":"https:\/\/api.w.org\/{rel}","templated":true}]}}