{"id":412,"date":"2022-02-14T15:15:17","date_gmt":"2022-02-14T14:15:17","guid":{"rendered":"https:\/\/wm.pb.edu.pl\/iib\/?page_id=412"},"modified":"2025-12-08T18:56:30","modified_gmt":"2025-12-08T17:56:30","slug":"pracownia-badan-fizykochemicznych","status":"publish","type":"page","link":"https:\/\/wm.pb.edu.pl\/iib\/infrastruktura-badawcza\/pracownia-badan-fizykochemicznych\/","title":{"rendered":"Pracownia Bada\u0144 Fizykochemicznych"},"content":{"rendered":"<table width=\"100%\" border=\"1\" cellpadding=\"15\" cellspacing=\"0\" style=\"border-collapse: collapse;border-color: #cccccc\">\n<p>  <!-- DSC --><\/p>\n<tr>\n<td width=\"250\" align=\"center\" valign=\"top\" bgcolor=\"#f9f9f9\">\n      <img decoding=\"async\" src=\"https:\/\/wm.pb.edu.pl\/iib\/wp-content\/uploads\/sites\/7\/2022\/02\/Roznicowy-kalorymetr-skaningowy-DSC-300x225.jpg\" alt=\"R\u00f3\u017cnicowy kalorymetr skaningowy DSC\" width=\"250\">\n    <\/td>\n<td valign=\"top\">\n<h3 style=\"color: #003366;margin-top: 0\">R\u00f3\u017cnicowy kalorymetr skaningowy DSC<\/h3>\n<p><strong>Cechy:<\/strong><\/p>\n<ul>\n<li>zakres temperatur pracy: -90\u00b0C do 550\u00b0C;<\/li>\n<li>rozdzielczo\u015b\u0107 cyfrowa przep\u0142ywu ciep\u0142a: \u2264 0,002 \u00b5W;<\/li>\n<li>precyzja kalorymetryczna: \u2264 0,05%;<\/li>\n<li>50-pozycyjny autosampler + 5 pozycji na naczynka referencyjne;<\/li>\n<li>oprogramowanie do szczeg\u00f3\u0142owej analizy przemian fizycznych materia\u0142\u00f3w.<\/li>\n<\/ul>\n<p>Urz\u0105dzenie pozwala na analiz\u0119 fazow\u0105 materia\u0142\u00f3w polimerowych. Umo\u017cliwia oznaczenie sk\u0142adu chemicznego i czysto\u015bci substancji. Dodatkowymi parametrami mo\u017cliwymi do oznaczenia s\u0105 pomiar ciep\u0142a przemian fazowych oraz oznaczenie ciep\u0142a w\u0142a\u015bciwego substancji.<\/p>\n<\/td>\n<\/tr>\n<p>  <!-- Reometr --><\/p>\n<tr>\n<td width=\"250\" align=\"center\" valign=\"top\" bgcolor=\"#f9f9f9\">\n      <img decoding=\"async\" src=\"https:\/\/wm.pb.edu.pl\/iib\/wp-content\/uploads\/sites\/7\/2022\/02\/Reometr-RheoStress-6000-300x225.jpg\" alt=\"Reometr RheoStress 6000\" width=\"250\">\n    <\/td>\n<td valign=\"top\">\n<h3 style=\"color: #003366;margin-top: 0\">Reometr RheoStress 6000<\/h3>\n<p><strong>Cechy:<\/strong><\/p>\n<ul>\n<li>rozdzielczo\u015b\u0107 k\u0105towa czujnika: 0,12 \u00b5rad;<\/li>\n<li>szybko\u015b\u0107 obrotowa: 10\u207b\u2077 &#8211; 1500 obr\/min;<\/li>\n<li>napr\u0119\u017cenie: 200 nNm &#8211; 200 mNm;<\/li>\n<li>cz\u0119stotliwo\u015b\u0107 oscylacji: 0,0001 &#8211; 100 Hz;<\/li>\n<li>si\u0142a normalna: 0,01 &#8211; 50 N.<\/li>\n<\/ul>\n<p>Reometr RheoStress 6000 umo\u017cliwia wykonywanie wszystkich mo\u017cliwych pomiar\u00f3w w trybach rotacyjnych i oscylacyjnych. Specjalne systemy termoregulacji pozwalaj\u0105 na pomiary w szerokim zakresie temperatur.<\/p>\n<p>Dodatkowo, reometr mo\u017ce wykonywa\u0107 pomiary przy wyj\u0105tkowo niskich napr\u0119\u017ceniach \u015bcinaj\u0105cych oraz wysokich szybko\u015bciach \u015bcinania, a tak\u017ce posiada wbudowany modu\u0142 pomiaru si\u0142y normalnej.<\/p>\n<\/td>\n<\/tr>\n<p>  <!-- TGA --><\/p>\n<tr>\n<td width=\"250\" align=\"center\" valign=\"top\" bgcolor=\"#f9f9f9\">\n      <img decoding=\"async\" src=\"https:\/\/wm.pb.edu.pl\/iib\/wp-content\/uploads\/sites\/7\/2022\/02\/Analizator-termograwimetryczny-TGA-Q500-1-300x225.jpg\" alt=\"Analizator termograwimetryczny TGA Q500\" width=\"250\">\n    <\/td>\n<td valign=\"top\">\n<h3 style=\"color: #003366;margin-top: 0\">Analizator termograwimetryczny TGA Q500<\/h3>\n<p><strong>Cechy:<\/strong><\/p>\n<ul>\n<li>maksymalna masa pr\u00f3bki: 1g;<\/li>\n<li>precyzja pomiaru wagi: +\/- 0.01%;<\/li>\n<li>czu\u0142o\u015b\u0107 0.1 \u00b5g;<\/li>\n<li>zakres temperatury: do 1000\u00b0C;<\/li>\n<li>pr\u0119dko\u015b\u0107 narastania temperatury: 0.01 do 100\u00b0C\/min.<\/li>\n<\/ul>\n<p>TGA mierzy zmiany masy pr\u00f3bki w funkcji temperatury (lub czasu) w kontrolowanej atmosferze. Do g\u0142\u00f3wnych zastosowa\u0144 nale\u017cy badanie termicznej stabilno\u015bci oraz sk\u0142adu pr\u00f3bek, kt\u00f3rymi najcz\u0119\u015bciej s\u0105 polimery, bia\u0142ka lub inne zwi\u0105zki wielkocz\u0105steczkowe.<\/p>\n<\/td>\n<\/tr>\n<p>  <!-- Wiskozymetr --><\/p>\n<tr>\n<td width=\"250\" align=\"center\" valign=\"top\" bgcolor=\"#f9f9f9\">\n      <img decoding=\"async\" src=\"https:\/\/wm.pb.edu.pl\/iib\/wp-content\/uploads\/sites\/7\/2022\/02\/Automatyczny-wiskozymetr-LAUDA-2-300x225.jpg\" alt=\"Automatyczny wiskozymetr LAUDA\" width=\"250\">\n    <\/td>\n<td valign=\"top\">\n<h3 style=\"color: #003366;margin-top: 0\">Automatyczny wiskozymetr LAUDA<\/h3>\n<p><strong>Cechy:<\/strong><\/p>\n<ul>\n<li>zakres temperatury: 20 \u2013 150\u00b0C;<\/li>\n<li>zakres lepko\u015bci: 0.3 &#8211; 30 000 mm\u00b2\/s;<\/li>\n<li>rozdzielczo\u015b\u0107 pomiaru czasu: 0.01s.<\/li>\n<\/ul>\n<p>Jednostanowiskowy wiskozymetr do automatycznego pomiaru lepko\u015bci kinematycznej za pomoc\u0105 szklanych kapilar wiskozymetrycznych typu: Ubbelohde, Cannon-Fenske i mikro-Ostwald. Optyczna (bliska podczerwie\u0144) detekcja przesuwu menisku.<\/p>\n<\/td>\n<\/tr>\n<p>  <!-- Spektrofotometr --><\/p>\n<tr>\n<td width=\"250\" align=\"center\" valign=\"top\" bgcolor=\"#f9f9f9\">\n      <img decoding=\"async\" src=\"https:\/\/wm.pb.edu.pl\/iib\/wp-content\/uploads\/sites\/7\/2025\/02\/Spektrofotometr-UV-Vis.jpg\" alt=\"Spektrofotometr UV-Vis\" width=\"250\">\n    <\/td>\n<td valign=\"top\">\n<h3 style=\"color: #003366;margin-top: 0\">Spektrofotometr UV-Vis<\/h3>\n<p><strong>Cechy:<\/strong><\/p>\n<ul>\n<li>zakres pracy: 190-1100 nm;<\/li>\n<li>dok\u0142adno\u015b\u0107 d\u0142ugo\u015bci fali: +\/- 0,5 nm;<\/li>\n<li>czteropozycyjny uchwyt na kuwety 10 mm;<\/li>\n<li>\u017ar\u00f3d\u0142o \u015bwiat\u0142a: lampa wolframowa i deuterowa.<\/li>\n<\/ul>\n<p>Standardowe mo\u017cliwo\u015bci: pomiary przy sta\u0142ej d\u0142ugo\u015bci fali, pomiary przy wielu d\u0142ugo\u015bciach fali, analiza ilo\u015bciowa z krzywymi kalibracji, pomiar widma, pomiar DNA i bia\u0142ka.<\/p>\n<\/td>\n<\/tr>\n<\/table>\n","protected":false},"excerpt":{"rendered":"<p>R\u00f3\u017cnicowy kalorymetr skaningowy DSC Cechy: zakres temperatur pracy: -90\u00b0C do 550\u00b0C; rozdzielczo\u015b\u0107 cyfrowa przep\u0142ywu ciep\u0142a:<a class=\"read-more\" href=\"https:\/\/wm.pb.edu.pl\/iib\/infrastruktura-badawcza\/pracownia-badan-fizykochemicznych\/\" title=\"Poka\u017c artyku\u0142 Pracownia Bada\u0144 Fizykochemicznych\">wi\u0119cej<\/a><\/p>\n","protected":false},"author":14,"featured_media":0,"parent":44,"menu_order":0,"comment_status":"closed","ping_status":"closed","template":"","meta":{"inline_featured_image":false,"ngg_post_thumbnail":0,"footnotes":""},"class_list":["post-412","page","type-page","status-publish","hentry"],"acf":[],"yoast_head":"<!-- This site is optimized with the Yoast SEO plugin v26.4 - https:\/\/yoast.com\/wordpress\/plugins\/seo\/ -->\n<title>Pracownia Bada\u0144 Fizykochemicznych - Instytut In\u017cynierii Biomedycznej<\/title>\n<meta name=\"robots\" content=\"index, follow, max-snippet:-1, max-image-preview:large, max-video-preview:-1\" \/>\n<link rel=\"canonical\" href=\"https:\/\/wm.pb.edu.pl\/iib\/infrastruktura-badawcza\/pracownia-badan-fizykochemicznych\/\" \/>\n<meta property=\"og:locale\" content=\"pl_PL\" \/>\n<meta property=\"og:type\" content=\"article\" \/>\n<meta property=\"og:title\" content=\"Pracownia Bada\u0144 Fizykochemicznych - Instytut In\u017cynierii Biomedycznej\" \/>\n<meta property=\"og:description\" content=\"R\u00f3\u017cnicowy kalorymetr skaningowy DSC Cechy: zakres temperatur pracy: -90\u00b0C do 550\u00b0C; rozdzielczo\u015b\u0107 cyfrowa przep\u0142ywu ciep\u0142a:wi\u0119cej\" \/>\n<meta property=\"og:url\" content=\"https:\/\/wm.pb.edu.pl\/iib\/infrastruktura-badawcza\/pracownia-badan-fizykochemicznych\/\" \/>\n<meta property=\"og:site_name\" content=\"Instytut In\u017cynierii Biomedycznej\" \/>\n<meta property=\"article:modified_time\" content=\"2025-12-08T17:56:30+00:00\" \/>\n<meta property=\"og:image\" content=\"https:\/\/wm.pb.edu.pl\/iib\/wp-content\/uploads\/sites\/7\/2022\/02\/Roznicowy-kalorymetr-skaningowy-DSC-300x225.jpg\" \/>\n<meta name=\"twitter:card\" content=\"summary_large_image\" \/>\n<meta name=\"twitter:label1\" content=\"Szacowany czas czytania\" \/>\n\t<meta name=\"twitter:data1\" content=\"3 minuty\" \/>\n<script type=\"application\/ld+json\" class=\"yoast-schema-graph\">{\"@context\":\"https:\/\/schema.org\",\"@graph\":[{\"@type\":\"WebPage\",\"@id\":\"https:\/\/wm.pb.edu.pl\/iib\/infrastruktura-badawcza\/pracownia-badan-fizykochemicznych\/\",\"url\":\"https:\/\/wm.pb.edu.pl\/iib\/infrastruktura-badawcza\/pracownia-badan-fizykochemicznych\/\",\"name\":\"Pracownia Bada\u0144 Fizykochemicznych - Instytut In\u017cynierii Biomedycznej\",\"isPartOf\":{\"@id\":\"https:\/\/wm.pb.edu.pl\/iib\/#website\"},\"primaryImageOfPage\":{\"@id\":\"https:\/\/wm.pb.edu.pl\/iib\/infrastruktura-badawcza\/pracownia-badan-fizykochemicznych\/#primaryimage\"},\"image\":{\"@id\":\"https:\/\/wm.pb.edu.pl\/iib\/infrastruktura-badawcza\/pracownia-badan-fizykochemicznych\/#primaryimage\"},\"thumbnailUrl\":\"https:\/\/wm.pb.edu.pl\/iib\/wp-content\/uploads\/sites\/7\/2022\/02\/Roznicowy-kalorymetr-skaningowy-DSC-300x225.jpg\",\"datePublished\":\"2022-02-14T14:15:17+00:00\",\"dateModified\":\"2025-12-08T17:56:30+00:00\",\"breadcrumb\":{\"@id\":\"https:\/\/wm.pb.edu.pl\/iib\/infrastruktura-badawcza\/pracownia-badan-fizykochemicznych\/#breadcrumb\"},\"inLanguage\":\"pl-PL\",\"potentialAction\":[{\"@type\":\"ReadAction\",\"target\":[\"https:\/\/wm.pb.edu.pl\/iib\/infrastruktura-badawcza\/pracownia-badan-fizykochemicznych\/\"]}]},{\"@type\":\"ImageObject\",\"inLanguage\":\"pl-PL\",\"@id\":\"https:\/\/wm.pb.edu.pl\/iib\/infrastruktura-badawcza\/pracownia-badan-fizykochemicznych\/#primaryimage\",\"url\":\"https:\/\/wm.pb.edu.pl\/iib\/wp-content\/uploads\/sites\/7\/2022\/02\/Roznicowy-kalorymetr-skaningowy-DSC.jpg\",\"contentUrl\":\"https:\/\/wm.pb.edu.pl\/iib\/wp-content\/uploads\/sites\/7\/2022\/02\/Roznicowy-kalorymetr-skaningowy-DSC.jpg\",\"width\":1200,\"height\":900,\"caption\":\"R\u00f3\u017cnicowy kalorymetr skaningowy DSC\"},{\"@type\":\"BreadcrumbList\",\"@id\":\"https:\/\/wm.pb.edu.pl\/iib\/infrastruktura-badawcza\/pracownia-badan-fizykochemicznych\/#breadcrumb\",\"itemListElement\":[{\"@type\":\"ListItem\",\"position\":1,\"name\":\"Strona g\u0142\u00f3wna\",\"item\":\"https:\/\/wm.pb.edu.pl\/iib\/\"},{\"@type\":\"ListItem\",\"position\":2,\"name\":\"Infrastruktura badawcza\",\"item\":\"https:\/\/wm.pb.edu.pl\/iib\/infrastruktura-badawcza\/\"},{\"@type\":\"ListItem\",\"position\":3,\"name\":\"Pracownia Bada\u0144 Fizykochemicznych\"}]},{\"@type\":\"WebSite\",\"@id\":\"https:\/\/wm.pb.edu.pl\/iib\/#website\",\"url\":\"https:\/\/wm.pb.edu.pl\/iib\/\",\"name\":\"Instytut In\u017cynierii Biomedycznej\",\"description\":\"\",\"potentialAction\":[{\"@type\":\"SearchAction\",\"target\":{\"@type\":\"EntryPoint\",\"urlTemplate\":\"https:\/\/wm.pb.edu.pl\/iib\/?s={search_term_string}\"},\"query-input\":{\"@type\":\"PropertyValueSpecification\",\"valueRequired\":true,\"valueName\":\"search_term_string\"}}],\"inLanguage\":\"pl-PL\"}]}<\/script>\n<!-- \/ Yoast SEO plugin. -->","yoast_head_json":{"title":"Pracownia Bada\u0144 Fizykochemicznych - Instytut In\u017cynierii Biomedycznej","robots":{"index":"index","follow":"follow","max-snippet":"max-snippet:-1","max-image-preview":"max-image-preview:large","max-video-preview":"max-video-preview:-1"},"canonical":"https:\/\/wm.pb.edu.pl\/iib\/infrastruktura-badawcza\/pracownia-badan-fizykochemicznych\/","og_locale":"pl_PL","og_type":"article","og_title":"Pracownia Bada\u0144 Fizykochemicznych - Instytut In\u017cynierii Biomedycznej","og_description":"R\u00f3\u017cnicowy kalorymetr skaningowy DSC Cechy: zakres temperatur pracy: -90\u00b0C do 550\u00b0C; rozdzielczo\u015b\u0107 cyfrowa przep\u0142ywu ciep\u0142a:wi\u0119cej","og_url":"https:\/\/wm.pb.edu.pl\/iib\/infrastruktura-badawcza\/pracownia-badan-fizykochemicznych\/","og_site_name":"Instytut In\u017cynierii Biomedycznej","article_modified_time":"2025-12-08T17:56:30+00:00","og_image":[{"url":"https:\/\/wm.pb.edu.pl\/iib\/wp-content\/uploads\/sites\/7\/2022\/02\/Roznicowy-kalorymetr-skaningowy-DSC-300x225.jpg","type":"","width":"","height":""}],"twitter_card":"summary_large_image","twitter_misc":{"Szacowany czas czytania":"3 minuty"},"schema":{"@context":"https:\/\/schema.org","@graph":[{"@type":"WebPage","@id":"https:\/\/wm.pb.edu.pl\/iib\/infrastruktura-badawcza\/pracownia-badan-fizykochemicznych\/","url":"https:\/\/wm.pb.edu.pl\/iib\/infrastruktura-badawcza\/pracownia-badan-fizykochemicznych\/","name":"Pracownia Bada\u0144 Fizykochemicznych - Instytut In\u017cynierii Biomedycznej","isPartOf":{"@id":"https:\/\/wm.pb.edu.pl\/iib\/#website"},"primaryImageOfPage":{"@id":"https:\/\/wm.pb.edu.pl\/iib\/infrastruktura-badawcza\/pracownia-badan-fizykochemicznych\/#primaryimage"},"image":{"@id":"https:\/\/wm.pb.edu.pl\/iib\/infrastruktura-badawcza\/pracownia-badan-fizykochemicznych\/#primaryimage"},"thumbnailUrl":"https:\/\/wm.pb.edu.pl\/iib\/wp-content\/uploads\/sites\/7\/2022\/02\/Roznicowy-kalorymetr-skaningowy-DSC-300x225.jpg","datePublished":"2022-02-14T14:15:17+00:00","dateModified":"2025-12-08T17:56:30+00:00","breadcrumb":{"@id":"https:\/\/wm.pb.edu.pl\/iib\/infrastruktura-badawcza\/pracownia-badan-fizykochemicznych\/#breadcrumb"},"inLanguage":"pl-PL","potentialAction":[{"@type":"ReadAction","target":["https:\/\/wm.pb.edu.pl\/iib\/infrastruktura-badawcza\/pracownia-badan-fizykochemicznych\/"]}]},{"@type":"ImageObject","inLanguage":"pl-PL","@id":"https:\/\/wm.pb.edu.pl\/iib\/infrastruktura-badawcza\/pracownia-badan-fizykochemicznych\/#primaryimage","url":"https:\/\/wm.pb.edu.pl\/iib\/wp-content\/uploads\/sites\/7\/2022\/02\/Roznicowy-kalorymetr-skaningowy-DSC.jpg","contentUrl":"https:\/\/wm.pb.edu.pl\/iib\/wp-content\/uploads\/sites\/7\/2022\/02\/Roznicowy-kalorymetr-skaningowy-DSC.jpg","width":1200,"height":900,"caption":"R\u00f3\u017cnicowy kalorymetr skaningowy DSC"},{"@type":"BreadcrumbList","@id":"https:\/\/wm.pb.edu.pl\/iib\/infrastruktura-badawcza\/pracownia-badan-fizykochemicznych\/#breadcrumb","itemListElement":[{"@type":"ListItem","position":1,"name":"Strona g\u0142\u00f3wna","item":"https:\/\/wm.pb.edu.pl\/iib\/"},{"@type":"ListItem","position":2,"name":"Infrastruktura badawcza","item":"https:\/\/wm.pb.edu.pl\/iib\/infrastruktura-badawcza\/"},{"@type":"ListItem","position":3,"name":"Pracownia Bada\u0144 Fizykochemicznych"}]},{"@type":"WebSite","@id":"https:\/\/wm.pb.edu.pl\/iib\/#website","url":"https:\/\/wm.pb.edu.pl\/iib\/","name":"Instytut In\u017cynierii Biomedycznej","description":"","potentialAction":[{"@type":"SearchAction","target":{"@type":"EntryPoint","urlTemplate":"https:\/\/wm.pb.edu.pl\/iib\/?s={search_term_string}"},"query-input":{"@type":"PropertyValueSpecification","valueRequired":true,"valueName":"search_term_string"}}],"inLanguage":"pl-PL"}]}},"_links":{"self":[{"href":"https:\/\/wm.pb.edu.pl\/iib\/wp-json\/wp\/v2\/pages\/412","targetHints":{"allow":["GET"]}}],"collection":[{"href":"https:\/\/wm.pb.edu.pl\/iib\/wp-json\/wp\/v2\/pages"}],"about":[{"href":"https:\/\/wm.pb.edu.pl\/iib\/wp-json\/wp\/v2\/types\/page"}],"author":[{"embeddable":true,"href":"https:\/\/wm.pb.edu.pl\/iib\/wp-json\/wp\/v2\/users\/14"}],"replies":[{"embeddable":true,"href":"https:\/\/wm.pb.edu.pl\/iib\/wp-json\/wp\/v2\/comments?post=412"}],"version-history":[{"count":10,"href":"https:\/\/wm.pb.edu.pl\/iib\/wp-json\/wp\/v2\/pages\/412\/revisions"}],"predecessor-version":[{"id":1009,"href":"https:\/\/wm.pb.edu.pl\/iib\/wp-json\/wp\/v2\/pages\/412\/revisions\/1009"}],"up":[{"embeddable":true,"href":"https:\/\/wm.pb.edu.pl\/iib\/wp-json\/wp\/v2\/pages\/44"}],"wp:attachment":[{"href":"https:\/\/wm.pb.edu.pl\/iib\/wp-json\/wp\/v2\/media?parent=412"}],"curies":[{"name":"wp","href":"https:\/\/api.w.org\/{rel}","templated":true}]}}