{"id":435,"date":"2022-02-24T08:04:06","date_gmt":"2022-02-24T07:04:06","guid":{"rendered":"https:\/\/wm.pb.edu.pl\/iib\/?page_id=435"},"modified":"2022-12-29T09:31:34","modified_gmt":"2022-12-29T08:31:34","slug":"absolwenci","status":"publish","type":"page","link":"https:\/\/wm.pb.edu.pl\/iib\/absolwenci\/","title":{"rendered":"Absolwenci"},"content":{"rendered":"<p>Rozmowy z absolwentami<\/p>\n<div class=\"embed-responsive embed-responsive-16by9\"><iframe class=\"embed-responsive-item\" src=\"https:\/\/www.youtube.com\/embed\/qlOR02VHQUE\" title=\"\"><\/iframe><\/div>\n<p>Czy wiedza nabyta w czasie studi\u00f3w przygotowa\u0142a j\u0105 do wyzwa\u0144 zawodowych? W jakich zawodach odnajduj\u0105 si\u0119 i rozwijaj\u0105 absolwenci in\u017cynierii biomedycznej? Zapraszamy na rozmow\u0119 z mgr in\u017c. Justyn\u0105 Skawro\u0144sk\u0105, absolwentk\u0105 kierunku in\u017cynieria biomedyczna na Wydziale Mechanicznym Politechniki Bia\u0142ostockiej. Obecnie specjalistk\u0105 ds. przetarg\u00f3w w firmie Biameditek sp. z o.o.<\/p>\n","protected":false},"excerpt":{"rendered":"<p>Rozmowy z absolwentami Czy wiedza nabyta w czasie studi\u00f3w przygotowa\u0142a j\u0105 do wyzwa\u0144 zawodowych? W<a class=\"read-more\" href=\"https:\/\/wm.pb.edu.pl\/iib\/absolwenci\/\" title=\"Poka\u017c artyku\u0142 Absolwenci\">wi\u0119cej<\/a><\/p>\n","protected":false},"author":14,"featured_media":0,"parent":0,"menu_order":0,"comment_status":"closed","ping_status":"closed","template":"","meta":{"inline_featured_image":false,"ngg_post_thumbnail":0,"footnotes":""},"class_list":["post-435","page","type-page","status-publish","hentry"],"acf":[],"yoast_head":"<!-- This site is optimized with the Yoast SEO plugin v26.4 - https:\/\/yoast.com\/wordpress\/plugins\/seo\/ -->\n<title>Absolwenci - Instytut In\u017cynierii Biomedycznej<\/title>\n<meta name=\"robots\" content=\"index, follow, max-snippet:-1, max-image-preview:large, max-video-preview:-1\" \/>\n<link rel=\"canonical\" href=\"https:\/\/wm.pb.edu.pl\/iib\/absolwenci\/\" \/>\n<meta property=\"og:locale\" content=\"pl_PL\" \/>\n<meta property=\"og:type\" content=\"article\" \/>\n<meta property=\"og:title\" content=\"Absolwenci - Instytut In\u017cynierii Biomedycznej\" \/>\n<meta property=\"og:description\" content=\"Rozmowy z absolwentami Czy wiedza nabyta w czasie studi\u00f3w przygotowa\u0142a j\u0105 do wyzwa\u0144 zawodowych? Wwi\u0119cej\" \/>\n<meta property=\"og:url\" content=\"https:\/\/wm.pb.edu.pl\/iib\/absolwenci\/\" \/>\n<meta property=\"og:site_name\" content=\"Instytut In\u017cynierii Biomedycznej\" \/>\n<meta property=\"article:modified_time\" content=\"2022-12-29T08:31:34+00:00\" \/>\n<meta name=\"twitter:card\" content=\"summary_large_image\" \/>\n<script type=\"application\/ld+json\" class=\"yoast-schema-graph\">{\"@context\":\"https:\/\/schema.org\",\"@graph\":[{\"@type\":\"WebPage\",\"@id\":\"https:\/\/wm.pb.edu.pl\/iib\/absolwenci\/\",\"url\":\"https:\/\/wm.pb.edu.pl\/iib\/absolwenci\/\",\"name\":\"Absolwenci - Instytut In\u017cynierii Biomedycznej\",\"isPartOf\":{\"@id\":\"https:\/\/wm.pb.edu.pl\/iib\/#website\"},\"datePublished\":\"2022-02-24T07:04:06+00:00\",\"dateModified\":\"2022-12-29T08:31:34+00:00\",\"breadcrumb\":{\"@id\":\"https:\/\/wm.pb.edu.pl\/iib\/absolwenci\/#breadcrumb\"},\"inLanguage\":\"pl-PL\",\"potentialAction\":[{\"@type\":\"ReadAction\",\"target\":[\"https:\/\/wm.pb.edu.pl\/iib\/absolwenci\/\"]}]},{\"@type\":\"BreadcrumbList\",\"@id\":\"https:\/\/wm.pb.edu.pl\/iib\/absolwenci\/#breadcrumb\",\"itemListElement\":[{\"@type\":\"ListItem\",\"position\":1,\"name\":\"Strona g\u0142\u00f3wna\",\"item\":\"https:\/\/wm.pb.edu.pl\/iib\/\"},{\"@type\":\"ListItem\",\"position\":2,\"name\":\"Absolwenci\"}]},{\"@type\":\"WebSite\",\"@id\":\"https:\/\/wm.pb.edu.pl\/iib\/#website\",\"url\":\"https:\/\/wm.pb.edu.pl\/iib\/\",\"name\":\"Instytut In\u017cynierii Biomedycznej\",\"description\":\"\",\"potentialAction\":[{\"@type\":\"SearchAction\",\"target\":{\"@type\":\"EntryPoint\",\"urlTemplate\":\"https:\/\/wm.pb.edu.pl\/iib\/?s={search_term_string}\"},\"query-input\":{\"@type\":\"PropertyValueSpecification\",\"valueRequired\":true,\"valueName\":\"search_term_string\"}}],\"inLanguage\":\"pl-PL\"}]}<\/script>\n<!-- \/ Yoast SEO plugin. -->","yoast_head_json":{"title":"Absolwenci - Instytut In\u017cynierii Biomedycznej","robots":{"index":"index","follow":"follow","max-snippet":"max-snippet:-1","max-image-preview":"max-image-preview:large","max-video-preview":"max-video-preview:-1"},"canonical":"https:\/\/wm.pb.edu.pl\/iib\/absolwenci\/","og_locale":"pl_PL","og_type":"article","og_title":"Absolwenci - Instytut In\u017cynierii Biomedycznej","og_description":"Rozmowy z absolwentami Czy wiedza nabyta w czasie studi\u00f3w przygotowa\u0142a j\u0105 do wyzwa\u0144 zawodowych? Wwi\u0119cej","og_url":"https:\/\/wm.pb.edu.pl\/iib\/absolwenci\/","og_site_name":"Instytut In\u017cynierii Biomedycznej","article_modified_time":"2022-12-29T08:31:34+00:00","twitter_card":"summary_large_image","schema":{"@context":"https:\/\/schema.org","@graph":[{"@type":"WebPage","@id":"https:\/\/wm.pb.edu.pl\/iib\/absolwenci\/","url":"https:\/\/wm.pb.edu.pl\/iib\/absolwenci\/","name":"Absolwenci - Instytut In\u017cynierii Biomedycznej","isPartOf":{"@id":"https:\/\/wm.pb.edu.pl\/iib\/#website"},"datePublished":"2022-02-24T07:04:06+00:00","dateModified":"2022-12-29T08:31:34+00:00","breadcrumb":{"@id":"https:\/\/wm.pb.edu.pl\/iib\/absolwenci\/#breadcrumb"},"inLanguage":"pl-PL","potentialAction":[{"@type":"ReadAction","target":["https:\/\/wm.pb.edu.pl\/iib\/absolwenci\/"]}]},{"@type":"BreadcrumbList","@id":"https:\/\/wm.pb.edu.pl\/iib\/absolwenci\/#breadcrumb","itemListElement":[{"@type":"ListItem","position":1,"name":"Strona g\u0142\u00f3wna","item":"https:\/\/wm.pb.edu.pl\/iib\/"},{"@type":"ListItem","position":2,"name":"Absolwenci"}]},{"@type":"WebSite","@id":"https:\/\/wm.pb.edu.pl\/iib\/#website","url":"https:\/\/wm.pb.edu.pl\/iib\/","name":"Instytut In\u017cynierii Biomedycznej","description":"","potentialAction":[{"@type":"SearchAction","target":{"@type":"EntryPoint","urlTemplate":"https:\/\/wm.pb.edu.pl\/iib\/?s={search_term_string}"},"query-input":{"@type":"PropertyValueSpecification","valueRequired":true,"valueName":"search_term_string"}}],"inLanguage":"pl-PL"}]}},"_links":{"self":[{"href":"https:\/\/wm.pb.edu.pl\/iib\/wp-json\/wp\/v2\/pages\/435","targetHints":{"allow":["GET"]}}],"collection":[{"href":"https:\/\/wm.pb.edu.pl\/iib\/wp-json\/wp\/v2\/pages"}],"about":[{"href":"https:\/\/wm.pb.edu.pl\/iib\/wp-json\/wp\/v2\/types\/page"}],"author":[{"embeddable":true,"href":"https:\/\/wm.pb.edu.pl\/iib\/wp-json\/wp\/v2\/users\/14"}],"replies":[{"embeddable":true,"href":"https:\/\/wm.pb.edu.pl\/iib\/wp-json\/wp\/v2\/comments?post=435"}],"version-history":[{"count":3,"href":"https:\/\/wm.pb.edu.pl\/iib\/wp-json\/wp\/v2\/pages\/435\/revisions"}],"predecessor-version":[{"id":725,"href":"https:\/\/wm.pb.edu.pl\/iib\/wp-json\/wp\/v2\/pages\/435\/revisions\/725"}],"wp:attachment":[{"href":"https:\/\/wm.pb.edu.pl\/iib\/wp-json\/wp\/v2\/media?parent=435"}],"curies":[{"name":"wp","href":"https:\/\/api.w.org\/{rel}","templated":true}]}}