{"id":439,"date":"2022-02-24T08:05:14","date_gmt":"2022-02-24T07:05:14","guid":{"rendered":"https:\/\/wm.pb.edu.pl\/iib\/?page_id=439"},"modified":"2024-02-01T15:13:50","modified_gmt":"2024-02-01T14:13:50","slug":"staze-i-praktyki","status":"publish","type":"page","link":"https:\/\/wm.pb.edu.pl\/iib\/staze-i-praktyki\/","title":{"rendered":"Sta\u017ce i praktyki"},"content":{"rendered":"<p>Studenci kierunku In\u017cynieria Biomedyczna mog\u0105 odbywa\u0107 praktyki m.in. w poni\u017cszych plac\u00f3wkach:<\/p>\n<ul>\n<li>Pracownia Zaopatrzenia Ortopedycznego Skoliort, Bia\u0142ystok;<\/li>\n<li>IWET, Kleosin;<\/li>\n<li>Biameditek, Bia\u0142ystok;<\/li>\n<li>Centrum Ortopedyczno-Protetyczne, Bia\u0142ystok;<\/li>\n<li>Profraffing Mateusz Bryzgiel, Bia\u0142ystok;<\/li>\n<li>Medgal Sp. z o.o., Ksi\u0119\u017cyno;<\/li>\n<li>ChM Sp. z o. o., Lewickie (gmina Juchnowiec Ko\u015bcielny);<\/li>\n<li>Zak\u0142ad Naprawy Aparatury Medycznej ZAMED, Bia\u0142ystok;<\/li>\n<li>Pracownia Protetyczna Grabowska Katarzyna, Suchowola;<\/li>\n<li>Poradnia Lekarzy Specjalist\u00f3w Konsylium, Grab\u00f3wka;<\/li>\n<li>Warszawskie Zak\u0142ady Sprz\u0119tu Ortopedycznego, Warszawa;<\/li>\n<li>Balton sp. z o. o., Zambr\u00f3w;<\/li>\n<li>Centrum Weterynaryjne Bia\u0142a, Bia\u0142a Piska;<\/li>\n<li>EMSTE Emil Stefaniuk, Bia\u0142ystok;<\/li>\n<li>Wojew\u00f3dzki Szpital Zespolony im. J\u0119drzeja \u015aniadeckiego w Bia\u0142ymstoku &#8211; Oddzia\u0142 Chirurgii Og\u00f3lnej, Ma\u0142oinwazyjnej i Onkologicznej;<\/li>\n<\/ul>\n","protected":false},"excerpt":{"rendered":"<p>Studenci kierunku In\u017cynieria Biomedyczna mog\u0105 odbywa\u0107 praktyki m.in. w poni\u017cszych plac\u00f3wkach: Pracownia Zaopatrzenia Ortopedycznego Skoliort,<a class=\"read-more\" href=\"https:\/\/wm.pb.edu.pl\/iib\/staze-i-praktyki\/\" title=\"Poka\u017c artyku\u0142 Sta\u017ce i praktyki\">wi\u0119cej<\/a><\/p>\n","protected":false},"author":14,"featured_media":0,"parent":0,"menu_order":0,"comment_status":"closed","ping_status":"closed","template":"","meta":{"inline_featured_image":false,"ngg_post_thumbnail":0,"footnotes":""},"class_list":["post-439","page","type-page","status-publish","hentry"],"acf":[],"yoast_head":"<!-- This site is optimized with the Yoast SEO plugin v26.4 - https:\/\/yoast.com\/wordpress\/plugins\/seo\/ -->\n<title>Sta\u017ce i praktyki - Instytut In\u017cynierii Biomedycznej<\/title>\n<meta name=\"robots\" content=\"index, follow, max-snippet:-1, max-image-preview:large, max-video-preview:-1\" \/>\n<link rel=\"canonical\" href=\"https:\/\/wm.pb.edu.pl\/iib\/staze-i-praktyki\/\" \/>\n<meta property=\"og:locale\" content=\"pl_PL\" \/>\n<meta property=\"og:type\" content=\"article\" \/>\n<meta property=\"og:title\" content=\"Sta\u017ce i praktyki - Instytut In\u017cynierii Biomedycznej\" \/>\n<meta property=\"og:description\" content=\"Studenci kierunku In\u017cynieria Biomedyczna mog\u0105 odbywa\u0107 praktyki m.in. w poni\u017cszych plac\u00f3wkach: Pracownia Zaopatrzenia Ortopedycznego Skoliort,wi\u0119cej\" \/>\n<meta property=\"og:url\" content=\"https:\/\/wm.pb.edu.pl\/iib\/staze-i-praktyki\/\" \/>\n<meta property=\"og:site_name\" content=\"Instytut In\u017cynierii Biomedycznej\" \/>\n<meta property=\"article:modified_time\" content=\"2024-02-01T14:13:50+00:00\" \/>\n<meta name=\"twitter:card\" content=\"summary_large_image\" \/>\n<meta name=\"twitter:label1\" content=\"Szacowany czas czytania\" \/>\n\t<meta name=\"twitter:data1\" content=\"1 minuta\" \/>\n<script type=\"application\/ld+json\" class=\"yoast-schema-graph\">{\"@context\":\"https:\/\/schema.org\",\"@graph\":[{\"@type\":\"WebPage\",\"@id\":\"https:\/\/wm.pb.edu.pl\/iib\/staze-i-praktyki\/\",\"url\":\"https:\/\/wm.pb.edu.pl\/iib\/staze-i-praktyki\/\",\"name\":\"Sta\u017ce i praktyki - Instytut In\u017cynierii Biomedycznej\",\"isPartOf\":{\"@id\":\"https:\/\/wm.pb.edu.pl\/iib\/#website\"},\"datePublished\":\"2022-02-24T07:05:14+00:00\",\"dateModified\":\"2024-02-01T14:13:50+00:00\",\"breadcrumb\":{\"@id\":\"https:\/\/wm.pb.edu.pl\/iib\/staze-i-praktyki\/#breadcrumb\"},\"inLanguage\":\"pl-PL\",\"potentialAction\":[{\"@type\":\"ReadAction\",\"target\":[\"https:\/\/wm.pb.edu.pl\/iib\/staze-i-praktyki\/\"]}]},{\"@type\":\"BreadcrumbList\",\"@id\":\"https:\/\/wm.pb.edu.pl\/iib\/staze-i-praktyki\/#breadcrumb\",\"itemListElement\":[{\"@type\":\"ListItem\",\"position\":1,\"name\":\"Strona g\u0142\u00f3wna\",\"item\":\"https:\/\/wm.pb.edu.pl\/iib\/\"},{\"@type\":\"ListItem\",\"position\":2,\"name\":\"Sta\u017ce i praktyki\"}]},{\"@type\":\"WebSite\",\"@id\":\"https:\/\/wm.pb.edu.pl\/iib\/#website\",\"url\":\"https:\/\/wm.pb.edu.pl\/iib\/\",\"name\":\"Instytut In\u017cynierii Biomedycznej\",\"description\":\"\",\"potentialAction\":[{\"@type\":\"SearchAction\",\"target\":{\"@type\":\"EntryPoint\",\"urlTemplate\":\"https:\/\/wm.pb.edu.pl\/iib\/?s={search_term_string}\"},\"query-input\":{\"@type\":\"PropertyValueSpecification\",\"valueRequired\":true,\"valueName\":\"search_term_string\"}}],\"inLanguage\":\"pl-PL\"}]}<\/script>\n<!-- \/ Yoast SEO plugin. -->","yoast_head_json":{"title":"Sta\u017ce i praktyki - Instytut In\u017cynierii Biomedycznej","robots":{"index":"index","follow":"follow","max-snippet":"max-snippet:-1","max-image-preview":"max-image-preview:large","max-video-preview":"max-video-preview:-1"},"canonical":"https:\/\/wm.pb.edu.pl\/iib\/staze-i-praktyki\/","og_locale":"pl_PL","og_type":"article","og_title":"Sta\u017ce i praktyki - Instytut In\u017cynierii Biomedycznej","og_description":"Studenci kierunku In\u017cynieria Biomedyczna mog\u0105 odbywa\u0107 praktyki m.in. w poni\u017cszych plac\u00f3wkach: Pracownia Zaopatrzenia Ortopedycznego Skoliort,wi\u0119cej","og_url":"https:\/\/wm.pb.edu.pl\/iib\/staze-i-praktyki\/","og_site_name":"Instytut In\u017cynierii Biomedycznej","article_modified_time":"2024-02-01T14:13:50+00:00","twitter_card":"summary_large_image","twitter_misc":{"Szacowany czas czytania":"1 minuta"},"schema":{"@context":"https:\/\/schema.org","@graph":[{"@type":"WebPage","@id":"https:\/\/wm.pb.edu.pl\/iib\/staze-i-praktyki\/","url":"https:\/\/wm.pb.edu.pl\/iib\/staze-i-praktyki\/","name":"Sta\u017ce i praktyki - Instytut In\u017cynierii Biomedycznej","isPartOf":{"@id":"https:\/\/wm.pb.edu.pl\/iib\/#website"},"datePublished":"2022-02-24T07:05:14+00:00","dateModified":"2024-02-01T14:13:50+00:00","breadcrumb":{"@id":"https:\/\/wm.pb.edu.pl\/iib\/staze-i-praktyki\/#breadcrumb"},"inLanguage":"pl-PL","potentialAction":[{"@type":"ReadAction","target":["https:\/\/wm.pb.edu.pl\/iib\/staze-i-praktyki\/"]}]},{"@type":"BreadcrumbList","@id":"https:\/\/wm.pb.edu.pl\/iib\/staze-i-praktyki\/#breadcrumb","itemListElement":[{"@type":"ListItem","position":1,"name":"Strona g\u0142\u00f3wna","item":"https:\/\/wm.pb.edu.pl\/iib\/"},{"@type":"ListItem","position":2,"name":"Sta\u017ce i praktyki"}]},{"@type":"WebSite","@id":"https:\/\/wm.pb.edu.pl\/iib\/#website","url":"https:\/\/wm.pb.edu.pl\/iib\/","name":"Instytut In\u017cynierii Biomedycznej","description":"","potentialAction":[{"@type":"SearchAction","target":{"@type":"EntryPoint","urlTemplate":"https:\/\/wm.pb.edu.pl\/iib\/?s={search_term_string}"},"query-input":{"@type":"PropertyValueSpecification","valueRequired":true,"valueName":"search_term_string"}}],"inLanguage":"pl-PL"}]}},"_links":{"self":[{"href":"https:\/\/wm.pb.edu.pl\/iib\/wp-json\/wp\/v2\/pages\/439","targetHints":{"allow":["GET"]}}],"collection":[{"href":"https:\/\/wm.pb.edu.pl\/iib\/wp-json\/wp\/v2\/pages"}],"about":[{"href":"https:\/\/wm.pb.edu.pl\/iib\/wp-json\/wp\/v2\/types\/page"}],"author":[{"embeddable":true,"href":"https:\/\/wm.pb.edu.pl\/iib\/wp-json\/wp\/v2\/users\/14"}],"replies":[{"embeddable":true,"href":"https:\/\/wm.pb.edu.pl\/iib\/wp-json\/wp\/v2\/comments?post=439"}],"version-history":[{"count":5,"href":"https:\/\/wm.pb.edu.pl\/iib\/wp-json\/wp\/v2\/pages\/439\/revisions"}],"predecessor-version":[{"id":809,"href":"https:\/\/wm.pb.edu.pl\/iib\/wp-json\/wp\/v2\/pages\/439\/revisions\/809"}],"wp:attachment":[{"href":"https:\/\/wm.pb.edu.pl\/iib\/wp-json\/wp\/v2\/media?parent=439"}],"curies":[{"name":"wp","href":"https:\/\/api.w.org\/{rel}","templated":true}]}}