{"id":517,"date":"2022-02-27T22:14:16","date_gmt":"2022-02-27T21:14:16","guid":{"rendered":"https:\/\/wm.pb.edu.pl\/iib\/?page_id=517"},"modified":"2025-12-08T19:06:08","modified_gmt":"2025-12-08T18:06:08","slug":"pracownia-biomaterialow-ceramicznych","status":"publish","type":"page","link":"https:\/\/wm.pb.edu.pl\/iib\/infrastruktura-badawcza\/pracownia-biomaterialow-ceramicznych\/","title":{"rendered":"Pracownia Biomateria\u0142\u00f3w Ceramicznych"},"content":{"rendered":"<table width=\"100%\" border=\"1\" cellpadding=\"15\" cellspacing=\"0\" style=\"border-collapse: collapse;border-color: #cccccc\">\n<p>  <!-- Piec wysokotemperaturowy VP 02 LAC --><\/p>\n<tr>\n<td width=\"250\" align=\"center\" valign=\"top\" bgcolor=\"#f9f9f9\">\n      <img decoding=\"async\" src=\"https:\/\/wm.pb.edu.pl\/iib\/wp-content\/uploads\/sites\/7\/2022\/02\/piec-wysokotemperaturowy-300x225.png\" alt=\"Piec wysokotemperaturowy\" width=\"250\">\n    <\/td>\n<td valign=\"top\">\n<h3 style=\"color: #003366;margin-top: 0\">Piec wysokotemperaturowy VP 02 LAC<\/h3>\n<p><strong>Cechy:<\/strong><\/p>\n<ul>\n<li>sterownik INDUSTRY;<\/li>\n<li>obudowa ze stali nierdzewnej;<\/li>\n<li>elementy grzejne z MoSi\u2082;<\/li>\n<li>max. temp. 1600\u00b0C.<\/li>\n<\/ul>\n<p>Piec s\u0142u\u017cy do prowadzenia proces\u00f3w pra\u017cenia, spalania i obr\u00f3bki termicznej materia\u0142\u00f3w.<\/p>\n<\/td>\n<\/tr>\n<p>  <!-- Piec muflowy SNOL 8,2\/1100 --><\/p>\n<tr>\n<td width=\"250\" align=\"center\" valign=\"top\" bgcolor=\"#f9f9f9\">\n      <img decoding=\"async\" src=\"https:\/\/wm.pb.edu.pl\/iib\/wp-content\/uploads\/sites\/7\/2022\/02\/piec-muflowy-300x223.png\" alt=\"piec muflowy\" width=\"250\">\n    <\/td>\n<td valign=\"top\">\n<h3 style=\"color: #003366;margin-top: 0\">Piec muflowy SNOL 8,2\/1100<\/h3>\n<p><strong>Cechy:<\/strong><\/p>\n<ul>\n<li>jednocz\u0119\u015bciowa komora z w\u0142\u00f3knem ceramicznym o wysokiej sprawno\u015bci cieplnej;<\/li>\n<li>elementy grzejne po dw\u00f3ch stronach komory;<\/li>\n<li>prze\u0142\u0105cznik blokady drzwi;<\/li>\n<li>mikroprocesorowy regulator temperatury;<\/li>\n<li>ceramiczna p\u0142yta dolna;<\/li>\n<li>szybki czas nagrzewania ze wzgl\u0119du na ma\u0142\u0105 mas\u0119 termiczn\u0105.<\/li>\n<\/ul>\n<p>Uniwersalny piec laboratoryjny zaprojektowany do badania materia\u0142\u00f3w, obr\u00f3bki cieplnej o temperaturze do 1100 \u00b0C. U\u017cytkowa obj\u0119to\u015b\u0107 10 L.<\/p>\n<\/td>\n<\/tr>\n<p>  <!-- Maszyna wytrzyma\u0142o\u015bciowa Zwick\/Roell Z010 --><\/p>\n<tr>\n<td width=\"250\" align=\"center\" valign=\"top\" bgcolor=\"#f9f9f9\">\n      <img decoding=\"async\" src=\"https:\/\/wm.pb.edu.pl\/iib\/wp-content\/uploads\/sites\/7\/2022\/02\/Maszyna-wytrzymalosciowa-Zwick.Roell-Z010-300x225.png\" alt=\"Maszyna wytrzyma\u0142o\u015bciowa Zwick.Roell Z010\" width=\"250\">\n    <\/td>\n<td valign=\"top\">\n<h3 style=\"color: #003366;margin-top: 0\">Maszyna wytrzyma\u0142o\u015bciowa Zwick\/Roell Z010<\/h3>\n<p><strong>Cechy:<\/strong><\/p>\n<ul>\n<li>g\u0142owica pomiarowa si\u0142y Xforce, bazuj\u0105ca na zasadzie symetrii obrotowej lub symetrii osiowej;<\/li>\n<li>cz\u0119stotliwo\u015b\u0107 rejestracji danych elektroniki pomiarowo-steruj\u0105cej testControl wynosi 320 kHz;<\/li>\n<li>pr\u0119dko\u015b\u0107 badawcza od 0,001 do 2000 mm\/min;<\/li>\n<li>obci\u0105\u017cenie badawcze do 10 kN;<\/li>\n<li>programy badawcze testXpert\u00ae oraz testXpert.<\/li>\n<\/ul>\n<p>Uniwersalna maszyna wytrzyma\u0142o\u015bciowa umo\u017cliwiaj\u0105ca wykonanie bada\u0144 wytrzyma\u0142o\u015bciowych materia\u0142\u00f3w zar\u00f3wno statycznych, jak i cyklicznych.<\/p>\n<\/td>\n<\/tr>\n<p>  <!-- Piec do ceramiki dentystycznej Vita Vacumat 6000 MP --><\/p>\n<tr>\n<td width=\"250\" align=\"center\" valign=\"top\" bgcolor=\"#f9f9f9\">\n      <img decoding=\"async\" src=\"https:\/\/wm.pb.edu.pl\/iib\/wp-content\/uploads\/sites\/7\/2022\/02\/Piec-do-ceramiki-dentystycznej-Vita-Vacumat-6000-MP-300x225.png\" alt=\"Piec Vita Vacumat 6000 MP\" width=\"250\">\n    <\/td>\n<td valign=\"top\">\n<h3 style=\"color: #003366;margin-top: 0\">Piec do ceramiki dentystycznej Vita Vacumat 6000 MP<\/h3>\n<p><strong>Cechy:<\/strong><\/p>\n<ul>\n<li>kwarcowe spirale grzewcze;<\/li>\n<li>homogeniczny sta\u0142y transfer ciep\u0142a;<\/li>\n<li>nowoczesne oprogramowanie, zwi\u0119kszone bezpiecze\u0144stwo i komfort pracy;<\/li>\n<li>zintegrowany system zapami\u0119tywania parametr\u00f3w i przebiegu przeprowadzonych napala\u0144;<\/li>\n<li>automatyczna korekta temperatury przed ka\u017cdym startem programu;<\/li>\n<li>dok\u0142adno\u015b\u0107 pomiaru +\/- 1\u00b0C;<\/li>\n<li>system automatycznego rozpoznawania ilo\u015bci u\u017cytych pastylek;<\/li>\n<li>automatyczna funkcja osuszania;<\/li>\n<li>program samoczyszczenia si\u0119.<\/li>\n<\/ul>\n<p>Dwufunkcyjny piec VITA VACUMAT 6000 MP mo\u017ce by\u0107 stosowany do wszystkich, dost\u0119pnych obecnie na rynku, typ\u00f3w materia\u0142\u00f3w ceramicznych.<\/p>\n<\/td>\n<\/tr>\n<p>  <!-- Piec do ceramiki dentystycznej Vita Vacumat 300 --><\/p>\n<tr>\n<td width=\"250\" align=\"center\" valign=\"top\" bgcolor=\"#f9f9f9\">\n      <img decoding=\"async\" src=\"https:\/\/wm.pb.edu.pl\/iib\/wp-content\/uploads\/sites\/7\/2022\/02\/Piec-do-ceramiki-dentystycznej-Vita-Vacumat-300-248x300.png\" alt=\"Piec Vita Vacumat 300\" width=\"250\">\n    <\/td>\n<td valign=\"top\">\n<h3 style=\"color: #003366;margin-top: 0\">Piec do ceramiki dentystycznej Vita Vacumat 300<\/h3>\n<p><strong>Cechy:<\/strong><\/p>\n<ul>\n<li>trwa\u0142e, sprawdzone kwarcowe spirale zapewniaj\u0105 doskona\u0142y system grzania;<\/li>\n<li>homogeniczny sta\u0142y transfer ciep\u0142a;<\/li>\n<li>zintegrowany system zapami\u0119tywania parametr\u00f3w i przebiegu przeprowadzonych napala\u0144;<\/li>\n<li>dok\u0142adno\u015b\u0107 pomiaru +\/- 1\u00b0C;<\/li>\n<li>automatyczna funkcja osuszania;<\/li>\n<li>program samooczyszczenia.<\/li>\n<\/ul>\n<p>Piec VITA VACUMAT 300 mo\u017ce by\u0107 stosowany do wszystkich typ\u00f3w materia\u0142\u00f3w ceramicznych dost\u0119pnych na rynku.<\/p>\n<\/td>\n<\/tr>\n<\/table>\n","protected":false},"excerpt":{"rendered":"<p>Piec wysokotemperaturowy VP 02 LAC Cechy: sterownik INDUSTRY; obudowa ze stali nierdzewnej; elementy grzejne z<a class=\"read-more\" href=\"https:\/\/wm.pb.edu.pl\/iib\/infrastruktura-badawcza\/pracownia-biomaterialow-ceramicznych\/\" title=\"Poka\u017c artyku\u0142 Pracownia Biomateria\u0142\u00f3w Ceramicznych\">wi\u0119cej<\/a><\/p>\n","protected":false},"author":75,"featured_media":0,"parent":44,"menu_order":0,"comment_status":"closed","ping_status":"closed","template":"","meta":{"inline_featured_image":false,"ngg_post_thumbnail":0,"footnotes":""},"class_list":["post-517","page","type-page","status-publish","hentry"],"acf":[],"yoast_head":"<!-- This site is optimized with the Yoast SEO plugin v26.4 - https:\/\/yoast.com\/wordpress\/plugins\/seo\/ -->\n<title>Pracownia Biomateria\u0142\u00f3w Ceramicznych - Instytut In\u017cynierii Biomedycznej<\/title>\n<meta name=\"robots\" content=\"index, follow, max-snippet:-1, max-image-preview:large, max-video-preview:-1\" \/>\n<link rel=\"canonical\" href=\"https:\/\/wm.pb.edu.pl\/iib\/infrastruktura-badawcza\/pracownia-biomaterialow-ceramicznych\/\" \/>\n<meta property=\"og:locale\" content=\"pl_PL\" \/>\n<meta property=\"og:type\" content=\"article\" \/>\n<meta property=\"og:title\" content=\"Pracownia Biomateria\u0142\u00f3w Ceramicznych - Instytut In\u017cynierii Biomedycznej\" \/>\n<meta property=\"og:description\" content=\"Piec wysokotemperaturowy VP 02 LAC Cechy: sterownik INDUSTRY; obudowa ze stali nierdzewnej; elementy grzejne zwi\u0119cej\" \/>\n<meta property=\"og:url\" content=\"https:\/\/wm.pb.edu.pl\/iib\/infrastruktura-badawcza\/pracownia-biomaterialow-ceramicznych\/\" \/>\n<meta property=\"og:site_name\" content=\"Instytut In\u017cynierii Biomedycznej\" \/>\n<meta property=\"article:modified_time\" content=\"2025-12-08T18:06:08+00:00\" \/>\n<meta property=\"og:image\" content=\"https:\/\/wm.pb.edu.pl\/iib\/wp-content\/uploads\/sites\/7\/2022\/02\/piec-wysokotemperaturowy-300x225.png\" \/>\n<meta name=\"twitter:card\" content=\"summary_large_image\" \/>\n<meta name=\"twitter:label1\" content=\"Szacowany czas czytania\" \/>\n\t<meta name=\"twitter:data1\" content=\"3 minuty\" \/>\n<script type=\"application\/ld+json\" class=\"yoast-schema-graph\">{\"@context\":\"https:\/\/schema.org\",\"@graph\":[{\"@type\":\"WebPage\",\"@id\":\"https:\/\/wm.pb.edu.pl\/iib\/infrastruktura-badawcza\/pracownia-biomaterialow-ceramicznych\/\",\"url\":\"https:\/\/wm.pb.edu.pl\/iib\/infrastruktura-badawcza\/pracownia-biomaterialow-ceramicznych\/\",\"name\":\"Pracownia Biomateria\u0142\u00f3w Ceramicznych - Instytut In\u017cynierii Biomedycznej\",\"isPartOf\":{\"@id\":\"https:\/\/wm.pb.edu.pl\/iib\/#website\"},\"primaryImageOfPage\":{\"@id\":\"https:\/\/wm.pb.edu.pl\/iib\/infrastruktura-badawcza\/pracownia-biomaterialow-ceramicznych\/#primaryimage\"},\"image\":{\"@id\":\"https:\/\/wm.pb.edu.pl\/iib\/infrastruktura-badawcza\/pracownia-biomaterialow-ceramicznych\/#primaryimage\"},\"thumbnailUrl\":\"https:\/\/wm.pb.edu.pl\/iib\/wp-content\/uploads\/sites\/7\/2022\/02\/piec-wysokotemperaturowy-300x225.png\",\"datePublished\":\"2022-02-27T21:14:16+00:00\",\"dateModified\":\"2025-12-08T18:06:08+00:00\",\"breadcrumb\":{\"@id\":\"https:\/\/wm.pb.edu.pl\/iib\/infrastruktura-badawcza\/pracownia-biomaterialow-ceramicznych\/#breadcrumb\"},\"inLanguage\":\"pl-PL\",\"potentialAction\":[{\"@type\":\"ReadAction\",\"target\":[\"https:\/\/wm.pb.edu.pl\/iib\/infrastruktura-badawcza\/pracownia-biomaterialow-ceramicznych\/\"]}]},{\"@type\":\"ImageObject\",\"inLanguage\":\"pl-PL\",\"@id\":\"https:\/\/wm.pb.edu.pl\/iib\/infrastruktura-badawcza\/pracownia-biomaterialow-ceramicznych\/#primaryimage\",\"url\":\"https:\/\/wm.pb.edu.pl\/iib\/wp-content\/uploads\/sites\/7\/2022\/02\/piec-wysokotemperaturowy.png\",\"contentUrl\":\"https:\/\/wm.pb.edu.pl\/iib\/wp-content\/uploads\/sites\/7\/2022\/02\/piec-wysokotemperaturowy.png\",\"width\":346,\"height\":259,\"caption\":\"Piec wysokotemperaturowy\"},{\"@type\":\"BreadcrumbList\",\"@id\":\"https:\/\/wm.pb.edu.pl\/iib\/infrastruktura-badawcza\/pracownia-biomaterialow-ceramicznych\/#breadcrumb\",\"itemListElement\":[{\"@type\":\"ListItem\",\"position\":1,\"name\":\"Strona g\u0142\u00f3wna\",\"item\":\"https:\/\/wm.pb.edu.pl\/iib\/\"},{\"@type\":\"ListItem\",\"position\":2,\"name\":\"Infrastruktura badawcza\",\"item\":\"https:\/\/wm.pb.edu.pl\/iib\/infrastruktura-badawcza\/\"},{\"@type\":\"ListItem\",\"position\":3,\"name\":\"Pracownia Biomateria\u0142\u00f3w Ceramicznych\"}]},{\"@type\":\"WebSite\",\"@id\":\"https:\/\/wm.pb.edu.pl\/iib\/#website\",\"url\":\"https:\/\/wm.pb.edu.pl\/iib\/\",\"name\":\"Instytut In\u017cynierii Biomedycznej\",\"description\":\"\",\"potentialAction\":[{\"@type\":\"SearchAction\",\"target\":{\"@type\":\"EntryPoint\",\"urlTemplate\":\"https:\/\/wm.pb.edu.pl\/iib\/?s={search_term_string}\"},\"query-input\":{\"@type\":\"PropertyValueSpecification\",\"valueRequired\":true,\"valueName\":\"search_term_string\"}}],\"inLanguage\":\"pl-PL\"}]}<\/script>\n<!-- \/ Yoast SEO plugin. -->","yoast_head_json":{"title":"Pracownia Biomateria\u0142\u00f3w Ceramicznych - Instytut In\u017cynierii Biomedycznej","robots":{"index":"index","follow":"follow","max-snippet":"max-snippet:-1","max-image-preview":"max-image-preview:large","max-video-preview":"max-video-preview:-1"},"canonical":"https:\/\/wm.pb.edu.pl\/iib\/infrastruktura-badawcza\/pracownia-biomaterialow-ceramicznych\/","og_locale":"pl_PL","og_type":"article","og_title":"Pracownia Biomateria\u0142\u00f3w Ceramicznych - Instytut In\u017cynierii Biomedycznej","og_description":"Piec wysokotemperaturowy VP 02 LAC Cechy: sterownik INDUSTRY; obudowa ze stali nierdzewnej; elementy grzejne zwi\u0119cej","og_url":"https:\/\/wm.pb.edu.pl\/iib\/infrastruktura-badawcza\/pracownia-biomaterialow-ceramicznych\/","og_site_name":"Instytut In\u017cynierii Biomedycznej","article_modified_time":"2025-12-08T18:06:08+00:00","og_image":[{"url":"https:\/\/wm.pb.edu.pl\/iib\/wp-content\/uploads\/sites\/7\/2022\/02\/piec-wysokotemperaturowy-300x225.png","type":"","width":"","height":""}],"twitter_card":"summary_large_image","twitter_misc":{"Szacowany czas czytania":"3 minuty"},"schema":{"@context":"https:\/\/schema.org","@graph":[{"@type":"WebPage","@id":"https:\/\/wm.pb.edu.pl\/iib\/infrastruktura-badawcza\/pracownia-biomaterialow-ceramicznych\/","url":"https:\/\/wm.pb.edu.pl\/iib\/infrastruktura-badawcza\/pracownia-biomaterialow-ceramicznych\/","name":"Pracownia Biomateria\u0142\u00f3w Ceramicznych - Instytut In\u017cynierii Biomedycznej","isPartOf":{"@id":"https:\/\/wm.pb.edu.pl\/iib\/#website"},"primaryImageOfPage":{"@id":"https:\/\/wm.pb.edu.pl\/iib\/infrastruktura-badawcza\/pracownia-biomaterialow-ceramicznych\/#primaryimage"},"image":{"@id":"https:\/\/wm.pb.edu.pl\/iib\/infrastruktura-badawcza\/pracownia-biomaterialow-ceramicznych\/#primaryimage"},"thumbnailUrl":"https:\/\/wm.pb.edu.pl\/iib\/wp-content\/uploads\/sites\/7\/2022\/02\/piec-wysokotemperaturowy-300x225.png","datePublished":"2022-02-27T21:14:16+00:00","dateModified":"2025-12-08T18:06:08+00:00","breadcrumb":{"@id":"https:\/\/wm.pb.edu.pl\/iib\/infrastruktura-badawcza\/pracownia-biomaterialow-ceramicznych\/#breadcrumb"},"inLanguage":"pl-PL","potentialAction":[{"@type":"ReadAction","target":["https:\/\/wm.pb.edu.pl\/iib\/infrastruktura-badawcza\/pracownia-biomaterialow-ceramicznych\/"]}]},{"@type":"ImageObject","inLanguage":"pl-PL","@id":"https:\/\/wm.pb.edu.pl\/iib\/infrastruktura-badawcza\/pracownia-biomaterialow-ceramicznych\/#primaryimage","url":"https:\/\/wm.pb.edu.pl\/iib\/wp-content\/uploads\/sites\/7\/2022\/02\/piec-wysokotemperaturowy.png","contentUrl":"https:\/\/wm.pb.edu.pl\/iib\/wp-content\/uploads\/sites\/7\/2022\/02\/piec-wysokotemperaturowy.png","width":346,"height":259,"caption":"Piec wysokotemperaturowy"},{"@type":"BreadcrumbList","@id":"https:\/\/wm.pb.edu.pl\/iib\/infrastruktura-badawcza\/pracownia-biomaterialow-ceramicznych\/#breadcrumb","itemListElement":[{"@type":"ListItem","position":1,"name":"Strona g\u0142\u00f3wna","item":"https:\/\/wm.pb.edu.pl\/iib\/"},{"@type":"ListItem","position":2,"name":"Infrastruktura badawcza","item":"https:\/\/wm.pb.edu.pl\/iib\/infrastruktura-badawcza\/"},{"@type":"ListItem","position":3,"name":"Pracownia Biomateria\u0142\u00f3w Ceramicznych"}]},{"@type":"WebSite","@id":"https:\/\/wm.pb.edu.pl\/iib\/#website","url":"https:\/\/wm.pb.edu.pl\/iib\/","name":"Instytut In\u017cynierii Biomedycznej","description":"","potentialAction":[{"@type":"SearchAction","target":{"@type":"EntryPoint","urlTemplate":"https:\/\/wm.pb.edu.pl\/iib\/?s={search_term_string}"},"query-input":{"@type":"PropertyValueSpecification","valueRequired":true,"valueName":"search_term_string"}}],"inLanguage":"pl-PL"}]}},"_links":{"self":[{"href":"https:\/\/wm.pb.edu.pl\/iib\/wp-json\/wp\/v2\/pages\/517","targetHints":{"allow":["GET"]}}],"collection":[{"href":"https:\/\/wm.pb.edu.pl\/iib\/wp-json\/wp\/v2\/pages"}],"about":[{"href":"https:\/\/wm.pb.edu.pl\/iib\/wp-json\/wp\/v2\/types\/page"}],"author":[{"embeddable":true,"href":"https:\/\/wm.pb.edu.pl\/iib\/wp-json\/wp\/v2\/users\/75"}],"replies":[{"embeddable":true,"href":"https:\/\/wm.pb.edu.pl\/iib\/wp-json\/wp\/v2\/comments?post=517"}],"version-history":[{"count":22,"href":"https:\/\/wm.pb.edu.pl\/iib\/wp-json\/wp\/v2\/pages\/517\/revisions"}],"predecessor-version":[{"id":1018,"href":"https:\/\/wm.pb.edu.pl\/iib\/wp-json\/wp\/v2\/pages\/517\/revisions\/1018"}],"up":[{"embeddable":true,"href":"https:\/\/wm.pb.edu.pl\/iib\/wp-json\/wp\/v2\/pages\/44"}],"wp:attachment":[{"href":"https:\/\/wm.pb.edu.pl\/iib\/wp-json\/wp\/v2\/media?parent=517"}],"curies":[{"name":"wp","href":"https:\/\/api.w.org\/{rel}","templated":true}]}}